{"id":127943,"date":"2023-10-13T12:06:37","date_gmt":"2023-10-13T10:06:37","guid":{"rendered":"https:\/\/thetreecbd.com\/cbd\/pack-pax-3-vapoteuse-cbd-12g-cbd"},"modified":"2025-07-04T17:01:57","modified_gmt":"2025-07-04T15:01:57","slug":"packs-cbd-pax-plus","status":"publish","type":"product","link":"https:\/\/thetreecbd.com\/fr\/cbd\/packs-cbd-pax-plus","title":{"rendered":"Pack Pax Plus: Vapoteuse CBD + 12g. CBD"},"content":{"rendered":"<hr \/>\n<p>&nbsp;<\/p>\n<h2>Franc\u00e9s<\/h2>\n<p>&nbsp;<\/p>\n<p>Le <b>Pack PAX PLUS CBD<\/b> est d\u00e9sormais disponible chez The Tree CBD. Pour que vous puissiez en profiter, le PAX 3 est livr\u00e9 avec <b>deux sachets de fleurs de CBD en cadeau<\/b>. Les sachets inclus dans le pack seront un <b>sachet de 2g de Zkittlez<\/b> et un <b>sachet de 10g de petites t\u00eates de Green Cure<\/b>, vous aurez ainsi tout ce qu&#8217;il faut pour profiter du PAX PLUS CBD.<\/p>\n<p>&nbsp;<\/p>\n<h3>PACK PAX PLUS disponible en 4 couleurs :<\/h3>\n<p>&nbsp;<\/p>\n<ul>\n<li><b>Onyx<\/b> (1 sachet de 2 grammes de Zkittlez + 1 sachet de 10 grammes de petites t\u00eates de Green Cure)<\/li>\n<li><b>Sage<\/b> (1 sachet de 2 grammes de Zkittlez + 1 sachet de 10 grammes de petites t\u00eates de Green Cure)<\/li>\n<li><b>Eldeberry<\/b> (1 sachet de 2 grammes de Zkittlez + 1 sachet de 10 grammes de petites t\u00eates de Green Cure)<\/li>\n<li><b>Periwinkle<\/b> (1 sachet de 2 grammes de Zkittlez + 1 sachet de 10 grammes de petites t\u00eates de Green Cure)<\/li>\n<\/ul>\n<p>Ce vaporisateur compact a un design des plus \u00e9l\u00e9gants et jolis, tout en \u00e9tant tr\u00e8s compact et efficace. Il peut \u00eatre transport\u00e9 dans un sac \u00e0 main ou un sac \u00e0 dos sans attirer l&#8217;attention gr\u00e2ce \u00e0 sa finition en aluminium anodis\u00e9 poli.<\/p>\n<p>&nbsp;<\/p>\n<h3>Modes d&#8217;exp\u00e9rience du PACK PAX PLUS<\/h3>\n<p>&nbsp;<\/p>\n<ul>\n<li><b>STEALTH<\/b> &#8211; Profils de temp\u00e9rature : 175\u00b0C &#8211; 180\u00b0C. Vous passerez inaper\u00e7u dans ce mode avec une saveur incroyable et une discr\u00e9tion maximale. Minimise la vapeur visible, att\u00e9nue les LED et les r\u00e9glages de vibration pour une discr\u00e9tion maximale. R\u00e9duit les nuages de vapeur et l&#8217;odeur pour une exp\u00e9rience plus savoureuse.<\/li>\n<li><b>EFFICIENCY<\/b> &#8211; Profils de temp\u00e9rature : 180\u00b0C &#8211; 215\u00b0C. Tirez le meilleur parti de votre plante. D\u00e9couvrez la sensation PAX sans gaspiller une goutte. Augmente progressivement la temp\u00e9rature au fil du temps pour tirer le meilleur parti de votre session sans gaspiller une goutte. Extrait la derni\u00e8re goutte sans avoir \u00e0 ajuster manuellement votre PAX.<\/li>\n<li><b>FLAVOUR<\/b> \u2013 Plage de temp\u00e9rature 190\u00b0C &#8211; 205\u00b0C. Saveur d\u00e9licieuse tout au long de votre session avec ces profils de temp\u00e9rature de moyenne gamme qui s&#8217;adaptent tout au long de votre session. Obtenez la plus grande quantit\u00e9 de cannabino\u00efdes de la plante. Ce mode \u00e9quilibre les cycles de chaleur pour extraire les cannabino\u00efdes et les terp\u00e8nes de mani\u00e8re uniforme en m\u00eame temps.<\/li>\n<li><b>BOOST<\/b> &#8211; Plage de temp\u00e9rature 215\u00b0C &#8211; 220\u00b0C. Pour les concentr\u00e9s ou lorsque vous avez besoin d&#8217;un coup de pouce imm\u00e9diat, votre PAX est pr\u00eat. Maintient la temp\u00e9rature en mode pr\u00eat plus longtemps, gardant tout chaud et pr\u00eat (contrairement aux autres modes qui refroidissent plus rapidement). Des nuages de vapeur plus grands et de grandes bouff\u00e9es \u00e0 chaque fois.<\/li>\n<\/ul>\n<p>Contrairement au PAX MINI, le PAX PLUS inclut un accessoire avec lequel on peut vaporiser des concentr\u00e9s, obtenant des nuages de vapeur denses et savoureux comme ceux que l&#8217;on obtient en vaporisant les fleurs de cannabis. Cet accessoire se trouve dans le couvercle du bol, et fonctionne comme un clou \u00e9lectronique, profitant de la chaleur g\u00e9n\u00e9r\u00e9e par l&#8217;appareil.<\/p>\n<p>Son autonomie est d&#8217;environ 2,5h, et il se recharge par USB, en utilisant un dock. 4 lumi\u00e8res LED en forme de croix nous indiqueront la temp\u00e9rature s\u00e9lectionn\u00e9e, le niveau de charge et si l&#8217;appareil chauffe ou est pr\u00eat, avec un code couleur. Lors de la charge, une branche s&#8217;allumera pour 25%, deux pour 50%, 3 pour 75% et les 4 pour 100%. Il indiquera \u00e9galement que l&#8217;appareil est en train de chauffer en allumant deux branches de couleur lilas, qui deviendront toutes les 4 vertes une fois pr\u00eat. En utilisant le bouton d&#8217;allumage, nous pourrons d\u00e9finir la temp\u00e9rature entre 4 positions, selon nos pr\u00e9f\u00e9rences, en comptant \u00e9galement avec un mode de chauffage pour la r\u00e9sine. Le fonctionnement de ce vaporisateur de cannabis est tr\u00e8s simple : il suffit de remplir le bol d&#8217;herbe hach\u00e9e ou de r\u00e9sine, l&#8217;allumer en appuyant sur le bouton sup\u00e9rieur, attendre 15 secondes pour qu&#8217;il chauffe et c&#8217;est tout, vous pourrez inhaler. Il est fabriqu\u00e9 avec des mat\u00e9riaux de qualit\u00e9 alimentaire et b\u00e9n\u00e9ficie d&#8217;une garantie de 10 ans du fabricant, ce qui atteste de son \u00e9norme qualit\u00e9. De plus, il dispose d&#8217;une r\u00e9ponse par vibration et d&#8217;acc\u00e9l\u00e9rom\u00e8tres pour plus de confort et d&#8217;\u00e9conomie d&#8217;\u00e9nergie. En nouveaut\u00e9 suppl\u00e9mentaire, il dispose d&#8217;une connectivit\u00e9 Bluetooth, permettant de contr\u00f4ler depuis votre t\u00e9l\u00e9phone la temp\u00e9rature de l&#8217;appareil, le niveau de batterie et d&#8217;autres options.<\/p>\n<p>&nbsp;<\/p>\n<h3>Caract\u00e9ristiques du Pack PAX PLUS CBD<\/h3>\n<p>&nbsp;<\/p>\n<ul>\n<li>Vaporisateur portable compatible avec l&#8217;herbe et les concentr\u00e9s<\/li>\n<li>1 sachet de 2 grammes de Zkittlez + 1 sachet de 10 grammes de petites t\u00eates de Green Cure<\/li>\n<li><b>Grille 3D :<\/b> pour une extraction et un nettoyage faciles (NOUVEAU)<\/li>\n<li><b>Couvercle de chambre de chauffe standard :<\/b> pour une capacit\u00e9 totale (0,5g)<\/li>\n<li><b>Embout buccal plat :<\/b> pour plus de discr\u00e9tion.<\/li>\n<li><b>Embout buccal sur\u00e9lev\u00e9 :<\/b> pour plus de confort.<\/li>\n<li><b>C\u00e2ble de charge :<\/b> pour une charge facile avec accessoire magn\u00e9tique.<\/li>\n<li><b>Brosse m\u00e9tallique :<\/b> pour nettoyer l&#8217;appareil.<\/li>\n<\/ul>\n<p>&nbsp;<\/p>\n<h3>Composants du pack PAX PLUS CBD<\/h3>\n<p>&nbsp;<\/p>\n<ul>\n<li><b>Sachets de fleurs :<\/b> 1 sachet de 2 grammes de Zkittlez + 1 sachet de 10 grammes de petites t\u00eates de Green Cure<\/li>\n<li><b>Kit complet Pax PLUS avec :<\/b> Pax PLUS avec 4 temp\u00e9ratures s\u00e9lectionnables, accessoire pour concentr\u00e9s, 2 embouts buccaux, 2 couvercles de four, couvercle pour concentr\u00e9s, multi-outil, kit d&#8217;entretien, c\u00e2ble de charge et 3 grilles 3D.<\/li>\n<\/ul>\n<p>&nbsp;<\/p>\n<h3>Utilisateur cibl\u00e9<\/h3>\n<p>&nbsp;<\/p>\n<p>Ce pack de The Tree CBD est id\u00e9al pour tous ceux qui veulent \u00e9viter l&#8217;inhalation de substances nocives pour notre sant\u00e9 et nous permet de profiter de ses propri\u00e9t\u00e9s m\u00e9dicinales.<\/p>\n<p>Il apporte \u00e9galement un degr\u00e9 de propret\u00e9, car ce vaporisateur g\u00e9n\u00e8re de la vapeur et non de la fum\u00e9e, ce qui rend l&#8217;ar\u00f4me de la plante beaucoup plus propre et laisse une odeur moins invasive que la fum\u00e9e de combustion.<\/p>\n<hr \/>\n<p>&nbsp;<\/p>\n<h3>Informations de s\u00e9curit\u00e9<\/h3>\n<p>&nbsp;<\/p>\n<p>PAX PLUS est livr\u00e9 avec une <b>garantie limit\u00e9e d&#8217;un an \u00e0 compter de la date d&#8217;achat au d\u00e9tail par l&#8217;acheteur original<\/b>.<\/p>\n<p>PAX Labs garantit PAX PLUS uniquement contre les dommages caus\u00e9s par les PAX Era Pods et les d\u00e9fauts de mat\u00e9riaux et de fabrication dans des conditions d&#8217;utilisation normale, que ce soit \u00e0 domicile, pendant 1 an \u00e0 compter de la date d&#8217;achat au d\u00e9tail de PAX ou de d\u00e9taillants PAX autoris\u00e9s par l&#8217;acheteur original (la \u00ab Garantie limit\u00e9e \u00bb). Cette Garantie limit\u00e9e n&#8217;est PAS transf\u00e9rable aux acheteurs ult\u00e9rieurs. La garantie ne s&#8217;applique pas si vous achetez aupr\u00e8s d&#8217;un revendeur non autoris\u00e9 ou d&#8217;un revendeur tiers, tel qu&#8217;eBay ou Craigslist.<\/p>\n<hr \/>\n<p>&nbsp;<\/p>\n<h3>Stockage<\/h3>\n<p>&nbsp;<\/p>\n<p>Le stockage et le nettoyage de votre PAX PLUS sont importants pour son fonctionnement quotidien.<\/p>\n<p>Si votre PAX PLUS est sale, vous remarquerez un gargouillement, <span class=\"citation-8 citation-end-8\">ou vous pourriez rencontrer des difficult\u00e9s lors de l&#8217;aspiration, si la couleur de la chambre peut \u00e9galement commencer \u00e0 s&#8217;assombrir, ce qui sugg\u00e8re \u00e9galement une accumulation de r\u00e9sine.<\/span><\/p>\n<div class=\"source-inline-chip-container ng-star-inserted\"><\/div>\n<p><span class=\"citation-7 citation-end-7\">Si vous rencontrez ces situations, vous <\/span>devriez absolument nettoyer votre vaporisateur PAX PLUS. En fait, le nettoyage du PAX PLUS doit faire partie int\u00e9grante de votre routine de vapotage pour \u00e9viter tous ces probl\u00e8mes en premier lieu.<\/p>\n","protected":false},"excerpt":{"rendered":"<h3>Caract\u00e9ristiques du Pack PAX PLUS CBD<\/h3>\n<p>&nbsp;<\/p>\n<ul>\n<li>Vaporisateur portable compatible avec l&#8217;herbe et les concentr\u00e9s<\/li>\n<li>1 sachet de 2 grammes de Zkittlez + 1 sachet de 10 grammes de petites t\u00eates de Green Cure<\/li>\n<li><b>Grille 3D :<\/b> pour une extraction et un nettoyage faciles (NOUVEAU)<\/li>\n<li><b>Couvercle de chambre de chauffe standard :<\/b> pour une capacit\u00e9 totale (0,5g)<\/li>\n<li><b>Embout buccal plat :<\/b> pour plus de discr\u00e9tion.<\/li>\n<li><b>Embout buccal sur\u00e9lev\u00e9 :<\/b> pour plus de confort.<\/li>\n<li><b>C\u00e2ble de charge :<\/b> pour une charge facile avec accessoire magn\u00e9tique.<\/li>\n<li><b>Brosse m\u00e9tallique :<\/b> pour nettoyer l&#8217;appareil.<\/li>\n<\/ul>\n","protected":false},"featured_media":135069,"template":"","meta":{"_acf_changed":false},"product_brand":[],"class_list":{"0":"post-127943","1":"product","2":"type-product","3":"status-publish","4":"has-post-thumbnail","6":"product_cat-packs-cbd","7":"product_cat-vaporisateurs-fleurs-cbd","8":"product_cat-vapoteuse-cbd","10":"first","11":"outofstock","12":"taxable","13":"shipping-taxable","14":"purchasable","15":"product-type-variable","16":"has-default-attributes"},"acf":[],"yoast_head":"<!-- This site is optimized with the Yoast SEO plugin v26.3 - https:\/\/yoast.com\/wordpress\/plugins\/seo\/ -->\n<title>Pack Pax Plus: Vapoteuse CBD + 12g. CBD | The Tree CBD<\/title>\n<meta name=\"description\" content=\"Pack PAX PLUS CBD : Kit vaporisateur CBD complet + sachet de 2 gr. de Zkittlez + sachet de 10 grammes de petits bourgeons Green Cure. L\u00e9gal dans toute l\u2019Europe.\" \/>\n<meta name=\"robots\" content=\"index, follow, max-snippet:-1, max-image-preview:large, max-video-preview:-1\" \/>\n<link rel=\"canonical\" href=\"https:\/\/thetreecbd.com\/fr\/cbd\/packs-cbd-pax-plus\" \/>\n<meta property=\"og:locale\" content=\"fr_FR\" \/>\n<meta property=\"og:type\" content=\"article\" \/>\n<meta property=\"og:title\" content=\"Pack Pax Plus: Vapoteuse CBD + 12g. CBD | The Tree CBD\" \/>\n<meta property=\"og:description\" content=\"Pack PAX PLUS CBD : Kit vaporisateur CBD complet + sachet de 2 gr. de Zkittlez + sachet de 10 grammes de petits bourgeons Green Cure. L\u00e9gal dans toute l\u2019Europe.\" \/>\n<meta property=\"og:url\" content=\"https:\/\/thetreecbd.com\/fr\/cbd\/packs-cbd-pax-plus\" \/>\n<meta property=\"og:site_name\" content=\"The Tree CBD\" \/>\n<meta property=\"article:publisher\" content=\"https:\/\/www.facebook.com\/thetreeCBD\/\" \/>\n<meta property=\"article:modified_time\" content=\"2025-07-04T15:01:57+00:00\" \/>\n<meta property=\"og:image\" content=\"https:\/\/thetreecbd.com\/wp-content\/uploads\/2023\/11\/pax-pack-plus.png\" \/>\n\t<meta property=\"og:image:width\" content=\"600\" \/>\n\t<meta property=\"og:image:height\" content=\"720\" \/>\n\t<meta property=\"og:image:type\" content=\"image\/png\" \/>\n<meta name=\"twitter:card\" content=\"summary_large_image\" \/>\n<meta name=\"twitter:site\" content=\"@TheTreeCBD_EU\" \/>\n<meta name=\"twitter:label1\" content=\"Dur\u00e9e de lecture estim\u00e9e\" \/>\n\t<meta name=\"twitter:data1\" content=\"6 minutes\" \/>\n<script type=\"application\/ld+json\" class=\"yoast-schema-graph\">{\"@context\":\"https:\/\/schema.org\",\"@graph\":[{\"@type\":[\"WebPage\",\"ItemPage\"],\"@id\":\"https:\/\/thetreecbd.com\/fr\/cbd\/packs-cbd-pax-plus\",\"url\":\"https:\/\/thetreecbd.com\/fr\/cbd\/packs-cbd-pax-plus\",\"name\":\"Pack Pax Plus: Vapoteuse CBD + 12g. CBD | The Tree CBD\",\"isPartOf\":{\"@id\":\"https:\/\/thetreecbd.com\/fr#website\"},\"primaryImageOfPage\":{\"@id\":\"https:\/\/thetreecbd.com\/fr\/cbd\/packs-cbd-pax-plus#primaryimage\"},\"image\":{\"@id\":\"https:\/\/thetreecbd.com\/fr\/cbd\/packs-cbd-pax-plus#primaryimage\"},\"thumbnailUrl\":\"https:\/\/thetreecbd.com\/wp-content\/uploads\/2023\/11\/pax-pack-plus.png\",\"datePublished\":\"2023-10-13T10:06:37+00:00\",\"dateModified\":\"2025-07-04T15:01:57+00:00\",\"description\":\"Pack PAX PLUS CBD : Kit vaporisateur CBD complet + sachet de 2 gr. de Zkittlez + sachet de 10 grammes de petits bourgeons Green Cure. L\u00e9gal dans toute l\u2019Europe.\",\"breadcrumb\":{\"@id\":\"https:\/\/thetreecbd.com\/fr\/cbd\/packs-cbd-pax-plus#breadcrumb\"},\"inLanguage\":\"fr-FR\",\"potentialAction\":[{\"@type\":\"ReadAction\",\"target\":[\"https:\/\/thetreecbd.com\/fr\/cbd\/packs-cbd-pax-plus\"]}]},{\"@type\":\"ImageObject\",\"inLanguage\":\"fr-FR\",\"@id\":\"https:\/\/thetreecbd.com\/fr\/cbd\/packs-cbd-pax-plus#primaryimage\",\"url\":\"https:\/\/thetreecbd.com\/wp-content\/uploads\/2023\/11\/pax-pack-plus.png\",\"contentUrl\":\"https:\/\/thetreecbd.com\/wp-content\/uploads\/2023\/11\/pax-pack-plus.png\",\"width\":600,\"height\":720,\"caption\":\"pax-pack-plus\"},{\"@type\":\"BreadcrumbList\",\"@id\":\"https:\/\/thetreecbd.com\/fr\/cbd\/packs-cbd-pax-plus#breadcrumb\",\"itemListElement\":[{\"@type\":\"ListItem\",\"position\":1,\"name\":\"The Tree\",\"item\":\"https:\/\/thetreecbd.com\/fr\"},{\"@type\":\"ListItem\",\"position\":2,\"name\":\"CBD\",\"item\":\"https:\/\/thetreecbd.com\/es\/cbd\"},{\"@type\":\"ListItem\",\"position\":3,\"name\":\"Vapoteuse de CBD\",\"item\":\"https:\/\/thetreecbd.com\/fr\/vapoteuse-cbd\"},{\"@type\":\"ListItem\",\"position\":4,\"name\":\"Pack Pax Plus: Vapoteuse CBD + 12g. CBD\"}]},{\"@type\":\"WebSite\",\"@id\":\"https:\/\/thetreecbd.com\/fr#website\",\"url\":\"https:\/\/thetreecbd.com\/fr\",\"name\":\"The Tree CBD\",\"description\":\"Comprar CBD en Espa\u00f1a Online\",\"publisher\":{\"@id\":\"https:\/\/thetreecbd.com\/fr#organization\"},\"potentialAction\":[{\"@type\":\"SearchAction\",\"target\":{\"@type\":\"EntryPoint\",\"urlTemplate\":\"https:\/\/thetreecbd.com\/fr?s={search_term_string}\"},\"query-input\":{\"@type\":\"PropertyValueSpecification\",\"valueRequired\":true,\"valueName\":\"search_term_string\"}}],\"inLanguage\":\"fr-FR\"},{\"@type\":\"Organization\",\"@id\":\"https:\/\/thetreecbd.com\/fr#organization\",\"name\":\"The Tree CBD\",\"url\":\"https:\/\/thetreecbd.com\/fr\",\"logo\":{\"@type\":\"ImageObject\",\"inLanguage\":\"fr-FR\",\"@id\":\"https:\/\/thetreecbd.com\/fr#\/schema\/logo\/image\/\",\"url\":\"https:\/\/thetreecbd.com\/wp-content\/uploads\/2022\/04\/logo-thetree.png\",\"contentUrl\":\"https:\/\/thetreecbd.com\/wp-content\/uploads\/2022\/04\/logo-thetree.png\",\"width\":172,\"height\":55,\"caption\":\"The Tree CBD\"},\"image\":{\"@id\":\"https:\/\/thetreecbd.com\/fr#\/schema\/logo\/image\/\"},\"sameAs\":[\"https:\/\/www.facebook.com\/thetreeCBD\/\",\"https:\/\/x.com\/TheTreeCBD_EU\",\"https:\/\/www.instagram.com\/thetree.cbd\/\",\"https:\/\/es.trustpilot.com\/review\/thetreecbd.com\"]}]}<\/script>\n<!-- \/ Yoast SEO plugin. -->","yoast_head_json":{"title":"Pack Pax Plus: Vapoteuse CBD + 12g. CBD | The Tree CBD","description":"Pack PAX PLUS CBD : Kit vaporisateur CBD complet + sachet de 2 gr. de Zkittlez + sachet de 10 grammes de petits bourgeons Green Cure. L\u00e9gal dans toute l\u2019Europe.","robots":{"index":"index","follow":"follow","max-snippet":"max-snippet:-1","max-image-preview":"max-image-preview:large","max-video-preview":"max-video-preview:-1"},"canonical":"https:\/\/thetreecbd.com\/fr\/cbd\/packs-cbd-pax-plus","og_locale":"fr_FR","og_type":"article","og_title":"Pack Pax Plus: Vapoteuse CBD + 12g. CBD | The Tree CBD","og_description":"Pack PAX PLUS CBD : Kit vaporisateur CBD complet + sachet de 2 gr. de Zkittlez + sachet de 10 grammes de petits bourgeons Green Cure. L\u00e9gal dans toute l\u2019Europe.","og_url":"https:\/\/thetreecbd.com\/fr\/cbd\/packs-cbd-pax-plus","og_site_name":"The Tree CBD","article_publisher":"https:\/\/www.facebook.com\/thetreeCBD\/","article_modified_time":"2025-07-04T15:01:57+00:00","og_image":[{"width":600,"height":720,"url":"https:\/\/thetreecbd.com\/wp-content\/uploads\/2023\/11\/pax-pack-plus.png","type":"image\/png"}],"twitter_card":"summary_large_image","twitter_site":"@TheTreeCBD_EU","twitter_misc":{"Dur\u00e9e de lecture estim\u00e9e":"6 minutes"},"schema":{"@context":"https:\/\/schema.org","@graph":[{"@type":["WebPage","ItemPage"],"@id":"https:\/\/thetreecbd.com\/fr\/cbd\/packs-cbd-pax-plus","url":"https:\/\/thetreecbd.com\/fr\/cbd\/packs-cbd-pax-plus","name":"Pack Pax Plus: Vapoteuse CBD + 12g. CBD | The Tree CBD","isPartOf":{"@id":"https:\/\/thetreecbd.com\/fr#website"},"primaryImageOfPage":{"@id":"https:\/\/thetreecbd.com\/fr\/cbd\/packs-cbd-pax-plus#primaryimage"},"image":{"@id":"https:\/\/thetreecbd.com\/fr\/cbd\/packs-cbd-pax-plus#primaryimage"},"thumbnailUrl":"https:\/\/thetreecbd.com\/wp-content\/uploads\/2023\/11\/pax-pack-plus.png","datePublished":"2023-10-13T10:06:37+00:00","dateModified":"2025-07-04T15:01:57+00:00","description":"Pack PAX PLUS CBD : Kit vaporisateur CBD complet + sachet de 2 gr. de Zkittlez + sachet de 10 grammes de petits bourgeons Green Cure. L\u00e9gal dans toute l\u2019Europe.","breadcrumb":{"@id":"https:\/\/thetreecbd.com\/fr\/cbd\/packs-cbd-pax-plus#breadcrumb"},"inLanguage":"fr-FR","potentialAction":[{"@type":"ReadAction","target":["https:\/\/thetreecbd.com\/fr\/cbd\/packs-cbd-pax-plus"]}]},{"@type":"ImageObject","inLanguage":"fr-FR","@id":"https:\/\/thetreecbd.com\/fr\/cbd\/packs-cbd-pax-plus#primaryimage","url":"https:\/\/thetreecbd.com\/wp-content\/uploads\/2023\/11\/pax-pack-plus.png","contentUrl":"https:\/\/thetreecbd.com\/wp-content\/uploads\/2023\/11\/pax-pack-plus.png","width":600,"height":720,"caption":"pax-pack-plus"},{"@type":"BreadcrumbList","@id":"https:\/\/thetreecbd.com\/fr\/cbd\/packs-cbd-pax-plus#breadcrumb","itemListElement":[{"@type":"ListItem","position":1,"name":"The Tree","item":"https:\/\/thetreecbd.com\/fr"},{"@type":"ListItem","position":2,"name":"CBD","item":"https:\/\/thetreecbd.com\/es\/cbd"},{"@type":"ListItem","position":3,"name":"Vapoteuse de CBD","item":"https:\/\/thetreecbd.com\/fr\/vapoteuse-cbd"},{"@type":"ListItem","position":4,"name":"Pack Pax Plus: Vapoteuse CBD + 12g. CBD"}]},{"@type":"WebSite","@id":"https:\/\/thetreecbd.com\/fr#website","url":"https:\/\/thetreecbd.com\/fr","name":"The Tree CBD","description":"Comprar CBD en Espa\u00f1a Online","publisher":{"@id":"https:\/\/thetreecbd.com\/fr#organization"},"potentialAction":[{"@type":"SearchAction","target":{"@type":"EntryPoint","urlTemplate":"https:\/\/thetreecbd.com\/fr?s={search_term_string}"},"query-input":{"@type":"PropertyValueSpecification","valueRequired":true,"valueName":"search_term_string"}}],"inLanguage":"fr-FR"},{"@type":"Organization","@id":"https:\/\/thetreecbd.com\/fr#organization","name":"The Tree CBD","url":"https:\/\/thetreecbd.com\/fr","logo":{"@type":"ImageObject","inLanguage":"fr-FR","@id":"https:\/\/thetreecbd.com\/fr#\/schema\/logo\/image\/","url":"https:\/\/thetreecbd.com\/wp-content\/uploads\/2022\/04\/logo-thetree.png","contentUrl":"https:\/\/thetreecbd.com\/wp-content\/uploads\/2022\/04\/logo-thetree.png","width":172,"height":55,"caption":"The Tree CBD"},"image":{"@id":"https:\/\/thetreecbd.com\/fr#\/schema\/logo\/image\/"},"sameAs":["https:\/\/www.facebook.com\/thetreeCBD\/","https:\/\/x.com\/TheTreeCBD_EU","https:\/\/www.instagram.com\/thetree.cbd\/","https:\/\/es.trustpilot.com\/review\/thetreecbd.com"]}]}},"_links":{"self":[{"href":"https:\/\/thetreecbd.com\/fr\/wp-json\/wp\/v2\/product\/127943","targetHints":{"allow":["GET"]}}],"collection":[{"href":"https:\/\/thetreecbd.com\/fr\/wp-json\/wp\/v2\/product"}],"about":[{"href":"https:\/\/thetreecbd.com\/fr\/wp-json\/wp\/v2\/types\/product"}],"version-history":[{"count":0,"href":"https:\/\/thetreecbd.com\/fr\/wp-json\/wp\/v2\/product\/127943\/revisions"}],"wp:featuredmedia":[{"embeddable":true,"href":"https:\/\/thetreecbd.com\/fr\/wp-json\/wp\/v2\/media\/135069"}],"wp:attachment":[{"href":"https:\/\/thetreecbd.com\/fr\/wp-json\/wp\/v2\/media?parent=127943"}],"wp:term":[{"taxonomy":"product_brand","embeddable":true,"href":"https:\/\/thetreecbd.com\/fr\/wp-json\/wp\/v2\/product_brand?post=127943"}],"curies":[{"name":"wp","href":"https:\/\/api.w.org\/{rel}","templated":true}]}}