{"id":140873,"date":"2024-02-14T11:53:19","date_gmt":"2024-02-14T10:53:19","guid":{"rendered":"https:\/\/thetreecbd.com\/?post_type=product&#038;p=140873"},"modified":"2025-07-04T15:05:09","modified_gmt":"2025-07-04T13:05:09","slug":"broyeur-cbd","status":"publish","type":"product","link":"https:\/\/thetreecbd.com\/fr\/cbd\/broyeur-cbd","title":{"rendered":"Broyeur CBD de The Tree CBD"},"content":{"rendered":"<p>Pr\u00e9parez-vous pour un broyage sans tracas avec<strong> le broyeur 2 pi\u00e8ces The Tree CBD. Con\u00e7u pour ceux qui recherchent une solution simple et efficace pour broyer leurs <a href=\"https:\/\/thetreecbd.com\/fr\/fleurs-cbd\">fleurs de CBD<\/a>,<\/strong> ce broyeur offre des performances fiables dans un design \u00e9l\u00e9gant et compact.<\/p>\n<p><strong>Fonctionnalit\u00e9s en vedette\u00a0:<\/strong><\/p>\n<ol>\n<li><strong>Conception en 2 pi\u00e8ces\u00a0:<\/strong> se compose de deux parties qui s\u2019assemblent facilement pour cr\u00e9er un syst\u00e8me de broyage intuitif et facile \u00e0 utiliser.<\/li>\n<li><strong>Construction robuste :<\/strong> fabriqu\u00e9 avec des mat\u00e9riaux de qualit\u00e9 sup\u00e9rieure, ce broyeur est con\u00e7u pour r\u00e9sister \u00e0 une utilisation quotidienne et fournir une mouture constante pendant longtemps.<\/li>\n<li><strong>Op\u00e9ration simple :<\/strong> placez simplement les fleurs de CBD dans le broyeur, fermez le couvercle et essorez pour un r\u00e9sultat lisse en quelques secondes.<\/li>\n<li><strong>Taille compacte et portable :<\/strong> son design compact le rend parfait \u00e0 emporter partout avec vous, que ce soit en voyage ou simplement d&#8217;un endroit \u00e0 un autre \u00e0 la maison.<\/li>\n<li><strong>Facile \u00e0 nettoyer :<\/strong> d\u00e9monter et nettoyer ce broyeur est rapide et facile, garantissant une exp\u00e9rience sans tracas \u00e0 chaque fois.<\/li>\n<\/ol>\n<p>Profitez de <strong>la commodit\u00e9 et de l\u2019efficacit\u00e9 du broyage avec le broyeur 2 pi\u00e8ces The Tree CBD<\/strong>. Simplifiez votre routine de pr\u00e9paration du CBD et profitez pleinement de chaque instant de votre exp\u00e9rience cannabis.<\/p>\n<p>&nbsp;<\/p>\n","protected":false},"excerpt":{"rendered":"<div class=\"QFw9Te BLojaf\"><\/div>\n<div class=\"QcsUad BDJ8fb BLojaf sMVRZe wneUed\">\n<p class=\"oBOnKe\"><span class=\"jCAhz ChMk0b\" style=\"font-size: 16px;\"><span class=\"ryNqvb\">Broyez sans complications avec le <strong>broyeur 2 pi\u00e8ces The Tree CBD.<\/strong><\/span><\/span> <span class=\"jCAhz ChMk0b\" style=\"font-size: 16px;\"><span class=\"ryNqvb\">Con\u00e7u pour ceux qui recherchent <strong>une solution simple et efficace pour broyer leurs fleurs de CBD, ce broyeur offre des performances fiables dans un design \u00e9l\u00e9gant et compact.<\/strong><\/span><\/span><\/p>\n<\/div>\n","protected":false},"featured_media":141332,"template":"","meta":{"_acf_changed":false},"product_brand":[],"class_list":{"0":"post-140873","1":"product","2":"type-product","3":"status-publish","4":"has-post-thumbnail","6":"product_cat-accessoires-cbd","8":"first","9":"instock","10":"taxable","11":"shipping-taxable","12":"purchasable","13":"product-type-simple"},"acf":[],"yoast_head":"<!-- This site is optimized with the Yoast SEO plugin v26.3 - https:\/\/yoast.com\/wordpress\/plugins\/seo\/ -->\n<title>Broyeur CBD de The Tree CBD - The Tree CBD<\/title>\n<meta name=\"description\" content=\"Procurez-vous votre broyeur de t\u00eates CBD chez The Tree CBD. Qualit\u00e9 garantie pour une exp\u00e9rience parfaite. Acheter maintenant!\" \/>\n<meta name=\"robots\" content=\"index, follow, max-snippet:-1, max-image-preview:large, max-video-preview:-1\" \/>\n<link rel=\"canonical\" href=\"https:\/\/thetreecbd.com\/fr\/cbd\/broyeur-cbd\" \/>\n<meta property=\"og:locale\" content=\"fr_FR\" \/>\n<meta property=\"og:type\" content=\"article\" \/>\n<meta property=\"og:title\" content=\"Broyeur CBD de The Tree CBD - The Tree CBD\" \/>\n<meta property=\"og:description\" content=\"Procurez-vous votre broyeur de t\u00eates CBD chez The Tree CBD. Qualit\u00e9 garantie pour une exp\u00e9rience parfaite. Acheter maintenant!\" \/>\n<meta property=\"og:url\" content=\"https:\/\/thetreecbd.com\/fr\/cbd\/broyeur-cbd\" \/>\n<meta property=\"og:site_name\" content=\"The Tree CBD\" \/>\n<meta property=\"article:publisher\" content=\"https:\/\/www.facebook.com\/thetreeCBD\/\" \/>\n<meta property=\"article:modified_time\" content=\"2025-07-04T13:05:09+00:00\" \/>\n<meta property=\"og:image\" content=\"https:\/\/thetreecbd.com\/wp-content\/uploads\/2024\/02\/grinder-the-tree-cbd.png\" \/>\n\t<meta property=\"og:image:width\" content=\"600\" \/>\n\t<meta property=\"og:image:height\" content=\"720\" \/>\n\t<meta property=\"og:image:type\" content=\"image\/png\" \/>\n<meta name=\"twitter:card\" content=\"summary_large_image\" \/>\n<meta name=\"twitter:site\" content=\"@TheTreeCBD_EU\" \/>\n<meta name=\"twitter:label1\" content=\"Dur\u00e9e de lecture estim\u00e9e\" \/>\n\t<meta name=\"twitter:data1\" content=\"1 minute\" \/>\n<script type=\"application\/ld+json\" class=\"yoast-schema-graph\">{\"@context\":\"https:\/\/schema.org\",\"@graph\":[{\"@type\":[\"WebPage\",\"ItemPage\"],\"@id\":\"https:\/\/thetreecbd.com\/fr\/cbd\/broyeur-cbd\",\"url\":\"https:\/\/thetreecbd.com\/fr\/cbd\/broyeur-cbd\",\"name\":\"Broyeur CBD de The Tree CBD - The Tree CBD\",\"isPartOf\":{\"@id\":\"https:\/\/thetreecbd.com\/fr#website\"},\"primaryImageOfPage\":{\"@id\":\"https:\/\/thetreecbd.com\/fr\/cbd\/broyeur-cbd#primaryimage\"},\"image\":{\"@id\":\"https:\/\/thetreecbd.com\/fr\/cbd\/broyeur-cbd#primaryimage\"},\"thumbnailUrl\":\"https:\/\/thetreecbd.com\/wp-content\/uploads\/2024\/02\/grinder-the-tree-cbd.png\",\"datePublished\":\"2024-02-14T10:53:19+00:00\",\"dateModified\":\"2025-07-04T13:05:09+00:00\",\"description\":\"Procurez-vous votre broyeur de t\u00eates CBD chez The Tree CBD. Qualit\u00e9 garantie pour une exp\u00e9rience parfaite. Acheter maintenant!\",\"breadcrumb\":{\"@id\":\"https:\/\/thetreecbd.com\/fr\/cbd\/broyeur-cbd#breadcrumb\"},\"inLanguage\":\"fr-FR\",\"potentialAction\":[{\"@type\":\"ReadAction\",\"target\":[\"https:\/\/thetreecbd.com\/fr\/cbd\/broyeur-cbd\"]}]},{\"@type\":\"ImageObject\",\"inLanguage\":\"fr-FR\",\"@id\":\"https:\/\/thetreecbd.com\/fr\/cbd\/broyeur-cbd#primaryimage\",\"url\":\"https:\/\/thetreecbd.com\/wp-content\/uploads\/2024\/02\/grinder-the-tree-cbd.png\",\"contentUrl\":\"https:\/\/thetreecbd.com\/wp-content\/uploads\/2024\/02\/grinder-the-tree-cbd.png\",\"width\":600,\"height\":720,\"caption\":\"grinder-the-tree-cbd\"},{\"@type\":\"BreadcrumbList\",\"@id\":\"https:\/\/thetreecbd.com\/fr\/cbd\/broyeur-cbd#breadcrumb\",\"itemListElement\":[{\"@type\":\"ListItem\",\"position\":1,\"name\":\"The Tree\",\"item\":\"https:\/\/thetreecbd.com\/fr\"},{\"@type\":\"ListItem\",\"position\":2,\"name\":\"CBD\",\"item\":\"https:\/\/thetreecbd.com\/es\/cbd\"},{\"@type\":\"ListItem\",\"position\":3,\"name\":\"Accessoires CBD\",\"item\":\"https:\/\/thetreecbd.com\/fr\/accessoires-cbd\"},{\"@type\":\"ListItem\",\"position\":4,\"name\":\"Broyeur CBD de The Tree CBD\"}]},{\"@type\":\"WebSite\",\"@id\":\"https:\/\/thetreecbd.com\/fr#website\",\"url\":\"https:\/\/thetreecbd.com\/fr\",\"name\":\"The Tree CBD\",\"description\":\"Comprar CBD en Espa\u00f1a Online\",\"publisher\":{\"@id\":\"https:\/\/thetreecbd.com\/fr#organization\"},\"potentialAction\":[{\"@type\":\"SearchAction\",\"target\":{\"@type\":\"EntryPoint\",\"urlTemplate\":\"https:\/\/thetreecbd.com\/fr?s={search_term_string}\"},\"query-input\":{\"@type\":\"PropertyValueSpecification\",\"valueRequired\":true,\"valueName\":\"search_term_string\"}}],\"inLanguage\":\"fr-FR\"},{\"@type\":\"Organization\",\"@id\":\"https:\/\/thetreecbd.com\/fr#organization\",\"name\":\"The Tree CBD\",\"url\":\"https:\/\/thetreecbd.com\/fr\",\"logo\":{\"@type\":\"ImageObject\",\"inLanguage\":\"fr-FR\",\"@id\":\"https:\/\/thetreecbd.com\/fr#\/schema\/logo\/image\/\",\"url\":\"https:\/\/thetreecbd.com\/wp-content\/uploads\/2022\/04\/logo-thetree.png\",\"contentUrl\":\"https:\/\/thetreecbd.com\/wp-content\/uploads\/2022\/04\/logo-thetree.png\",\"width\":172,\"height\":55,\"caption\":\"The Tree CBD\"},\"image\":{\"@id\":\"https:\/\/thetreecbd.com\/fr#\/schema\/logo\/image\/\"},\"sameAs\":[\"https:\/\/www.facebook.com\/thetreeCBD\/\",\"https:\/\/x.com\/TheTreeCBD_EU\",\"https:\/\/www.instagram.com\/thetree.cbd\/\",\"https:\/\/es.trustpilot.com\/review\/thetreecbd.com\"]}]}<\/script>\n<!-- \/ Yoast SEO plugin. -->","yoast_head_json":{"title":"Broyeur CBD de The Tree CBD - The Tree CBD","description":"Procurez-vous votre broyeur de t\u00eates CBD chez The Tree CBD. Qualit\u00e9 garantie pour une exp\u00e9rience parfaite. Acheter maintenant!","robots":{"index":"index","follow":"follow","max-snippet":"max-snippet:-1","max-image-preview":"max-image-preview:large","max-video-preview":"max-video-preview:-1"},"canonical":"https:\/\/thetreecbd.com\/fr\/cbd\/broyeur-cbd","og_locale":"fr_FR","og_type":"article","og_title":"Broyeur CBD de The Tree CBD - The Tree CBD","og_description":"Procurez-vous votre broyeur de t\u00eates CBD chez The Tree CBD. Qualit\u00e9 garantie pour une exp\u00e9rience parfaite. Acheter maintenant!","og_url":"https:\/\/thetreecbd.com\/fr\/cbd\/broyeur-cbd","og_site_name":"The Tree CBD","article_publisher":"https:\/\/www.facebook.com\/thetreeCBD\/","article_modified_time":"2025-07-04T13:05:09+00:00","og_image":[{"width":600,"height":720,"url":"https:\/\/thetreecbd.com\/wp-content\/uploads\/2024\/02\/grinder-the-tree-cbd.png","type":"image\/png"}],"twitter_card":"summary_large_image","twitter_site":"@TheTreeCBD_EU","twitter_misc":{"Dur\u00e9e de lecture estim\u00e9e":"1 minute"},"schema":{"@context":"https:\/\/schema.org","@graph":[{"@type":["WebPage","ItemPage"],"@id":"https:\/\/thetreecbd.com\/fr\/cbd\/broyeur-cbd","url":"https:\/\/thetreecbd.com\/fr\/cbd\/broyeur-cbd","name":"Broyeur CBD de The Tree CBD - The Tree CBD","isPartOf":{"@id":"https:\/\/thetreecbd.com\/fr#website"},"primaryImageOfPage":{"@id":"https:\/\/thetreecbd.com\/fr\/cbd\/broyeur-cbd#primaryimage"},"image":{"@id":"https:\/\/thetreecbd.com\/fr\/cbd\/broyeur-cbd#primaryimage"},"thumbnailUrl":"https:\/\/thetreecbd.com\/wp-content\/uploads\/2024\/02\/grinder-the-tree-cbd.png","datePublished":"2024-02-14T10:53:19+00:00","dateModified":"2025-07-04T13:05:09+00:00","description":"Procurez-vous votre broyeur de t\u00eates CBD chez The Tree CBD. Qualit\u00e9 garantie pour une exp\u00e9rience parfaite. Acheter maintenant!","breadcrumb":{"@id":"https:\/\/thetreecbd.com\/fr\/cbd\/broyeur-cbd#breadcrumb"},"inLanguage":"fr-FR","potentialAction":[{"@type":"ReadAction","target":["https:\/\/thetreecbd.com\/fr\/cbd\/broyeur-cbd"]}]},{"@type":"ImageObject","inLanguage":"fr-FR","@id":"https:\/\/thetreecbd.com\/fr\/cbd\/broyeur-cbd#primaryimage","url":"https:\/\/thetreecbd.com\/wp-content\/uploads\/2024\/02\/grinder-the-tree-cbd.png","contentUrl":"https:\/\/thetreecbd.com\/wp-content\/uploads\/2024\/02\/grinder-the-tree-cbd.png","width":600,"height":720,"caption":"grinder-the-tree-cbd"},{"@type":"BreadcrumbList","@id":"https:\/\/thetreecbd.com\/fr\/cbd\/broyeur-cbd#breadcrumb","itemListElement":[{"@type":"ListItem","position":1,"name":"The Tree","item":"https:\/\/thetreecbd.com\/fr"},{"@type":"ListItem","position":2,"name":"CBD","item":"https:\/\/thetreecbd.com\/es\/cbd"},{"@type":"ListItem","position":3,"name":"Accessoires CBD","item":"https:\/\/thetreecbd.com\/fr\/accessoires-cbd"},{"@type":"ListItem","position":4,"name":"Broyeur CBD de The Tree CBD"}]},{"@type":"WebSite","@id":"https:\/\/thetreecbd.com\/fr#website","url":"https:\/\/thetreecbd.com\/fr","name":"The Tree CBD","description":"Comprar CBD en Espa\u00f1a Online","publisher":{"@id":"https:\/\/thetreecbd.com\/fr#organization"},"potentialAction":[{"@type":"SearchAction","target":{"@type":"EntryPoint","urlTemplate":"https:\/\/thetreecbd.com\/fr?s={search_term_string}"},"query-input":{"@type":"PropertyValueSpecification","valueRequired":true,"valueName":"search_term_string"}}],"inLanguage":"fr-FR"},{"@type":"Organization","@id":"https:\/\/thetreecbd.com\/fr#organization","name":"The Tree CBD","url":"https:\/\/thetreecbd.com\/fr","logo":{"@type":"ImageObject","inLanguage":"fr-FR","@id":"https:\/\/thetreecbd.com\/fr#\/schema\/logo\/image\/","url":"https:\/\/thetreecbd.com\/wp-content\/uploads\/2022\/04\/logo-thetree.png","contentUrl":"https:\/\/thetreecbd.com\/wp-content\/uploads\/2022\/04\/logo-thetree.png","width":172,"height":55,"caption":"The Tree CBD"},"image":{"@id":"https:\/\/thetreecbd.com\/fr#\/schema\/logo\/image\/"},"sameAs":["https:\/\/www.facebook.com\/thetreeCBD\/","https:\/\/x.com\/TheTreeCBD_EU","https:\/\/www.instagram.com\/thetree.cbd\/","https:\/\/es.trustpilot.com\/review\/thetreecbd.com"]}]}},"_links":{"self":[{"href":"https:\/\/thetreecbd.com\/fr\/wp-json\/wp\/v2\/product\/140873","targetHints":{"allow":["GET"]}}],"collection":[{"href":"https:\/\/thetreecbd.com\/fr\/wp-json\/wp\/v2\/product"}],"about":[{"href":"https:\/\/thetreecbd.com\/fr\/wp-json\/wp\/v2\/types\/product"}],"version-history":[{"count":0,"href":"https:\/\/thetreecbd.com\/fr\/wp-json\/wp\/v2\/product\/140873\/revisions"}],"wp:featuredmedia":[{"embeddable":true,"href":"https:\/\/thetreecbd.com\/fr\/wp-json\/wp\/v2\/media\/141332"}],"wp:attachment":[{"href":"https:\/\/thetreecbd.com\/fr\/wp-json\/wp\/v2\/media?parent=140873"}],"wp:term":[{"taxonomy":"product_brand","embeddable":true,"href":"https:\/\/thetreecbd.com\/fr\/wp-json\/wp\/v2\/product_brand?post=140873"}],"curies":[{"name":"wp","href":"https:\/\/api.w.org\/{rel}","templated":true}]}}