{"id":140885,"date":"2024-02-14T12:16:43","date_gmt":"2024-02-14T11:16:43","guid":{"rendered":"https:\/\/thetreecbd.com\/?post_type=product&#038;p=140885"},"modified":"2025-07-04T14:54:50","modified_gmt":"2025-07-04T12:54:50","slug":"briquet-clipper","status":"publish","type":"product","link":"https:\/\/thetreecbd.com\/fr\/cbd\/briquet-clipper","title":{"rendered":"Briquet Clipper The Tree CBD edition"},"content":{"rendered":"<p>D\u00e9couvrez le Briquet Clipper de The Tree CBD : <strong>votre compagnon id\u00e9al pour \u00e9clairer vos moments avec style et confort.<\/strong> Con\u00e7u avec la qualit\u00e9 et la fiabilit\u00e9 qui font la r\u00e9putation de Clipper, ce briquet est dot\u00e9 d&#8217;un corps solide et durable qui tient confortablement dans votre main.<\/p>\n<p><strong>Dot\u00e9 du logo distinctif The Tree CBD et de la qualit\u00e9 de la marque Clipper, ce briquet est non seulement fonctionnel, mais ajoute \u00e9galement une touche de style \u00e0 votre exp\u00e9rience quotidienne.<\/strong> Parfait pour allumer vos cigarettes, cigares ou tout autre besoin, ce briquet est rechargeable et dispose d&#8217;une flamme r\u00e9glable selon vos pr\u00e9f\u00e9rences. Rendez chaque instant m\u00e9morable avec le briquet The Tree CBD Clipper ! De plus, il se combine parfaitement avec nos <a href=\"https:\/\/thetreecbd.com\/fr\/fleurs-cbd\">fleurs CBD<\/a> ou nos <a href=\"https:\/\/thetreecbd.com\/fr\/resines-cbd\">r\u00e9sines CBD<\/a> pour une exp\u00e9rience compl\u00e8te et satisfaisante.<\/p>\n<p>&nbsp;<\/p>\n","protected":false},"excerpt":{"rendered":"<div class=\"QFw9Te BLojaf\">\n<div id=\"ow81\"><\/div>\n<\/div>\n<div class=\"DVHrxd\">\n<div id=\"ow82\" data-show-delay-ms=\"250\" data-append-to-body=\"true\" data-propagate-tooltip-mouseover-events=\"true\" data-anchor-corner=\"bottom-left\" data-enable-skip-handler=\"false\" data-popup-corner=\"top-left\">\n<div>\n<div class=\"VfPpkd-Bz112c-Jh9lGc\"><strong>Clipper personnalis\u00e9e avec la marque The Tree CBD.<\/strong> Ce briquet classique est rechargeable et fini en blanc brillant avec des tons verts. Attention, ils le demandent et ne le rendent pas !<\/div>\n<\/div>\n<\/div>\n<\/div>\n","protected":false},"featured_media":183268,"template":"","meta":{"_acf_changed":false},"product_brand":[],"class_list":{"0":"post-140885","1":"product","2":"type-product","3":"status-publish","4":"has-post-thumbnail","6":"product_cat-accessoires-cbd","8":"first","9":"instock","10":"taxable","11":"shipping-taxable","12":"purchasable","13":"product-type-simple"},"acf":[],"yoast_head":"<!-- This site is optimized with the Yoast SEO plugin v26.3 - https:\/\/yoast.com\/wordpress\/plugins\/seo\/ -->\n<title>Briquet Clipper | - The Tree CBD<\/title>\n<meta name=\"description\" content=\"Procurez-vous votre briquet tondeuse pour fumer du CBD chez The Tree CBD. Qualit\u00e9 et confort pour votre exp\u00e9rience. Achetez maintenant et profitez-en au maximum !\" \/>\n<meta name=\"robots\" content=\"index, follow, max-snippet:-1, max-image-preview:large, max-video-preview:-1\" \/>\n<link rel=\"canonical\" href=\"https:\/\/thetreecbd.com\/fr\/cbd\/briquet-clipper\" \/>\n<meta property=\"og:locale\" content=\"fr_FR\" \/>\n<meta property=\"og:type\" content=\"article\" \/>\n<meta property=\"og:title\" content=\"Briquet Clipper | - The Tree CBD\" \/>\n<meta property=\"og:description\" content=\"Procurez-vous votre briquet tondeuse pour fumer du CBD chez The Tree CBD. Qualit\u00e9 et confort pour votre exp\u00e9rience. Achetez maintenant et profitez-en au maximum !\" \/>\n<meta property=\"og:url\" content=\"https:\/\/thetreecbd.com\/fr\/cbd\/briquet-clipper\" \/>\n<meta property=\"og:site_name\" content=\"The Tree CBD\" \/>\n<meta property=\"article:publisher\" content=\"https:\/\/www.facebook.com\/thetreeCBD\/\" \/>\n<meta property=\"article:modified_time\" content=\"2025-07-04T12:54:50+00:00\" \/>\n<meta property=\"og:image\" content=\"https:\/\/thetreecbd.com\/wp-content\/uploads\/2024\/02\/mechero-the-tree-cbd.png\" \/>\n\t<meta property=\"og:image:width\" content=\"600\" \/>\n\t<meta property=\"og:image:height\" content=\"720\" \/>\n\t<meta property=\"og:image:type\" content=\"image\/png\" \/>\n<meta name=\"twitter:card\" content=\"summary_large_image\" \/>\n<meta name=\"twitter:site\" content=\"@TheTreeCBD_EU\" \/>\n<meta name=\"twitter:label1\" content=\"Dur\u00e9e de lecture estim\u00e9e\" \/>\n\t<meta name=\"twitter:data1\" content=\"1 minute\" \/>\n<script type=\"application\/ld+json\" class=\"yoast-schema-graph\">{\"@context\":\"https:\/\/schema.org\",\"@graph\":[{\"@type\":[\"WebPage\",\"ItemPage\"],\"@id\":\"https:\/\/thetreecbd.com\/fr\/cbd\/briquet-clipper\",\"url\":\"https:\/\/thetreecbd.com\/fr\/cbd\/briquet-clipper\",\"name\":\"Briquet Clipper | - The Tree CBD\",\"isPartOf\":{\"@id\":\"https:\/\/thetreecbd.com\/fr#website\"},\"primaryImageOfPage\":{\"@id\":\"https:\/\/thetreecbd.com\/fr\/cbd\/briquet-clipper#primaryimage\"},\"image\":{\"@id\":\"https:\/\/thetreecbd.com\/fr\/cbd\/briquet-clipper#primaryimage\"},\"thumbnailUrl\":\"https:\/\/thetreecbd.com\/wp-content\/uploads\/2024\/02\/thetree3-web.jpg\",\"datePublished\":\"2024-02-14T11:16:43+00:00\",\"dateModified\":\"2025-07-04T12:54:50+00:00\",\"description\":\"Procurez-vous votre briquet tondeuse pour fumer du CBD chez The Tree CBD. Qualit\u00e9 et confort pour votre exp\u00e9rience. Achetez maintenant et profitez-en au maximum !\",\"breadcrumb\":{\"@id\":\"https:\/\/thetreecbd.com\/fr\/cbd\/briquet-clipper#breadcrumb\"},\"inLanguage\":\"fr-FR\",\"potentialAction\":[{\"@type\":\"ReadAction\",\"target\":[\"https:\/\/thetreecbd.com\/fr\/cbd\/briquet-clipper\"]}]},{\"@type\":\"ImageObject\",\"inLanguage\":\"fr-FR\",\"@id\":\"https:\/\/thetreecbd.com\/fr\/cbd\/briquet-clipper#primaryimage\",\"url\":\"https:\/\/thetreecbd.com\/wp-content\/uploads\/2024\/02\/thetree3-web.jpg\",\"contentUrl\":\"https:\/\/thetreecbd.com\/wp-content\/uploads\/2024\/02\/thetree3-web.jpg\",\"width\":1080,\"height\":1350},{\"@type\":\"BreadcrumbList\",\"@id\":\"https:\/\/thetreecbd.com\/fr\/cbd\/briquet-clipper#breadcrumb\",\"itemListElement\":[{\"@type\":\"ListItem\",\"position\":1,\"name\":\"The Tree\",\"item\":\"https:\/\/thetreecbd.com\/fr\"},{\"@type\":\"ListItem\",\"position\":2,\"name\":\"CBD\",\"item\":\"https:\/\/thetreecbd.com\/es\/cbd\"},{\"@type\":\"ListItem\",\"position\":3,\"name\":\"Accessoires CBD\",\"item\":\"https:\/\/thetreecbd.com\/fr\/accessoires-cbd\"},{\"@type\":\"ListItem\",\"position\":4,\"name\":\"Briquet Clipper The Tree CBD edition\"}]},{\"@type\":\"WebSite\",\"@id\":\"https:\/\/thetreecbd.com\/fr#website\",\"url\":\"https:\/\/thetreecbd.com\/fr\",\"name\":\"The Tree CBD\",\"description\":\"Comprar CBD en Espa\u00f1a Online\",\"publisher\":{\"@id\":\"https:\/\/thetreecbd.com\/fr#organization\"},\"potentialAction\":[{\"@type\":\"SearchAction\",\"target\":{\"@type\":\"EntryPoint\",\"urlTemplate\":\"https:\/\/thetreecbd.com\/fr?s={search_term_string}\"},\"query-input\":{\"@type\":\"PropertyValueSpecification\",\"valueRequired\":true,\"valueName\":\"search_term_string\"}}],\"inLanguage\":\"fr-FR\"},{\"@type\":\"Organization\",\"@id\":\"https:\/\/thetreecbd.com\/fr#organization\",\"name\":\"The Tree CBD\",\"url\":\"https:\/\/thetreecbd.com\/fr\",\"logo\":{\"@type\":\"ImageObject\",\"inLanguage\":\"fr-FR\",\"@id\":\"https:\/\/thetreecbd.com\/fr#\/schema\/logo\/image\/\",\"url\":\"https:\/\/thetreecbd.com\/wp-content\/uploads\/2022\/04\/logo-thetree.png\",\"contentUrl\":\"https:\/\/thetreecbd.com\/wp-content\/uploads\/2022\/04\/logo-thetree.png\",\"width\":172,\"height\":55,\"caption\":\"The Tree CBD\"},\"image\":{\"@id\":\"https:\/\/thetreecbd.com\/fr#\/schema\/logo\/image\/\"},\"sameAs\":[\"https:\/\/www.facebook.com\/thetreeCBD\/\",\"https:\/\/x.com\/TheTreeCBD_EU\",\"https:\/\/www.instagram.com\/thetree.cbd\/\",\"https:\/\/es.trustpilot.com\/review\/thetreecbd.com\"]}]}<\/script>\n<!-- \/ Yoast SEO plugin. -->","yoast_head_json":{"title":"Briquet Clipper | - The Tree CBD","description":"Procurez-vous votre briquet tondeuse pour fumer du CBD chez The Tree CBD. Qualit\u00e9 et confort pour votre exp\u00e9rience. Achetez maintenant et profitez-en au maximum !","robots":{"index":"index","follow":"follow","max-snippet":"max-snippet:-1","max-image-preview":"max-image-preview:large","max-video-preview":"max-video-preview:-1"},"canonical":"https:\/\/thetreecbd.com\/fr\/cbd\/briquet-clipper","og_locale":"fr_FR","og_type":"article","og_title":"Briquet Clipper | - The Tree CBD","og_description":"Procurez-vous votre briquet tondeuse pour fumer du CBD chez The Tree CBD. Qualit\u00e9 et confort pour votre exp\u00e9rience. Achetez maintenant et profitez-en au maximum !","og_url":"https:\/\/thetreecbd.com\/fr\/cbd\/briquet-clipper","og_site_name":"The Tree CBD","article_publisher":"https:\/\/www.facebook.com\/thetreeCBD\/","article_modified_time":"2025-07-04T12:54:50+00:00","og_image":[{"width":600,"height":720,"url":"https:\/\/thetreecbd.com\/wp-content\/uploads\/2024\/02\/mechero-the-tree-cbd.png","type":"image\/png"}],"twitter_card":"summary_large_image","twitter_site":"@TheTreeCBD_EU","twitter_misc":{"Dur\u00e9e de lecture estim\u00e9e":"1 minute"},"schema":{"@context":"https:\/\/schema.org","@graph":[{"@type":["WebPage","ItemPage"],"@id":"https:\/\/thetreecbd.com\/fr\/cbd\/briquet-clipper","url":"https:\/\/thetreecbd.com\/fr\/cbd\/briquet-clipper","name":"Briquet Clipper | - The Tree CBD","isPartOf":{"@id":"https:\/\/thetreecbd.com\/fr#website"},"primaryImageOfPage":{"@id":"https:\/\/thetreecbd.com\/fr\/cbd\/briquet-clipper#primaryimage"},"image":{"@id":"https:\/\/thetreecbd.com\/fr\/cbd\/briquet-clipper#primaryimage"},"thumbnailUrl":"https:\/\/thetreecbd.com\/wp-content\/uploads\/2024\/02\/thetree3-web.jpg","datePublished":"2024-02-14T11:16:43+00:00","dateModified":"2025-07-04T12:54:50+00:00","description":"Procurez-vous votre briquet tondeuse pour fumer du CBD chez The Tree CBD. Qualit\u00e9 et confort pour votre exp\u00e9rience. Achetez maintenant et profitez-en au maximum !","breadcrumb":{"@id":"https:\/\/thetreecbd.com\/fr\/cbd\/briquet-clipper#breadcrumb"},"inLanguage":"fr-FR","potentialAction":[{"@type":"ReadAction","target":["https:\/\/thetreecbd.com\/fr\/cbd\/briquet-clipper"]}]},{"@type":"ImageObject","inLanguage":"fr-FR","@id":"https:\/\/thetreecbd.com\/fr\/cbd\/briquet-clipper#primaryimage","url":"https:\/\/thetreecbd.com\/wp-content\/uploads\/2024\/02\/thetree3-web.jpg","contentUrl":"https:\/\/thetreecbd.com\/wp-content\/uploads\/2024\/02\/thetree3-web.jpg","width":1080,"height":1350},{"@type":"BreadcrumbList","@id":"https:\/\/thetreecbd.com\/fr\/cbd\/briquet-clipper#breadcrumb","itemListElement":[{"@type":"ListItem","position":1,"name":"The Tree","item":"https:\/\/thetreecbd.com\/fr"},{"@type":"ListItem","position":2,"name":"CBD","item":"https:\/\/thetreecbd.com\/es\/cbd"},{"@type":"ListItem","position":3,"name":"Accessoires CBD","item":"https:\/\/thetreecbd.com\/fr\/accessoires-cbd"},{"@type":"ListItem","position":4,"name":"Briquet Clipper The Tree CBD edition"}]},{"@type":"WebSite","@id":"https:\/\/thetreecbd.com\/fr#website","url":"https:\/\/thetreecbd.com\/fr","name":"The Tree CBD","description":"Comprar CBD en Espa\u00f1a Online","publisher":{"@id":"https:\/\/thetreecbd.com\/fr#organization"},"potentialAction":[{"@type":"SearchAction","target":{"@type":"EntryPoint","urlTemplate":"https:\/\/thetreecbd.com\/fr?s={search_term_string}"},"query-input":{"@type":"PropertyValueSpecification","valueRequired":true,"valueName":"search_term_string"}}],"inLanguage":"fr-FR"},{"@type":"Organization","@id":"https:\/\/thetreecbd.com\/fr#organization","name":"The Tree CBD","url":"https:\/\/thetreecbd.com\/fr","logo":{"@type":"ImageObject","inLanguage":"fr-FR","@id":"https:\/\/thetreecbd.com\/fr#\/schema\/logo\/image\/","url":"https:\/\/thetreecbd.com\/wp-content\/uploads\/2022\/04\/logo-thetree.png","contentUrl":"https:\/\/thetreecbd.com\/wp-content\/uploads\/2022\/04\/logo-thetree.png","width":172,"height":55,"caption":"The Tree CBD"},"image":{"@id":"https:\/\/thetreecbd.com\/fr#\/schema\/logo\/image\/"},"sameAs":["https:\/\/www.facebook.com\/thetreeCBD\/","https:\/\/x.com\/TheTreeCBD_EU","https:\/\/www.instagram.com\/thetree.cbd\/","https:\/\/es.trustpilot.com\/review\/thetreecbd.com"]}]}},"_links":{"self":[{"href":"https:\/\/thetreecbd.com\/fr\/wp-json\/wp\/v2\/product\/140885","targetHints":{"allow":["GET"]}}],"collection":[{"href":"https:\/\/thetreecbd.com\/fr\/wp-json\/wp\/v2\/product"}],"about":[{"href":"https:\/\/thetreecbd.com\/fr\/wp-json\/wp\/v2\/types\/product"}],"version-history":[{"count":0,"href":"https:\/\/thetreecbd.com\/fr\/wp-json\/wp\/v2\/product\/140885\/revisions"}],"wp:featuredmedia":[{"embeddable":true,"href":"https:\/\/thetreecbd.com\/fr\/wp-json\/wp\/v2\/media\/183268"}],"wp:attachment":[{"href":"https:\/\/thetreecbd.com\/fr\/wp-json\/wp\/v2\/media?parent=140885"}],"wp:term":[{"taxonomy":"product_brand","embeddable":true,"href":"https:\/\/thetreecbd.com\/fr\/wp-json\/wp\/v2\/product_brand?post=140885"}],"curies":[{"name":"wp","href":"https:\/\/api.w.org\/{rel}","templated":true}]}}