{"id":140905,"date":"2024-02-14T13:56:08","date_gmt":"2024-02-14T12:56:08","guid":{"rendered":"https:\/\/thetreecbd.com\/?post_type=product&#038;p=140905"},"modified":"2025-07-04T14:40:49","modified_gmt":"2025-07-04T12:40:49","slug":"cendrier-silicone","status":"publish","type":"product","link":"https:\/\/thetreecbd.com\/fr\/cbd\/cendrier-silicone","title":{"rendered":"Cendrier en silicone The Tree CBD"},"content":{"rendered":"<p>Cendrier en silicone, donc incassable si vous le laissez tomber par terre.<\/p>\n<p>Il dispose de 4 \u00e9chancrures sur les bords pour soutenir vos cigarettes roul\u00e9es ou vos pr\u00e9-rouleaux CBD<\/p>\n<h2>Caract\u00e9ristiques du cendrier en silicone The Tree CBD\u00a0:<\/h2>\n<ul>\n<li>Diam\u00e8tre : 8 cm.<\/li>\n<li>Hauteur : 2,5 cm.<\/li>\n<li>Mat\u00e9riau : silicone de qualit\u00e9 sup\u00e9rieure.<\/li>\n<\/ul>\n","protected":false},"excerpt":{"rendered":"<div class=\"QFw9Te BLojaf\">\n<div id=\"ow81\"><\/div>\n<\/div>\n<div class=\"DVHrxd\">\n<div id=\"ow82\" data-show-delay-ms=\"250\" data-append-to-body=\"true\" data-propagate-tooltip-mouseover-events=\"true\" data-anchor-corner=\"bottom-left\" data-enable-skip-handler=\"false\" data-popup-corner=\"top-left\">\n<div><\/div>\n<\/div>\n<\/div>\n<div class=\"QcsUad BDJ8fb BLojaf sMVRZe wneUed\">\n<div class=\"usGWQd\">\n<div class=\"KkbLmb\">\n<div class=\"lRu31\" dir=\"ltr\">Cendrier en silicone en forme de cendrier classique, incassable, en diff\u00e9rents designs.<\/div>\n<\/div>\n<\/div>\n<\/div>\n","protected":false},"featured_media":141311,"template":"","meta":{"_acf_changed":false},"product_brand":[],"class_list":{"0":"post-140905","1":"product","2":"type-product","3":"status-publish","4":"has-post-thumbnail","6":"product_cat-accessoires-cbd","8":"first","9":"outofstock","10":"taxable","11":"shipping-taxable","12":"purchasable","13":"product-type-simple"},"acf":[],"yoast_head":"<!-- This site is optimized with the Yoast SEO plugin v26.3 - https:\/\/yoast.com\/wordpress\/plugins\/seo\/ -->\n<title>Cendrier en silicone | - The Tree CBD<\/title>\n<meta name=\"description\" content=\"Trouvez le meilleur cendrier en silicone pour votre CBD chez The Tree CBD. Pratique, durable et facile \u00e0 nettoyer. Acheter maintenant!\" \/>\n<meta name=\"robots\" content=\"index, follow, max-snippet:-1, max-image-preview:large, max-video-preview:-1\" \/>\n<link rel=\"canonical\" href=\"https:\/\/thetreecbd.com\/fr\/cbd\/cendrier-silicone\" \/>\n<meta property=\"og:locale\" content=\"fr_FR\" \/>\n<meta property=\"og:type\" content=\"article\" \/>\n<meta property=\"og:title\" content=\"Cendrier en silicone | - The Tree CBD\" \/>\n<meta property=\"og:description\" content=\"Trouvez le meilleur cendrier en silicone pour votre CBD chez The Tree CBD. Pratique, durable et facile \u00e0 nettoyer. Acheter maintenant!\" \/>\n<meta property=\"og:url\" content=\"https:\/\/thetreecbd.com\/fr\/cbd\/cendrier-silicone\" \/>\n<meta property=\"og:site_name\" content=\"The Tree CBD\" \/>\n<meta property=\"article:publisher\" content=\"https:\/\/www.facebook.com\/thetreeCBD\/\" \/>\n<meta property=\"article:modified_time\" content=\"2025-07-04T12:40:49+00:00\" \/>\n<meta property=\"og:image\" content=\"https:\/\/thetreecbd.com\/wp-content\/uploads\/2024\/02\/cenicero-verde-2-the-tree-cbd.png\" \/>\n\t<meta property=\"og:image:width\" content=\"600\" \/>\n\t<meta property=\"og:image:height\" content=\"720\" \/>\n\t<meta property=\"og:image:type\" content=\"image\/png\" \/>\n<meta name=\"twitter:card\" content=\"summary_large_image\" \/>\n<meta name=\"twitter:site\" content=\"@TheTreeCBD_EU\" \/>\n<meta name=\"twitter:label1\" content=\"Dur\u00e9e de lecture estim\u00e9e\" \/>\n\t<meta name=\"twitter:data1\" content=\"1 minute\" \/>\n<script type=\"application\/ld+json\" class=\"yoast-schema-graph\">{\"@context\":\"https:\/\/schema.org\",\"@graph\":[{\"@type\":[\"WebPage\",\"ItemPage\"],\"@id\":\"https:\/\/thetreecbd.com\/fr\/cbd\/cendrier-silicone\",\"url\":\"https:\/\/thetreecbd.com\/fr\/cbd\/cendrier-silicone\",\"name\":\"Cendrier en silicone | - The Tree CBD\",\"isPartOf\":{\"@id\":\"https:\/\/thetreecbd.com\/fr#website\"},\"primaryImageOfPage\":{\"@id\":\"https:\/\/thetreecbd.com\/fr\/cbd\/cendrier-silicone#primaryimage\"},\"image\":{\"@id\":\"https:\/\/thetreecbd.com\/fr\/cbd\/cendrier-silicone#primaryimage\"},\"thumbnailUrl\":\"https:\/\/thetreecbd.com\/wp-content\/uploads\/2024\/02\/cenicero-verde-2-the-tree-cbd.png\",\"datePublished\":\"2024-02-14T12:56:08+00:00\",\"dateModified\":\"2025-07-04T12:40:49+00:00\",\"description\":\"Trouvez le meilleur cendrier en silicone pour votre CBD chez The Tree CBD. Pratique, durable et facile \u00e0 nettoyer. Acheter maintenant!\",\"breadcrumb\":{\"@id\":\"https:\/\/thetreecbd.com\/fr\/cbd\/cendrier-silicone#breadcrumb\"},\"inLanguage\":\"fr-FR\",\"potentialAction\":[{\"@type\":\"ReadAction\",\"target\":[\"https:\/\/thetreecbd.com\/fr\/cbd\/cendrier-silicone\"]}]},{\"@type\":\"ImageObject\",\"inLanguage\":\"fr-FR\",\"@id\":\"https:\/\/thetreecbd.com\/fr\/cbd\/cendrier-silicone#primaryimage\",\"url\":\"https:\/\/thetreecbd.com\/wp-content\/uploads\/2024\/02\/cenicero-verde-2-the-tree-cbd.png\",\"contentUrl\":\"https:\/\/thetreecbd.com\/wp-content\/uploads\/2024\/02\/cenicero-verde-2-the-tree-cbd.png\",\"width\":600,\"height\":720,\"caption\":\"cenicero-verde-2-the-tree-cbd\"},{\"@type\":\"BreadcrumbList\",\"@id\":\"https:\/\/thetreecbd.com\/fr\/cbd\/cendrier-silicone#breadcrumb\",\"itemListElement\":[{\"@type\":\"ListItem\",\"position\":1,\"name\":\"The Tree\",\"item\":\"https:\/\/thetreecbd.com\/fr\"},{\"@type\":\"ListItem\",\"position\":2,\"name\":\"CBD\",\"item\":\"https:\/\/thetreecbd.com\/es\/cbd\"},{\"@type\":\"ListItem\",\"position\":3,\"name\":\"Accessoires CBD\",\"item\":\"https:\/\/thetreecbd.com\/fr\/accessoires-cbd\"},{\"@type\":\"ListItem\",\"position\":4,\"name\":\"Cendrier en silicone The Tree CBD\"}]},{\"@type\":\"WebSite\",\"@id\":\"https:\/\/thetreecbd.com\/fr#website\",\"url\":\"https:\/\/thetreecbd.com\/fr\",\"name\":\"The Tree CBD\",\"description\":\"Comprar CBD en Espa\u00f1a Online\",\"publisher\":{\"@id\":\"https:\/\/thetreecbd.com\/fr#organization\"},\"potentialAction\":[{\"@type\":\"SearchAction\",\"target\":{\"@type\":\"EntryPoint\",\"urlTemplate\":\"https:\/\/thetreecbd.com\/fr?s={search_term_string}\"},\"query-input\":{\"@type\":\"PropertyValueSpecification\",\"valueRequired\":true,\"valueName\":\"search_term_string\"}}],\"inLanguage\":\"fr-FR\"},{\"@type\":\"Organization\",\"@id\":\"https:\/\/thetreecbd.com\/fr#organization\",\"name\":\"The Tree CBD\",\"url\":\"https:\/\/thetreecbd.com\/fr\",\"logo\":{\"@type\":\"ImageObject\",\"inLanguage\":\"fr-FR\",\"@id\":\"https:\/\/thetreecbd.com\/fr#\/schema\/logo\/image\/\",\"url\":\"https:\/\/thetreecbd.com\/wp-content\/uploads\/2022\/04\/logo-thetree.png\",\"contentUrl\":\"https:\/\/thetreecbd.com\/wp-content\/uploads\/2022\/04\/logo-thetree.png\",\"width\":172,\"height\":55,\"caption\":\"The Tree CBD\"},\"image\":{\"@id\":\"https:\/\/thetreecbd.com\/fr#\/schema\/logo\/image\/\"},\"sameAs\":[\"https:\/\/www.facebook.com\/thetreeCBD\/\",\"https:\/\/x.com\/TheTreeCBD_EU\",\"https:\/\/www.instagram.com\/thetree.cbd\/\",\"https:\/\/es.trustpilot.com\/review\/thetreecbd.com\"]}]}<\/script>\n<!-- \/ Yoast SEO plugin. -->","yoast_head_json":{"title":"Cendrier en silicone | - The Tree CBD","description":"Trouvez le meilleur cendrier en silicone pour votre CBD chez The Tree CBD. Pratique, durable et facile \u00e0 nettoyer. Acheter maintenant!","robots":{"index":"index","follow":"follow","max-snippet":"max-snippet:-1","max-image-preview":"max-image-preview:large","max-video-preview":"max-video-preview:-1"},"canonical":"https:\/\/thetreecbd.com\/fr\/cbd\/cendrier-silicone","og_locale":"fr_FR","og_type":"article","og_title":"Cendrier en silicone | - The Tree CBD","og_description":"Trouvez le meilleur cendrier en silicone pour votre CBD chez The Tree CBD. Pratique, durable et facile \u00e0 nettoyer. Acheter maintenant!","og_url":"https:\/\/thetreecbd.com\/fr\/cbd\/cendrier-silicone","og_site_name":"The Tree CBD","article_publisher":"https:\/\/www.facebook.com\/thetreeCBD\/","article_modified_time":"2025-07-04T12:40:49+00:00","og_image":[{"width":600,"height":720,"url":"https:\/\/thetreecbd.com\/wp-content\/uploads\/2024\/02\/cenicero-verde-2-the-tree-cbd.png","type":"image\/png"}],"twitter_card":"summary_large_image","twitter_site":"@TheTreeCBD_EU","twitter_misc":{"Dur\u00e9e de lecture estim\u00e9e":"1 minute"},"schema":{"@context":"https:\/\/schema.org","@graph":[{"@type":["WebPage","ItemPage"],"@id":"https:\/\/thetreecbd.com\/fr\/cbd\/cendrier-silicone","url":"https:\/\/thetreecbd.com\/fr\/cbd\/cendrier-silicone","name":"Cendrier en silicone | - The Tree CBD","isPartOf":{"@id":"https:\/\/thetreecbd.com\/fr#website"},"primaryImageOfPage":{"@id":"https:\/\/thetreecbd.com\/fr\/cbd\/cendrier-silicone#primaryimage"},"image":{"@id":"https:\/\/thetreecbd.com\/fr\/cbd\/cendrier-silicone#primaryimage"},"thumbnailUrl":"https:\/\/thetreecbd.com\/wp-content\/uploads\/2024\/02\/cenicero-verde-2-the-tree-cbd.png","datePublished":"2024-02-14T12:56:08+00:00","dateModified":"2025-07-04T12:40:49+00:00","description":"Trouvez le meilleur cendrier en silicone pour votre CBD chez The Tree CBD. Pratique, durable et facile \u00e0 nettoyer. Acheter maintenant!","breadcrumb":{"@id":"https:\/\/thetreecbd.com\/fr\/cbd\/cendrier-silicone#breadcrumb"},"inLanguage":"fr-FR","potentialAction":[{"@type":"ReadAction","target":["https:\/\/thetreecbd.com\/fr\/cbd\/cendrier-silicone"]}]},{"@type":"ImageObject","inLanguage":"fr-FR","@id":"https:\/\/thetreecbd.com\/fr\/cbd\/cendrier-silicone#primaryimage","url":"https:\/\/thetreecbd.com\/wp-content\/uploads\/2024\/02\/cenicero-verde-2-the-tree-cbd.png","contentUrl":"https:\/\/thetreecbd.com\/wp-content\/uploads\/2024\/02\/cenicero-verde-2-the-tree-cbd.png","width":600,"height":720,"caption":"cenicero-verde-2-the-tree-cbd"},{"@type":"BreadcrumbList","@id":"https:\/\/thetreecbd.com\/fr\/cbd\/cendrier-silicone#breadcrumb","itemListElement":[{"@type":"ListItem","position":1,"name":"The Tree","item":"https:\/\/thetreecbd.com\/fr"},{"@type":"ListItem","position":2,"name":"CBD","item":"https:\/\/thetreecbd.com\/es\/cbd"},{"@type":"ListItem","position":3,"name":"Accessoires CBD","item":"https:\/\/thetreecbd.com\/fr\/accessoires-cbd"},{"@type":"ListItem","position":4,"name":"Cendrier en silicone The Tree CBD"}]},{"@type":"WebSite","@id":"https:\/\/thetreecbd.com\/fr#website","url":"https:\/\/thetreecbd.com\/fr","name":"The Tree CBD","description":"Comprar CBD en Espa\u00f1a Online","publisher":{"@id":"https:\/\/thetreecbd.com\/fr#organization"},"potentialAction":[{"@type":"SearchAction","target":{"@type":"EntryPoint","urlTemplate":"https:\/\/thetreecbd.com\/fr?s={search_term_string}"},"query-input":{"@type":"PropertyValueSpecification","valueRequired":true,"valueName":"search_term_string"}}],"inLanguage":"fr-FR"},{"@type":"Organization","@id":"https:\/\/thetreecbd.com\/fr#organization","name":"The Tree CBD","url":"https:\/\/thetreecbd.com\/fr","logo":{"@type":"ImageObject","inLanguage":"fr-FR","@id":"https:\/\/thetreecbd.com\/fr#\/schema\/logo\/image\/","url":"https:\/\/thetreecbd.com\/wp-content\/uploads\/2022\/04\/logo-thetree.png","contentUrl":"https:\/\/thetreecbd.com\/wp-content\/uploads\/2022\/04\/logo-thetree.png","width":172,"height":55,"caption":"The Tree CBD"},"image":{"@id":"https:\/\/thetreecbd.com\/fr#\/schema\/logo\/image\/"},"sameAs":["https:\/\/www.facebook.com\/thetreeCBD\/","https:\/\/x.com\/TheTreeCBD_EU","https:\/\/www.instagram.com\/thetree.cbd\/","https:\/\/es.trustpilot.com\/review\/thetreecbd.com"]}]}},"_links":{"self":[{"href":"https:\/\/thetreecbd.com\/fr\/wp-json\/wp\/v2\/product\/140905","targetHints":{"allow":["GET"]}}],"collection":[{"href":"https:\/\/thetreecbd.com\/fr\/wp-json\/wp\/v2\/product"}],"about":[{"href":"https:\/\/thetreecbd.com\/fr\/wp-json\/wp\/v2\/types\/product"}],"version-history":[{"count":0,"href":"https:\/\/thetreecbd.com\/fr\/wp-json\/wp\/v2\/product\/140905\/revisions"}],"wp:featuredmedia":[{"embeddable":true,"href":"https:\/\/thetreecbd.com\/fr\/wp-json\/wp\/v2\/media\/141311"}],"wp:attachment":[{"href":"https:\/\/thetreecbd.com\/fr\/wp-json\/wp\/v2\/media?parent=140905"}],"wp:term":[{"taxonomy":"product_brand","embeddable":true,"href":"https:\/\/thetreecbd.com\/fr\/wp-json\/wp\/v2\/product_brand?post=140905"}],"curies":[{"name":"wp","href":"https:\/\/api.w.org\/{rel}","templated":true}]}}