{"id":140933,"date":"2024-01-23T13:45:03","date_gmt":"2024-01-23T12:45:03","guid":{"rendered":"https:\/\/thetreecbd.com\/?post_type=product&#038;p=140933"},"modified":"2025-07-04T15:38:22","modified_gmt":"2025-07-04T13:38:22","slug":"hemplicious-infusion-chanvre-biologique","status":"publish","type":"product","link":"https:\/\/thetreecbd.com\/fr\/cbd\/hemplicious-infusion-chanvre-biologique","title":{"rendered":"HempLicious Infusion : Infusion de chanvre biologique"},"content":{"rendered":"<p>Faites voyager votre palais dans un voyage unique avec<strong> l&#8217;infusion biologique HempLicious de The Tree CBD,<\/strong> un m\u00e9lange exquis qui combine soigneusement des ingr\u00e9dients naturels et b\u00e9n\u00e9fiques. Ce th\u00e9 infus\u00e9 capture l&#8217;essence du chanvre ainsi qu&#8217;une s\u00e9lection rigoureuse de saveurs qui raviront vos sens.<\/p>\n<p><strong>La base de cette infusion innovante est le chanvre, connu pour ses propri\u00e9t\u00e9s relaxantes et \u00e9quilibrantes. Le Rooibos apporte sa saveur terreuse et ses notes fruit\u00e9es, cr\u00e9ant une harmonie parfaite avec les raisins secs sucr\u00e9s et la pomme juteuse. Les cerises ajoutent une touche vibrante et les myrtilles, riches en antioxydants, offrent un \u00e9clat de fra\u00eecheur.<\/strong><\/p>\n<p>L&#8217;infusion HempLicious est \u00e9lev\u00e9e \u00e0 de nouveaux niveaux avec <strong>l&#8217;ajout d&#8217;hibiscus, qui ajoute une nuance florale et revitalisante.<\/strong> Pour finir, des p\u00e9tales de roses compl\u00e8tent ce m\u00e9lange unique, apportant une touche d\u00e9licate et romantique.<\/p>\n<p>Ce th\u00e9 n&#8217;est pas seulement un plaisir pour les sens, mais c&#8217;est aussi une option saine et naturelle. <strong>Chaque gorg\u00e9e de HempLicious est une exp\u00e9rience sensorielle compl\u00e8te, con\u00e7ue pour ceux qui recherchent des moments de d\u00e9tente et de bien-\u00eatre dans chaque tasse.<\/strong><\/p>\n<p>D\u00e9couvrez l&#8217;\u00e9quilibre parfait entre d\u00e9licieux et b\u00e9n\u00e9fique avec HempLicious de The Tree CBD. Plongez dans l&#8217;univers des saveurs naturelles et laissez cette infusion vous guider vers une exp\u00e9rience unique de plaisir et de bien-\u00eatre.<\/p>\n<h2>\u00c9cologique et durable\u00a0:<\/h2>\n<p>Tous les ingr\u00e9dients de notre infusion biologique ChillOut proviennent de sources biologiques et durables. Nous accordons autant d&#8217;importance \u00e0 la sant\u00e9 de la plan\u00e8te qu&#8217;\u00e0 la v\u00f4tre, c&#8217;est pourquoi nous nous engageons \u00e0 vous proposer un produit qui refl\u00e8te nos principes \u00e9thiques et \u00e9cologiques.<\/p>\n<h2>Caract\u00e9ristiques de l&#8217;infusion HempLicious<\/h2>\n<ul>\n<li>Infusion relaxante certifi\u00e9e biologique<\/li>\n<li>Format 50 gr.<\/li>\n<li>Ingr\u00e9dients : chanvre, rooibos, raisins secs, pomme, cerise, myrtille, hibiscus, p\u00e9tales de rose et ar\u00f4me naturel<\/li>\n<\/ul>\n<h2>Ar\u00f4me de ChanvreInfusion relaxante Licieuse<\/h2>\n<p>L&#8217;ar\u00f4me de l&#8217;infusion The Tree CBD HempLicious est une symphonie captivante de fragrances qui s&#8217;entrelacent harmonieusement, cr\u00e9ant une exp\u00e9rience aromatique unique. Lorsque vous ram\u00e8nerez la tasse \u00e0 vos sens, vous serez accueilli par une base douce et terreuse issue du chanvre, qui donne le ton r\u00e9confortant de l&#8217;infusion.<\/p>\n<p>Au fur et \u00e0 mesure que vous explorez plus en profondeur, <strong>les tons fruit\u00e9s du rooibos et la douceur des raisins secs et de la pomme s&#8217;entrem\u00ealent, offrant un bouquet frais et juteux. Les cerises apportent une note vibrante et juteuse, tandis que les myrtilles apportent leur fra\u00eecheur et une l\u00e9g\u00e8re touche d&#8217;acidit\u00e9 qui stimule les sens.<\/strong><\/p>\n<p><strong>L&#8217;hibiscus r\u00e9veille l&#8217;ar\u00f4me avec sa nuance florale caract\u00e9ristique, ajoutant une touche exotique et revitalisante.<\/strong> Enfin, les p\u00e9tales de rose compl\u00e8tent l&#8217;exp\u00e9rience aromatique avec leur parfum d\u00e9licat et romantique, compl\u00e9tant la composition de cette infusion unique.<\/p>\n<p>Au total, <strong>l&#8217;ar\u00f4me de HempLicious est une invitation \u00e0 se plonger dans un voyage sensoriel, o\u00f9 chaque composant contribue \u00e0 une exp\u00e9rience olfactive riche et agr\u00e9able.<\/strong> D\u00e9couvrez la complexit\u00e9 et l&#8217;harmonie de ce parfum naturel qui anticipe la d\u00e9licieuse exp\u00e9rience qui vous attend \u00e0 chaque gorg\u00e9e.<\/p>\n<h2>Utilisateur auquel il est destin\u00e9<\/h2>\n<p><strong>L&#8217;infusion bio HempLicious est parfaite pour toutes celles qui recherchent un moment de calme et de d\u00e9tente avant de se coucher<\/strong>. Il est sp\u00e9cialement con\u00e7u pour les personnes qui souhaitent am\u00e9liorer la qualit\u00e9 de leur sommeil nocturne et faire de beaux r\u00eaves.<\/p>\n<p><strong>Il est id\u00e9al pour ceux qui vivent des moments de stress ou d&#8217;anxi\u00e9t\u00e9 et qui souhaitent trouver un rem\u00e8de naturel pour calmer l&#8217;esprit<\/strong> et pr\u00e9parer un sommeil r\u00e9parateur. Des ingr\u00e9dients soigneusement s\u00e9lectionn\u00e9s, comme <strong>la camomille et la menthe poivr\u00e9e, ont des propri\u00e9t\u00e9s calmantes qui aident \u00e0 soulager les tensions et favorisent un \u00e9tat de calme et de bien-\u00eatre.<\/strong><\/p>\n<p><strong>L&#8217;infusion convient \u00e9galement \u00e0 ceux qui souhaitent vivre une exp\u00e9rience sensorielle agr\u00e9able en buvant une tasse d&#8217;infusion avant de s&#8217;endormir.<\/strong> Son ar\u00f4me doux et r\u00e9confortant, alli\u00e9 \u00e0 la d\u00e9licatesse des saveurs, vous invite \u00e0 un moment de pause et de r\u00e9flexion, cr\u00e9ant un environnement propice \u00e0 la d\u00e9tente.<\/p>\n<p>De plus, \u00e9tant une infusion \u00e9cologique avec des ingr\u00e9dients naturels, c&#8217;est une excellente option pour ceux qui appr\u00e9cient le soin de l&#8217;environnement et recherchent des produits durables et respectueux de la nature.<\/p>\n<h2>Information de s\u00e9curit\u00e9<\/h2>\n<p>La lumi\u00e8re d\u00e9t\u00e9riore les herbes, il est donc d\u00e9conseill\u00e9 de les conserver dans des bocaux en verre, m\u00eame si elles constituent un excellent \u00e9l\u00e9ment d\u00e9coratif. Nous recommandons une canette avec un joint herm\u00e9tique.<\/p>\n<p>Il est pr\u00e9f\u00e9rable de conserver l\u2019infusion dans un r\u00e9cipient bien ferm\u00e9, qui emp\u00eachera toute odeur de passer et la prot\u00e9gera ad\u00e9quatement de l\u2019humidit\u00e9 et de l\u2019air.<\/p>\n<h2>Stockage<\/h2>\n<p>Une fois que vous avez achet\u00e9 l&#8217;infusion HempLicious, il est important de savoir comment la conserver. Pour ce faire, il est pr\u00e9f\u00e9rable de la <strong>conserver dans une bo\u00eete herm\u00e9tique qui n&#8217;est pas en verre et de la mettre dans un endroit frais, sec<\/strong> et \u00e0 l&#8217;abri des fortes chaleurs. odeurs.<\/p>\n<p>L&#8217;infusion HempLicious doit \u00eatre conserv\u00e9e dans un endroit sec, propre, exempt d&#8217;odeurs, pour garantir qu&#8217;il ne perde pas ses qualit\u00e9s organoleptiques. <strong>Nous recommandons qu&#8217;il ne d\u00e9passe pas une temp\u00e9rature de 20\u00baC, en accordant une attention particuli\u00e8re pendant les mois les plus chauds.<\/strong><\/p>\n","protected":false},"excerpt":{"rendered":"<ul>\n<li>Infusion relaxante certifi\u00e9e biologique<\/li>\n<li>Format 50 gr.<\/li>\n<li>Ingr\u00e9dients : chanvre, rooibos, raisins secs, pomme, cerise, myrtille, hibiscus, p\u00e9tales de rose et ar\u00f4me naturel<\/li>\n<\/ul>\n","protected":false},"featured_media":142875,"template":"","meta":{"_acf_changed":false},"product_brand":[],"class_list":{"0":"post-140933","1":"product","2":"type-product","3":"status-publish","4":"has-post-thumbnail","6":"product_cat-infusions-chanvre","7":"product_cat-nourriture-et-boissons","8":"product_cat-promotions-cbd","10":"first","11":"instock","12":"sale","13":"taxable","14":"shipping-taxable","15":"purchasable","16":"product-type-simple"},"acf":[],"yoast_head":"<!-- This site is optimized with the Yoast SEO plugin v26.3 - https:\/\/yoast.com\/wordpress\/plugins\/seo\/ -->\n<title>HempLicious Infusion : Infusion de chanvre biologique | The Tree CBD<\/title>\n<meta name=\"description\" content=\"D\u00e9couvrez la saveur pure de la nature avec notre infusion de chanvre biologique HempLicious. D\u00e9couvrez l&#039;\u00e9quilibre parfait \u00e0 chaque gorg\u00e9e. Achetez maintenant chez The Tree CBD !\" \/>\n<meta name=\"robots\" content=\"index, follow, max-snippet:-1, max-image-preview:large, max-video-preview:-1\" \/>\n<link rel=\"canonical\" href=\"https:\/\/thetreecbd.com\/fr\/cbd\/hemplicious-infusion-chanvre-biologique\" \/>\n<meta property=\"og:locale\" content=\"fr_FR\" \/>\n<meta property=\"og:type\" content=\"article\" \/>\n<meta property=\"og:title\" content=\"HempLicious Infusion : Infusion de chanvre biologique | The Tree CBD\" \/>\n<meta property=\"og:description\" content=\"D\u00e9couvrez la saveur pure de la nature avec notre infusion de chanvre biologique HempLicious. D\u00e9couvrez l&#039;\u00e9quilibre parfait \u00e0 chaque gorg\u00e9e. Achetez maintenant chez The Tree CBD !\" \/>\n<meta property=\"og:url\" content=\"https:\/\/thetreecbd.com\/fr\/cbd\/hemplicious-infusion-chanvre-biologique\" \/>\n<meta property=\"og:site_name\" content=\"The Tree CBD\" \/>\n<meta property=\"article:publisher\" content=\"https:\/\/www.facebook.com\/thetreeCBD\/\" \/>\n<meta property=\"article:modified_time\" content=\"2025-07-04T13:38:22+00:00\" \/>\n<meta property=\"og:image\" content=\"https:\/\/thetreecbd.com\/wp-content\/uploads\/2024\/03\/hemp-licious-cenital-1.png\" \/>\n\t<meta property=\"og:image:width\" content=\"600\" \/>\n\t<meta property=\"og:image:height\" content=\"720\" \/>\n\t<meta property=\"og:image:type\" content=\"image\/png\" \/>\n<meta name=\"twitter:card\" content=\"summary_large_image\" \/>\n<meta name=\"twitter:site\" content=\"@TheTreeCBD_EU\" \/>\n<meta name=\"twitter:label1\" content=\"Dur\u00e9e de lecture estim\u00e9e\" \/>\n\t<meta name=\"twitter:data1\" content=\"4 minutes\" \/>\n<script type=\"application\/ld+json\" class=\"yoast-schema-graph\">{\"@context\":\"https:\/\/schema.org\",\"@graph\":[{\"@type\":[\"WebPage\",\"ItemPage\"],\"@id\":\"https:\/\/thetreecbd.com\/fr\/cbd\/hemplicious-infusion-chanvre-biologique\",\"url\":\"https:\/\/thetreecbd.com\/fr\/cbd\/hemplicious-infusion-chanvre-biologique\",\"name\":\"HempLicious Infusion : Infusion de chanvre biologique | The Tree CBD\",\"isPartOf\":{\"@id\":\"https:\/\/thetreecbd.com\/fr#website\"},\"primaryImageOfPage\":{\"@id\":\"https:\/\/thetreecbd.com\/fr\/cbd\/hemplicious-infusion-chanvre-biologique#primaryimage\"},\"image\":{\"@id\":\"https:\/\/thetreecbd.com\/fr\/cbd\/hemplicious-infusion-chanvre-biologique#primaryimage\"},\"thumbnailUrl\":\"https:\/\/thetreecbd.com\/wp-content\/uploads\/2024\/03\/hemp-licious-cenital-1.png\",\"datePublished\":\"2024-01-23T12:45:03+00:00\",\"dateModified\":\"2025-07-04T13:38:22+00:00\",\"description\":\"D\u00e9couvrez la saveur pure de la nature avec notre infusion de chanvre biologique HempLicious. D\u00e9couvrez l'\u00e9quilibre parfait \u00e0 chaque gorg\u00e9e. Achetez maintenant chez The Tree CBD !\",\"breadcrumb\":{\"@id\":\"https:\/\/thetreecbd.com\/fr\/cbd\/hemplicious-infusion-chanvre-biologique#breadcrumb\"},\"inLanguage\":\"fr-FR\",\"potentialAction\":[{\"@type\":\"ReadAction\",\"target\":[\"https:\/\/thetreecbd.com\/fr\/cbd\/hemplicious-infusion-chanvre-biologique\"]}]},{\"@type\":\"ImageObject\",\"inLanguage\":\"fr-FR\",\"@id\":\"https:\/\/thetreecbd.com\/fr\/cbd\/hemplicious-infusion-chanvre-biologique#primaryimage\",\"url\":\"https:\/\/thetreecbd.com\/wp-content\/uploads\/2024\/03\/hemp-licious-cenital-1.png\",\"contentUrl\":\"https:\/\/thetreecbd.com\/wp-content\/uploads\/2024\/03\/hemp-licious-cenital-1.png\",\"width\":600,\"height\":720,\"caption\":\"infusion-hemp-licious-cenital\"},{\"@type\":\"BreadcrumbList\",\"@id\":\"https:\/\/thetreecbd.com\/fr\/cbd\/hemplicious-infusion-chanvre-biologique#breadcrumb\",\"itemListElement\":[{\"@type\":\"ListItem\",\"position\":1,\"name\":\"The Tree\",\"item\":\"https:\/\/thetreecbd.com\/fr\"},{\"@type\":\"ListItem\",\"position\":2,\"name\":\"CBD\",\"item\":\"https:\/\/thetreecbd.com\/es\/cbd\"},{\"@type\":\"ListItem\",\"position\":3,\"name\":\"Nourriture et Boissons\",\"item\":\"https:\/\/thetreecbd.com\/fr\/nourriture-et-boissons\"},{\"@type\":\"ListItem\",\"position\":4,\"name\":\"HempLicious Infusion : Infusion de chanvre biologique\"}]},{\"@type\":\"WebSite\",\"@id\":\"https:\/\/thetreecbd.com\/fr#website\",\"url\":\"https:\/\/thetreecbd.com\/fr\",\"name\":\"The Tree CBD\",\"description\":\"Comprar CBD en Espa\u00f1a Online\",\"publisher\":{\"@id\":\"https:\/\/thetreecbd.com\/fr#organization\"},\"potentialAction\":[{\"@type\":\"SearchAction\",\"target\":{\"@type\":\"EntryPoint\",\"urlTemplate\":\"https:\/\/thetreecbd.com\/fr?s={search_term_string}\"},\"query-input\":{\"@type\":\"PropertyValueSpecification\",\"valueRequired\":true,\"valueName\":\"search_term_string\"}}],\"inLanguage\":\"fr-FR\"},{\"@type\":\"Organization\",\"@id\":\"https:\/\/thetreecbd.com\/fr#organization\",\"name\":\"The Tree CBD\",\"url\":\"https:\/\/thetreecbd.com\/fr\",\"logo\":{\"@type\":\"ImageObject\",\"inLanguage\":\"fr-FR\",\"@id\":\"https:\/\/thetreecbd.com\/fr#\/schema\/logo\/image\/\",\"url\":\"https:\/\/thetreecbd.com\/wp-content\/uploads\/2022\/04\/logo-thetree.png\",\"contentUrl\":\"https:\/\/thetreecbd.com\/wp-content\/uploads\/2022\/04\/logo-thetree.png\",\"width\":172,\"height\":55,\"caption\":\"The Tree CBD\"},\"image\":{\"@id\":\"https:\/\/thetreecbd.com\/fr#\/schema\/logo\/image\/\"},\"sameAs\":[\"https:\/\/www.facebook.com\/thetreeCBD\/\",\"https:\/\/x.com\/TheTreeCBD_EU\",\"https:\/\/www.instagram.com\/thetree.cbd\/\",\"https:\/\/es.trustpilot.com\/review\/thetreecbd.com\"]}]}<\/script>\n<!-- \/ Yoast SEO plugin. -->","yoast_head_json":{"title":"HempLicious Infusion : Infusion de chanvre biologique | The Tree CBD","description":"D\u00e9couvrez la saveur pure de la nature avec notre infusion de chanvre biologique HempLicious. D\u00e9couvrez l'\u00e9quilibre parfait \u00e0 chaque gorg\u00e9e. Achetez maintenant chez The Tree CBD !","robots":{"index":"index","follow":"follow","max-snippet":"max-snippet:-1","max-image-preview":"max-image-preview:large","max-video-preview":"max-video-preview:-1"},"canonical":"https:\/\/thetreecbd.com\/fr\/cbd\/hemplicious-infusion-chanvre-biologique","og_locale":"fr_FR","og_type":"article","og_title":"HempLicious Infusion : Infusion de chanvre biologique | The Tree CBD","og_description":"D\u00e9couvrez la saveur pure de la nature avec notre infusion de chanvre biologique HempLicious. D\u00e9couvrez l'\u00e9quilibre parfait \u00e0 chaque gorg\u00e9e. Achetez maintenant chez The Tree CBD !","og_url":"https:\/\/thetreecbd.com\/fr\/cbd\/hemplicious-infusion-chanvre-biologique","og_site_name":"The Tree CBD","article_publisher":"https:\/\/www.facebook.com\/thetreeCBD\/","article_modified_time":"2025-07-04T13:38:22+00:00","og_image":[{"width":600,"height":720,"url":"https:\/\/thetreecbd.com\/wp-content\/uploads\/2024\/03\/hemp-licious-cenital-1.png","type":"image\/png"}],"twitter_card":"summary_large_image","twitter_site":"@TheTreeCBD_EU","twitter_misc":{"Dur\u00e9e de lecture estim\u00e9e":"4 minutes"},"schema":{"@context":"https:\/\/schema.org","@graph":[{"@type":["WebPage","ItemPage"],"@id":"https:\/\/thetreecbd.com\/fr\/cbd\/hemplicious-infusion-chanvre-biologique","url":"https:\/\/thetreecbd.com\/fr\/cbd\/hemplicious-infusion-chanvre-biologique","name":"HempLicious Infusion : Infusion de chanvre biologique | The Tree CBD","isPartOf":{"@id":"https:\/\/thetreecbd.com\/fr#website"},"primaryImageOfPage":{"@id":"https:\/\/thetreecbd.com\/fr\/cbd\/hemplicious-infusion-chanvre-biologique#primaryimage"},"image":{"@id":"https:\/\/thetreecbd.com\/fr\/cbd\/hemplicious-infusion-chanvre-biologique#primaryimage"},"thumbnailUrl":"https:\/\/thetreecbd.com\/wp-content\/uploads\/2024\/03\/hemp-licious-cenital-1.png","datePublished":"2024-01-23T12:45:03+00:00","dateModified":"2025-07-04T13:38:22+00:00","description":"D\u00e9couvrez la saveur pure de la nature avec notre infusion de chanvre biologique HempLicious. D\u00e9couvrez l'\u00e9quilibre parfait \u00e0 chaque gorg\u00e9e. Achetez maintenant chez The Tree CBD !","breadcrumb":{"@id":"https:\/\/thetreecbd.com\/fr\/cbd\/hemplicious-infusion-chanvre-biologique#breadcrumb"},"inLanguage":"fr-FR","potentialAction":[{"@type":"ReadAction","target":["https:\/\/thetreecbd.com\/fr\/cbd\/hemplicious-infusion-chanvre-biologique"]}]},{"@type":"ImageObject","inLanguage":"fr-FR","@id":"https:\/\/thetreecbd.com\/fr\/cbd\/hemplicious-infusion-chanvre-biologique#primaryimage","url":"https:\/\/thetreecbd.com\/wp-content\/uploads\/2024\/03\/hemp-licious-cenital-1.png","contentUrl":"https:\/\/thetreecbd.com\/wp-content\/uploads\/2024\/03\/hemp-licious-cenital-1.png","width":600,"height":720,"caption":"infusion-hemp-licious-cenital"},{"@type":"BreadcrumbList","@id":"https:\/\/thetreecbd.com\/fr\/cbd\/hemplicious-infusion-chanvre-biologique#breadcrumb","itemListElement":[{"@type":"ListItem","position":1,"name":"The Tree","item":"https:\/\/thetreecbd.com\/fr"},{"@type":"ListItem","position":2,"name":"CBD","item":"https:\/\/thetreecbd.com\/es\/cbd"},{"@type":"ListItem","position":3,"name":"Nourriture et Boissons","item":"https:\/\/thetreecbd.com\/fr\/nourriture-et-boissons"},{"@type":"ListItem","position":4,"name":"HempLicious Infusion : Infusion de chanvre biologique"}]},{"@type":"WebSite","@id":"https:\/\/thetreecbd.com\/fr#website","url":"https:\/\/thetreecbd.com\/fr","name":"The Tree CBD","description":"Comprar CBD en Espa\u00f1a Online","publisher":{"@id":"https:\/\/thetreecbd.com\/fr#organization"},"potentialAction":[{"@type":"SearchAction","target":{"@type":"EntryPoint","urlTemplate":"https:\/\/thetreecbd.com\/fr?s={search_term_string}"},"query-input":{"@type":"PropertyValueSpecification","valueRequired":true,"valueName":"search_term_string"}}],"inLanguage":"fr-FR"},{"@type":"Organization","@id":"https:\/\/thetreecbd.com\/fr#organization","name":"The Tree CBD","url":"https:\/\/thetreecbd.com\/fr","logo":{"@type":"ImageObject","inLanguage":"fr-FR","@id":"https:\/\/thetreecbd.com\/fr#\/schema\/logo\/image\/","url":"https:\/\/thetreecbd.com\/wp-content\/uploads\/2022\/04\/logo-thetree.png","contentUrl":"https:\/\/thetreecbd.com\/wp-content\/uploads\/2022\/04\/logo-thetree.png","width":172,"height":55,"caption":"The Tree CBD"},"image":{"@id":"https:\/\/thetreecbd.com\/fr#\/schema\/logo\/image\/"},"sameAs":["https:\/\/www.facebook.com\/thetreeCBD\/","https:\/\/x.com\/TheTreeCBD_EU","https:\/\/www.instagram.com\/thetree.cbd\/","https:\/\/es.trustpilot.com\/review\/thetreecbd.com"]}]}},"_links":{"self":[{"href":"https:\/\/thetreecbd.com\/fr\/wp-json\/wp\/v2\/product\/140933","targetHints":{"allow":["GET"]}}],"collection":[{"href":"https:\/\/thetreecbd.com\/fr\/wp-json\/wp\/v2\/product"}],"about":[{"href":"https:\/\/thetreecbd.com\/fr\/wp-json\/wp\/v2\/types\/product"}],"version-history":[{"count":0,"href":"https:\/\/thetreecbd.com\/fr\/wp-json\/wp\/v2\/product\/140933\/revisions"}],"wp:featuredmedia":[{"embeddable":true,"href":"https:\/\/thetreecbd.com\/fr\/wp-json\/wp\/v2\/media\/142875"}],"wp:attachment":[{"href":"https:\/\/thetreecbd.com\/fr\/wp-json\/wp\/v2\/media?parent=140933"}],"wp:term":[{"taxonomy":"product_brand","embeddable":true,"href":"https:\/\/thetreecbd.com\/fr\/wp-json\/wp\/v2\/product_brand?post=140933"}],"curies":[{"name":"wp","href":"https:\/\/api.w.org\/{rel}","templated":true}]}}