{"id":140938,"date":"2024-01-23T17:52:37","date_gmt":"2024-01-23T16:52:37","guid":{"rendered":"https:\/\/thetreecbd.com\/?post_type=product&#038;p=140938"},"modified":"2025-07-04T15:22:01","modified_gmt":"2025-07-04T13:22:01","slug":"infusion-chanvre-chillout","status":"publish","type":"product","link":"https:\/\/thetreecbd.com\/fr\/cbd\/infusion-chanvre-chillout","title":{"rendered":"Infusion ChillOut : Infusion relaxante de chanvre"},"content":{"rendered":"<p>D\u00e9couvrez l&#8217;<strong>Infusion \u00c9cologique ChillOut de The Tree CBD :<\/strong> Une Exp\u00e9rience Relaxante et D\u00e9licieuse, qui vous apporte l&#8217;harmonie parfaite entre bien-\u00eatre naturel et plaisir sensoriel avec cette Infusion \u00c9cologique ChillOut, soigneusement pr\u00e9par\u00e9e par The Tree CBD. Cette infusion unique, \u00e9quilibr\u00e9e et relaxante associe des ingr\u00e9dients soigneusement s\u00e9lectionn\u00e9s pour vous offrir un moment de calme et de s\u00e9r\u00e9nit\u00e9.<\/p>\n<h2>Ingr\u00e9dients naturels et biologiques\u00a0:<\/h2>\n<ul>\n<li>Rooibos\u00a0: Originaire d&#8217;Afrique du Sud, cet arbuste sans caf\u00e9ine offre une saveur douce et terreuse charg\u00e9e d&#8217;antioxydants bons pour la sant\u00e9.<\/li>\n<li>Sultanes : Douces et juteuses, les raisins secs ajoutent une note naturellement sucr\u00e9e \u00e0 l&#8217;infusion, tout en apportant des vitamines et des min\u00e9raux essentiels.<\/li>\n<li>Chanvre : Connu pour ses propri\u00e9t\u00e9s relaxantes, le chanvre contribue \u00e0 cr\u00e9er un environnement de tranquillit\u00e9 et de bien-\u00eatre.<\/li>\n<li>R\u00e9glisse : Avec sa douceur naturelle, la r\u00e9glisse adoucit non seulement l&#8217;infusion, mais est \u00e9galement associ\u00e9e \u00e0 des propri\u00e9t\u00e9s anti-inflammatoires et calmantes.<\/li>\n<li>Camomille : Reconnue pour ses propri\u00e9t\u00e9s relaxantes, la camomille apporte une touche douce et florale qui aide \u00e0 calmer les sens.<\/li>\n<li>Pomme : Ajoute une touche fruit\u00e9e et rafra\u00eechissante, compl\u00e9tant le m\u00e9lange par sa saveur douce et juteuse.<\/li>\n<li>\u00c9corce d&#8217;Orange : Apporte une note hesp\u00e9rid\u00e9e et vibrante, apportant de la vitalit\u00e9 \u00e0 l&#8217;infusion et enrichissant l&#8217;exp\u00e9rience sensorielle.<\/li>\n<li>P\u00e9tales de rose : En plus de leur \u00e9l\u00e9gance visuelle, les p\u00e9tales de rose apportent une subtile nuance florale qui compl\u00e8te l&#8217;exp\u00e9rience aromatique et gustative.<\/li>\n<\/ul>\n<h2>\u00c9cologique et durable<\/h2>\n<p>Tous les ingr\u00e9dients de notre infusion biologique ChillOut proviennent de sources biologiques et durables. Nous accordons autant d&#8217;importance \u00e0 la sant\u00e9 de la plan\u00e8te qu&#8217;\u00e0 la v\u00f4tre, c&#8217;est pourquoi nous nous engageons \u00e0 vous proposer un produit qui refl\u00e8te nos principes \u00e9thiques et \u00e9cologiques.<\/p>\n<h2>Caract\u00e9ristiques de l&#8217;infusion relaxante ChillOut de The Tree CBD<\/h2>\n<ul>\n<li>Infusion relaxante certifi\u00e9e biologique<\/li>\n<li>Format 50 gr.<\/li>\n<li>Ingr\u00e9dients : Raisins Rooibos, chanvre, r\u00e9glisse, camomille, pomme, zeste d&#8217;orange, p\u00e9tales de rose et ar\u00f4me naturel.<\/li>\n<\/ul>\n<h2>Ar\u00f4me et saveur de l&#8217;infusion relaxante ChillOut<\/h2>\n<p>Ce m\u00e9lange exquis et d\u00e9licat d&#8217;ingr\u00e9dients vous plongera dans un oc\u00e9an de d\u00e9tente et de tranquillit\u00e9 pour vous donner une saveur et un ar\u00f4me uniques.<\/p>\n<h3>Saveur:<\/h3>\n<ul>\n<li><strong>Rooibos doux et terreux<\/strong>\u00a0: Le Rooibos fournit une base douce et terreuse, procurant une sensation r\u00e9confortante qui ouvre la voie \u00e0 une exp\u00e9rience relaxante.<\/li>\n<li><strong>Douceur fruit\u00e9e des raisins Sultanas<\/strong> : Les raisins Sultanas ajoutent une douceur naturelle et juteuse, \u00e9quilibrant le tout avec des notes fruit\u00e9es qui ravissent le palais.<\/li>\n<li><strong>Touche rafra\u00eechissante de pomme\u00a0<\/strong>: La pomme apporte sa fra\u00eecheur, ajoutant une dimension croustillante et rafra\u00eechissante \u00e0 la saveur globale.<\/li>\n<li><strong>Nuance florale d\u00e9licate de camomille et de p\u00e9tales de rose<\/strong> : La camomille et les p\u00e9tales de rose apportent une touche florale subtile, rehaussant l&#8217;exp\u00e9rience gustative avec d\u00e9licatesse et \u00e9l\u00e9gance.<\/li>\n<li><strong>Agrumes et zeste d&#8217;orange vibrant :<\/strong> L&#8217;\u00e9corce d&#8217;orange apporte une note d&#8217;agrumes qui \u00e9veille les sens, apportant de la vitalit\u00e9 \u00e0 l&#8217;ensemble.<\/li>\n<li><strong>\u00c9quilibre avec la r\u00e9glisse :<\/strong> La r\u00e9glisse ajoute de la profondeur \u00e0 la saveur, offrant une douceur intense qui se marie harmonieusement avec le reste des ingr\u00e9dients.<\/li>\n<\/ul>\n<h3>Parfum:<\/h3>\n<ul>\n<li><strong>Notes relaxantes de chanvre<\/strong> : Le doux ar\u00f4me du chanvre se m\u00eale au parfum g\u00e9n\u00e9ral, cr\u00e9ant une sensation accueillante qui invite au calme.<\/li>\n<li><strong>Floral et herbac\u00e9<\/strong> : Les p\u00e9tales de rose et la camomille offrent un bouquet floral et herbac\u00e9 qui captive les sens par son \u00e9l\u00e9gance aromatique.<\/li>\n<li><strong>Notes fruit\u00e9es juteuses\u00a0:<\/strong> La pomme et les raisins secs apportent un ar\u00f4me juteux et fruit\u00e9 qui anticipe le d\u00e9lice que l&#8217;on \u00e9prouvera en savourant l&#8217;infusion.<\/li>\n<\/ul>\n<p>En bref, l&#8217;infusion biologique The Tree CBD ChillOut offre un \u00e9quilibre parfait entre des saveurs douces, une douceur naturelle et des ar\u00f4mes captivants, cr\u00e9ant une exp\u00e9rience de d\u00e9gustation relaxante et d\u00e9licieuse. Plongez dans cette oasis de tranquillit\u00e9 et laissez chaque gorg\u00e9e vous emmener dans un \u00e9tat de s\u00e9r\u00e9nit\u00e9 incomparable.<\/p>\n<h2>Utilisateur auquel il est destin\u00e9<\/h2>\n<p><strong>L&#8217;infusion bio ChillOut est parfaite pour tous ceux qui recherchent un moment de calme et de d\u00e9tente avant de se coucher.<\/strong> Il est sp\u00e9cialement con\u00e7u pour les personnes qui souhaitent am\u00e9liorer la qualit\u00e9 de leur sommeil nocturne et faire de beaux r\u00eaves.<\/p>\n<p><strong>Il est id\u00e9al pour ceux qui vivent des moments de stress ou d&#8217;anxi\u00e9t\u00e9 et qui souhaitent trouver un rem\u00e8de naturel pour calmer l&#8217;esprit<\/strong> et pr\u00e9parer un sommeil r\u00e9parateur. Des ingr\u00e9dients soigneusement s\u00e9lectionn\u00e9s, comme <strong>la camomille et la menthe poivr\u00e9e,<\/strong> <strong>ont des propri\u00e9t\u00e9s calmantes qui aident \u00e0 soulager les tensions et favorisent un \u00e9tat de calme et de bien-\u00eatre.<\/strong><\/p>\n<p><strong>L&#8217;infusion convient \u00e9galement \u00e0 ceux qui souhaitent vivre une exp\u00e9rience sensorielle agr\u00e9able en buvant une tasse d&#8217;infusion avant de s&#8217;endormir<\/strong>. Son ar\u00f4me doux et r\u00e9confortant, alli\u00e9 \u00e0 la d\u00e9licatesse des saveurs, vous invite \u00e0 un moment de pause et de r\u00e9flexion, cr\u00e9ant un environnement propice \u00e0 la d\u00e9tente.<\/p>\n<p>De plus, \u00e9tant une infusion \u00e9cologique avec des ingr\u00e9dients naturels, c&#8217;est une excellente option pour ceux qui appr\u00e9cient le soin de l&#8217;environnement et recherchent des produits durables et respectueux de la nature.<\/p>\n<h2>Information de s\u00e9curit\u00e9<\/h2>\n<p>La lumi\u00e8re d\u00e9t\u00e9riore les herbes, il est donc d\u00e9conseill\u00e9 de les conserver dans des bocaux en verre, m\u00eame si elles constituent un excellent \u00e9l\u00e9ment d\u00e9coratif. Nous recommandons une canette avec un joint herm\u00e9tique.<\/p>\n<p>Il est pr\u00e9f\u00e9rable de conserver l\u2019infusion dans un r\u00e9cipient bien ferm\u00e9, qui emp\u00eachera toute odeur de passer et la prot\u00e9gera ad\u00e9quatement de l\u2019humidit\u00e9 et de l\u2019air.<\/p>\n<h2>Stockage<\/h2>\n<p>Une fois que vous avez achet\u00e9 l&#8217;infusion ChillOut, il est important de savoir comment la conserver. Pour ce faire, il est pr\u00e9f\u00e9rable de <strong>la conserver dans une bo\u00eete herm\u00e9tique qui n&#8217;est pas en verre et de la mettre dans un endroit frais et sec, \u00e0 l&#8217;abri des fortes odeurs.<\/strong><\/p>\n<p>L&#8217;infusion ChillOut doit \u00eatre conserv\u00e9e dans un endroit sec, propre et sans odeur afin de garantir qu&#8217;elle ne perde pas ses qualit\u00e9s organoleptiques. <strong>Nous recommandons qu&#8217;il ne d\u00e9passe pas une temp\u00e9rature de 20\u00baC, en accordant une attention particuli\u00e8re pendant les mois les plus chauds.<\/strong><\/p>\n","protected":false},"excerpt":{"rendered":"<ul>\n<li>Infusion relaxante certifi\u00e9e biologique<\/li>\n<li>Format 50 gr.<\/li>\n<li>Ingr\u00e9dients : Raisins Rooibos, chanvre, r\u00e9glisse, camomille, pomme, zeste d&#8217;orange, p\u00e9tales de rose et ar\u00f4me naturel.<\/li>\n<\/ul>\n","protected":false},"featured_media":142872,"template":"","meta":{"_acf_changed":false},"product_brand":[],"class_list":{"0":"post-140938","1":"product","2":"type-product","3":"status-publish","4":"has-post-thumbnail","6":"product_cat-infusions-chanvre","7":"product_cat-nourriture-et-boissons","8":"product_cat-promotions-cbd","10":"first","11":"instock","12":"sale","13":"taxable","14":"shipping-taxable","15":"purchasable","16":"product-type-simple"},"acf":[],"yoast_head":"<!-- This site is optimized with the Yoast SEO plugin v26.3 - https:\/\/yoast.com\/wordpress\/plugins\/seo\/ -->\n<title>Infusion ChillOut : Infusion relaxante de chanvre | The Tree CBD<\/title>\n<meta name=\"description\" content=\"D\u00e9couvrez la s\u00e9r\u00e9nit\u00e9 avec notre Infusion ChillOut, une d\u00e9licieuse infusion relaxante de chanvre. Profitez de moments de calme avec The Tree CBD. Achetez maintenant et ayez l&#039;esprit tranquille\u00a0!\" \/>\n<meta name=\"robots\" content=\"index, follow, max-snippet:-1, max-image-preview:large, max-video-preview:-1\" \/>\n<link rel=\"canonical\" href=\"https:\/\/thetreecbd.com\/fr\/cbd\/infusion-chanvre-chillout\" \/>\n<meta property=\"og:locale\" content=\"fr_FR\" \/>\n<meta property=\"og:type\" content=\"article\" \/>\n<meta property=\"og:title\" content=\"Infusion ChillOut : Infusion relaxante de chanvre | The Tree CBD\" \/>\n<meta property=\"og:description\" content=\"D\u00e9couvrez la s\u00e9r\u00e9nit\u00e9 avec notre Infusion ChillOut, une d\u00e9licieuse infusion relaxante de chanvre. Profitez de moments de calme avec The Tree CBD. Achetez maintenant et ayez l&#039;esprit tranquille\u00a0!\" \/>\n<meta property=\"og:url\" content=\"https:\/\/thetreecbd.com\/fr\/cbd\/infusion-chanvre-chillout\" \/>\n<meta property=\"og:site_name\" content=\"The Tree CBD\" \/>\n<meta property=\"article:publisher\" content=\"https:\/\/www.facebook.com\/thetreeCBD\/\" \/>\n<meta property=\"article:modified_time\" content=\"2025-07-04T13:22:01+00:00\" \/>\n<meta property=\"og:image\" content=\"https:\/\/thetreecbd.com\/wp-content\/uploads\/2024\/03\/chill-out-cenital-1.png\" \/>\n\t<meta property=\"og:image:width\" content=\"600\" \/>\n\t<meta property=\"og:image:height\" content=\"720\" \/>\n\t<meta property=\"og:image:type\" content=\"image\/png\" \/>\n<meta name=\"twitter:card\" content=\"summary_large_image\" \/>\n<meta name=\"twitter:site\" content=\"@TheTreeCBD_EU\" \/>\n<meta name=\"twitter:label1\" content=\"Dur\u00e9e de lecture estim\u00e9e\" \/>\n\t<meta name=\"twitter:data1\" content=\"5 minutes\" \/>\n<script type=\"application\/ld+json\" class=\"yoast-schema-graph\">{\"@context\":\"https:\/\/schema.org\",\"@graph\":[{\"@type\":[\"WebPage\",\"ItemPage\"],\"@id\":\"https:\/\/thetreecbd.com\/fr\/cbd\/infusion-chanvre-chillout\",\"url\":\"https:\/\/thetreecbd.com\/fr\/cbd\/infusion-chanvre-chillout\",\"name\":\"Infusion ChillOut : Infusion relaxante de chanvre | The Tree CBD\",\"isPartOf\":{\"@id\":\"https:\/\/thetreecbd.com\/fr#website\"},\"primaryImageOfPage\":{\"@id\":\"https:\/\/thetreecbd.com\/fr\/cbd\/infusion-chanvre-chillout#primaryimage\"},\"image\":{\"@id\":\"https:\/\/thetreecbd.com\/fr\/cbd\/infusion-chanvre-chillout#primaryimage\"},\"thumbnailUrl\":\"https:\/\/thetreecbd.com\/wp-content\/uploads\/2024\/03\/chill-out-cenital-1.png\",\"datePublished\":\"2024-01-23T16:52:37+00:00\",\"dateModified\":\"2025-07-04T13:22:01+00:00\",\"description\":\"D\u00e9couvrez la s\u00e9r\u00e9nit\u00e9 avec notre Infusion ChillOut, une d\u00e9licieuse infusion relaxante de chanvre. Profitez de moments de calme avec The Tree CBD. Achetez maintenant et ayez l'esprit tranquille\u00a0!\",\"breadcrumb\":{\"@id\":\"https:\/\/thetreecbd.com\/fr\/cbd\/infusion-chanvre-chillout#breadcrumb\"},\"inLanguage\":\"fr-FR\",\"potentialAction\":[{\"@type\":\"ReadAction\",\"target\":[\"https:\/\/thetreecbd.com\/fr\/cbd\/infusion-chanvre-chillout\"]}]},{\"@type\":\"ImageObject\",\"inLanguage\":\"fr-FR\",\"@id\":\"https:\/\/thetreecbd.com\/fr\/cbd\/infusion-chanvre-chillout#primaryimage\",\"url\":\"https:\/\/thetreecbd.com\/wp-content\/uploads\/2024\/03\/chill-out-cenital-1.png\",\"contentUrl\":\"https:\/\/thetreecbd.com\/wp-content\/uploads\/2024\/03\/chill-out-cenital-1.png\",\"width\":600,\"height\":720,\"caption\":\"infusi\u00f3n-chill-out-cenital\"},{\"@type\":\"BreadcrumbList\",\"@id\":\"https:\/\/thetreecbd.com\/fr\/cbd\/infusion-chanvre-chillout#breadcrumb\",\"itemListElement\":[{\"@type\":\"ListItem\",\"position\":1,\"name\":\"The Tree\",\"item\":\"https:\/\/thetreecbd.com\/fr\"},{\"@type\":\"ListItem\",\"position\":2,\"name\":\"CBD\",\"item\":\"https:\/\/thetreecbd.com\/es\/cbd\"},{\"@type\":\"ListItem\",\"position\":3,\"name\":\"Nourriture et Boissons\",\"item\":\"https:\/\/thetreecbd.com\/fr\/nourriture-et-boissons\"},{\"@type\":\"ListItem\",\"position\":4,\"name\":\"Infusion ChillOut : Infusion relaxante de chanvre\"}]},{\"@type\":\"WebSite\",\"@id\":\"https:\/\/thetreecbd.com\/fr#website\",\"url\":\"https:\/\/thetreecbd.com\/fr\",\"name\":\"The Tree CBD\",\"description\":\"Comprar CBD en Espa\u00f1a Online\",\"publisher\":{\"@id\":\"https:\/\/thetreecbd.com\/fr#organization\"},\"potentialAction\":[{\"@type\":\"SearchAction\",\"target\":{\"@type\":\"EntryPoint\",\"urlTemplate\":\"https:\/\/thetreecbd.com\/fr?s={search_term_string}\"},\"query-input\":{\"@type\":\"PropertyValueSpecification\",\"valueRequired\":true,\"valueName\":\"search_term_string\"}}],\"inLanguage\":\"fr-FR\"},{\"@type\":\"Organization\",\"@id\":\"https:\/\/thetreecbd.com\/fr#organization\",\"name\":\"The Tree CBD\",\"url\":\"https:\/\/thetreecbd.com\/fr\",\"logo\":{\"@type\":\"ImageObject\",\"inLanguage\":\"fr-FR\",\"@id\":\"https:\/\/thetreecbd.com\/fr#\/schema\/logo\/image\/\",\"url\":\"https:\/\/thetreecbd.com\/wp-content\/uploads\/2022\/04\/logo-thetree.png\",\"contentUrl\":\"https:\/\/thetreecbd.com\/wp-content\/uploads\/2022\/04\/logo-thetree.png\",\"width\":172,\"height\":55,\"caption\":\"The Tree CBD\"},\"image\":{\"@id\":\"https:\/\/thetreecbd.com\/fr#\/schema\/logo\/image\/\"},\"sameAs\":[\"https:\/\/www.facebook.com\/thetreeCBD\/\",\"https:\/\/x.com\/TheTreeCBD_EU\",\"https:\/\/www.instagram.com\/thetree.cbd\/\",\"https:\/\/es.trustpilot.com\/review\/thetreecbd.com\"]}]}<\/script>\n<!-- \/ Yoast SEO plugin. -->","yoast_head_json":{"title":"Infusion ChillOut : Infusion relaxante de chanvre | The Tree CBD","description":"D\u00e9couvrez la s\u00e9r\u00e9nit\u00e9 avec notre Infusion ChillOut, une d\u00e9licieuse infusion relaxante de chanvre. Profitez de moments de calme avec The Tree CBD. Achetez maintenant et ayez l'esprit tranquille\u00a0!","robots":{"index":"index","follow":"follow","max-snippet":"max-snippet:-1","max-image-preview":"max-image-preview:large","max-video-preview":"max-video-preview:-1"},"canonical":"https:\/\/thetreecbd.com\/fr\/cbd\/infusion-chanvre-chillout","og_locale":"fr_FR","og_type":"article","og_title":"Infusion ChillOut : Infusion relaxante de chanvre | The Tree CBD","og_description":"D\u00e9couvrez la s\u00e9r\u00e9nit\u00e9 avec notre Infusion ChillOut, une d\u00e9licieuse infusion relaxante de chanvre. Profitez de moments de calme avec The Tree CBD. Achetez maintenant et ayez l'esprit tranquille\u00a0!","og_url":"https:\/\/thetreecbd.com\/fr\/cbd\/infusion-chanvre-chillout","og_site_name":"The Tree CBD","article_publisher":"https:\/\/www.facebook.com\/thetreeCBD\/","article_modified_time":"2025-07-04T13:22:01+00:00","og_image":[{"width":600,"height":720,"url":"https:\/\/thetreecbd.com\/wp-content\/uploads\/2024\/03\/chill-out-cenital-1.png","type":"image\/png"}],"twitter_card":"summary_large_image","twitter_site":"@TheTreeCBD_EU","twitter_misc":{"Dur\u00e9e de lecture estim\u00e9e":"5 minutes"},"schema":{"@context":"https:\/\/schema.org","@graph":[{"@type":["WebPage","ItemPage"],"@id":"https:\/\/thetreecbd.com\/fr\/cbd\/infusion-chanvre-chillout","url":"https:\/\/thetreecbd.com\/fr\/cbd\/infusion-chanvre-chillout","name":"Infusion ChillOut : Infusion relaxante de chanvre | The Tree CBD","isPartOf":{"@id":"https:\/\/thetreecbd.com\/fr#website"},"primaryImageOfPage":{"@id":"https:\/\/thetreecbd.com\/fr\/cbd\/infusion-chanvre-chillout#primaryimage"},"image":{"@id":"https:\/\/thetreecbd.com\/fr\/cbd\/infusion-chanvre-chillout#primaryimage"},"thumbnailUrl":"https:\/\/thetreecbd.com\/wp-content\/uploads\/2024\/03\/chill-out-cenital-1.png","datePublished":"2024-01-23T16:52:37+00:00","dateModified":"2025-07-04T13:22:01+00:00","description":"D\u00e9couvrez la s\u00e9r\u00e9nit\u00e9 avec notre Infusion ChillOut, une d\u00e9licieuse infusion relaxante de chanvre. Profitez de moments de calme avec The Tree CBD. Achetez maintenant et ayez l'esprit tranquille\u00a0!","breadcrumb":{"@id":"https:\/\/thetreecbd.com\/fr\/cbd\/infusion-chanvre-chillout#breadcrumb"},"inLanguage":"fr-FR","potentialAction":[{"@type":"ReadAction","target":["https:\/\/thetreecbd.com\/fr\/cbd\/infusion-chanvre-chillout"]}]},{"@type":"ImageObject","inLanguage":"fr-FR","@id":"https:\/\/thetreecbd.com\/fr\/cbd\/infusion-chanvre-chillout#primaryimage","url":"https:\/\/thetreecbd.com\/wp-content\/uploads\/2024\/03\/chill-out-cenital-1.png","contentUrl":"https:\/\/thetreecbd.com\/wp-content\/uploads\/2024\/03\/chill-out-cenital-1.png","width":600,"height":720,"caption":"infusi\u00f3n-chill-out-cenital"},{"@type":"BreadcrumbList","@id":"https:\/\/thetreecbd.com\/fr\/cbd\/infusion-chanvre-chillout#breadcrumb","itemListElement":[{"@type":"ListItem","position":1,"name":"The Tree","item":"https:\/\/thetreecbd.com\/fr"},{"@type":"ListItem","position":2,"name":"CBD","item":"https:\/\/thetreecbd.com\/es\/cbd"},{"@type":"ListItem","position":3,"name":"Nourriture et Boissons","item":"https:\/\/thetreecbd.com\/fr\/nourriture-et-boissons"},{"@type":"ListItem","position":4,"name":"Infusion ChillOut : Infusion relaxante de chanvre"}]},{"@type":"WebSite","@id":"https:\/\/thetreecbd.com\/fr#website","url":"https:\/\/thetreecbd.com\/fr","name":"The Tree CBD","description":"Comprar CBD en Espa\u00f1a Online","publisher":{"@id":"https:\/\/thetreecbd.com\/fr#organization"},"potentialAction":[{"@type":"SearchAction","target":{"@type":"EntryPoint","urlTemplate":"https:\/\/thetreecbd.com\/fr?s={search_term_string}"},"query-input":{"@type":"PropertyValueSpecification","valueRequired":true,"valueName":"search_term_string"}}],"inLanguage":"fr-FR"},{"@type":"Organization","@id":"https:\/\/thetreecbd.com\/fr#organization","name":"The Tree CBD","url":"https:\/\/thetreecbd.com\/fr","logo":{"@type":"ImageObject","inLanguage":"fr-FR","@id":"https:\/\/thetreecbd.com\/fr#\/schema\/logo\/image\/","url":"https:\/\/thetreecbd.com\/wp-content\/uploads\/2022\/04\/logo-thetree.png","contentUrl":"https:\/\/thetreecbd.com\/wp-content\/uploads\/2022\/04\/logo-thetree.png","width":172,"height":55,"caption":"The Tree CBD"},"image":{"@id":"https:\/\/thetreecbd.com\/fr#\/schema\/logo\/image\/"},"sameAs":["https:\/\/www.facebook.com\/thetreeCBD\/","https:\/\/x.com\/TheTreeCBD_EU","https:\/\/www.instagram.com\/thetree.cbd\/","https:\/\/es.trustpilot.com\/review\/thetreecbd.com"]}]}},"_links":{"self":[{"href":"https:\/\/thetreecbd.com\/fr\/wp-json\/wp\/v2\/product\/140938","targetHints":{"allow":["GET"]}}],"collection":[{"href":"https:\/\/thetreecbd.com\/fr\/wp-json\/wp\/v2\/product"}],"about":[{"href":"https:\/\/thetreecbd.com\/fr\/wp-json\/wp\/v2\/types\/product"}],"version-history":[{"count":0,"href":"https:\/\/thetreecbd.com\/fr\/wp-json\/wp\/v2\/product\/140938\/revisions"}],"wp:featuredmedia":[{"embeddable":true,"href":"https:\/\/thetreecbd.com\/fr\/wp-json\/wp\/v2\/media\/142872"}],"wp:attachment":[{"href":"https:\/\/thetreecbd.com\/fr\/wp-json\/wp\/v2\/media?parent=140938"}],"wp:term":[{"taxonomy":"product_brand","embeddable":true,"href":"https:\/\/thetreecbd.com\/fr\/wp-json\/wp\/v2\/product_brand?post=140938"}],"curies":[{"name":"wp","href":"https:\/\/api.w.org\/{rel}","templated":true}]}}