{"id":144190,"date":"2024-04-16T17:26:15","date_gmt":"2024-04-16T15:26:15","guid":{"rendered":"https:\/\/thetreecbd.com\/?post_type=product&#038;p=144190"},"modified":"2025-07-04T14:24:20","modified_gmt":"2025-07-04T12:24:20","slug":"filtres-pla","status":"publish","type":"product","link":"https:\/\/thetreecbd.com\/fr\/cbd\/filtres-pla","title":{"rendered":"Filtres en PLA 100 % recyclables"},"content":{"rendered":"<p>Filtres fabriqu\u00e9s \u00e0 100 % en PLA, un polym\u00e8re organique \u00e0 la surface poreuse et absorbante. <strong>Ils sont r\u00e9utilisables, lavables et enti\u00e8rement biod\u00e9gradables.<\/strong> M\u00eame fondu, il ne d\u00e9gage pas de fum\u00e9es toxiques.<\/p>\n<p><strong>Le PLA est un bioplastique d\u00e9riv\u00e9 de sources renouvelables telles que le ma\u00efs ou la canne \u00e0 sucre, ce qui le rend enti\u00e8rement biod\u00e9gradable et recyclable. Ces filtres ne r\u00e9duisent pas seulement l&#8217;impact sur l&#8217;environnement en diminuant la d\u00e9pendance \u00e0 l&#8217;\u00e9gard des plastiques traditionnels \u00e0 base de p\u00e9trole, mais ils offrent \u00e9galement une exp\u00e9rience plus savoureuse.<\/strong> Leur conception efficace et leur capacit\u00e9 \u00e0 se d\u00e9composer naturellement apr\u00e8s utilisation en font un choix responsable pour les consommateurs soucieux de l&#8217;environnement.<\/p>\n<p>Cette bo\u00eete \u00e0 filtre est disponible dans une gamme compl\u00e8te de couleurs et de formes. <strong>Rigide comme le verre et l\u00e9g\u00e8re comme le carton.<\/strong><\/p>\n","protected":false},"excerpt":{"rendered":"<p><strong>Bo\u00eete de 10 JanoFilters<\/strong> remplis d&#8217;un m\u00e9lange al\u00e9atoire des 12 designs Originals pour am\u00e9liorer vos sessions.<\/p>\n","protected":false},"featured_media":144849,"template":"","meta":{"_acf_changed":false},"product_brand":[],"class_list":{"0":"post-144190","1":"product","2":"type-product","3":"status-publish","4":"has-post-thumbnail","6":"product_cat-accessoires-cbd","8":"first","9":"outofstock","10":"taxable","11":"shipping-taxable","12":"purchasable","13":"product-type-simple"},"acf":[],"yoast_head":"<!-- This site is optimized with the Yoast SEO plugin v26.3 - https:\/\/yoast.com\/wordpress\/plugins\/seo\/ -->\n<title>Filtres recyclables et biod\u00e9gradables | The Tree CBD<\/title>\n<meta name=\"description\" content=\"Achetez vos filtres recyclables et biod\u00e9gradables chez The Tree CBD pour une meilleure exp\u00e9rience lors de vos s\u00e9ances. N&#039;en manquez pas.\" \/>\n<meta name=\"robots\" content=\"index, follow, max-snippet:-1, max-image-preview:large, max-video-preview:-1\" \/>\n<link rel=\"canonical\" href=\"https:\/\/thetreecbd.com\/fr\/cbd\/filtres-pla\" \/>\n<meta property=\"og:locale\" content=\"fr_FR\" \/>\n<meta property=\"og:type\" content=\"article\" \/>\n<meta property=\"og:title\" content=\"Filtres recyclables et biod\u00e9gradables | The Tree CBD\" \/>\n<meta property=\"og:description\" content=\"Achetez vos filtres recyclables et biod\u00e9gradables chez The Tree CBD pour une meilleure exp\u00e9rience lors de vos s\u00e9ances. N&#039;en manquez pas.\" \/>\n<meta property=\"og:url\" content=\"https:\/\/thetreecbd.com\/fr\/cbd\/filtres-pla\" \/>\n<meta property=\"og:site_name\" content=\"The Tree CBD\" \/>\n<meta property=\"article:publisher\" content=\"https:\/\/www.facebook.com\/thetreeCBD\/\" \/>\n<meta property=\"article:modified_time\" content=\"2025-07-04T12:24:20+00:00\" \/>\n<meta property=\"og:image\" content=\"https:\/\/thetreecbd.com\/wp-content\/uploads\/2024\/04\/Disseny-sense-titol-45.png\" \/>\n\t<meta property=\"og:image:width\" content=\"600\" \/>\n\t<meta property=\"og:image:height\" content=\"720\" \/>\n\t<meta property=\"og:image:type\" content=\"image\/png\" \/>\n<meta name=\"twitter:card\" content=\"summary_large_image\" \/>\n<meta name=\"twitter:site\" content=\"@TheTreeCBD_EU\" \/>\n<meta name=\"twitter:label1\" content=\"Dur\u00e9e de lecture estim\u00e9e\" \/>\n\t<meta name=\"twitter:data1\" content=\"1 minute\" \/>\n<script type=\"application\/ld+json\" class=\"yoast-schema-graph\">{\"@context\":\"https:\/\/schema.org\",\"@graph\":[{\"@type\":[\"WebPage\",\"ItemPage\"],\"@id\":\"https:\/\/thetreecbd.com\/fr\/cbd\/filtres-pla\",\"url\":\"https:\/\/thetreecbd.com\/fr\/cbd\/filtres-pla\",\"name\":\"Filtres recyclables et biod\u00e9gradables | The Tree CBD\",\"isPartOf\":{\"@id\":\"https:\/\/thetreecbd.com\/fr#website\"},\"primaryImageOfPage\":{\"@id\":\"https:\/\/thetreecbd.com\/fr\/cbd\/filtres-pla#primaryimage\"},\"image\":{\"@id\":\"https:\/\/thetreecbd.com\/fr\/cbd\/filtres-pla#primaryimage\"},\"thumbnailUrl\":\"https:\/\/thetreecbd.com\/wp-content\/uploads\/2024\/04\/Disseny-sense-titol-45.png\",\"datePublished\":\"2024-04-16T15:26:15+00:00\",\"dateModified\":\"2025-07-04T12:24:20+00:00\",\"description\":\"Achetez vos filtres recyclables et biod\u00e9gradables chez The Tree CBD pour une meilleure exp\u00e9rience lors de vos s\u00e9ances. N'en manquez pas.\",\"breadcrumb\":{\"@id\":\"https:\/\/thetreecbd.com\/fr\/cbd\/filtres-pla#breadcrumb\"},\"inLanguage\":\"fr-FR\",\"potentialAction\":[{\"@type\":\"ReadAction\",\"target\":[\"https:\/\/thetreecbd.com\/fr\/cbd\/filtres-pla\"]}]},{\"@type\":\"ImageObject\",\"inLanguage\":\"fr-FR\",\"@id\":\"https:\/\/thetreecbd.com\/fr\/cbd\/filtres-pla#primaryimage\",\"url\":\"https:\/\/thetreecbd.com\/wp-content\/uploads\/2024\/04\/Disseny-sense-titol-45.png\",\"contentUrl\":\"https:\/\/thetreecbd.com\/wp-content\/uploads\/2024\/04\/Disseny-sense-titol-45.png\",\"width\":600,\"height\":720,\"caption\":\"jano-filters-cbd\"},{\"@type\":\"BreadcrumbList\",\"@id\":\"https:\/\/thetreecbd.com\/fr\/cbd\/filtres-pla#breadcrumb\",\"itemListElement\":[{\"@type\":\"ListItem\",\"position\":1,\"name\":\"The Tree\",\"item\":\"https:\/\/thetreecbd.com\/fr\"},{\"@type\":\"ListItem\",\"position\":2,\"name\":\"CBD\",\"item\":\"https:\/\/thetreecbd.com\/es\/cbd\"},{\"@type\":\"ListItem\",\"position\":3,\"name\":\"Accessoires CBD\",\"item\":\"https:\/\/thetreecbd.com\/fr\/accessoires-cbd\"},{\"@type\":\"ListItem\",\"position\":4,\"name\":\"Filtres en PLA 100 % recyclables\"}]},{\"@type\":\"WebSite\",\"@id\":\"https:\/\/thetreecbd.com\/fr#website\",\"url\":\"https:\/\/thetreecbd.com\/fr\",\"name\":\"The Tree CBD\",\"description\":\"Comprar CBD en Espa\u00f1a Online\",\"publisher\":{\"@id\":\"https:\/\/thetreecbd.com\/fr#organization\"},\"potentialAction\":[{\"@type\":\"SearchAction\",\"target\":{\"@type\":\"EntryPoint\",\"urlTemplate\":\"https:\/\/thetreecbd.com\/fr?s={search_term_string}\"},\"query-input\":{\"@type\":\"PropertyValueSpecification\",\"valueRequired\":true,\"valueName\":\"search_term_string\"}}],\"inLanguage\":\"fr-FR\"},{\"@type\":\"Organization\",\"@id\":\"https:\/\/thetreecbd.com\/fr#organization\",\"name\":\"The Tree CBD\",\"url\":\"https:\/\/thetreecbd.com\/fr\",\"logo\":{\"@type\":\"ImageObject\",\"inLanguage\":\"fr-FR\",\"@id\":\"https:\/\/thetreecbd.com\/fr#\/schema\/logo\/image\/\",\"url\":\"https:\/\/thetreecbd.com\/wp-content\/uploads\/2022\/04\/logo-thetree.png\",\"contentUrl\":\"https:\/\/thetreecbd.com\/wp-content\/uploads\/2022\/04\/logo-thetree.png\",\"width\":172,\"height\":55,\"caption\":\"The Tree CBD\"},\"image\":{\"@id\":\"https:\/\/thetreecbd.com\/fr#\/schema\/logo\/image\/\"},\"sameAs\":[\"https:\/\/www.facebook.com\/thetreeCBD\/\",\"https:\/\/x.com\/TheTreeCBD_EU\",\"https:\/\/www.instagram.com\/thetree.cbd\/\",\"https:\/\/es.trustpilot.com\/review\/thetreecbd.com\"]}]}<\/script>\n<!-- \/ Yoast SEO plugin. -->","yoast_head_json":{"title":"Filtres recyclables et biod\u00e9gradables | The Tree CBD","description":"Achetez vos filtres recyclables et biod\u00e9gradables chez The Tree CBD pour une meilleure exp\u00e9rience lors de vos s\u00e9ances. N'en manquez pas.","robots":{"index":"index","follow":"follow","max-snippet":"max-snippet:-1","max-image-preview":"max-image-preview:large","max-video-preview":"max-video-preview:-1"},"canonical":"https:\/\/thetreecbd.com\/fr\/cbd\/filtres-pla","og_locale":"fr_FR","og_type":"article","og_title":"Filtres recyclables et biod\u00e9gradables | The Tree CBD","og_description":"Achetez vos filtres recyclables et biod\u00e9gradables chez The Tree CBD pour une meilleure exp\u00e9rience lors de vos s\u00e9ances. N'en manquez pas.","og_url":"https:\/\/thetreecbd.com\/fr\/cbd\/filtres-pla","og_site_name":"The Tree CBD","article_publisher":"https:\/\/www.facebook.com\/thetreeCBD\/","article_modified_time":"2025-07-04T12:24:20+00:00","og_image":[{"width":600,"height":720,"url":"https:\/\/thetreecbd.com\/wp-content\/uploads\/2024\/04\/Disseny-sense-titol-45.png","type":"image\/png"}],"twitter_card":"summary_large_image","twitter_site":"@TheTreeCBD_EU","twitter_misc":{"Dur\u00e9e de lecture estim\u00e9e":"1 minute"},"schema":{"@context":"https:\/\/schema.org","@graph":[{"@type":["WebPage","ItemPage"],"@id":"https:\/\/thetreecbd.com\/fr\/cbd\/filtres-pla","url":"https:\/\/thetreecbd.com\/fr\/cbd\/filtres-pla","name":"Filtres recyclables et biod\u00e9gradables | The Tree CBD","isPartOf":{"@id":"https:\/\/thetreecbd.com\/fr#website"},"primaryImageOfPage":{"@id":"https:\/\/thetreecbd.com\/fr\/cbd\/filtres-pla#primaryimage"},"image":{"@id":"https:\/\/thetreecbd.com\/fr\/cbd\/filtres-pla#primaryimage"},"thumbnailUrl":"https:\/\/thetreecbd.com\/wp-content\/uploads\/2024\/04\/Disseny-sense-titol-45.png","datePublished":"2024-04-16T15:26:15+00:00","dateModified":"2025-07-04T12:24:20+00:00","description":"Achetez vos filtres recyclables et biod\u00e9gradables chez The Tree CBD pour une meilleure exp\u00e9rience lors de vos s\u00e9ances. N'en manquez pas.","breadcrumb":{"@id":"https:\/\/thetreecbd.com\/fr\/cbd\/filtres-pla#breadcrumb"},"inLanguage":"fr-FR","potentialAction":[{"@type":"ReadAction","target":["https:\/\/thetreecbd.com\/fr\/cbd\/filtres-pla"]}]},{"@type":"ImageObject","inLanguage":"fr-FR","@id":"https:\/\/thetreecbd.com\/fr\/cbd\/filtres-pla#primaryimage","url":"https:\/\/thetreecbd.com\/wp-content\/uploads\/2024\/04\/Disseny-sense-titol-45.png","contentUrl":"https:\/\/thetreecbd.com\/wp-content\/uploads\/2024\/04\/Disseny-sense-titol-45.png","width":600,"height":720,"caption":"jano-filters-cbd"},{"@type":"BreadcrumbList","@id":"https:\/\/thetreecbd.com\/fr\/cbd\/filtres-pla#breadcrumb","itemListElement":[{"@type":"ListItem","position":1,"name":"The Tree","item":"https:\/\/thetreecbd.com\/fr"},{"@type":"ListItem","position":2,"name":"CBD","item":"https:\/\/thetreecbd.com\/es\/cbd"},{"@type":"ListItem","position":3,"name":"Accessoires CBD","item":"https:\/\/thetreecbd.com\/fr\/accessoires-cbd"},{"@type":"ListItem","position":4,"name":"Filtres en PLA 100 % recyclables"}]},{"@type":"WebSite","@id":"https:\/\/thetreecbd.com\/fr#website","url":"https:\/\/thetreecbd.com\/fr","name":"The Tree CBD","description":"Comprar CBD en Espa\u00f1a Online","publisher":{"@id":"https:\/\/thetreecbd.com\/fr#organization"},"potentialAction":[{"@type":"SearchAction","target":{"@type":"EntryPoint","urlTemplate":"https:\/\/thetreecbd.com\/fr?s={search_term_string}"},"query-input":{"@type":"PropertyValueSpecification","valueRequired":true,"valueName":"search_term_string"}}],"inLanguage":"fr-FR"},{"@type":"Organization","@id":"https:\/\/thetreecbd.com\/fr#organization","name":"The Tree CBD","url":"https:\/\/thetreecbd.com\/fr","logo":{"@type":"ImageObject","inLanguage":"fr-FR","@id":"https:\/\/thetreecbd.com\/fr#\/schema\/logo\/image\/","url":"https:\/\/thetreecbd.com\/wp-content\/uploads\/2022\/04\/logo-thetree.png","contentUrl":"https:\/\/thetreecbd.com\/wp-content\/uploads\/2022\/04\/logo-thetree.png","width":172,"height":55,"caption":"The Tree CBD"},"image":{"@id":"https:\/\/thetreecbd.com\/fr#\/schema\/logo\/image\/"},"sameAs":["https:\/\/www.facebook.com\/thetreeCBD\/","https:\/\/x.com\/TheTreeCBD_EU","https:\/\/www.instagram.com\/thetree.cbd\/","https:\/\/es.trustpilot.com\/review\/thetreecbd.com"]}]}},"_links":{"self":[{"href":"https:\/\/thetreecbd.com\/fr\/wp-json\/wp\/v2\/product\/144190","targetHints":{"allow":["GET"]}}],"collection":[{"href":"https:\/\/thetreecbd.com\/fr\/wp-json\/wp\/v2\/product"}],"about":[{"href":"https:\/\/thetreecbd.com\/fr\/wp-json\/wp\/v2\/types\/product"}],"version-history":[{"count":0,"href":"https:\/\/thetreecbd.com\/fr\/wp-json\/wp\/v2\/product\/144190\/revisions"}],"wp:featuredmedia":[{"embeddable":true,"href":"https:\/\/thetreecbd.com\/fr\/wp-json\/wp\/v2\/media\/144849"}],"wp:attachment":[{"href":"https:\/\/thetreecbd.com\/fr\/wp-json\/wp\/v2\/media?parent=144190"}],"wp:term":[{"taxonomy":"product_brand","embeddable":true,"href":"https:\/\/thetreecbd.com\/fr\/wp-json\/wp\/v2\/product_brand?post=144190"}],"curies":[{"name":"wp","href":"https:\/\/api.w.org\/{rel}","templated":true}]}}