{"id":145385,"date":"2024-05-10T12:34:53","date_gmt":"2024-05-10T10:34:53","guid":{"rendered":"https:\/\/thetreecbd.com\/?post_type=product&#038;p=145385"},"modified":"2025-09-03T13:11:49","modified_gmt":"2025-09-03T11:11:49","slug":"fleurs-trim-purple-punch","status":"publish","type":"product","link":"https:\/\/thetreecbd.com\/fr\/cbd\/fleurs-trim-purple-punch","title":{"rendered":"Trim Purple Punch CBD. Bourgeons hach\u00e9s"},"content":{"rendered":"<p><strong>Le Trim Purple Punch de The Tree CBD est un hach\u00e9 de <a href=\"https:\/\/thetreecbd.com\/fr\/fleurs-cbd\">fleurs de CBD<\/a> et de feuilles qui a gagn\u00e9 en popularit\u00e9 gr\u00e2ce \u00e0 son profil aromatique<\/strong>. Connu pour son riche parfum de baies m\u00fbres et son ar\u00f4me doux et fruit\u00e9, cet hybride \u00e0 dominante indica est un d\u00e9lice pour les sens.<\/p>\n<p>La Trim Purple Punch est une vari\u00e9t\u00e9 qui a \u00e9t\u00e9 soigneusement cultiv\u00e9e pour maximiser ses propri\u00e9t\u00e9s. <strong>Avec des niveaux \u00e9lev\u00e9s de cannabidiol (CBD) et de faibles niveaux de t\u00e9trahydrocannabinol (THC), elle offre les effets b\u00e9n\u00e9fiques du cannabis sans les effets psychotropes<\/strong>. Cela en fait un excellent choix pour tous ceux qui recherchent un trim diff\u00e9rent et de qualit\u00e9.<\/p>\n<p>En ce qui concerne l&#8217;apparence, la Trim Purple Punch ne d\u00e9\u00e7oit pas. <strong>Ce hash de bourgeons et de feuilles est orn\u00e9 de teintes violettes et vertes fonc\u00e9es, ce qui lui conf\u00e8re une esth\u00e9tique impressionnante.<\/strong> Sa structure dense et ses trichomes scintillants ajoutent une autre couche d&#8217;attrait visuel, faisant de cette vari\u00e9t\u00e9 un r\u00e9gal pour les yeux.<\/p>\n<p>En r\u00e9sum\u00e9, The Tree CBD Trim Purple Punch est un produit issu d&#8217;une vari\u00e9t\u00e9 qui combine un ar\u00f4me d\u00e9licieux et un aspect visuel unique.<\/p>\n<h2>Caract\u00e9ristiques du Trim Purple Punch CBD<\/h2>\n<ul>\n<li>Bourgeons et de feuilles de chanvre hach\u00e9s de la variet\u00e9 Purple Punch<\/li>\n<li>Moins de 0,20 % de THC<\/li>\n<li>12% \u00e0 14% de CBD<\/li>\n<li>G\u00e9n\u00e9tique : graines m\u00e9lang\u00e9es s\u00e9lectionn\u00e9es par l&#8217;UE<\/li>\n<li>Sativa 50% Indica 50% Sativa 50% Indica<\/li>\n<li>Pas d&#8217;effets psychoactifs<\/li>\n<li>Cultiv\u00e9e biologiquement<\/li>\n<li>Sans OGM<\/li>\n<li>Sans pesticides<\/li>\n<\/ul>\n<h2>Aroma Trim Purple Punch CBD<\/h2>\n<p>Les terp\u00e8nes se trouvent dans la plupart des huiles essentielles de nombreuses plantes, fleurs et fruits. Ils sont responsables de l&#8217;odeur et de la saveur. Dans le cannabis, on trouve un large profil de terp\u00e8nes.<\/p>\n<p><strong>L&#8217;ar\u00f4me de Trim Purple Punch CBD enveloppe les sens avec son ar\u00f4me doux et fruit\u00e9.<\/strong><\/p>\n<h2>Utilisateur cible<\/h2>\n<p>Le Trim est destin\u00e9 aux acheteurs qui recherchent la qualit\u00e9 habituelle \u00e0 un prix inf\u00e9rieur.<\/p>\n<p>En tant que sous-produit, ce trim vous donne acc\u00e8s \u00e0 un m\u00e9lange de souches \u00e0 un prix tr\u00e8s r\u00e9duit, tout en conservant la m\u00eame qualit\u00e9 de The Tree CBD.<\/p>\n<h2>Informations sur la s\u00e9curit\u00e9<\/h2>\n<p>Veuillez noter que les produits The Tree CBD trim sont des produits d\u00e9coratifs, de collection et aromatiques. Elles ne doivent pas \u00eatre utilis\u00e9es pendant la grossesse ou l&#8217;allaitement. Tenir hors de port\u00e9e des enfants.<\/p>\n<p>Notre CBD trim peut contenir une certaine quantit\u00e9 de THC. Cette teneur est bien s\u00fbr inf\u00e9rieure \u00e0 la limite europ\u00e9enne de 0,2 % de THC.<\/p>\n<p>Le contenu fourni est uniquement destin\u00e9 \u00e0 des fins d&#8217;information et de formation et ne remplace en aucun cas l&#8217;avis d&#8217;un m\u00e9decin ou d&#8217;un pharmacien. Nos textes ne sont pas destin\u00e9s \u00e0 diagnostiquer ou \u00e0 traiter des maladies de mani\u00e8re ind\u00e9pendante.<\/p>\n<p>N&#8217;h\u00e9sitez pas \u00e0 nous contacter si vous avez d&#8217;autres questions.<\/p>\n<h2>Stockage<\/h2>\n<p>Id\u00e9alement, The Tree CBD trim doit \u00eatre conserv\u00e9 dans un endroit frais et sec, \u00e0 l&#8217;abri de la lumi\u00e8re et des odeurs fortes afin d&#8217;\u00e9viter toute contamination et\/ou d\u00e9gradation du CBD trim. \u00c9vitez la lumi\u00e8re directe du soleil et la chaleur.<\/p>\n<p>Attention : La dur\u00e9e de conservation indiqu\u00e9e est d&#8217;un mois si le produit est conserv\u00e9 correctement.<\/p>\n","protected":false},"excerpt":{"rendered":"<ul>\n<li>Bourgeons et de feuilles de chanvre hach\u00e9s de la variet\u00e9 Purple Punch<\/li>\n<li>Moins de 0,20 % de THC<\/li>\n<li>12% \u00e0 14% de CBD<\/li>\n<li>G\u00e9n\u00e9tique : graines m\u00e9lang\u00e9es s\u00e9lectionn\u00e9es par l&#8217;UE<\/li>\n<li>Sativa 50% Indica 50% Sativa 50% Indica<\/li>\n<li>Pas d&#8217;effets psychoactifs<\/li>\n<li>Cultiv\u00e9e biologiquement<\/li>\n<li>Sans OGM<\/li>\n<li>Sans pesticides<\/li>\n<\/ul>\n","protected":false},"featured_media":182731,"template":"","meta":{"_acf_changed":false},"product_brand":[],"class_list":{"0":"post-145385","1":"product","2":"type-product","3":"status-publish","4":"has-post-thumbnail","6":"product_cat-fleurs-cbd","7":"product_cat-cbd-concentrees-20","8":"product_cat-cbd-trim","10":"first","11":"instock","12":"taxable","13":"shipping-taxable","14":"purchasable","15":"product-type-variable"},"acf":[],"yoast_head":"<!-- This site is optimized with the Yoast SEO plugin v26.3 - https:\/\/yoast.com\/wordpress\/plugins\/seo\/ -->\n<title>Trim Purple Punch CBD. Bourgeons hach\u00e9s - Jusqu&#039;\u00e0 CBD | The Tree CBD<\/title>\n<meta name=\"description\" content=\"Bourgeons et feuilles hach\u00e9s de la vari\u00e9t\u00e9 Purple Punch CBD avec une concentration en CBD allant jusqu&#039;\u00e0 14 %. D\u00e9couvrez le chanvre hach\u00e9 et essayez The Tree CBD Trim Purple Punch.\" \/>\n<meta name=\"robots\" content=\"index, follow, max-snippet:-1, max-image-preview:large, max-video-preview:-1\" \/>\n<link rel=\"canonical\" href=\"https:\/\/thetreecbd.com\/fr\/cbd\/fleurs-trim-purple-punch\" \/>\n<meta property=\"og:locale\" content=\"fr_FR\" \/>\n<meta property=\"og:type\" content=\"article\" \/>\n<meta property=\"og:title\" content=\"Trim Purple Punch CBD. Bourgeons hach\u00e9s - Jusqu&#039;\u00e0 CBD | The Tree CBD\" \/>\n<meta property=\"og:description\" content=\"Bourgeons et feuilles hach\u00e9s de la vari\u00e9t\u00e9 Purple Punch CBD avec une concentration en CBD allant jusqu&#039;\u00e0 14 %. D\u00e9couvrez le chanvre hach\u00e9 et essayez The Tree CBD Trim Purple Punch.\" \/>\n<meta property=\"og:url\" content=\"https:\/\/thetreecbd.com\/fr\/cbd\/fleurs-trim-purple-punch\" \/>\n<meta property=\"og:site_name\" content=\"The Tree CBD\" \/>\n<meta property=\"article:publisher\" content=\"https:\/\/www.facebook.com\/thetreeCBD\/\" \/>\n<meta property=\"article:modified_time\" content=\"2025-09-03T11:11:49+00:00\" \/>\n<meta property=\"og:image\" content=\"https:\/\/thetreecbd.com\/wp-content\/uploads\/2024\/04\/Trim-purple-punch-thetreecbd-web.jpg\" \/>\n\t<meta property=\"og:image:width\" content=\"1080\" \/>\n\t<meta property=\"og:image:height\" content=\"1350\" \/>\n\t<meta property=\"og:image:type\" content=\"image\/jpeg\" \/>\n<meta name=\"twitter:card\" content=\"summary_large_image\" \/>\n<meta name=\"twitter:site\" content=\"@TheTreeCBD_EU\" \/>\n<meta name=\"twitter:label1\" content=\"Dur\u00e9e de lecture estim\u00e9e\" \/>\n\t<meta name=\"twitter:data1\" content=\"3 minutes\" \/>\n<script type=\"application\/ld+json\" class=\"yoast-schema-graph\">{\"@context\":\"https:\/\/schema.org\",\"@graph\":[{\"@type\":[\"WebPage\",\"ItemPage\"],\"@id\":\"https:\/\/thetreecbd.com\/fr\/cbd\/fleurs-trim-purple-punch\",\"url\":\"https:\/\/thetreecbd.com\/fr\/cbd\/fleurs-trim-purple-punch\",\"name\":\"Trim Purple Punch CBD. Bourgeons hach\u00e9s - Jusqu'\u00e0 CBD | The Tree CBD\",\"isPartOf\":{\"@id\":\"https:\/\/thetreecbd.com\/fr#website\"},\"primaryImageOfPage\":{\"@id\":\"https:\/\/thetreecbd.com\/fr\/cbd\/fleurs-trim-purple-punch#primaryimage\"},\"image\":{\"@id\":\"https:\/\/thetreecbd.com\/fr\/cbd\/fleurs-trim-purple-punch#primaryimage\"},\"thumbnailUrl\":\"https:\/\/thetreecbd.com\/wp-content\/uploads\/2024\/04\/Trim-purple-punch-thetreecbd-web.jpg\",\"datePublished\":\"2024-05-10T10:34:53+00:00\",\"dateModified\":\"2025-09-03T11:11:49+00:00\",\"description\":\"Bourgeons et feuilles hach\u00e9s de la vari\u00e9t\u00e9 Purple Punch CBD avec une concentration en CBD allant jusqu'\u00e0 14 %. D\u00e9couvrez le chanvre hach\u00e9 et essayez The Tree CBD Trim Purple Punch.\",\"breadcrumb\":{\"@id\":\"https:\/\/thetreecbd.com\/fr\/cbd\/fleurs-trim-purple-punch#breadcrumb\"},\"inLanguage\":\"fr-FR\",\"potentialAction\":[{\"@type\":\"ReadAction\",\"target\":[\"https:\/\/thetreecbd.com\/fr\/cbd\/fleurs-trim-purple-punch\"]}]},{\"@type\":\"ImageObject\",\"inLanguage\":\"fr-FR\",\"@id\":\"https:\/\/thetreecbd.com\/fr\/cbd\/fleurs-trim-purple-punch#primaryimage\",\"url\":\"https:\/\/thetreecbd.com\/wp-content\/uploads\/2024\/04\/Trim-purple-punch-thetreecbd-web.jpg\",\"contentUrl\":\"https:\/\/thetreecbd.com\/wp-content\/uploads\/2024\/04\/Trim-purple-punch-thetreecbd-web.jpg\",\"width\":1080,\"height\":1350},{\"@type\":\"BreadcrumbList\",\"@id\":\"https:\/\/thetreecbd.com\/fr\/cbd\/fleurs-trim-purple-punch#breadcrumb\",\"itemListElement\":[{\"@type\":\"ListItem\",\"position\":1,\"name\":\"The Tree\",\"item\":\"https:\/\/thetreecbd.com\/fr\"},{\"@type\":\"ListItem\",\"position\":2,\"name\":\"CBD\",\"item\":\"https:\/\/thetreecbd.com\/es\/cbd\"},{\"@type\":\"ListItem\",\"position\":3,\"name\":\"Fleurs de chanvre. Fleurs de CBD\",\"item\":\"https:\/\/thetreecbd.com\/fr\/fleurs-cbd\"},{\"@type\":\"ListItem\",\"position\":4,\"name\":\"Trim CBD. Fleurs de CBD hach\u00e9es\",\"item\":\"https:\/\/thetreecbd.com\/fr\/fleurs-cbd\/cbd-trim\"},{\"@type\":\"ListItem\",\"position\":5,\"name\":\"Trim Purple Punch CBD. Bourgeons hach\u00e9s\"}]},{\"@type\":\"WebSite\",\"@id\":\"https:\/\/thetreecbd.com\/fr#website\",\"url\":\"https:\/\/thetreecbd.com\/fr\",\"name\":\"The Tree CBD\",\"description\":\"Comprar CBD en Espa\u00f1a Online\",\"publisher\":{\"@id\":\"https:\/\/thetreecbd.com\/fr#organization\"},\"potentialAction\":[{\"@type\":\"SearchAction\",\"target\":{\"@type\":\"EntryPoint\",\"urlTemplate\":\"https:\/\/thetreecbd.com\/fr?s={search_term_string}\"},\"query-input\":{\"@type\":\"PropertyValueSpecification\",\"valueRequired\":true,\"valueName\":\"search_term_string\"}}],\"inLanguage\":\"fr-FR\"},{\"@type\":\"Organization\",\"@id\":\"https:\/\/thetreecbd.com\/fr#organization\",\"name\":\"The Tree CBD\",\"url\":\"https:\/\/thetreecbd.com\/fr\",\"logo\":{\"@type\":\"ImageObject\",\"inLanguage\":\"fr-FR\",\"@id\":\"https:\/\/thetreecbd.com\/fr#\/schema\/logo\/image\/\",\"url\":\"https:\/\/thetreecbd.com\/wp-content\/uploads\/2022\/04\/logo-thetree.png\",\"contentUrl\":\"https:\/\/thetreecbd.com\/wp-content\/uploads\/2022\/04\/logo-thetree.png\",\"width\":172,\"height\":55,\"caption\":\"The Tree CBD\"},\"image\":{\"@id\":\"https:\/\/thetreecbd.com\/fr#\/schema\/logo\/image\/\"},\"sameAs\":[\"https:\/\/www.facebook.com\/thetreeCBD\/\",\"https:\/\/x.com\/TheTreeCBD_EU\",\"https:\/\/www.instagram.com\/thetree.cbd\/\",\"https:\/\/es.trustpilot.com\/review\/thetreecbd.com\"]}]}<\/script>\n<!-- \/ Yoast SEO plugin. -->","yoast_head_json":{"title":"Trim Purple Punch CBD. Bourgeons hach\u00e9s - Jusqu'\u00e0 CBD | The Tree CBD","description":"Bourgeons et feuilles hach\u00e9s de la vari\u00e9t\u00e9 Purple Punch CBD avec une concentration en CBD allant jusqu'\u00e0 14 %. D\u00e9couvrez le chanvre hach\u00e9 et essayez The Tree CBD Trim Purple Punch.","robots":{"index":"index","follow":"follow","max-snippet":"max-snippet:-1","max-image-preview":"max-image-preview:large","max-video-preview":"max-video-preview:-1"},"canonical":"https:\/\/thetreecbd.com\/fr\/cbd\/fleurs-trim-purple-punch","og_locale":"fr_FR","og_type":"article","og_title":"Trim Purple Punch CBD. Bourgeons hach\u00e9s - Jusqu'\u00e0 CBD | The Tree CBD","og_description":"Bourgeons et feuilles hach\u00e9s de la vari\u00e9t\u00e9 Purple Punch CBD avec une concentration en CBD allant jusqu'\u00e0 14 %. D\u00e9couvrez le chanvre hach\u00e9 et essayez The Tree CBD Trim Purple Punch.","og_url":"https:\/\/thetreecbd.com\/fr\/cbd\/fleurs-trim-purple-punch","og_site_name":"The Tree CBD","article_publisher":"https:\/\/www.facebook.com\/thetreeCBD\/","article_modified_time":"2025-09-03T11:11:49+00:00","og_image":[{"width":1080,"height":1350,"url":"https:\/\/thetreecbd.com\/wp-content\/uploads\/2024\/04\/Trim-purple-punch-thetreecbd-web.jpg","type":"image\/jpeg"}],"twitter_card":"summary_large_image","twitter_site":"@TheTreeCBD_EU","twitter_misc":{"Dur\u00e9e de lecture estim\u00e9e":"3 minutes"},"schema":{"@context":"https:\/\/schema.org","@graph":[{"@type":["WebPage","ItemPage"],"@id":"https:\/\/thetreecbd.com\/fr\/cbd\/fleurs-trim-purple-punch","url":"https:\/\/thetreecbd.com\/fr\/cbd\/fleurs-trim-purple-punch","name":"Trim Purple Punch CBD. Bourgeons hach\u00e9s - Jusqu'\u00e0 CBD | The Tree CBD","isPartOf":{"@id":"https:\/\/thetreecbd.com\/fr#website"},"primaryImageOfPage":{"@id":"https:\/\/thetreecbd.com\/fr\/cbd\/fleurs-trim-purple-punch#primaryimage"},"image":{"@id":"https:\/\/thetreecbd.com\/fr\/cbd\/fleurs-trim-purple-punch#primaryimage"},"thumbnailUrl":"https:\/\/thetreecbd.com\/wp-content\/uploads\/2024\/04\/Trim-purple-punch-thetreecbd-web.jpg","datePublished":"2024-05-10T10:34:53+00:00","dateModified":"2025-09-03T11:11:49+00:00","description":"Bourgeons et feuilles hach\u00e9s de la vari\u00e9t\u00e9 Purple Punch CBD avec une concentration en CBD allant jusqu'\u00e0 14 %. D\u00e9couvrez le chanvre hach\u00e9 et essayez The Tree CBD Trim Purple Punch.","breadcrumb":{"@id":"https:\/\/thetreecbd.com\/fr\/cbd\/fleurs-trim-purple-punch#breadcrumb"},"inLanguage":"fr-FR","potentialAction":[{"@type":"ReadAction","target":["https:\/\/thetreecbd.com\/fr\/cbd\/fleurs-trim-purple-punch"]}]},{"@type":"ImageObject","inLanguage":"fr-FR","@id":"https:\/\/thetreecbd.com\/fr\/cbd\/fleurs-trim-purple-punch#primaryimage","url":"https:\/\/thetreecbd.com\/wp-content\/uploads\/2024\/04\/Trim-purple-punch-thetreecbd-web.jpg","contentUrl":"https:\/\/thetreecbd.com\/wp-content\/uploads\/2024\/04\/Trim-purple-punch-thetreecbd-web.jpg","width":1080,"height":1350},{"@type":"BreadcrumbList","@id":"https:\/\/thetreecbd.com\/fr\/cbd\/fleurs-trim-purple-punch#breadcrumb","itemListElement":[{"@type":"ListItem","position":1,"name":"The Tree","item":"https:\/\/thetreecbd.com\/fr"},{"@type":"ListItem","position":2,"name":"CBD","item":"https:\/\/thetreecbd.com\/es\/cbd"},{"@type":"ListItem","position":3,"name":"Fleurs de chanvre. Fleurs de CBD","item":"https:\/\/thetreecbd.com\/fr\/fleurs-cbd"},{"@type":"ListItem","position":4,"name":"Trim CBD. Fleurs de CBD hach\u00e9es","item":"https:\/\/thetreecbd.com\/fr\/fleurs-cbd\/cbd-trim"},{"@type":"ListItem","position":5,"name":"Trim Purple Punch CBD. Bourgeons hach\u00e9s"}]},{"@type":"WebSite","@id":"https:\/\/thetreecbd.com\/fr#website","url":"https:\/\/thetreecbd.com\/fr","name":"The Tree CBD","description":"Comprar CBD en Espa\u00f1a Online","publisher":{"@id":"https:\/\/thetreecbd.com\/fr#organization"},"potentialAction":[{"@type":"SearchAction","target":{"@type":"EntryPoint","urlTemplate":"https:\/\/thetreecbd.com\/fr?s={search_term_string}"},"query-input":{"@type":"PropertyValueSpecification","valueRequired":true,"valueName":"search_term_string"}}],"inLanguage":"fr-FR"},{"@type":"Organization","@id":"https:\/\/thetreecbd.com\/fr#organization","name":"The Tree CBD","url":"https:\/\/thetreecbd.com\/fr","logo":{"@type":"ImageObject","inLanguage":"fr-FR","@id":"https:\/\/thetreecbd.com\/fr#\/schema\/logo\/image\/","url":"https:\/\/thetreecbd.com\/wp-content\/uploads\/2022\/04\/logo-thetree.png","contentUrl":"https:\/\/thetreecbd.com\/wp-content\/uploads\/2022\/04\/logo-thetree.png","width":172,"height":55,"caption":"The Tree CBD"},"image":{"@id":"https:\/\/thetreecbd.com\/fr#\/schema\/logo\/image\/"},"sameAs":["https:\/\/www.facebook.com\/thetreeCBD\/","https:\/\/x.com\/TheTreeCBD_EU","https:\/\/www.instagram.com\/thetree.cbd\/","https:\/\/es.trustpilot.com\/review\/thetreecbd.com"]}]}},"_links":{"self":[{"href":"https:\/\/thetreecbd.com\/fr\/wp-json\/wp\/v2\/product\/145385","targetHints":{"allow":["GET"]}}],"collection":[{"href":"https:\/\/thetreecbd.com\/fr\/wp-json\/wp\/v2\/product"}],"about":[{"href":"https:\/\/thetreecbd.com\/fr\/wp-json\/wp\/v2\/types\/product"}],"version-history":[{"count":0,"href":"https:\/\/thetreecbd.com\/fr\/wp-json\/wp\/v2\/product\/145385\/revisions"}],"wp:featuredmedia":[{"embeddable":true,"href":"https:\/\/thetreecbd.com\/fr\/wp-json\/wp\/v2\/media\/182731"}],"wp:attachment":[{"href":"https:\/\/thetreecbd.com\/fr\/wp-json\/wp\/v2\/media?parent=145385"}],"wp:term":[{"taxonomy":"product_brand","embeddable":true,"href":"https:\/\/thetreecbd.com\/fr\/wp-json\/wp\/v2\/product_brand?post=145385"}],"curies":[{"name":"wp","href":"https:\/\/api.w.org\/{rel}","templated":true}]}}