{"id":150842,"date":"2024-09-10T13:47:39","date_gmt":"2024-09-10T11:47:39","guid":{"rendered":"https:\/\/thetreecbd.com\/?post_type=product&#038;p=150842"},"modified":"2026-05-07T21:06:48","modified_gmt":"2026-05-07T19:06:48","slug":"la-kush-cake-static-hash","status":"publish","type":"product","link":"https:\/\/thetreecbd.com\/fr\/cbd\/la-kush-cake-static-hash","title":{"rendered":"LA Kush Cake Static Hash"},"content":{"rendered":"<p><strong>La r\u00e9sine de CBD LA Kush Cake Static Hash de The Tree CBD est un produit de haute qualit\u00e9 qui se distingue par sa forte concentration en CBD, atteignant un impressionnant 29 %. Cet extrait repr\u00e9sente le meilleur du chanvre, capturant toute l\u2019essence de la plante dans une r\u00e9sine qui allie apparence saisissante, ar\u00f4me intense et texture agr\u00e9able au toucher.<\/strong><\/p>\n<div><\/div>\n<h3>Qu\u2019est-ce que le Static Hash et comment est-il fabriqu\u00e9 ?<\/h3>\n<p>Le Static Shift Hash, \u00e9galement appel\u00e9 Static Tech Hash, est une m\u00e9thode post-extraction tr\u00e8s innovante qui utilise l\u2019\u00e9lectricit\u00e9 statique pour purifier les extraits de cannabis. L\u2019objectif final est d\u2019am\u00e9liorer encore davantage la qualit\u00e9 et la puret\u00e9 de l\u2019extrait riche en CBD. C\u2019est l\u00e0 que le Static Hash se d\u00e9marque des autres.<\/p>\n<div><\/div>\n<h3>Texture<\/h3>\n<p>La texture de la r\u00e9sine LA Kush Cake Static Hash est l\u2019un de ses aspects les plus remarquables. Elle pr\u00e9sente une consistance compacte et dense, avec une mall\u00e9abilit\u00e9 qui la rend facile \u00e0 manipuler.<\/p>\n<p>Lorsqu\u2019on la presse, elle offre une r\u00e9sistance douce, mais suffisamment souple pour s\u2019effriter facilement. Cette texture interm\u00e9diaire entre fermet\u00e9 et douceur facilite la manipulation et permet d\u2019appr\u00e9cier la richesse de sa composition. En brisant un petit morceau, on observe de minuscules cristaux brillants qui refl\u00e8tent la haute concentration en cannabino\u00efdes, laissant sur les doigts une l\u00e9g\u00e8re sensation r\u00e9sineuse et collante, caract\u00e9ristique des produits de haute qualit\u00e9. Cette texture permet \u00e9galement au produit de conserver sa forme et sa structure, sans \u00eatre trop friable ni trop sec, ce qui en fait une r\u00e9sine agr\u00e9able \u00e0 travailler.<\/p>\n<div><\/div>\n<h3>Apparence<\/h3>\n<p>Visuellement, la r\u00e9sine de CBD LA Kush Cake Static Hash se distingue par ses tons profonds et naturels, allant du brun fonc\u00e9 \u00e0 des nuances plus claires qui lui conf\u00e8rent un aspect authentique et attrayant. \u00c0 la lumi\u00e8re, sa surface refl\u00e8te une brillance subtile gr\u00e2ce aux trichomes pr\u00e9sents dans sa structure, ajoutant une luminosit\u00e9 cristalline \u00e0 l\u2019ensemble. Cette brillance se m\u00eale \u00e0 de petites particules dor\u00e9es et ambr\u00e9es, cr\u00e9ant un jeu de lumi\u00e8re qui met en valeur la puret\u00e9 et la qualit\u00e9 de la r\u00e9sine. Les bords du hash pr\u00e9sentent une teinte l\u00e9g\u00e8rement plus claire, signe d\u2019un pressage artisanal et soign\u00e9 qui pr\u00e9serve les propri\u00e9t\u00e9s visuelles de la plante.<\/p>\n<p>La pr\u00e9sentation de la r\u00e9sine LA Kush Cake Static Hash refl\u00e8te le soin et l\u2019attention apport\u00e9s \u00e0 sa fabrication. L\u2019emballage prot\u00e8ge le produit de la lumi\u00e8re et de l\u2019humidit\u00e9, garantissant que chaque portion conserve ses propri\u00e9t\u00e9s organoleptiques intactes. Ce hash impressionne non seulement par son apparence et son ar\u00f4me, mais aussi par la mani\u00e8re dont il se pr\u00e9sente comme un bijou artisanal dans l\u2019univers du CBD. Id\u00e9al pour ceux qui recherchent une exp\u00e9rience premium, la r\u00e9sine LA Kush Cake Static Hash de The Tree CBD est un produit qui ravit les sens et refl\u00e8te l\u2019excellence dans chacun de ses aspects.<\/p>\n<div><\/div>\n<h3>Caract\u00e9ristiques de la LA Kush Cake Static Hash de The Tree CBD<\/h3>\n<ul>\n<li>Extrait de CBD purifi\u00e9<\/li>\n<li>Formats : sachets de 3 g, 5 g, 15 g, 25 g, 50 g et 100 g<\/li>\n<li>29 % de CBD<\/li>\n<li>Moins de 0,19 % de THC<\/li>\n<li>Sans effets psychoactifs<\/li>\n<li>Chanvre cultiv\u00e9 de mani\u00e8re biologique<\/li>\n<li>Sans OGM<\/li>\n<li>Sans pesticides<\/li>\n<\/ul>\n<div><\/div>\n<h3>Ar\u00f4me CBD<\/h3>\n<p>L\u2019ar\u00f4me de la r\u00e9sine LA Kush Cake Static Hash est une exp\u00e9rience sensorielle enveloppante et complexe, caract\u00e9ris\u00e9e par un m\u00e9lange unique de notes sucr\u00e9es, terreuses et subtilement \u00e9pic\u00e9es. \u00c0 l\u2019ouverture du sachet, un parfum puissant et p\u00e9n\u00e9trant se lib\u00e8re, combinant le meilleur du profil terp\u00e9nique de la vari\u00e9t\u00e9 Kush. L\u2019ar\u00f4me initial est marqu\u00e9 par des notes sucr\u00e9es et cr\u00e9meuses rappelant la vanille et le g\u00e2teau fra\u00eechement cuit, \u00e9voquant chaleur et r\u00e9confort. En approfondissant la fragrance, des touches terreuses et bois\u00e9es apparaissent, apportant une base robuste et \u00e9quilibr\u00e9e. Une l\u00e9g\u00e8re note \u00e9pic\u00e9e, subtilement poivr\u00e9e, compl\u00e8te le profil aromatique, ajoutant une touche de sophistication.<\/p>\n<div><\/div>\n<h3>Packaging<\/h3>\n<p>Les extractions l\u00e9gales de The Tree CBD sont conditionn\u00e9es dans des sachets en plastique biod\u00e9gradable sp\u00e9cialement con\u00e7us pour prot\u00e9ger et conserver correctement les extraits de CBD. Ils sont refermables afin de pr\u00e9server la fra\u00eecheur et l\u2019ar\u00f4me d\u2019origine.<\/p>\n<div><\/div>\n<h3>Format<\/h3>\n<p>La vari\u00e9t\u00e9 LA Kush Cake Static Hash est disponible dans les formats suivants : 3 g, 5 g, 15 g, 25 g, 50 g et 100 g.<\/p>\n<div><\/div>\n<h3>Conservation<\/h3>\n<p>Id\u00e9alement, les r\u00e9sines de The Tree CBD doivent \u00eatre conserv\u00e9es dans un endroit frais et sec, \u00e0 l\u2019abri de la lumi\u00e8re et des odeurs fortes afin d\u2019\u00e9viter toute contamination ou d\u00e9gradation. \u00c9viter l\u2019exposition directe au soleil et \u00e0 la chaleur. Tenir hors de port\u00e9e des enfants.<\/p>\n<p><strong>Attention :<\/strong> la dur\u00e9e de conservation indiqu\u00e9e est d\u2019un mois si le produit est stock\u00e9 correctement.<\/p>\n<div><\/div>\n<h3>Pour qui est-ce destin\u00e9 ?<\/h3>\n<p>La LA Kush Cake Static Hash est un produit d\u2019une puret\u00e9 in\u00e9gal\u00e9e, o\u00f9 le CBD se pr\u00e9sente sous sa forme la plus concentr\u00e9e et efficace. Id\u00e9al pour ceux qui recherchent une exp\u00e9rience premium, cette r\u00e9sine ravit les sens et refl\u00e8te l\u2019excellence dans chaque d\u00e9tail.<\/p>\n<p>Nos r\u00e9sines sont destin\u00e9es aux personnes majeures de plus de 18 ans.<\/p>\n<div><\/div>\n<h3>Informations de s\u00e9curit\u00e9<\/h3>\n<p>Veuillez noter que les extractions de The Tree CBD sont des produits d\u00e9coratifs, de collection et aromatiques. Elles ne doivent pas \u00eatre utilis\u00e9es pendant la grossesse ou l\u2019allaitement. Tenir hors de port\u00e9e des enfants.<\/p>\n<p>Nos extractions peuvent contenir une certaine quantit\u00e9 de THC. Bien entendu, cela reste en dessous de la limite l\u00e9gale de l\u2019UE de 0,2 % de THC.<\/p>\n<p>Le contenu fourni est uniquement \u00e0 des fins informatives et \u00e9ducatives et ne remplace en aucun cas les conseils m\u00e9dicaux d\u2019un professionnel de sant\u00e9. Nos textes ne sont pas destin\u00e9s \u00e0 diagnostiquer ou traiter des maladies de mani\u00e8re autonome.<\/p>\n<p>N\u2019h\u00e9sitez pas \u00e0 nous contacter si vous avez d\u2019autres questions.<\/p>\n","protected":false},"excerpt":{"rendered":"<ul>\n<li><strong>Extraction de CBD purifi\u00e9e<\/strong><\/li>\n<li>Formats : Sacs de 3g, 5g, 15g, 25g, 50g et 100g<\/li>\n<li><strong>29% de CBD<\/strong><\/li>\n<li><strong>Moins de 0,19% de THC<\/strong><\/li>\n<li>Sans effets psychoactifs<\/li>\n<li>Chanvre cultiv\u00e9 de mani\u00e8re biologique<\/li>\n<li>Sans OGM<\/li>\n<li>Sans pesticides<\/li>\n<li>Ar\u00f4me CBD<\/li>\n<\/ul>\n","protected":false},"featured_media":183579,"template":"","meta":{"_acf_changed":false},"product_brand":[],"class_list":{"0":"post-150842","1":"product","2":"type-product","3":"status-publish","4":"has-post-thumbnail","6":"product_cat-promotions-cbd","7":"product_cat-cbd-concentrees-10","8":"product_cat-resines-cbd","10":"first","11":"instock","12":"taxable","13":"shipping-taxable","14":"purchasable","15":"product-type-variable"},"acf":[],"yoast_head":"<!-- This site is optimized with the Yoast SEO plugin v26.3 - https:\/\/yoast.com\/wordpress\/plugins\/seo\/ -->\n<title>LA Kush Cake Static Hash 29 % R\u00e9sine CBD | The Tree CBD<\/title>\n<meta name=\"description\" content=\"LA KUSH CAKE STATIC HASH. extrait purifi\u00e9 et \u00e0 un taux impressionnant de 29 %. Uniquement pour ceux qui recherchent le meilleur des r\u00e9sines CBD.\" \/>\n<meta name=\"robots\" content=\"index, follow, max-snippet:-1, max-image-preview:large, max-video-preview:-1\" \/>\n<link rel=\"canonical\" href=\"https:\/\/thetreecbd.com\/fr\/cbd\/la-kush-cake-static-hash\" \/>\n<meta property=\"og:locale\" content=\"fr_FR\" \/>\n<meta property=\"og:type\" content=\"article\" \/>\n<meta property=\"og:title\" content=\"LA Kush Cake Static Hash 29 % R\u00e9sine CBD | The Tree CBD\" \/>\n<meta property=\"og:description\" content=\"LA KUSH CAKE STATIC HASH. extrait purifi\u00e9 et \u00e0 un taux impressionnant de 29 %. Uniquement pour ceux qui recherchent le meilleur des r\u00e9sines CBD.\" \/>\n<meta property=\"og:url\" content=\"https:\/\/thetreecbd.com\/fr\/cbd\/la-kush-cake-static-hash\" \/>\n<meta property=\"og:site_name\" content=\"The Tree CBD\" \/>\n<meta property=\"article:publisher\" content=\"https:\/\/www.facebook.com\/thetreeCBD\/\" \/>\n<meta property=\"article:modified_time\" content=\"2026-05-07T19:06:48+00:00\" \/>\n<meta property=\"og:image\" content=\"https:\/\/thetreecbd.com\/wp-content\/uploads\/2024\/10\/static-hash-cbd-web-5.png\" \/>\n\t<meta property=\"og:image:width\" content=\"600\" \/>\n\t<meta property=\"og:image:height\" content=\"720\" \/>\n\t<meta property=\"og:image:type\" content=\"image\/png\" \/>\n<meta name=\"twitter:card\" content=\"summary_large_image\" \/>\n<meta name=\"twitter:site\" content=\"@TheTreeCBD_EU\" \/>\n<meta name=\"twitter:label1\" content=\"Dur\u00e9e de lecture estim\u00e9e\" \/>\n\t<meta name=\"twitter:data1\" content=\"5 minutes\" \/>\n<script type=\"application\/ld+json\" class=\"yoast-schema-graph\">{\"@context\":\"https:\/\/schema.org\",\"@graph\":[{\"@type\":[\"WebPage\",\"ItemPage\"],\"@id\":\"https:\/\/thetreecbd.com\/fr\/cbd\/la-kush-cake-static-hash\",\"url\":\"https:\/\/thetreecbd.com\/fr\/cbd\/la-kush-cake-static-hash\",\"name\":\"LA Kush Cake Static Hash 29 % R\u00e9sine CBD | The Tree CBD\",\"isPartOf\":{\"@id\":\"https:\/\/thetreecbd.com\/fr#website\"},\"primaryImageOfPage\":{\"@id\":\"https:\/\/thetreecbd.com\/fr\/cbd\/la-kush-cake-static-hash#primaryimage\"},\"image\":{\"@id\":\"https:\/\/thetreecbd.com\/fr\/cbd\/la-kush-cake-static-hash#primaryimage\"},\"thumbnailUrl\":\"https:\/\/thetreecbd.com\/wp-content\/uploads\/2024\/09\/1LA-KUSH-hash-cbd-thetree-web.jpg\",\"datePublished\":\"2024-09-10T11:47:39+00:00\",\"dateModified\":\"2026-05-07T19:06:48+00:00\",\"description\":\"LA KUSH CAKE STATIC HASH. extrait purifi\u00e9 et \u00e0 un taux impressionnant de 29 %. Uniquement pour ceux qui recherchent le meilleur des r\u00e9sines CBD.\",\"breadcrumb\":{\"@id\":\"https:\/\/thetreecbd.com\/fr\/cbd\/la-kush-cake-static-hash#breadcrumb\"},\"inLanguage\":\"fr-FR\",\"potentialAction\":[{\"@type\":\"ReadAction\",\"target\":[\"https:\/\/thetreecbd.com\/fr\/cbd\/la-kush-cake-static-hash\"]}]},{\"@type\":\"ImageObject\",\"inLanguage\":\"fr-FR\",\"@id\":\"https:\/\/thetreecbd.com\/fr\/cbd\/la-kush-cake-static-hash#primaryimage\",\"url\":\"https:\/\/thetreecbd.com\/wp-content\/uploads\/2024\/09\/1LA-KUSH-hash-cbd-thetree-web.jpg\",\"contentUrl\":\"https:\/\/thetreecbd.com\/wp-content\/uploads\/2024\/09\/1LA-KUSH-hash-cbd-thetree-web.jpg\",\"width\":1080,\"height\":1350},{\"@type\":\"BreadcrumbList\",\"@id\":\"https:\/\/thetreecbd.com\/fr\/cbd\/la-kush-cake-static-hash#breadcrumb\",\"itemListElement\":[{\"@type\":\"ListItem\",\"position\":1,\"name\":\"The Tree\",\"item\":\"https:\/\/thetreecbd.com\/fr\"},{\"@type\":\"ListItem\",\"position\":2,\"name\":\"CBD\",\"item\":\"https:\/\/thetreecbd.com\/es\/cbd\"},{\"@type\":\"ListItem\",\"position\":3,\"name\":\"R\u00e9sines de CBD\",\"item\":\"https:\/\/thetreecbd.com\/fr\/resines-cbd\"},{\"@type\":\"ListItem\",\"position\":4,\"name\":\"LA Kush Cake Static Hash\"}]},{\"@type\":\"WebSite\",\"@id\":\"https:\/\/thetreecbd.com\/fr#website\",\"url\":\"https:\/\/thetreecbd.com\/fr\",\"name\":\"The Tree CBD\",\"description\":\"Comprar CBD en Espa\u00f1a Online\",\"publisher\":{\"@id\":\"https:\/\/thetreecbd.com\/fr#organization\"},\"potentialAction\":[{\"@type\":\"SearchAction\",\"target\":{\"@type\":\"EntryPoint\",\"urlTemplate\":\"https:\/\/thetreecbd.com\/fr?s={search_term_string}\"},\"query-input\":{\"@type\":\"PropertyValueSpecification\",\"valueRequired\":true,\"valueName\":\"search_term_string\"}}],\"inLanguage\":\"fr-FR\"},{\"@type\":\"Organization\",\"@id\":\"https:\/\/thetreecbd.com\/fr#organization\",\"name\":\"The Tree CBD\",\"url\":\"https:\/\/thetreecbd.com\/fr\",\"logo\":{\"@type\":\"ImageObject\",\"inLanguage\":\"fr-FR\",\"@id\":\"https:\/\/thetreecbd.com\/fr#\/schema\/logo\/image\/\",\"url\":\"https:\/\/thetreecbd.com\/wp-content\/uploads\/2022\/04\/logo-thetree.png\",\"contentUrl\":\"https:\/\/thetreecbd.com\/wp-content\/uploads\/2022\/04\/logo-thetree.png\",\"width\":172,\"height\":55,\"caption\":\"The Tree CBD\"},\"image\":{\"@id\":\"https:\/\/thetreecbd.com\/fr#\/schema\/logo\/image\/\"},\"sameAs\":[\"https:\/\/www.facebook.com\/thetreeCBD\/\",\"https:\/\/x.com\/TheTreeCBD_EU\",\"https:\/\/www.instagram.com\/thetree.cbd\/\",\"https:\/\/es.trustpilot.com\/review\/thetreecbd.com\"]}]}<\/script>\n<!-- \/ Yoast SEO plugin. -->","yoast_head_json":{"title":"LA Kush Cake Static Hash 29 % R\u00e9sine CBD | The Tree CBD","description":"LA KUSH CAKE STATIC HASH. extrait purifi\u00e9 et \u00e0 un taux impressionnant de 29 %. Uniquement pour ceux qui recherchent le meilleur des r\u00e9sines CBD.","robots":{"index":"index","follow":"follow","max-snippet":"max-snippet:-1","max-image-preview":"max-image-preview:large","max-video-preview":"max-video-preview:-1"},"canonical":"https:\/\/thetreecbd.com\/fr\/cbd\/la-kush-cake-static-hash","og_locale":"fr_FR","og_type":"article","og_title":"LA Kush Cake Static Hash 29 % R\u00e9sine CBD | The Tree CBD","og_description":"LA KUSH CAKE STATIC HASH. extrait purifi\u00e9 et \u00e0 un taux impressionnant de 29 %. Uniquement pour ceux qui recherchent le meilleur des r\u00e9sines CBD.","og_url":"https:\/\/thetreecbd.com\/fr\/cbd\/la-kush-cake-static-hash","og_site_name":"The Tree CBD","article_publisher":"https:\/\/www.facebook.com\/thetreeCBD\/","article_modified_time":"2026-05-07T19:06:48+00:00","og_image":[{"width":600,"height":720,"url":"https:\/\/thetreecbd.com\/wp-content\/uploads\/2024\/10\/static-hash-cbd-web-5.png","type":"image\/png"}],"twitter_card":"summary_large_image","twitter_site":"@TheTreeCBD_EU","twitter_misc":{"Dur\u00e9e de lecture estim\u00e9e":"5 minutes"},"schema":{"@context":"https:\/\/schema.org","@graph":[{"@type":["WebPage","ItemPage"],"@id":"https:\/\/thetreecbd.com\/fr\/cbd\/la-kush-cake-static-hash","url":"https:\/\/thetreecbd.com\/fr\/cbd\/la-kush-cake-static-hash","name":"LA Kush Cake Static Hash 29 % R\u00e9sine CBD | The Tree CBD","isPartOf":{"@id":"https:\/\/thetreecbd.com\/fr#website"},"primaryImageOfPage":{"@id":"https:\/\/thetreecbd.com\/fr\/cbd\/la-kush-cake-static-hash#primaryimage"},"image":{"@id":"https:\/\/thetreecbd.com\/fr\/cbd\/la-kush-cake-static-hash#primaryimage"},"thumbnailUrl":"https:\/\/thetreecbd.com\/wp-content\/uploads\/2024\/09\/1LA-KUSH-hash-cbd-thetree-web.jpg","datePublished":"2024-09-10T11:47:39+00:00","dateModified":"2026-05-07T19:06:48+00:00","description":"LA KUSH CAKE STATIC HASH. extrait purifi\u00e9 et \u00e0 un taux impressionnant de 29 %. Uniquement pour ceux qui recherchent le meilleur des r\u00e9sines CBD.","breadcrumb":{"@id":"https:\/\/thetreecbd.com\/fr\/cbd\/la-kush-cake-static-hash#breadcrumb"},"inLanguage":"fr-FR","potentialAction":[{"@type":"ReadAction","target":["https:\/\/thetreecbd.com\/fr\/cbd\/la-kush-cake-static-hash"]}]},{"@type":"ImageObject","inLanguage":"fr-FR","@id":"https:\/\/thetreecbd.com\/fr\/cbd\/la-kush-cake-static-hash#primaryimage","url":"https:\/\/thetreecbd.com\/wp-content\/uploads\/2024\/09\/1LA-KUSH-hash-cbd-thetree-web.jpg","contentUrl":"https:\/\/thetreecbd.com\/wp-content\/uploads\/2024\/09\/1LA-KUSH-hash-cbd-thetree-web.jpg","width":1080,"height":1350},{"@type":"BreadcrumbList","@id":"https:\/\/thetreecbd.com\/fr\/cbd\/la-kush-cake-static-hash#breadcrumb","itemListElement":[{"@type":"ListItem","position":1,"name":"The Tree","item":"https:\/\/thetreecbd.com\/fr"},{"@type":"ListItem","position":2,"name":"CBD","item":"https:\/\/thetreecbd.com\/es\/cbd"},{"@type":"ListItem","position":3,"name":"R\u00e9sines de CBD","item":"https:\/\/thetreecbd.com\/fr\/resines-cbd"},{"@type":"ListItem","position":4,"name":"LA Kush Cake Static Hash"}]},{"@type":"WebSite","@id":"https:\/\/thetreecbd.com\/fr#website","url":"https:\/\/thetreecbd.com\/fr","name":"The Tree CBD","description":"Comprar CBD en Espa\u00f1a Online","publisher":{"@id":"https:\/\/thetreecbd.com\/fr#organization"},"potentialAction":[{"@type":"SearchAction","target":{"@type":"EntryPoint","urlTemplate":"https:\/\/thetreecbd.com\/fr?s={search_term_string}"},"query-input":{"@type":"PropertyValueSpecification","valueRequired":true,"valueName":"search_term_string"}}],"inLanguage":"fr-FR"},{"@type":"Organization","@id":"https:\/\/thetreecbd.com\/fr#organization","name":"The Tree CBD","url":"https:\/\/thetreecbd.com\/fr","logo":{"@type":"ImageObject","inLanguage":"fr-FR","@id":"https:\/\/thetreecbd.com\/fr#\/schema\/logo\/image\/","url":"https:\/\/thetreecbd.com\/wp-content\/uploads\/2022\/04\/logo-thetree.png","contentUrl":"https:\/\/thetreecbd.com\/wp-content\/uploads\/2022\/04\/logo-thetree.png","width":172,"height":55,"caption":"The Tree CBD"},"image":{"@id":"https:\/\/thetreecbd.com\/fr#\/schema\/logo\/image\/"},"sameAs":["https:\/\/www.facebook.com\/thetreeCBD\/","https:\/\/x.com\/TheTreeCBD_EU","https:\/\/www.instagram.com\/thetree.cbd\/","https:\/\/es.trustpilot.com\/review\/thetreecbd.com"]}]}},"_links":{"self":[{"href":"https:\/\/thetreecbd.com\/fr\/wp-json\/wp\/v2\/product\/150842","targetHints":{"allow":["GET"]}}],"collection":[{"href":"https:\/\/thetreecbd.com\/fr\/wp-json\/wp\/v2\/product"}],"about":[{"href":"https:\/\/thetreecbd.com\/fr\/wp-json\/wp\/v2\/types\/product"}],"version-history":[{"count":0,"href":"https:\/\/thetreecbd.com\/fr\/wp-json\/wp\/v2\/product\/150842\/revisions"}],"wp:featuredmedia":[{"embeddable":true,"href":"https:\/\/thetreecbd.com\/fr\/wp-json\/wp\/v2\/media\/183579"}],"wp:attachment":[{"href":"https:\/\/thetreecbd.com\/fr\/wp-json\/wp\/v2\/media?parent=150842"}],"wp:term":[{"taxonomy":"product_brand","embeddable":true,"href":"https:\/\/thetreecbd.com\/fr\/wp-json\/wp\/v2\/product_brand?post=150842"}],"curies":[{"name":"wp","href":"https:\/\/api.w.org\/{rel}","templated":true}]}}