{"id":151147,"date":"2024-09-17T16:14:41","date_gmt":"2024-09-17T14:14:41","guid":{"rendered":"https:\/\/thetreecbd.com\/?post_type=product&#038;p=151147"},"modified":"2025-07-04T11:35:12","modified_gmt":"2025-07-04T09:35:12","slug":"infusion-fresh-kase-infusion-de-fruits-rouges-par-kase-o","status":"publish","type":"product","link":"https:\/\/thetreecbd.com\/fr\/cbd\/infusion-fresh-kase-infusion-de-fruits-rouges-par-kase-o","title":{"rendered":"Infusion Fresh Kase : Infusion De Fruits Rouges par Kase.O"},"content":{"rendered":"<div class=\"flex-shrink-0 flex flex-col relative items-end\">\n<div>\n<div class=\"pt-0\">\n<div class=\"gizmo-bot-avatar flex h-8 w-8 items-center justify-center overflow-hidden rounded-full\">\n<div class=\"relative p-1 rounded-sm flex items-center justify-center bg-token-main-surface-primary text-token-text-primary h-8 w-8\">En collaboration <strong>avec le c\u00e9l\u00e8bre artiste Kase.O, The Tree CBD vous pr\u00e9sente la nouvelle infusion Fresh Kase, qui apporte une touche de fra\u00eecheur au monde des infusions<\/strong>. Cr\u00e9\u00e9e en collaboration avec nul autre que Kase.O, le rappeur embl\u00e9matique et r\u00e9f\u00e9rence de la musique urbaine en espagnol. <strong>Avec sa cr\u00e9ativit\u00e9 et sa passion caract\u00e9ristiques, Kase.O a con\u00e7u une infusion unique qui combine le meilleur de la nature et des ingr\u00e9dients biologiques.<\/strong> Fresh Kase n\u2019est pas seulement une boisson, mais une exp\u00e9rience sensorielle qui vous invite \u00e0 d\u00e9connecter, \u00e0 vous laisser aller et \u00e0 savourer chaque instant.<\/div>\n<\/div>\n<\/div>\n<\/div>\n<\/div>\n<div class=\"group\/conversation-turn relative flex w-full min-w-0 flex-col agent-turn\">\n<div class=\"flex-col gap-1 md:gap-3\">\n<div class=\"flex max-w-full flex-col flex-grow\">\n<div class=\"min-h-[20px] text-message flex w-full flex-col items-end gap-2 whitespace-normal break-words [.text-message+&amp;]:mt-5\" dir=\"auto\" data-message-author-role=\"assistant\" data-message-id=\"9250ea5d-3df5-4392-91b0-337a781cab25\">\n<div class=\"flex w-full flex-col gap-1 empty:hidden first:pt-[3px]\">\n<div class=\"markdown prose w-full break-words dark:prose-invert light\">\n<h2>Ingr\u00e9dients biologiques de qualit\u00e9<\/h2>\n<p>L\u2019infusion Fresh Kase est \u00e9labor\u00e9e avec une s\u00e9lection d\u2019ingr\u00e9dients issus de la production biologique, apportant fra\u00eecheur, saveur et bienfaits pour le bien-\u00eatre.<\/p>\n<ul>\n<li><strong>Raisins secs Sultanines :<\/strong> Ces raisins secs biologiques apportent une base douce et velout\u00e9e \u00e0 l&#8217;infusion. Leur teneur en huile de tournesol assure une texture lisse et une l\u00e9g\u00e8re touche huileuse qui \u00e9quilibre les saveurs des fruits.<\/li>\n<li><strong>Hibiscus :<\/strong> Avec sa teinte rouge vibrante caract\u00e9ristique, l&#8217;hibiscus ajoute une acidit\u00e9 rafra\u00eechissante qui dynamise le m\u00e9lange. Cette fleur est connue pour ses propri\u00e9t\u00e9s digestives et sa capacit\u00e9 \u00e0 rafra\u00eechir le corps, devenant ainsi un ingr\u00e9dient cl\u00e9 de cette infusion.<\/li>\n<li><strong>Cynorrhodon :<\/strong> Source naturelle de vitamine C et d&#8217;antioxydants, le cynorrhodon ajoute une touche citronn\u00e9e et fruit\u00e9e qui renforce le caract\u00e8re frais de Fresh Kase. De plus, cet ingr\u00e9dient est reconnu pour renforcer le syst\u00e8me immunitaire, faisant de cette infusion un choix sain pour le quotidien.<\/li>\n<li><strong>Cerise :<\/strong> La cerise biologique, avec son go\u00fbt sucr\u00e9 et acidul\u00e9, apporte une couche juteuse \u00e0 l&#8217;infusion, \u00e9veillant les sens et cr\u00e9ant un m\u00e9lange \u00e9quilibr\u00e9 entre fra\u00eecheur et douceur naturelle.<\/li>\n<li><strong>Myrtille :<\/strong> Riche en antioxydants, la myrtille ajoute une touche acidul\u00e9e et l\u00e9g\u00e8rement sucr\u00e9e qui compl\u00e8te le m\u00e9lange de fruits. La myrtille est accompagn\u00e9e d&#8217;une pinc\u00e9e de sucre de canne et d&#8217;huile de tournesol biologique, garantissant une texture lisse et une saveur homog\u00e8ne.<\/li>\n<li><strong>Pomme :<\/strong> Avec sa douceur naturelle et sa texture croquante, la pomme \u00e9quilibre les saveurs plus acidul\u00e9es de l&#8217;infusion, offrant une finale douce et r\u00e9confortante \u00e0 chaque gorg\u00e9e.<\/li>\n<li><strong>P\u00e9tales de rose :<\/strong> Cette touche florale d\u00e9licate ajoute une dimension aromatique \u00e0 l&#8217;infusion, offrant une sensation de calme et d&#8217;\u00e9l\u00e9gance. Les p\u00e9tales de rose apportent une nuance douce qui compl\u00e8te l&#8217;exp\u00e9rience sensorielle de Fresh Kase.<\/li>\n<\/ul>\n<h2>Propri\u00e9t\u00e9s et effets<\/h2>\n<p>L&#8217;infusion Fresh Kase ne ravit pas seulement les papilles, elle apporte \u00e9galement une s\u00e9rie de bienfaits pour le bien-\u00eatre. Sa combinaison de <strong>fruits et de fleurs fournit une riche source d&#8217;antioxydants, qui aident \u00e0 combattre les radicaux libres et \u00e0 am\u00e9liorer la sant\u00e9 g\u00e9n\u00e9rale du corps.<\/strong> De plus, la pr\u00e9sence d<strong>&#8216;hibiscus et de cynorrhodon favorise la digestion et renforce le syst\u00e8me immunitaire, tandis que la myrtille et la cerise apportent des vitamines essentielles.<\/strong><\/p>\n<p>Cette infusion est parfaite \u00e0 tout moment de la journ\u00e9e, car <strong>elle ne contient pas de caf\u00e9ine.<\/strong> Sa nature douce et \u00e9quilibr\u00e9e en fait une boisson id\u00e9ale pour se d\u00e9tendre ou accompagner un apr\u00e8s-midi cr\u00e9atif.<\/p>\n<h2>Saveur et exp\u00e9rience<\/h2>\n<p>Fresh Kase est une symphonie de saveurs qui se d\u00e9ploie \u00e0 chaque gorg\u00e9e. <strong>Au d\u00e9but, on per\u00e7oit les notes sucr\u00e9es des raisins secs et de la pomme, qui se m\u00ealent \u00e0 l&#8217;acidit\u00e9 vibrante de l&#8217;hibiscus et du cynorrhodon. Ensuite, les cerises et les myrtilles apportent une touche fruit\u00e9e qui donne du corps \u00e0 l&#8217;infusion, tandis que les p\u00e9tales de rose et l&#8217;ar\u00f4me naturel \u00e9l\u00e8vent l&#8217;exp\u00e9rience \u00e0 un tout autre niveau.<\/strong><\/p>\n<p><strong>Kase.O a cr\u00e9\u00e9 une infusion qui refl\u00e8te sa personnalit\u00e9 artistique : complexe mais accessible, intense mais \u00e9quilibr\u00e9e.<\/strong> Chaque tasse de Fresh Kase est un voyage sensoriel qui invite \u00e0 la relaxation, \u00e0 savourer les petits moments et \u00e0 se reconnecter avec soi-m\u00eame. Vous pouvez la d\u00e9guster aussi bien chaude, lors d&#8217;une apr\u00e8s-midi tranquille, que froide, pour vous rafra\u00eechir en \u00e9t\u00e9.<\/p>\n<h2>Caract\u00e9ristiques de l\u2019infusion Fresh Kase by Kase.O<\/h2>\n<ul>\n<li>Infusion relaxante certifi\u00e9e biologique<\/li>\n<li>Format de 50 g<\/li>\n<li>Ingr\u00e9dients : Raisins secs Sultanines, huile de tournesol, hibiscus, cynorrhodon, cerise, myrtille, pomme, p\u00e9tales de rose et ar\u00f4me naturel.<\/li>\n<\/ul>\n<h2>Ar\u00f4me de l&#8217;infusion Fresh Kase by Kase.O<\/h2>\n<p>L&#8217;ar\u00f4me de l&#8217;infusion Fresh Kase est une exp\u00e9rience sensorielle qui se d\u00e9ploie par \u00e9tapes.<strong> \u00c0 l&#8217;ouverture du paquet, vous \u00eates accueilli par un \u00e9quilibre d\u00e9licat de notes sucr\u00e9es et fruit\u00e9es, o\u00f9 se distinguent les nuances douces des raisins secs sultanines et la fra\u00eecheur de la pomme. Ces notes initiales s&#8217;entrelacent avec la touche florale et l\u00e9g\u00e8rement acidul\u00e9e de l&#8217;hibiscus et des p\u00e9tales de rose, qui vous emm\u00e8nent vers la prochaine \u00e9tape avec un parfum frais, vibrant et sophistiqu\u00e9.<\/strong><\/p>\n<p>Le cynorrhodon ajoute une dimension citronn\u00e9e subtile, et enfin, pour <strong>la derni\u00e8re \u00e9tape, la douceur naturelle de la cerise et de la myrtille compl\u00e8te l&#8217;exp\u00e9rience olfactive, avec une touche juteuse et fruit\u00e9e qui \u00e9voque un jardin de fruits frais.<\/strong><\/p>\n<h2>Public cible<\/h2>\n<p>L&#8217;infusion Fresh Kase est id\u00e9ale pour ceux qui valorisent le bien-\u00eatre physique et \u00e9motionnel, recherchent des moments de calme et de cr\u00e9ativit\u00e9, et appr\u00e9cient les infusions naturelles et d\u00e9licieuses. Elle est \u00e9galement recommand\u00e9e pour les personnes suivantes :<\/p>\n<ul>\n<li><strong>Amateurs de bien-\u00eatre et de vie saine :<\/strong> Ceux qui recherchent des produits biologiques, naturels et sans additifs trouveront en Fresh Kase une excellente option. Son m\u00e9lange de fruits et de fleurs, riche en antioxydants et en vitamines, est id\u00e9al pour ceux qui souhaitent prendre soin de leur corps de mani\u00e8re consciente.<\/li>\n<li><strong>Personnes en qu\u00eate de relaxation :<\/strong> Gr\u00e2ce \u00e0 son caract\u00e8re doux et sans caf\u00e9ine, elle est parfaite pour ceux qui souhaitent se d\u00e9tendre apr\u00e8s une longue journ\u00e9e ou pendant des moments de calme. Des ingr\u00e9dients comme l&#8217;hibiscus et les p\u00e9tales de rose procurent une sensation de tranquillit\u00e9.<\/li>\n<li><strong>Cr\u00e9atifs et artistes :<\/strong> \u00c9tant donn\u00e9 que Kase.O, un rappeur et cr\u00e9atif reconnu, est \u00e0 l&#8217;origine de cette infusion, ceux qui recherchent des moments d&#8217;inspiration ou de d\u00e9connexion cr\u00e9ative appr\u00e9cieront cette boisson comme accompagnement de leurs routines ou projets artistiques.<\/li>\n<li><strong>Personnes \u00e9vitant la caf\u00e9ine :<\/strong> Fresh Kase est une excellente alternative pour ceux qui pr\u00e9f\u00e8rent \u00e9viter le th\u00e9 ou le caf\u00e9, car elle offre une saveur riche et complexe sans l&#8217;effet stimulant de la caf\u00e9ine, la rendant adapt\u00e9e \u00e0 une consommation de jour comme de nuit.<\/li>\n<li><strong>Ceux qui aiment les infusions fruit\u00e9es :<\/strong> Avec son profil de saveur frais, fruit\u00e9 et l\u00e9g\u00e8rement acidul\u00e9, cette infusion est parfaite pour ceux qui recherchent une boisson savoureuse et rafra\u00eechissante, pouvant \u00eatre d\u00e9gust\u00e9e chaude ou froide, selon la saison.<\/li>\n<\/ul>\n<h2>Informations de s\u00e9curit\u00e9<\/h2>\n<p>La lumi\u00e8re d\u00e9t\u00e9riore les herbes, il n&#8217;est donc pas conseill\u00e9 de les conserver dans des bocaux en verre, m\u00eame si ceux-ci peuvent avoir un bel aspect d\u00e9coratif. Nous recommandons une bo\u00eete en m\u00e9tal avec un couvercle herm\u00e9tique.<\/p>\n<p>Il est pr\u00e9f\u00e9rable de conserver l&#8217;infusion dans un r\u00e9cipient herm\u00e9tique, ce qui emp\u00eachera toute odeur de p\u00e9n\u00e9trer et la prot\u00e9gera ad\u00e9quatement de l&#8217;humidit\u00e9 et de l&#8217;air.<\/p>\n<h2>Stockage<\/h2>\n<p>Une fois que vous avez achet\u00e9 l&#8217;infusion Sweet Kase, il est important de savoir comment la conserver. Le mieux est de la garder dans une bo\u00eete herm\u00e9tique qui n&#8217;est pas en verre et de la placer dans un endroit frais et sec, \u00e0 l&#8217;abri des fortes odeurs.<\/p>\n<p>L&#8217;infusion Sweet Kase doit \u00eatre conserv\u00e9e dans un endroit sec, propre, sans odeurs, afin de garantir qu&#8217;elle ne perde pas ses qualit\u00e9s organoleptiques. Nous recommandons de ne pas d\u00e9passer une temp\u00e9rature de 20\u00b0C, en accordant une attention particuli\u00e8re durant les mois les plus chauds.<\/p>\n<\/div>\n<\/div>\n<\/div>\n<\/div>\n<\/div>\n<\/div>\n","protected":false},"excerpt":{"rendered":"<ul>\n<li>Infusion relaxante certifi\u00e9e biologique<\/li>\n<li>Format de 50 g<\/li>\n<li>Ingr\u00e9dients : Raisins secs Sultanines, huile de tournesol, hibiscus, cynorrhodon, cerise, myrtille, pomme, p\u00e9tales de rose et ar\u00f4me naturel.<\/li>\n<\/ul>\n","protected":false},"featured_media":152408,"template":"","meta":{"_acf_changed":false},"product_brand":[],"class_list":{"0":"post-151147","1":"product","2":"type-product","3":"status-publish","4":"has-post-thumbnail","6":"product_cat-fresh-kase-cbd-by-kaseo","7":"product_cat-infusions-chanvre","8":"product_cat-nourriture-et-boissons","9":"product_cat-promotions-cbd","10":"product_cat-sweet-kase-cbd-by-kase-o-fr","12":"first","13":"instock","14":"sale","15":"taxable","16":"shipping-taxable","17":"purchasable","18":"product-type-simple"},"acf":[],"yoast_head":"<!-- This site is optimized with the Yoast SEO plugin v26.3 - https:\/\/yoast.com\/wordpress\/plugins\/seo\/ -->\n<title>Infusion Fresh Kase : Infusion De Fruits Rouges par Kase.O | The Tree CBD<\/title>\n<meta name=\"description\" content=\"Infusion de fruits rouges par Kase.O pour une exp\u00e9rience totale. D\u00e9couvrez l&#039;\u00e9quilibre entre douceur et agrumes qui vous emm\u00e8nera dans un jardin de fruits frais.\" \/>\n<meta name=\"robots\" content=\"index, follow, max-snippet:-1, max-image-preview:large, max-video-preview:-1\" \/>\n<link rel=\"canonical\" href=\"https:\/\/thetreecbd.com\/fr\/cbd\/infusion-fresh-kase-infusion-de-fruits-rouges-par-kase-o\" \/>\n<meta property=\"og:locale\" content=\"fr_FR\" \/>\n<meta property=\"og:type\" content=\"article\" \/>\n<meta property=\"og:title\" content=\"Infusion Fresh Kase : Infusion De Fruits Rouges par Kase.O | The Tree CBD\" \/>\n<meta property=\"og:description\" content=\"Infusion de fruits rouges par Kase.O pour une exp\u00e9rience totale. D\u00e9couvrez l&#039;\u00e9quilibre entre douceur et agrumes qui vous emm\u00e8nera dans un jardin de fruits frais.\" \/>\n<meta property=\"og:url\" content=\"https:\/\/thetreecbd.com\/fr\/cbd\/infusion-fresh-kase-infusion-de-fruits-rouges-par-kase-o\" \/>\n<meta property=\"og:site_name\" content=\"The Tree CBD\" \/>\n<meta property=\"article:publisher\" content=\"https:\/\/www.facebook.com\/thetreeCBD\/\" \/>\n<meta property=\"article:modified_time\" content=\"2025-07-04T09:35:12+00:00\" \/>\n<meta property=\"og:image\" content=\"https:\/\/thetreecbd.com\/wp-content\/uploads\/2024\/10\/fresch-kase-infusion-1-web.png\" \/>\n\t<meta property=\"og:image:width\" content=\"600\" \/>\n\t<meta property=\"og:image:height\" content=\"720\" \/>\n\t<meta property=\"og:image:type\" content=\"image\/png\" \/>\n<meta name=\"twitter:card\" content=\"summary_large_image\" \/>\n<meta name=\"twitter:site\" content=\"@TheTreeCBD_EU\" \/>\n<meta name=\"twitter:label1\" content=\"Dur\u00e9e de lecture estim\u00e9e\" \/>\n\t<meta name=\"twitter:data1\" content=\"6 minutes\" \/>\n<script type=\"application\/ld+json\" class=\"yoast-schema-graph\">{\"@context\":\"https:\/\/schema.org\",\"@graph\":[{\"@type\":[\"WebPage\",\"ItemPage\"],\"@id\":\"https:\/\/thetreecbd.com\/fr\/cbd\/infusion-fresh-kase-infusion-de-fruits-rouges-par-kase-o\",\"url\":\"https:\/\/thetreecbd.com\/fr\/cbd\/infusion-fresh-kase-infusion-de-fruits-rouges-par-kase-o\",\"name\":\"Infusion Fresh Kase : Infusion De Fruits Rouges par Kase.O | The Tree CBD\",\"isPartOf\":{\"@id\":\"https:\/\/thetreecbd.com\/fr#website\"},\"primaryImageOfPage\":{\"@id\":\"https:\/\/thetreecbd.com\/fr\/cbd\/infusion-fresh-kase-infusion-de-fruits-rouges-par-kase-o#primaryimage\"},\"image\":{\"@id\":\"https:\/\/thetreecbd.com\/fr\/cbd\/infusion-fresh-kase-infusion-de-fruits-rouges-par-kase-o#primaryimage\"},\"thumbnailUrl\":\"https:\/\/thetreecbd.com\/wp-content\/uploads\/2024\/10\/fresch-kase-infusion-1-web.png\",\"datePublished\":\"2024-09-17T14:14:41+00:00\",\"dateModified\":\"2025-07-04T09:35:12+00:00\",\"description\":\"Infusion de fruits rouges par Kase.O pour une exp\u00e9rience totale. D\u00e9couvrez l'\u00e9quilibre entre douceur et agrumes qui vous emm\u00e8nera dans un jardin de fruits frais.\",\"breadcrumb\":{\"@id\":\"https:\/\/thetreecbd.com\/fr\/cbd\/infusion-fresh-kase-infusion-de-fruits-rouges-par-kase-o#breadcrumb\"},\"inLanguage\":\"fr-FR\",\"potentialAction\":[{\"@type\":\"ReadAction\",\"target\":[\"https:\/\/thetreecbd.com\/fr\/cbd\/infusion-fresh-kase-infusion-de-fruits-rouges-par-kase-o\"]}]},{\"@type\":\"ImageObject\",\"inLanguage\":\"fr-FR\",\"@id\":\"https:\/\/thetreecbd.com\/fr\/cbd\/infusion-fresh-kase-infusion-de-fruits-rouges-par-kase-o#primaryimage\",\"url\":\"https:\/\/thetreecbd.com\/wp-content\/uploads\/2024\/10\/fresch-kase-infusion-1-web.png\",\"contentUrl\":\"https:\/\/thetreecbd.com\/wp-content\/uploads\/2024\/10\/fresch-kase-infusion-1-web.png\",\"width\":600,\"height\":720,\"caption\":\"fressh kase infusion 1 web\"},{\"@type\":\"BreadcrumbList\",\"@id\":\"https:\/\/thetreecbd.com\/fr\/cbd\/infusion-fresh-kase-infusion-de-fruits-rouges-par-kase-o#breadcrumb\",\"itemListElement\":[{\"@type\":\"ListItem\",\"position\":1,\"name\":\"The Tree\",\"item\":\"https:\/\/thetreecbd.com\/fr\"},{\"@type\":\"ListItem\",\"position\":2,\"name\":\"CBD\",\"item\":\"https:\/\/thetreecbd.com\/es\/cbd\"},{\"@type\":\"ListItem\",\"position\":3,\"name\":\"Fresh Kase CBD by Kase.O\",\"item\":\"https:\/\/thetreecbd.com\/fr\/fresh-kase-cbd-by-kaseo\"},{\"@type\":\"ListItem\",\"position\":4,\"name\":\"Infusion Fresh Kase : Infusion De Fruits Rouges par Kase.O\"}]},{\"@type\":\"WebSite\",\"@id\":\"https:\/\/thetreecbd.com\/fr#website\",\"url\":\"https:\/\/thetreecbd.com\/fr\",\"name\":\"The Tree CBD\",\"description\":\"Comprar CBD en Espa\u00f1a Online\",\"publisher\":{\"@id\":\"https:\/\/thetreecbd.com\/fr#organization\"},\"potentialAction\":[{\"@type\":\"SearchAction\",\"target\":{\"@type\":\"EntryPoint\",\"urlTemplate\":\"https:\/\/thetreecbd.com\/fr?s={search_term_string}\"},\"query-input\":{\"@type\":\"PropertyValueSpecification\",\"valueRequired\":true,\"valueName\":\"search_term_string\"}}],\"inLanguage\":\"fr-FR\"},{\"@type\":\"Organization\",\"@id\":\"https:\/\/thetreecbd.com\/fr#organization\",\"name\":\"The Tree CBD\",\"url\":\"https:\/\/thetreecbd.com\/fr\",\"logo\":{\"@type\":\"ImageObject\",\"inLanguage\":\"fr-FR\",\"@id\":\"https:\/\/thetreecbd.com\/fr#\/schema\/logo\/image\/\",\"url\":\"https:\/\/thetreecbd.com\/wp-content\/uploads\/2022\/04\/logo-thetree.png\",\"contentUrl\":\"https:\/\/thetreecbd.com\/wp-content\/uploads\/2022\/04\/logo-thetree.png\",\"width\":172,\"height\":55,\"caption\":\"The Tree CBD\"},\"image\":{\"@id\":\"https:\/\/thetreecbd.com\/fr#\/schema\/logo\/image\/\"},\"sameAs\":[\"https:\/\/www.facebook.com\/thetreeCBD\/\",\"https:\/\/x.com\/TheTreeCBD_EU\",\"https:\/\/www.instagram.com\/thetree.cbd\/\",\"https:\/\/es.trustpilot.com\/review\/thetreecbd.com\"]}]}<\/script>\n<!-- \/ Yoast SEO plugin. -->","yoast_head_json":{"title":"Infusion Fresh Kase : Infusion De Fruits Rouges par Kase.O | The Tree CBD","description":"Infusion de fruits rouges par Kase.O pour une exp\u00e9rience totale. D\u00e9couvrez l'\u00e9quilibre entre douceur et agrumes qui vous emm\u00e8nera dans un jardin de fruits frais.","robots":{"index":"index","follow":"follow","max-snippet":"max-snippet:-1","max-image-preview":"max-image-preview:large","max-video-preview":"max-video-preview:-1"},"canonical":"https:\/\/thetreecbd.com\/fr\/cbd\/infusion-fresh-kase-infusion-de-fruits-rouges-par-kase-o","og_locale":"fr_FR","og_type":"article","og_title":"Infusion Fresh Kase : Infusion De Fruits Rouges par Kase.O | The Tree CBD","og_description":"Infusion de fruits rouges par Kase.O pour une exp\u00e9rience totale. D\u00e9couvrez l'\u00e9quilibre entre douceur et agrumes qui vous emm\u00e8nera dans un jardin de fruits frais.","og_url":"https:\/\/thetreecbd.com\/fr\/cbd\/infusion-fresh-kase-infusion-de-fruits-rouges-par-kase-o","og_site_name":"The Tree CBD","article_publisher":"https:\/\/www.facebook.com\/thetreeCBD\/","article_modified_time":"2025-07-04T09:35:12+00:00","og_image":[{"width":600,"height":720,"url":"https:\/\/thetreecbd.com\/wp-content\/uploads\/2024\/10\/fresch-kase-infusion-1-web.png","type":"image\/png"}],"twitter_card":"summary_large_image","twitter_site":"@TheTreeCBD_EU","twitter_misc":{"Dur\u00e9e de lecture estim\u00e9e":"6 minutes"},"schema":{"@context":"https:\/\/schema.org","@graph":[{"@type":["WebPage","ItemPage"],"@id":"https:\/\/thetreecbd.com\/fr\/cbd\/infusion-fresh-kase-infusion-de-fruits-rouges-par-kase-o","url":"https:\/\/thetreecbd.com\/fr\/cbd\/infusion-fresh-kase-infusion-de-fruits-rouges-par-kase-o","name":"Infusion Fresh Kase : Infusion De Fruits Rouges par Kase.O | The Tree CBD","isPartOf":{"@id":"https:\/\/thetreecbd.com\/fr#website"},"primaryImageOfPage":{"@id":"https:\/\/thetreecbd.com\/fr\/cbd\/infusion-fresh-kase-infusion-de-fruits-rouges-par-kase-o#primaryimage"},"image":{"@id":"https:\/\/thetreecbd.com\/fr\/cbd\/infusion-fresh-kase-infusion-de-fruits-rouges-par-kase-o#primaryimage"},"thumbnailUrl":"https:\/\/thetreecbd.com\/wp-content\/uploads\/2024\/10\/fresch-kase-infusion-1-web.png","datePublished":"2024-09-17T14:14:41+00:00","dateModified":"2025-07-04T09:35:12+00:00","description":"Infusion de fruits rouges par Kase.O pour une exp\u00e9rience totale. D\u00e9couvrez l'\u00e9quilibre entre douceur et agrumes qui vous emm\u00e8nera dans un jardin de fruits frais.","breadcrumb":{"@id":"https:\/\/thetreecbd.com\/fr\/cbd\/infusion-fresh-kase-infusion-de-fruits-rouges-par-kase-o#breadcrumb"},"inLanguage":"fr-FR","potentialAction":[{"@type":"ReadAction","target":["https:\/\/thetreecbd.com\/fr\/cbd\/infusion-fresh-kase-infusion-de-fruits-rouges-par-kase-o"]}]},{"@type":"ImageObject","inLanguage":"fr-FR","@id":"https:\/\/thetreecbd.com\/fr\/cbd\/infusion-fresh-kase-infusion-de-fruits-rouges-par-kase-o#primaryimage","url":"https:\/\/thetreecbd.com\/wp-content\/uploads\/2024\/10\/fresch-kase-infusion-1-web.png","contentUrl":"https:\/\/thetreecbd.com\/wp-content\/uploads\/2024\/10\/fresch-kase-infusion-1-web.png","width":600,"height":720,"caption":"fressh kase infusion 1 web"},{"@type":"BreadcrumbList","@id":"https:\/\/thetreecbd.com\/fr\/cbd\/infusion-fresh-kase-infusion-de-fruits-rouges-par-kase-o#breadcrumb","itemListElement":[{"@type":"ListItem","position":1,"name":"The Tree","item":"https:\/\/thetreecbd.com\/fr"},{"@type":"ListItem","position":2,"name":"CBD","item":"https:\/\/thetreecbd.com\/es\/cbd"},{"@type":"ListItem","position":3,"name":"Fresh Kase CBD by Kase.O","item":"https:\/\/thetreecbd.com\/fr\/fresh-kase-cbd-by-kaseo"},{"@type":"ListItem","position":4,"name":"Infusion Fresh Kase : Infusion De Fruits Rouges par Kase.O"}]},{"@type":"WebSite","@id":"https:\/\/thetreecbd.com\/fr#website","url":"https:\/\/thetreecbd.com\/fr","name":"The Tree CBD","description":"Comprar CBD en Espa\u00f1a Online","publisher":{"@id":"https:\/\/thetreecbd.com\/fr#organization"},"potentialAction":[{"@type":"SearchAction","target":{"@type":"EntryPoint","urlTemplate":"https:\/\/thetreecbd.com\/fr?s={search_term_string}"},"query-input":{"@type":"PropertyValueSpecification","valueRequired":true,"valueName":"search_term_string"}}],"inLanguage":"fr-FR"},{"@type":"Organization","@id":"https:\/\/thetreecbd.com\/fr#organization","name":"The Tree CBD","url":"https:\/\/thetreecbd.com\/fr","logo":{"@type":"ImageObject","inLanguage":"fr-FR","@id":"https:\/\/thetreecbd.com\/fr#\/schema\/logo\/image\/","url":"https:\/\/thetreecbd.com\/wp-content\/uploads\/2022\/04\/logo-thetree.png","contentUrl":"https:\/\/thetreecbd.com\/wp-content\/uploads\/2022\/04\/logo-thetree.png","width":172,"height":55,"caption":"The Tree CBD"},"image":{"@id":"https:\/\/thetreecbd.com\/fr#\/schema\/logo\/image\/"},"sameAs":["https:\/\/www.facebook.com\/thetreeCBD\/","https:\/\/x.com\/TheTreeCBD_EU","https:\/\/www.instagram.com\/thetree.cbd\/","https:\/\/es.trustpilot.com\/review\/thetreecbd.com"]}]}},"_links":{"self":[{"href":"https:\/\/thetreecbd.com\/fr\/wp-json\/wp\/v2\/product\/151147","targetHints":{"allow":["GET"]}}],"collection":[{"href":"https:\/\/thetreecbd.com\/fr\/wp-json\/wp\/v2\/product"}],"about":[{"href":"https:\/\/thetreecbd.com\/fr\/wp-json\/wp\/v2\/types\/product"}],"version-history":[{"count":0,"href":"https:\/\/thetreecbd.com\/fr\/wp-json\/wp\/v2\/product\/151147\/revisions"}],"wp:featuredmedia":[{"embeddable":true,"href":"https:\/\/thetreecbd.com\/fr\/wp-json\/wp\/v2\/media\/152408"}],"wp:attachment":[{"href":"https:\/\/thetreecbd.com\/fr\/wp-json\/wp\/v2\/media?parent=151147"}],"wp:term":[{"taxonomy":"product_brand","embeddable":true,"href":"https:\/\/thetreecbd.com\/fr\/wp-json\/wp\/v2\/product_brand?post=151147"}],"curies":[{"name":"wp","href":"https:\/\/api.w.org\/{rel}","templated":true}]}}