{"id":153391,"date":"2024-11-13T13:45:59","date_gmt":"2024-11-13T12:45:59","guid":{"rendered":"https:\/\/thetreecbd.com\/?post_type=product&#038;p=153391"},"modified":"2025-12-12T00:47:18","modified_gmt":"2025-12-11T23:47:18","slug":"gorilla-glue","status":"publish","type":"product","link":"https:\/\/thetreecbd.com\/fr\/cbd\/gorilla-glue","title":{"rendered":"Gorilla Glue"},"content":{"rendered":"<h3>Gorilla Glue CBD<\/h3>\n<p><strong>La nouvelle vari\u00e9t\u00e9 Gorilla Glue CBD de The Tree CBD<\/strong>, cultiv\u00e9e dans un environnement hydroponique en serre (Glasshouse), est une fleur de CBD premium con\u00e7ue pour ceux qui recherchent une exp\u00e9rience naturelle et captivante.<\/p>\n<p>Avec 18 % de CBD, cette fleur se distingue par sa qualit\u00e9 et son puissant profil terp\u00e9nique, en faisant un choix unique pour les passionn\u00e9s de chanvre et les amateurs d\u2019ar\u00f4mes complexes et enveloppants.<\/p>\n<p>Une fleur n\u00e9e de la collaboration entre The Tree CBD et le designer cannabique Venyason, qui a con\u00e7u un packaging inspir\u00e9 de la culture cannabique barcelonaise.<\/p>\n<h3>Un caract\u00e8re affirm\u00e9<\/h3>\n<p>Gorilla Glue CBD est riche en terp\u00e8nes comme le myrc\u00e8ne, le pin\u00e8ne et le caryophyll\u00e8ne, qui lui conf\u00e8rent son caract\u00e8re distinctif.<\/p>\n<p>Le <strong>myrc\u00e8ne<\/strong> est responsable de ses notes terreuses et de la l\u00e9g\u00e8re douceur fruit\u00e9e qui caract\u00e9rise cette vari\u00e9t\u00e9. C\u2019est l\u2019un des terp\u00e8nes les plus pr\u00e9sents dans cette fleur, apportant un parfum relaxant et enveloppant.<\/p>\n<p>Le <strong>pin\u00e8ne<\/strong>, autre composant cl\u00e9, apporte une touche fra\u00eeche et r\u00e9sineuse, rappelant les for\u00eats de pins, et ajoute une sensation de clart\u00e9 et de fra\u00eecheur \u00e0 l\u2019ensemble.<\/p>\n<p>Enfin, le <strong>caryophyll\u00e8ne<\/strong> offre une base \u00e9pic\u00e9e et l\u00e9g\u00e8rement poivr\u00e9e, avec une chaleur subtile qui compl\u00e8te les autres terp\u00e8nes. La combinaison de ces trois terp\u00e8nes principaux, accompagn\u00e9s de compos\u00e9s secondaires, donne lieu \u00e0 une exp\u00e9rience riche et \u00e9quilibr\u00e9e, id\u00e9ale pour ceux qui recherchent un ar\u00f4me distinctif et une complexit\u00e9 exceptionnelle.<\/p>\n<p>Les t\u00eates sont denses, bien form\u00e9es et compactes, recouvertes d\u2019une abondante couche de trichomes cristallins qui leur conf\u00e8rent un aspect r\u00e9sineux et brillant.<\/p>\n<p>Les tons vert fonc\u00e9 dominent l\u2019apparence g\u00e9n\u00e9rale de la fleur, accompagn\u00e9s de nuances violettes subtiles et de pistils orange vif, cr\u00e9ant un contraste visuel sophistiqu\u00e9 et attrayant.<\/p>\n<p>Cet aspect vibrant et riche en d\u00e9tails refl\u00e8te son mode de culture en environnement hydroponique Glasshouse, o\u00f9 chaque \u00e9tape de croissance est contr\u00f4l\u00e9e et optimis\u00e9e pour garantir un produit final de haute qualit\u00e9.<\/p>\n<h3>Caract\u00e9ristiques du cannabis l\u00e9gal Gorilla Glue CBD<\/h3>\n<ul>\n<li>Fleurs de chanvre<\/li>\n<li>Ar\u00f4me frais de for\u00eat avec des nuances terreuses<\/li>\n<li>Moins de 0,20 % de THC<\/li>\n<li>18 % de CBD<\/li>\n<li>G\u00e9n\u00e9tique : Sour Dubb \u00d7 ChechChem Sister \u00d7 Chocolate Diesel<\/li>\n<li>Sans effets psychoactifs<\/li>\n<li>Cultiv\u00e9e de mani\u00e8re biologique<\/li>\n<li>Sans OGM<\/li>\n<li>Sans pesticides<\/li>\n<\/ul>\n<h3>Ar\u00f4me Gorilla Glue CBD<\/h3>\n<p>Gorilla Glue CBD poss\u00e8de un ar\u00f4me distinctif et puissant qui, d\u00e8s le premier contact, plonge les sens dans un m\u00e9lange de notes fra\u00eeches, terreuses et \u00e9pic\u00e9es.<\/p>\n<p>Des touches de pin et de bois se m\u00ealent \u00e0 des nuances subtiles de caf\u00e9 torr\u00e9fi\u00e9 et \u00e0 une l\u00e9g\u00e8re douceur fruit\u00e9e, cr\u00e9ant un parfum envo\u00fbtant et inoubliable.<\/p>\n<p>En explorant son profil olfactif, on d\u00e9couvre des r\u00e9miniscences de citron et d\u2019\u00e9pices, offrant une complexit\u00e9 aromatique qui \u00e9quilibre parfaitement les notes terreuses et fra\u00eeches. Son go\u00fbt compl\u00e8te l\u2019ar\u00f4me, avec des notes citronn\u00e9es l\u00e9g\u00e8res qui rafra\u00eechissent le palais et des touches herbac\u00e9es douces et persistantes, pour une exp\u00e9rience compl\u00e8te et satisfaisante.<\/p>\n<h3>Profil terp\u00e9nique<\/h3>\n<p>La vari\u00e9t\u00e9 Gorilla Glue CBD se distingue par un profil de terp\u00e8nes \u00e9quilibr\u00e9 et complexe, cr\u00e9ant une exp\u00e9rience aromatique riche et unique. Les terp\u00e8nes dominants incluent :<\/p>\n<ul>\n<li><strong>Myrc\u00e8ne<\/strong> : Le plus abondant dans cette vari\u00e9t\u00e9. Il apporte des ar\u00f4mes terreux, l\u00e9g\u00e8rement sucr\u00e9s et fruit\u00e9s, avec des notes de raisin et un fond herbac\u00e9. Il favorise une sensation de d\u00e9tente.<\/li>\n<li><strong>Pin\u00e8ne<\/strong> : Pr\u00e9sent dans les conif\u00e8res, il ajoute des notes fra\u00eeches et r\u00e9sineuses, rappelant une for\u00eat de pins. Il contribue \u00e0 la clart\u00e9 et \u00e0 la fra\u00eecheur de l\u2019ar\u00f4me.<\/li>\n<li><strong>Caryophyll\u00e8ne<\/strong> : Avec son ar\u00f4me \u00e9pic\u00e9 et poivr\u00e9, il ajoute une chaleur subtile. C\u2019est le seul terp\u00e8ne connu pour interagir avec les r\u00e9cepteurs CB2, bien que son r\u00f4le ici soit principalement olfactif.<\/li>\n<li><strong>Limon\u00e8ne<\/strong> : Introduit une note citronn\u00e9e subtile, lumineuse et joyeuse, qui \u00e9quilibre les notes bois\u00e9es et terreuses.<\/li>\n<li><strong>Humul\u00e8ne<\/strong> (moins pr\u00e9sent mais notable) : Apporte un ar\u00f4me bois\u00e9 et terreux, avec des nuances de houblon, renfor\u00e7ant le caract\u00e8re terreux de la fleur.<\/li>\n<\/ul>\n<h3>Public cible<\/h3>\n<p>Gorilla Glue CBD s\u2019adresse \u00e0 un large public, mais surtout \u00e0 ceux qui recherchent une exp\u00e9rience sensorielle compl\u00e8te dans une fleur de chanvre. Elle est parfaite pour les amateurs exigeants qui souhaitent un produit premium avec un profil terp\u00e9nique bien d\u00e9fini et des ar\u00f4mes hors du commun.<\/p>\n<p>Les connaisseurs de CBD et les amateurs d\u2019exp\u00e9riences sensorielles trouveront dans cette vari\u00e9t\u00e9 une compagne id\u00e9ale pour explorer et savourer une fleur de caract\u00e8re.<\/p>\n<p>Elle est \u00e9galement id\u00e9ale pour ceux qui appr\u00e9cient un produit cultiv\u00e9 avec soin, car la culture hydroponique en Glasshouse garantit un environnement contr\u00f4l\u00e9 qui sublime le profil aromatique et visuel de la fleur.<\/p>\n<p>Les utilisateurs qui aiment la nature et les ar\u00f4mes bois\u00e9s, ou qui recherchent une \u00e9vasion sensorielle \u00e0 travers une fleur de chanvre, trouveront dans Gorilla Glue CBD un choix fascinant et unique.<\/p>\n<h3>Informations de s\u00e9curit\u00e9<\/h3>\n<h3>Conservation<\/h3>\n<p>Id\u00e9alement, les fleurs de CBD de The Tree doivent \u00eatre conserv\u00e9es dans un endroit frais et sec, \u00e0 l\u2019abri de la lumi\u00e8re et des odeurs fortes pour \u00e9viter toute contamination ou d\u00e9gradation.<\/p>\n<p><strong>Attention :<\/strong> La dur\u00e9e de conservation indiqu\u00e9e est d\u2019un mois si le produit est stock\u00e9 correctement.<\/p>\n","protected":false},"excerpt":{"rendered":"<ul>\n<li><strong>Fleurs de chanvre<\/strong><\/li>\n<li><strong>Ar\u00f4me : fra\u00eecheur bois\u00e9e avec des notes terreuses<\/strong><\/li>\n<li><strong>Moins de 0,20 % de THC<\/strong><\/li>\n<li><strong>18 % de CBD<\/strong><\/li>\n<li>G\u00e9n\u00e9tique : Sour Dubb \u00d7 ChechChem Sister \u00d7 Chocolate Diesel<\/li>\n<li>Sans effets psychoactifs<\/li>\n<li>Cultiv\u00e9 biologiquement, sans OGM ni pesticides<\/li>\n<\/ul>\n","protected":false},"featured_media":183014,"template":"","meta":{"_acf_changed":false},"product_brand":[],"class_list":{"0":"post-153391","1":"product","2":"type-product","3":"status-publish","4":"has-post-thumbnail","6":"product_cat-green-house","7":"product_cat-fleurs-cbd","8":"product_cat-cbd-concentrees-10","10":"first","11":"instock","12":"taxable","13":"shipping-taxable","14":"purchasable","15":"product-type-variable"},"acf":[],"yoast_head":"<!-- This site is optimized with the Yoast SEO plugin v26.3 - https:\/\/yoast.com\/wordpress\/plugins\/seo\/ -->\n<title>Gorilla Glue - 18% CBD. Cannabis Legal | The Tree CBD<\/title>\n<meta name=\"description\" content=\"Fleur de CBD Gorilla Glue de The Tree CBD, cultiv\u00e9e en serre hydroponique, avec 18% de CBD. Ar\u00f4mes terreux, \u00e9pic\u00e9s et frais. Id\u00e9al pour les experts du chanvre.\" \/>\n<meta name=\"robots\" content=\"index, follow, max-snippet:-1, max-image-preview:large, max-video-preview:-1\" \/>\n<link rel=\"canonical\" href=\"https:\/\/thetreecbd.com\/fr\/cbd\/gorilla-glue\" \/>\n<meta property=\"og:locale\" content=\"fr_FR\" \/>\n<meta property=\"og:type\" content=\"article\" \/>\n<meta property=\"og:title\" content=\"Gorilla Glue - 18% CBD. Cannabis Legal | The Tree CBD\" \/>\n<meta property=\"og:description\" content=\"Fleur de CBD Gorilla Glue de The Tree CBD, cultiv\u00e9e en serre hydroponique, avec 18% de CBD. Ar\u00f4mes terreux, \u00e9pic\u00e9s et frais. Id\u00e9al pour les experts du chanvre.\" \/>\n<meta property=\"og:url\" content=\"https:\/\/thetreecbd.com\/fr\/cbd\/gorilla-glue\" \/>\n<meta property=\"og:site_name\" content=\"The Tree CBD\" \/>\n<meta property=\"article:publisher\" content=\"https:\/\/www.facebook.com\/thetreeCBD\/\" \/>\n<meta property=\"article:modified_time\" content=\"2025-12-11T23:47:18+00:00\" \/>\n<meta property=\"og:image\" content=\"https:\/\/thetreecbd.com\/wp-content\/uploads\/2024\/11\/gorilla-glue-cbd-thetree-web.jpg\" \/>\n\t<meta property=\"og:image:width\" content=\"1080\" \/>\n\t<meta property=\"og:image:height\" content=\"1350\" \/>\n\t<meta property=\"og:image:type\" content=\"image\/jpeg\" \/>\n<meta name=\"twitter:card\" content=\"summary_large_image\" \/>\n<meta name=\"twitter:site\" content=\"@TheTreeCBD_EU\" \/>\n<meta name=\"twitter:label1\" content=\"Dur\u00e9e de lecture estim\u00e9e\" \/>\n\t<meta name=\"twitter:data1\" content=\"5 minutes\" \/>\n<script type=\"application\/ld+json\" class=\"yoast-schema-graph\">{\"@context\":\"https:\/\/schema.org\",\"@graph\":[{\"@type\":[\"WebPage\",\"ItemPage\"],\"@id\":\"https:\/\/thetreecbd.com\/fr\/cbd\/gorilla-glue\",\"url\":\"https:\/\/thetreecbd.com\/fr\/cbd\/gorilla-glue\",\"name\":\"Gorilla Glue - 18% CBD. Cannabis Legal | The Tree CBD\",\"isPartOf\":{\"@id\":\"https:\/\/thetreecbd.com\/fr#website\"},\"primaryImageOfPage\":{\"@id\":\"https:\/\/thetreecbd.com\/fr\/cbd\/gorilla-glue#primaryimage\"},\"image\":{\"@id\":\"https:\/\/thetreecbd.com\/fr\/cbd\/gorilla-glue#primaryimage\"},\"thumbnailUrl\":\"https:\/\/thetreecbd.com\/wp-content\/uploads\/2024\/11\/gorilla-glue-cbd-thetree-web.jpg\",\"datePublished\":\"2024-11-13T12:45:59+00:00\",\"dateModified\":\"2025-12-11T23:47:18+00:00\",\"description\":\"Fleur de CBD Gorilla Glue de The Tree CBD, cultiv\u00e9e en serre hydroponique, avec 18% de CBD. Ar\u00f4mes terreux, \u00e9pic\u00e9s et frais. Id\u00e9al pour les experts du chanvre.\",\"breadcrumb\":{\"@id\":\"https:\/\/thetreecbd.com\/fr\/cbd\/gorilla-glue#breadcrumb\"},\"inLanguage\":\"fr-FR\",\"potentialAction\":[{\"@type\":\"ReadAction\",\"target\":[\"https:\/\/thetreecbd.com\/fr\/cbd\/gorilla-glue\"]}]},{\"@type\":\"ImageObject\",\"inLanguage\":\"fr-FR\",\"@id\":\"https:\/\/thetreecbd.com\/fr\/cbd\/gorilla-glue#primaryimage\",\"url\":\"https:\/\/thetreecbd.com\/wp-content\/uploads\/2024\/11\/gorilla-glue-cbd-thetree-web.jpg\",\"contentUrl\":\"https:\/\/thetreecbd.com\/wp-content\/uploads\/2024\/11\/gorilla-glue-cbd-thetree-web.jpg\",\"width\":1080,\"height\":1350},{\"@type\":\"BreadcrumbList\",\"@id\":\"https:\/\/thetreecbd.com\/fr\/cbd\/gorilla-glue#breadcrumb\",\"itemListElement\":[{\"@type\":\"ListItem\",\"position\":1,\"name\":\"The Tree\",\"item\":\"https:\/\/thetreecbd.com\/fr\"},{\"@type\":\"ListItem\",\"position\":2,\"name\":\"CBD\",\"item\":\"https:\/\/thetreecbd.com\/es\/cbd\"},{\"@type\":\"ListItem\",\"position\":3,\"name\":\"Fleurs de chanvre. Fleurs de CBD\",\"item\":\"https:\/\/thetreecbd.com\/fr\/fleurs-cbd\"},{\"@type\":\"ListItem\",\"position\":4,\"name\":\"Fleurs de CBD Green House\",\"item\":\"https:\/\/thetreecbd.com\/fr\/fleurs-cbd\/green-house\"},{\"@type\":\"ListItem\",\"position\":5,\"name\":\"Gorilla Glue\"}]},{\"@type\":\"WebSite\",\"@id\":\"https:\/\/thetreecbd.com\/fr#website\",\"url\":\"https:\/\/thetreecbd.com\/fr\",\"name\":\"The Tree CBD\",\"description\":\"Comprar CBD en Espa\u00f1a Online\",\"publisher\":{\"@id\":\"https:\/\/thetreecbd.com\/fr#organization\"},\"potentialAction\":[{\"@type\":\"SearchAction\",\"target\":{\"@type\":\"EntryPoint\",\"urlTemplate\":\"https:\/\/thetreecbd.com\/fr?s={search_term_string}\"},\"query-input\":{\"@type\":\"PropertyValueSpecification\",\"valueRequired\":true,\"valueName\":\"search_term_string\"}}],\"inLanguage\":\"fr-FR\"},{\"@type\":\"Organization\",\"@id\":\"https:\/\/thetreecbd.com\/fr#organization\",\"name\":\"The Tree CBD\",\"url\":\"https:\/\/thetreecbd.com\/fr\",\"logo\":{\"@type\":\"ImageObject\",\"inLanguage\":\"fr-FR\",\"@id\":\"https:\/\/thetreecbd.com\/fr#\/schema\/logo\/image\/\",\"url\":\"https:\/\/thetreecbd.com\/wp-content\/uploads\/2022\/04\/logo-thetree.png\",\"contentUrl\":\"https:\/\/thetreecbd.com\/wp-content\/uploads\/2022\/04\/logo-thetree.png\",\"width\":172,\"height\":55,\"caption\":\"The Tree CBD\"},\"image\":{\"@id\":\"https:\/\/thetreecbd.com\/fr#\/schema\/logo\/image\/\"},\"sameAs\":[\"https:\/\/www.facebook.com\/thetreeCBD\/\",\"https:\/\/x.com\/TheTreeCBD_EU\",\"https:\/\/www.instagram.com\/thetree.cbd\/\",\"https:\/\/es.trustpilot.com\/review\/thetreecbd.com\"]}]}<\/script>\n<!-- \/ Yoast SEO plugin. -->","yoast_head_json":{"title":"Gorilla Glue - 18% CBD. Cannabis Legal | The Tree CBD","description":"Fleur de CBD Gorilla Glue de The Tree CBD, cultiv\u00e9e en serre hydroponique, avec 18% de CBD. Ar\u00f4mes terreux, \u00e9pic\u00e9s et frais. Id\u00e9al pour les experts du chanvre.","robots":{"index":"index","follow":"follow","max-snippet":"max-snippet:-1","max-image-preview":"max-image-preview:large","max-video-preview":"max-video-preview:-1"},"canonical":"https:\/\/thetreecbd.com\/fr\/cbd\/gorilla-glue","og_locale":"fr_FR","og_type":"article","og_title":"Gorilla Glue - 18% CBD. Cannabis Legal | The Tree CBD","og_description":"Fleur de CBD Gorilla Glue de The Tree CBD, cultiv\u00e9e en serre hydroponique, avec 18% de CBD. Ar\u00f4mes terreux, \u00e9pic\u00e9s et frais. Id\u00e9al pour les experts du chanvre.","og_url":"https:\/\/thetreecbd.com\/fr\/cbd\/gorilla-glue","og_site_name":"The Tree CBD","article_publisher":"https:\/\/www.facebook.com\/thetreeCBD\/","article_modified_time":"2025-12-11T23:47:18+00:00","og_image":[{"width":1080,"height":1350,"url":"https:\/\/thetreecbd.com\/wp-content\/uploads\/2024\/11\/gorilla-glue-cbd-thetree-web.jpg","type":"image\/jpeg"}],"twitter_card":"summary_large_image","twitter_site":"@TheTreeCBD_EU","twitter_misc":{"Dur\u00e9e de lecture estim\u00e9e":"5 minutes"},"schema":{"@context":"https:\/\/schema.org","@graph":[{"@type":["WebPage","ItemPage"],"@id":"https:\/\/thetreecbd.com\/fr\/cbd\/gorilla-glue","url":"https:\/\/thetreecbd.com\/fr\/cbd\/gorilla-glue","name":"Gorilla Glue - 18% CBD. Cannabis Legal | The Tree CBD","isPartOf":{"@id":"https:\/\/thetreecbd.com\/fr#website"},"primaryImageOfPage":{"@id":"https:\/\/thetreecbd.com\/fr\/cbd\/gorilla-glue#primaryimage"},"image":{"@id":"https:\/\/thetreecbd.com\/fr\/cbd\/gorilla-glue#primaryimage"},"thumbnailUrl":"https:\/\/thetreecbd.com\/wp-content\/uploads\/2024\/11\/gorilla-glue-cbd-thetree-web.jpg","datePublished":"2024-11-13T12:45:59+00:00","dateModified":"2025-12-11T23:47:18+00:00","description":"Fleur de CBD Gorilla Glue de The Tree CBD, cultiv\u00e9e en serre hydroponique, avec 18% de CBD. Ar\u00f4mes terreux, \u00e9pic\u00e9s et frais. Id\u00e9al pour les experts du chanvre.","breadcrumb":{"@id":"https:\/\/thetreecbd.com\/fr\/cbd\/gorilla-glue#breadcrumb"},"inLanguage":"fr-FR","potentialAction":[{"@type":"ReadAction","target":["https:\/\/thetreecbd.com\/fr\/cbd\/gorilla-glue"]}]},{"@type":"ImageObject","inLanguage":"fr-FR","@id":"https:\/\/thetreecbd.com\/fr\/cbd\/gorilla-glue#primaryimage","url":"https:\/\/thetreecbd.com\/wp-content\/uploads\/2024\/11\/gorilla-glue-cbd-thetree-web.jpg","contentUrl":"https:\/\/thetreecbd.com\/wp-content\/uploads\/2024\/11\/gorilla-glue-cbd-thetree-web.jpg","width":1080,"height":1350},{"@type":"BreadcrumbList","@id":"https:\/\/thetreecbd.com\/fr\/cbd\/gorilla-glue#breadcrumb","itemListElement":[{"@type":"ListItem","position":1,"name":"The Tree","item":"https:\/\/thetreecbd.com\/fr"},{"@type":"ListItem","position":2,"name":"CBD","item":"https:\/\/thetreecbd.com\/es\/cbd"},{"@type":"ListItem","position":3,"name":"Fleurs de chanvre. Fleurs de CBD","item":"https:\/\/thetreecbd.com\/fr\/fleurs-cbd"},{"@type":"ListItem","position":4,"name":"Fleurs de CBD Green House","item":"https:\/\/thetreecbd.com\/fr\/fleurs-cbd\/green-house"},{"@type":"ListItem","position":5,"name":"Gorilla Glue"}]},{"@type":"WebSite","@id":"https:\/\/thetreecbd.com\/fr#website","url":"https:\/\/thetreecbd.com\/fr","name":"The Tree CBD","description":"Comprar CBD en Espa\u00f1a Online","publisher":{"@id":"https:\/\/thetreecbd.com\/fr#organization"},"potentialAction":[{"@type":"SearchAction","target":{"@type":"EntryPoint","urlTemplate":"https:\/\/thetreecbd.com\/fr?s={search_term_string}"},"query-input":{"@type":"PropertyValueSpecification","valueRequired":true,"valueName":"search_term_string"}}],"inLanguage":"fr-FR"},{"@type":"Organization","@id":"https:\/\/thetreecbd.com\/fr#organization","name":"The Tree CBD","url":"https:\/\/thetreecbd.com\/fr","logo":{"@type":"ImageObject","inLanguage":"fr-FR","@id":"https:\/\/thetreecbd.com\/fr#\/schema\/logo\/image\/","url":"https:\/\/thetreecbd.com\/wp-content\/uploads\/2022\/04\/logo-thetree.png","contentUrl":"https:\/\/thetreecbd.com\/wp-content\/uploads\/2022\/04\/logo-thetree.png","width":172,"height":55,"caption":"The Tree CBD"},"image":{"@id":"https:\/\/thetreecbd.com\/fr#\/schema\/logo\/image\/"},"sameAs":["https:\/\/www.facebook.com\/thetreeCBD\/","https:\/\/x.com\/TheTreeCBD_EU","https:\/\/www.instagram.com\/thetree.cbd\/","https:\/\/es.trustpilot.com\/review\/thetreecbd.com"]}]}},"_links":{"self":[{"href":"https:\/\/thetreecbd.com\/fr\/wp-json\/wp\/v2\/product\/153391","targetHints":{"allow":["GET"]}}],"collection":[{"href":"https:\/\/thetreecbd.com\/fr\/wp-json\/wp\/v2\/product"}],"about":[{"href":"https:\/\/thetreecbd.com\/fr\/wp-json\/wp\/v2\/types\/product"}],"version-history":[{"count":0,"href":"https:\/\/thetreecbd.com\/fr\/wp-json\/wp\/v2\/product\/153391\/revisions"}],"wp:featuredmedia":[{"embeddable":true,"href":"https:\/\/thetreecbd.com\/fr\/wp-json\/wp\/v2\/media\/183014"}],"wp:attachment":[{"href":"https:\/\/thetreecbd.com\/fr\/wp-json\/wp\/v2\/media?parent=153391"}],"wp:term":[{"taxonomy":"product_brand","embeddable":true,"href":"https:\/\/thetreecbd.com\/fr\/wp-json\/wp\/v2\/product_brand?post=153391"}],"curies":[{"name":"wp","href":"https:\/\/api.w.org\/{rel}","templated":true}]}}