{"id":154285,"date":"2024-12-03T11:18:17","date_gmt":"2024-12-03T10:18:17","guid":{"rendered":"https:\/\/thetreecbd.com\/?post_type=product&#038;p=154285"},"modified":"2025-07-03T18:14:06","modified_gmt":"2025-07-03T16:14:06","slug":"gorilla-glue-t-shirt","status":"publish","type":"product","link":"https:\/\/thetreecbd.com\/fr\/cbd\/gorilla-glue-t-shirt","title":{"rendered":"Gorilla Glue t-shirt"},"content":{"rendered":"<p>D\u00e9couvrez le t-shirt Gorilla Glue, une pi\u00e8ce unique qui allie art urbain et essence de l\u2019univers du cannabis. Con\u00e7u en collaboration avec l\u2019artiste renomm\u00e9 Venyason, ce v\u00eatement capture la force et la personnalit\u00e9 de la vari\u00e9t\u00e9 embl\u00e9matique Gorilla Glue, un symbole de puissance et de cr\u00e9ativit\u00e9.<\/p>\n<p>\u00c9galement disponible avec une r\u00e9duction gr\u00e2ce au pack Gorilla Glue.<\/p>\n<h2><strong>Caract\u00e9ristiques du T-shirt Gorilla Glue :<\/strong><\/h2>\n<ul>\n<li><strong>Design exclusif :<\/strong> L\u2019\u0153uvre de Venyason se distingue par des traits vibrants et des d\u00e9tails qui \u00e9voquent la culture du cannabis \u00e0 Barcelone.<\/li>\n<li><strong>Mat\u00e9riau premium :<\/strong> Fabriqu\u00e9 en coton 100 % biologique, ce t-shirt offre douceur, confort et durabilit\u00e9.<\/li>\n<li><strong>Style unisexe :<\/strong> Parfait pour ceux qui recherchent un v\u00eatement polyvalent et audacieux, adapt\u00e9 \u00e0 toutes les occasions.<\/li>\n<li><strong>Tailles disponibles :<\/strong> S, M, L, XL, XXL<\/li>\n<\/ul>\n<p>Portez une pi\u00e8ce qui refl\u00e8te non seulement votre style, mais aussi votre passion pour l\u2019art et la culture du cannabis. Le t-shirt Gorilla Glue x Venyason est bien plus qu\u2019un v\u00eatement : c\u2019est une d\u00e9claration d\u2019identit\u00e9. Obtenez le v\u00f4tre et emportez avec vous l\u2019esprit de Gorilla Glue !<\/p>\n","protected":false},"excerpt":{"rendered":"<ul>\n<li><strong>Design exclusif t-shirt :<\/strong> L\u2019\u0153uvre de Venyason se distingue par des traits vibrants et des d\u00e9tails qui \u00e9voquent la culture du cannabis \u00e0 Barcelone.<\/li>\n<li><strong>Mat\u00e9riau premium :<\/strong> Fabriqu\u00e9 en coton 100 % biologique, ce t-shirt offre douceur, confort et durabilit\u00e9.<\/li>\n<li><strong>Style unisexe :<\/strong> Parfait pour ceux qui recherchent un v\u00eatement polyvalent et audacieux, adapt\u00e9 \u00e0 toutes les occasions.<\/li>\n<li><strong>Tailles disponibles :<\/strong> S, M, L, XL, XXL<\/li>\n<\/ul>\n","protected":false},"featured_media":154384,"template":"","meta":{"_acf_changed":false},"product_brand":[],"class_list":{"0":"post-154285","1":"product","2":"type-product","3":"status-publish","4":"has-post-thumbnail","6":"product_cat-accessoires-cbd","8":"first","9":"instock","10":"taxable","11":"shipping-taxable","12":"purchasable","13":"product-type-variable"},"acf":[],"yoast_head":"<!-- This site is optimized with the Yoast SEO plugin v26.3 - https:\/\/yoast.com\/wordpress\/plugins\/seo\/ -->\n<title>T-shirt Gorilla Glue | The Tree CBD<\/title>\n<meta name=\"description\" content=\"T-shirt Gorilla Glue x The Tree CBD : design exclusif de l&#039;artiste Venyason, inspir\u00e9 de la culture du cannabis. Coton biologique et style unisexe. Exprimez-vous avec l&#039;art!\" \/>\n<meta name=\"robots\" content=\"index, follow, max-snippet:-1, max-image-preview:large, max-video-preview:-1\" \/>\n<link rel=\"canonical\" href=\"https:\/\/thetreecbd.com\/fr\/cbd\/gorilla-glue-t-shirt\" \/>\n<meta property=\"og:locale\" content=\"fr_FR\" \/>\n<meta property=\"og:type\" content=\"article\" \/>\n<meta property=\"og:title\" content=\"T-shirt Gorilla Glue | The Tree CBD\" \/>\n<meta property=\"og:description\" content=\"T-shirt Gorilla Glue x The Tree CBD : design exclusif de l&#039;artiste Venyason, inspir\u00e9 de la culture du cannabis. Coton biologique et style unisexe. Exprimez-vous avec l&#039;art!\" \/>\n<meta property=\"og:url\" content=\"https:\/\/thetreecbd.com\/fr\/cbd\/gorilla-glue-t-shirt\" \/>\n<meta property=\"og:site_name\" content=\"The Tree CBD\" \/>\n<meta property=\"article:publisher\" content=\"https:\/\/www.facebook.com\/thetreeCBD\/\" \/>\n<meta property=\"article:modified_time\" content=\"2025-07-03T16:14:06+00:00\" \/>\n<meta property=\"og:image\" content=\"https:\/\/thetreecbd.com\/wp-content\/uploads\/2024\/12\/gorilla-glue-cbd-web-camiseta.png\" \/>\n\t<meta property=\"og:image:width\" content=\"600\" \/>\n\t<meta property=\"og:image:height\" content=\"720\" \/>\n\t<meta property=\"og:image:type\" content=\"image\/png\" \/>\n<meta name=\"twitter:card\" content=\"summary_large_image\" \/>\n<meta name=\"twitter:site\" content=\"@TheTreeCBD_EU\" \/>\n<meta name=\"twitter:label1\" content=\"Dur\u00e9e de lecture estim\u00e9e\" \/>\n\t<meta name=\"twitter:data1\" content=\"1 minute\" \/>\n<script type=\"application\/ld+json\" class=\"yoast-schema-graph\">{\"@context\":\"https:\/\/schema.org\",\"@graph\":[{\"@type\":[\"WebPage\",\"ItemPage\"],\"@id\":\"https:\/\/thetreecbd.com\/fr\/cbd\/gorilla-glue-t-shirt\",\"url\":\"https:\/\/thetreecbd.com\/fr\/cbd\/gorilla-glue-t-shirt\",\"name\":\"T-shirt Gorilla Glue | The Tree CBD\",\"isPartOf\":{\"@id\":\"https:\/\/thetreecbd.com\/fr#website\"},\"primaryImageOfPage\":{\"@id\":\"https:\/\/thetreecbd.com\/fr\/cbd\/gorilla-glue-t-shirt#primaryimage\"},\"image\":{\"@id\":\"https:\/\/thetreecbd.com\/fr\/cbd\/gorilla-glue-t-shirt#primaryimage\"},\"thumbnailUrl\":\"https:\/\/thetreecbd.com\/wp-content\/uploads\/2024\/12\/gorilla-glue-cbd-web-camiseta.png\",\"datePublished\":\"2024-12-03T10:18:17+00:00\",\"dateModified\":\"2025-07-03T16:14:06+00:00\",\"description\":\"T-shirt Gorilla Glue x The Tree CBD : design exclusif de l'artiste Venyason, inspir\u00e9 de la culture du cannabis. Coton biologique et style unisexe. Exprimez-vous avec l'art!\",\"breadcrumb\":{\"@id\":\"https:\/\/thetreecbd.com\/fr\/cbd\/gorilla-glue-t-shirt#breadcrumb\"},\"inLanguage\":\"fr-FR\",\"potentialAction\":[{\"@type\":\"ReadAction\",\"target\":[\"https:\/\/thetreecbd.com\/fr\/cbd\/gorilla-glue-t-shirt\"]}]},{\"@type\":\"ImageObject\",\"inLanguage\":\"fr-FR\",\"@id\":\"https:\/\/thetreecbd.com\/fr\/cbd\/gorilla-glue-t-shirt#primaryimage\",\"url\":\"https:\/\/thetreecbd.com\/wp-content\/uploads\/2024\/12\/gorilla-glue-cbd-web-camiseta.png\",\"contentUrl\":\"https:\/\/thetreecbd.com\/wp-content\/uploads\/2024\/12\/gorilla-glue-cbd-web-camiseta.png\",\"width\":600,\"height\":720,\"caption\":\"gorilla-glue-cbd-web-camiseta\"},{\"@type\":\"BreadcrumbList\",\"@id\":\"https:\/\/thetreecbd.com\/fr\/cbd\/gorilla-glue-t-shirt#breadcrumb\",\"itemListElement\":[{\"@type\":\"ListItem\",\"position\":1,\"name\":\"The Tree\",\"item\":\"https:\/\/thetreecbd.com\/fr\"},{\"@type\":\"ListItem\",\"position\":2,\"name\":\"CBD\",\"item\":\"https:\/\/thetreecbd.com\/es\/cbd\"},{\"@type\":\"ListItem\",\"position\":3,\"name\":\"Accessoires CBD\",\"item\":\"https:\/\/thetreecbd.com\/fr\/accessoires-cbd\"},{\"@type\":\"ListItem\",\"position\":4,\"name\":\"Gorilla Glue t-shirt\"}]},{\"@type\":\"WebSite\",\"@id\":\"https:\/\/thetreecbd.com\/fr#website\",\"url\":\"https:\/\/thetreecbd.com\/fr\",\"name\":\"The Tree CBD\",\"description\":\"Comprar CBD en Espa\u00f1a Online\",\"publisher\":{\"@id\":\"https:\/\/thetreecbd.com\/fr#organization\"},\"potentialAction\":[{\"@type\":\"SearchAction\",\"target\":{\"@type\":\"EntryPoint\",\"urlTemplate\":\"https:\/\/thetreecbd.com\/fr?s={search_term_string}\"},\"query-input\":{\"@type\":\"PropertyValueSpecification\",\"valueRequired\":true,\"valueName\":\"search_term_string\"}}],\"inLanguage\":\"fr-FR\"},{\"@type\":\"Organization\",\"@id\":\"https:\/\/thetreecbd.com\/fr#organization\",\"name\":\"The Tree CBD\",\"url\":\"https:\/\/thetreecbd.com\/fr\",\"logo\":{\"@type\":\"ImageObject\",\"inLanguage\":\"fr-FR\",\"@id\":\"https:\/\/thetreecbd.com\/fr#\/schema\/logo\/image\/\",\"url\":\"https:\/\/thetreecbd.com\/wp-content\/uploads\/2022\/04\/logo-thetree.png\",\"contentUrl\":\"https:\/\/thetreecbd.com\/wp-content\/uploads\/2022\/04\/logo-thetree.png\",\"width\":172,\"height\":55,\"caption\":\"The Tree CBD\"},\"image\":{\"@id\":\"https:\/\/thetreecbd.com\/fr#\/schema\/logo\/image\/\"},\"sameAs\":[\"https:\/\/www.facebook.com\/thetreeCBD\/\",\"https:\/\/x.com\/TheTreeCBD_EU\",\"https:\/\/www.instagram.com\/thetree.cbd\/\",\"https:\/\/es.trustpilot.com\/review\/thetreecbd.com\"]}]}<\/script>\n<!-- \/ Yoast SEO plugin. -->","yoast_head_json":{"title":"T-shirt Gorilla Glue | The Tree CBD","description":"T-shirt Gorilla Glue x The Tree CBD : design exclusif de l'artiste Venyason, inspir\u00e9 de la culture du cannabis. Coton biologique et style unisexe. Exprimez-vous avec l'art!","robots":{"index":"index","follow":"follow","max-snippet":"max-snippet:-1","max-image-preview":"max-image-preview:large","max-video-preview":"max-video-preview:-1"},"canonical":"https:\/\/thetreecbd.com\/fr\/cbd\/gorilla-glue-t-shirt","og_locale":"fr_FR","og_type":"article","og_title":"T-shirt Gorilla Glue | The Tree CBD","og_description":"T-shirt Gorilla Glue x The Tree CBD : design exclusif de l'artiste Venyason, inspir\u00e9 de la culture du cannabis. Coton biologique et style unisexe. Exprimez-vous avec l'art!","og_url":"https:\/\/thetreecbd.com\/fr\/cbd\/gorilla-glue-t-shirt","og_site_name":"The Tree CBD","article_publisher":"https:\/\/www.facebook.com\/thetreeCBD\/","article_modified_time":"2025-07-03T16:14:06+00:00","og_image":[{"width":600,"height":720,"url":"https:\/\/thetreecbd.com\/wp-content\/uploads\/2024\/12\/gorilla-glue-cbd-web-camiseta.png","type":"image\/png"}],"twitter_card":"summary_large_image","twitter_site":"@TheTreeCBD_EU","twitter_misc":{"Dur\u00e9e de lecture estim\u00e9e":"1 minute"},"schema":{"@context":"https:\/\/schema.org","@graph":[{"@type":["WebPage","ItemPage"],"@id":"https:\/\/thetreecbd.com\/fr\/cbd\/gorilla-glue-t-shirt","url":"https:\/\/thetreecbd.com\/fr\/cbd\/gorilla-glue-t-shirt","name":"T-shirt Gorilla Glue | The Tree CBD","isPartOf":{"@id":"https:\/\/thetreecbd.com\/fr#website"},"primaryImageOfPage":{"@id":"https:\/\/thetreecbd.com\/fr\/cbd\/gorilla-glue-t-shirt#primaryimage"},"image":{"@id":"https:\/\/thetreecbd.com\/fr\/cbd\/gorilla-glue-t-shirt#primaryimage"},"thumbnailUrl":"https:\/\/thetreecbd.com\/wp-content\/uploads\/2024\/12\/gorilla-glue-cbd-web-camiseta.png","datePublished":"2024-12-03T10:18:17+00:00","dateModified":"2025-07-03T16:14:06+00:00","description":"T-shirt Gorilla Glue x The Tree CBD : design exclusif de l'artiste Venyason, inspir\u00e9 de la culture du cannabis. Coton biologique et style unisexe. Exprimez-vous avec l'art!","breadcrumb":{"@id":"https:\/\/thetreecbd.com\/fr\/cbd\/gorilla-glue-t-shirt#breadcrumb"},"inLanguage":"fr-FR","potentialAction":[{"@type":"ReadAction","target":["https:\/\/thetreecbd.com\/fr\/cbd\/gorilla-glue-t-shirt"]}]},{"@type":"ImageObject","inLanguage":"fr-FR","@id":"https:\/\/thetreecbd.com\/fr\/cbd\/gorilla-glue-t-shirt#primaryimage","url":"https:\/\/thetreecbd.com\/wp-content\/uploads\/2024\/12\/gorilla-glue-cbd-web-camiseta.png","contentUrl":"https:\/\/thetreecbd.com\/wp-content\/uploads\/2024\/12\/gorilla-glue-cbd-web-camiseta.png","width":600,"height":720,"caption":"gorilla-glue-cbd-web-camiseta"},{"@type":"BreadcrumbList","@id":"https:\/\/thetreecbd.com\/fr\/cbd\/gorilla-glue-t-shirt#breadcrumb","itemListElement":[{"@type":"ListItem","position":1,"name":"The Tree","item":"https:\/\/thetreecbd.com\/fr"},{"@type":"ListItem","position":2,"name":"CBD","item":"https:\/\/thetreecbd.com\/es\/cbd"},{"@type":"ListItem","position":3,"name":"Accessoires CBD","item":"https:\/\/thetreecbd.com\/fr\/accessoires-cbd"},{"@type":"ListItem","position":4,"name":"Gorilla Glue t-shirt"}]},{"@type":"WebSite","@id":"https:\/\/thetreecbd.com\/fr#website","url":"https:\/\/thetreecbd.com\/fr","name":"The Tree CBD","description":"Comprar CBD en Espa\u00f1a Online","publisher":{"@id":"https:\/\/thetreecbd.com\/fr#organization"},"potentialAction":[{"@type":"SearchAction","target":{"@type":"EntryPoint","urlTemplate":"https:\/\/thetreecbd.com\/fr?s={search_term_string}"},"query-input":{"@type":"PropertyValueSpecification","valueRequired":true,"valueName":"search_term_string"}}],"inLanguage":"fr-FR"},{"@type":"Organization","@id":"https:\/\/thetreecbd.com\/fr#organization","name":"The Tree CBD","url":"https:\/\/thetreecbd.com\/fr","logo":{"@type":"ImageObject","inLanguage":"fr-FR","@id":"https:\/\/thetreecbd.com\/fr#\/schema\/logo\/image\/","url":"https:\/\/thetreecbd.com\/wp-content\/uploads\/2022\/04\/logo-thetree.png","contentUrl":"https:\/\/thetreecbd.com\/wp-content\/uploads\/2022\/04\/logo-thetree.png","width":172,"height":55,"caption":"The Tree CBD"},"image":{"@id":"https:\/\/thetreecbd.com\/fr#\/schema\/logo\/image\/"},"sameAs":["https:\/\/www.facebook.com\/thetreeCBD\/","https:\/\/x.com\/TheTreeCBD_EU","https:\/\/www.instagram.com\/thetree.cbd\/","https:\/\/es.trustpilot.com\/review\/thetreecbd.com"]}]}},"_links":{"self":[{"href":"https:\/\/thetreecbd.com\/fr\/wp-json\/wp\/v2\/product\/154285","targetHints":{"allow":["GET"]}}],"collection":[{"href":"https:\/\/thetreecbd.com\/fr\/wp-json\/wp\/v2\/product"}],"about":[{"href":"https:\/\/thetreecbd.com\/fr\/wp-json\/wp\/v2\/types\/product"}],"version-history":[{"count":0,"href":"https:\/\/thetreecbd.com\/fr\/wp-json\/wp\/v2\/product\/154285\/revisions"}],"wp:featuredmedia":[{"embeddable":true,"href":"https:\/\/thetreecbd.com\/fr\/wp-json\/wp\/v2\/media\/154384"}],"wp:attachment":[{"href":"https:\/\/thetreecbd.com\/fr\/wp-json\/wp\/v2\/media?parent=154285"}],"wp:term":[{"taxonomy":"product_brand","embeddable":true,"href":"https:\/\/thetreecbd.com\/fr\/wp-json\/wp\/v2\/product_brand?post=154285"}],"curies":[{"name":"wp","href":"https:\/\/api.w.org\/{rel}","templated":true}]}}