{"id":154319,"date":"2024-12-04T16:37:52","date_gmt":"2024-12-04T15:37:52","guid":{"rendered":"https:\/\/thetreecbd.com\/?post_type=product&#038;p=154319"},"modified":"2025-07-03T18:06:15","modified_gmt":"2025-07-03T16:06:15","slug":"pack-gorilla-glue","status":"publish","type":"product","link":"https:\/\/thetreecbd.com\/fr\/cbd\/pack-gorilla-glue","title":{"rendered":"Pack Gorilla Glue: Fleur de CBD et t-shirt"},"content":{"rendered":"<div class=\"flex max-w-full flex-col flex-grow\">\n<div class=\"min-h-8 text-message flex w-full flex-col items-end gap-2 whitespace-normal break-words [.text-message+&amp;]:mt-5\" dir=\"auto\" data-message-author-role=\"assistant\" data-message-id=\"44aa8a9b-cc00-452e-b237-30a9936b11f9\" data-message-model-slug=\"gpt-4o\">\n<div class=\"flex w-full flex-col gap-1 empty:hidden first:pt-[3px]\">\n<div class=\"markdown prose w-full break-words dark:prose-invert light\">\n<p>Le Pack Gorilla Glue de The Tree CBD est la combinaison parfaite pour les amateurs de cannabis et d\u2019art. Cet ensemble exclusif comprend des fleurs de CBD Gorilla Glue, r\u00e9put\u00e9es pour leur ar\u00f4me intense et relaxant, ainsi qu\u2019un t-shirt unique con\u00e7u par l\u2019artiste cannabique Venyason.<\/p>\n<h2><strong>Que contient le Pack Gorilla Glue ?<\/strong><\/h2>\n<h3><strong>Fleurs de CBD Gorilla Glue :<\/strong><\/h3>\n<ul>\n<li>Disponibles en formats de 2 g et 5 g, cultiv\u00e9es en Hydroponie Glasshouse pour une qualit\u00e9 sup\u00e9rieure.<\/li>\n<li>Connues pour leur ar\u00f4me terreux avec des touches de pin et d\u2019agrumes, leur forte teneur en CBD et sans effets psychoactifs.<\/li>\n<\/ul>\n<h3><strong>T-shirt Gorilla Glue x Venyason :<\/strong><\/h3>\n<ul>\n<li>Design exclusif m\u00ealant art urbain, cannabis et l\u2019essence de Barcelone.<\/li>\n<li>Fabriqu\u00e9 en coton 100 % biologique pour un confort et une durabilit\u00e9 optimaux.<\/li>\n<li>Disponible en tailles S, M, L, XL et XXL, avec un style unisexe adapt\u00e9 \u00e0 toutes les occasions.<\/li>\n<\/ul>\n<h2><strong>Pourquoi choisir le Pack Gorilla Glue ?<\/strong><\/h2>\n<p>Ce pack est bien plus qu\u2019un produit : c\u2019est une c\u00e9l\u00e9bration de l\u2019art et de la culture du cannabis. L\u2019\u0153uvre de Venyason transforme le t-shirt en une pi\u00e8ce de collection, tandis que les fleurs Gorilla Glue vous offrent le meilleur de la nature.<\/p>\n<p><strong>Offrez (ou offrez-vous) une exp\u00e9rience compl\u00e8te avec le Pack Gorilla Glue et adoptez l\u2019esprit et la puissance de cette vari\u00e9t\u00e9 embl\u00e9matique. Disponibilit\u00e9 limit\u00e9e !<\/strong><\/p>\n<\/div>\n<\/div>\n<\/div>\n<\/div>\n","protected":false},"excerpt":{"rendered":"<p>Pack de fleurs Gorilla Glue CBD + t-shirt exclusif con\u00e7u par l&#8217;artiste cannabiste Venyason, qui contient :<\/p>\n<p><strong>Fleurs de CBD Gorilla Glue :<\/strong><\/p>\n<ul>\n<li>Disponibles en formats de 2 g et 5 g, cultiv\u00e9es en Hydroponie Glasshouse pour une qualit\u00e9 sup\u00e9rieure.<\/li>\n<li>Connues pour leur ar\u00f4me terreux avec des touches de pin et d\u2019agrumes, leur forte teneur en CBD et sans effets psychoactifs.<\/li>\n<\/ul>\n<p><strong>T-shirt Gorilla Glue x Venyason :<\/strong><\/p>\n<ul>\n<li>Design exclusif m\u00ealant art urbain, cannabis et l\u2019essence de Barcelone.<\/li>\n<li>Fabriqu\u00e9 en coton 100 % biologique pour un confort et une durabilit\u00e9 optimaux.<\/li>\n<li>Disponible en tailles S, M, L, XL et XXL, avec un style unisexe adapt\u00e9 \u00e0 toutes les occasions.<\/li>\n<\/ul>\n","protected":false},"featured_media":154337,"template":"","meta":{"_acf_changed":false},"product_brand":[],"class_list":{"0":"post-154319","1":"product","2":"type-product","3":"status-publish","4":"has-post-thumbnail","6":"product_cat-green-house","7":"product_cat-packs-cbd","9":"first","10":"instock","11":"taxable","12":"shipping-taxable","13":"purchasable","14":"product-type-variable","15":"has-default-attributes"},"acf":[],"yoast_head":"<!-- This site is optimized with the Yoast SEO plugin v26.3 - https:\/\/yoast.com\/wordpress\/plugins\/seo\/ -->\n<title>Pack Gorilla Glue: Fleur de CBD et t-shirt - The Tree CBD<\/title>\n<meta name=\"description\" content=\"Gorilla Glue Pack : Fleurs CBD premium et t-shirt exclusif con\u00e7u par Venyason pour The Tree CBD. Style unisexe et art unique !\" \/>\n<meta name=\"robots\" content=\"index, follow, max-snippet:-1, max-image-preview:large, max-video-preview:-1\" \/>\n<link rel=\"canonical\" href=\"https:\/\/thetreecbd.com\/fr\/cbd\/pack-gorilla-glue\" \/>\n<meta property=\"og:locale\" content=\"fr_FR\" \/>\n<meta property=\"og:type\" content=\"article\" \/>\n<meta property=\"og:title\" content=\"Pack Gorilla Glue: Fleur de CBD et t-shirt - The Tree CBD\" \/>\n<meta property=\"og:description\" content=\"Gorilla Glue Pack : Fleurs CBD premium et t-shirt exclusif con\u00e7u par Venyason pour The Tree CBD. Style unisexe et art unique !\" \/>\n<meta property=\"og:url\" content=\"https:\/\/thetreecbd.com\/fr\/cbd\/pack-gorilla-glue\" \/>\n<meta property=\"og:site_name\" content=\"The Tree CBD\" \/>\n<meta property=\"article:publisher\" content=\"https:\/\/www.facebook.com\/thetreeCBD\/\" \/>\n<meta property=\"article:modified_time\" content=\"2025-07-03T16:06:15+00:00\" \/>\n<meta property=\"og:image\" content=\"https:\/\/thetreecbd.com\/wp-content\/uploads\/2024\/12\/gorilla-glue-cbd-web7.png\" \/>\n\t<meta property=\"og:image:width\" content=\"600\" \/>\n\t<meta property=\"og:image:height\" content=\"720\" \/>\n\t<meta property=\"og:image:type\" content=\"image\/png\" \/>\n<meta name=\"twitter:card\" content=\"summary_large_image\" \/>\n<meta name=\"twitter:site\" content=\"@TheTreeCBD_EU\" \/>\n<meta name=\"twitter:label1\" content=\"Dur\u00e9e de lecture estim\u00e9e\" \/>\n\t<meta name=\"twitter:data1\" content=\"2 minutes\" \/>\n<script type=\"application\/ld+json\" class=\"yoast-schema-graph\">{\"@context\":\"https:\/\/schema.org\",\"@graph\":[{\"@type\":[\"WebPage\",\"ItemPage\"],\"@id\":\"https:\/\/thetreecbd.com\/fr\/cbd\/pack-gorilla-glue\",\"url\":\"https:\/\/thetreecbd.com\/fr\/cbd\/pack-gorilla-glue\",\"name\":\"Pack Gorilla Glue: Fleur de CBD et t-shirt - The Tree CBD\",\"isPartOf\":{\"@id\":\"https:\/\/thetreecbd.com\/fr#website\"},\"primaryImageOfPage\":{\"@id\":\"https:\/\/thetreecbd.com\/fr\/cbd\/pack-gorilla-glue#primaryimage\"},\"image\":{\"@id\":\"https:\/\/thetreecbd.com\/fr\/cbd\/pack-gorilla-glue#primaryimage\"},\"thumbnailUrl\":\"https:\/\/thetreecbd.com\/wp-content\/uploads\/2024\/12\/gorilla-glue-cbd-web7.png\",\"datePublished\":\"2024-12-04T15:37:52+00:00\",\"dateModified\":\"2025-07-03T16:06:15+00:00\",\"description\":\"Gorilla Glue Pack : Fleurs CBD premium et t-shirt exclusif con\u00e7u par Venyason pour The Tree CBD. Style unisexe et art unique !\",\"breadcrumb\":{\"@id\":\"https:\/\/thetreecbd.com\/fr\/cbd\/pack-gorilla-glue#breadcrumb\"},\"inLanguage\":\"fr-FR\",\"potentialAction\":[{\"@type\":\"ReadAction\",\"target\":[\"https:\/\/thetreecbd.com\/fr\/cbd\/pack-gorilla-glue\"]}]},{\"@type\":\"ImageObject\",\"inLanguage\":\"fr-FR\",\"@id\":\"https:\/\/thetreecbd.com\/fr\/cbd\/pack-gorilla-glue#primaryimage\",\"url\":\"https:\/\/thetreecbd.com\/wp-content\/uploads\/2024\/12\/gorilla-glue-cbd-web7.png\",\"contentUrl\":\"https:\/\/thetreecbd.com\/wp-content\/uploads\/2024\/12\/gorilla-glue-cbd-web7.png\",\"width\":600,\"height\":720,\"caption\":\"gorilla-glue-cbd-web7\"},{\"@type\":\"BreadcrumbList\",\"@id\":\"https:\/\/thetreecbd.com\/fr\/cbd\/pack-gorilla-glue#breadcrumb\",\"itemListElement\":[{\"@type\":\"ListItem\",\"position\":1,\"name\":\"The Tree\",\"item\":\"https:\/\/thetreecbd.com\/fr\"},{\"@type\":\"ListItem\",\"position\":2,\"name\":\"CBD\",\"item\":\"https:\/\/thetreecbd.com\/es\/cbd\"},{\"@type\":\"ListItem\",\"position\":3,\"name\":\"Packs CBD\",\"item\":\"https:\/\/thetreecbd.com\/fr\/packs-cbd\"},{\"@type\":\"ListItem\",\"position\":4,\"name\":\"Pack Gorilla Glue: Fleur de CBD et t-shirt\"}]},{\"@type\":\"WebSite\",\"@id\":\"https:\/\/thetreecbd.com\/fr#website\",\"url\":\"https:\/\/thetreecbd.com\/fr\",\"name\":\"The Tree CBD\",\"description\":\"Comprar CBD en Espa\u00f1a Online\",\"publisher\":{\"@id\":\"https:\/\/thetreecbd.com\/fr#organization\"},\"potentialAction\":[{\"@type\":\"SearchAction\",\"target\":{\"@type\":\"EntryPoint\",\"urlTemplate\":\"https:\/\/thetreecbd.com\/fr?s={search_term_string}\"},\"query-input\":{\"@type\":\"PropertyValueSpecification\",\"valueRequired\":true,\"valueName\":\"search_term_string\"}}],\"inLanguage\":\"fr-FR\"},{\"@type\":\"Organization\",\"@id\":\"https:\/\/thetreecbd.com\/fr#organization\",\"name\":\"The Tree CBD\",\"url\":\"https:\/\/thetreecbd.com\/fr\",\"logo\":{\"@type\":\"ImageObject\",\"inLanguage\":\"fr-FR\",\"@id\":\"https:\/\/thetreecbd.com\/fr#\/schema\/logo\/image\/\",\"url\":\"https:\/\/thetreecbd.com\/wp-content\/uploads\/2022\/04\/logo-thetree.png\",\"contentUrl\":\"https:\/\/thetreecbd.com\/wp-content\/uploads\/2022\/04\/logo-thetree.png\",\"width\":172,\"height\":55,\"caption\":\"The Tree CBD\"},\"image\":{\"@id\":\"https:\/\/thetreecbd.com\/fr#\/schema\/logo\/image\/\"},\"sameAs\":[\"https:\/\/www.facebook.com\/thetreeCBD\/\",\"https:\/\/x.com\/TheTreeCBD_EU\",\"https:\/\/www.instagram.com\/thetree.cbd\/\",\"https:\/\/es.trustpilot.com\/review\/thetreecbd.com\"]}]}<\/script>\n<!-- \/ Yoast SEO plugin. -->","yoast_head_json":{"title":"Pack Gorilla Glue: Fleur de CBD et t-shirt - The Tree CBD","description":"Gorilla Glue Pack : Fleurs CBD premium et t-shirt exclusif con\u00e7u par Venyason pour The Tree CBD. Style unisexe et art unique !","robots":{"index":"index","follow":"follow","max-snippet":"max-snippet:-1","max-image-preview":"max-image-preview:large","max-video-preview":"max-video-preview:-1"},"canonical":"https:\/\/thetreecbd.com\/fr\/cbd\/pack-gorilla-glue","og_locale":"fr_FR","og_type":"article","og_title":"Pack Gorilla Glue: Fleur de CBD et t-shirt - The Tree CBD","og_description":"Gorilla Glue Pack : Fleurs CBD premium et t-shirt exclusif con\u00e7u par Venyason pour The Tree CBD. Style unisexe et art unique !","og_url":"https:\/\/thetreecbd.com\/fr\/cbd\/pack-gorilla-glue","og_site_name":"The Tree CBD","article_publisher":"https:\/\/www.facebook.com\/thetreeCBD\/","article_modified_time":"2025-07-03T16:06:15+00:00","og_image":[{"width":600,"height":720,"url":"https:\/\/thetreecbd.com\/wp-content\/uploads\/2024\/12\/gorilla-glue-cbd-web7.png","type":"image\/png"}],"twitter_card":"summary_large_image","twitter_site":"@TheTreeCBD_EU","twitter_misc":{"Dur\u00e9e de lecture estim\u00e9e":"2 minutes"},"schema":{"@context":"https:\/\/schema.org","@graph":[{"@type":["WebPage","ItemPage"],"@id":"https:\/\/thetreecbd.com\/fr\/cbd\/pack-gorilla-glue","url":"https:\/\/thetreecbd.com\/fr\/cbd\/pack-gorilla-glue","name":"Pack Gorilla Glue: Fleur de CBD et t-shirt - The Tree CBD","isPartOf":{"@id":"https:\/\/thetreecbd.com\/fr#website"},"primaryImageOfPage":{"@id":"https:\/\/thetreecbd.com\/fr\/cbd\/pack-gorilla-glue#primaryimage"},"image":{"@id":"https:\/\/thetreecbd.com\/fr\/cbd\/pack-gorilla-glue#primaryimage"},"thumbnailUrl":"https:\/\/thetreecbd.com\/wp-content\/uploads\/2024\/12\/gorilla-glue-cbd-web7.png","datePublished":"2024-12-04T15:37:52+00:00","dateModified":"2025-07-03T16:06:15+00:00","description":"Gorilla Glue Pack : Fleurs CBD premium et t-shirt exclusif con\u00e7u par Venyason pour The Tree CBD. Style unisexe et art unique !","breadcrumb":{"@id":"https:\/\/thetreecbd.com\/fr\/cbd\/pack-gorilla-glue#breadcrumb"},"inLanguage":"fr-FR","potentialAction":[{"@type":"ReadAction","target":["https:\/\/thetreecbd.com\/fr\/cbd\/pack-gorilla-glue"]}]},{"@type":"ImageObject","inLanguage":"fr-FR","@id":"https:\/\/thetreecbd.com\/fr\/cbd\/pack-gorilla-glue#primaryimage","url":"https:\/\/thetreecbd.com\/wp-content\/uploads\/2024\/12\/gorilla-glue-cbd-web7.png","contentUrl":"https:\/\/thetreecbd.com\/wp-content\/uploads\/2024\/12\/gorilla-glue-cbd-web7.png","width":600,"height":720,"caption":"gorilla-glue-cbd-web7"},{"@type":"BreadcrumbList","@id":"https:\/\/thetreecbd.com\/fr\/cbd\/pack-gorilla-glue#breadcrumb","itemListElement":[{"@type":"ListItem","position":1,"name":"The Tree","item":"https:\/\/thetreecbd.com\/fr"},{"@type":"ListItem","position":2,"name":"CBD","item":"https:\/\/thetreecbd.com\/es\/cbd"},{"@type":"ListItem","position":3,"name":"Packs CBD","item":"https:\/\/thetreecbd.com\/fr\/packs-cbd"},{"@type":"ListItem","position":4,"name":"Pack Gorilla Glue: Fleur de CBD et t-shirt"}]},{"@type":"WebSite","@id":"https:\/\/thetreecbd.com\/fr#website","url":"https:\/\/thetreecbd.com\/fr","name":"The Tree CBD","description":"Comprar CBD en Espa\u00f1a Online","publisher":{"@id":"https:\/\/thetreecbd.com\/fr#organization"},"potentialAction":[{"@type":"SearchAction","target":{"@type":"EntryPoint","urlTemplate":"https:\/\/thetreecbd.com\/fr?s={search_term_string}"},"query-input":{"@type":"PropertyValueSpecification","valueRequired":true,"valueName":"search_term_string"}}],"inLanguage":"fr-FR"},{"@type":"Organization","@id":"https:\/\/thetreecbd.com\/fr#organization","name":"The Tree CBD","url":"https:\/\/thetreecbd.com\/fr","logo":{"@type":"ImageObject","inLanguage":"fr-FR","@id":"https:\/\/thetreecbd.com\/fr#\/schema\/logo\/image\/","url":"https:\/\/thetreecbd.com\/wp-content\/uploads\/2022\/04\/logo-thetree.png","contentUrl":"https:\/\/thetreecbd.com\/wp-content\/uploads\/2022\/04\/logo-thetree.png","width":172,"height":55,"caption":"The Tree CBD"},"image":{"@id":"https:\/\/thetreecbd.com\/fr#\/schema\/logo\/image\/"},"sameAs":["https:\/\/www.facebook.com\/thetreeCBD\/","https:\/\/x.com\/TheTreeCBD_EU","https:\/\/www.instagram.com\/thetree.cbd\/","https:\/\/es.trustpilot.com\/review\/thetreecbd.com"]}]}},"_links":{"self":[{"href":"https:\/\/thetreecbd.com\/fr\/wp-json\/wp\/v2\/product\/154319","targetHints":{"allow":["GET"]}}],"collection":[{"href":"https:\/\/thetreecbd.com\/fr\/wp-json\/wp\/v2\/product"}],"about":[{"href":"https:\/\/thetreecbd.com\/fr\/wp-json\/wp\/v2\/types\/product"}],"version-history":[{"count":0,"href":"https:\/\/thetreecbd.com\/fr\/wp-json\/wp\/v2\/product\/154319\/revisions"}],"wp:featuredmedia":[{"embeddable":true,"href":"https:\/\/thetreecbd.com\/fr\/wp-json\/wp\/v2\/media\/154337"}],"wp:attachment":[{"href":"https:\/\/thetreecbd.com\/fr\/wp-json\/wp\/v2\/media?parent=154319"}],"wp:term":[{"taxonomy":"product_brand","embeddable":true,"href":"https:\/\/thetreecbd.com\/fr\/wp-json\/wp\/v2\/product_brand?post=154319"}],"curies":[{"name":"wp","href":"https:\/\/api.w.org\/{rel}","templated":true}]}}