{"id":154724,"date":"2024-12-12T11:57:55","date_gmt":"2024-12-12T10:57:55","guid":{"rendered":"https:\/\/thetreecbd.com\/?post_type=product&#038;p=154724"},"modified":"2025-07-03T17:46:35","modified_gmt":"2025-07-03T15:46:35","slug":"pack-fresh-kase-edition-limitee-kaseo","status":"publish","type":"product","link":"https:\/\/thetreecbd.com\/fr\/cbd\/pack-fresh-kase-edition-limitee-kaseo","title":{"rendered":"Pack Fresh Kase &#8211; Edition limit\u00e9e par Kase.O"},"content":{"rendered":"<div class=\"flex max-w-full flex-col flex-grow\">\n<div class=\"min-h-8 text-message flex w-full flex-col items-end gap-2 whitespace-normal break-words [.text-message+&amp;]:mt-5\" dir=\"auto\" data-message-author-role=\"assistant\" data-message-id=\"44aa8a9b-cc00-452e-b237-30a9936b11f9\" data-message-model-slug=\"gpt-4o\">\n<div class=\"flex w-full flex-col gap-1 empty:hidden first:pt-[3px]\">\n<div class=\"markdown prose w-full break-words dark:prose-invert light\">\n<p><strong>The Tree CBD pr\u00e9sente le Pack Fresh Kase, une collaboration unique avec l\u2019artiste embl\u00e9matique Kase.O.<\/strong><\/p>\n<p>Cette \u00e9dition limit\u00e9e, avec seulement 300 unit\u00e9s disponibles, combine le meilleur de la nature, du bien-\u00eatre et de l\u2019art dans une exp\u00e9rience inoubliable. Con\u00e7u pour les amateurs de relaxation consciente et les fans du rappeur l\u00e9gendaire, le Pack Fresh Kase devient un v\u00e9ritable objet de collection.<\/p>\n<h2><strong>Fleurs de CBD Fresh Kase<\/strong><\/h2>\n<p>Au c\u0153ur de ce pack se trouvent les fleurs <em>Fresh Kase<\/em>, s\u00e9lectionn\u00e9es selon les normes de qualit\u00e9 les plus \u00e9lev\u00e9es. Disponibles en formats de 2 et 5 grammes, ces fleurs se distinguent par leur ar\u00f4me exquis, doux et fruit\u00e9, compl\u00e9t\u00e9 par des notes terreuses et un profil organoleptique qui inspire calme et tranquillit\u00e9. Cultiv\u00e9es de mani\u00e8re durable, sans pesticides ni herbicides, elles offrent une teneur en CBD id\u00e9ale pour des moments de d\u00e9tente, sans effets psychoactifs.<\/p>\n<h2><strong>Miel de Chanvre 250g<\/strong><\/h2>\n<p>Le pack inclut un pot de 250 grammes de miel de chanvre, un produit naturel qui associe les bienfaits du chanvre \u00e0 la douceur et aux propri\u00e9t\u00e9s du miel pur. Parfait pour sucrer les boissons ou accompagner les petits-d\u00e9jeuners et desserts, ce miel ne se contente pas de ravir les papilles : il offre \u00e9galement des propri\u00e9t\u00e9s antioxydantes et apaisantes. Sa production artisanale garantit une qualit\u00e9 exceptionnelle, en faisant un \u00e9l\u00e9ment essentiel de ce coffret.<\/p>\n<h2><strong>Infusion au Chanvre et Fruits Rouges<\/strong><\/h2>\n<p>Pour compl\u00e9ter cette exp\u00e9rience sensorielle, le Pack Fresh Kase contient une infusion \u00e0 base de chanvre et de fruits rouges, un m\u00e9lange unique qui marie des saveurs intenses et fra\u00eeches aux bienfaits relaxants du chanvre. Ce m\u00e9lange est id\u00e9al \u00e0 tout moment de la journ\u00e9e, chaud ou froid, offrant un \u00e9quilibre parfait entre bien-\u00eatre physique et mental.<\/p>\n<h2><strong>Bo\u00eete en Bois Exclusive Sign\u00e9e par Kase.O<\/strong><\/h2>\n<p>En pi\u00e8ce ma\u00eetresse de ce pack, une bo\u00eete en bois exclusive, sign\u00e9e \u00e0 la main par Kase.O. Ce d\u00e9tail fait du Pack Fresh Kase bien plus qu\u2019un simple ensemble de produits : c\u2019est un objet de collection qui refl\u00e8te l\u2019essence artistique et personnelle de l\u2019artiste. Fabriqu\u00e9e avec des mat\u00e9riaux de haute qualit\u00e9 et un design \u00e9l\u00e9gant, cette bo\u00eete prot\u00e8ge non seulement les produits qu\u2019elle contient, mais devient \u00e9galement un souvenir unique pour les fans les plus fid\u00e8les.<\/p>\n<h2><strong>Fresh Kase Gummies<\/strong><\/h2>\n<p class=\"\" data-start=\"75\" data-end=\"470\">Les Fresh Kase Gummies sont le m\u00e9lange parfait d\u2019ingr\u00e9dients naturels pour vous aider \u00e0 trouver l\u2019\u00e9quilibre et la s\u00e9r\u00e9nit\u00e9 \u00e0 tout moment de la journ\u00e9e. Dans cette \u00e9dition sp\u00e9ciale de la collaboration <strong data-start=\"279\" data-end=\"304\">The Tree CBD x Kase.O<\/strong>, nous avons combin\u00e9 les propri\u00e9t\u00e9s apaisantes de la m\u00e9lisse avec les bienfaits de l\u2019huile de chanvre, pour cr\u00e9er une exp\u00e9rience unique au d\u00e9licieux go\u00fbt de past\u00e8que.<\/p>\n<p class=\"\" data-start=\"472\" data-end=\"660\">Con\u00e7ues pour ceux qui recherchent une mani\u00e8re simple et savoureuse de se d\u00e9tendre, ces gommes \u00e9cologiques et durables sont id\u00e9ales \u00e0 consommer avant de dormir ou lors de moments de stress.<\/p>\n<h2><strong>\u00c9dition Limit\u00e9e : 300 Unit\u00e9s<\/strong><\/h2>\n<p>Le <em>Pack Fresh Kase<\/em> est une \u00e9dition limit\u00e9e \u00e0 seulement 300 unit\u00e9s, ce qui en fait un v\u00e9ritable bijou pour les collectionneurs et les amateurs de CBD. Chaque d\u00e9tail du pack a \u00e9t\u00e9 soigneusement con\u00e7u pour offrir une exp\u00e9rience compl\u00e8te, alliant art, bien-\u00eatre et plaisir dans un produit extraordinaire.<\/p>\n<p>Si vous cherchez \u00e0 vous d\u00e9tendre de mani\u00e8re sp\u00e9ciale tout en c\u00e9l\u00e9brant le talent de Kase.O, le Pack Fresh Kase de The Tree CBD est le choix parfait. D\u00e9couvrez une nouvelle approche du bien-\u00eatre et faites partie de cette exp\u00e9rience exclusive avant qu\u2019elle ne disparaisse !<\/p>\n<\/div>\n<\/div>\n<\/div>\n<\/div>\n","protected":false},"excerpt":{"rendered":"<p>Le pack exclusif Fresh kase, cr\u00e9\u00e9 par l&#8217;artiste Kase.O, contient :<\/p>\n<ul>\n<li><strong>Coffret en bois exclusif sign\u00e9 Kase.O<\/strong> &#8211; seulement 300 unit\u00e9s disponibles<\/li>\n<li><strong>Fleurs de CBD Fresh kase<\/strong> 2 et 5gr<\/li>\n<li><strong>Miel de chanvre issu de l&#8217;agriculture biologique<\/strong><\/li>\n<li><strong>Infusion de chanvre Fresh Kase<\/strong><\/li>\n<li><strong>Fresh Kase Gummies<\/strong><\/li>\n<\/ul>\n","protected":false},"featured_media":161057,"template":"","meta":{"_acf_changed":false},"product_brand":[],"class_list":{"0":"post-154724","1":"product","2":"type-product","3":"status-publish","4":"has-post-thumbnail","6":"product_cat-fresh-kase-cbd-by-kaseo","7":"product_cat-packs-cbd","9":"first","10":"instock","11":"featured","12":"taxable","13":"shipping-taxable","14":"purchasable","15":"product-type-simple"},"acf":[],"yoast_head":"<!-- This site is optimized with the Yoast SEO plugin v26.3 - https:\/\/yoast.com\/wordpress\/plugins\/seo\/ -->\n<title>Pack Fresh Kase - Edition limit\u00e9e par Kase.O | The Tree CBD<\/title>\n<meta name=\"description\" content=\"Fresh Kase Pack : Pack CBD exclusif cr\u00e9\u00e9 par l&#039;artiste Kase.O avec une bo\u00eete en bois sign\u00e9e par lui-m\u00eame. Seulement 300 unit\u00e9s.\" \/>\n<meta name=\"robots\" content=\"index, follow, max-snippet:-1, max-image-preview:large, max-video-preview:-1\" \/>\n<link rel=\"canonical\" href=\"https:\/\/thetreecbd.com\/fr\/cbd\/pack-fresh-kase-edition-limitee-kaseo\" \/>\n<meta property=\"og:locale\" content=\"fr_FR\" \/>\n<meta property=\"og:type\" content=\"article\" \/>\n<meta property=\"og:title\" content=\"Pack Fresh Kase - Edition limit\u00e9e par Kase.O | The Tree CBD\" \/>\n<meta property=\"og:description\" content=\"Fresh Kase Pack : Pack CBD exclusif cr\u00e9\u00e9 par l&#039;artiste Kase.O avec une bo\u00eete en bois sign\u00e9e par lui-m\u00eame. Seulement 300 unit\u00e9s.\" \/>\n<meta property=\"og:url\" content=\"https:\/\/thetreecbd.com\/fr\/cbd\/pack-fresh-kase-edition-limitee-kaseo\" \/>\n<meta property=\"og:site_name\" content=\"The Tree CBD\" \/>\n<meta property=\"article:publisher\" content=\"https:\/\/www.facebook.com\/thetreeCBD\/\" \/>\n<meta property=\"article:modified_time\" content=\"2025-07-03T15:46:35+00:00\" \/>\n<meta property=\"og:image\" content=\"https:\/\/thetreecbd.com\/wp-content\/uploads\/2024\/12\/KASE-O_0003s_0004_Kase_Pack_1.72.1.jpg\" \/>\n\t<meta property=\"og:image:width\" content=\"1080\" \/>\n\t<meta property=\"og:image:height\" content=\"1350\" \/>\n\t<meta property=\"og:image:type\" content=\"image\/jpeg\" \/>\n<meta name=\"twitter:card\" content=\"summary_large_image\" \/>\n<meta name=\"twitter:site\" content=\"@TheTreeCBD_EU\" \/>\n<meta name=\"twitter:label1\" content=\"Dur\u00e9e de lecture estim\u00e9e\" \/>\n\t<meta name=\"twitter:data1\" content=\"3 minutes\" \/>\n<script type=\"application\/ld+json\" class=\"yoast-schema-graph\">{\"@context\":\"https:\/\/schema.org\",\"@graph\":[{\"@type\":[\"WebPage\",\"ItemPage\"],\"@id\":\"https:\/\/thetreecbd.com\/fr\/cbd\/pack-fresh-kase-edition-limitee-kaseo\",\"url\":\"https:\/\/thetreecbd.com\/fr\/cbd\/pack-fresh-kase-edition-limitee-kaseo\",\"name\":\"Pack Fresh Kase - Edition limit\u00e9e par Kase.O | The Tree CBD\",\"isPartOf\":{\"@id\":\"https:\/\/thetreecbd.com\/fr#website\"},\"primaryImageOfPage\":{\"@id\":\"https:\/\/thetreecbd.com\/fr\/cbd\/pack-fresh-kase-edition-limitee-kaseo#primaryimage\"},\"image\":{\"@id\":\"https:\/\/thetreecbd.com\/fr\/cbd\/pack-fresh-kase-edition-limitee-kaseo#primaryimage\"},\"thumbnailUrl\":\"https:\/\/thetreecbd.com\/wp-content\/uploads\/2024\/12\/KASE-O_0003s_0004_Kase_Pack_1.72.1.jpg\",\"datePublished\":\"2024-12-12T10:57:55+00:00\",\"dateModified\":\"2025-07-03T15:46:35+00:00\",\"description\":\"Fresh Kase Pack : Pack CBD exclusif cr\u00e9\u00e9 par l'artiste Kase.O avec une bo\u00eete en bois sign\u00e9e par lui-m\u00eame. Seulement 300 unit\u00e9s.\",\"breadcrumb\":{\"@id\":\"https:\/\/thetreecbd.com\/fr\/cbd\/pack-fresh-kase-edition-limitee-kaseo#breadcrumb\"},\"inLanguage\":\"fr-FR\",\"potentialAction\":[{\"@type\":\"ReadAction\",\"target\":[\"https:\/\/thetreecbd.com\/fr\/cbd\/pack-fresh-kase-edition-limitee-kaseo\"]}]},{\"@type\":\"ImageObject\",\"inLanguage\":\"fr-FR\",\"@id\":\"https:\/\/thetreecbd.com\/fr\/cbd\/pack-fresh-kase-edition-limitee-kaseo#primaryimage\",\"url\":\"https:\/\/thetreecbd.com\/wp-content\/uploads\/2024\/12\/KASE-O_0003s_0004_Kase_Pack_1.72.1.jpg\",\"contentUrl\":\"https:\/\/thetreecbd.com\/wp-content\/uploads\/2024\/12\/KASE-O_0003s_0004_Kase_Pack_1.72.1.jpg\",\"width\":1080,\"height\":1350},{\"@type\":\"BreadcrumbList\",\"@id\":\"https:\/\/thetreecbd.com\/fr\/cbd\/pack-fresh-kase-edition-limitee-kaseo#breadcrumb\",\"itemListElement\":[{\"@type\":\"ListItem\",\"position\":1,\"name\":\"The Tree\",\"item\":\"https:\/\/thetreecbd.com\/fr\"},{\"@type\":\"ListItem\",\"position\":2,\"name\":\"CBD\",\"item\":\"https:\/\/thetreecbd.com\/es\/cbd\"},{\"@type\":\"ListItem\",\"position\":3,\"name\":\"Fresh Kase CBD by Kase.O\",\"item\":\"https:\/\/thetreecbd.com\/fr\/fresh-kase-cbd-by-kaseo\"},{\"@type\":\"ListItem\",\"position\":4,\"name\":\"Pack Fresh Kase &#8211; Edition limit\u00e9e par Kase.O\"}]},{\"@type\":\"WebSite\",\"@id\":\"https:\/\/thetreecbd.com\/fr#website\",\"url\":\"https:\/\/thetreecbd.com\/fr\",\"name\":\"The Tree CBD\",\"description\":\"Comprar CBD en Espa\u00f1a Online\",\"publisher\":{\"@id\":\"https:\/\/thetreecbd.com\/fr#organization\"},\"potentialAction\":[{\"@type\":\"SearchAction\",\"target\":{\"@type\":\"EntryPoint\",\"urlTemplate\":\"https:\/\/thetreecbd.com\/fr?s={search_term_string}\"},\"query-input\":{\"@type\":\"PropertyValueSpecification\",\"valueRequired\":true,\"valueName\":\"search_term_string\"}}],\"inLanguage\":\"fr-FR\"},{\"@type\":\"Organization\",\"@id\":\"https:\/\/thetreecbd.com\/fr#organization\",\"name\":\"The Tree CBD\",\"url\":\"https:\/\/thetreecbd.com\/fr\",\"logo\":{\"@type\":\"ImageObject\",\"inLanguage\":\"fr-FR\",\"@id\":\"https:\/\/thetreecbd.com\/fr#\/schema\/logo\/image\/\",\"url\":\"https:\/\/thetreecbd.com\/wp-content\/uploads\/2022\/04\/logo-thetree.png\",\"contentUrl\":\"https:\/\/thetreecbd.com\/wp-content\/uploads\/2022\/04\/logo-thetree.png\",\"width\":172,\"height\":55,\"caption\":\"The Tree CBD\"},\"image\":{\"@id\":\"https:\/\/thetreecbd.com\/fr#\/schema\/logo\/image\/\"},\"sameAs\":[\"https:\/\/www.facebook.com\/thetreeCBD\/\",\"https:\/\/x.com\/TheTreeCBD_EU\",\"https:\/\/www.instagram.com\/thetree.cbd\/\",\"https:\/\/es.trustpilot.com\/review\/thetreecbd.com\"]}]}<\/script>\n<!-- \/ Yoast SEO plugin. -->","yoast_head_json":{"title":"Pack Fresh Kase - Edition limit\u00e9e par Kase.O | The Tree CBD","description":"Fresh Kase Pack : Pack CBD exclusif cr\u00e9\u00e9 par l'artiste Kase.O avec une bo\u00eete en bois sign\u00e9e par lui-m\u00eame. Seulement 300 unit\u00e9s.","robots":{"index":"index","follow":"follow","max-snippet":"max-snippet:-1","max-image-preview":"max-image-preview:large","max-video-preview":"max-video-preview:-1"},"canonical":"https:\/\/thetreecbd.com\/fr\/cbd\/pack-fresh-kase-edition-limitee-kaseo","og_locale":"fr_FR","og_type":"article","og_title":"Pack Fresh Kase - Edition limit\u00e9e par Kase.O | The Tree CBD","og_description":"Fresh Kase Pack : Pack CBD exclusif cr\u00e9\u00e9 par l'artiste Kase.O avec une bo\u00eete en bois sign\u00e9e par lui-m\u00eame. Seulement 300 unit\u00e9s.","og_url":"https:\/\/thetreecbd.com\/fr\/cbd\/pack-fresh-kase-edition-limitee-kaseo","og_site_name":"The Tree CBD","article_publisher":"https:\/\/www.facebook.com\/thetreeCBD\/","article_modified_time":"2025-07-03T15:46:35+00:00","og_image":[{"width":1080,"height":1350,"url":"https:\/\/thetreecbd.com\/wp-content\/uploads\/2024\/12\/KASE-O_0003s_0004_Kase_Pack_1.72.1.jpg","type":"image\/jpeg"}],"twitter_card":"summary_large_image","twitter_site":"@TheTreeCBD_EU","twitter_misc":{"Dur\u00e9e de lecture estim\u00e9e":"3 minutes"},"schema":{"@context":"https:\/\/schema.org","@graph":[{"@type":["WebPage","ItemPage"],"@id":"https:\/\/thetreecbd.com\/fr\/cbd\/pack-fresh-kase-edition-limitee-kaseo","url":"https:\/\/thetreecbd.com\/fr\/cbd\/pack-fresh-kase-edition-limitee-kaseo","name":"Pack Fresh Kase - Edition limit\u00e9e par Kase.O | The Tree CBD","isPartOf":{"@id":"https:\/\/thetreecbd.com\/fr#website"},"primaryImageOfPage":{"@id":"https:\/\/thetreecbd.com\/fr\/cbd\/pack-fresh-kase-edition-limitee-kaseo#primaryimage"},"image":{"@id":"https:\/\/thetreecbd.com\/fr\/cbd\/pack-fresh-kase-edition-limitee-kaseo#primaryimage"},"thumbnailUrl":"https:\/\/thetreecbd.com\/wp-content\/uploads\/2024\/12\/KASE-O_0003s_0004_Kase_Pack_1.72.1.jpg","datePublished":"2024-12-12T10:57:55+00:00","dateModified":"2025-07-03T15:46:35+00:00","description":"Fresh Kase Pack : Pack CBD exclusif cr\u00e9\u00e9 par l'artiste Kase.O avec une bo\u00eete en bois sign\u00e9e par lui-m\u00eame. Seulement 300 unit\u00e9s.","breadcrumb":{"@id":"https:\/\/thetreecbd.com\/fr\/cbd\/pack-fresh-kase-edition-limitee-kaseo#breadcrumb"},"inLanguage":"fr-FR","potentialAction":[{"@type":"ReadAction","target":["https:\/\/thetreecbd.com\/fr\/cbd\/pack-fresh-kase-edition-limitee-kaseo"]}]},{"@type":"ImageObject","inLanguage":"fr-FR","@id":"https:\/\/thetreecbd.com\/fr\/cbd\/pack-fresh-kase-edition-limitee-kaseo#primaryimage","url":"https:\/\/thetreecbd.com\/wp-content\/uploads\/2024\/12\/KASE-O_0003s_0004_Kase_Pack_1.72.1.jpg","contentUrl":"https:\/\/thetreecbd.com\/wp-content\/uploads\/2024\/12\/KASE-O_0003s_0004_Kase_Pack_1.72.1.jpg","width":1080,"height":1350},{"@type":"BreadcrumbList","@id":"https:\/\/thetreecbd.com\/fr\/cbd\/pack-fresh-kase-edition-limitee-kaseo#breadcrumb","itemListElement":[{"@type":"ListItem","position":1,"name":"The Tree","item":"https:\/\/thetreecbd.com\/fr"},{"@type":"ListItem","position":2,"name":"CBD","item":"https:\/\/thetreecbd.com\/es\/cbd"},{"@type":"ListItem","position":3,"name":"Fresh Kase CBD by Kase.O","item":"https:\/\/thetreecbd.com\/fr\/fresh-kase-cbd-by-kaseo"},{"@type":"ListItem","position":4,"name":"Pack Fresh Kase &#8211; Edition limit\u00e9e par Kase.O"}]},{"@type":"WebSite","@id":"https:\/\/thetreecbd.com\/fr#website","url":"https:\/\/thetreecbd.com\/fr","name":"The Tree CBD","description":"Comprar CBD en Espa\u00f1a Online","publisher":{"@id":"https:\/\/thetreecbd.com\/fr#organization"},"potentialAction":[{"@type":"SearchAction","target":{"@type":"EntryPoint","urlTemplate":"https:\/\/thetreecbd.com\/fr?s={search_term_string}"},"query-input":{"@type":"PropertyValueSpecification","valueRequired":true,"valueName":"search_term_string"}}],"inLanguage":"fr-FR"},{"@type":"Organization","@id":"https:\/\/thetreecbd.com\/fr#organization","name":"The Tree CBD","url":"https:\/\/thetreecbd.com\/fr","logo":{"@type":"ImageObject","inLanguage":"fr-FR","@id":"https:\/\/thetreecbd.com\/fr#\/schema\/logo\/image\/","url":"https:\/\/thetreecbd.com\/wp-content\/uploads\/2022\/04\/logo-thetree.png","contentUrl":"https:\/\/thetreecbd.com\/wp-content\/uploads\/2022\/04\/logo-thetree.png","width":172,"height":55,"caption":"The Tree CBD"},"image":{"@id":"https:\/\/thetreecbd.com\/fr#\/schema\/logo\/image\/"},"sameAs":["https:\/\/www.facebook.com\/thetreeCBD\/","https:\/\/x.com\/TheTreeCBD_EU","https:\/\/www.instagram.com\/thetree.cbd\/","https:\/\/es.trustpilot.com\/review\/thetreecbd.com"]}]}},"_links":{"self":[{"href":"https:\/\/thetreecbd.com\/fr\/wp-json\/wp\/v2\/product\/154724","targetHints":{"allow":["GET"]}}],"collection":[{"href":"https:\/\/thetreecbd.com\/fr\/wp-json\/wp\/v2\/product"}],"about":[{"href":"https:\/\/thetreecbd.com\/fr\/wp-json\/wp\/v2\/types\/product"}],"version-history":[{"count":0,"href":"https:\/\/thetreecbd.com\/fr\/wp-json\/wp\/v2\/product\/154724\/revisions"}],"wp:featuredmedia":[{"embeddable":true,"href":"https:\/\/thetreecbd.com\/fr\/wp-json\/wp\/v2\/media\/161057"}],"wp:attachment":[{"href":"https:\/\/thetreecbd.com\/fr\/wp-json\/wp\/v2\/media?parent=154724"}],"wp:term":[{"taxonomy":"product_brand","embeddable":true,"href":"https:\/\/thetreecbd.com\/fr\/wp-json\/wp\/v2\/product_brand?post=154724"}],"curies":[{"name":"wp","href":"https:\/\/api.w.org\/{rel}","templated":true}]}}