{"id":156473,"date":"2025-01-20T11:45:08","date_gmt":"2025-01-20T10:45:08","guid":{"rendered":"https:\/\/thetreecbd.com\/?post_type=product&#038;p=156473"},"modified":"2025-07-03T17:41:22","modified_gmt":"2025-07-03T15:41:22","slug":"petite-fleur-amnesia-cbd","status":"publish","type":"product","link":"https:\/\/thetreecbd.com\/fr\/cbd\/petite-fleur-amnesia-cbd","title":{"rendered":"Petite fleur Amnesia CBD"},"content":{"rendered":"<p>Le produit petites fleurs et bourgeons CBD est l\u2019une des nouveaut\u00e9s du catalogue de The Tree CBD, propos\u00e9 \u00e0 un prix attractif pour tous les budgets. Ce produit combine tous les avantages de nos g\u00e9n\u00e9tiques cultiv\u00e9es en int\u00e9rieur et sous serre.<\/p>\n<p>Dans ce cas, les plus petites fleurs et bourgeons de toutes les plantes de cannabis l\u00e9gal au CBD sont r\u00e9colt\u00e9s pour vous offrir un produit de qualit\u00e9 \u00e9quivalente \u00e0 toutes les vari\u00e9t\u00e9s de The Tree CBD, mais \u00e0 un prix plus accessible.<\/p>\n<p>\u2022Amnesia : Propose des saveurs d\u2019agrumes, fruit\u00e9es et aromatiques, avec un effet relaxant gr\u00e2ce \u00e0 ses niveaux \u00e9lev\u00e9s de CBD, compris entre 21 % et 23 %.<\/p>\n<p>Comme tous nos autres produits, et gr\u00e2ce \u00e0 une teneur en THC inf\u00e9rieure \u00e0 0,19 %, ils sont totalement l\u00e9gaux dans toute l\u2019Europe et ne pr\u00e9sentent aucun effet psychoactif.<\/p>\n<p>Caract\u00e9ristiques des petites fleurs Amnesia CBD<\/p>\n<p>\u2022Vari\u00e9t\u00e9 : Amnesia CBD<\/p>\n<p>\u2022Petites fleurs et bourgeons de chanvre<\/p>\n<p>\u2022Format : Sachet de 10 grammes<\/p>\n<p>\u2022Moins de 0,19 % de THC<\/p>\n<p>\u2022Entre 10 % et 23 % de CBD, selon la vari\u00e9t\u00e9<\/p>\n<p>\u2022Sans effets psychoactifs<\/p>\n<p>\u2022Culture biologique<\/p>\n<p>\u2022Sans OGM<\/p>\n<p>\u2022Sans pesticides<\/p>\n<p>Ar\u00f4me des petites fleurs CBD<\/p>\n<p>Les terp\u00e8nes, pr\u00e9sents dans la plupart des huiles essentielles de nombreuses plantes, fleurs et fruits, sont responsables des ar\u00f4mes et des saveurs. Le cannabis dispose d\u2019un profil vari\u00e9 de terp\u00e8nes.<\/p>\n<p>Les terp\u00e8nes disponibles varient en fonction de la vari\u00e9t\u00e9 incluse dans chaque sachet. Consultez chaque vari\u00e9t\u00e9 pour d\u00e9couvrir son profil de terp\u00e8nes sp\u00e9cifique.<\/p>\n<p>Public cible<\/p>\n<p>Les petites fleurs sont id\u00e9ales pour les consommateurs cherchant la qualit\u00e9 habituelle \u00e0 un prix r\u00e9duit. \u00c9tant un sous-produit ou un reste de r\u00e9colte, les petites fleurs permettent d\u2019acc\u00e9der \u00e0 des vari\u00e9t\u00e9s premium \u00e0 un co\u00fbt beaucoup plus bas, tout en conservant la qualit\u00e9 du produit original.<\/p>\n<p>Informations de s\u00e9curit\u00e9<\/p>\n<p>Veuillez noter que les fleurs de CBD de The Tree sont destin\u00e9es \u00e0 un usage d\u00e9coratif, de collection ou aromatique. Elles ne doivent pas \u00eatre utilis\u00e9es pendant la grossesse ou l\u2019allaitement. Gardez-les hors de la port\u00e9e des enfants.<\/p>\n<p>Nos fleurs de CBD peuvent contenir une faible quantit\u00e9 de THC, toujours en dessous de la limite autoris\u00e9e par l\u2019UE de 0,2 % de THC.<\/p>\n<p>Les informations fournies sont uniquement \u00e0 titre informatif et \u00e9ducatif et ne remplacent en aucun cas un avis m\u00e9dical d\u2019un professionnel de sant\u00e9. Nos textes ne sont pas destin\u00e9s \u00e0 diagnostiquer ou traiter des maladies.<\/p>\n<p>N\u2019h\u00e9sitez pas \u00e0 nous contacter si vous avez des questions suppl\u00e9mentaires.<\/p>\n<p>Stockage<\/p>\n<p>Les fleurs de CBD de The Tree doivent \u00eatre conserv\u00e9es dans un endroit frais et sec, \u00e0 l\u2019abri de la lumi\u00e8re et des odeurs fortes pour \u00e9viter toute contamination ou d\u00e9gradation. \u00c9vitez l\u2019exposition directe au soleil et \u00e0 la chaleur.<\/p>\n<p>Attention : La dur\u00e9e de conservation optimale est d\u2019un mois si elles sont stock\u00e9es correctement.<\/p>\n","protected":false},"excerpt":{"rendered":"<ul>\n<li>\u00a0Vari\u00e9t\u00e9 : Amnesia CBD<\/li>\n<li>Petites fleurs et bourgeons de chanvre<\/li>\n<li>Format : Sachet de 10 grammes<\/li>\n<li>Moins de 0,19 % de THC<\/li>\n<li>Entre 10 % et 23 % de CBD, selon la vari\u00e9t\u00e9<\/li>\n<li>Sans effets psychoactifs<\/li>\n<li>Cultiv\u00e9es de mani\u00e8re biologique<\/li>\n<li>\u2022Sans OGM<\/li>\n<li>\u2022Sans pesticides<\/li>\n<\/ul>\n","protected":false},"featured_media":158075,"template":"","meta":{"_acf_changed":false},"product_brand":[],"class_list":{"0":"post-156473","1":"product","2":"type-product","3":"status-publish","4":"has-post-thumbnail","6":"product_cat-fleurs-cbd","7":"product_cat-fleurs-petites","8":"product_cat-cbd-concentrees-20","10":"first","11":"instock","12":"taxable","13":"shipping-taxable","14":"purchasable","15":"product-type-variable"},"acf":[],"yoast_head":"<!-- This site is optimized with the Yoast SEO plugin v26.3 - https:\/\/yoast.com\/wordpress\/plugins\/seo\/ -->\n<title>Petite fleur Amnesia CBD | The Tree CBD<\/title>\n<meta name=\"description\" content=\"La petite fleur d\u2019Amnesia CBD offre des saveurs d\u2019agrumes, fruit\u00e9es et aromatiques, avec un effet relaxant gr\u00e2ce \u00e0 sa forte teneur en CBD, 23\u202f%. L\u00e9gal en Espagne\" \/>\n<meta name=\"robots\" content=\"index, follow, max-snippet:-1, max-image-preview:large, max-video-preview:-1\" \/>\n<link rel=\"canonical\" href=\"https:\/\/thetreecbd.com\/fr\/cbd\/petite-fleur-amnesia-cbd\" \/>\n<meta property=\"og:locale\" content=\"fr_FR\" \/>\n<meta property=\"og:type\" content=\"article\" \/>\n<meta property=\"og:title\" content=\"Petite fleur Amnesia CBD | The Tree CBD\" \/>\n<meta property=\"og:description\" content=\"La petite fleur d\u2019Amnesia CBD offre des saveurs d\u2019agrumes, fruit\u00e9es et aromatiques, avec un effet relaxant gr\u00e2ce \u00e0 sa forte teneur en CBD, 23\u202f%. L\u00e9gal en Espagne\" \/>\n<meta property=\"og:url\" content=\"https:\/\/thetreecbd.com\/fr\/cbd\/petite-fleur-amnesia-cbd\" \/>\n<meta property=\"og:site_name\" content=\"The Tree CBD\" \/>\n<meta property=\"article:publisher\" content=\"https:\/\/www.facebook.com\/thetreeCBD\/\" \/>\n<meta property=\"article:modified_time\" content=\"2025-07-03T15:41:22+00:00\" \/>\n<meta property=\"og:image\" content=\"https:\/\/thetreecbd.com\/wp-content\/uploads\/2025\/01\/Somango_Heap_1.28.1-scaled-e1740226699733.jpeg\" \/>\n\t<meta property=\"og:image:width\" content=\"1152\" \/>\n\t<meta property=\"og:image:height\" content=\"1386\" \/>\n\t<meta property=\"og:image:type\" content=\"image\/jpeg\" \/>\n<meta name=\"twitter:card\" content=\"summary_large_image\" \/>\n<meta name=\"twitter:site\" content=\"@TheTreeCBD_EU\" \/>\n<meta name=\"twitter:label1\" content=\"Dur\u00e9e de lecture estim\u00e9e\" \/>\n\t<meta name=\"twitter:data1\" content=\"3 minutes\" \/>\n<script type=\"application\/ld+json\" class=\"yoast-schema-graph\">{\"@context\":\"https:\/\/schema.org\",\"@graph\":[{\"@type\":[\"WebPage\",\"ItemPage\"],\"@id\":\"https:\/\/thetreecbd.com\/fr\/cbd\/petite-fleur-amnesia-cbd\",\"url\":\"https:\/\/thetreecbd.com\/fr\/cbd\/petite-fleur-amnesia-cbd\",\"name\":\"Petite fleur Amnesia CBD | The Tree CBD\",\"isPartOf\":{\"@id\":\"https:\/\/thetreecbd.com\/fr#website\"},\"primaryImageOfPage\":{\"@id\":\"https:\/\/thetreecbd.com\/fr\/cbd\/petite-fleur-amnesia-cbd#primaryimage\"},\"image\":{\"@id\":\"https:\/\/thetreecbd.com\/fr\/cbd\/petite-fleur-amnesia-cbd#primaryimage\"},\"thumbnailUrl\":\"https:\/\/thetreecbd.com\/wp-content\/uploads\/2025\/01\/Somango_Heap_1.28.1-scaled-e1740226699733.jpeg\",\"datePublished\":\"2025-01-20T10:45:08+00:00\",\"dateModified\":\"2025-07-03T15:41:22+00:00\",\"description\":\"La petite fleur d\u2019Amnesia CBD offre des saveurs d\u2019agrumes, fruit\u00e9es et aromatiques, avec un effet relaxant gr\u00e2ce \u00e0 sa forte teneur en CBD, 23\u202f%. L\u00e9gal en Espagne\",\"breadcrumb\":{\"@id\":\"https:\/\/thetreecbd.com\/fr\/cbd\/petite-fleur-amnesia-cbd#breadcrumb\"},\"inLanguage\":\"fr-FR\",\"potentialAction\":[{\"@type\":\"ReadAction\",\"target\":[\"https:\/\/thetreecbd.com\/fr\/cbd\/petite-fleur-amnesia-cbd\"]}]},{\"@type\":\"ImageObject\",\"inLanguage\":\"fr-FR\",\"@id\":\"https:\/\/thetreecbd.com\/fr\/cbd\/petite-fleur-amnesia-cbd#primaryimage\",\"url\":\"https:\/\/thetreecbd.com\/wp-content\/uploads\/2025\/01\/Somango_Heap_1.28.1-scaled-e1740226699733.jpeg\",\"contentUrl\":\"https:\/\/thetreecbd.com\/wp-content\/uploads\/2025\/01\/Somango_Heap_1.28.1-scaled-e1740226699733.jpeg\",\"width\":1152,\"height\":1386},{\"@type\":\"BreadcrumbList\",\"@id\":\"https:\/\/thetreecbd.com\/fr\/cbd\/petite-fleur-amnesia-cbd#breadcrumb\",\"itemListElement\":[{\"@type\":\"ListItem\",\"position\":1,\"name\":\"The Tree\",\"item\":\"https:\/\/thetreecbd.com\/fr\"},{\"@type\":\"ListItem\",\"position\":2,\"name\":\"CBD\",\"item\":\"https:\/\/thetreecbd.com\/es\/cbd\"},{\"@type\":\"ListItem\",\"position\":3,\"name\":\"Fleurs de chanvre. Fleurs de CBD\",\"item\":\"https:\/\/thetreecbd.com\/fr\/fleurs-cbd\"},{\"@type\":\"ListItem\",\"position\":4,\"name\":\"Fleurs et petits bourgeons CBD\",\"item\":\"https:\/\/thetreecbd.com\/fr\/fleurs-cbd\/fleurs-petites\"},{\"@type\":\"ListItem\",\"position\":5,\"name\":\"Petite fleur Amnesia CBD\"}]},{\"@type\":\"WebSite\",\"@id\":\"https:\/\/thetreecbd.com\/fr#website\",\"url\":\"https:\/\/thetreecbd.com\/fr\",\"name\":\"The Tree CBD\",\"description\":\"Comprar CBD en Espa\u00f1a Online\",\"publisher\":{\"@id\":\"https:\/\/thetreecbd.com\/fr#organization\"},\"potentialAction\":[{\"@type\":\"SearchAction\",\"target\":{\"@type\":\"EntryPoint\",\"urlTemplate\":\"https:\/\/thetreecbd.com\/fr?s={search_term_string}\"},\"query-input\":{\"@type\":\"PropertyValueSpecification\",\"valueRequired\":true,\"valueName\":\"search_term_string\"}}],\"inLanguage\":\"fr-FR\"},{\"@type\":\"Organization\",\"@id\":\"https:\/\/thetreecbd.com\/fr#organization\",\"name\":\"The Tree CBD\",\"url\":\"https:\/\/thetreecbd.com\/fr\",\"logo\":{\"@type\":\"ImageObject\",\"inLanguage\":\"fr-FR\",\"@id\":\"https:\/\/thetreecbd.com\/fr#\/schema\/logo\/image\/\",\"url\":\"https:\/\/thetreecbd.com\/wp-content\/uploads\/2022\/04\/logo-thetree.png\",\"contentUrl\":\"https:\/\/thetreecbd.com\/wp-content\/uploads\/2022\/04\/logo-thetree.png\",\"width\":172,\"height\":55,\"caption\":\"The Tree CBD\"},\"image\":{\"@id\":\"https:\/\/thetreecbd.com\/fr#\/schema\/logo\/image\/\"},\"sameAs\":[\"https:\/\/www.facebook.com\/thetreeCBD\/\",\"https:\/\/x.com\/TheTreeCBD_EU\",\"https:\/\/www.instagram.com\/thetree.cbd\/\",\"https:\/\/es.trustpilot.com\/review\/thetreecbd.com\"]}]}<\/script>\n<!-- \/ Yoast SEO plugin. -->","yoast_head_json":{"title":"Petite fleur Amnesia CBD | The Tree CBD","description":"La petite fleur d\u2019Amnesia CBD offre des saveurs d\u2019agrumes, fruit\u00e9es et aromatiques, avec un effet relaxant gr\u00e2ce \u00e0 sa forte teneur en CBD, 23\u202f%. L\u00e9gal en Espagne","robots":{"index":"index","follow":"follow","max-snippet":"max-snippet:-1","max-image-preview":"max-image-preview:large","max-video-preview":"max-video-preview:-1"},"canonical":"https:\/\/thetreecbd.com\/fr\/cbd\/petite-fleur-amnesia-cbd","og_locale":"fr_FR","og_type":"article","og_title":"Petite fleur Amnesia CBD | The Tree CBD","og_description":"La petite fleur d\u2019Amnesia CBD offre des saveurs d\u2019agrumes, fruit\u00e9es et aromatiques, avec un effet relaxant gr\u00e2ce \u00e0 sa forte teneur en CBD, 23\u202f%. L\u00e9gal en Espagne","og_url":"https:\/\/thetreecbd.com\/fr\/cbd\/petite-fleur-amnesia-cbd","og_site_name":"The Tree CBD","article_publisher":"https:\/\/www.facebook.com\/thetreeCBD\/","article_modified_time":"2025-07-03T15:41:22+00:00","og_image":[{"width":1152,"height":1386,"url":"https:\/\/thetreecbd.com\/wp-content\/uploads\/2025\/01\/Somango_Heap_1.28.1-scaled-e1740226699733.jpeg","type":"image\/jpeg"}],"twitter_card":"summary_large_image","twitter_site":"@TheTreeCBD_EU","twitter_misc":{"Dur\u00e9e de lecture estim\u00e9e":"3 minutes"},"schema":{"@context":"https:\/\/schema.org","@graph":[{"@type":["WebPage","ItemPage"],"@id":"https:\/\/thetreecbd.com\/fr\/cbd\/petite-fleur-amnesia-cbd","url":"https:\/\/thetreecbd.com\/fr\/cbd\/petite-fleur-amnesia-cbd","name":"Petite fleur Amnesia CBD | The Tree CBD","isPartOf":{"@id":"https:\/\/thetreecbd.com\/fr#website"},"primaryImageOfPage":{"@id":"https:\/\/thetreecbd.com\/fr\/cbd\/petite-fleur-amnesia-cbd#primaryimage"},"image":{"@id":"https:\/\/thetreecbd.com\/fr\/cbd\/petite-fleur-amnesia-cbd#primaryimage"},"thumbnailUrl":"https:\/\/thetreecbd.com\/wp-content\/uploads\/2025\/01\/Somango_Heap_1.28.1-scaled-e1740226699733.jpeg","datePublished":"2025-01-20T10:45:08+00:00","dateModified":"2025-07-03T15:41:22+00:00","description":"La petite fleur d\u2019Amnesia CBD offre des saveurs d\u2019agrumes, fruit\u00e9es et aromatiques, avec un effet relaxant gr\u00e2ce \u00e0 sa forte teneur en CBD, 23\u202f%. L\u00e9gal en Espagne","breadcrumb":{"@id":"https:\/\/thetreecbd.com\/fr\/cbd\/petite-fleur-amnesia-cbd#breadcrumb"},"inLanguage":"fr-FR","potentialAction":[{"@type":"ReadAction","target":["https:\/\/thetreecbd.com\/fr\/cbd\/petite-fleur-amnesia-cbd"]}]},{"@type":"ImageObject","inLanguage":"fr-FR","@id":"https:\/\/thetreecbd.com\/fr\/cbd\/petite-fleur-amnesia-cbd#primaryimage","url":"https:\/\/thetreecbd.com\/wp-content\/uploads\/2025\/01\/Somango_Heap_1.28.1-scaled-e1740226699733.jpeg","contentUrl":"https:\/\/thetreecbd.com\/wp-content\/uploads\/2025\/01\/Somango_Heap_1.28.1-scaled-e1740226699733.jpeg","width":1152,"height":1386},{"@type":"BreadcrumbList","@id":"https:\/\/thetreecbd.com\/fr\/cbd\/petite-fleur-amnesia-cbd#breadcrumb","itemListElement":[{"@type":"ListItem","position":1,"name":"The Tree","item":"https:\/\/thetreecbd.com\/fr"},{"@type":"ListItem","position":2,"name":"CBD","item":"https:\/\/thetreecbd.com\/es\/cbd"},{"@type":"ListItem","position":3,"name":"Fleurs de chanvre. Fleurs de CBD","item":"https:\/\/thetreecbd.com\/fr\/fleurs-cbd"},{"@type":"ListItem","position":4,"name":"Fleurs et petits bourgeons CBD","item":"https:\/\/thetreecbd.com\/fr\/fleurs-cbd\/fleurs-petites"},{"@type":"ListItem","position":5,"name":"Petite fleur Amnesia CBD"}]},{"@type":"WebSite","@id":"https:\/\/thetreecbd.com\/fr#website","url":"https:\/\/thetreecbd.com\/fr","name":"The Tree CBD","description":"Comprar CBD en Espa\u00f1a Online","publisher":{"@id":"https:\/\/thetreecbd.com\/fr#organization"},"potentialAction":[{"@type":"SearchAction","target":{"@type":"EntryPoint","urlTemplate":"https:\/\/thetreecbd.com\/fr?s={search_term_string}"},"query-input":{"@type":"PropertyValueSpecification","valueRequired":true,"valueName":"search_term_string"}}],"inLanguage":"fr-FR"},{"@type":"Organization","@id":"https:\/\/thetreecbd.com\/fr#organization","name":"The Tree CBD","url":"https:\/\/thetreecbd.com\/fr","logo":{"@type":"ImageObject","inLanguage":"fr-FR","@id":"https:\/\/thetreecbd.com\/fr#\/schema\/logo\/image\/","url":"https:\/\/thetreecbd.com\/wp-content\/uploads\/2022\/04\/logo-thetree.png","contentUrl":"https:\/\/thetreecbd.com\/wp-content\/uploads\/2022\/04\/logo-thetree.png","width":172,"height":55,"caption":"The Tree CBD"},"image":{"@id":"https:\/\/thetreecbd.com\/fr#\/schema\/logo\/image\/"},"sameAs":["https:\/\/www.facebook.com\/thetreeCBD\/","https:\/\/x.com\/TheTreeCBD_EU","https:\/\/www.instagram.com\/thetree.cbd\/","https:\/\/es.trustpilot.com\/review\/thetreecbd.com"]}]}},"_links":{"self":[{"href":"https:\/\/thetreecbd.com\/fr\/wp-json\/wp\/v2\/product\/156473","targetHints":{"allow":["GET"]}}],"collection":[{"href":"https:\/\/thetreecbd.com\/fr\/wp-json\/wp\/v2\/product"}],"about":[{"href":"https:\/\/thetreecbd.com\/fr\/wp-json\/wp\/v2\/types\/product"}],"version-history":[{"count":0,"href":"https:\/\/thetreecbd.com\/fr\/wp-json\/wp\/v2\/product\/156473\/revisions"}],"wp:featuredmedia":[{"embeddable":true,"href":"https:\/\/thetreecbd.com\/fr\/wp-json\/wp\/v2\/media\/158075"}],"wp:attachment":[{"href":"https:\/\/thetreecbd.com\/fr\/wp-json\/wp\/v2\/media?parent=156473"}],"wp:term":[{"taxonomy":"product_brand","embeddable":true,"href":"https:\/\/thetreecbd.com\/fr\/wp-json\/wp\/v2\/product_brand?post=156473"}],"curies":[{"name":"wp","href":"https:\/\/api.w.org\/{rel}","templated":true}]}}