{"id":156527,"date":"2025-01-20T23:16:08","date_gmt":"2025-01-20T22:16:08","guid":{"rendered":"https:\/\/thetreecbd.com\/?post_type=product&#038;p=156527"},"modified":"2025-07-03T17:00:30","modified_gmt":"2025-07-03T15:00:30","slug":"green-cure-petites-fleurs","status":"publish","type":"product","link":"https:\/\/thetreecbd.com\/fr\/cbd\/green-cure-petites-fleurs","title":{"rendered":"Green Cure petites fleurs"},"content":{"rendered":"<p>Le produit Green Cure petites fleurs est l\u2019une des nouveaut\u00e9s du catalogue de The Tree CBD, propos\u00e9 \u00e0 un prix attractif pour tous les budgets. Ce produit combine tous les avantages de nos g\u00e9n\u00e9tiques cultiv\u00e9es en int\u00e9rieur et sous serre.<\/p>\n<p>Dans ce cas, les plus petites fleurs et bourgeons CBD de toutes les plantes de cannabis l\u00e9gal au CBD sont r\u00e9colt\u00e9s pour vous offrir un produit avec la m\u00eame qualit\u00e9 que toutes les vari\u00e9t\u00e9s de The Tree CBD, mais \u00e0 un prix plus accessible.<\/p>\n<p>\u2022Cette vari\u00e9t\u00e9 est bien connue pour son ar\u00f4me exclusif et sa saveur unique qui ne laisse personne indiff\u00e9rent. Les bourgeons de cette g\u00e9n\u00e9tique ont un ar\u00f4me intense, avec des notes fruit\u00e9es prononc\u00e9es, notamment des fruits tropicaux. Sa saveur l\u00e9g\u00e8re est douce pour la gorge, et son parfum intense compl\u00e8te votre exp\u00e9rience avec cette fleur de CBD, qui contient environ 11 % de CBD.<\/p>\n<p>Comme tous nos autres produits, et gr\u00e2ce \u00e0 une teneur en THC inf\u00e9rieure \u00e0 0,19 %, ils sont totalement l\u00e9gaux dans toute l\u2019Europe et ne pr\u00e9sentent aucun effet psychoactif.<\/p>\n<p>Caract\u00e9ristiques des petites fleurs de CBD Green Cure<\/p>\n<p>\u2022Vari\u00e9t\u00e9s : Green Cure CBD petites fleurs<\/p>\n<p>\u2022Bourgeons et fleurs de chanvre<\/p>\n<p>\u2022Format : Sachet de 10 grammes<\/p>\n<p>\u2022Moins de 0,19 % de THC<\/p>\n<p>\u2022Entre 10 % et 23 % de CBD, selon la vari\u00e9t\u00e9<\/p>\n<p>\u2022Sans effets psychoactifs<\/p>\n<p>\u2022Cultiv\u00e9es de mani\u00e8re biologique<\/p>\n<p>\u2022Sans OGM<\/p>\n<p>\u2022Sans pesticides<\/p>\n<p>Ar\u00f4me des petites fleurs de CBD<\/p>\n<p>Les terp\u00e8nes, pr\u00e9sents dans la plupart des huiles essentielles de nombreuses plantes, fleurs et fruits, sont responsables des ar\u00f4mes et des saveurs. Le cannabis contient un large profil de terp\u00e8nes.<\/p>\n<p>Les terp\u00e8nes disponibles varient en fonction de la vari\u00e9t\u00e9 incluse dans chaque sachet. Consultez chaque vari\u00e9t\u00e9 pour d\u00e9couvrir son profil de terp\u00e8nes sp\u00e9cifique.<\/p>\n<p>Public cible<\/p>\n<p>Les petites fleurs sont id\u00e9ales pour les consommateurs cherchant la qualit\u00e9 habituelle \u00e0 un prix r\u00e9duit.<\/p>\n<p>En tant que sous-produit ou surplus, les petites fleurs permettent d\u2019acc\u00e9der \u00e0 des vari\u00e9t\u00e9s premium \u00e0 un prix beaucoup plus bas, tout en conservant la m\u00eame qualit\u00e9 que le produit original.<\/p>\n<p>Informations de s\u00e9curit\u00e9<\/p>\n<p>Veuillez noter que les fleurs de CBD de The Tree sont destin\u00e9es \u00e0 un usage d\u00e9coratif, de collection ou aromatique. Elles ne doivent pas \u00eatre utilis\u00e9es pendant la grossesse ou l\u2019allaitement. Gardez-les hors de port\u00e9e des enfants.<\/p>\n<p>Nos fleurs de CBD peuvent contenir une faible quantit\u00e9 de THC, toujours en dessous de la limite autoris\u00e9e par l\u2019UE de 0,2 % THC.<\/p>\n<p>Les informations fournies sont uniquement \u00e0 titre informatif et \u00e9ducatif et ne remplacent en aucun cas un avis m\u00e9dical d\u2019un m\u00e9decin ou pharmacien. Nos textes ne sont pas destin\u00e9s \u00e0 diagnostiquer ou traiter des maladies ind\u00e9pendamment.<\/p>\n<p>Si vous avez d\u2019autres questions, n\u2019h\u00e9sitez pas \u00e0 nous contacter.<\/p>\n<p>Stockage<\/p>\n<p>Id\u00e9alement, les fleurs de CBD de The Tree doivent \u00eatre conserv\u00e9es dans un endroit frais et sec, prot\u00e9g\u00e9 de la lumi\u00e8re et des odeurs fortes, pour \u00e9viter toute contamination ou d\u00e9gradation. \u00c9vitez l\u2019exposition directe \u00e0 la lumi\u00e8re du soleil et \u00e0 la chaleur.<\/p>\n<p>Attention : La dur\u00e9e de conservation indiqu\u00e9e est d\u2019un mois si elles sont stock\u00e9es correctement.<\/p>\n","protected":false},"excerpt":{"rendered":"<ul>\n<li>Vari\u00e9t\u00e9s : Green Cure CBD petites fleurs<\/li>\n<li>Bourgeons et fleurs de chanvre<\/li>\n<li>Format : Sachet de 10 grammes<\/li>\n<li>Moins de 0,19 % de THC<\/li>\n<li>Entre 10 % et 23 % de CBD, selon la vari\u00e9t\u00e9<\/li>\n<li>Sans effets psychoactifs<\/li>\n<li>Cultiv\u00e9es de mani\u00e8re biologique<\/li>\n<li>Sans OGM<\/li>\n<li>Sans pesticides<\/li>\n<\/ul>\n","protected":false},"featured_media":158322,"template":"","meta":{"_acf_changed":false},"product_brand":[],"class_list":{"0":"post-156527","1":"product","2":"type-product","3":"status-publish","4":"has-post-thumbnail","6":"product_cat-cogollos-pequenos-exterior","7":"product_cat-fleurs-cbd","8":"product_cat-fleurs-petites","9":"product_cat-cbd-concentrees-20","11":"first","12":"outofstock","13":"taxable","14":"shipping-taxable","15":"purchasable","16":"product-type-variable"},"acf":[],"yoast_head":"<!-- This site is optimized with the Yoast SEO plugin v26.3 - https:\/\/yoast.com\/wordpress\/plugins\/seo\/ -->\n<title>Green Cure petites fleurs | The Tree CBD<\/title>\n<meta name=\"description\" content=\"Petits bourgeons de marijuana Gelato CBD l\u00e9gaux en Espagne : saveur sucr\u00e9e, citronn\u00e9e et naturelle, avec un effet relaxant gr\u00e2ce \u00e0 sa teneur \u00e9lev\u00e9e en CBD (10 %).\" \/>\n<meta name=\"robots\" content=\"index, follow, max-snippet:-1, max-image-preview:large, max-video-preview:-1\" \/>\n<link rel=\"canonical\" href=\"https:\/\/thetreecbd.com\/fr\/cbd\/green-cure-petites-fleurs\" \/>\n<meta property=\"og:locale\" content=\"fr_FR\" \/>\n<meta property=\"og:type\" content=\"article\" \/>\n<meta property=\"og:title\" content=\"Green Cure petites fleurs | The Tree CBD\" \/>\n<meta property=\"og:description\" content=\"Petits bourgeons de marijuana Gelato CBD l\u00e9gaux en Espagne : saveur sucr\u00e9e, citronn\u00e9e et naturelle, avec un effet relaxant gr\u00e2ce \u00e0 sa teneur \u00e9lev\u00e9e en CBD (10 %).\" \/>\n<meta property=\"og:url\" content=\"https:\/\/thetreecbd.com\/fr\/cbd\/green-cure-petites-fleurs\" \/>\n<meta property=\"og:site_name\" content=\"The Tree CBD\" \/>\n<meta property=\"article:publisher\" content=\"https:\/\/www.facebook.com\/thetreeCBD\/\" \/>\n<meta property=\"article:modified_time\" content=\"2025-07-03T15:00:30+00:00\" \/>\n<meta property=\"og:image\" content=\"https:\/\/thetreecbd.com\/wp-content\/uploads\/2025\/01\/Green_Cure_Heap_1.50.1-1-scaled-e1740645665675.jpeg\" \/>\n\t<meta property=\"og:image:width\" content=\"1152\" \/>\n\t<meta property=\"og:image:height\" content=\"1110\" \/>\n\t<meta property=\"og:image:type\" content=\"image\/jpeg\" \/>\n<meta name=\"twitter:card\" content=\"summary_large_image\" \/>\n<meta name=\"twitter:site\" content=\"@TheTreeCBD_EU\" \/>\n<meta name=\"twitter:label1\" content=\"Dur\u00e9e de lecture estim\u00e9e\" \/>\n\t<meta name=\"twitter:data1\" content=\"3 minutes\" \/>\n<script type=\"application\/ld+json\" class=\"yoast-schema-graph\">{\"@context\":\"https:\/\/schema.org\",\"@graph\":[{\"@type\":[\"WebPage\",\"ItemPage\"],\"@id\":\"https:\/\/thetreecbd.com\/fr\/cbd\/green-cure-petites-fleurs\",\"url\":\"https:\/\/thetreecbd.com\/fr\/cbd\/green-cure-petites-fleurs\",\"name\":\"Green Cure petites fleurs | The Tree CBD\",\"isPartOf\":{\"@id\":\"https:\/\/thetreecbd.com\/fr#website\"},\"primaryImageOfPage\":{\"@id\":\"https:\/\/thetreecbd.com\/fr\/cbd\/green-cure-petites-fleurs#primaryimage\"},\"image\":{\"@id\":\"https:\/\/thetreecbd.com\/fr\/cbd\/green-cure-petites-fleurs#primaryimage\"},\"thumbnailUrl\":\"https:\/\/thetreecbd.com\/wp-content\/uploads\/2025\/01\/Green_Cure_Heap_1.50.1-1-scaled-e1740645665675.jpeg\",\"datePublished\":\"2025-01-20T22:16:08+00:00\",\"dateModified\":\"2025-07-03T15:00:30+00:00\",\"description\":\"Petits bourgeons de marijuana Gelato CBD l\u00e9gaux en Espagne : saveur sucr\u00e9e, citronn\u00e9e et naturelle, avec un effet relaxant gr\u00e2ce \u00e0 sa teneur \u00e9lev\u00e9e en CBD (10 %).\",\"breadcrumb\":{\"@id\":\"https:\/\/thetreecbd.com\/fr\/cbd\/green-cure-petites-fleurs#breadcrumb\"},\"inLanguage\":\"fr-FR\",\"potentialAction\":[{\"@type\":\"ReadAction\",\"target\":[\"https:\/\/thetreecbd.com\/fr\/cbd\/green-cure-petites-fleurs\"]}]},{\"@type\":\"ImageObject\",\"inLanguage\":\"fr-FR\",\"@id\":\"https:\/\/thetreecbd.com\/fr\/cbd\/green-cure-petites-fleurs#primaryimage\",\"url\":\"https:\/\/thetreecbd.com\/wp-content\/uploads\/2025\/01\/Green_Cure_Heap_1.50.1-1-scaled-e1740645665675.jpeg\",\"contentUrl\":\"https:\/\/thetreecbd.com\/wp-content\/uploads\/2025\/01\/Green_Cure_Heap_1.50.1-1-scaled-e1740645665675.jpeg\",\"width\":1152,\"height\":1110},{\"@type\":\"BreadcrumbList\",\"@id\":\"https:\/\/thetreecbd.com\/fr\/cbd\/green-cure-petites-fleurs#breadcrumb\",\"itemListElement\":[{\"@type\":\"ListItem\",\"position\":1,\"name\":\"The Tree\",\"item\":\"https:\/\/thetreecbd.com\/fr\"},{\"@type\":\"ListItem\",\"position\":2,\"name\":\"CBD\",\"item\":\"https:\/\/thetreecbd.com\/es\/cbd\"},{\"@type\":\"ListItem\",\"position\":3,\"name\":\"Fleurs de chanvre. Fleurs de CBD\",\"item\":\"https:\/\/thetreecbd.com\/fr\/fleurs-cbd\"},{\"@type\":\"ListItem\",\"position\":4,\"name\":\"Fleurs et petits bourgeons CBD\",\"item\":\"https:\/\/thetreecbd.com\/fr\/fleurs-cbd\/fleurs-petites\"},{\"@type\":\"ListItem\",\"position\":5,\"name\":\"Green Cure petites fleurs\"}]},{\"@type\":\"WebSite\",\"@id\":\"https:\/\/thetreecbd.com\/fr#website\",\"url\":\"https:\/\/thetreecbd.com\/fr\",\"name\":\"The Tree CBD\",\"description\":\"Comprar CBD en Espa\u00f1a Online\",\"publisher\":{\"@id\":\"https:\/\/thetreecbd.com\/fr#organization\"},\"potentialAction\":[{\"@type\":\"SearchAction\",\"target\":{\"@type\":\"EntryPoint\",\"urlTemplate\":\"https:\/\/thetreecbd.com\/fr?s={search_term_string}\"},\"query-input\":{\"@type\":\"PropertyValueSpecification\",\"valueRequired\":true,\"valueName\":\"search_term_string\"}}],\"inLanguage\":\"fr-FR\"},{\"@type\":\"Organization\",\"@id\":\"https:\/\/thetreecbd.com\/fr#organization\",\"name\":\"The Tree CBD\",\"url\":\"https:\/\/thetreecbd.com\/fr\",\"logo\":{\"@type\":\"ImageObject\",\"inLanguage\":\"fr-FR\",\"@id\":\"https:\/\/thetreecbd.com\/fr#\/schema\/logo\/image\/\",\"url\":\"https:\/\/thetreecbd.com\/wp-content\/uploads\/2022\/04\/logo-thetree.png\",\"contentUrl\":\"https:\/\/thetreecbd.com\/wp-content\/uploads\/2022\/04\/logo-thetree.png\",\"width\":172,\"height\":55,\"caption\":\"The Tree CBD\"},\"image\":{\"@id\":\"https:\/\/thetreecbd.com\/fr#\/schema\/logo\/image\/\"},\"sameAs\":[\"https:\/\/www.facebook.com\/thetreeCBD\/\",\"https:\/\/x.com\/TheTreeCBD_EU\",\"https:\/\/www.instagram.com\/thetree.cbd\/\",\"https:\/\/es.trustpilot.com\/review\/thetreecbd.com\"]}]}<\/script>\n<!-- \/ Yoast SEO plugin. -->","yoast_head_json":{"title":"Green Cure petites fleurs | The Tree CBD","description":"Petits bourgeons de marijuana Gelato CBD l\u00e9gaux en Espagne : saveur sucr\u00e9e, citronn\u00e9e et naturelle, avec un effet relaxant gr\u00e2ce \u00e0 sa teneur \u00e9lev\u00e9e en CBD (10 %).","robots":{"index":"index","follow":"follow","max-snippet":"max-snippet:-1","max-image-preview":"max-image-preview:large","max-video-preview":"max-video-preview:-1"},"canonical":"https:\/\/thetreecbd.com\/fr\/cbd\/green-cure-petites-fleurs","og_locale":"fr_FR","og_type":"article","og_title":"Green Cure petites fleurs | The Tree CBD","og_description":"Petits bourgeons de marijuana Gelato CBD l\u00e9gaux en Espagne : saveur sucr\u00e9e, citronn\u00e9e et naturelle, avec un effet relaxant gr\u00e2ce \u00e0 sa teneur \u00e9lev\u00e9e en CBD (10 %).","og_url":"https:\/\/thetreecbd.com\/fr\/cbd\/green-cure-petites-fleurs","og_site_name":"The Tree CBD","article_publisher":"https:\/\/www.facebook.com\/thetreeCBD\/","article_modified_time":"2025-07-03T15:00:30+00:00","og_image":[{"width":1152,"height":1110,"url":"https:\/\/thetreecbd.com\/wp-content\/uploads\/2025\/01\/Green_Cure_Heap_1.50.1-1-scaled-e1740645665675.jpeg","type":"image\/jpeg"}],"twitter_card":"summary_large_image","twitter_site":"@TheTreeCBD_EU","twitter_misc":{"Dur\u00e9e de lecture estim\u00e9e":"3 minutes"},"schema":{"@context":"https:\/\/schema.org","@graph":[{"@type":["WebPage","ItemPage"],"@id":"https:\/\/thetreecbd.com\/fr\/cbd\/green-cure-petites-fleurs","url":"https:\/\/thetreecbd.com\/fr\/cbd\/green-cure-petites-fleurs","name":"Green Cure petites fleurs | The Tree CBD","isPartOf":{"@id":"https:\/\/thetreecbd.com\/fr#website"},"primaryImageOfPage":{"@id":"https:\/\/thetreecbd.com\/fr\/cbd\/green-cure-petites-fleurs#primaryimage"},"image":{"@id":"https:\/\/thetreecbd.com\/fr\/cbd\/green-cure-petites-fleurs#primaryimage"},"thumbnailUrl":"https:\/\/thetreecbd.com\/wp-content\/uploads\/2025\/01\/Green_Cure_Heap_1.50.1-1-scaled-e1740645665675.jpeg","datePublished":"2025-01-20T22:16:08+00:00","dateModified":"2025-07-03T15:00:30+00:00","description":"Petits bourgeons de marijuana Gelato CBD l\u00e9gaux en Espagne : saveur sucr\u00e9e, citronn\u00e9e et naturelle, avec un effet relaxant gr\u00e2ce \u00e0 sa teneur \u00e9lev\u00e9e en CBD (10 %).","breadcrumb":{"@id":"https:\/\/thetreecbd.com\/fr\/cbd\/green-cure-petites-fleurs#breadcrumb"},"inLanguage":"fr-FR","potentialAction":[{"@type":"ReadAction","target":["https:\/\/thetreecbd.com\/fr\/cbd\/green-cure-petites-fleurs"]}]},{"@type":"ImageObject","inLanguage":"fr-FR","@id":"https:\/\/thetreecbd.com\/fr\/cbd\/green-cure-petites-fleurs#primaryimage","url":"https:\/\/thetreecbd.com\/wp-content\/uploads\/2025\/01\/Green_Cure_Heap_1.50.1-1-scaled-e1740645665675.jpeg","contentUrl":"https:\/\/thetreecbd.com\/wp-content\/uploads\/2025\/01\/Green_Cure_Heap_1.50.1-1-scaled-e1740645665675.jpeg","width":1152,"height":1110},{"@type":"BreadcrumbList","@id":"https:\/\/thetreecbd.com\/fr\/cbd\/green-cure-petites-fleurs#breadcrumb","itemListElement":[{"@type":"ListItem","position":1,"name":"The Tree","item":"https:\/\/thetreecbd.com\/fr"},{"@type":"ListItem","position":2,"name":"CBD","item":"https:\/\/thetreecbd.com\/es\/cbd"},{"@type":"ListItem","position":3,"name":"Fleurs de chanvre. Fleurs de CBD","item":"https:\/\/thetreecbd.com\/fr\/fleurs-cbd"},{"@type":"ListItem","position":4,"name":"Fleurs et petits bourgeons CBD","item":"https:\/\/thetreecbd.com\/fr\/fleurs-cbd\/fleurs-petites"},{"@type":"ListItem","position":5,"name":"Green Cure petites fleurs"}]},{"@type":"WebSite","@id":"https:\/\/thetreecbd.com\/fr#website","url":"https:\/\/thetreecbd.com\/fr","name":"The Tree CBD","description":"Comprar CBD en Espa\u00f1a Online","publisher":{"@id":"https:\/\/thetreecbd.com\/fr#organization"},"potentialAction":[{"@type":"SearchAction","target":{"@type":"EntryPoint","urlTemplate":"https:\/\/thetreecbd.com\/fr?s={search_term_string}"},"query-input":{"@type":"PropertyValueSpecification","valueRequired":true,"valueName":"search_term_string"}}],"inLanguage":"fr-FR"},{"@type":"Organization","@id":"https:\/\/thetreecbd.com\/fr#organization","name":"The Tree CBD","url":"https:\/\/thetreecbd.com\/fr","logo":{"@type":"ImageObject","inLanguage":"fr-FR","@id":"https:\/\/thetreecbd.com\/fr#\/schema\/logo\/image\/","url":"https:\/\/thetreecbd.com\/wp-content\/uploads\/2022\/04\/logo-thetree.png","contentUrl":"https:\/\/thetreecbd.com\/wp-content\/uploads\/2022\/04\/logo-thetree.png","width":172,"height":55,"caption":"The Tree CBD"},"image":{"@id":"https:\/\/thetreecbd.com\/fr#\/schema\/logo\/image\/"},"sameAs":["https:\/\/www.facebook.com\/thetreeCBD\/","https:\/\/x.com\/TheTreeCBD_EU","https:\/\/www.instagram.com\/thetree.cbd\/","https:\/\/es.trustpilot.com\/review\/thetreecbd.com"]}]}},"_links":{"self":[{"href":"https:\/\/thetreecbd.com\/fr\/wp-json\/wp\/v2\/product\/156527","targetHints":{"allow":["GET"]}}],"collection":[{"href":"https:\/\/thetreecbd.com\/fr\/wp-json\/wp\/v2\/product"}],"about":[{"href":"https:\/\/thetreecbd.com\/fr\/wp-json\/wp\/v2\/types\/product"}],"version-history":[{"count":0,"href":"https:\/\/thetreecbd.com\/fr\/wp-json\/wp\/v2\/product\/156527\/revisions"}],"wp:featuredmedia":[{"embeddable":true,"href":"https:\/\/thetreecbd.com\/fr\/wp-json\/wp\/v2\/media\/158322"}],"wp:attachment":[{"href":"https:\/\/thetreecbd.com\/fr\/wp-json\/wp\/v2\/media?parent=156527"}],"wp:term":[{"taxonomy":"product_brand","embeddable":true,"href":"https:\/\/thetreecbd.com\/fr\/wp-json\/wp\/v2\/product_brand?post=156527"}],"curies":[{"name":"wp","href":"https:\/\/api.w.org\/{rel}","templated":true}]}}