{"id":157054,"date":"2025-01-29T22:29:19","date_gmt":"2025-01-29T21:29:19","guid":{"rendered":"https:\/\/thetreecbd.com\/?post_type=product&#038;p=157054"},"modified":"2025-07-01T16:55:39","modified_gmt":"2025-07-01T14:55:39","slug":"petite-fleur-uk-cheese","status":"publish","type":"product","link":"https:\/\/thetreecbd.com\/fr\/cbd\/petite-fleur-uk-cheese","title":{"rendered":"Petite fleur UK Cheese CBD"},"content":{"rendered":"<p>Le produit <strong>Petites Fleurs UK Cheese de CBD<\/strong> est l&#8217;une des nouveaut\u00e9s du catalogue de <strong>The Tree CBD<\/strong>, offrant un prix attractif pour tous les budgets. Ce produit r\u00e9unit tous les aspects positifs de nos g\u00e9n\u00e9tiques <strong>indoor<\/strong> et <strong>greenhouse<\/strong>.<\/p>\n<p>Dans ce cas, nous s\u00e9lectionnons les <strong>plus petites fleurs et t\u00eates de CBD<\/strong> de toutes les plantes de <strong>cannabis l\u00e9gal CBD<\/strong>, afin de vous offrir un produit avec la m\u00eame qualit\u00e9 que toutes les vari\u00e9t\u00e9s de <strong>The Tree CBD<\/strong>, mais \u00e0 un prix plus abordable.<\/p>\n<h4><strong>UK Cheese<\/strong><\/h4>\n<p>Elle offre des saveurs <strong>agrumes, fruit\u00e9es et aromatiques<\/strong>, avec un effet <strong>relaxant<\/strong>, gr\u00e2ce \u00e0 ses <strong>niveaux \u00e9lev\u00e9s de CBD<\/strong>, entre <strong>21 % et 23 %<\/strong>.<\/p>\n<p>Comme tous nos autres produits, puisqu\u2019ils contiennent <strong>moins de 0,19 % de THC<\/strong>, ils sont <strong>totalement l\u00e9gaux en Europe<\/strong> et <strong>ne produisent aucun effet psychoactif<\/strong>.<\/p>\n<h3><strong>Caract\u00e9ristiques des petites t\u00eates UK Cheese CBD<\/strong><\/h3>\n<ul>\n<li><strong>Vari\u00e9t\u00e9<\/strong> : UK Cheese CBD<\/li>\n<li><strong>Fleurs et t\u00eates de chanvre<\/strong><\/li>\n<li><strong>Format<\/strong> : Sachet de 10 grammes<\/li>\n<li><strong>Moins de 0,19 % de THC<\/strong><\/li>\n<li><strong>De 10 % \u00e0 23 % de CBD<\/strong>, selon la vari\u00e9t\u00e9<\/li>\n<li><strong>Sans effets psychoactifs<\/strong><\/li>\n<li><strong>Cultiv\u00e9es de mani\u00e8re biologique<\/strong><\/li>\n<li><strong>Sans OGM<\/strong><\/li>\n<li><strong>Sans pesticides<\/strong><\/li>\n<\/ul>\n<h3><strong>Ar\u00f4me des petites t\u00eates de CBD<\/strong><\/h3>\n<p>Les <strong>terp\u00e8nes<\/strong> se trouvent dans la plupart des <strong>huiles essentielles<\/strong> de nombreuses plantes, fleurs et fruits. Ce sont eux qui <strong>donnent l&#8217;odeur et la saveur<\/strong>. Le cannabis poss\u00e8de un <strong>large profil terp\u00e9nique<\/strong>.<\/p>\n<p>Les <strong>terp\u00e8nes pr\u00e9sents<\/strong> d\u00e9pendront de la vari\u00e9t\u00e9 contenue dans chaque sachet. Consultez chaque vari\u00e9t\u00e9 pour voir le profil terp\u00e9nique correspondant.<\/p>\n<h3><strong>Public cible<\/strong><\/h3>\n<p>Les <strong>petites t\u00eates<\/strong> sont id\u00e9ales pour les acheteurs recherchant <strong>la m\u00eame qualit\u00e9<\/strong> qu\u2019\u00e0 l\u2019habitude, mais \u00e0 <strong>un prix inf\u00e9rieur<\/strong>.<\/p>\n<p>\u00c9tant un <strong>sous-produit<\/strong>, les <strong>petites t\u00eates<\/strong> permettent d&#8217;acc\u00e9der \u00e0 des <strong>vari\u00e9t\u00e9s haut de gamme<\/strong> \u00e0 un <strong>prix r\u00e9duit<\/strong>, tout en <strong>conservant la m\u00eame qualit\u00e9<\/strong> que le produit d&#8217;origine.<\/p>\n<h3><strong>Informations de s\u00e9curit\u00e9<\/strong><\/h3>\n<p>Veuillez noter que les <strong>t\u00eates de CBD de The Tree<\/strong> sont un <strong>produit d\u00e9coratif, de collection et aromatique<\/strong>. Elles ne doivent pas \u00eatre utilis\u00e9es <strong>pendant la grossesse ou l&#8217;allaitement<\/strong>. Garder hors de port\u00e9e des <strong>enfants<\/strong>.<\/p>\n<p>Nos <strong>t\u00eates de CBD<\/strong> peuvent contenir une certaine quantit\u00e9 de <strong>THC<\/strong>. Bien entendu, cela reste en dessous de la <strong>limite l\u00e9gale europ\u00e9enne de 0,2 % THC<\/strong>.<\/p>\n<p>Le contenu fourni est <strong>uniquement \u00e0 des fins informatives et \u00e9ducatives<\/strong> et ne remplace en aucun cas <strong>les conseils m\u00e9dicaux<\/strong> d&#8217;un m\u00e9decin ou d&#8217;un pharmacien. Nos textes ne sont pas destin\u00e9s au <strong>diagnostic ou au traitement des maladies<\/strong>.<\/p>\n<p>N&#8217;h\u00e9sitez pas \u00e0 <strong>nous contacter<\/strong> si vous avez d&#8217;autres questions.<\/p>\n<h3><strong>Conservation<\/strong><\/h3>\n<p>Id\u00e9alement, les <strong>t\u00eates de CBD de The Tree<\/strong> doivent \u00eatre conserv\u00e9es dans un <strong>endroit frais et sec<\/strong>, \u00e0 l\u2019abri de <strong>la lumi\u00e8re et des odeurs fortes<\/strong>, afin d&#8217;\u00e9viter toute <strong>contamination ou d\u00e9gradation<\/strong>. \u00c9vitez <strong>l&#8217;exposition directe au soleil et \u00e0 la chaleur<\/strong>.<\/p>\n<p><strong>Attention<\/strong> : La <strong>dur\u00e9e de conservation<\/strong> indiqu\u00e9e est <strong>d&#8217;un mois<\/strong> si le produit est <strong>correctement stock\u00e9<\/strong>.<\/p>\n","protected":false},"excerpt":{"rendered":"<ul>\n<li><strong>Format<\/strong> : Sachet de 10 g<\/li>\n<li><strong>Moins de 0,20 % de THC<\/strong><\/li>\n<li><strong>De 10 % \u00e0 15 % de CBD<\/strong><\/li>\n<li><strong>G\u00e9n\u00e9tique<\/strong> : Fragolima x BZ1 x Kompolti<\/li>\n<li><strong>Sativa 50 % \/ Indica 50 %<\/strong><\/li>\n<li><strong>Sans effets psychoactifs<\/strong><\/li>\n<li><strong>Cultiv\u00e9es de mani\u00e8re biologique<\/strong><\/li>\n<li><strong>Sans OGM<\/strong><\/li>\n<li><strong>Sans pesticides<\/strong><\/li>\n<li><\/li>\n<\/ul>\n","protected":false},"featured_media":183322,"template":"","meta":{"_acf_changed":false},"product_brand":[],"class_list":{"0":"post-157054","1":"product","2":"type-product","3":"status-publish","4":"has-post-thumbnail","6":"product_cat-fleurs-cbd","7":"product_cat-fleurs-petites","8":"product_cat-cbd-concentrees-20","10":"first","11":"instock","12":"taxable","13":"shipping-taxable","14":"purchasable","15":"product-type-variable"},"acf":[],"yoast_head":"<!-- This site is optimized with the Yoast SEO plugin v26.3 - https:\/\/yoast.com\/wordpress\/plugins\/seo\/ -->\n<title>Petite fleur UK Cheese CBD | The Tree CBD<\/title>\n<meta name=\"description\" content=\"La petite fleur de UK Cheese CBD offre des saveurs citronn\u00e9es, fruit\u00e9es et aromatiques, avec un effet relaxant gr\u00e2ce \u00e0 sa teneur \u00e9lev\u00e9e en CBD, 23\u202f%. L\u00e9gale en Espagne.\" \/>\n<meta name=\"robots\" content=\"index, follow, max-snippet:-1, max-image-preview:large, max-video-preview:-1\" \/>\n<link rel=\"canonical\" href=\"https:\/\/thetreecbd.com\/fr\/cbd\/petite-fleur-uk-cheese\" \/>\n<meta property=\"og:locale\" content=\"fr_FR\" \/>\n<meta property=\"og:type\" content=\"article\" \/>\n<meta property=\"og:title\" content=\"Petite fleur UK Cheese CBD | The Tree CBD\" \/>\n<meta property=\"og:description\" content=\"La petite fleur de UK Cheese CBD offre des saveurs citronn\u00e9es, fruit\u00e9es et aromatiques, avec un effet relaxant gr\u00e2ce \u00e0 sa teneur \u00e9lev\u00e9e en CBD, 23\u202f%. L\u00e9gale en Espagne.\" \/>\n<meta property=\"og:url\" content=\"https:\/\/thetreecbd.com\/fr\/cbd\/petite-fleur-uk-cheese\" \/>\n<meta property=\"og:site_name\" content=\"The Tree CBD\" \/>\n<meta property=\"article:publisher\" content=\"https:\/\/www.facebook.com\/thetreeCBD\/\" \/>\n<meta property=\"article:modified_time\" content=\"2025-07-01T14:55:39+00:00\" \/>\n<meta property=\"og:image\" content=\"https:\/\/thetreecbd.com\/wp-content\/uploads\/2025\/01\/1UK-cheese-thetreecbd-web.jpg\" \/>\n\t<meta property=\"og:image:width\" content=\"1080\" \/>\n\t<meta property=\"og:image:height\" content=\"1350\" \/>\n\t<meta property=\"og:image:type\" content=\"image\/jpeg\" \/>\n<meta name=\"twitter:card\" content=\"summary_large_image\" \/>\n<meta name=\"twitter:site\" content=\"@TheTreeCBD_EU\" \/>\n<meta name=\"twitter:label1\" content=\"Dur\u00e9e de lecture estim\u00e9e\" \/>\n\t<meta name=\"twitter:data1\" content=\"3 minutes\" \/>\n<script type=\"application\/ld+json\" class=\"yoast-schema-graph\">{\"@context\":\"https:\/\/schema.org\",\"@graph\":[{\"@type\":[\"WebPage\",\"ItemPage\"],\"@id\":\"https:\/\/thetreecbd.com\/fr\/cbd\/petite-fleur-uk-cheese\",\"url\":\"https:\/\/thetreecbd.com\/fr\/cbd\/petite-fleur-uk-cheese\",\"name\":\"Petite fleur UK Cheese CBD | The Tree CBD\",\"isPartOf\":{\"@id\":\"https:\/\/thetreecbd.com\/fr#website\"},\"primaryImageOfPage\":{\"@id\":\"https:\/\/thetreecbd.com\/fr\/cbd\/petite-fleur-uk-cheese#primaryimage\"},\"image\":{\"@id\":\"https:\/\/thetreecbd.com\/fr\/cbd\/petite-fleur-uk-cheese#primaryimage\"},\"thumbnailUrl\":\"https:\/\/thetreecbd.com\/wp-content\/uploads\/2025\/01\/1UK-cheese-thetreecbd-web.jpg\",\"datePublished\":\"2025-01-29T21:29:19+00:00\",\"dateModified\":\"2025-07-01T14:55:39+00:00\",\"description\":\"La petite fleur de UK Cheese CBD offre des saveurs citronn\u00e9es, fruit\u00e9es et aromatiques, avec un effet relaxant gr\u00e2ce \u00e0 sa teneur \u00e9lev\u00e9e en CBD, 23\u202f%. L\u00e9gale en Espagne.\",\"breadcrumb\":{\"@id\":\"https:\/\/thetreecbd.com\/fr\/cbd\/petite-fleur-uk-cheese#breadcrumb\"},\"inLanguage\":\"fr-FR\",\"potentialAction\":[{\"@type\":\"ReadAction\",\"target\":[\"https:\/\/thetreecbd.com\/fr\/cbd\/petite-fleur-uk-cheese\"]}]},{\"@type\":\"ImageObject\",\"inLanguage\":\"fr-FR\",\"@id\":\"https:\/\/thetreecbd.com\/fr\/cbd\/petite-fleur-uk-cheese#primaryimage\",\"url\":\"https:\/\/thetreecbd.com\/wp-content\/uploads\/2025\/01\/1UK-cheese-thetreecbd-web.jpg\",\"contentUrl\":\"https:\/\/thetreecbd.com\/wp-content\/uploads\/2025\/01\/1UK-cheese-thetreecbd-web.jpg\",\"width\":1080,\"height\":1350},{\"@type\":\"BreadcrumbList\",\"@id\":\"https:\/\/thetreecbd.com\/fr\/cbd\/petite-fleur-uk-cheese#breadcrumb\",\"itemListElement\":[{\"@type\":\"ListItem\",\"position\":1,\"name\":\"The Tree\",\"item\":\"https:\/\/thetreecbd.com\/fr\"},{\"@type\":\"ListItem\",\"position\":2,\"name\":\"CBD\",\"item\":\"https:\/\/thetreecbd.com\/es\/cbd\"},{\"@type\":\"ListItem\",\"position\":3,\"name\":\"Fleurs de chanvre. Fleurs de CBD\",\"item\":\"https:\/\/thetreecbd.com\/fr\/fleurs-cbd\"},{\"@type\":\"ListItem\",\"position\":4,\"name\":\"Fleurs et petits bourgeons CBD\",\"item\":\"https:\/\/thetreecbd.com\/fr\/fleurs-cbd\/fleurs-petites\"},{\"@type\":\"ListItem\",\"position\":5,\"name\":\"Petite fleur UK Cheese CBD\"}]},{\"@type\":\"WebSite\",\"@id\":\"https:\/\/thetreecbd.com\/fr#website\",\"url\":\"https:\/\/thetreecbd.com\/fr\",\"name\":\"The Tree CBD\",\"description\":\"Comprar CBD en Espa\u00f1a Online\",\"publisher\":{\"@id\":\"https:\/\/thetreecbd.com\/fr#organization\"},\"potentialAction\":[{\"@type\":\"SearchAction\",\"target\":{\"@type\":\"EntryPoint\",\"urlTemplate\":\"https:\/\/thetreecbd.com\/fr?s={search_term_string}\"},\"query-input\":{\"@type\":\"PropertyValueSpecification\",\"valueRequired\":true,\"valueName\":\"search_term_string\"}}],\"inLanguage\":\"fr-FR\"},{\"@type\":\"Organization\",\"@id\":\"https:\/\/thetreecbd.com\/fr#organization\",\"name\":\"The Tree CBD\",\"url\":\"https:\/\/thetreecbd.com\/fr\",\"logo\":{\"@type\":\"ImageObject\",\"inLanguage\":\"fr-FR\",\"@id\":\"https:\/\/thetreecbd.com\/fr#\/schema\/logo\/image\/\",\"url\":\"https:\/\/thetreecbd.com\/wp-content\/uploads\/2022\/04\/logo-thetree.png\",\"contentUrl\":\"https:\/\/thetreecbd.com\/wp-content\/uploads\/2022\/04\/logo-thetree.png\",\"width\":172,\"height\":55,\"caption\":\"The Tree CBD\"},\"image\":{\"@id\":\"https:\/\/thetreecbd.com\/fr#\/schema\/logo\/image\/\"},\"sameAs\":[\"https:\/\/www.facebook.com\/thetreeCBD\/\",\"https:\/\/x.com\/TheTreeCBD_EU\",\"https:\/\/www.instagram.com\/thetree.cbd\/\",\"https:\/\/es.trustpilot.com\/review\/thetreecbd.com\"]}]}<\/script>\n<!-- \/ Yoast SEO plugin. -->","yoast_head_json":{"title":"Petite fleur UK Cheese CBD | The Tree CBD","description":"La petite fleur de UK Cheese CBD offre des saveurs citronn\u00e9es, fruit\u00e9es et aromatiques, avec un effet relaxant gr\u00e2ce \u00e0 sa teneur \u00e9lev\u00e9e en CBD, 23\u202f%. L\u00e9gale en Espagne.","robots":{"index":"index","follow":"follow","max-snippet":"max-snippet:-1","max-image-preview":"max-image-preview:large","max-video-preview":"max-video-preview:-1"},"canonical":"https:\/\/thetreecbd.com\/fr\/cbd\/petite-fleur-uk-cheese","og_locale":"fr_FR","og_type":"article","og_title":"Petite fleur UK Cheese CBD | The Tree CBD","og_description":"La petite fleur de UK Cheese CBD offre des saveurs citronn\u00e9es, fruit\u00e9es et aromatiques, avec un effet relaxant gr\u00e2ce \u00e0 sa teneur \u00e9lev\u00e9e en CBD, 23\u202f%. L\u00e9gale en Espagne.","og_url":"https:\/\/thetreecbd.com\/fr\/cbd\/petite-fleur-uk-cheese","og_site_name":"The Tree CBD","article_publisher":"https:\/\/www.facebook.com\/thetreeCBD\/","article_modified_time":"2025-07-01T14:55:39+00:00","og_image":[{"width":1080,"height":1350,"url":"https:\/\/thetreecbd.com\/wp-content\/uploads\/2025\/01\/1UK-cheese-thetreecbd-web.jpg","type":"image\/jpeg"}],"twitter_card":"summary_large_image","twitter_site":"@TheTreeCBD_EU","twitter_misc":{"Dur\u00e9e de lecture estim\u00e9e":"3 minutes"},"schema":{"@context":"https:\/\/schema.org","@graph":[{"@type":["WebPage","ItemPage"],"@id":"https:\/\/thetreecbd.com\/fr\/cbd\/petite-fleur-uk-cheese","url":"https:\/\/thetreecbd.com\/fr\/cbd\/petite-fleur-uk-cheese","name":"Petite fleur UK Cheese CBD | The Tree CBD","isPartOf":{"@id":"https:\/\/thetreecbd.com\/fr#website"},"primaryImageOfPage":{"@id":"https:\/\/thetreecbd.com\/fr\/cbd\/petite-fleur-uk-cheese#primaryimage"},"image":{"@id":"https:\/\/thetreecbd.com\/fr\/cbd\/petite-fleur-uk-cheese#primaryimage"},"thumbnailUrl":"https:\/\/thetreecbd.com\/wp-content\/uploads\/2025\/01\/1UK-cheese-thetreecbd-web.jpg","datePublished":"2025-01-29T21:29:19+00:00","dateModified":"2025-07-01T14:55:39+00:00","description":"La petite fleur de UK Cheese CBD offre des saveurs citronn\u00e9es, fruit\u00e9es et aromatiques, avec un effet relaxant gr\u00e2ce \u00e0 sa teneur \u00e9lev\u00e9e en CBD, 23\u202f%. L\u00e9gale en Espagne.","breadcrumb":{"@id":"https:\/\/thetreecbd.com\/fr\/cbd\/petite-fleur-uk-cheese#breadcrumb"},"inLanguage":"fr-FR","potentialAction":[{"@type":"ReadAction","target":["https:\/\/thetreecbd.com\/fr\/cbd\/petite-fleur-uk-cheese"]}]},{"@type":"ImageObject","inLanguage":"fr-FR","@id":"https:\/\/thetreecbd.com\/fr\/cbd\/petite-fleur-uk-cheese#primaryimage","url":"https:\/\/thetreecbd.com\/wp-content\/uploads\/2025\/01\/1UK-cheese-thetreecbd-web.jpg","contentUrl":"https:\/\/thetreecbd.com\/wp-content\/uploads\/2025\/01\/1UK-cheese-thetreecbd-web.jpg","width":1080,"height":1350},{"@type":"BreadcrumbList","@id":"https:\/\/thetreecbd.com\/fr\/cbd\/petite-fleur-uk-cheese#breadcrumb","itemListElement":[{"@type":"ListItem","position":1,"name":"The Tree","item":"https:\/\/thetreecbd.com\/fr"},{"@type":"ListItem","position":2,"name":"CBD","item":"https:\/\/thetreecbd.com\/es\/cbd"},{"@type":"ListItem","position":3,"name":"Fleurs de chanvre. Fleurs de CBD","item":"https:\/\/thetreecbd.com\/fr\/fleurs-cbd"},{"@type":"ListItem","position":4,"name":"Fleurs et petits bourgeons CBD","item":"https:\/\/thetreecbd.com\/fr\/fleurs-cbd\/fleurs-petites"},{"@type":"ListItem","position":5,"name":"Petite fleur UK Cheese CBD"}]},{"@type":"WebSite","@id":"https:\/\/thetreecbd.com\/fr#website","url":"https:\/\/thetreecbd.com\/fr","name":"The Tree CBD","description":"Comprar CBD en Espa\u00f1a Online","publisher":{"@id":"https:\/\/thetreecbd.com\/fr#organization"},"potentialAction":[{"@type":"SearchAction","target":{"@type":"EntryPoint","urlTemplate":"https:\/\/thetreecbd.com\/fr?s={search_term_string}"},"query-input":{"@type":"PropertyValueSpecification","valueRequired":true,"valueName":"search_term_string"}}],"inLanguage":"fr-FR"},{"@type":"Organization","@id":"https:\/\/thetreecbd.com\/fr#organization","name":"The Tree CBD","url":"https:\/\/thetreecbd.com\/fr","logo":{"@type":"ImageObject","inLanguage":"fr-FR","@id":"https:\/\/thetreecbd.com\/fr#\/schema\/logo\/image\/","url":"https:\/\/thetreecbd.com\/wp-content\/uploads\/2022\/04\/logo-thetree.png","contentUrl":"https:\/\/thetreecbd.com\/wp-content\/uploads\/2022\/04\/logo-thetree.png","width":172,"height":55,"caption":"The Tree CBD"},"image":{"@id":"https:\/\/thetreecbd.com\/fr#\/schema\/logo\/image\/"},"sameAs":["https:\/\/www.facebook.com\/thetreeCBD\/","https:\/\/x.com\/TheTreeCBD_EU","https:\/\/www.instagram.com\/thetree.cbd\/","https:\/\/es.trustpilot.com\/review\/thetreecbd.com"]}]}},"_links":{"self":[{"href":"https:\/\/thetreecbd.com\/fr\/wp-json\/wp\/v2\/product\/157054","targetHints":{"allow":["GET"]}}],"collection":[{"href":"https:\/\/thetreecbd.com\/fr\/wp-json\/wp\/v2\/product"}],"about":[{"href":"https:\/\/thetreecbd.com\/fr\/wp-json\/wp\/v2\/types\/product"}],"version-history":[{"count":0,"href":"https:\/\/thetreecbd.com\/fr\/wp-json\/wp\/v2\/product\/157054\/revisions"}],"wp:featuredmedia":[{"embeddable":true,"href":"https:\/\/thetreecbd.com\/fr\/wp-json\/wp\/v2\/media\/183322"}],"wp:attachment":[{"href":"https:\/\/thetreecbd.com\/fr\/wp-json\/wp\/v2\/media?parent=157054"}],"wp:term":[{"taxonomy":"product_brand","embeddable":true,"href":"https:\/\/thetreecbd.com\/fr\/wp-json\/wp\/v2\/product_brand?post=157054"}],"curies":[{"name":"wp","href":"https:\/\/api.w.org\/{rel}","templated":true}]}}