{"id":163316,"date":"2025-05-07T19:14:30","date_gmt":"2025-05-07T17:14:30","guid":{"rendered":"https:\/\/thetreecbd.com\/?post_type=product&#038;p=163316"},"modified":"2025-09-04T16:18:53","modified_gmt":"2025-09-04T14:18:53","slug":"petite-fleur-biggie-smalls-cbd","status":"publish","type":"product","link":"https:\/\/thetreecbd.com\/fr\/cbd\/petite-fleur-biggie-smalls-cbd","title":{"rendered":"Petite fleur Biggie Smalls CBD"},"content":{"rendered":"<p class=\"\" data-start=\"129\" data-end=\"440\">The Tree CBD vous pr\u00e9sente <strong data-start=\"156\" data-end=\"177\">Biggie Smalls CBD<\/strong>, une <strong data-start=\"183\" data-end=\"225\">vari\u00e9t\u00e9 l\u00e9gale puissante et savoureuse<\/strong> qui combine des g\u00e9n\u00e9tiques classiques avec un <strong data-start=\"272\" data-end=\"303\">profil moderne et \u00e9quilibr\u00e9<\/strong>. \u00c0 l\u2019image du rappeur l\u00e9gendaire dont elle porte le nom, cette vari\u00e9t\u00e9 <strong data-start=\"375\" data-end=\"397\">impose sa pr\u00e9sence<\/strong> : <strong data-start=\"400\" data-end=\"439\">intense, authentique et inoubliable<\/strong>.<\/p>\n<p class=\"\" data-start=\"442\" data-end=\"800\">Issue d\u2019un croisement entre <strong data-start=\"470\" data-end=\"483\">Fragolina<\/strong> et des vari\u00e9t\u00e9s europ\u00e9ennes comme <strong data-start=\"518\" data-end=\"530\">Kompolty<\/strong> et <strong data-start=\"534\" data-end=\"548\">Carmagnola<\/strong>, Biggie Smalls CBD propose des <strong data-start=\"580\" data-end=\"599\">fleurs robustes<\/strong>, avec des <strong data-start=\"610\" data-end=\"667\">t\u00eates denses aux tons vert olive et nuances terreuses<\/strong>. Sa <strong data-start=\"672\" data-end=\"694\">culture biologique<\/strong> et son <strong data-start=\"702\" data-end=\"718\">s\u00e9chage lent<\/strong> garantissent une <strong data-start=\"736\" data-end=\"761\">texture croustillante<\/strong> et un <strong data-start=\"768\" data-end=\"799\">ar\u00f4me parfaitement pr\u00e9serv\u00e9<\/strong>.<\/p>\n<p class=\"\" data-start=\"802\" data-end=\"1108\">Biggie Smalls CBD d\u00e9gage un <strong data-start=\"830\" data-end=\"863\">parfum enveloppant et terreux<\/strong>, avec des <strong data-start=\"874\" data-end=\"900\">notes sucr\u00e9es, bois\u00e9es<\/strong> et une <strong data-start=\"908\" data-end=\"925\">touche \u00e9pic\u00e9e<\/strong> qui rappelle le <strong data-start=\"942\" data-end=\"968\">haschisch traditionnel<\/strong>. Ce <strong data-start=\"973\" data-end=\"995\">profil de terp\u00e8nes<\/strong> en fait un choix id\u00e9al pour ceux qui recherchent une <strong data-start=\"1049\" data-end=\"1081\">exp\u00e9rience sensorielle riche<\/strong>, sans effets psychoactifs.<\/p>\n<p class=\"\" data-start=\"1110\" data-end=\"1400\">Domin\u00e9e par l\u2019<strong data-start=\"1124\" data-end=\"1134\">indica<\/strong>, elle est parfaite pour les <strong data-start=\"1163\" data-end=\"1185\">moments de d\u00e9tente<\/strong> ou pour <strong data-start=\"1194\" data-end=\"1216\">soulager le stress<\/strong> tout en gardant l\u2019esprit clair. Comme une bonne rime, son effet coule doucement mais avec impact, devenant une favorite pour ceux qui veulent se <strong data-start=\"1362\" data-end=\"1399\">d\u00e9connecter sans perdre le rythme<\/strong>.<\/p>\n<p class=\"\" data-start=\"1402\" data-end=\"1626\">Les <strong data-start=\"1406\" data-end=\"1433\">fleurs de cette vari\u00e9t\u00e9<\/strong> sont cultiv\u00e9es en int\u00e9rieur, de mani\u00e8re <strong data-start=\"1474\" data-end=\"1493\">100 % naturelle<\/strong>, sans produits chimiques ni pesticides, dans le respect des <strong data-start=\"1554\" data-end=\"1576\">normes europ\u00e9ennes<\/strong> \u2014 garantissant leur <strong data-start=\"1597\" data-end=\"1625\">l\u00e9galit\u00e9 dans toute l\u2019UE<\/strong>.<\/p>\n<h3 data-start=\"1633\" data-end=\"1678\"><\/h3>\n<h3 class=\"\" data-start=\"1633\" data-end=\"1678\"><strong data-start=\"1637\" data-end=\"1678\">Caract\u00e9ristiques de Biggie Smalls CBD<\/strong><\/h3>\n<ul data-start=\"1680\" data-end=\"1907\">\n<li class=\"\" data-start=\"1680\" data-end=\"1701\">\n<p class=\"\" data-start=\"1682\" data-end=\"1701\">Fleurs de chanvre<\/p>\n<\/li>\n<li class=\"\" data-start=\"1680\" data-end=\"1701\">\n<p class=\"\" data-start=\"1682\" data-end=\"1701\">Moins de 0,20 % de THC<\/p>\n<\/li>\n<li class=\"\" data-start=\"1729\" data-end=\"1751\">\n<p class=\"\" data-start=\"1731\" data-end=\"1751\">14 % \u00e0 16 % de CBD<\/p>\n<\/li>\n<li class=\"\" data-start=\"1752\" data-end=\"1781\">\n<p class=\"\" data-start=\"1754\" data-end=\"1781\">G\u00e9n\u00e9tique : New Fragolina<\/p>\n<\/li>\n<li class=\"\" data-start=\"1782\" data-end=\"1811\">\n<p class=\"\" data-start=\"1784\" data-end=\"1811\">Indica 60 % \/ Sativa 40 %<\/p>\n<\/li>\n<li class=\"\" data-start=\"1812\" data-end=\"1838\">\n<p class=\"\" data-start=\"1814\" data-end=\"1838\">Sans effet psychoactif<\/p>\n<\/li>\n<li class=\"\" data-start=\"1839\" data-end=\"1874\">\n<p class=\"\" data-start=\"1841\" data-end=\"1874\">Cultiv\u00e9es de mani\u00e8re biologique<\/p>\n<\/li>\n<li class=\"\" data-start=\"1875\" data-end=\"1887\">\n<p class=\"\" data-start=\"1877\" data-end=\"1887\">Sans OGM<\/p>\n<\/li>\n<li class=\"\" data-start=\"1888\" data-end=\"1907\">\n<p class=\"\" data-start=\"1890\" data-end=\"1907\">Sans pesticides<\/p>\n<\/li>\n<\/ul>\n<h3 data-start=\"1914\" data-end=\"1927\"><\/h3>\n<h3 class=\"\" data-start=\"1914\" data-end=\"1927\"><strong data-start=\"1918\" data-end=\"1927\">Ar\u00f4me<\/strong><\/h3>\n<p class=\"\" data-start=\"1929\" data-end=\"2330\">Le profil aromatique de Biggie Smalls CBD se distingue par sa <strong data-start=\"1991\" data-end=\"2003\">richesse<\/strong> et sa <strong data-start=\"2010\" data-end=\"2024\">profondeur<\/strong>. On y retrouve une <strong data-start=\"2044\" data-end=\"2072\">base terreuse et musqu\u00e9e<\/strong> typique des g\u00e9n\u00e9tiques Kush, combin\u00e9e \u00e0 des <strong data-start=\"2117\" data-end=\"2134\">notes sucr\u00e9es<\/strong> et une <strong data-start=\"2142\" data-end=\"2177\">touche finale l\u00e9g\u00e8rement \u00e9pic\u00e9e<\/strong>. Ce <strong data-start=\"2182\" data-end=\"2202\">bouquet complexe<\/strong> transforme chaque fleur en une <strong data-start=\"2234\" data-end=\"2266\">exp\u00e9rience olfactive intense<\/strong>, id\u00e9ale pour les <strong data-start=\"2284\" data-end=\"2329\">amateurs de cannabis au caract\u00e8re affirm\u00e9<\/strong>.<\/p>\n<h3 data-start=\"2337\" data-end=\"2364\"><\/h3>\n<h3 class=\"\" data-start=\"2337\" data-end=\"2364\"><strong data-start=\"2341\" data-end=\"2364\">Utilisateurs Cibles<\/strong><\/h3>\n<p class=\"\" data-start=\"2366\" data-end=\"2607\">Les <strong data-start=\"2370\" data-end=\"2411\">fleurs issues de culture en int\u00e9rieur<\/strong> s\u2019adressent \u00e0 ceux qui recherchent une <strong data-start=\"2451\" data-end=\"2474\">garantie de qualit\u00e9<\/strong>. En effet, la <strong data-start=\"2489\" data-end=\"2507\">culture indoor<\/strong> permet de produire des fleurs <strong data-start=\"2538\" data-end=\"2551\">homog\u00e8nes<\/strong>, d\u2019un <strong data-start=\"2558\" data-end=\"2570\">vert vif<\/strong> et \u00e0 <strong data-start=\"2576\" data-end=\"2606\">forte concentration de CBD<\/strong>.<\/p>\n<p class=\"\" data-start=\"2609\" data-end=\"3197\">C\u2019est une <strong data-start=\"2619\" data-end=\"2656\">m\u00e9thode de culture plus technique<\/strong>, qui permet de <strong data-start=\"2672\" data-end=\"2712\">contr\u00f4ler totalement l\u2019environnement<\/strong> dans lequel la plante se d\u00e9veloppe, afin d\u2019atteindre les r\u00e9sultats souhait\u00e9s. Elle est particuli\u00e8rement pris\u00e9e pour un usage <strong data-start=\"2838\" data-end=\"2849\">m\u00e9dical<\/strong>, car elle permet de <strong data-start=\"2870\" data-end=\"2903\">standardiser le produit final<\/strong> gr\u00e2ce \u00e0 un <strong data-start=\"2915\" data-end=\"2961\">contr\u00f4le pr\u00e9cis du climat et de la lumi\u00e8re<\/strong>. Le pourcentage de <strong data-start=\"2981\" data-end=\"2988\">CBD<\/strong> et d\u2019autres cannabino\u00efdes d\u00e9pend fortement du milieu de culture. Avec un <strong data-start=\"3062\" data-end=\"3097\">bon contr\u00f4le de l\u2019environnement<\/strong> (climat, nutrition, lumi\u00e8re, substrat), on obtient un <strong data-start=\"3152\" data-end=\"3196\">produit homog\u00e8ne et de qualit\u00e9 constante<\/strong>.<\/p>\n<p class=\"\" data-start=\"3199\" data-end=\"3372\">Du point de vue du consommateur, la <strong data-start=\"3235\" data-end=\"3253\">culture indoor<\/strong> est synonyme de <strong data-start=\"3270\" data-end=\"3290\">qualit\u00e9 garantie<\/strong>, avec des fleurs g\u00e9n\u00e9ralement <strong data-start=\"3321\" data-end=\"3340\">plus r\u00e9sineuses<\/strong> et d\u2019un <strong data-start=\"3349\" data-end=\"3371\">vert plus \u00e9clatant<\/strong>.<\/p>\n<h3 data-start=\"3379\" data-end=\"3411\"><\/h3>\n<h3 class=\"\" data-start=\"3379\" data-end=\"3411\"><strong data-start=\"3383\" data-end=\"3411\">Informations de S\u00e9curit\u00e9<\/strong><\/h3>\n<p class=\"\" data-start=\"3413\" data-end=\"3661\">Veuillez noter que les <strong data-start=\"3436\" data-end=\"3465\">fleurs de CBD de The Tree<\/strong> sont des <strong data-start=\"3475\" data-end=\"3498\">produits d\u00e9coratifs<\/strong>, de <strong data-start=\"3503\" data-end=\"3517\">collection<\/strong> et \u00e0 <strong data-start=\"3523\" data-end=\"3543\">usage aromatique<\/strong>. Elles ne doivent pas \u00eatre utilis\u00e9es pendant la <strong data-start=\"3592\" data-end=\"3622\">grossesse ou l\u2019allaitement<\/strong>. <strong data-start=\"3624\" data-end=\"3660\">Tenir hors de port\u00e9e des enfants<\/strong>.<\/p>\n<p class=\"\" data-start=\"3663\" data-end=\"3803\">Nos <strong data-start=\"3667\" data-end=\"3684\">fleurs de CBD<\/strong> peuvent contenir une <strong data-start=\"3706\" data-end=\"3734\">quantit\u00e9 minimale de THC<\/strong>, toujours inf\u00e9rieure \u00e0 la <strong data-start=\"3761\" data-end=\"3802\">limite l\u00e9gale de 0,2 % fix\u00e9e par l\u2019UE<\/strong>.<\/p>\n<p class=\"\" data-start=\"3805\" data-end=\"4044\">Les informations fournies sont \u00e0 <strong data-start=\"3838\" data-end=\"3877\">but purement informatif et \u00e9ducatif<\/strong>, et ne remplacent en aucun cas les <strong data-start=\"3913\" data-end=\"3957\">conseils d\u2019un m\u00e9decin ou d\u2019un pharmacien<\/strong>. Nos textes ne visent pas \u00e0 <strong data-start=\"3986\" data-end=\"4003\">diagnostiquer<\/strong> ni \u00e0 <strong data-start=\"4009\" data-end=\"4043\">traiter une quelconque maladie<\/strong>.<\/p>\n<p class=\"\" data-start=\"4046\" data-end=\"4108\">N\u2019h\u00e9sitez pas \u00e0 <strong data-start=\"4062\" data-end=\"4080\">nous contacter<\/strong> si vous avez des questions.<\/p>\n<h3 class=\"\" data-start=\"4115\" data-end=\"4135\"><strong data-start=\"4119\" data-end=\"4135\">Conservation<\/strong><\/h3>\n<p class=\"\" data-start=\"4137\" data-end=\"4399\">Id\u00e9alement, les <strong data-start=\"4153\" data-end=\"4182\">fleurs de CBD de The Tree<\/strong> doivent \u00eatre conserv\u00e9es dans un <strong data-start=\"4215\" data-end=\"4239\">endroit frais et sec<\/strong>, \u00e0 l\u2019abri de la <strong data-start=\"4256\" data-end=\"4267\">lumi\u00e8re<\/strong> et des <strong data-start=\"4275\" data-end=\"4292\">fortes odeurs<\/strong> pour \u00e9viter toute contamination ou d\u00e9gradation. <strong data-start=\"4341\" data-end=\"4382\">\u00c9vitez l\u2019exposition directe au soleil<\/strong> et \u00e0 la chaleur.<\/p>\n<p class=\"\" data-start=\"4401\" data-end=\"4513\"><strong data-start=\"4401\" data-end=\"4414\">Attention<\/strong> : la <strong data-start=\"4420\" data-end=\"4457\">dur\u00e9e de conservation recommand\u00e9e<\/strong> est d\u2019un mois si les fleurs sont correctement stock\u00e9es.<\/p>\n","protected":false},"excerpt":{"rendered":"<ul>\n<li>Fleurs de chanvre<\/li>\n<li>Moins de 0,20 % de THC<\/li>\n<li>Entre 14 % et 16 % de CBD<\/li>\n<li>G\u00e9n\u00e9tique : New Fragolina<\/li>\n<li>Indica 60 % \/ Sativa 40 %<\/li>\n<li>Sans effet psychoactif<\/li>\n<li>Cultiv\u00e9es de mani\u00e8re biologique<\/li>\n<li>Sans OGM ni pesticides<\/li>\n<\/ul>\n","protected":false},"featured_media":183619,"template":"","meta":{"_acf_changed":false},"product_brand":[],"class_list":{"0":"post-163316","1":"product","2":"type-product","3":"status-publish","4":"has-post-thumbnail","6":"product_cat-fleurs-cbd","7":"product_cat-fleurs-petites","8":"product_cat-cbd-concentrees-10","9":"product_cat-cbd-concentrees-20","11":"first","12":"instock","13":"taxable","14":"shipping-taxable","15":"purchasable","16":"product-type-variable"},"acf":[],"yoast_head":"<!-- This site is optimized with the Yoast SEO plugin v26.3 - https:\/\/yoast.com\/wordpress\/plugins\/seo\/ -->\n<title>Petite fleur Biggie Smalls CBD - The Tree CBD<\/title>\n<meta name=\"description\" content=\"Biggie Smalls : puissante et savoureuse. \u00c0 l&#039;image du l\u00e9gendaire rappeur dont elle porte le nom, cette vari\u00e9t\u00e9 est pure pr\u00e9sence : intense, authentique et difficile \u00e0 oublier.\" \/>\n<meta name=\"robots\" content=\"index, follow, max-snippet:-1, max-image-preview:large, max-video-preview:-1\" \/>\n<link rel=\"canonical\" href=\"https:\/\/thetreecbd.com\/fr\/cbd\/petite-fleur-biggie-smalls-cbd\" \/>\n<meta property=\"og:locale\" content=\"fr_FR\" \/>\n<meta property=\"og:type\" content=\"article\" \/>\n<meta property=\"og:title\" content=\"Petite fleur Biggie Smalls CBD - The Tree CBD\" \/>\n<meta property=\"og:description\" content=\"Biggie Smalls : puissante et savoureuse. \u00c0 l&#039;image du l\u00e9gendaire rappeur dont elle porte le nom, cette vari\u00e9t\u00e9 est pure pr\u00e9sence : intense, authentique et difficile \u00e0 oublier.\" \/>\n<meta property=\"og:url\" content=\"https:\/\/thetreecbd.com\/fr\/cbd\/petite-fleur-biggie-smalls-cbd\" \/>\n<meta property=\"og:site_name\" content=\"The Tree CBD\" \/>\n<meta property=\"article:publisher\" content=\"https:\/\/www.facebook.com\/thetreeCBD\/\" \/>\n<meta property=\"article:modified_time\" content=\"2025-09-04T14:18:53+00:00\" \/>\n<meta property=\"og:image\" content=\"https:\/\/thetreecbd.com\/wp-content\/uploads\/2025\/05\/1biggie-smalls-cbd-thetree-web.jpg\" \/>\n\t<meta property=\"og:image:width\" content=\"1080\" \/>\n\t<meta property=\"og:image:height\" content=\"1350\" \/>\n\t<meta property=\"og:image:type\" content=\"image\/jpeg\" \/>\n<meta name=\"twitter:card\" content=\"summary_large_image\" \/>\n<meta name=\"twitter:site\" content=\"@TheTreeCBD_EU\" \/>\n<meta name=\"twitter:label1\" content=\"Dur\u00e9e de lecture estim\u00e9e\" \/>\n\t<meta name=\"twitter:data1\" content=\"4 minutes\" \/>\n<script type=\"application\/ld+json\" class=\"yoast-schema-graph\">{\"@context\":\"https:\/\/schema.org\",\"@graph\":[{\"@type\":[\"WebPage\",\"ItemPage\"],\"@id\":\"https:\/\/thetreecbd.com\/fr\/cbd\/petite-fleur-biggie-smalls-cbd\",\"url\":\"https:\/\/thetreecbd.com\/fr\/cbd\/petite-fleur-biggie-smalls-cbd\",\"name\":\"Petite fleur Biggie Smalls CBD - The Tree CBD\",\"isPartOf\":{\"@id\":\"https:\/\/thetreecbd.com\/fr#website\"},\"primaryImageOfPage\":{\"@id\":\"https:\/\/thetreecbd.com\/fr\/cbd\/petite-fleur-biggie-smalls-cbd#primaryimage\"},\"image\":{\"@id\":\"https:\/\/thetreecbd.com\/fr\/cbd\/petite-fleur-biggie-smalls-cbd#primaryimage\"},\"thumbnailUrl\":\"https:\/\/thetreecbd.com\/wp-content\/uploads\/2025\/05\/1biggie-smalls-cbd-thetree-web.jpg\",\"datePublished\":\"2025-05-07T17:14:30+00:00\",\"dateModified\":\"2025-09-04T14:18:53+00:00\",\"description\":\"Biggie Smalls : puissante et savoureuse. \u00c0 l'image du l\u00e9gendaire rappeur dont elle porte le nom, cette vari\u00e9t\u00e9 est pure pr\u00e9sence : intense, authentique et difficile \u00e0 oublier.\",\"breadcrumb\":{\"@id\":\"https:\/\/thetreecbd.com\/fr\/cbd\/petite-fleur-biggie-smalls-cbd#breadcrumb\"},\"inLanguage\":\"fr-FR\",\"potentialAction\":[{\"@type\":\"ReadAction\",\"target\":[\"https:\/\/thetreecbd.com\/fr\/cbd\/petite-fleur-biggie-smalls-cbd\"]}]},{\"@type\":\"ImageObject\",\"inLanguage\":\"fr-FR\",\"@id\":\"https:\/\/thetreecbd.com\/fr\/cbd\/petite-fleur-biggie-smalls-cbd#primaryimage\",\"url\":\"https:\/\/thetreecbd.com\/wp-content\/uploads\/2025\/05\/1biggie-smalls-cbd-thetree-web.jpg\",\"contentUrl\":\"https:\/\/thetreecbd.com\/wp-content\/uploads\/2025\/05\/1biggie-smalls-cbd-thetree-web.jpg\",\"width\":1080,\"height\":1350},{\"@type\":\"BreadcrumbList\",\"@id\":\"https:\/\/thetreecbd.com\/fr\/cbd\/petite-fleur-biggie-smalls-cbd#breadcrumb\",\"itemListElement\":[{\"@type\":\"ListItem\",\"position\":1,\"name\":\"The Tree\",\"item\":\"https:\/\/thetreecbd.com\/fr\"},{\"@type\":\"ListItem\",\"position\":2,\"name\":\"CBD\",\"item\":\"https:\/\/thetreecbd.com\/es\/cbd\"},{\"@type\":\"ListItem\",\"position\":3,\"name\":\"Fleurs de chanvre. Fleurs de CBD\",\"item\":\"https:\/\/thetreecbd.com\/fr\/fleurs-cbd\"},{\"@type\":\"ListItem\",\"position\":4,\"name\":\"Fleurs et petits bourgeons CBD\",\"item\":\"https:\/\/thetreecbd.com\/fr\/fleurs-cbd\/fleurs-petites\"},{\"@type\":\"ListItem\",\"position\":5,\"name\":\"Petite fleur Biggie Smalls CBD\"}]},{\"@type\":\"WebSite\",\"@id\":\"https:\/\/thetreecbd.com\/fr#website\",\"url\":\"https:\/\/thetreecbd.com\/fr\",\"name\":\"The Tree CBD\",\"description\":\"Comprar CBD en Espa\u00f1a Online\",\"publisher\":{\"@id\":\"https:\/\/thetreecbd.com\/fr#organization\"},\"potentialAction\":[{\"@type\":\"SearchAction\",\"target\":{\"@type\":\"EntryPoint\",\"urlTemplate\":\"https:\/\/thetreecbd.com\/fr?s={search_term_string}\"},\"query-input\":{\"@type\":\"PropertyValueSpecification\",\"valueRequired\":true,\"valueName\":\"search_term_string\"}}],\"inLanguage\":\"fr-FR\"},{\"@type\":\"Organization\",\"@id\":\"https:\/\/thetreecbd.com\/fr#organization\",\"name\":\"The Tree CBD\",\"url\":\"https:\/\/thetreecbd.com\/fr\",\"logo\":{\"@type\":\"ImageObject\",\"inLanguage\":\"fr-FR\",\"@id\":\"https:\/\/thetreecbd.com\/fr#\/schema\/logo\/image\/\",\"url\":\"https:\/\/thetreecbd.com\/wp-content\/uploads\/2022\/04\/logo-thetree.png\",\"contentUrl\":\"https:\/\/thetreecbd.com\/wp-content\/uploads\/2022\/04\/logo-thetree.png\",\"width\":172,\"height\":55,\"caption\":\"The Tree CBD\"},\"image\":{\"@id\":\"https:\/\/thetreecbd.com\/fr#\/schema\/logo\/image\/\"},\"sameAs\":[\"https:\/\/www.facebook.com\/thetreeCBD\/\",\"https:\/\/x.com\/TheTreeCBD_EU\",\"https:\/\/www.instagram.com\/thetree.cbd\/\",\"https:\/\/es.trustpilot.com\/review\/thetreecbd.com\"]}]}<\/script>\n<!-- \/ Yoast SEO plugin. -->","yoast_head_json":{"title":"Petite fleur Biggie Smalls CBD - The Tree CBD","description":"Biggie Smalls : puissante et savoureuse. \u00c0 l'image du l\u00e9gendaire rappeur dont elle porte le nom, cette vari\u00e9t\u00e9 est pure pr\u00e9sence : intense, authentique et difficile \u00e0 oublier.","robots":{"index":"index","follow":"follow","max-snippet":"max-snippet:-1","max-image-preview":"max-image-preview:large","max-video-preview":"max-video-preview:-1"},"canonical":"https:\/\/thetreecbd.com\/fr\/cbd\/petite-fleur-biggie-smalls-cbd","og_locale":"fr_FR","og_type":"article","og_title":"Petite fleur Biggie Smalls CBD - The Tree CBD","og_description":"Biggie Smalls : puissante et savoureuse. \u00c0 l'image du l\u00e9gendaire rappeur dont elle porte le nom, cette vari\u00e9t\u00e9 est pure pr\u00e9sence : intense, authentique et difficile \u00e0 oublier.","og_url":"https:\/\/thetreecbd.com\/fr\/cbd\/petite-fleur-biggie-smalls-cbd","og_site_name":"The Tree CBD","article_publisher":"https:\/\/www.facebook.com\/thetreeCBD\/","article_modified_time":"2025-09-04T14:18:53+00:00","og_image":[{"width":1080,"height":1350,"url":"https:\/\/thetreecbd.com\/wp-content\/uploads\/2025\/05\/1biggie-smalls-cbd-thetree-web.jpg","type":"image\/jpeg"}],"twitter_card":"summary_large_image","twitter_site":"@TheTreeCBD_EU","twitter_misc":{"Dur\u00e9e de lecture estim\u00e9e":"4 minutes"},"schema":{"@context":"https:\/\/schema.org","@graph":[{"@type":["WebPage","ItemPage"],"@id":"https:\/\/thetreecbd.com\/fr\/cbd\/petite-fleur-biggie-smalls-cbd","url":"https:\/\/thetreecbd.com\/fr\/cbd\/petite-fleur-biggie-smalls-cbd","name":"Petite fleur Biggie Smalls CBD - The Tree CBD","isPartOf":{"@id":"https:\/\/thetreecbd.com\/fr#website"},"primaryImageOfPage":{"@id":"https:\/\/thetreecbd.com\/fr\/cbd\/petite-fleur-biggie-smalls-cbd#primaryimage"},"image":{"@id":"https:\/\/thetreecbd.com\/fr\/cbd\/petite-fleur-biggie-smalls-cbd#primaryimage"},"thumbnailUrl":"https:\/\/thetreecbd.com\/wp-content\/uploads\/2025\/05\/1biggie-smalls-cbd-thetree-web.jpg","datePublished":"2025-05-07T17:14:30+00:00","dateModified":"2025-09-04T14:18:53+00:00","description":"Biggie Smalls : puissante et savoureuse. \u00c0 l'image du l\u00e9gendaire rappeur dont elle porte le nom, cette vari\u00e9t\u00e9 est pure pr\u00e9sence : intense, authentique et difficile \u00e0 oublier.","breadcrumb":{"@id":"https:\/\/thetreecbd.com\/fr\/cbd\/petite-fleur-biggie-smalls-cbd#breadcrumb"},"inLanguage":"fr-FR","potentialAction":[{"@type":"ReadAction","target":["https:\/\/thetreecbd.com\/fr\/cbd\/petite-fleur-biggie-smalls-cbd"]}]},{"@type":"ImageObject","inLanguage":"fr-FR","@id":"https:\/\/thetreecbd.com\/fr\/cbd\/petite-fleur-biggie-smalls-cbd#primaryimage","url":"https:\/\/thetreecbd.com\/wp-content\/uploads\/2025\/05\/1biggie-smalls-cbd-thetree-web.jpg","contentUrl":"https:\/\/thetreecbd.com\/wp-content\/uploads\/2025\/05\/1biggie-smalls-cbd-thetree-web.jpg","width":1080,"height":1350},{"@type":"BreadcrumbList","@id":"https:\/\/thetreecbd.com\/fr\/cbd\/petite-fleur-biggie-smalls-cbd#breadcrumb","itemListElement":[{"@type":"ListItem","position":1,"name":"The Tree","item":"https:\/\/thetreecbd.com\/fr"},{"@type":"ListItem","position":2,"name":"CBD","item":"https:\/\/thetreecbd.com\/es\/cbd"},{"@type":"ListItem","position":3,"name":"Fleurs de chanvre. Fleurs de CBD","item":"https:\/\/thetreecbd.com\/fr\/fleurs-cbd"},{"@type":"ListItem","position":4,"name":"Fleurs et petits bourgeons CBD","item":"https:\/\/thetreecbd.com\/fr\/fleurs-cbd\/fleurs-petites"},{"@type":"ListItem","position":5,"name":"Petite fleur Biggie Smalls CBD"}]},{"@type":"WebSite","@id":"https:\/\/thetreecbd.com\/fr#website","url":"https:\/\/thetreecbd.com\/fr","name":"The Tree CBD","description":"Comprar CBD en Espa\u00f1a Online","publisher":{"@id":"https:\/\/thetreecbd.com\/fr#organization"},"potentialAction":[{"@type":"SearchAction","target":{"@type":"EntryPoint","urlTemplate":"https:\/\/thetreecbd.com\/fr?s={search_term_string}"},"query-input":{"@type":"PropertyValueSpecification","valueRequired":true,"valueName":"search_term_string"}}],"inLanguage":"fr-FR"},{"@type":"Organization","@id":"https:\/\/thetreecbd.com\/fr#organization","name":"The Tree CBD","url":"https:\/\/thetreecbd.com\/fr","logo":{"@type":"ImageObject","inLanguage":"fr-FR","@id":"https:\/\/thetreecbd.com\/fr#\/schema\/logo\/image\/","url":"https:\/\/thetreecbd.com\/wp-content\/uploads\/2022\/04\/logo-thetree.png","contentUrl":"https:\/\/thetreecbd.com\/wp-content\/uploads\/2022\/04\/logo-thetree.png","width":172,"height":55,"caption":"The Tree CBD"},"image":{"@id":"https:\/\/thetreecbd.com\/fr#\/schema\/logo\/image\/"},"sameAs":["https:\/\/www.facebook.com\/thetreeCBD\/","https:\/\/x.com\/TheTreeCBD_EU","https:\/\/www.instagram.com\/thetree.cbd\/","https:\/\/es.trustpilot.com\/review\/thetreecbd.com"]}]}},"_links":{"self":[{"href":"https:\/\/thetreecbd.com\/fr\/wp-json\/wp\/v2\/product\/163316","targetHints":{"allow":["GET"]}}],"collection":[{"href":"https:\/\/thetreecbd.com\/fr\/wp-json\/wp\/v2\/product"}],"about":[{"href":"https:\/\/thetreecbd.com\/fr\/wp-json\/wp\/v2\/types\/product"}],"version-history":[{"count":0,"href":"https:\/\/thetreecbd.com\/fr\/wp-json\/wp\/v2\/product\/163316\/revisions"}],"wp:featuredmedia":[{"embeddable":true,"href":"https:\/\/thetreecbd.com\/fr\/wp-json\/wp\/v2\/media\/183619"}],"wp:attachment":[{"href":"https:\/\/thetreecbd.com\/fr\/wp-json\/wp\/v2\/media?parent=163316"}],"wp:term":[{"taxonomy":"product_brand","embeddable":true,"href":"https:\/\/thetreecbd.com\/fr\/wp-json\/wp\/v2\/product_brand?post=163316"}],"curies":[{"name":"wp","href":"https:\/\/api.w.org\/{rel}","templated":true}]}}