{"id":163823,"date":"2025-04-28T10:20:50","date_gmt":"2025-04-28T08:20:50","guid":{"rendered":"https:\/\/thetreecbd.com\/?post_type=product&#038;p=163823"},"modified":"2025-10-05T20:12:05","modified_gmt":"2025-10-05T18:12:05","slug":"fresh-kase-gummies","status":"publish","type":"product","link":"https:\/\/thetreecbd.com\/fr\/cbd\/fresh-kase-gummies","title":{"rendered":"Fresh Kase Gummies"},"content":{"rendered":"<h3 data-start=\"77\" data-end=\"155\"><strong data-start=\"77\" data-end=\"155\">Fresh Kase Gummies \u2013 Relaxation naturelle avec m\u00e9lisse et huile de chanvre<\/strong><\/h3>\n<p data-start=\"157\" data-end=\"513\">Les Fresh Kase Gummies combinent les bienfaits apaisants de la m\u00e9lisse avec les propri\u00e9t\u00e9s de l\u2019huile de chanvre dans une d\u00e9licieuse formule au go\u00fbt de past\u00e8que. Cette \u00e9dition sp\u00e9ciale, fruit de la collaboration entre The Tree CBD et Kase.O, est con\u00e7ue pour t\u2019aider \u00e0 retrouver l\u2019\u00e9quilibre, la s\u00e9r\u00e9nit\u00e9 et un repos de qualit\u00e9, naturellement et sans effort.<\/p>\n<h3 data-start=\"520\" data-end=\"559\"><strong data-start=\"520\" data-end=\"559\">Ingr\u00e9dients naturels et biologiques<\/strong><\/h3>\n<p data-start=\"561\" data-end=\"770\"><strong data-start=\"561\" data-end=\"596\">M\u00e9lisse (Melissa officinalis) :<\/strong> Plante reconnue pour ses propri\u00e9t\u00e9s relaxantes, capable de r\u00e9duire le stress et d\u2019apaiser l\u2019esprit. Traditionnellement utilis\u00e9e pour favoriser le sommeil et la tranquillit\u00e9.<\/p>\n<p data-start=\"772\" data-end=\"863\"><strong data-start=\"772\" data-end=\"794\">Huile de chanvre :<\/strong> Aide \u00e0 promouvoir une sensation g\u00e9n\u00e9rale de bien-\u00eatre et d\u2019harmonie.<\/p>\n<p data-start=\"865\" data-end=\"978\"><strong data-start=\"865\" data-end=\"886\">Saveur past\u00e8que :<\/strong> Rafra\u00eechissante et fruit\u00e9e, elle transforme chaque gummy en un petit plaisir pour les sens.<\/p>\n<h3 data-start=\"985\" data-end=\"1014\"><strong data-start=\"985\" data-end=\"1014\">\u00c9coresponsable et durable<\/strong><\/h3>\n<p data-start=\"1016\" data-end=\"1260\">Chez The Tree CBD, nous sommes engag\u00e9s envers la qualit\u00e9 et la durabilit\u00e9. Les Fresh Kase Gummies sont \u00e9labor\u00e9es avec des ingr\u00e9dients biologiques, sans pesticides et non test\u00e9es sur les animaux. Un choix responsable pour toi et pour la plan\u00e8te.<\/p>\n<h3 data-start=\"1267\" data-end=\"1325\"><strong data-start=\"1267\" data-end=\"1325\">Caract\u00e9ristiques des Fresh Kase Gummies \u2013 The Tree CBD<\/strong><\/h3>\n<p data-start=\"1327\" data-end=\"1481\">\u25cf Gummies au chanvre certifi\u00e9es bio<br data-start=\"1362\" data-end=\"1365\" \/>\u25cf Format de 30 g<br data-start=\"1381\" data-end=\"1384\" \/>\u25cf Ingr\u00e9dients : M\u00e9lisse et huile de chanvre<br data-start=\"1427\" data-end=\"1430\" \/>\u25cf Sans pesticides<br data-start=\"1447\" data-end=\"1450\" \/>\u25cf Non test\u00e9es sur les animaux<\/p>\n<h3 data-start=\"1488\" data-end=\"1530\"><strong data-start=\"1488\" data-end=\"1530\">Ar\u00f4me et saveur des Fresh Kase Gummies<\/strong><\/h3>\n<p data-start=\"1532\" data-end=\"1837\"><strong data-start=\"1532\" data-end=\"1545\">M\u00e9lisse :<\/strong> Un profil herbac\u00e9 doux aux notes citronn\u00e9es qui apporte fra\u00eecheur et clart\u00e9.<br data-start=\"1622\" data-end=\"1625\" \/><strong data-start=\"1625\" data-end=\"1647\">Huile de chanvre :<\/strong> Notes l\u00e9g\u00e8rement grill\u00e9es et terreuses qui \u00e9quilibrent la saveur.<br data-start=\"1713\" data-end=\"1716\" \/><strong data-start=\"1716\" data-end=\"1730\">Past\u00e8que :<\/strong> Douce et juteuse, pour une touche finale rafra\u00eechissante et estivale qui compl\u00e8te l\u2019exp\u00e9rience de d\u00e9tente.<\/p>\n<p data-start=\"1839\" data-end=\"1955\">Un m\u00e9lange harmonieux, d\u00e9licat et naturel \u2013 parfait pour ceux qui aiment les saveurs authentiques et r\u00e9confortantes.<\/p>\n<h3 data-start=\"1962\" data-end=\"1978\"><strong data-start=\"1962\" data-end=\"1978\">Public cible<\/strong><\/h3>\n<p data-start=\"1980\" data-end=\"2040\">Les Fresh Kase Gummies sont con\u00e7ues pour les personnes qui :<\/p>\n<ul data-start=\"2042\" data-end=\"2386\">\n<li data-start=\"2042\" data-end=\"2096\">\n<p data-start=\"2044\" data-end=\"2096\">Veulent se d\u00e9tendre naturellement avant de dormir.<\/p>\n<\/li>\n<li data-start=\"2097\" data-end=\"2209\">\n<p data-start=\"2099\" data-end=\"2209\">Cherchent \u00e0 att\u00e9nuer le stress quotidien avec un rem\u00e8de \u00e0 base de plantes et respectueux de l\u2019environnement.<\/p>\n<\/li>\n<li data-start=\"2210\" data-end=\"2291\">\n<p data-start=\"2212\" data-end=\"2291\">Appr\u00e9cient les exp\u00e9riences sensorielles agr\u00e9ables et les saveurs \u00e9quilibr\u00e9es.<\/p>\n<\/li>\n<li data-start=\"2292\" data-end=\"2386\">\n<p data-start=\"2294\" data-end=\"2386\">Pr\u00e9f\u00e8rent des produits durables, sans additifs, pesticides ni ingr\u00e9dients d\u2019origine animale.<\/p>\n<\/li>\n<\/ul>\n<hr data-start=\"2388\" data-end=\"2391\" \/>\n<p data-start=\"2393\" data-end=\"2421\"><strong data-start=\"2393\" data-end=\"2421\">Informations de s\u00e9curit\u00e9<\/strong><\/p>\n<p data-start=\"2423\" data-end=\"2639\">La lumi\u00e8re peut alt\u00e9rer le produit, il n\u2019est donc pas recommand\u00e9 de le conserver dans des pots en verre, m\u00eame s\u2019ils peuvent \u00eatre esth\u00e9tiques comme \u00e9l\u00e9ment d\u00e9coratif. Nous recommandons une bo\u00eete m\u00e9tallique herm\u00e9tique.<\/p>\n<p data-start=\"2641\" data-end=\"2788\">Il est pr\u00e9f\u00e9rable de conserver le produit dans un r\u00e9cipient herm\u00e9tique, qui bloque les odeurs et le prot\u00e8ge correctement de l\u2019humidit\u00e9 et de l\u2019air.<\/p>\n<h3 data-start=\"2795\" data-end=\"2823\"><\/h3>\n<h3 data-start=\"2795\" data-end=\"2823\"><strong data-start=\"2795\" data-end=\"2823\">Conservation et stockage<\/strong><\/h3>\n<p data-start=\"2825\" data-end=\"3069\">Conserver les gummies dans un endroit frais et sec, \u00e0 l\u2019abri de la lumi\u00e8re directe.<br data-start=\"2908\" data-end=\"2911\" \/>\u00c9viter les temp\u00e9ratures sup\u00e9rieures \u00e0 20\u202f\u00b0C.<br data-start=\"2955\" data-end=\"2958\" \/>Garder le produit dans son emballage herm\u00e9tique d\u2019origine pour pr\u00e9server sa fra\u00eecheur, sa texture et<\/p>\n","protected":false},"excerpt":{"rendered":"<p>Les Fresh Kase Gummies combinent les bienfaits apaisants de la m\u00e9lisse avec les propri\u00e9t\u00e9s de l\u2019huile de chanvre dans une d\u00e9licieuse formule au go\u00fbt de past\u00e8que. Cette \u00e9dition sp\u00e9ciale, fruit de la collaboration entre The Tree CBD et Kase.O, est con\u00e7ue pour t\u2019aider \u00e0 retrouver l\u2019\u00e9quilibre, la s\u00e9r\u00e9nit\u00e9 et un repos de qualit\u00e9, naturellement et sans effort.<\/p>\n<p>\u25cf Gummies au chanvre certifi\u00e9es bio<br \/>\n\u25cf Format de 30 g<br \/>\n\u25cf Ingr\u00e9dients : M\u00e9lisse et huile de chanvre<br \/>\n\u25cf Sans pesticides<br \/>\n\u25cf Non test\u00e9es sur les animaux<\/p>\n","protected":false},"featured_media":163794,"template":"","meta":{"_acf_changed":false},"product_brand":[],"class_list":{"0":"post-163823","1":"product","2":"type-product","3":"status-publish","4":"has-post-thumbnail","6":"product_cat-bonbons-hemp","7":"product_cat-fresh-kase-cbd-by-kaseo","8":"product_cat-nourriture-et-boissons","9":"product_cat-promotions-cbd","11":"first","12":"instock","13":"taxable","14":"shipping-taxable","15":"purchasable","16":"product-type-simple"},"acf":[],"yoast_head":"<!-- This site is optimized with the Yoast SEO plugin v26.3 - https:\/\/yoast.com\/wordpress\/plugins\/seo\/ -->\n<title>Fresh Kase Gummies - The Tree CBD<\/title>\n<meta name=\"description\" content=\"Profitez de nos gummies au chanvre avec Ashwagandha et huile de chanvre. Une combinaison parfaite d\u2019ingr\u00e9dients naturels avec une d\u00e9licieuse saveur herbac\u00e9e. Id\u00e9ales \u00e0 tout moment de la journ\u00e9e. Essayez-les !\" \/>\n<meta name=\"robots\" content=\"index, follow, max-snippet:-1, max-image-preview:large, max-video-preview:-1\" \/>\n<link rel=\"canonical\" href=\"https:\/\/thetreecbd.com\/fr\/cbd\/fresh-kase-gummies\" \/>\n<meta property=\"og:locale\" content=\"fr_FR\" \/>\n<meta property=\"og:type\" content=\"article\" \/>\n<meta property=\"og:title\" content=\"Fresh Kase Gummies - The Tree CBD\" \/>\n<meta property=\"og:description\" content=\"Profitez de nos gummies au chanvre avec Ashwagandha et huile de chanvre. Une combinaison parfaite d\u2019ingr\u00e9dients naturels avec une d\u00e9licieuse saveur herbac\u00e9e. Id\u00e9ales \u00e0 tout moment de la journ\u00e9e. Essayez-les !\" \/>\n<meta property=\"og:url\" content=\"https:\/\/thetreecbd.com\/fr\/cbd\/fresh-kase-gummies\" \/>\n<meta property=\"og:site_name\" content=\"The Tree CBD\" \/>\n<meta property=\"article:publisher\" content=\"https:\/\/www.facebook.com\/thetreeCBD\/\" \/>\n<meta property=\"article:modified_time\" content=\"2025-10-05T18:12:05+00:00\" \/>\n<meta property=\"og:image\" content=\"https:\/\/thetreecbd.com\/wp-content\/uploads\/2025\/04\/Fresh-kase-gummies2.jpg\" \/>\n\t<meta property=\"og:image:width\" content=\"1080\" \/>\n\t<meta property=\"og:image:height\" content=\"1350\" \/>\n\t<meta property=\"og:image:type\" content=\"image\/jpeg\" \/>\n<meta name=\"twitter:card\" content=\"summary_large_image\" \/>\n<meta name=\"twitter:site\" content=\"@TheTreeCBD_EU\" \/>\n<meta name=\"twitter:label1\" content=\"Dur\u00e9e de lecture estim\u00e9e\" \/>\n\t<meta name=\"twitter:data1\" content=\"3 minutes\" \/>\n<script type=\"application\/ld+json\" class=\"yoast-schema-graph\">{\"@context\":\"https:\/\/schema.org\",\"@graph\":[{\"@type\":[\"WebPage\",\"ItemPage\"],\"@id\":\"https:\/\/thetreecbd.com\/fr\/cbd\/fresh-kase-gummies\",\"url\":\"https:\/\/thetreecbd.com\/fr\/cbd\/fresh-kase-gummies\",\"name\":\"Fresh Kase Gummies - The Tree CBD\",\"isPartOf\":{\"@id\":\"https:\/\/thetreecbd.com\/fr#website\"},\"primaryImageOfPage\":{\"@id\":\"https:\/\/thetreecbd.com\/fr\/cbd\/fresh-kase-gummies#primaryimage\"},\"image\":{\"@id\":\"https:\/\/thetreecbd.com\/fr\/cbd\/fresh-kase-gummies#primaryimage\"},\"thumbnailUrl\":\"https:\/\/thetreecbd.com\/wp-content\/uploads\/2025\/04\/Fresh-kase-gummies2.jpg\",\"datePublished\":\"2025-04-28T08:20:50+00:00\",\"dateModified\":\"2025-10-05T18:12:05+00:00\",\"description\":\"Profitez de nos gummies au chanvre avec Ashwagandha et huile de chanvre. Une combinaison parfaite d\u2019ingr\u00e9dients naturels avec une d\u00e9licieuse saveur herbac\u00e9e. Id\u00e9ales \u00e0 tout moment de la journ\u00e9e. Essayez-les !\",\"breadcrumb\":{\"@id\":\"https:\/\/thetreecbd.com\/fr\/cbd\/fresh-kase-gummies#breadcrumb\"},\"inLanguage\":\"fr-FR\",\"potentialAction\":[{\"@type\":\"ReadAction\",\"target\":[\"https:\/\/thetreecbd.com\/fr\/cbd\/fresh-kase-gummies\"]}]},{\"@type\":\"ImageObject\",\"inLanguage\":\"fr-FR\",\"@id\":\"https:\/\/thetreecbd.com\/fr\/cbd\/fresh-kase-gummies#primaryimage\",\"url\":\"https:\/\/thetreecbd.com\/wp-content\/uploads\/2025\/04\/Fresh-kase-gummies2.jpg\",\"contentUrl\":\"https:\/\/thetreecbd.com\/wp-content\/uploads\/2025\/04\/Fresh-kase-gummies2.jpg\",\"width\":1080,\"height\":1350},{\"@type\":\"BreadcrumbList\",\"@id\":\"https:\/\/thetreecbd.com\/fr\/cbd\/fresh-kase-gummies#breadcrumb\",\"itemListElement\":[{\"@type\":\"ListItem\",\"position\":1,\"name\":\"The Tree\",\"item\":\"https:\/\/thetreecbd.com\/fr\"},{\"@type\":\"ListItem\",\"position\":2,\"name\":\"CBD\",\"item\":\"https:\/\/thetreecbd.com\/es\/cbd\"},{\"@type\":\"ListItem\",\"position\":3,\"name\":\"Nourriture et Boissons\",\"item\":\"https:\/\/thetreecbd.com\/fr\/nourriture-et-boissons\"},{\"@type\":\"ListItem\",\"position\":4,\"name\":\"Bonbons Hemp\",\"item\":\"https:\/\/thetreecbd.com\/fr\/nourriture-et-boissons\/bonbons-hemp\"},{\"@type\":\"ListItem\",\"position\":5,\"name\":\"Fresh Kase Gummies\"}]},{\"@type\":\"WebSite\",\"@id\":\"https:\/\/thetreecbd.com\/fr#website\",\"url\":\"https:\/\/thetreecbd.com\/fr\",\"name\":\"The Tree CBD\",\"description\":\"Comprar CBD en Espa\u00f1a Online\",\"publisher\":{\"@id\":\"https:\/\/thetreecbd.com\/fr#organization\"},\"potentialAction\":[{\"@type\":\"SearchAction\",\"target\":{\"@type\":\"EntryPoint\",\"urlTemplate\":\"https:\/\/thetreecbd.com\/fr?s={search_term_string}\"},\"query-input\":{\"@type\":\"PropertyValueSpecification\",\"valueRequired\":true,\"valueName\":\"search_term_string\"}}],\"inLanguage\":\"fr-FR\"},{\"@type\":\"Organization\",\"@id\":\"https:\/\/thetreecbd.com\/fr#organization\",\"name\":\"The Tree CBD\",\"url\":\"https:\/\/thetreecbd.com\/fr\",\"logo\":{\"@type\":\"ImageObject\",\"inLanguage\":\"fr-FR\",\"@id\":\"https:\/\/thetreecbd.com\/fr#\/schema\/logo\/image\/\",\"url\":\"https:\/\/thetreecbd.com\/wp-content\/uploads\/2022\/04\/logo-thetree.png\",\"contentUrl\":\"https:\/\/thetreecbd.com\/wp-content\/uploads\/2022\/04\/logo-thetree.png\",\"width\":172,\"height\":55,\"caption\":\"The Tree CBD\"},\"image\":{\"@id\":\"https:\/\/thetreecbd.com\/fr#\/schema\/logo\/image\/\"},\"sameAs\":[\"https:\/\/www.facebook.com\/thetreeCBD\/\",\"https:\/\/x.com\/TheTreeCBD_EU\",\"https:\/\/www.instagram.com\/thetree.cbd\/\",\"https:\/\/es.trustpilot.com\/review\/thetreecbd.com\"]}]}<\/script>\n<!-- \/ Yoast SEO plugin. -->","yoast_head_json":{"title":"Fresh Kase Gummies - The Tree CBD","description":"Profitez de nos gummies au chanvre avec Ashwagandha et huile de chanvre. Une combinaison parfaite d\u2019ingr\u00e9dients naturels avec une d\u00e9licieuse saveur herbac\u00e9e. Id\u00e9ales \u00e0 tout moment de la journ\u00e9e. Essayez-les !","robots":{"index":"index","follow":"follow","max-snippet":"max-snippet:-1","max-image-preview":"max-image-preview:large","max-video-preview":"max-video-preview:-1"},"canonical":"https:\/\/thetreecbd.com\/fr\/cbd\/fresh-kase-gummies","og_locale":"fr_FR","og_type":"article","og_title":"Fresh Kase Gummies - The Tree CBD","og_description":"Profitez de nos gummies au chanvre avec Ashwagandha et huile de chanvre. Une combinaison parfaite d\u2019ingr\u00e9dients naturels avec une d\u00e9licieuse saveur herbac\u00e9e. Id\u00e9ales \u00e0 tout moment de la journ\u00e9e. Essayez-les !","og_url":"https:\/\/thetreecbd.com\/fr\/cbd\/fresh-kase-gummies","og_site_name":"The Tree CBD","article_publisher":"https:\/\/www.facebook.com\/thetreeCBD\/","article_modified_time":"2025-10-05T18:12:05+00:00","og_image":[{"width":1080,"height":1350,"url":"https:\/\/thetreecbd.com\/wp-content\/uploads\/2025\/04\/Fresh-kase-gummies2.jpg","type":"image\/jpeg"}],"twitter_card":"summary_large_image","twitter_site":"@TheTreeCBD_EU","twitter_misc":{"Dur\u00e9e de lecture estim\u00e9e":"3 minutes"},"schema":{"@context":"https:\/\/schema.org","@graph":[{"@type":["WebPage","ItemPage"],"@id":"https:\/\/thetreecbd.com\/fr\/cbd\/fresh-kase-gummies","url":"https:\/\/thetreecbd.com\/fr\/cbd\/fresh-kase-gummies","name":"Fresh Kase Gummies - The Tree CBD","isPartOf":{"@id":"https:\/\/thetreecbd.com\/fr#website"},"primaryImageOfPage":{"@id":"https:\/\/thetreecbd.com\/fr\/cbd\/fresh-kase-gummies#primaryimage"},"image":{"@id":"https:\/\/thetreecbd.com\/fr\/cbd\/fresh-kase-gummies#primaryimage"},"thumbnailUrl":"https:\/\/thetreecbd.com\/wp-content\/uploads\/2025\/04\/Fresh-kase-gummies2.jpg","datePublished":"2025-04-28T08:20:50+00:00","dateModified":"2025-10-05T18:12:05+00:00","description":"Profitez de nos gummies au chanvre avec Ashwagandha et huile de chanvre. Une combinaison parfaite d\u2019ingr\u00e9dients naturels avec une d\u00e9licieuse saveur herbac\u00e9e. Id\u00e9ales \u00e0 tout moment de la journ\u00e9e. Essayez-les !","breadcrumb":{"@id":"https:\/\/thetreecbd.com\/fr\/cbd\/fresh-kase-gummies#breadcrumb"},"inLanguage":"fr-FR","potentialAction":[{"@type":"ReadAction","target":["https:\/\/thetreecbd.com\/fr\/cbd\/fresh-kase-gummies"]}]},{"@type":"ImageObject","inLanguage":"fr-FR","@id":"https:\/\/thetreecbd.com\/fr\/cbd\/fresh-kase-gummies#primaryimage","url":"https:\/\/thetreecbd.com\/wp-content\/uploads\/2025\/04\/Fresh-kase-gummies2.jpg","contentUrl":"https:\/\/thetreecbd.com\/wp-content\/uploads\/2025\/04\/Fresh-kase-gummies2.jpg","width":1080,"height":1350},{"@type":"BreadcrumbList","@id":"https:\/\/thetreecbd.com\/fr\/cbd\/fresh-kase-gummies#breadcrumb","itemListElement":[{"@type":"ListItem","position":1,"name":"The Tree","item":"https:\/\/thetreecbd.com\/fr"},{"@type":"ListItem","position":2,"name":"CBD","item":"https:\/\/thetreecbd.com\/es\/cbd"},{"@type":"ListItem","position":3,"name":"Nourriture et Boissons","item":"https:\/\/thetreecbd.com\/fr\/nourriture-et-boissons"},{"@type":"ListItem","position":4,"name":"Bonbons Hemp","item":"https:\/\/thetreecbd.com\/fr\/nourriture-et-boissons\/bonbons-hemp"},{"@type":"ListItem","position":5,"name":"Fresh Kase Gummies"}]},{"@type":"WebSite","@id":"https:\/\/thetreecbd.com\/fr#website","url":"https:\/\/thetreecbd.com\/fr","name":"The Tree CBD","description":"Comprar CBD en Espa\u00f1a Online","publisher":{"@id":"https:\/\/thetreecbd.com\/fr#organization"},"potentialAction":[{"@type":"SearchAction","target":{"@type":"EntryPoint","urlTemplate":"https:\/\/thetreecbd.com\/fr?s={search_term_string}"},"query-input":{"@type":"PropertyValueSpecification","valueRequired":true,"valueName":"search_term_string"}}],"inLanguage":"fr-FR"},{"@type":"Organization","@id":"https:\/\/thetreecbd.com\/fr#organization","name":"The Tree CBD","url":"https:\/\/thetreecbd.com\/fr","logo":{"@type":"ImageObject","inLanguage":"fr-FR","@id":"https:\/\/thetreecbd.com\/fr#\/schema\/logo\/image\/","url":"https:\/\/thetreecbd.com\/wp-content\/uploads\/2022\/04\/logo-thetree.png","contentUrl":"https:\/\/thetreecbd.com\/wp-content\/uploads\/2022\/04\/logo-thetree.png","width":172,"height":55,"caption":"The Tree CBD"},"image":{"@id":"https:\/\/thetreecbd.com\/fr#\/schema\/logo\/image\/"},"sameAs":["https:\/\/www.facebook.com\/thetreeCBD\/","https:\/\/x.com\/TheTreeCBD_EU","https:\/\/www.instagram.com\/thetree.cbd\/","https:\/\/es.trustpilot.com\/review\/thetreecbd.com"]}]}},"_links":{"self":[{"href":"https:\/\/thetreecbd.com\/fr\/wp-json\/wp\/v2\/product\/163823","targetHints":{"allow":["GET"]}}],"collection":[{"href":"https:\/\/thetreecbd.com\/fr\/wp-json\/wp\/v2\/product"}],"about":[{"href":"https:\/\/thetreecbd.com\/fr\/wp-json\/wp\/v2\/types\/product"}],"version-history":[{"count":0,"href":"https:\/\/thetreecbd.com\/fr\/wp-json\/wp\/v2\/product\/163823\/revisions"}],"wp:featuredmedia":[{"embeddable":true,"href":"https:\/\/thetreecbd.com\/fr\/wp-json\/wp\/v2\/media\/163794"}],"wp:attachment":[{"href":"https:\/\/thetreecbd.com\/fr\/wp-json\/wp\/v2\/media?parent=163823"}],"wp:term":[{"taxonomy":"product_brand","embeddable":true,"href":"https:\/\/thetreecbd.com\/fr\/wp-json\/wp\/v2\/product_brand?post=163823"}],"curies":[{"name":"wp","href":"https:\/\/api.w.org\/{rel}","templated":true}]}}