{"id":164125,"date":"2025-05-15T17:13:05","date_gmt":"2025-05-15T15:13:05","guid":{"rendered":"https:\/\/thetreecbd.com\/cbd\/pack-criniere-de-lion-reishi-et-cordyceps"},"modified":"2025-09-02T00:00:25","modified_gmt":"2025-09-01T22:00:25","slug":"pack-criniere-de-lion-reishi-et-cordyceps","status":"publish","type":"product","link":"https:\/\/thetreecbd.com\/fr\/cbd\/pack-criniere-de-lion-reishi-et-cordyceps","title":{"rendered":"Pack Crini\u00e8re de Lion, Reishi et Cordyceps"},"content":{"rendered":"<p><b>Pack Crini\u00e8re de Lion, Reishi et Cordyceps \u2013 Un pouvoir naturel pour le corps et l&#8217;esprit<\/b><\/p>\n<p>Profitez des bienfaits complets de trois adaptog\u00e8nes puissants dans un seul pack. Lion\u2019s Mane, Reishi et Cordyceps agissent ensemble pour am\u00e9liorer la concentration, r\u00e9duire le stress et augmenter naturellement l\u2019\u00e9nergie. Chacun de ces suppl\u00e9ments est cultiv\u00e9 de mani\u00e8re organique et extrait sous des normes strictes de qualit\u00e9 cGMP, garantissant puret\u00e9 et puissance.<\/p>\n<ul>\n<li><b>Lion\u2019s Mane<\/b>\u00a0: Am\u00e9liore la m\u00e9moire, la concentration et la fonction cognitive.<\/li>\n<li><b>Reishi<\/b>\u00a0: Soutient le syst\u00e8me immunitaire et l\u2019\u00e9quilibre \u00e9motionnel.<\/li>\n<li><b>Cordyceps<\/b>\u00a0: Augmente l\u2019\u00e9nergie, l\u2019endurance et la vitalit\u00e9.<br \/>\nTous les produits sont 100% v\u00e9g\u00e9taliens, sans OGM, sans gluten et sans additifs ni allerg\u00e8nes. Chaque lot est soumis \u00e0 des tests de puret\u00e9 et de puissance dans des laboratoires accr\u00e9dit\u00e9s.<\/li>\n<\/ul>\n<p><b>Boostez votre journ\u00e9e avec les adaptog\u00e8nes naturels de The Tree.<\/b><\/p>\n","protected":false},"excerpt":{"rendered":"<p>Profitez des bienfaits complets de trois adaptog\u00e8nes puissants dans un seul pack. Lion\u2019s Mane, Reishi et Cordyceps agissent ensemble pour am\u00e9liorer la concentration, r\u00e9duire le stress et augmenter naturellement l\u2019\u00e9nergie. Chacun de ces suppl\u00e9ments est cultiv\u00e9 de mani\u00e8re organique et extrait sous des normes strictes de qualit\u00e9 cGMP, garantissant puret\u00e9 et puissance.<\/p>\n<ul>\n<li><b>Lion\u2019s Mane<\/b>\u00a0: Am\u00e9liore la m\u00e9moire, la concentration et la fonction cognitive.<\/li>\n<li><b>Reishi<\/b>\u00a0: Soutient le syst\u00e8me immunitaire et l\u2019\u00e9quilibre \u00e9motionnel.<\/li>\n<li><b>Cordyceps<\/b>\u00a0: Augmente l\u2019\u00e9nergie, l\u2019endurance et la vitalit\u00e9.<br \/>\nTous les produits sont 100% v\u00e9g\u00e9taliens, sans OGM, sans gluten et sans additifs ni allerg\u00e8nes. Chaque lot est soumis \u00e0 des tests de puret\u00e9 et de puissance dans des laboratoires accr\u00e9dit\u00e9s.<\/li>\n<\/ul>\n<p><b>Boostez votre journ\u00e9e avec les adaptog\u00e8nes naturels de The Tree.<\/b><\/p>\n","protected":false},"featured_media":164115,"template":"","meta":{"_acf_changed":false},"product_brand":[],"class_list":{"0":"post-164125","1":"product","2":"type-product","3":"status-publish","4":"has-post-thumbnail","6":"product_cat-shrooms-fr","8":"first","9":"outofstock","10":"taxable","11":"shipping-taxable","12":"purchasable","13":"product-type-simple"},"acf":[],"yoast_head":"<!-- This site is optimized with the Yoast SEO plugin v26.3 - https:\/\/yoast.com\/wordpress\/plugins\/seo\/ -->\n<title>Pack Crini\u00e8re de Lion, Reishi et Cordyceps | TheTreeCBD<\/title>\n<meta name=\"description\" content=\"Profitez des bienfaits complets de trois adaptog\u00e8nes puissants dans un seul pack. Lion\u2019s Mane, Reishi et Cordyceps agissent ensemble pour am\u00e9liorer la concentration, r\u00e9duire le stress et augmenter naturellement l\u2019\u00e9nergie. Chacun de ces suppl\u00e9ments est cultiv\u00e9 de mani\u00e8re organique et extrait sous des normes strictes de qualit\u00e9 cGMP, garantissant puret\u00e9 et puissance.\" \/>\n<meta name=\"robots\" content=\"index, follow, max-snippet:-1, max-image-preview:large, max-video-preview:-1\" \/>\n<link rel=\"canonical\" href=\"https:\/\/thetreecbd.com\/fr\/cbd\/pack-criniere-de-lion-reishi-et-cordyceps\" \/>\n<meta property=\"og:locale\" content=\"fr_FR\" \/>\n<meta property=\"og:type\" content=\"article\" \/>\n<meta property=\"og:title\" content=\"Pack Crini\u00e8re de Lion, Reishi et Cordyceps | TheTreeCBD\" \/>\n<meta property=\"og:description\" content=\"Profitez des bienfaits complets de trois adaptog\u00e8nes puissants dans un seul pack. Lion\u2019s Mane, Reishi et Cordyceps agissent ensemble pour am\u00e9liorer la concentration, r\u00e9duire le stress et augmenter naturellement l\u2019\u00e9nergie. Chacun de ces suppl\u00e9ments est cultiv\u00e9 de mani\u00e8re organique et extrait sous des normes strictes de qualit\u00e9 cGMP, garantissant puret\u00e9 et puissance.\" \/>\n<meta property=\"og:url\" content=\"https:\/\/thetreecbd.com\/fr\/cbd\/pack-criniere-de-lion-reishi-et-cordyceps\" \/>\n<meta property=\"og:site_name\" content=\"The Tree CBD\" \/>\n<meta property=\"article:publisher\" content=\"https:\/\/www.facebook.com\/thetreeCBD\/\" \/>\n<meta property=\"article:modified_time\" content=\"2025-09-01T22:00:25+00:00\" \/>\n<meta property=\"og:image\" content=\"https:\/\/thetreecbd.com\/wp-content\/uploads\/2025\/05\/shrooms-thetree_0000s_0004_Generative-Fill-2.jpg\" \/>\n\t<meta property=\"og:image:width\" content=\"1080\" \/>\n\t<meta property=\"og:image:height\" content=\"1350\" \/>\n\t<meta property=\"og:image:type\" content=\"image\/jpeg\" \/>\n<meta name=\"twitter:card\" content=\"summary_large_image\" \/>\n<meta name=\"twitter:site\" content=\"@TheTreeCBD_EU\" \/>\n<meta name=\"twitter:label1\" content=\"Dur\u00e9e de lecture estim\u00e9e\" \/>\n\t<meta name=\"twitter:data1\" content=\"1 minute\" \/>\n<script type=\"application\/ld+json\" class=\"yoast-schema-graph\">{\"@context\":\"https:\/\/schema.org\",\"@graph\":[{\"@type\":[\"WebPage\",\"ItemPage\"],\"@id\":\"https:\/\/thetreecbd.com\/fr\/cbd\/pack-criniere-de-lion-reishi-et-cordyceps\",\"url\":\"https:\/\/thetreecbd.com\/fr\/cbd\/pack-criniere-de-lion-reishi-et-cordyceps\",\"name\":\"Pack Crini\u00e8re de Lion, Reishi et Cordyceps | TheTreeCBD\",\"isPartOf\":{\"@id\":\"https:\/\/thetreecbd.com\/fr#website\"},\"primaryImageOfPage\":{\"@id\":\"https:\/\/thetreecbd.com\/fr\/cbd\/pack-criniere-de-lion-reishi-et-cordyceps#primaryimage\"},\"image\":{\"@id\":\"https:\/\/thetreecbd.com\/fr\/cbd\/pack-criniere-de-lion-reishi-et-cordyceps#primaryimage\"},\"thumbnailUrl\":\"https:\/\/thetreecbd.com\/wp-content\/uploads\/2025\/05\/shrooms-thetree_0000s_0004_Generative-Fill-2.jpg\",\"datePublished\":\"2025-05-15T15:13:05+00:00\",\"dateModified\":\"2025-09-01T22:00:25+00:00\",\"description\":\"Profitez des bienfaits complets de trois adaptog\u00e8nes puissants dans un seul pack. Lion\u2019s Mane, Reishi et Cordyceps agissent ensemble pour am\u00e9liorer la concentration, r\u00e9duire le stress et augmenter naturellement l\u2019\u00e9nergie. Chacun de ces suppl\u00e9ments est cultiv\u00e9 de mani\u00e8re organique et extrait sous des normes strictes de qualit\u00e9 cGMP, garantissant puret\u00e9 et puissance.\",\"breadcrumb\":{\"@id\":\"https:\/\/thetreecbd.com\/fr\/cbd\/pack-criniere-de-lion-reishi-et-cordyceps#breadcrumb\"},\"inLanguage\":\"fr-FR\",\"potentialAction\":[{\"@type\":\"ReadAction\",\"target\":[\"https:\/\/thetreecbd.com\/fr\/cbd\/pack-criniere-de-lion-reishi-et-cordyceps\"]}]},{\"@type\":\"ImageObject\",\"inLanguage\":\"fr-FR\",\"@id\":\"https:\/\/thetreecbd.com\/fr\/cbd\/pack-criniere-de-lion-reishi-et-cordyceps#primaryimage\",\"url\":\"https:\/\/thetreecbd.com\/wp-content\/uploads\/2025\/05\/shrooms-thetree_0000s_0004_Generative-Fill-2.jpg\",\"contentUrl\":\"https:\/\/thetreecbd.com\/wp-content\/uploads\/2025\/05\/shrooms-thetree_0000s_0004_Generative-Fill-2.jpg\",\"width\":1080,\"height\":1350},{\"@type\":\"BreadcrumbList\",\"@id\":\"https:\/\/thetreecbd.com\/fr\/cbd\/pack-criniere-de-lion-reishi-et-cordyceps#breadcrumb\",\"itemListElement\":[{\"@type\":\"ListItem\",\"position\":1,\"name\":\"The Tree\",\"item\":\"https:\/\/thetreecbd.com\/fr\"},{\"@type\":\"ListItem\",\"position\":2,\"name\":\"CBD\",\"item\":\"https:\/\/thetreecbd.com\/es\/cbd\"},{\"@type\":\"ListItem\",\"position\":3,\"name\":\"Shrooms\",\"item\":\"https:\/\/thetreecbd.com\/fr\/shrooms-fr\"},{\"@type\":\"ListItem\",\"position\":4,\"name\":\"Pack Crini\u00e8re de Lion, Reishi et Cordyceps\"}]},{\"@type\":\"WebSite\",\"@id\":\"https:\/\/thetreecbd.com\/fr#website\",\"url\":\"https:\/\/thetreecbd.com\/fr\",\"name\":\"The Tree CBD\",\"description\":\"Comprar CBD en Espa\u00f1a Online\",\"publisher\":{\"@id\":\"https:\/\/thetreecbd.com\/fr#organization\"},\"potentialAction\":[{\"@type\":\"SearchAction\",\"target\":{\"@type\":\"EntryPoint\",\"urlTemplate\":\"https:\/\/thetreecbd.com\/fr?s={search_term_string}\"},\"query-input\":{\"@type\":\"PropertyValueSpecification\",\"valueRequired\":true,\"valueName\":\"search_term_string\"}}],\"inLanguage\":\"fr-FR\"},{\"@type\":\"Organization\",\"@id\":\"https:\/\/thetreecbd.com\/fr#organization\",\"name\":\"The Tree CBD\",\"url\":\"https:\/\/thetreecbd.com\/fr\",\"logo\":{\"@type\":\"ImageObject\",\"inLanguage\":\"fr-FR\",\"@id\":\"https:\/\/thetreecbd.com\/fr#\/schema\/logo\/image\/\",\"url\":\"https:\/\/thetreecbd.com\/wp-content\/uploads\/2022\/04\/logo-thetree.png\",\"contentUrl\":\"https:\/\/thetreecbd.com\/wp-content\/uploads\/2022\/04\/logo-thetree.png\",\"width\":172,\"height\":55,\"caption\":\"The Tree CBD\"},\"image\":{\"@id\":\"https:\/\/thetreecbd.com\/fr#\/schema\/logo\/image\/\"},\"sameAs\":[\"https:\/\/www.facebook.com\/thetreeCBD\/\",\"https:\/\/x.com\/TheTreeCBD_EU\",\"https:\/\/www.instagram.com\/thetree.cbd\/\",\"https:\/\/es.trustpilot.com\/review\/thetreecbd.com\"]}]}<\/script>\n<!-- \/ Yoast SEO plugin. -->","yoast_head_json":{"title":"Pack Crini\u00e8re de Lion, Reishi et Cordyceps | TheTreeCBD","description":"Profitez des bienfaits complets de trois adaptog\u00e8nes puissants dans un seul pack. Lion\u2019s Mane, Reishi et Cordyceps agissent ensemble pour am\u00e9liorer la concentration, r\u00e9duire le stress et augmenter naturellement l\u2019\u00e9nergie. Chacun de ces suppl\u00e9ments est cultiv\u00e9 de mani\u00e8re organique et extrait sous des normes strictes de qualit\u00e9 cGMP, garantissant puret\u00e9 et puissance.","robots":{"index":"index","follow":"follow","max-snippet":"max-snippet:-1","max-image-preview":"max-image-preview:large","max-video-preview":"max-video-preview:-1"},"canonical":"https:\/\/thetreecbd.com\/fr\/cbd\/pack-criniere-de-lion-reishi-et-cordyceps","og_locale":"fr_FR","og_type":"article","og_title":"Pack Crini\u00e8re de Lion, Reishi et Cordyceps | TheTreeCBD","og_description":"Profitez des bienfaits complets de trois adaptog\u00e8nes puissants dans un seul pack. Lion\u2019s Mane, Reishi et Cordyceps agissent ensemble pour am\u00e9liorer la concentration, r\u00e9duire le stress et augmenter naturellement l\u2019\u00e9nergie. Chacun de ces suppl\u00e9ments est cultiv\u00e9 de mani\u00e8re organique et extrait sous des normes strictes de qualit\u00e9 cGMP, garantissant puret\u00e9 et puissance.","og_url":"https:\/\/thetreecbd.com\/fr\/cbd\/pack-criniere-de-lion-reishi-et-cordyceps","og_site_name":"The Tree CBD","article_publisher":"https:\/\/www.facebook.com\/thetreeCBD\/","article_modified_time":"2025-09-01T22:00:25+00:00","og_image":[{"width":1080,"height":1350,"url":"https:\/\/thetreecbd.com\/wp-content\/uploads\/2025\/05\/shrooms-thetree_0000s_0004_Generative-Fill-2.jpg","type":"image\/jpeg"}],"twitter_card":"summary_large_image","twitter_site":"@TheTreeCBD_EU","twitter_misc":{"Dur\u00e9e de lecture estim\u00e9e":"1 minute"},"schema":{"@context":"https:\/\/schema.org","@graph":[{"@type":["WebPage","ItemPage"],"@id":"https:\/\/thetreecbd.com\/fr\/cbd\/pack-criniere-de-lion-reishi-et-cordyceps","url":"https:\/\/thetreecbd.com\/fr\/cbd\/pack-criniere-de-lion-reishi-et-cordyceps","name":"Pack Crini\u00e8re de Lion, Reishi et Cordyceps | TheTreeCBD","isPartOf":{"@id":"https:\/\/thetreecbd.com\/fr#website"},"primaryImageOfPage":{"@id":"https:\/\/thetreecbd.com\/fr\/cbd\/pack-criniere-de-lion-reishi-et-cordyceps#primaryimage"},"image":{"@id":"https:\/\/thetreecbd.com\/fr\/cbd\/pack-criniere-de-lion-reishi-et-cordyceps#primaryimage"},"thumbnailUrl":"https:\/\/thetreecbd.com\/wp-content\/uploads\/2025\/05\/shrooms-thetree_0000s_0004_Generative-Fill-2.jpg","datePublished":"2025-05-15T15:13:05+00:00","dateModified":"2025-09-01T22:00:25+00:00","description":"Profitez des bienfaits complets de trois adaptog\u00e8nes puissants dans un seul pack. Lion\u2019s Mane, Reishi et Cordyceps agissent ensemble pour am\u00e9liorer la concentration, r\u00e9duire le stress et augmenter naturellement l\u2019\u00e9nergie. Chacun de ces suppl\u00e9ments est cultiv\u00e9 de mani\u00e8re organique et extrait sous des normes strictes de qualit\u00e9 cGMP, garantissant puret\u00e9 et puissance.","breadcrumb":{"@id":"https:\/\/thetreecbd.com\/fr\/cbd\/pack-criniere-de-lion-reishi-et-cordyceps#breadcrumb"},"inLanguage":"fr-FR","potentialAction":[{"@type":"ReadAction","target":["https:\/\/thetreecbd.com\/fr\/cbd\/pack-criniere-de-lion-reishi-et-cordyceps"]}]},{"@type":"ImageObject","inLanguage":"fr-FR","@id":"https:\/\/thetreecbd.com\/fr\/cbd\/pack-criniere-de-lion-reishi-et-cordyceps#primaryimage","url":"https:\/\/thetreecbd.com\/wp-content\/uploads\/2025\/05\/shrooms-thetree_0000s_0004_Generative-Fill-2.jpg","contentUrl":"https:\/\/thetreecbd.com\/wp-content\/uploads\/2025\/05\/shrooms-thetree_0000s_0004_Generative-Fill-2.jpg","width":1080,"height":1350},{"@type":"BreadcrumbList","@id":"https:\/\/thetreecbd.com\/fr\/cbd\/pack-criniere-de-lion-reishi-et-cordyceps#breadcrumb","itemListElement":[{"@type":"ListItem","position":1,"name":"The Tree","item":"https:\/\/thetreecbd.com\/fr"},{"@type":"ListItem","position":2,"name":"CBD","item":"https:\/\/thetreecbd.com\/es\/cbd"},{"@type":"ListItem","position":3,"name":"Shrooms","item":"https:\/\/thetreecbd.com\/fr\/shrooms-fr"},{"@type":"ListItem","position":4,"name":"Pack Crini\u00e8re de Lion, Reishi et Cordyceps"}]},{"@type":"WebSite","@id":"https:\/\/thetreecbd.com\/fr#website","url":"https:\/\/thetreecbd.com\/fr","name":"The Tree CBD","description":"Comprar CBD en Espa\u00f1a Online","publisher":{"@id":"https:\/\/thetreecbd.com\/fr#organization"},"potentialAction":[{"@type":"SearchAction","target":{"@type":"EntryPoint","urlTemplate":"https:\/\/thetreecbd.com\/fr?s={search_term_string}"},"query-input":{"@type":"PropertyValueSpecification","valueRequired":true,"valueName":"search_term_string"}}],"inLanguage":"fr-FR"},{"@type":"Organization","@id":"https:\/\/thetreecbd.com\/fr#organization","name":"The Tree CBD","url":"https:\/\/thetreecbd.com\/fr","logo":{"@type":"ImageObject","inLanguage":"fr-FR","@id":"https:\/\/thetreecbd.com\/fr#\/schema\/logo\/image\/","url":"https:\/\/thetreecbd.com\/wp-content\/uploads\/2022\/04\/logo-thetree.png","contentUrl":"https:\/\/thetreecbd.com\/wp-content\/uploads\/2022\/04\/logo-thetree.png","width":172,"height":55,"caption":"The Tree CBD"},"image":{"@id":"https:\/\/thetreecbd.com\/fr#\/schema\/logo\/image\/"},"sameAs":["https:\/\/www.facebook.com\/thetreeCBD\/","https:\/\/x.com\/TheTreeCBD_EU","https:\/\/www.instagram.com\/thetree.cbd\/","https:\/\/es.trustpilot.com\/review\/thetreecbd.com"]}]}},"_links":{"self":[{"href":"https:\/\/thetreecbd.com\/fr\/wp-json\/wp\/v2\/product\/164125","targetHints":{"allow":["GET"]}}],"collection":[{"href":"https:\/\/thetreecbd.com\/fr\/wp-json\/wp\/v2\/product"}],"about":[{"href":"https:\/\/thetreecbd.com\/fr\/wp-json\/wp\/v2\/types\/product"}],"version-history":[{"count":0,"href":"https:\/\/thetreecbd.com\/fr\/wp-json\/wp\/v2\/product\/164125\/revisions"}],"wp:featuredmedia":[{"embeddable":true,"href":"https:\/\/thetreecbd.com\/fr\/wp-json\/wp\/v2\/media\/164115"}],"wp:attachment":[{"href":"https:\/\/thetreecbd.com\/fr\/wp-json\/wp\/v2\/media?parent=164125"}],"wp:term":[{"taxonomy":"product_brand","embeddable":true,"href":"https:\/\/thetreecbd.com\/fr\/wp-json\/wp\/v2\/product_brand?post=164125"}],"curies":[{"name":"wp","href":"https:\/\/api.w.org\/{rel}","templated":true}]}}