{"id":164145,"date":"2025-05-15T17:39:11","date_gmt":"2025-05-15T15:39:11","guid":{"rendered":"https:\/\/thetreecbd.com\/cbd\/pack-spray-buccal-energie-et-concentration-criniere-de-lion-reishi-et-cordyceps"},"modified":"2025-09-02T00:00:24","modified_gmt":"2025-09-01T22:00:24","slug":"pack-spray-buccal-energie-et-concentration-criniere-de-lion-reishi-et-cordyceps","status":"publish","type":"product","link":"https:\/\/thetreecbd.com\/fr\/cbd\/pack-spray-buccal-energie-et-concentration-criniere-de-lion-reishi-et-cordyceps","title":{"rendered":"Pack Spray buccal \u00c9nergie et Concentration + Crini\u00e8re de lion, Reishi et Cordyceps"},"content":{"rendered":"<p><b>Pack Spray buccal \u00c9nergie et Concentration + Crini\u00e8re de lion, Reishi et Cordyceps \u2013 \u00c9nergie, clart\u00e9 et bien-\u00eatre instantan\u00e9s<\/b><\/p>\n<p>Un pack complet qui combine la puissance des adaptog\u00e8nes liquides et en capsules pour un bien-\u00eatre total.<\/p>\n<ul>\n<li><b>Energy &amp; Focus Boost Mouth Spray<\/b>\u00a0: Une dose rapide d\u2019\u00e9nergie et de concentration, avec Lion\u2019s Mane, Cordyceps et Menthe poivr\u00e9e. Id\u00e9al pour maintenir la concentration \u00e0 tout moment de la journ\u00e9e.<\/li>\n<li><b>Lion\u2019s Mane, Reishi &amp; Cordyceps<\/b>\u00a0: Chacun de ces suppl\u00e9ments naturels aide \u00e0 am\u00e9liorer la clart\u00e9 mentale, r\u00e9duire le stress et augmenter l\u2019\u00e9nergie.<br \/>\nTous les produits sont formul\u00e9s sans additifs, sans OGM et conviennent aux v\u00e9g\u00e9taliens. Nous garantissons la qualit\u00e9 et la s\u00e9curit\u00e9 gr\u00e2ce \u00e0 nos certifications ISO et aux tests en laboratoire ind\u00e9pendants pour v\u00e9rifier la puret\u00e9.<\/li>\n<\/ul>\n<p><b>\u00c9levez votre \u00e9nergie et votre clart\u00e9 avec le pouvoir des adaptog\u00e8nes, \u00e0 port\u00e9e de main.<\/b><\/p>\n","protected":false},"excerpt":{"rendered":"<p>Un pack complet qui combine la puissance des adaptog\u00e8nes liquides et en capsules pour un bien-\u00eatre total.<\/p>\n<ul>\n<li><b>Energy &amp; Focus Boost Mouth Spray<\/b>\u00a0: Une dose rapide d\u2019\u00e9nergie et de concentration, avec Lion\u2019s Mane, Cordyceps et Menthe poivr\u00e9e. Id\u00e9al pour maintenir la concentration \u00e0 tout moment de la journ\u00e9e.<\/li>\n<li><b>Lion\u2019s Mane, Reishi &amp; Cordyceps<\/b>\u00a0: Chacun de ces suppl\u00e9ments naturels aide \u00e0 am\u00e9liorer la clart\u00e9 mentale, r\u00e9duire le stress et augmenter l\u2019\u00e9nergie.<br \/>\nTous les produits sont formul\u00e9s sans additifs, sans OGM et conviennent aux v\u00e9g\u00e9taliens. Nous garantissons la qualit\u00e9 et la s\u00e9curit\u00e9 gr\u00e2ce \u00e0 nos certifications ISO et aux tests en laboratoire ind\u00e9pendants pour v\u00e9rifier la puret\u00e9.<\/li>\n<\/ul>\n<p><b>\u00c9levez votre \u00e9nergie et votre clart\u00e9 avec le pouvoir des adaptog\u00e8nes, \u00e0 port\u00e9e de main.<\/b><\/p>\n","protected":false},"featured_media":164133,"template":"","meta":{"_acf_changed":false},"product_brand":[],"class_list":{"0":"post-164145","1":"product","2":"type-product","3":"status-publish","4":"has-post-thumbnail","6":"product_cat-promotions-cbd","7":"product_cat-shrooms-fr","9":"first","10":"outofstock","11":"taxable","12":"shipping-taxable","13":"purchasable","14":"product-type-simple"},"acf":[],"yoast_head":"<!-- This site is optimized with the Yoast SEO plugin v26.3 - https:\/\/yoast.com\/wordpress\/plugins\/seo\/ -->\n<title>Pack Spray buccal \u00c9nergie et Concentration + Crini\u00e8re de lion, Reishi et Cordyceps | TheTreeCBD<\/title>\n<meta name=\"description\" content=\"Un pack complet qui combine la puissance des adaptog\u00e8nes liquides et en capsules pour un bien-\u00eatre total. \u00c9levez votre \u00e9nergie et votre clart\u00e9 avec le pouvoir des adaptog\u00e8nes, \u00e0 port\u00e9e de main.\" \/>\n<meta name=\"robots\" content=\"index, follow, max-snippet:-1, max-image-preview:large, max-video-preview:-1\" \/>\n<link rel=\"canonical\" href=\"https:\/\/thetreecbd.com\/fr\/cbd\/pack-spray-buccal-energie-et-concentration-criniere-de-lion-reishi-et-cordyceps\" \/>\n<meta property=\"og:locale\" content=\"fr_FR\" \/>\n<meta property=\"og:type\" content=\"article\" \/>\n<meta property=\"og:title\" content=\"Pack Spray buccal \u00c9nergie et Concentration + Crini\u00e8re de lion, Reishi et Cordyceps | TheTreeCBD\" \/>\n<meta property=\"og:description\" content=\"Un pack complet qui combine la puissance des adaptog\u00e8nes liquides et en capsules pour un bien-\u00eatre total. \u00c9levez votre \u00e9nergie et votre clart\u00e9 avec le pouvoir des adaptog\u00e8nes, \u00e0 port\u00e9e de main.\" \/>\n<meta property=\"og:url\" content=\"https:\/\/thetreecbd.com\/fr\/cbd\/pack-spray-buccal-energie-et-concentration-criniere-de-lion-reishi-et-cordyceps\" \/>\n<meta property=\"og:site_name\" content=\"The Tree CBD\" \/>\n<meta property=\"article:publisher\" content=\"https:\/\/www.facebook.com\/thetreeCBD\/\" \/>\n<meta property=\"article:modified_time\" content=\"2025-09-01T22:00:24+00:00\" \/>\n<meta property=\"og:image\" content=\"https:\/\/thetreecbd.com\/wp-content\/uploads\/2025\/05\/pack-thetree-spray-shrooms.jpg\" \/>\n\t<meta property=\"og:image:width\" content=\"1080\" \/>\n\t<meta property=\"og:image:height\" content=\"1350\" \/>\n\t<meta property=\"og:image:type\" content=\"image\/jpeg\" \/>\n<meta name=\"twitter:card\" content=\"summary_large_image\" \/>\n<meta name=\"twitter:site\" content=\"@TheTreeCBD_EU\" \/>\n<meta name=\"twitter:label1\" content=\"Dur\u00e9e de lecture estim\u00e9e\" \/>\n\t<meta name=\"twitter:data1\" content=\"1 minute\" \/>\n<script type=\"application\/ld+json\" class=\"yoast-schema-graph\">{\"@context\":\"https:\/\/schema.org\",\"@graph\":[{\"@type\":[\"WebPage\",\"ItemPage\"],\"@id\":\"https:\/\/thetreecbd.com\/fr\/cbd\/pack-spray-buccal-energie-et-concentration-criniere-de-lion-reishi-et-cordyceps\",\"url\":\"https:\/\/thetreecbd.com\/fr\/cbd\/pack-spray-buccal-energie-et-concentration-criniere-de-lion-reishi-et-cordyceps\",\"name\":\"Pack Spray buccal \u00c9nergie et Concentration + Crini\u00e8re de lion, Reishi et Cordyceps | TheTreeCBD\",\"isPartOf\":{\"@id\":\"https:\/\/thetreecbd.com\/fr#website\"},\"primaryImageOfPage\":{\"@id\":\"https:\/\/thetreecbd.com\/fr\/cbd\/pack-spray-buccal-energie-et-concentration-criniere-de-lion-reishi-et-cordyceps#primaryimage\"},\"image\":{\"@id\":\"https:\/\/thetreecbd.com\/fr\/cbd\/pack-spray-buccal-energie-et-concentration-criniere-de-lion-reishi-et-cordyceps#primaryimage\"},\"thumbnailUrl\":\"https:\/\/thetreecbd.com\/wp-content\/uploads\/2025\/05\/pack-thetree-spray-shrooms.jpg\",\"datePublished\":\"2025-05-15T15:39:11+00:00\",\"dateModified\":\"2025-09-01T22:00:24+00:00\",\"description\":\"Un pack complet qui combine la puissance des adaptog\u00e8nes liquides et en capsules pour un bien-\u00eatre total. \u00c9levez votre \u00e9nergie et votre clart\u00e9 avec le pouvoir des adaptog\u00e8nes, \u00e0 port\u00e9e de main.\",\"breadcrumb\":{\"@id\":\"https:\/\/thetreecbd.com\/fr\/cbd\/pack-spray-buccal-energie-et-concentration-criniere-de-lion-reishi-et-cordyceps#breadcrumb\"},\"inLanguage\":\"fr-FR\",\"potentialAction\":[{\"@type\":\"ReadAction\",\"target\":[\"https:\/\/thetreecbd.com\/fr\/cbd\/pack-spray-buccal-energie-et-concentration-criniere-de-lion-reishi-et-cordyceps\"]}]},{\"@type\":\"ImageObject\",\"inLanguage\":\"fr-FR\",\"@id\":\"https:\/\/thetreecbd.com\/fr\/cbd\/pack-spray-buccal-energie-et-concentration-criniere-de-lion-reishi-et-cordyceps#primaryimage\",\"url\":\"https:\/\/thetreecbd.com\/wp-content\/uploads\/2025\/05\/pack-thetree-spray-shrooms.jpg\",\"contentUrl\":\"https:\/\/thetreecbd.com\/wp-content\/uploads\/2025\/05\/pack-thetree-spray-shrooms.jpg\",\"width\":1080,\"height\":1350},{\"@type\":\"BreadcrumbList\",\"@id\":\"https:\/\/thetreecbd.com\/fr\/cbd\/pack-spray-buccal-energie-et-concentration-criniere-de-lion-reishi-et-cordyceps#breadcrumb\",\"itemListElement\":[{\"@type\":\"ListItem\",\"position\":1,\"name\":\"The Tree\",\"item\":\"https:\/\/thetreecbd.com\/fr\"},{\"@type\":\"ListItem\",\"position\":2,\"name\":\"CBD\",\"item\":\"https:\/\/thetreecbd.com\/es\/cbd\"},{\"@type\":\"ListItem\",\"position\":3,\"name\":\"Offres de produits CBD\",\"item\":\"https:\/\/thetreecbd.com\/fr\/promotions-cbd\"},{\"@type\":\"ListItem\",\"position\":4,\"name\":\"Pack Spray buccal \u00c9nergie et Concentration + Crini\u00e8re de lion, Reishi et Cordyceps\"}]},{\"@type\":\"WebSite\",\"@id\":\"https:\/\/thetreecbd.com\/fr#website\",\"url\":\"https:\/\/thetreecbd.com\/fr\",\"name\":\"The Tree CBD\",\"description\":\"Comprar CBD en Espa\u00f1a Online\",\"publisher\":{\"@id\":\"https:\/\/thetreecbd.com\/fr#organization\"},\"potentialAction\":[{\"@type\":\"SearchAction\",\"target\":{\"@type\":\"EntryPoint\",\"urlTemplate\":\"https:\/\/thetreecbd.com\/fr?s={search_term_string}\"},\"query-input\":{\"@type\":\"PropertyValueSpecification\",\"valueRequired\":true,\"valueName\":\"search_term_string\"}}],\"inLanguage\":\"fr-FR\"},{\"@type\":\"Organization\",\"@id\":\"https:\/\/thetreecbd.com\/fr#organization\",\"name\":\"The Tree CBD\",\"url\":\"https:\/\/thetreecbd.com\/fr\",\"logo\":{\"@type\":\"ImageObject\",\"inLanguage\":\"fr-FR\",\"@id\":\"https:\/\/thetreecbd.com\/fr#\/schema\/logo\/image\/\",\"url\":\"https:\/\/thetreecbd.com\/wp-content\/uploads\/2022\/04\/logo-thetree.png\",\"contentUrl\":\"https:\/\/thetreecbd.com\/wp-content\/uploads\/2022\/04\/logo-thetree.png\",\"width\":172,\"height\":55,\"caption\":\"The Tree CBD\"},\"image\":{\"@id\":\"https:\/\/thetreecbd.com\/fr#\/schema\/logo\/image\/\"},\"sameAs\":[\"https:\/\/www.facebook.com\/thetreeCBD\/\",\"https:\/\/x.com\/TheTreeCBD_EU\",\"https:\/\/www.instagram.com\/thetree.cbd\/\",\"https:\/\/es.trustpilot.com\/review\/thetreecbd.com\"]}]}<\/script>\n<!-- \/ Yoast SEO plugin. -->","yoast_head_json":{"title":"Pack Spray buccal \u00c9nergie et Concentration + Crini\u00e8re de lion, Reishi et Cordyceps | TheTreeCBD","description":"Un pack complet qui combine la puissance des adaptog\u00e8nes liquides et en capsules pour un bien-\u00eatre total. \u00c9levez votre \u00e9nergie et votre clart\u00e9 avec le pouvoir des adaptog\u00e8nes, \u00e0 port\u00e9e de main.","robots":{"index":"index","follow":"follow","max-snippet":"max-snippet:-1","max-image-preview":"max-image-preview:large","max-video-preview":"max-video-preview:-1"},"canonical":"https:\/\/thetreecbd.com\/fr\/cbd\/pack-spray-buccal-energie-et-concentration-criniere-de-lion-reishi-et-cordyceps","og_locale":"fr_FR","og_type":"article","og_title":"Pack Spray buccal \u00c9nergie et Concentration + Crini\u00e8re de lion, Reishi et Cordyceps | TheTreeCBD","og_description":"Un pack complet qui combine la puissance des adaptog\u00e8nes liquides et en capsules pour un bien-\u00eatre total. \u00c9levez votre \u00e9nergie et votre clart\u00e9 avec le pouvoir des adaptog\u00e8nes, \u00e0 port\u00e9e de main.","og_url":"https:\/\/thetreecbd.com\/fr\/cbd\/pack-spray-buccal-energie-et-concentration-criniere-de-lion-reishi-et-cordyceps","og_site_name":"The Tree CBD","article_publisher":"https:\/\/www.facebook.com\/thetreeCBD\/","article_modified_time":"2025-09-01T22:00:24+00:00","og_image":[{"width":1080,"height":1350,"url":"https:\/\/thetreecbd.com\/wp-content\/uploads\/2025\/05\/pack-thetree-spray-shrooms.jpg","type":"image\/jpeg"}],"twitter_card":"summary_large_image","twitter_site":"@TheTreeCBD_EU","twitter_misc":{"Dur\u00e9e de lecture estim\u00e9e":"1 minute"},"schema":{"@context":"https:\/\/schema.org","@graph":[{"@type":["WebPage","ItemPage"],"@id":"https:\/\/thetreecbd.com\/fr\/cbd\/pack-spray-buccal-energie-et-concentration-criniere-de-lion-reishi-et-cordyceps","url":"https:\/\/thetreecbd.com\/fr\/cbd\/pack-spray-buccal-energie-et-concentration-criniere-de-lion-reishi-et-cordyceps","name":"Pack Spray buccal \u00c9nergie et Concentration + Crini\u00e8re de lion, Reishi et Cordyceps | TheTreeCBD","isPartOf":{"@id":"https:\/\/thetreecbd.com\/fr#website"},"primaryImageOfPage":{"@id":"https:\/\/thetreecbd.com\/fr\/cbd\/pack-spray-buccal-energie-et-concentration-criniere-de-lion-reishi-et-cordyceps#primaryimage"},"image":{"@id":"https:\/\/thetreecbd.com\/fr\/cbd\/pack-spray-buccal-energie-et-concentration-criniere-de-lion-reishi-et-cordyceps#primaryimage"},"thumbnailUrl":"https:\/\/thetreecbd.com\/wp-content\/uploads\/2025\/05\/pack-thetree-spray-shrooms.jpg","datePublished":"2025-05-15T15:39:11+00:00","dateModified":"2025-09-01T22:00:24+00:00","description":"Un pack complet qui combine la puissance des adaptog\u00e8nes liquides et en capsules pour un bien-\u00eatre total. \u00c9levez votre \u00e9nergie et votre clart\u00e9 avec le pouvoir des adaptog\u00e8nes, \u00e0 port\u00e9e de main.","breadcrumb":{"@id":"https:\/\/thetreecbd.com\/fr\/cbd\/pack-spray-buccal-energie-et-concentration-criniere-de-lion-reishi-et-cordyceps#breadcrumb"},"inLanguage":"fr-FR","potentialAction":[{"@type":"ReadAction","target":["https:\/\/thetreecbd.com\/fr\/cbd\/pack-spray-buccal-energie-et-concentration-criniere-de-lion-reishi-et-cordyceps"]}]},{"@type":"ImageObject","inLanguage":"fr-FR","@id":"https:\/\/thetreecbd.com\/fr\/cbd\/pack-spray-buccal-energie-et-concentration-criniere-de-lion-reishi-et-cordyceps#primaryimage","url":"https:\/\/thetreecbd.com\/wp-content\/uploads\/2025\/05\/pack-thetree-spray-shrooms.jpg","contentUrl":"https:\/\/thetreecbd.com\/wp-content\/uploads\/2025\/05\/pack-thetree-spray-shrooms.jpg","width":1080,"height":1350},{"@type":"BreadcrumbList","@id":"https:\/\/thetreecbd.com\/fr\/cbd\/pack-spray-buccal-energie-et-concentration-criniere-de-lion-reishi-et-cordyceps#breadcrumb","itemListElement":[{"@type":"ListItem","position":1,"name":"The Tree","item":"https:\/\/thetreecbd.com\/fr"},{"@type":"ListItem","position":2,"name":"CBD","item":"https:\/\/thetreecbd.com\/es\/cbd"},{"@type":"ListItem","position":3,"name":"Offres de produits CBD","item":"https:\/\/thetreecbd.com\/fr\/promotions-cbd"},{"@type":"ListItem","position":4,"name":"Pack Spray buccal \u00c9nergie et Concentration + Crini\u00e8re de lion, Reishi et Cordyceps"}]},{"@type":"WebSite","@id":"https:\/\/thetreecbd.com\/fr#website","url":"https:\/\/thetreecbd.com\/fr","name":"The Tree CBD","description":"Comprar CBD en Espa\u00f1a Online","publisher":{"@id":"https:\/\/thetreecbd.com\/fr#organization"},"potentialAction":[{"@type":"SearchAction","target":{"@type":"EntryPoint","urlTemplate":"https:\/\/thetreecbd.com\/fr?s={search_term_string}"},"query-input":{"@type":"PropertyValueSpecification","valueRequired":true,"valueName":"search_term_string"}}],"inLanguage":"fr-FR"},{"@type":"Organization","@id":"https:\/\/thetreecbd.com\/fr#organization","name":"The Tree CBD","url":"https:\/\/thetreecbd.com\/fr","logo":{"@type":"ImageObject","inLanguage":"fr-FR","@id":"https:\/\/thetreecbd.com\/fr#\/schema\/logo\/image\/","url":"https:\/\/thetreecbd.com\/wp-content\/uploads\/2022\/04\/logo-thetree.png","contentUrl":"https:\/\/thetreecbd.com\/wp-content\/uploads\/2022\/04\/logo-thetree.png","width":172,"height":55,"caption":"The Tree CBD"},"image":{"@id":"https:\/\/thetreecbd.com\/fr#\/schema\/logo\/image\/"},"sameAs":["https:\/\/www.facebook.com\/thetreeCBD\/","https:\/\/x.com\/TheTreeCBD_EU","https:\/\/www.instagram.com\/thetree.cbd\/","https:\/\/es.trustpilot.com\/review\/thetreecbd.com"]}]}},"_links":{"self":[{"href":"https:\/\/thetreecbd.com\/fr\/wp-json\/wp\/v2\/product\/164145","targetHints":{"allow":["GET"]}}],"collection":[{"href":"https:\/\/thetreecbd.com\/fr\/wp-json\/wp\/v2\/product"}],"about":[{"href":"https:\/\/thetreecbd.com\/fr\/wp-json\/wp\/v2\/types\/product"}],"version-history":[{"count":0,"href":"https:\/\/thetreecbd.com\/fr\/wp-json\/wp\/v2\/product\/164145\/revisions"}],"wp:featuredmedia":[{"embeddable":true,"href":"https:\/\/thetreecbd.com\/fr\/wp-json\/wp\/v2\/media\/164133"}],"wp:attachment":[{"href":"https:\/\/thetreecbd.com\/fr\/wp-json\/wp\/v2\/media?parent=164145"}],"wp:term":[{"taxonomy":"product_brand","embeddable":true,"href":"https:\/\/thetreecbd.com\/fr\/wp-json\/wp\/v2\/product_brand?post=164145"}],"curies":[{"name":"wp","href":"https:\/\/api.w.org\/{rel}","templated":true}]}}