{"id":167058,"date":"2025-05-28T11:20:53","date_gmt":"2025-05-28T09:20:53","guid":{"rendered":"https:\/\/thetreecbd.com\/?post_type=product&#038;p=167058"},"modified":"2025-06-27T16:00:26","modified_gmt":"2025-06-27T14:00:26","slug":"pack-cbd-green-house","status":"publish","type":"product","link":"https:\/\/thetreecbd.com\/fr\/cbd\/pack-cbd-green-house","title":{"rendered":"Pack CBD Green House \u2013 Ar\u00f4mes intenses et qualit\u00e9 contr\u00f4l\u00e9e"},"content":{"rendered":"<p data-start=\"53\" data-end=\"421\"><strong data-start=\"53\" data-end=\"80\">Le Pack CBD Green House<\/strong> est compos\u00e9 de trois de nos vari\u00e9t\u00e9s les plus repr\u00e9sentatives de fleurs cultiv\u00e9es sous serre. Cette s\u00e9lection s\u2019adresse \u00e0 ceux qui recherchent une exp\u00e9rience de qualit\u00e9 sup\u00e9rieure, avec des t\u00eates aux ar\u00f4mes intenses, cultiv\u00e9es naturellement dans des conditions environnementales contr\u00f4l\u00e9es. Une combinaison id\u00e9ale entre nature et pr\u00e9cision.<\/p>\n<p data-start=\"423\" data-end=\"813\">Ce type de culture, connu sous le nom de <em data-start=\"464\" data-end=\"477\">Green House<\/em>, utilise la lumi\u00e8re du soleil et l\u2019air ext\u00e9rieur comme en culture plein champ, tout en prot\u00e9geant les plantes des facteurs externes et en optimisant leur d\u00e9veloppement. Gr\u00e2ce \u00e0 cela, ces fleurs se distinguent par leur apparence, leur texture et leurs ar\u00f4mes renforc\u00e9s, tout en respectant les normes l\u00e9gales et sans effets psychoactifs.<\/p>\n<p data-start=\"815\" data-end=\"837\"><strong data-start=\"815\" data-end=\"837\">Ce pack contient :<\/strong><\/p>\n<p data-start=\"839\" data-end=\"1163\"><strong data-start=\"839\" data-end=\"875\">Strawberry Green House (CBD 12%)<\/strong><br data-start=\"875\" data-end=\"878\" \/>Une fleur qui s\u00e9duit par son ar\u00f4me fruit\u00e9 et sucr\u00e9, avec des notes de fraise m\u00fbre et une touche l\u00e9g\u00e8rement terreuse. D\u2019aspect compact et r\u00e9sineux, ses t\u00eates affichent des tons vert clair avec des pistils orang\u00e9s. Id\u00e9ale pour ceux qui recherchent un profil aromatique doux et \u00e9quilibr\u00e9.<\/p>\n<p data-start=\"1165\" data-end=\"1486\"><strong data-start=\"1165\" data-end=\"1204\">Skywalker OG Green House (CBD 9,5%)<\/strong><br data-start=\"1204\" data-end=\"1207\" \/>Avec des nuances plus intenses, cette vari\u00e9t\u00e9 offre un ar\u00f4me complexe m\u00ealant des notes terreuses et \u00e9pic\u00e9es, rehauss\u00e9es de touches d\u2019agrumes et d\u2019un fond l\u00e9g\u00e8rement herbac\u00e9. Ses t\u00eates sont denses, riches en trichomes, avec une structure qui rappelle les meilleures g\u00e9n\u00e9tiques OG.<\/p>\n<p data-start=\"1488\" data-end=\"1778\"><strong data-start=\"1488\" data-end=\"1521\">OG Kush Green House (CBD 11%)<\/strong><br data-start=\"1521\" data-end=\"1524\" \/>L\u2019une des vari\u00e9t\u00e9s les plus populaires du march\u00e9. L\u2019OG Kush offre un profil aromatique puissant et p\u00e9n\u00e9trant, avec des notes de pin, d\u2019essence et de citron. Ses t\u00eates compactes et bien form\u00e9es sont un classique parmi les amateurs de chanvre de caract\u00e8re.<\/p>\n<p data-start=\"1780\" data-end=\"2097\"><strong data-start=\"1780\" data-end=\"1824\">Caract\u00e9ristiques du Pack CBD Green House<\/strong><br data-start=\"1824\" data-end=\"1827\" \/>\u2013 Contient 3 vari\u00e9t\u00e9s premium cultiv\u00e9es sous serre<br data-start=\"1877\" data-end=\"1880\" \/>\u2013 Format au choix : 2g ou 5g par vari\u00e9t\u00e9<br data-start=\"1920\" data-end=\"1923\" \/>\u2013 Moins de 0,20 % de THC<br data-start=\"1947\" data-end=\"1950\" \/>\u2013 Sans effet psychoactif<br data-start=\"1974\" data-end=\"1977\" \/>\u2013 Culture biologique sans pesticides<br data-start=\"2013\" data-end=\"2016\" \/>\u2013 Produit l\u00e9gal dans toute l\u2019Europe<br data-start=\"2051\" data-end=\"2054\" \/>\u2013 Riche en terp\u00e8nes naturels<br data-start=\"2082\" data-end=\"2085\" \/>\u2013 Sans OGM<\/p>\n<p data-start=\"2099\" data-end=\"2228\"><strong data-start=\"2099\" data-end=\"2118\">Contenu du pack<\/strong><br data-start=\"2118\" data-end=\"2121\" \/>1 Strawberry Green House (2g \/ 5g)<br data-start=\"2155\" data-end=\"2158\" \/>1 Skywalker OG Green House (2g \/ 5g)<br data-start=\"2194\" data-end=\"2197\" \/>1 OG Kush Green House (2g \/ 5g)<\/p>\n<p data-start=\"2230\" data-end=\"2501\"><strong data-start=\"2230\" data-end=\"2260\">\u00c0 qui s\u2019adresse ce produit<\/strong><br data-start=\"2260\" data-end=\"2263\" \/>Les fleurs de CBD cultiv\u00e9es sous serre sont parfaites pour ceux qui recherchent le meilleur rapport qualit\u00e9\/prix. Elles pr\u00e9sentent une couleur tr\u00e8s verte, une bonne qualit\u00e9, \u00e0 un prix plus accessible que les fleurs cultiv\u00e9es en int\u00e9rieur.<\/p>\n<p data-start=\"2503\" data-end=\"2991\">Aujourd\u2019hui, il existe des serres tr\u00e8s bien \u00e9quip\u00e9es, capables d\u2019\u00e9galer l\u2019efficacit\u00e9 des cultures en int\u00e9rieur. Elles permettent de filtrer la lumi\u00e8re du soleil tout en \u00e9tant soutenues par un \u00e9clairage artificiel, rendant possible jusqu\u2019\u00e0 quatre cycles de culture par an. C\u2019est pourquoi de plus en plus de cultivateurs de CBD optent pour cette solution interm\u00e9diaire : elle permet de contr\u00f4ler le climat, d\u2019\u00e9viter l\u2019agressivit\u00e9 des rayons solaires et d\u2019augmenter la productivit\u00e9 annuelle.<\/p>\n<p data-start=\"2993\" data-end=\"3159\">Du point de vue des acheteurs, les fleurs de serre ou <em data-start=\"3047\" data-end=\"3059\">greenhouse<\/em> sont, comme nous l\u2019avons mentionn\u00e9, le meilleur choix pour une excellente qualit\u00e9 \u00e0 prix abordable.<\/p>\n<p data-start=\"3161\" data-end=\"3415\"><strong data-start=\"3161\" data-end=\"3189\">Informations de s\u00e9curit\u00e9<\/strong><br data-start=\"3189\" data-end=\"3192\" \/>Veuillez noter que les fleurs de CBD de The Tree sont destin\u00e9es \u00e0 un usage d\u00e9coratif, de collection et aromatique. Elles ne doivent pas \u00eatre utilis\u00e9es pendant la grossesse ou l\u2019allaitement. Tenir hors de port\u00e9e des enfants.<\/p>\n<p data-start=\"3417\" data-end=\"3543\">Nos fleurs de CBD peuvent contenir une certaine quantit\u00e9 de THC, toujours inf\u00e9rieure \u00e0 la limite l\u00e9gale de l\u2019UE fix\u00e9e \u00e0 0,2 %.<\/p>\n<p data-start=\"3545\" data-end=\"3774\">Le contenu fourni est uniquement \u00e0 des fins informatives et p\u00e9dagogiques, et ne remplace en aucun cas les conseils m\u00e9dicaux d\u2019un professionnel de sant\u00e9. Nos textes ne visent ni le diagnostic ni le traitement autonome de maladies.<\/p>\n<p data-start=\"3776\" data-end=\"3842\">N\u2019h\u00e9sitez pas \u00e0 nous contacter pour toute question compl\u00e9mentaire.<\/p>\n<p data-start=\"3844\" data-end=\"4107\"><strong data-start=\"3844\" data-end=\"3860\">Conservation<\/strong><br data-start=\"3860\" data-end=\"3863\" \/>Les fleurs de CBD de The Tree doivent id\u00e9alement \u00eatre conserv\u00e9es dans un endroit frais et sec, \u00e0 l\u2019abri de la lumi\u00e8re et des odeurs fortes, afin d\u2019\u00e9viter toute contamination ou d\u00e9gradation. \u00c9viter l\u2019exposition directe au soleil et \u00e0 la chaleur.<\/p>\n<p data-start=\"4109\" data-end=\"4202\"><strong data-start=\"4109\" data-end=\"4124\">Attention :<\/strong> la dur\u00e9e de conservation est d\u2019un mois si le produit est correctement stock\u00e9.<\/p>\n","protected":false},"excerpt":{"rendered":"<p data-start=\"63\" data-end=\"86\"><strong data-start=\"63\" data-end=\"84\">Contenu du pack :<\/strong><\/p>\n<ul data-start=\"87\" data-end=\"202\">\n<li data-start=\"87\" data-end=\"125\">\n<p data-start=\"89\" data-end=\"125\">1 Strawberry Green House (2g \/ 5g)<\/p>\n<\/li>\n<li data-start=\"126\" data-end=\"166\">\n<p data-start=\"128\" data-end=\"166\">1 Skywalker OG Green House (2g \/ 5g)<\/p>\n<\/li>\n<li data-start=\"167\" data-end=\"202\">\n<p data-start=\"169\" data-end=\"202\">1 OG Kush Green House (2g \/ 5g)<\/p>\n<\/li>\n<\/ul>\n<p data-start=\"204\" data-end=\"252\"><strong data-start=\"204\" data-end=\"250\">Caract\u00e9ristiques du Pack CBD Green House :<\/strong><\/p>\n<ul data-start=\"253\" data-end=\"523\">\n<li data-start=\"253\" data-end=\"303\">\n<p data-start=\"255\" data-end=\"303\">Comprend 3 vari\u00e9t\u00e9s premium cultiv\u00e9es en serre<\/p>\n<\/li>\n<li data-start=\"304\" data-end=\"346\">\n<p data-start=\"306\" data-end=\"346\">Format au choix : 2g ou 5g par vari\u00e9t\u00e9<\/p>\n<\/li>\n<li data-start=\"347\" data-end=\"373\">\n<p data-start=\"349\" data-end=\"373\">Moins de 0,20 % de THC<\/p>\n<\/li>\n<li data-start=\"374\" data-end=\"402\">\n<p data-start=\"376\" data-end=\"402\">Sans effets psychoactifs<\/p>\n<\/li>\n<li data-start=\"403\" data-end=\"441\">\n<p data-start=\"405\" data-end=\"441\">Culture biologique sans pesticides<\/p>\n<\/li>\n<li data-start=\"442\" data-end=\"479\">\n<p data-start=\"444\" data-end=\"479\">Produit l\u00e9gal dans toute l\u2019Europe<\/p>\n<\/li>\n<li data-start=\"480\" data-end=\"510\">\n<p data-start=\"482\" data-end=\"510\">Riche en terp\u00e8nes naturels<\/p>\n<\/li>\n<li data-start=\"511\" data-end=\"523\">\n<p data-start=\"513\" data-end=\"523\">Sans OGM<\/p>\n<\/li>\n<\/ul>\n","protected":false},"featured_media":186119,"template":"","meta":{"_acf_changed":false},"product_brand":[],"class_list":{"0":"post-167058","1":"product","2":"type-product","3":"status-publish","4":"has-post-thumbnail","6":"product_cat-green-house","7":"product_cat-fleurs-cbd","8":"product_cat-promotions-cbd","9":"product_cat-packs-cbd","11":"first","12":"outofstock","13":"taxable","14":"shipping-taxable","15":"purchasable","16":"product-type-variable"},"acf":[],"yoast_head":"<!-- This site is optimized with the Yoast SEO plugin v26.3 - https:\/\/yoast.com\/wordpress\/plugins\/seo\/ -->\n<title>Pack CBD Green House \u2013 Ar\u00f4mes intenses et qualit\u00e9 contr\u00f4l\u00e9e - The Tree CBD<\/title>\n<meta name=\"description\" content=\"Le Pack CBD Green House est compos\u00e9 de trois de nos vari\u00e9t\u00e9s les plus repr\u00e9sentatives de fleurs cultiv\u00e9es en serre. Cette s\u00e9lection s\u2019adresse \u00e0 ceux qui recherchent une exp\u00e9rience de qualit\u00e9 sup\u00e9rieure, avec des t\u00eates aux ar\u00f4mes intenses, cultiv\u00e9es naturellement mais sous des conditions environnementales contr\u00f4l\u00e9es. Une combinaison id\u00e9ale entre nature et pr\u00e9cision.\" \/>\n<meta name=\"robots\" content=\"index, follow, max-snippet:-1, max-image-preview:large, max-video-preview:-1\" \/>\n<link rel=\"canonical\" href=\"https:\/\/thetreecbd.com\/fr\/cbd\/pack-cbd-green-house\" \/>\n<meta property=\"og:locale\" content=\"fr_FR\" \/>\n<meta property=\"og:type\" content=\"article\" \/>\n<meta property=\"og:title\" content=\"Pack CBD Green House \u2013 Ar\u00f4mes intenses et qualit\u00e9 contr\u00f4l\u00e9e - The Tree CBD\" \/>\n<meta property=\"og:description\" content=\"Le Pack CBD Green House est compos\u00e9 de trois de nos vari\u00e9t\u00e9s les plus repr\u00e9sentatives de fleurs cultiv\u00e9es en serre. Cette s\u00e9lection s\u2019adresse \u00e0 ceux qui recherchent une exp\u00e9rience de qualit\u00e9 sup\u00e9rieure, avec des t\u00eates aux ar\u00f4mes intenses, cultiv\u00e9es naturellement mais sous des conditions environnementales contr\u00f4l\u00e9es. Une combinaison id\u00e9ale entre nature et pr\u00e9cision.\" \/>\n<meta property=\"og:url\" content=\"https:\/\/thetreecbd.com\/fr\/cbd\/pack-cbd-green-house\" \/>\n<meta property=\"og:site_name\" content=\"The Tree CBD\" \/>\n<meta property=\"article:publisher\" content=\"https:\/\/www.facebook.com\/thetreeCBD\/\" \/>\n<meta property=\"article:modified_time\" content=\"2025-06-27T14:00:26+00:00\" \/>\n<meta property=\"og:image\" content=\"https:\/\/thetreecbd.com\/wp-content\/uploads\/2025\/05\/st-sw-ogkush0pack.png\" \/>\n\t<meta property=\"og:image:width\" content=\"1080\" \/>\n\t<meta property=\"og:image:height\" content=\"1350\" \/>\n\t<meta property=\"og:image:type\" content=\"image\/png\" \/>\n<meta name=\"twitter:card\" content=\"summary_large_image\" \/>\n<meta name=\"twitter:site\" content=\"@TheTreeCBD_EU\" \/>\n<meta name=\"twitter:label1\" content=\"Dur\u00e9e de lecture estim\u00e9e\" \/>\n\t<meta name=\"twitter:data1\" content=\"4 minutes\" \/>\n<script type=\"application\/ld+json\" class=\"yoast-schema-graph\">{\"@context\":\"https:\/\/schema.org\",\"@graph\":[{\"@type\":[\"WebPage\",\"ItemPage\"],\"@id\":\"https:\/\/thetreecbd.com\/fr\/cbd\/pack-cbd-green-house\",\"url\":\"https:\/\/thetreecbd.com\/fr\/cbd\/pack-cbd-green-house\",\"name\":\"Pack CBD Green House \u2013 Ar\u00f4mes intenses et qualit\u00e9 contr\u00f4l\u00e9e - The Tree CBD\",\"isPartOf\":{\"@id\":\"https:\/\/thetreecbd.com\/fr#website\"},\"primaryImageOfPage\":{\"@id\":\"https:\/\/thetreecbd.com\/fr\/cbd\/pack-cbd-green-house#primaryimage\"},\"image\":{\"@id\":\"https:\/\/thetreecbd.com\/fr\/cbd\/pack-cbd-green-house#primaryimage\"},\"thumbnailUrl\":\"https:\/\/thetreecbd.com\/wp-content\/uploads\/2025\/05\/pack-greenhousex3-thetree-web.jpg\",\"datePublished\":\"2025-05-28T09:20:53+00:00\",\"dateModified\":\"2025-06-27T14:00:26+00:00\",\"description\":\"Le Pack CBD Green House est compos\u00e9 de trois de nos vari\u00e9t\u00e9s les plus repr\u00e9sentatives de fleurs cultiv\u00e9es en serre. Cette s\u00e9lection s\u2019adresse \u00e0 ceux qui recherchent une exp\u00e9rience de qualit\u00e9 sup\u00e9rieure, avec des t\u00eates aux ar\u00f4mes intenses, cultiv\u00e9es naturellement mais sous des conditions environnementales contr\u00f4l\u00e9es. Une combinaison id\u00e9ale entre nature et pr\u00e9cision.\",\"breadcrumb\":{\"@id\":\"https:\/\/thetreecbd.com\/fr\/cbd\/pack-cbd-green-house#breadcrumb\"},\"inLanguage\":\"fr-FR\",\"potentialAction\":[{\"@type\":\"ReadAction\",\"target\":[\"https:\/\/thetreecbd.com\/fr\/cbd\/pack-cbd-green-house\"]}]},{\"@type\":\"ImageObject\",\"inLanguage\":\"fr-FR\",\"@id\":\"https:\/\/thetreecbd.com\/fr\/cbd\/pack-cbd-green-house#primaryimage\",\"url\":\"https:\/\/thetreecbd.com\/wp-content\/uploads\/2025\/05\/pack-greenhousex3-thetree-web.jpg\",\"contentUrl\":\"https:\/\/thetreecbd.com\/wp-content\/uploads\/2025\/05\/pack-greenhousex3-thetree-web.jpg\",\"width\":1080,\"height\":1350},{\"@type\":\"BreadcrumbList\",\"@id\":\"https:\/\/thetreecbd.com\/fr\/cbd\/pack-cbd-green-house#breadcrumb\",\"itemListElement\":[{\"@type\":\"ListItem\",\"position\":1,\"name\":\"The Tree\",\"item\":\"https:\/\/thetreecbd.com\/fr\"},{\"@type\":\"ListItem\",\"position\":2,\"name\":\"CBD\",\"item\":\"https:\/\/thetreecbd.com\/es\/cbd\"},{\"@type\":\"ListItem\",\"position\":3,\"name\":\"Packs CBD\",\"item\":\"https:\/\/thetreecbd.com\/fr\/packs-cbd\"},{\"@type\":\"ListItem\",\"position\":4,\"name\":\"Pack CBD Green House \u2013 Ar\u00f4mes intenses et qualit\u00e9 contr\u00f4l\u00e9e\"}]},{\"@type\":\"WebSite\",\"@id\":\"https:\/\/thetreecbd.com\/fr#website\",\"url\":\"https:\/\/thetreecbd.com\/fr\",\"name\":\"The Tree CBD\",\"description\":\"Comprar CBD en Espa\u00f1a Online\",\"publisher\":{\"@id\":\"https:\/\/thetreecbd.com\/fr#organization\"},\"potentialAction\":[{\"@type\":\"SearchAction\",\"target\":{\"@type\":\"EntryPoint\",\"urlTemplate\":\"https:\/\/thetreecbd.com\/fr?s={search_term_string}\"},\"query-input\":{\"@type\":\"PropertyValueSpecification\",\"valueRequired\":true,\"valueName\":\"search_term_string\"}}],\"inLanguage\":\"fr-FR\"},{\"@type\":\"Organization\",\"@id\":\"https:\/\/thetreecbd.com\/fr#organization\",\"name\":\"The Tree CBD\",\"url\":\"https:\/\/thetreecbd.com\/fr\",\"logo\":{\"@type\":\"ImageObject\",\"inLanguage\":\"fr-FR\",\"@id\":\"https:\/\/thetreecbd.com\/fr#\/schema\/logo\/image\/\",\"url\":\"https:\/\/thetreecbd.com\/wp-content\/uploads\/2022\/04\/logo-thetree.png\",\"contentUrl\":\"https:\/\/thetreecbd.com\/wp-content\/uploads\/2022\/04\/logo-thetree.png\",\"width\":172,\"height\":55,\"caption\":\"The Tree CBD\"},\"image\":{\"@id\":\"https:\/\/thetreecbd.com\/fr#\/schema\/logo\/image\/\"},\"sameAs\":[\"https:\/\/www.facebook.com\/thetreeCBD\/\",\"https:\/\/x.com\/TheTreeCBD_EU\",\"https:\/\/www.instagram.com\/thetree.cbd\/\",\"https:\/\/es.trustpilot.com\/review\/thetreecbd.com\"]}]}<\/script>\n<!-- \/ Yoast SEO plugin. -->","yoast_head_json":{"title":"Pack CBD Green House \u2013 Ar\u00f4mes intenses et qualit\u00e9 contr\u00f4l\u00e9e - The Tree CBD","description":"Le Pack CBD Green House est compos\u00e9 de trois de nos vari\u00e9t\u00e9s les plus repr\u00e9sentatives de fleurs cultiv\u00e9es en serre. Cette s\u00e9lection s\u2019adresse \u00e0 ceux qui recherchent une exp\u00e9rience de qualit\u00e9 sup\u00e9rieure, avec des t\u00eates aux ar\u00f4mes intenses, cultiv\u00e9es naturellement mais sous des conditions environnementales contr\u00f4l\u00e9es. Une combinaison id\u00e9ale entre nature et pr\u00e9cision.","robots":{"index":"index","follow":"follow","max-snippet":"max-snippet:-1","max-image-preview":"max-image-preview:large","max-video-preview":"max-video-preview:-1"},"canonical":"https:\/\/thetreecbd.com\/fr\/cbd\/pack-cbd-green-house","og_locale":"fr_FR","og_type":"article","og_title":"Pack CBD Green House \u2013 Ar\u00f4mes intenses et qualit\u00e9 contr\u00f4l\u00e9e - The Tree CBD","og_description":"Le Pack CBD Green House est compos\u00e9 de trois de nos vari\u00e9t\u00e9s les plus repr\u00e9sentatives de fleurs cultiv\u00e9es en serre. Cette s\u00e9lection s\u2019adresse \u00e0 ceux qui recherchent une exp\u00e9rience de qualit\u00e9 sup\u00e9rieure, avec des t\u00eates aux ar\u00f4mes intenses, cultiv\u00e9es naturellement mais sous des conditions environnementales contr\u00f4l\u00e9es. Une combinaison id\u00e9ale entre nature et pr\u00e9cision.","og_url":"https:\/\/thetreecbd.com\/fr\/cbd\/pack-cbd-green-house","og_site_name":"The Tree CBD","article_publisher":"https:\/\/www.facebook.com\/thetreeCBD\/","article_modified_time":"2025-06-27T14:00:26+00:00","og_image":[{"width":1080,"height":1350,"url":"https:\/\/thetreecbd.com\/wp-content\/uploads\/2025\/05\/st-sw-ogkush0pack.png","type":"image\/png"}],"twitter_card":"summary_large_image","twitter_site":"@TheTreeCBD_EU","twitter_misc":{"Dur\u00e9e de lecture estim\u00e9e":"4 minutes"},"schema":{"@context":"https:\/\/schema.org","@graph":[{"@type":["WebPage","ItemPage"],"@id":"https:\/\/thetreecbd.com\/fr\/cbd\/pack-cbd-green-house","url":"https:\/\/thetreecbd.com\/fr\/cbd\/pack-cbd-green-house","name":"Pack CBD Green House \u2013 Ar\u00f4mes intenses et qualit\u00e9 contr\u00f4l\u00e9e - The Tree CBD","isPartOf":{"@id":"https:\/\/thetreecbd.com\/fr#website"},"primaryImageOfPage":{"@id":"https:\/\/thetreecbd.com\/fr\/cbd\/pack-cbd-green-house#primaryimage"},"image":{"@id":"https:\/\/thetreecbd.com\/fr\/cbd\/pack-cbd-green-house#primaryimage"},"thumbnailUrl":"https:\/\/thetreecbd.com\/wp-content\/uploads\/2025\/05\/pack-greenhousex3-thetree-web.jpg","datePublished":"2025-05-28T09:20:53+00:00","dateModified":"2025-06-27T14:00:26+00:00","description":"Le Pack CBD Green House est compos\u00e9 de trois de nos vari\u00e9t\u00e9s les plus repr\u00e9sentatives de fleurs cultiv\u00e9es en serre. Cette s\u00e9lection s\u2019adresse \u00e0 ceux qui recherchent une exp\u00e9rience de qualit\u00e9 sup\u00e9rieure, avec des t\u00eates aux ar\u00f4mes intenses, cultiv\u00e9es naturellement mais sous des conditions environnementales contr\u00f4l\u00e9es. Une combinaison id\u00e9ale entre nature et pr\u00e9cision.","breadcrumb":{"@id":"https:\/\/thetreecbd.com\/fr\/cbd\/pack-cbd-green-house#breadcrumb"},"inLanguage":"fr-FR","potentialAction":[{"@type":"ReadAction","target":["https:\/\/thetreecbd.com\/fr\/cbd\/pack-cbd-green-house"]}]},{"@type":"ImageObject","inLanguage":"fr-FR","@id":"https:\/\/thetreecbd.com\/fr\/cbd\/pack-cbd-green-house#primaryimage","url":"https:\/\/thetreecbd.com\/wp-content\/uploads\/2025\/05\/pack-greenhousex3-thetree-web.jpg","contentUrl":"https:\/\/thetreecbd.com\/wp-content\/uploads\/2025\/05\/pack-greenhousex3-thetree-web.jpg","width":1080,"height":1350},{"@type":"BreadcrumbList","@id":"https:\/\/thetreecbd.com\/fr\/cbd\/pack-cbd-green-house#breadcrumb","itemListElement":[{"@type":"ListItem","position":1,"name":"The Tree","item":"https:\/\/thetreecbd.com\/fr"},{"@type":"ListItem","position":2,"name":"CBD","item":"https:\/\/thetreecbd.com\/es\/cbd"},{"@type":"ListItem","position":3,"name":"Packs CBD","item":"https:\/\/thetreecbd.com\/fr\/packs-cbd"},{"@type":"ListItem","position":4,"name":"Pack CBD Green House \u2013 Ar\u00f4mes intenses et qualit\u00e9 contr\u00f4l\u00e9e"}]},{"@type":"WebSite","@id":"https:\/\/thetreecbd.com\/fr#website","url":"https:\/\/thetreecbd.com\/fr","name":"The Tree CBD","description":"Comprar CBD en Espa\u00f1a Online","publisher":{"@id":"https:\/\/thetreecbd.com\/fr#organization"},"potentialAction":[{"@type":"SearchAction","target":{"@type":"EntryPoint","urlTemplate":"https:\/\/thetreecbd.com\/fr?s={search_term_string}"},"query-input":{"@type":"PropertyValueSpecification","valueRequired":true,"valueName":"search_term_string"}}],"inLanguage":"fr-FR"},{"@type":"Organization","@id":"https:\/\/thetreecbd.com\/fr#organization","name":"The Tree CBD","url":"https:\/\/thetreecbd.com\/fr","logo":{"@type":"ImageObject","inLanguage":"fr-FR","@id":"https:\/\/thetreecbd.com\/fr#\/schema\/logo\/image\/","url":"https:\/\/thetreecbd.com\/wp-content\/uploads\/2022\/04\/logo-thetree.png","contentUrl":"https:\/\/thetreecbd.com\/wp-content\/uploads\/2022\/04\/logo-thetree.png","width":172,"height":55,"caption":"The Tree CBD"},"image":{"@id":"https:\/\/thetreecbd.com\/fr#\/schema\/logo\/image\/"},"sameAs":["https:\/\/www.facebook.com\/thetreeCBD\/","https:\/\/x.com\/TheTreeCBD_EU","https:\/\/www.instagram.com\/thetree.cbd\/","https:\/\/es.trustpilot.com\/review\/thetreecbd.com"]}]}},"_links":{"self":[{"href":"https:\/\/thetreecbd.com\/fr\/wp-json\/wp\/v2\/product\/167058","targetHints":{"allow":["GET"]}}],"collection":[{"href":"https:\/\/thetreecbd.com\/fr\/wp-json\/wp\/v2\/product"}],"about":[{"href":"https:\/\/thetreecbd.com\/fr\/wp-json\/wp\/v2\/types\/product"}],"version-history":[{"count":0,"href":"https:\/\/thetreecbd.com\/fr\/wp-json\/wp\/v2\/product\/167058\/revisions"}],"wp:featuredmedia":[{"embeddable":true,"href":"https:\/\/thetreecbd.com\/fr\/wp-json\/wp\/v2\/media\/186119"}],"wp:attachment":[{"href":"https:\/\/thetreecbd.com\/fr\/wp-json\/wp\/v2\/media?parent=167058"}],"wp:term":[{"taxonomy":"product_brand","embeddable":true,"href":"https:\/\/thetreecbd.com\/fr\/wp-json\/wp\/v2\/product_brand?post=167058"}],"curies":[{"name":"wp","href":"https:\/\/api.w.org\/{rel}","templated":true}]}}