{"id":167073,"date":"2025-05-30T16:51:39","date_gmt":"2025-05-30T14:51:39","guid":{"rendered":"https:\/\/thetreecbd.com\/?post_type=product&#038;p=167073"},"modified":"2025-06-27T15:38:58","modified_gmt":"2025-06-27T13:38:58","slug":"pack-skywalker-og-cbd","status":"publish","type":"product","link":"https:\/\/thetreecbd.com\/fr\/cbd\/pack-skywalker-og-cbd","title":{"rendered":"Pack Skywalker OG CBD \u2013 Achetez 2 et recevez-en 3"},"content":{"rendered":"<p data-start=\"86\" data-end=\"378\"><strong data-start=\"86\" data-end=\"378\">Pr\u00e9parez-vous \u00e0 d\u00e9coller avec le Pack Skywalker OG CBD : une offre pens\u00e9e pour les amateurs de chanvre de qualit\u00e9. En achetant 2 unit\u00e9s de cette vari\u00e9t\u00e9 \u00e9toile, nous vous offrons la troisi\u00e8me enti\u00e8rement gratuite. Une opportunit\u00e9 parfaite pour profiter davantage, tout en d\u00e9pensant moins.<\/strong><\/p>\n<p data-start=\"380\" data-end=\"571\">Skywalker OG CBD est une g\u00e9n\u00e9tique hybride indica, issue du croisement entre Blueberry et Mazar I Sharif, reconnue pour son profil aromatique unique et son apparence visuelle impressionnante.<\/p>\n<p data-start=\"573\" data-end=\"606\"><strong data-start=\"573\" data-end=\"606\">Ar\u00f4me intense, effet relaxant<\/strong><\/p>\n<p data-start=\"608\" data-end=\"865\">Avec un ar\u00f4me doux, terreux et l\u00e9g\u00e8rement fruit\u00e9, Skywalker OG CBD vous transporte dans une autre dimension sensorielle. Sa combinaison de notes herbac\u00e9es et \u00e9pic\u00e9es, avec un fond bois\u00e9 et fruit\u00e9, fait de cette fleur un incontournable dans toute collection.<\/p>\n<p data-start=\"867\" data-end=\"1074\">Son taux de 9,5 % de CBD et son h\u00e9ritage indica (80 % indica \/ 20 % sativa) en font une option id\u00e9ale pour ceux qui recherchent une exp\u00e9rience profond\u00e9ment relaxante et sensorielle, sans effets psychoactifs.<\/p>\n<p data-start=\"1076\" data-end=\"1115\"><strong data-start=\"1076\" data-end=\"1115\">Culture naturelle, qualit\u00e9 garantie<\/strong><\/p>\n<p data-start=\"1117\" data-end=\"1381\">Comme toutes nos fleurs, Skywalker OG CBD est cultiv\u00e9e de fa\u00e7on biologique en serre, sans pesticides, additifs ni organismes g\u00e9n\u00e9tiquement modifi\u00e9s. L\u00e9gale dans toute l\u2019Europe, avec moins de 0,20 % de THC, elle respecte toutes les normes de qualit\u00e9 et de s\u00e9curit\u00e9.<\/p>\n<p data-start=\"1383\" data-end=\"1428\"><strong data-start=\"1383\" data-end=\"1428\">Caract\u00e9ristiques du Pack Skywalker OG CBD<\/strong><\/p>\n<ul data-start=\"1430\" data-end=\"1727\">\n<li data-start=\"1430\" data-end=\"1489\">\n<p data-start=\"1432\" data-end=\"1489\">Comprend 3 unit\u00e9s de Skywalker OG (vous ne payez que 2 !)<\/p>\n<\/li>\n<li data-start=\"1490\" data-end=\"1504\">\n<p data-start=\"1492\" data-end=\"1504\">9,5 % de CBD<\/p>\n<\/li>\n<li data-start=\"1505\" data-end=\"1529\">\n<p data-start=\"1507\" data-end=\"1529\">Moins de 0,20 % de THC<\/p>\n<\/li>\n<li data-start=\"1530\" data-end=\"1586\">\n<p data-start=\"1532\" data-end=\"1586\">G\u00e9n\u00e9tique : hybride indica (80 % indica \/ 20 % sativa)<\/p>\n<\/li>\n<li data-start=\"1587\" data-end=\"1628\">\n<p data-start=\"1589\" data-end=\"1628\">Ar\u00f4me : doux, terreux, herbac\u00e9 et \u00e9pic\u00e9<\/p>\n<\/li>\n<li data-start=\"1629\" data-end=\"1664\">\n<p data-start=\"1631\" data-end=\"1664\">Cultiv\u00e9e en serre sans pesticides<\/p>\n<\/li>\n<li data-start=\"1665\" data-end=\"1691\">\n<p data-start=\"1667\" data-end=\"1691\">Sans effets psychoactifs<\/p>\n<\/li>\n<li data-start=\"1692\" data-end=\"1727\">\n<p data-start=\"1694\" data-end=\"1727\">Produit l\u00e9gal dans toute l\u2019Europe<\/p>\n<\/li>\n<\/ul>\n<p data-start=\"1729\" data-end=\"1832\">Ne ratez pas cette offre limit\u00e9e : achetez 2 unit\u00e9s et recevez-en 3 d\u2019une fleur qui a tout pour plaire.<\/p>\n<p data-start=\"1834\" data-end=\"1850\"><strong data-start=\"1834\" data-end=\"1850\">Public cible<\/strong><\/p>\n<p data-start=\"1852\" data-end=\"2064\">Les fleurs de CBD cultiv\u00e9es en serre sont parfaites pour ceux qui cherchent le meilleur rapport qualit\u00e9-prix, offrant une couleur tr\u00e8s verte, une bonne qualit\u00e9, \u00e0 un prix inf\u00e9rieur \u00e0 celui des fleurs d\u2019int\u00e9rieur.<\/p>\n<p data-start=\"2066\" data-end=\"2610\">Aujourd\u2019hui, il existe des serres tr\u00e8s bien \u00e9quip\u00e9es qui peuvent \u00eatre aussi efficaces qu\u2019une culture en int\u00e9rieur, tout en conservant la capacit\u00e9 de filtrer la lumi\u00e8re solaire, et m\u00eame avec un \u00e9clairage d\u2019appoint, permettant ainsi de maintenir la culture toute l\u2019ann\u00e9e avec jusqu\u2019\u00e0 quatre cycles. Ainsi, les cultivateurs de CBD optent de plus en plus pour cette solution interm\u00e9diaire, car ils peuvent contr\u00f4ler le climat, les rayons du soleil sont moins agressifs pour la plante, et ils peuvent augmenter la production tout au long de l\u2019ann\u00e9e.<\/p>\n<p data-start=\"2612\" data-end=\"2802\">Du point de vue des acheteurs, les fleurs de serre ou \u00ab greenhouse \u00bb sont donc, comme mentionn\u00e9 pr\u00e9c\u00e9demment, la meilleure option pour ceux qui recherchent un excellent rapport qualit\u00e9\/prix.<\/p>\n<p data-start=\"2804\" data-end=\"2832\"><strong data-start=\"2804\" data-end=\"2832\">Informations de s\u00e9curit\u00e9<\/strong><\/p>\n<p data-start=\"2834\" data-end=\"3044\">Veuillez noter que les fleurs de CBD The Tree sont un produit d\u00e9coratif, de collection et aromatique. Elles ne doivent pas \u00eatre utilis\u00e9es pendant la grossesse ou l\u2019allaitement. Tenir hors de port\u00e9e des enfants.<\/p>\n<p data-start=\"3046\" data-end=\"3184\">Nos fleurs de CBD peuvent contenir une certaine quantit\u00e9 de THC. Bien s\u00fbr, celle-ci est inf\u00e9rieure \u00e0 la limite europ\u00e9enne de 0,2 % de THC.<\/p>\n<p data-start=\"3186\" data-end=\"3427\">Le contenu fourni est uniquement \u00e0 des fins d\u2019information et de formation et ne remplace en aucun cas les conseils m\u00e9dicaux d\u2019un m\u00e9decin ou d\u2019un pharmacien. Nos textes ne sont pas destin\u00e9s au diagnostic ni au traitement autonome de maladies.<\/p>\n<p data-start=\"3429\" data-end=\"3492\">N\u2019h\u00e9sitez pas \u00e0 nous contacter si vous avez d\u2019autres questions.<\/p>\n<p data-start=\"3494\" data-end=\"3510\"><strong data-start=\"3494\" data-end=\"3510\">Conservation<\/strong><\/p>\n<p data-start=\"3512\" data-end=\"3749\">Id\u00e9alement, les fleurs de CBD The Tree doivent \u00eatre conserv\u00e9es dans un endroit frais et sec, \u00e0 l\u2019abri de la lumi\u00e8re et des odeurs fortes afin d\u2019\u00e9viter toute contamination ou d\u00e9gradation. \u00c9vitez la lumi\u00e8re directe du soleil et la chaleur.<\/p>\n<p data-start=\"3751\" data-end=\"3838\">Attention : la dur\u00e9e de vie indiqu\u00e9e est d\u2019un mois si elles sont correctement stock\u00e9es.<\/p>\n","protected":false},"excerpt":{"rendered":"<p data-start=\"93\" data-end=\"138\"><strong data-start=\"93\" data-end=\"138\">Caract\u00e9ristiques du Pack Skywalker OG CBD<\/strong><\/p>\n<ul data-start=\"140\" data-end=\"453\">\n<li data-start=\"140\" data-end=\"201\">\n<p data-start=\"142\" data-end=\"201\">Comprend 3 unit\u00e9s de Skywalker OG (vous ne payez que 2 !)<\/p>\n<\/li>\n<li data-start=\"202\" data-end=\"218\">\n<p data-start=\"204\" data-end=\"218\">9,5 % de CBD<\/p>\n<\/li>\n<li data-start=\"219\" data-end=\"245\">\n<p data-start=\"221\" data-end=\"245\">Moins de 0,20 % de THC<\/p>\n<\/li>\n<li data-start=\"246\" data-end=\"304\">\n<p data-start=\"248\" data-end=\"304\">G\u00e9n\u00e9tique : hybride indica (80 % indica \/ 20 % sativa)<\/p>\n<\/li>\n<li data-start=\"305\" data-end=\"348\">\n<p data-start=\"307\" data-end=\"348\">Ar\u00f4me : doux, terreux, herbac\u00e9 et \u00e9pic\u00e9<\/p>\n<\/li>\n<li data-start=\"349\" data-end=\"386\">\n<p data-start=\"351\" data-end=\"386\">Cultiv\u00e9e en serre sans pesticides<\/p>\n<\/li>\n<li data-start=\"387\" data-end=\"415\">\n<p data-start=\"389\" data-end=\"415\">Sans effets psychoactifs<\/p>\n<\/li>\n<li data-start=\"416\" data-end=\"453\">\n<p data-start=\"418\" data-end=\"453\">Produit l\u00e9gal dans toute l\u2019Europe<\/p>\n<\/li>\n<\/ul>\n","protected":false},"featured_media":186089,"template":"","meta":{"_acf_changed":false},"product_brand":[],"class_list":{"0":"post-167073","1":"product","2":"type-product","3":"status-publish","4":"has-post-thumbnail","6":"product_cat-green-house","7":"product_cat-fleurs-cbd","8":"product_cat-promotions-cbd","9":"product_cat-packs-cbd","11":"first","12":"instock","13":"taxable","14":"shipping-taxable","15":"purchasable","16":"product-type-variable"},"acf":[],"yoast_head":"<!-- This site is optimized with the Yoast SEO plugin v26.3 - https:\/\/yoast.com\/wordpress\/plugins\/seo\/ -->\n<title>Pack Skywalker OG CBD \u2013 Achetez 2 et recevez-en 3 | The Tree CBD.<\/title>\n<meta name=\"description\" content=\"Pr\u00e9parez-vous \u00e0 d\u00e9coller avec le Pack Skywalker OG CBD : une offre pens\u00e9e pour les amateurs de chanvre de qualit\u00e9. En achetant 2 unit\u00e9s de cette vari\u00e9t\u00e9 \u00e9toile, nous vous offrons la troisi\u00e8me totalement gratuite. Une occasion parfaite pour profiter plus, pour moins.\" \/>\n<meta name=\"robots\" content=\"index, follow, max-snippet:-1, max-image-preview:large, max-video-preview:-1\" \/>\n<link rel=\"canonical\" href=\"https:\/\/thetreecbd.com\/fr\/cbd\/pack-skywalker-og-cbd\" \/>\n<meta property=\"og:locale\" content=\"fr_FR\" \/>\n<meta property=\"og:type\" content=\"article\" \/>\n<meta property=\"og:title\" content=\"Pack Skywalker OG CBD \u2013 Achetez 2 et recevez-en 3 | The Tree CBD.\" \/>\n<meta property=\"og:description\" content=\"Pr\u00e9parez-vous \u00e0 d\u00e9coller avec le Pack Skywalker OG CBD : une offre pens\u00e9e pour les amateurs de chanvre de qualit\u00e9. En achetant 2 unit\u00e9s de cette vari\u00e9t\u00e9 \u00e9toile, nous vous offrons la troisi\u00e8me totalement gratuite. Une occasion parfaite pour profiter plus, pour moins.\" \/>\n<meta property=\"og:url\" content=\"https:\/\/thetreecbd.com\/fr\/cbd\/pack-skywalker-og-cbd\" \/>\n<meta property=\"og:site_name\" content=\"The Tree CBD\" \/>\n<meta property=\"article:publisher\" content=\"https:\/\/www.facebook.com\/thetreeCBD\/\" \/>\n<meta property=\"article:modified_time\" content=\"2025-06-27T13:38:58+00:00\" \/>\n<meta property=\"og:image\" content=\"https:\/\/thetreecbd.com\/wp-content\/uploads\/2025\/05\/sky-walker-pack.png\" \/>\n\t<meta property=\"og:image:width\" content=\"1080\" \/>\n\t<meta property=\"og:image:height\" content=\"1350\" \/>\n\t<meta property=\"og:image:type\" content=\"image\/png\" \/>\n<meta name=\"twitter:card\" content=\"summary_large_image\" \/>\n<meta name=\"twitter:site\" content=\"@TheTreeCBD_EU\" \/>\n<meta name=\"twitter:label1\" content=\"Dur\u00e9e de lecture estim\u00e9e\" \/>\n\t<meta name=\"twitter:data1\" content=\"3 minutes\" \/>\n<script type=\"application\/ld+json\" class=\"yoast-schema-graph\">{\"@context\":\"https:\/\/schema.org\",\"@graph\":[{\"@type\":[\"WebPage\",\"ItemPage\"],\"@id\":\"https:\/\/thetreecbd.com\/fr\/cbd\/pack-skywalker-og-cbd\",\"url\":\"https:\/\/thetreecbd.com\/fr\/cbd\/pack-skywalker-og-cbd\",\"name\":\"Pack Skywalker OG CBD \u2013 Achetez 2 et recevez-en 3 | The Tree CBD.\",\"isPartOf\":{\"@id\":\"https:\/\/thetreecbd.com\/fr#website\"},\"primaryImageOfPage\":{\"@id\":\"https:\/\/thetreecbd.com\/fr\/cbd\/pack-skywalker-og-cbd#primaryimage\"},\"image\":{\"@id\":\"https:\/\/thetreecbd.com\/fr\/cbd\/pack-skywalker-og-cbd#primaryimage\"},\"thumbnailUrl\":\"https:\/\/thetreecbd.com\/wp-content\/uploads\/2025\/05\/packs-ogskywalker-thetree-web.jpg\",\"datePublished\":\"2025-05-30T14:51:39+00:00\",\"dateModified\":\"2025-06-27T13:38:58+00:00\",\"description\":\"Pr\u00e9parez-vous \u00e0 d\u00e9coller avec le Pack Skywalker OG CBD : une offre pens\u00e9e pour les amateurs de chanvre de qualit\u00e9. En achetant 2 unit\u00e9s de cette vari\u00e9t\u00e9 \u00e9toile, nous vous offrons la troisi\u00e8me totalement gratuite. Une occasion parfaite pour profiter plus, pour moins.\",\"breadcrumb\":{\"@id\":\"https:\/\/thetreecbd.com\/fr\/cbd\/pack-skywalker-og-cbd#breadcrumb\"},\"inLanguage\":\"fr-FR\",\"potentialAction\":[{\"@type\":\"ReadAction\",\"target\":[\"https:\/\/thetreecbd.com\/fr\/cbd\/pack-skywalker-og-cbd\"]}]},{\"@type\":\"ImageObject\",\"inLanguage\":\"fr-FR\",\"@id\":\"https:\/\/thetreecbd.com\/fr\/cbd\/pack-skywalker-og-cbd#primaryimage\",\"url\":\"https:\/\/thetreecbd.com\/wp-content\/uploads\/2025\/05\/packs-ogskywalker-thetree-web.jpg\",\"contentUrl\":\"https:\/\/thetreecbd.com\/wp-content\/uploads\/2025\/05\/packs-ogskywalker-thetree-web.jpg\",\"width\":1080,\"height\":1350},{\"@type\":\"BreadcrumbList\",\"@id\":\"https:\/\/thetreecbd.com\/fr\/cbd\/pack-skywalker-og-cbd#breadcrumb\",\"itemListElement\":[{\"@type\":\"ListItem\",\"position\":1,\"name\":\"The Tree\",\"item\":\"https:\/\/thetreecbd.com\/fr\"},{\"@type\":\"ListItem\",\"position\":2,\"name\":\"CBD\",\"item\":\"https:\/\/thetreecbd.com\/es\/cbd\"},{\"@type\":\"ListItem\",\"position\":3,\"name\":\"Packs CBD\",\"item\":\"https:\/\/thetreecbd.com\/fr\/packs-cbd\"},{\"@type\":\"ListItem\",\"position\":4,\"name\":\"Pack Skywalker OG CBD \u2013 Achetez 2 et recevez-en 3\"}]},{\"@type\":\"WebSite\",\"@id\":\"https:\/\/thetreecbd.com\/fr#website\",\"url\":\"https:\/\/thetreecbd.com\/fr\",\"name\":\"The Tree CBD\",\"description\":\"Comprar CBD en Espa\u00f1a Online\",\"publisher\":{\"@id\":\"https:\/\/thetreecbd.com\/fr#organization\"},\"potentialAction\":[{\"@type\":\"SearchAction\",\"target\":{\"@type\":\"EntryPoint\",\"urlTemplate\":\"https:\/\/thetreecbd.com\/fr?s={search_term_string}\"},\"query-input\":{\"@type\":\"PropertyValueSpecification\",\"valueRequired\":true,\"valueName\":\"search_term_string\"}}],\"inLanguage\":\"fr-FR\"},{\"@type\":\"Organization\",\"@id\":\"https:\/\/thetreecbd.com\/fr#organization\",\"name\":\"The Tree CBD\",\"url\":\"https:\/\/thetreecbd.com\/fr\",\"logo\":{\"@type\":\"ImageObject\",\"inLanguage\":\"fr-FR\",\"@id\":\"https:\/\/thetreecbd.com\/fr#\/schema\/logo\/image\/\",\"url\":\"https:\/\/thetreecbd.com\/wp-content\/uploads\/2022\/04\/logo-thetree.png\",\"contentUrl\":\"https:\/\/thetreecbd.com\/wp-content\/uploads\/2022\/04\/logo-thetree.png\",\"width\":172,\"height\":55,\"caption\":\"The Tree CBD\"},\"image\":{\"@id\":\"https:\/\/thetreecbd.com\/fr#\/schema\/logo\/image\/\"},\"sameAs\":[\"https:\/\/www.facebook.com\/thetreeCBD\/\",\"https:\/\/x.com\/TheTreeCBD_EU\",\"https:\/\/www.instagram.com\/thetree.cbd\/\",\"https:\/\/es.trustpilot.com\/review\/thetreecbd.com\"]}]}<\/script>\n<!-- \/ Yoast SEO plugin. -->","yoast_head_json":{"title":"Pack Skywalker OG CBD \u2013 Achetez 2 et recevez-en 3 | The Tree CBD.","description":"Pr\u00e9parez-vous \u00e0 d\u00e9coller avec le Pack Skywalker OG CBD : une offre pens\u00e9e pour les amateurs de chanvre de qualit\u00e9. En achetant 2 unit\u00e9s de cette vari\u00e9t\u00e9 \u00e9toile, nous vous offrons la troisi\u00e8me totalement gratuite. Une occasion parfaite pour profiter plus, pour moins.","robots":{"index":"index","follow":"follow","max-snippet":"max-snippet:-1","max-image-preview":"max-image-preview:large","max-video-preview":"max-video-preview:-1"},"canonical":"https:\/\/thetreecbd.com\/fr\/cbd\/pack-skywalker-og-cbd","og_locale":"fr_FR","og_type":"article","og_title":"Pack Skywalker OG CBD \u2013 Achetez 2 et recevez-en 3 | The Tree CBD.","og_description":"Pr\u00e9parez-vous \u00e0 d\u00e9coller avec le Pack Skywalker OG CBD : une offre pens\u00e9e pour les amateurs de chanvre de qualit\u00e9. En achetant 2 unit\u00e9s de cette vari\u00e9t\u00e9 \u00e9toile, nous vous offrons la troisi\u00e8me totalement gratuite. Une occasion parfaite pour profiter plus, pour moins.","og_url":"https:\/\/thetreecbd.com\/fr\/cbd\/pack-skywalker-og-cbd","og_site_name":"The Tree CBD","article_publisher":"https:\/\/www.facebook.com\/thetreeCBD\/","article_modified_time":"2025-06-27T13:38:58+00:00","og_image":[{"width":1080,"height":1350,"url":"https:\/\/thetreecbd.com\/wp-content\/uploads\/2025\/05\/sky-walker-pack.png","type":"image\/png"}],"twitter_card":"summary_large_image","twitter_site":"@TheTreeCBD_EU","twitter_misc":{"Dur\u00e9e de lecture estim\u00e9e":"3 minutes"},"schema":{"@context":"https:\/\/schema.org","@graph":[{"@type":["WebPage","ItemPage"],"@id":"https:\/\/thetreecbd.com\/fr\/cbd\/pack-skywalker-og-cbd","url":"https:\/\/thetreecbd.com\/fr\/cbd\/pack-skywalker-og-cbd","name":"Pack Skywalker OG CBD \u2013 Achetez 2 et recevez-en 3 | The Tree CBD.","isPartOf":{"@id":"https:\/\/thetreecbd.com\/fr#website"},"primaryImageOfPage":{"@id":"https:\/\/thetreecbd.com\/fr\/cbd\/pack-skywalker-og-cbd#primaryimage"},"image":{"@id":"https:\/\/thetreecbd.com\/fr\/cbd\/pack-skywalker-og-cbd#primaryimage"},"thumbnailUrl":"https:\/\/thetreecbd.com\/wp-content\/uploads\/2025\/05\/packs-ogskywalker-thetree-web.jpg","datePublished":"2025-05-30T14:51:39+00:00","dateModified":"2025-06-27T13:38:58+00:00","description":"Pr\u00e9parez-vous \u00e0 d\u00e9coller avec le Pack Skywalker OG CBD : une offre pens\u00e9e pour les amateurs de chanvre de qualit\u00e9. En achetant 2 unit\u00e9s de cette vari\u00e9t\u00e9 \u00e9toile, nous vous offrons la troisi\u00e8me totalement gratuite. Une occasion parfaite pour profiter plus, pour moins.","breadcrumb":{"@id":"https:\/\/thetreecbd.com\/fr\/cbd\/pack-skywalker-og-cbd#breadcrumb"},"inLanguage":"fr-FR","potentialAction":[{"@type":"ReadAction","target":["https:\/\/thetreecbd.com\/fr\/cbd\/pack-skywalker-og-cbd"]}]},{"@type":"ImageObject","inLanguage":"fr-FR","@id":"https:\/\/thetreecbd.com\/fr\/cbd\/pack-skywalker-og-cbd#primaryimage","url":"https:\/\/thetreecbd.com\/wp-content\/uploads\/2025\/05\/packs-ogskywalker-thetree-web.jpg","contentUrl":"https:\/\/thetreecbd.com\/wp-content\/uploads\/2025\/05\/packs-ogskywalker-thetree-web.jpg","width":1080,"height":1350},{"@type":"BreadcrumbList","@id":"https:\/\/thetreecbd.com\/fr\/cbd\/pack-skywalker-og-cbd#breadcrumb","itemListElement":[{"@type":"ListItem","position":1,"name":"The Tree","item":"https:\/\/thetreecbd.com\/fr"},{"@type":"ListItem","position":2,"name":"CBD","item":"https:\/\/thetreecbd.com\/es\/cbd"},{"@type":"ListItem","position":3,"name":"Packs CBD","item":"https:\/\/thetreecbd.com\/fr\/packs-cbd"},{"@type":"ListItem","position":4,"name":"Pack Skywalker OG CBD \u2013 Achetez 2 et recevez-en 3"}]},{"@type":"WebSite","@id":"https:\/\/thetreecbd.com\/fr#website","url":"https:\/\/thetreecbd.com\/fr","name":"The Tree CBD","description":"Comprar CBD en Espa\u00f1a Online","publisher":{"@id":"https:\/\/thetreecbd.com\/fr#organization"},"potentialAction":[{"@type":"SearchAction","target":{"@type":"EntryPoint","urlTemplate":"https:\/\/thetreecbd.com\/fr?s={search_term_string}"},"query-input":{"@type":"PropertyValueSpecification","valueRequired":true,"valueName":"search_term_string"}}],"inLanguage":"fr-FR"},{"@type":"Organization","@id":"https:\/\/thetreecbd.com\/fr#organization","name":"The Tree CBD","url":"https:\/\/thetreecbd.com\/fr","logo":{"@type":"ImageObject","inLanguage":"fr-FR","@id":"https:\/\/thetreecbd.com\/fr#\/schema\/logo\/image\/","url":"https:\/\/thetreecbd.com\/wp-content\/uploads\/2022\/04\/logo-thetree.png","contentUrl":"https:\/\/thetreecbd.com\/wp-content\/uploads\/2022\/04\/logo-thetree.png","width":172,"height":55,"caption":"The Tree CBD"},"image":{"@id":"https:\/\/thetreecbd.com\/fr#\/schema\/logo\/image\/"},"sameAs":["https:\/\/www.facebook.com\/thetreeCBD\/","https:\/\/x.com\/TheTreeCBD_EU","https:\/\/www.instagram.com\/thetree.cbd\/","https:\/\/es.trustpilot.com\/review\/thetreecbd.com"]}]}},"_links":{"self":[{"href":"https:\/\/thetreecbd.com\/fr\/wp-json\/wp\/v2\/product\/167073","targetHints":{"allow":["GET"]}}],"collection":[{"href":"https:\/\/thetreecbd.com\/fr\/wp-json\/wp\/v2\/product"}],"about":[{"href":"https:\/\/thetreecbd.com\/fr\/wp-json\/wp\/v2\/types\/product"}],"version-history":[{"count":0,"href":"https:\/\/thetreecbd.com\/fr\/wp-json\/wp\/v2\/product\/167073\/revisions"}],"wp:featuredmedia":[{"embeddable":true,"href":"https:\/\/thetreecbd.com\/fr\/wp-json\/wp\/v2\/media\/186089"}],"wp:attachment":[{"href":"https:\/\/thetreecbd.com\/fr\/wp-json\/wp\/v2\/media?parent=167073"}],"wp:term":[{"taxonomy":"product_brand","embeddable":true,"href":"https:\/\/thetreecbd.com\/fr\/wp-json\/wp\/v2\/product_brand?post=167073"}],"curies":[{"name":"wp","href":"https:\/\/api.w.org\/{rel}","templated":true}]}}