{"id":167114,"date":"2025-05-30T17:06:34","date_gmt":"2025-05-30T15:06:34","guid":{"rendered":"https:\/\/thetreecbd.com\/?post_type=product&#038;p=167114"},"modified":"2025-06-27T14:43:40","modified_gmt":"2025-06-27T12:43:40","slug":"pack-strawberry-cbd-achetez-2-et-recevez-en-3","status":"publish","type":"product","link":"https:\/\/thetreecbd.com\/fr\/cbd\/pack-strawberry-cbd-achetez-2-et-recevez-en-3","title":{"rendered":"Pack Strawberry CBD \u2013 Achetez 2 et recevez-en 3"},"content":{"rendered":"<p data-start=\"113\" data-end=\"432\"><strong data-start=\"113\" data-end=\"156\">Amateur de saveurs douces et fruit\u00e9es ?<\/strong><br data-start=\"156\" data-end=\"159\" \/>Alors ce Pack Strawberry CBD est fait pour vous. Avec cette offre sp\u00e9ciale, pour l&#8217;achat de 2 unit\u00e9s, la troisi\u00e8me vous est offerte. Profitez d&#8217;une plus grande quantit\u00e9 de l&#8217;une de nos g\u00e9n\u00e9tiques les plus populaires, avec un ar\u00f4me irr\u00e9sistible et un effet relaxant naturel.<\/p>\n<p data-start=\"434\" data-end=\"682\"><strong data-start=\"434\" data-end=\"452\">Strawberry CBD<\/strong> est une vari\u00e9t\u00e9 unique, r\u00e9sultat du croisement entre Strawberry Pura x CBD Pura, offrant entre 10 % et 12 % de CBD dans chaque fleur. Une g\u00e9n\u00e9tique reconnue pour son profil doux et fruit\u00e9 qui s\u00e9duit les palais les plus exigeants.<\/p>\n<p data-start=\"684\" data-end=\"1027\"><strong data-start=\"684\" data-end=\"725\">Ar\u00f4me enveloppant, effet r\u00e9confortant<\/strong><br data-start=\"725\" data-end=\"728\" \/>Cette fleur vous enveloppe avec son ar\u00f4me frais, doux et fruit\u00e9, avec une touche claire et d\u00e9licieuse de fraise qui lui donne son nom. Un profil terp\u00e9nique qui se d\u00e9marque parmi les autres vari\u00e9t\u00e9s de CBD, id\u00e9al pour ceux qui recherchent une exp\u00e9rience sensorielle compl\u00e8te sans effets psychoactifs.<\/p>\n<p data-start=\"1029\" data-end=\"1286\">Visuellement, elle se caract\u00e9rise par des t\u00eates compactes, volumineuses et r\u00e9sineuses, d\u2019un vert fonc\u00e9 avec de nombreux pistils rouges. Cette g\u00e9n\u00e9tique \u00e9quilibr\u00e9e \u00e0 pr\u00e9dominance indica (70 % indica \/ 30 % sativa) offre un effet corporel relaxant et durable.<\/p>\n<p data-start=\"1288\" data-end=\"1577\"><strong data-start=\"1288\" data-end=\"1324\">Culture naturelle, sans additifs<\/strong><br data-start=\"1324\" data-end=\"1327\" \/>Strawberry CBD est cultiv\u00e9e en int\u00e9rieur de mani\u00e8re 100 % biologique, sans pesticides ni organismes g\u00e9n\u00e9tiquement modifi\u00e9s. De plus, avec moins de 0,20 % de THC, elle est enti\u00e8rement l\u00e9gale dans toute l&#8217;Europe et ne produit pas d&#8217;effets psychoactifs.<\/p>\n<hr data-start=\"1579\" data-end=\"1582\" \/>\n<h3 data-start=\"1584\" data-end=\"1627\">Caract\u00e9ristiques du Pack Strawberry CBD<\/h3>\n<ul data-start=\"1629\" data-end=\"1978\">\n<li data-start=\"1629\" data-end=\"1692\">\n<p data-start=\"1631\" data-end=\"1692\">Comprend 3 unit\u00e9s de Strawberry CBD (vous ne payez que 2 !)<\/p>\n<\/li>\n<li data-start=\"1693\" data-end=\"1711\">\n<p data-start=\"1695\" data-end=\"1711\">10\u201312 % de CBD<\/p>\n<\/li>\n<li data-start=\"1712\" data-end=\"1738\">\n<p data-start=\"1714\" data-end=\"1738\">Moins de 0,20 % de THC<\/p>\n<\/li>\n<li data-start=\"1739\" data-end=\"1781\">\n<p data-start=\"1741\" data-end=\"1781\">G\u00e9n\u00e9tique : Strawberry Pura x CBD Pura<\/p>\n<\/li>\n<li data-start=\"1782\" data-end=\"1811\">\n<p data-start=\"1784\" data-end=\"1811\">70 % indica \/ 30 % sativa<\/p>\n<\/li>\n<li data-start=\"1812\" data-end=\"1868\">\n<p data-start=\"1814\" data-end=\"1868\">Ar\u00f4me : doux, frais, fruit\u00e9 avec des notes de fraise<\/p>\n<\/li>\n<li data-start=\"1869\" data-end=\"1911\">\n<p data-start=\"1871\" data-end=\"1911\">Cultiv\u00e9e en int\u00e9rieur, sans pesticides<\/p>\n<\/li>\n<li data-start=\"1912\" data-end=\"1940\">\n<p data-start=\"1914\" data-end=\"1940\">Sans effets psychoactifs<\/p>\n<\/li>\n<li data-start=\"1941\" data-end=\"1978\">\n<p data-start=\"1943\" data-end=\"1978\">Produit l\u00e9gal dans toute l\u2019Europe<\/p>\n<\/li>\n<\/ul>\n<p data-start=\"1980\" data-end=\"2130\">Ne manquez pas cette offre limit\u00e9e ! Ajoutez le Pack Strawberry CBD \u00e0 votre panier, profitez de ses saveurs uniques et recevez plus pour le m\u00eame prix.<\/p>\n<hr data-start=\"2132\" data-end=\"2135\" \/>\n<h3 data-start=\"2137\" data-end=\"2153\">Public cible<\/h3>\n<p data-start=\"2155\" data-end=\"2353\">Les fleurs de CBD de serre sont parfaites pour ceux qui recherchent le meilleur rapport qualit\u00e9-prix, offrant une couleur tr\u00e8s verte et une bonne qualit\u00e9, \u00e0 un prix inf\u00e9rieur aux fleurs d\u2019int\u00e9rieur.<\/p>\n<p data-start=\"2355\" data-end=\"2849\">Aujourd\u2019hui, il existe des serres tr\u00e8s bien \u00e9quip\u00e9es, aussi efficaces que la culture int\u00e9rieure, sans perdre la capacit\u00e9 de filtrer la lumi\u00e8re du soleil, et m\u00eame avec un \u00e9clairage artificiel pour permettre jusqu\u2019\u00e0 quatre cycles de culture par an. Ainsi, les cultivateurs de CBD optent de plus en plus pour cette solution interm\u00e9diaire, car ils peuvent contr\u00f4ler le climat, les rayons du soleil sont moins agressifs pour la plante, et ils peuvent augmenter la production tout au long de l\u2019ann\u00e9e.<\/p>\n<p data-start=\"2851\" data-end=\"2985\">Du point de vue des acheteurs, les fleurs de serre sont la meilleure option pour ceux qui cherchent un excellent rapport qualit\u00e9\/prix.<\/p>\n<hr data-start=\"2987\" data-end=\"2990\" \/>\n<h3 data-start=\"2992\" data-end=\"3020\">Informations de s\u00e9curit\u00e9<\/h3>\n<p data-start=\"3022\" data-end=\"3234\">Veuillez noter que les t\u00eates de CBD de The Tree sont un produit d\u00e9coratif, de collection et aromatique. Elles ne doivent pas \u00eatre utilis\u00e9es pendant la grossesse ou l\u2019allaitement. Tenir hors de port\u00e9e des enfants.<\/p>\n<p data-start=\"3236\" data-end=\"3353\">Nos t\u00eates de CBD peuvent contenir une certaine quantit\u00e9 de THC, toujours en dessous de la limite europ\u00e9enne de 0,2 %.<\/p>\n<p data-start=\"3355\" data-end=\"3570\">Le contenu fourni est uniquement \u00e0 titre informatif et p\u00e9dagogique et ne remplace en aucun cas un avis m\u00e9dical ou pharmaceutique. Nos textes ne sont pas destin\u00e9s \u00e0 un diagnostic ou un traitement m\u00e9dical ind\u00e9pendant.<\/p>\n<p data-start=\"3572\" data-end=\"3638\">N\u2019h\u00e9sitez pas \u00e0 nous contacter pour toute question suppl\u00e9mentaire.<\/p>\n<hr data-start=\"3640\" data-end=\"3643\" \/>\n<h3 data-start=\"3645\" data-end=\"3661\">Conservation<\/h3>\n<p data-start=\"3663\" data-end=\"3898\">Id\u00e9alement, les t\u00eates de CBD de The Tree doivent \u00eatre conserv\u00e9es dans un endroit frais et sec, \u00e0 l\u2019abri de la lumi\u00e8re et des odeurs fortes pour \u00e9viter toute contamination ou d\u00e9gradation. \u00c9vitez la lumi\u00e8re solaire directe et la chaleur.<\/p>\n<p data-start=\"3900\" data-end=\"3993\"><strong data-start=\"3900\" data-end=\"3993\">Attention : la dur\u00e9e de vie indiqu\u00e9e est d\u2019un mois si le produit est correctement stock\u00e9.<\/strong><\/p>\n","protected":false},"excerpt":{"rendered":"<p data-start=\"91\" data-end=\"134\"><strong data-start=\"91\" data-end=\"134\">Caract\u00e9ristiques du Pack Strawberry CBD<\/strong><\/p>\n<ul data-start=\"136\" data-end=\"485\">\n<li data-start=\"136\" data-end=\"199\">\n<p data-start=\"138\" data-end=\"199\">Comprend 3 unit\u00e9s de Strawberry CBD (vous ne payez que 2 !)<\/p>\n<\/li>\n<li data-start=\"200\" data-end=\"218\">\n<p data-start=\"202\" data-end=\"218\">10\u201312 % de CBD<\/p>\n<\/li>\n<li data-start=\"219\" data-end=\"245\">\n<p data-start=\"221\" data-end=\"245\">Moins de 0,20 % de THC<\/p>\n<\/li>\n<li data-start=\"246\" data-end=\"288\">\n<p data-start=\"248\" data-end=\"288\">G\u00e9n\u00e9tique : Strawberry Pura x CBD Pura<\/p>\n<\/li>\n<li data-start=\"289\" data-end=\"318\">\n<p data-start=\"291\" data-end=\"318\">70 % indica \/ 30 % sativa<\/p>\n<\/li>\n<li data-start=\"319\" data-end=\"375\">\n<p data-start=\"321\" data-end=\"375\">Ar\u00f4me : doux, frais, fruit\u00e9 avec des notes de fraise<\/p>\n<\/li>\n<li data-start=\"376\" data-end=\"418\">\n<p data-start=\"378\" data-end=\"418\">Cultiv\u00e9e en int\u00e9rieur, sans pesticides<\/p>\n<\/li>\n<li data-start=\"419\" data-end=\"447\">\n<p data-start=\"421\" data-end=\"447\">Sans effets psychoactifs<\/p>\n<\/li>\n<li data-start=\"448\" data-end=\"485\">\n<p data-start=\"450\" data-end=\"485\">Produit l\u00e9gal dans toute l\u2019Europe<\/p>\n<\/li>\n<\/ul>\n","protected":false},"featured_media":167095,"template":"","meta":{"_acf_changed":false},"product_brand":[],"class_list":{"0":"post-167114","1":"product","2":"type-product","3":"status-publish","4":"has-post-thumbnail","6":"product_cat-green-house","7":"product_cat-fleurs-cbd","8":"product_cat-promotions-cbd","9":"product_cat-packs-cbd","11":"first","12":"instock","13":"taxable","14":"shipping-taxable","15":"purchasable","16":"product-type-variable"},"acf":[],"yoast_head":"<!-- This site is optimized with the Yoast SEO plugin v26.3 - https:\/\/yoast.com\/wordpress\/plugins\/seo\/ -->\n<title>Pack Strawberry CBD \u2013 Achetez 2 et recevez-en 3 | The Tree CBD.<\/title>\n<meta name=\"description\" content=\"Amoureux des saveurs douces et fruit\u00e9es ? Ce Pack Strawberry CBD est fait pour vous. Avec cette offre sp\u00e9ciale, pour l\u2019achat de 2 unit\u00e9s, la troisi\u00e8me vous est offerte. Profitez d\u2019une plus grande quantit\u00e9 de l\u2019une de nos g\u00e9n\u00e9tiques les plus populaires, avec un ar\u00f4me irr\u00e9sistible et un effet relaxant naturel.\" \/>\n<meta name=\"robots\" content=\"index, follow, max-snippet:-1, max-image-preview:large, max-video-preview:-1\" \/>\n<link rel=\"canonical\" href=\"https:\/\/thetreecbd.com\/fr\/cbd\/pack-strawberry-cbd-achetez-2-et-recevez-en-3\" \/>\n<meta property=\"og:locale\" content=\"fr_FR\" \/>\n<meta property=\"og:type\" content=\"article\" \/>\n<meta property=\"og:title\" content=\"Pack Strawberry CBD \u2013 Achetez 2 et recevez-en 3 | The Tree CBD.\" \/>\n<meta property=\"og:description\" content=\"Amoureux des saveurs douces et fruit\u00e9es ? Ce Pack Strawberry CBD est fait pour vous. Avec cette offre sp\u00e9ciale, pour l\u2019achat de 2 unit\u00e9s, la troisi\u00e8me vous est offerte. Profitez d\u2019une plus grande quantit\u00e9 de l\u2019une de nos g\u00e9n\u00e9tiques les plus populaires, avec un ar\u00f4me irr\u00e9sistible et un effet relaxant naturel.\" \/>\n<meta property=\"og:url\" content=\"https:\/\/thetreecbd.com\/fr\/cbd\/pack-strawberry-cbd-achetez-2-et-recevez-en-3\" \/>\n<meta property=\"og:site_name\" content=\"The Tree CBD\" \/>\n<meta property=\"article:publisher\" content=\"https:\/\/www.facebook.com\/thetreeCBD\/\" \/>\n<meta property=\"article:modified_time\" content=\"2025-06-27T12:43:40+00:00\" \/>\n<meta property=\"og:image\" content=\"https:\/\/thetreecbd.com\/wp-content\/uploads\/2025\/05\/strawberry-pack.png\" \/>\n\t<meta property=\"og:image:width\" content=\"1080\" \/>\n\t<meta property=\"og:image:height\" content=\"1350\" \/>\n\t<meta property=\"og:image:type\" content=\"image\/png\" \/>\n<meta name=\"twitter:card\" content=\"summary_large_image\" \/>\n<meta name=\"twitter:site\" content=\"@TheTreeCBD_EU\" \/>\n<meta name=\"twitter:label1\" content=\"Dur\u00e9e de lecture estim\u00e9e\" \/>\n\t<meta name=\"twitter:data1\" content=\"3 minutes\" \/>\n<script type=\"application\/ld+json\" class=\"yoast-schema-graph\">{\"@context\":\"https:\/\/schema.org\",\"@graph\":[{\"@type\":[\"WebPage\",\"ItemPage\"],\"@id\":\"https:\/\/thetreecbd.com\/fr\/cbd\/pack-strawberry-cbd-achetez-2-et-recevez-en-3\",\"url\":\"https:\/\/thetreecbd.com\/fr\/cbd\/pack-strawberry-cbd-achetez-2-et-recevez-en-3\",\"name\":\"Pack Strawberry CBD \u2013 Achetez 2 et recevez-en 3 | The Tree CBD.\",\"isPartOf\":{\"@id\":\"https:\/\/thetreecbd.com\/fr#website\"},\"primaryImageOfPage\":{\"@id\":\"https:\/\/thetreecbd.com\/fr\/cbd\/pack-strawberry-cbd-achetez-2-et-recevez-en-3#primaryimage\"},\"image\":{\"@id\":\"https:\/\/thetreecbd.com\/fr\/cbd\/pack-strawberry-cbd-achetez-2-et-recevez-en-3#primaryimage\"},\"thumbnailUrl\":\"https:\/\/thetreecbd.com\/wp-content\/uploads\/2025\/05\/strawberry-pack.png\",\"datePublished\":\"2025-05-30T15:06:34+00:00\",\"dateModified\":\"2025-06-27T12:43:40+00:00\",\"description\":\"Amoureux des saveurs douces et fruit\u00e9es ? Ce Pack Strawberry CBD est fait pour vous. Avec cette offre sp\u00e9ciale, pour l\u2019achat de 2 unit\u00e9s, la troisi\u00e8me vous est offerte. Profitez d\u2019une plus grande quantit\u00e9 de l\u2019une de nos g\u00e9n\u00e9tiques les plus populaires, avec un ar\u00f4me irr\u00e9sistible et un effet relaxant naturel.\",\"breadcrumb\":{\"@id\":\"https:\/\/thetreecbd.com\/fr\/cbd\/pack-strawberry-cbd-achetez-2-et-recevez-en-3#breadcrumb\"},\"inLanguage\":\"fr-FR\",\"potentialAction\":[{\"@type\":\"ReadAction\",\"target\":[\"https:\/\/thetreecbd.com\/fr\/cbd\/pack-strawberry-cbd-achetez-2-et-recevez-en-3\"]}]},{\"@type\":\"ImageObject\",\"inLanguage\":\"fr-FR\",\"@id\":\"https:\/\/thetreecbd.com\/fr\/cbd\/pack-strawberry-cbd-achetez-2-et-recevez-en-3#primaryimage\",\"url\":\"https:\/\/thetreecbd.com\/wp-content\/uploads\/2025\/05\/strawberry-pack.png\",\"contentUrl\":\"https:\/\/thetreecbd.com\/wp-content\/uploads\/2025\/05\/strawberry-pack.png\",\"width\":1080,\"height\":1350},{\"@type\":\"BreadcrumbList\",\"@id\":\"https:\/\/thetreecbd.com\/fr\/cbd\/pack-strawberry-cbd-achetez-2-et-recevez-en-3#breadcrumb\",\"itemListElement\":[{\"@type\":\"ListItem\",\"position\":1,\"name\":\"The Tree\",\"item\":\"https:\/\/thetreecbd.com\/fr\"},{\"@type\":\"ListItem\",\"position\":2,\"name\":\"CBD\",\"item\":\"https:\/\/thetreecbd.com\/es\/cbd\"},{\"@type\":\"ListItem\",\"position\":3,\"name\":\"Packs CBD\",\"item\":\"https:\/\/thetreecbd.com\/fr\/packs-cbd\"},{\"@type\":\"ListItem\",\"position\":4,\"name\":\"Pack Strawberry CBD \u2013 Achetez 2 et recevez-en 3\"}]},{\"@type\":\"WebSite\",\"@id\":\"https:\/\/thetreecbd.com\/fr#website\",\"url\":\"https:\/\/thetreecbd.com\/fr\",\"name\":\"The Tree CBD\",\"description\":\"Comprar CBD en Espa\u00f1a Online\",\"publisher\":{\"@id\":\"https:\/\/thetreecbd.com\/fr#organization\"},\"potentialAction\":[{\"@type\":\"SearchAction\",\"target\":{\"@type\":\"EntryPoint\",\"urlTemplate\":\"https:\/\/thetreecbd.com\/fr?s={search_term_string}\"},\"query-input\":{\"@type\":\"PropertyValueSpecification\",\"valueRequired\":true,\"valueName\":\"search_term_string\"}}],\"inLanguage\":\"fr-FR\"},{\"@type\":\"Organization\",\"@id\":\"https:\/\/thetreecbd.com\/fr#organization\",\"name\":\"The Tree CBD\",\"url\":\"https:\/\/thetreecbd.com\/fr\",\"logo\":{\"@type\":\"ImageObject\",\"inLanguage\":\"fr-FR\",\"@id\":\"https:\/\/thetreecbd.com\/fr#\/schema\/logo\/image\/\",\"url\":\"https:\/\/thetreecbd.com\/wp-content\/uploads\/2022\/04\/logo-thetree.png\",\"contentUrl\":\"https:\/\/thetreecbd.com\/wp-content\/uploads\/2022\/04\/logo-thetree.png\",\"width\":172,\"height\":55,\"caption\":\"The Tree CBD\"},\"image\":{\"@id\":\"https:\/\/thetreecbd.com\/fr#\/schema\/logo\/image\/\"},\"sameAs\":[\"https:\/\/www.facebook.com\/thetreeCBD\/\",\"https:\/\/x.com\/TheTreeCBD_EU\",\"https:\/\/www.instagram.com\/thetree.cbd\/\",\"https:\/\/es.trustpilot.com\/review\/thetreecbd.com\"]}]}<\/script>\n<!-- \/ Yoast SEO plugin. -->","yoast_head_json":{"title":"Pack Strawberry CBD \u2013 Achetez 2 et recevez-en 3 | The Tree CBD.","description":"Amoureux des saveurs douces et fruit\u00e9es ? Ce Pack Strawberry CBD est fait pour vous. Avec cette offre sp\u00e9ciale, pour l\u2019achat de 2 unit\u00e9s, la troisi\u00e8me vous est offerte. Profitez d\u2019une plus grande quantit\u00e9 de l\u2019une de nos g\u00e9n\u00e9tiques les plus populaires, avec un ar\u00f4me irr\u00e9sistible et un effet relaxant naturel.","robots":{"index":"index","follow":"follow","max-snippet":"max-snippet:-1","max-image-preview":"max-image-preview:large","max-video-preview":"max-video-preview:-1"},"canonical":"https:\/\/thetreecbd.com\/fr\/cbd\/pack-strawberry-cbd-achetez-2-et-recevez-en-3","og_locale":"fr_FR","og_type":"article","og_title":"Pack Strawberry CBD \u2013 Achetez 2 et recevez-en 3 | The Tree CBD.","og_description":"Amoureux des saveurs douces et fruit\u00e9es ? Ce Pack Strawberry CBD est fait pour vous. Avec cette offre sp\u00e9ciale, pour l\u2019achat de 2 unit\u00e9s, la troisi\u00e8me vous est offerte. Profitez d\u2019une plus grande quantit\u00e9 de l\u2019une de nos g\u00e9n\u00e9tiques les plus populaires, avec un ar\u00f4me irr\u00e9sistible et un effet relaxant naturel.","og_url":"https:\/\/thetreecbd.com\/fr\/cbd\/pack-strawberry-cbd-achetez-2-et-recevez-en-3","og_site_name":"The Tree CBD","article_publisher":"https:\/\/www.facebook.com\/thetreeCBD\/","article_modified_time":"2025-06-27T12:43:40+00:00","og_image":[{"width":1080,"height":1350,"url":"https:\/\/thetreecbd.com\/wp-content\/uploads\/2025\/05\/strawberry-pack.png","type":"image\/png"}],"twitter_card":"summary_large_image","twitter_site":"@TheTreeCBD_EU","twitter_misc":{"Dur\u00e9e de lecture estim\u00e9e":"3 minutes"},"schema":{"@context":"https:\/\/schema.org","@graph":[{"@type":["WebPage","ItemPage"],"@id":"https:\/\/thetreecbd.com\/fr\/cbd\/pack-strawberry-cbd-achetez-2-et-recevez-en-3","url":"https:\/\/thetreecbd.com\/fr\/cbd\/pack-strawberry-cbd-achetez-2-et-recevez-en-3","name":"Pack Strawberry CBD \u2013 Achetez 2 et recevez-en 3 | The Tree CBD.","isPartOf":{"@id":"https:\/\/thetreecbd.com\/fr#website"},"primaryImageOfPage":{"@id":"https:\/\/thetreecbd.com\/fr\/cbd\/pack-strawberry-cbd-achetez-2-et-recevez-en-3#primaryimage"},"image":{"@id":"https:\/\/thetreecbd.com\/fr\/cbd\/pack-strawberry-cbd-achetez-2-et-recevez-en-3#primaryimage"},"thumbnailUrl":"https:\/\/thetreecbd.com\/wp-content\/uploads\/2025\/05\/strawberry-pack.png","datePublished":"2025-05-30T15:06:34+00:00","dateModified":"2025-06-27T12:43:40+00:00","description":"Amoureux des saveurs douces et fruit\u00e9es ? Ce Pack Strawberry CBD est fait pour vous. Avec cette offre sp\u00e9ciale, pour l\u2019achat de 2 unit\u00e9s, la troisi\u00e8me vous est offerte. Profitez d\u2019une plus grande quantit\u00e9 de l\u2019une de nos g\u00e9n\u00e9tiques les plus populaires, avec un ar\u00f4me irr\u00e9sistible et un effet relaxant naturel.","breadcrumb":{"@id":"https:\/\/thetreecbd.com\/fr\/cbd\/pack-strawberry-cbd-achetez-2-et-recevez-en-3#breadcrumb"},"inLanguage":"fr-FR","potentialAction":[{"@type":"ReadAction","target":["https:\/\/thetreecbd.com\/fr\/cbd\/pack-strawberry-cbd-achetez-2-et-recevez-en-3"]}]},{"@type":"ImageObject","inLanguage":"fr-FR","@id":"https:\/\/thetreecbd.com\/fr\/cbd\/pack-strawberry-cbd-achetez-2-et-recevez-en-3#primaryimage","url":"https:\/\/thetreecbd.com\/wp-content\/uploads\/2025\/05\/strawberry-pack.png","contentUrl":"https:\/\/thetreecbd.com\/wp-content\/uploads\/2025\/05\/strawberry-pack.png","width":1080,"height":1350},{"@type":"BreadcrumbList","@id":"https:\/\/thetreecbd.com\/fr\/cbd\/pack-strawberry-cbd-achetez-2-et-recevez-en-3#breadcrumb","itemListElement":[{"@type":"ListItem","position":1,"name":"The Tree","item":"https:\/\/thetreecbd.com\/fr"},{"@type":"ListItem","position":2,"name":"CBD","item":"https:\/\/thetreecbd.com\/es\/cbd"},{"@type":"ListItem","position":3,"name":"Packs CBD","item":"https:\/\/thetreecbd.com\/fr\/packs-cbd"},{"@type":"ListItem","position":4,"name":"Pack Strawberry CBD \u2013 Achetez 2 et recevez-en 3"}]},{"@type":"WebSite","@id":"https:\/\/thetreecbd.com\/fr#website","url":"https:\/\/thetreecbd.com\/fr","name":"The Tree CBD","description":"Comprar CBD en Espa\u00f1a Online","publisher":{"@id":"https:\/\/thetreecbd.com\/fr#organization"},"potentialAction":[{"@type":"SearchAction","target":{"@type":"EntryPoint","urlTemplate":"https:\/\/thetreecbd.com\/fr?s={search_term_string}"},"query-input":{"@type":"PropertyValueSpecification","valueRequired":true,"valueName":"search_term_string"}}],"inLanguage":"fr-FR"},{"@type":"Organization","@id":"https:\/\/thetreecbd.com\/fr#organization","name":"The Tree CBD","url":"https:\/\/thetreecbd.com\/fr","logo":{"@type":"ImageObject","inLanguage":"fr-FR","@id":"https:\/\/thetreecbd.com\/fr#\/schema\/logo\/image\/","url":"https:\/\/thetreecbd.com\/wp-content\/uploads\/2022\/04\/logo-thetree.png","contentUrl":"https:\/\/thetreecbd.com\/wp-content\/uploads\/2022\/04\/logo-thetree.png","width":172,"height":55,"caption":"The Tree CBD"},"image":{"@id":"https:\/\/thetreecbd.com\/fr#\/schema\/logo\/image\/"},"sameAs":["https:\/\/www.facebook.com\/thetreeCBD\/","https:\/\/x.com\/TheTreeCBD_EU","https:\/\/www.instagram.com\/thetree.cbd\/","https:\/\/es.trustpilot.com\/review\/thetreecbd.com"]}]}},"_links":{"self":[{"href":"https:\/\/thetreecbd.com\/fr\/wp-json\/wp\/v2\/product\/167114","targetHints":{"allow":["GET"]}}],"collection":[{"href":"https:\/\/thetreecbd.com\/fr\/wp-json\/wp\/v2\/product"}],"about":[{"href":"https:\/\/thetreecbd.com\/fr\/wp-json\/wp\/v2\/types\/product"}],"version-history":[{"count":0,"href":"https:\/\/thetreecbd.com\/fr\/wp-json\/wp\/v2\/product\/167114\/revisions"}],"wp:featuredmedia":[{"embeddable":true,"href":"https:\/\/thetreecbd.com\/fr\/wp-json\/wp\/v2\/media\/167095"}],"wp:attachment":[{"href":"https:\/\/thetreecbd.com\/fr\/wp-json\/wp\/v2\/media?parent=167114"}],"wp:term":[{"taxonomy":"product_brand","embeddable":true,"href":"https:\/\/thetreecbd.com\/fr\/wp-json\/wp\/v2\/product_brand?post=167114"}],"curies":[{"name":"wp","href":"https:\/\/api.w.org\/{rel}","templated":true}]}}