{"id":167129,"date":"2025-05-30T17:22:19","date_gmt":"2025-05-30T15:22:19","guid":{"rendered":"https:\/\/thetreecbd.com\/?post_type=product&#038;p=167129"},"modified":"2025-06-27T14:11:33","modified_gmt":"2025-06-27T12:11:33","slug":"pack-og-kush-cbd","status":"publish","type":"product","link":"https:\/\/thetreecbd.com\/fr\/cbd\/pack-og-kush-cbd","title":{"rendered":"Pack OG Kush CBD \u2013 Achetez 2 et recevez-en 3"},"content":{"rendered":"<p data-start=\"60\" data-end=\"290\"><strong data-start=\"60\" data-end=\"290\">La l\u00e9gende est de retour, maintenant en format \u00e9conomique. Avec ce Pack OG Kush CBD, pour l\u2019achat de 2 unit\u00e9s, la troisi\u00e8me est offerte. Une occasion parfaite pour profiter de plus de cette g\u00e9n\u00e9tique iconique, sans payer plus.<\/strong><\/p>\n<p data-start=\"292\" data-end=\"511\">OG Kush CBD est une vari\u00e9t\u00e9 culte qui combine la puissance naturelle de la g\u00e9n\u00e9tique Kush avec des niveaux de CBD entre 10 % et 11 %, offrant une exp\u00e9rience profond\u00e9ment aromatique et relaxante sans effets psychoactifs.<\/p>\n<p data-start=\"513\" data-end=\"558\"><strong data-start=\"513\" data-end=\"558\">Un parfum imposant, un classique relaxant<\/strong><\/p>\n<p data-start=\"560\" data-end=\"886\">Cette fleur se distingue par son profil aromatique intense et complexe, qui combine des notes bois\u00e9es, herbac\u00e9es et d\u2019agrumes, avec des touches \u00e9pic\u00e9es et un fond l\u00e9g\u00e8rement diesel. OG Kush CBD est une vari\u00e9t\u00e9 tr\u00e8s appr\u00e9ci\u00e9e des consommateurs les plus exigeants, id\u00e9ale pour des moments de d\u00e9connexion et de bien-\u00eatre naturel.<\/p>\n<p data-start=\"888\" data-end=\"1168\">Visuellement, ses t\u00eates sont compactes, r\u00e9sineuses et de teintes vert vif, avec des pistils bien marqu\u00e9s. Une g\u00e9n\u00e9tique \u00e9quilibr\u00e9e avec une pr\u00e9dominance indica (60 % indica \/ 40 % sativa), id\u00e9ale pour ceux qui cherchent une relaxation corporelle sans renoncer \u00e0 la clart\u00e9 mentale.<\/p>\n<p data-start=\"1170\" data-end=\"1221\"><strong data-start=\"1170\" data-end=\"1221\">Culture naturelle et l\u00e9gale dans toute l\u2019Europe<\/strong><\/p>\n<p data-start=\"1223\" data-end=\"1433\">Cette OG Kush CBD est cultiv\u00e9e en int\u00e9rieur de mani\u00e8re 100 % naturelle, sans pesticides ni additifs. Avec moins de 0,20 % de THC, c\u2019est un produit totalement l\u00e9gal dans toute l\u2019Europe, sans effets psychoactifs.<\/p>\n<hr data-start=\"1435\" data-end=\"1438\" \/>\n<p data-start=\"1440\" data-end=\"1480\"><strong data-start=\"1440\" data-end=\"1480\">Caract\u00e9ristiques du Pack OG Kush CBD<\/strong><\/p>\n<ul data-start=\"1482\" data-end=\"1813\">\n<li data-start=\"1482\" data-end=\"1539\">\n<p data-start=\"1484\" data-end=\"1539\">Inclus 3 unit\u00e9s d\u2019OG Kush CBD (vous ne payez que 2 !)<\/p>\n<\/li>\n<li data-start=\"1540\" data-end=\"1558\">\n<p data-start=\"1542\" data-end=\"1558\">10\u201311 % de CBD<\/p>\n<\/li>\n<li data-start=\"1559\" data-end=\"1585\">\n<p data-start=\"1561\" data-end=\"1585\">Moins de 0,20 % de THC<\/p>\n<\/li>\n<li data-start=\"1586\" data-end=\"1617\">\n<p data-start=\"1588\" data-end=\"1617\">G\u00e9n\u00e9tique : Kush x CBD Pura<\/p>\n<\/li>\n<li data-start=\"1618\" data-end=\"1647\">\n<p data-start=\"1620\" data-end=\"1647\">60 % indica \/ 40 % sativa<\/p>\n<\/li>\n<li data-start=\"1648\" data-end=\"1704\">\n<p data-start=\"1650\" data-end=\"1704\">Ar\u00f4me : bois\u00e9, herbac\u00e9, agrumes et l\u00e9g\u00e8rement diesel<\/p>\n<\/li>\n<li data-start=\"1705\" data-end=\"1746\">\n<p data-start=\"1707\" data-end=\"1746\">Cultiv\u00e9 en int\u00e9rieur, sans pesticides<\/p>\n<\/li>\n<li data-start=\"1747\" data-end=\"1775\">\n<p data-start=\"1749\" data-end=\"1775\">Sans effets psychoactifs<\/p>\n<\/li>\n<li data-start=\"1776\" data-end=\"1813\">\n<p data-start=\"1778\" data-end=\"1813\">Produit l\u00e9gal dans toute l\u2019Europe<\/p>\n<\/li>\n<\/ul>\n<p data-start=\"1815\" data-end=\"1980\">Procurez-vous ce pack et profitez de plus de quantit\u00e9 d\u2019une des vari\u00e9t\u00e9s les plus iconiques du monde du CBD. Achetez 2 et recevez-en 3, uniquement chez The Tree CBD.<\/p>\n<hr data-start=\"1982\" data-end=\"1985\" \/>\n<p data-start=\"1987\" data-end=\"2003\"><strong data-start=\"1987\" data-end=\"2003\">Public cible<\/strong><\/p>\n<p data-start=\"2005\" data-end=\"2230\">Les fleurs de CBD cultiv\u00e9es en serre sont parfaites pour ceux qui recherchent le meilleur rapport qualit\u00e9-prix, offrant une couleur tr\u00e8s verte, une bonne qualit\u00e9, tout en proposant un prix plus bas que les fleurs d\u2019int\u00e9rieur.<\/p>\n<p data-start=\"2232\" data-end=\"2738\">Actuellement, il existe des serres tr\u00e8s bien \u00e9quip\u00e9es qui peuvent \u00eatre aussi efficaces qu\u2019une culture en int\u00e9rieur, tout en filtrant la lumi\u00e8re solaire et avec un \u00e9clairage compl\u00e9mentaire, permettant ainsi de maintenir la culture toute l\u2019ann\u00e9e avec jusqu\u2019\u00e0 quatre cycles. Ainsi, les cultivateurs de CBD optent de plus en plus pour cette solution interm\u00e9diaire, car ils peuvent contr\u00f4ler le climat, les rayons du soleil sont moins agressifs pour la plante et la production peut \u00eatre augment\u00e9e toute l\u2019ann\u00e9e.<\/p>\n<p data-start=\"2740\" data-end=\"2907\">Du point de vue des acheteurs, les fleurs de serre sont, comme mentionn\u00e9 pr\u00e9c\u00e9demment, la meilleure option pour ceux qui recherchent un excellent rapport qualit\u00e9\/prix.<\/p>\n<hr data-start=\"2909\" data-end=\"2912\" \/>\n<p data-start=\"2914\" data-end=\"2942\"><strong data-start=\"2914\" data-end=\"2942\">Informations de s\u00e9curit\u00e9<\/strong><\/p>\n<p data-start=\"2944\" data-end=\"3157\">Veuillez noter que les t\u00eates de CBD de The Tree sont un produit d\u00e9coratif, de collection et aromatique. Elles ne doivent pas \u00eatre utilis\u00e9es pendant la grossesse ou l\u2019allaitement. Gardez hors de port\u00e9e des enfants.<\/p>\n<p data-start=\"3159\" data-end=\"3279\">Nos t\u00eates de CBD peuvent contenir une certaine quantit\u00e9 de THC, bien s\u00fbr inf\u00e9rieure \u00e0 la limite de l\u2019UE de 0,2 % de THC.<\/p>\n<p data-start=\"3281\" data-end=\"3536\">Les informations fournies sont uniquement \u00e0 des fins d\u2019information et de formation et ne remplacent en aucun cas les conseils m\u00e9dicaux d\u2019un m\u00e9decin ou d\u2019un pharmacien. Nos textes ne sont pas destin\u00e9s au diagnostic ou au traitement ind\u00e9pendant de maladies.<\/p>\n<p data-start=\"3538\" data-end=\"3601\">N\u2019h\u00e9sitez pas \u00e0 nous contacter si vous avez d\u2019autres questions.<\/p>\n<hr data-start=\"3603\" data-end=\"3606\" \/>\n<p data-start=\"3608\" data-end=\"3624\"><strong data-start=\"3608\" data-end=\"3624\">Conservation<\/strong><\/p>\n<p data-start=\"3626\" data-end=\"3863\">Id\u00e9alement, les t\u00eates de CBD de The Tree doivent \u00eatre stock\u00e9es dans un endroit frais et sec, \u00e0 l\u2019abri de la lumi\u00e8re et des odeurs fortes afin d\u2019\u00e9viter toute contamination ou d\u00e9gradation. \u00c9vitez la lumi\u00e8re directe du soleil et la chaleur.<\/p>\n<p data-start=\"3865\" data-end=\"3955\">Attention : la dur\u00e9e de conservation indiqu\u00e9e est d\u2019un mois si le produit est bien stock\u00e9.<\/p>\n","protected":false},"excerpt":{"rendered":"<p data-start=\"88\" data-end=\"128\"><strong data-start=\"88\" data-end=\"128\">Caract\u00e9ristiques du Pack OG Kush CBD<\/strong><\/p>\n<ul data-start=\"130\" data-end=\"463\">\n<li data-start=\"130\" data-end=\"189\">\n<p data-start=\"132\" data-end=\"189\">Comprend 3 unit\u00e9s d\u2019OG Kush CBD (vous ne payez que 2 !)<\/p>\n<\/li>\n<li data-start=\"190\" data-end=\"208\">\n<p data-start=\"192\" data-end=\"208\">10\u201311 % de CBD<\/p>\n<\/li>\n<li data-start=\"209\" data-end=\"235\">\n<p data-start=\"211\" data-end=\"235\">Moins de 0,20 % de THC<\/p>\n<\/li>\n<li data-start=\"236\" data-end=\"267\">\n<p data-start=\"238\" data-end=\"267\">G\u00e9n\u00e9tique : Kush x CBD Pura<\/p>\n<\/li>\n<li data-start=\"268\" data-end=\"297\">\n<p data-start=\"270\" data-end=\"297\">60 % indica \/ 40 % sativa<\/p>\n<\/li>\n<li data-start=\"298\" data-end=\"354\">\n<p data-start=\"300\" data-end=\"354\">Ar\u00f4me : bois\u00e9, herbac\u00e9, agrumes et l\u00e9g\u00e8rement diesel<\/p>\n<\/li>\n<li data-start=\"355\" data-end=\"396\">\n<p data-start=\"357\" data-end=\"396\">Cultiv\u00e9 en int\u00e9rieur, sans pesticides<\/p>\n<\/li>\n<li data-start=\"397\" data-end=\"425\">\n<p data-start=\"399\" data-end=\"425\">Sans effets psychoactifs<\/p>\n<\/li>\n<li data-start=\"426\" data-end=\"463\">\n<p data-start=\"428\" data-end=\"463\">Produit l\u00e9gal dans toute l\u2019Europe<\/p>\n<\/li>\n<\/ul>\n","protected":false},"featured_media":167087,"template":"","meta":{"_acf_changed":false},"product_brand":[],"class_list":{"0":"post-167129","1":"product","2":"type-product","3":"status-publish","4":"has-post-thumbnail","6":"product_cat-green-house","7":"product_cat-fleurs-cbd","8":"product_cat-promotions-cbd","9":"product_cat-packs-cbd","11":"first","12":"outofstock","13":"sale","14":"taxable","15":"shipping-taxable","16":"purchasable","17":"product-type-variable"},"acf":[],"yoast_head":"<!-- This site is optimized with the Yoast SEO plugin v26.3 - https:\/\/yoast.com\/wordpress\/plugins\/seo\/ -->\n<title>Pack OG Kush CBD \u2013 Achetez 2 et recevez-en 3PACK GREENHOUSE The Tree CBD.<\/title>\n<meta name=\"description\" content=\"La l\u00e9gende est de retour, maintenant en format \u00e9conomique. Avec ce Pack OG Kush CBD, pour l&#039;achat de 2 unit\u00e9s, la troisi\u00e8me est offerte. Une occasion parfaite de profiter d&#039;une plus grande quantit\u00e9 de cette g\u00e9n\u00e9tique embl\u00e9matique, sans payer plus.\" \/>\n<meta name=\"robots\" content=\"index, follow, max-snippet:-1, max-image-preview:large, max-video-preview:-1\" \/>\n<link rel=\"canonical\" href=\"https:\/\/thetreecbd.com\/fr\/cbd\/pack-og-kush-cbd\" \/>\n<meta property=\"og:locale\" content=\"fr_FR\" \/>\n<meta property=\"og:type\" content=\"article\" \/>\n<meta property=\"og:title\" content=\"Pack OG Kush CBD \u2013 Achetez 2 et recevez-en 3PACK GREENHOUSE The Tree CBD.\" \/>\n<meta property=\"og:description\" content=\"La l\u00e9gende est de retour, maintenant en format \u00e9conomique. Avec ce Pack OG Kush CBD, pour l&#039;achat de 2 unit\u00e9s, la troisi\u00e8me est offerte. Une occasion parfaite de profiter d&#039;une plus grande quantit\u00e9 de cette g\u00e9n\u00e9tique embl\u00e9matique, sans payer plus.\" \/>\n<meta property=\"og:url\" content=\"https:\/\/thetreecbd.com\/fr\/cbd\/pack-og-kush-cbd\" \/>\n<meta property=\"og:site_name\" content=\"The Tree CBD\" \/>\n<meta property=\"article:publisher\" content=\"https:\/\/www.facebook.com\/thetreeCBD\/\" \/>\n<meta property=\"article:modified_time\" content=\"2025-06-27T12:11:33+00:00\" \/>\n<meta property=\"og:image\" content=\"https:\/\/thetreecbd.com\/wp-content\/uploads\/2025\/05\/og-kush.png\" \/>\n\t<meta property=\"og:image:width\" content=\"1080\" \/>\n\t<meta property=\"og:image:height\" content=\"1350\" \/>\n\t<meta property=\"og:image:type\" content=\"image\/png\" \/>\n<meta name=\"twitter:card\" content=\"summary_large_image\" \/>\n<meta name=\"twitter:site\" content=\"@TheTreeCBD_EU\" \/>\n<meta name=\"twitter:label1\" content=\"Dur\u00e9e de lecture estim\u00e9e\" \/>\n\t<meta name=\"twitter:data1\" content=\"3 minutes\" \/>\n<script type=\"application\/ld+json\" class=\"yoast-schema-graph\">{\"@context\":\"https:\/\/schema.org\",\"@graph\":[{\"@type\":[\"WebPage\",\"ItemPage\"],\"@id\":\"https:\/\/thetreecbd.com\/fr\/cbd\/pack-og-kush-cbd\",\"url\":\"https:\/\/thetreecbd.com\/fr\/cbd\/pack-og-kush-cbd\",\"name\":\"Pack OG Kush CBD \u2013 Achetez 2 et recevez-en 3PACK GREENHOUSE The Tree CBD.\",\"isPartOf\":{\"@id\":\"https:\/\/thetreecbd.com\/fr#website\"},\"primaryImageOfPage\":{\"@id\":\"https:\/\/thetreecbd.com\/fr\/cbd\/pack-og-kush-cbd#primaryimage\"},\"image\":{\"@id\":\"https:\/\/thetreecbd.com\/fr\/cbd\/pack-og-kush-cbd#primaryimage\"},\"thumbnailUrl\":\"https:\/\/thetreecbd.com\/wp-content\/uploads\/2025\/05\/og-kush.png\",\"datePublished\":\"2025-05-30T15:22:19+00:00\",\"dateModified\":\"2025-06-27T12:11:33+00:00\",\"description\":\"La l\u00e9gende est de retour, maintenant en format \u00e9conomique. Avec ce Pack OG Kush CBD, pour l'achat de 2 unit\u00e9s, la troisi\u00e8me est offerte. Une occasion parfaite de profiter d'une plus grande quantit\u00e9 de cette g\u00e9n\u00e9tique embl\u00e9matique, sans payer plus.\",\"breadcrumb\":{\"@id\":\"https:\/\/thetreecbd.com\/fr\/cbd\/pack-og-kush-cbd#breadcrumb\"},\"inLanguage\":\"fr-FR\",\"potentialAction\":[{\"@type\":\"ReadAction\",\"target\":[\"https:\/\/thetreecbd.com\/fr\/cbd\/pack-og-kush-cbd\"]}]},{\"@type\":\"ImageObject\",\"inLanguage\":\"fr-FR\",\"@id\":\"https:\/\/thetreecbd.com\/fr\/cbd\/pack-og-kush-cbd#primaryimage\",\"url\":\"https:\/\/thetreecbd.com\/wp-content\/uploads\/2025\/05\/og-kush.png\",\"contentUrl\":\"https:\/\/thetreecbd.com\/wp-content\/uploads\/2025\/05\/og-kush.png\",\"width\":1080,\"height\":1350},{\"@type\":\"BreadcrumbList\",\"@id\":\"https:\/\/thetreecbd.com\/fr\/cbd\/pack-og-kush-cbd#breadcrumb\",\"itemListElement\":[{\"@type\":\"ListItem\",\"position\":1,\"name\":\"The Tree\",\"item\":\"https:\/\/thetreecbd.com\/fr\"},{\"@type\":\"ListItem\",\"position\":2,\"name\":\"CBD\",\"item\":\"https:\/\/thetreecbd.com\/es\/cbd\"},{\"@type\":\"ListItem\",\"position\":3,\"name\":\"Packs CBD\",\"item\":\"https:\/\/thetreecbd.com\/fr\/packs-cbd\"},{\"@type\":\"ListItem\",\"position\":4,\"name\":\"Pack OG Kush CBD \u2013 Achetez 2 et recevez-en 3\"}]},{\"@type\":\"WebSite\",\"@id\":\"https:\/\/thetreecbd.com\/fr#website\",\"url\":\"https:\/\/thetreecbd.com\/fr\",\"name\":\"The Tree CBD\",\"description\":\"Comprar CBD en Espa\u00f1a Online\",\"publisher\":{\"@id\":\"https:\/\/thetreecbd.com\/fr#organization\"},\"potentialAction\":[{\"@type\":\"SearchAction\",\"target\":{\"@type\":\"EntryPoint\",\"urlTemplate\":\"https:\/\/thetreecbd.com\/fr?s={search_term_string}\"},\"query-input\":{\"@type\":\"PropertyValueSpecification\",\"valueRequired\":true,\"valueName\":\"search_term_string\"}}],\"inLanguage\":\"fr-FR\"},{\"@type\":\"Organization\",\"@id\":\"https:\/\/thetreecbd.com\/fr#organization\",\"name\":\"The Tree CBD\",\"url\":\"https:\/\/thetreecbd.com\/fr\",\"logo\":{\"@type\":\"ImageObject\",\"inLanguage\":\"fr-FR\",\"@id\":\"https:\/\/thetreecbd.com\/fr#\/schema\/logo\/image\/\",\"url\":\"https:\/\/thetreecbd.com\/wp-content\/uploads\/2022\/04\/logo-thetree.png\",\"contentUrl\":\"https:\/\/thetreecbd.com\/wp-content\/uploads\/2022\/04\/logo-thetree.png\",\"width\":172,\"height\":55,\"caption\":\"The Tree CBD\"},\"image\":{\"@id\":\"https:\/\/thetreecbd.com\/fr#\/schema\/logo\/image\/\"},\"sameAs\":[\"https:\/\/www.facebook.com\/thetreeCBD\/\",\"https:\/\/x.com\/TheTreeCBD_EU\",\"https:\/\/www.instagram.com\/thetree.cbd\/\",\"https:\/\/es.trustpilot.com\/review\/thetreecbd.com\"]}]}<\/script>\n<!-- \/ Yoast SEO plugin. -->","yoast_head_json":{"title":"Pack OG Kush CBD \u2013 Achetez 2 et recevez-en 3PACK GREENHOUSE The Tree CBD.","description":"La l\u00e9gende est de retour, maintenant en format \u00e9conomique. Avec ce Pack OG Kush CBD, pour l'achat de 2 unit\u00e9s, la troisi\u00e8me est offerte. Une occasion parfaite de profiter d'une plus grande quantit\u00e9 de cette g\u00e9n\u00e9tique embl\u00e9matique, sans payer plus.","robots":{"index":"index","follow":"follow","max-snippet":"max-snippet:-1","max-image-preview":"max-image-preview:large","max-video-preview":"max-video-preview:-1"},"canonical":"https:\/\/thetreecbd.com\/fr\/cbd\/pack-og-kush-cbd","og_locale":"fr_FR","og_type":"article","og_title":"Pack OG Kush CBD \u2013 Achetez 2 et recevez-en 3PACK GREENHOUSE The Tree CBD.","og_description":"La l\u00e9gende est de retour, maintenant en format \u00e9conomique. Avec ce Pack OG Kush CBD, pour l'achat de 2 unit\u00e9s, la troisi\u00e8me est offerte. Une occasion parfaite de profiter d'une plus grande quantit\u00e9 de cette g\u00e9n\u00e9tique embl\u00e9matique, sans payer plus.","og_url":"https:\/\/thetreecbd.com\/fr\/cbd\/pack-og-kush-cbd","og_site_name":"The Tree CBD","article_publisher":"https:\/\/www.facebook.com\/thetreeCBD\/","article_modified_time":"2025-06-27T12:11:33+00:00","og_image":[{"width":1080,"height":1350,"url":"https:\/\/thetreecbd.com\/wp-content\/uploads\/2025\/05\/og-kush.png","type":"image\/png"}],"twitter_card":"summary_large_image","twitter_site":"@TheTreeCBD_EU","twitter_misc":{"Dur\u00e9e de lecture estim\u00e9e":"3 minutes"},"schema":{"@context":"https:\/\/schema.org","@graph":[{"@type":["WebPage","ItemPage"],"@id":"https:\/\/thetreecbd.com\/fr\/cbd\/pack-og-kush-cbd","url":"https:\/\/thetreecbd.com\/fr\/cbd\/pack-og-kush-cbd","name":"Pack OG Kush CBD \u2013 Achetez 2 et recevez-en 3PACK GREENHOUSE The Tree CBD.","isPartOf":{"@id":"https:\/\/thetreecbd.com\/fr#website"},"primaryImageOfPage":{"@id":"https:\/\/thetreecbd.com\/fr\/cbd\/pack-og-kush-cbd#primaryimage"},"image":{"@id":"https:\/\/thetreecbd.com\/fr\/cbd\/pack-og-kush-cbd#primaryimage"},"thumbnailUrl":"https:\/\/thetreecbd.com\/wp-content\/uploads\/2025\/05\/og-kush.png","datePublished":"2025-05-30T15:22:19+00:00","dateModified":"2025-06-27T12:11:33+00:00","description":"La l\u00e9gende est de retour, maintenant en format \u00e9conomique. Avec ce Pack OG Kush CBD, pour l'achat de 2 unit\u00e9s, la troisi\u00e8me est offerte. Une occasion parfaite de profiter d'une plus grande quantit\u00e9 de cette g\u00e9n\u00e9tique embl\u00e9matique, sans payer plus.","breadcrumb":{"@id":"https:\/\/thetreecbd.com\/fr\/cbd\/pack-og-kush-cbd#breadcrumb"},"inLanguage":"fr-FR","potentialAction":[{"@type":"ReadAction","target":["https:\/\/thetreecbd.com\/fr\/cbd\/pack-og-kush-cbd"]}]},{"@type":"ImageObject","inLanguage":"fr-FR","@id":"https:\/\/thetreecbd.com\/fr\/cbd\/pack-og-kush-cbd#primaryimage","url":"https:\/\/thetreecbd.com\/wp-content\/uploads\/2025\/05\/og-kush.png","contentUrl":"https:\/\/thetreecbd.com\/wp-content\/uploads\/2025\/05\/og-kush.png","width":1080,"height":1350},{"@type":"BreadcrumbList","@id":"https:\/\/thetreecbd.com\/fr\/cbd\/pack-og-kush-cbd#breadcrumb","itemListElement":[{"@type":"ListItem","position":1,"name":"The Tree","item":"https:\/\/thetreecbd.com\/fr"},{"@type":"ListItem","position":2,"name":"CBD","item":"https:\/\/thetreecbd.com\/es\/cbd"},{"@type":"ListItem","position":3,"name":"Packs CBD","item":"https:\/\/thetreecbd.com\/fr\/packs-cbd"},{"@type":"ListItem","position":4,"name":"Pack OG Kush CBD \u2013 Achetez 2 et recevez-en 3"}]},{"@type":"WebSite","@id":"https:\/\/thetreecbd.com\/fr#website","url":"https:\/\/thetreecbd.com\/fr","name":"The Tree CBD","description":"Comprar CBD en Espa\u00f1a Online","publisher":{"@id":"https:\/\/thetreecbd.com\/fr#organization"},"potentialAction":[{"@type":"SearchAction","target":{"@type":"EntryPoint","urlTemplate":"https:\/\/thetreecbd.com\/fr?s={search_term_string}"},"query-input":{"@type":"PropertyValueSpecification","valueRequired":true,"valueName":"search_term_string"}}],"inLanguage":"fr-FR"},{"@type":"Organization","@id":"https:\/\/thetreecbd.com\/fr#organization","name":"The Tree CBD","url":"https:\/\/thetreecbd.com\/fr","logo":{"@type":"ImageObject","inLanguage":"fr-FR","@id":"https:\/\/thetreecbd.com\/fr#\/schema\/logo\/image\/","url":"https:\/\/thetreecbd.com\/wp-content\/uploads\/2022\/04\/logo-thetree.png","contentUrl":"https:\/\/thetreecbd.com\/wp-content\/uploads\/2022\/04\/logo-thetree.png","width":172,"height":55,"caption":"The Tree CBD"},"image":{"@id":"https:\/\/thetreecbd.com\/fr#\/schema\/logo\/image\/"},"sameAs":["https:\/\/www.facebook.com\/thetreeCBD\/","https:\/\/x.com\/TheTreeCBD_EU","https:\/\/www.instagram.com\/thetree.cbd\/","https:\/\/es.trustpilot.com\/review\/thetreecbd.com"]}]}},"_links":{"self":[{"href":"https:\/\/thetreecbd.com\/fr\/wp-json\/wp\/v2\/product\/167129","targetHints":{"allow":["GET"]}}],"collection":[{"href":"https:\/\/thetreecbd.com\/fr\/wp-json\/wp\/v2\/product"}],"about":[{"href":"https:\/\/thetreecbd.com\/fr\/wp-json\/wp\/v2\/types\/product"}],"version-history":[{"count":0,"href":"https:\/\/thetreecbd.com\/fr\/wp-json\/wp\/v2\/product\/167129\/revisions"}],"wp:featuredmedia":[{"embeddable":true,"href":"https:\/\/thetreecbd.com\/fr\/wp-json\/wp\/v2\/media\/167087"}],"wp:attachment":[{"href":"https:\/\/thetreecbd.com\/fr\/wp-json\/wp\/v2\/media?parent=167129"}],"wp:term":[{"taxonomy":"product_brand","embeddable":true,"href":"https:\/\/thetreecbd.com\/fr\/wp-json\/wp\/v2\/product_brand?post=167129"}],"curies":[{"name":"wp","href":"https:\/\/api.w.org\/{rel}","templated":true}]}}