{"id":168197,"date":"2025-06-12T16:39:51","date_gmt":"2025-06-12T14:39:51","guid":{"rendered":"https:\/\/thetreecbd.com\/cbd\/petite-fleur-the-runtz-cbd"},"modified":"2025-10-26T14:31:59","modified_gmt":"2025-10-26T13:31:59","slug":"petite-fleur-the-runtz-cbd","status":"publish","type":"product","link":"https:\/\/thetreecbd.com\/fr\/cbd\/petite-fleur-the-runtz-cbd","title":{"rendered":"Petite fleur The Runtz CBD"},"content":{"rendered":"<div id=\"model-response-message-contentr_8f137fb0a451460d\" class=\"markdown markdown-main-panel enable-updated-hr-color\" dir=\"ltr\">\n<hr data-sourcepos=\"1:1-1:3\" \/>\n<p data-sourcepos=\"4:1-4:223\">Le produit <strong>The Runtz CBD petites t\u00eates<\/strong> est l&#8217;une des <strong>nouveaut\u00e9s du catalogue<\/strong> de The Tree CBD, offrant un prix attractif pour toutes les bourses. Ce produit combine tous les aspects positifs de nos g\u00e9n\u00e9tiques indoor.<\/p>\n<p data-sourcepos=\"6:1-6:230\">Dans ce cas, les <strong>plus petites t\u00eates et fleurs de CBD<\/strong> de toutes les plantes de cannabis CBD l\u00e9gal sont r\u00e9colt\u00e9es pour vous apporter un produit d&#8217;une qualit\u00e9 \u00e9gale \u00e0 toutes les vari\u00e9t\u00e9s de The Tree CBD, \u00e0 un prix plus abordable.<\/p>\n<p data-sourcepos=\"8:1-8:632\">La fleur de CBD Runtz de The Tree CBD se caract\u00e9rise par son aspect vibrant et attrayant. Les t\u00eates sont compactes et denses, ce qui indique une haute qualit\u00e9 et une culture soign\u00e9e. Les fleurs pr\u00e9sentent une gamme de couleurs allant d&#8217;un vert \u00e9clatant \u00e0 des tons plus fonc\u00e9s, presque violets, qui t\u00e9moignent de leur g\u00e9n\u00e9tique diverse. Cette richesse chromatique est compl\u00e9t\u00e9e par une abondante couche de trichomes cristallins, donnant \u00e0 la fleur un aspect givr\u00e9 et chatoyant sous la lumi\u00e8re. Les pistils, allant de l&#8217;orange au rouge fonc\u00e9, s&#8217;entrelacent avec les t\u00eates, ajoutant un contraste visuel qui rehausse encore leur beaut\u00e9.<\/p>\n<p data-sourcepos=\"10:1-10:493\">La fleur de CBD Runtz de The Tree CBD provient d&#8217;une <strong>g\u00e9n\u00e9tique exceptionnelle<\/strong>, \u00e9tant un croisement entre les vari\u00e9t\u00e9s <strong>Gelato et Zkittlez<\/strong>, deux souches tr\u00e8s reconnues et appr\u00e9ci\u00e9es dans le monde du cannabis. Cette combinaison g\u00e9n\u00e9tique est responsable de la richesse de ses caract\u00e9ristiques organoleptiques. Gelato apporte une structure robuste et une haute densit\u00e9 de trichomes, tandis que Zkittlez contribue avec son profil terp\u00e9nique unique et son impressionnante palette de saveurs.<\/p>\n<p data-sourcepos=\"12:1-12:468\">La g\u00e9n\u00e9tique Runtz est r\u00e9put\u00e9e pour son \u00e9quilibre et la complexit\u00e9 qu&#8217;elle apporte aux fleurs r\u00e9sultantes. Cette <strong>souche hybride combine le meilleur de ses parents<\/strong>, offrant une structure de t\u00eates dense et r\u00e9sineuse, ainsi qu&#8217;un profil terp\u00e9nique qui va du doux et fruit\u00e9 au terreux et \u00e9pic\u00e9. Cet \u00e9quilibre fait de la fleur de CBD Runtz non seulement un plaisir pour la vue et l&#8217;odorat, mais aussi un t\u00e9moignage de l&#8217;art de l&#8217;hybridation dans la culture du cannabis.<\/p>\n<hr data-sourcepos=\"14:1-14:3\" \/>\n<h3 data-sourcepos=\"16:1-16:48\">Caract\u00e9ristiques du Cannabis l\u00e9gal Runtz CBD<\/h3>\n<ul data-sourcepos=\"18:1-27:0\">\n<li data-sourcepos=\"18:1-18:18\">T\u00eates de chanvre<\/li>\n<li data-sourcepos=\"19:1-19:24\">Ar\u00f4mes doux et fruit\u00e9s<\/li>\n<li data-sourcepos=\"20:1-20:28\">Moins de <strong>0,20 % de THC<\/strong><\/li>\n<li data-sourcepos=\"21:1-21:17\"><strong>18 % de CBD<\/strong><\/li>\n<li data-sourcepos=\"22:1-22:35\">G\u00e9n\u00e9tique : <strong>Gelato x Zkittlez<\/strong><\/li>\n<li data-sourcepos=\"23:1-23:26\">Sans effets psychoactifs<\/li>\n<li data-sourcepos=\"24:1-24:32\">Cultiv\u00e9es de mani\u00e8re organique<\/li>\n<li data-sourcepos=\"25:1-25:10\">Sans OGM<\/li>\n<li data-sourcepos=\"26:1-27:0\">Sans pesticides<\/li>\n<\/ul>\n<hr data-sourcepos=\"28:1-28:3\" \/>\n<h3 data-sourcepos=\"30:1-30:19\">Ar\u00f4me Runtz CBD<\/h3>\n<p data-sourcepos=\"32:1-32:637\">Le profil aromatique de la fleur de CBD Runtz est une combinaison sophistiqu\u00e9e de douceur et de notes fruit\u00e9es, compl\u00e9t\u00e9e par des touches terreuses et bois\u00e9es gr\u00e2ce \u00e0 son riche profil terp\u00e9nique. La pr\u00e9sence de caryophyll\u00e8ne ajoute une base \u00e9pic\u00e9e, tandis que l&#8217;humul\u00e8ne contribue avec des notes terreuses et herbac\u00e9es. Le linalol, quant \u00e0 lui, apporte une nuance florale et citronn\u00e9e, arrondissant l&#8217;ar\u00f4me de mani\u00e8re d\u00e9licate et complexe. En ouvrant un flacon, une fragrance se lib\u00e8re qui rappelle les fruits tropicaux comme la mangue et l&#8217;ananas, avec un fond cr\u00e9meux et sucr\u00e9 qui compl\u00e8te parfaitement les autres \u00e9l\u00e9ments aromatiques.<\/p>\n<hr data-sourcepos=\"34:1-34:3\" \/>\n<h3 data-sourcepos=\"36:1-36:23\">Profil des terp\u00e8nes<\/h3>\n<p>Caryophyll\u00e8ne<\/p>\n<p>Le caryophyll\u00e8ne est un terp\u00e8ne que l&#8217;on trouve couramment dans de nombreuses plantes, y compris le poivre noir, le clou de girofle et certaines vari\u00e9t\u00e9s de cannabis. Il est connu pour son ar\u00f4me piquant et bois\u00e9, qui ajoute une couche de complexit\u00e9 au profil olfactif de la fleur de CBD Runtz.<\/p>\n<ul data-sourcepos=\"41:1-43:0\">\n<li data-sourcepos=\"41:1-41:129\"><strong>Ar\u00f4me :<\/strong> Le caryophyll\u00e8ne offre un ar\u00f4me chaud et \u00e9pic\u00e9, souvent d\u00e9crit comme similaire au clou de girofle ou \u00e0 la cannelle.<\/li>\n<li data-sourcepos=\"42:1-43:0\"><strong>Caract\u00e9ristiques :<\/strong> Ce terp\u00e8ne est unique car il peut \u00e9galement agir comme un cannabino\u00efde, se liant aux r\u00e9cepteurs CB2 du syst\u00e8me endocannabino\u00efde. Bien que ses propri\u00e9t\u00e9s ne soient pas explor\u00e9es dans cette description, il est int\u00e9ressant de noter cette double fonctionnalit\u00e9.<\/li>\n<\/ul>\n<p>Humul\u00e8ne<\/p>\n<p>L&#8217;humul\u00e8ne est un autre terp\u00e8ne que l&#8217;on trouve en abondance dans la fleur de CBD Runtz. Ce terp\u00e8ne est \u00e9galement commun dans le houblon, utilis\u00e9 dans la fabrication de la bi\u00e8re, et dans la sauge.<\/p>\n<ul data-sourcepos=\"47:1-49:0\">\n<li data-sourcepos=\"47:1-47:134\"><strong>Ar\u00f4me :<\/strong> L&#8217;humul\u00e8ne a un ar\u00f4me terreux et bois\u00e9, avec une touche d&#8217;\u00e9pices qui compl\u00e8te le profil aromatique g\u00e9n\u00e9ral de la souche.<\/li>\n<li data-sourcepos=\"48:1-49:0\"><strong>Caract\u00e9ristiques :<\/strong> Sa pr\u00e9sence contribue \u00e0 la profondeur et \u00e0 la robustesse de l&#8217;ar\u00f4me de la fleur, ajoutant un \u00e9quilibre entre les notes douces et fruit\u00e9es avec un arri\u00e8re-plan plus terreux et herbac\u00e9.<\/li>\n<\/ul>\n<p>Linalol<\/p>\n<p>Le linalol est un terp\u00e8ne largement reconnu pour sa pr\u00e9sence dans la lavande et de nombreuses fleurs et \u00e9pices aromatiques. C&#8217;est l&#8217;un des terp\u00e8nes les plus agr\u00e9ables et doux en termes d&#8217;ar\u00f4me.<\/p>\n<ul data-sourcepos=\"53:1-55:0\">\n<li data-sourcepos=\"53:1-53:150\"><strong>Ar\u00f4me :<\/strong> Le linalol se caract\u00e9rise par sa fragrance florale et l\u00e9g\u00e8rement citronn\u00e9e, \u00e9voquant la lavande fra\u00eeche et les nuances d&#8217;agrumes douces.<\/li>\n<li data-sourcepos=\"54:1-55:0\"><strong>Caract\u00e9ristiques :<\/strong> Ce terp\u00e8ne apporte une note florale qui se m\u00e9lange harmonieusement avec les autres terp\u00e8nes pr\u00e9sents dans la fleur de CBD Runtz, contribuant \u00e0 une exp\u00e9rience olfactive \u00e9quilibr\u00e9e et agr\u00e9able.<\/li>\n<\/ul>\n<hr data-sourcepos=\"56:1-56:3\" \/>\n<h3 data-sourcepos=\"58:1-58:21\">Utilisateur cibl\u00e9<\/h3>\n<p data-sourcepos=\"60:1-60:219\">Les fleurs de culture int\u00e9rieure sont destin\u00e9es \u00e0 ceux qui recherchent une garantie de qualit\u00e9, car la culture en int\u00e9rieur permet de cr\u00e9er des fleurs homog\u00e8nes avec une couleur verte et une concentration \u00e9lev\u00e9e de CBD.<\/p>\n<p data-sourcepos=\"62:1-62:217\">La culture int\u00e9rieure est, sans aucun doute, une m\u00e9thode de culture beaucoup plus technique, o\u00f9 l&#8217;on peut contr\u00f4ler le milieu dans lequel une plante pousse pour obtenir les r\u00e9sultats pr\u00e9f\u00e9r\u00e9s par le <span class=\"citation-12\">cultivateur.<\/span><\/p>\n<p data-sourcepos=\"64:1-64:326\"><span class=\"citation-12 citation-end-12\">C&#8217;est la m\u00e9thode pr\u00e9f\u00e9r\u00e9e \u00e0 des fins m\u00e9dicinales, car de cette mani\u00e8re, le contr\u00f4le du climat et de la lumi\u00e8re peut \u00eatre<sup class=\"superscript\" data-turn-source-index=\"1\">1<\/sup><\/span> obtenu, standardisant le produit au maximum possible ; il ne faut pas oublier que la variabilit\u00e9 du pourcentage de CBD et d&#8217;autres cannabino\u00efdes d\u00e9pend beaucoup du milieu dans lequel il est cultiv\u00e9.<\/p>\n<p data-sourcepos=\"66:1-66:255\">Avec un contr\u00f4le climatique et nutritif, tant au niveau du support racinaire que des <span class=\"citation-11 citation-end-11\">heures de lumi\u00e8re, nous nous assurerons que le produit sera homog\u00e8ne et nous obtiendrons toujours une garantie de qualit\u00e9 avec<sup class=\"superscript\" data-turn-source-index=\"2\">2<\/sup><\/span> les fleurs de CBD d&#8217;int\u00e9rieur.<\/p>\n<p data-sourcepos=\"68:1-68:280\">Du point de vue des consommateurs, l&#8217;indoor peut \u00eatre pr\u00e9f\u00e9rable pour les raisons mentionn\u00e9es pr\u00e9c\u00e9demment, garantie de qualit\u00e9, <span class=\"citation-10 citation-end-10\">et les fleurs de CBD d&#8217;int\u00e9rieur sont \u00e9galement connues pour leur apparence, g\u00e9n\u00e9ralement plus r\u00e9sineuse et d&#8217;une couleur verte plus<sup class=\"superscript\" data-turn-source-index=\"3\">3<\/sup><\/span> vive.<\/p>\n<hr data-sourcepos=\"70:1-70:3\" \/>\n<h3 data-sourcepos=\"72:1-72:28\">Informations de s\u00e9curit\u00e9<\/h3>\n<p data-sourcepos=\"74:1-74:212\">Veuillez noter que les t\u00eates de CBD de The Tree sont un produit d\u00e9coratif, de collection et aromatique. Elles ne doivent pas \u00eatre utilis\u00e9es pendant la grossesse ou l&#8217;allaitement. Tenir hors de port\u00e9e des enfants.<\/p>\n<p data-sourcepos=\"76:1-76:138\">Nos t\u00eates de CBD peuvent contenir une certaine quantit\u00e9 de THC. Bien s\u00fbr, cela est en dessous de la limite de <span class=\"citation-9\">l&#8217;UE de 0,2 % de THC.<\/span><\/p>\n<p data-sourcepos=\"78:1-78:262\"><span class=\"citation-9 citation-end-9\">Le contenu fourni est uniquement \u00e0 des fins d&#8217;information et de formation et ne remplace en aucun cas<sup class=\"superscript\" data-turn-source-index=\"4\">4<\/sup><\/span> un <span class=\"citation-8 citation-end-8\">avis m\u00e9dical d&#8217;un m\u00e9decin ou d&#8217;un pharmacien. Nos textes ne sont pas destin\u00e9s au diagnostic et au traitement ind\u00e9pendants<sup class=\"superscript\" data-turn-source-index=\"5\">5<\/sup><\/span> de maladies.<\/p>\n<p data-sourcepos=\"80:1-80:63\">N&#8217;h\u00e9sitez pas \u00e0 nous contacter si vous avez d&#8217;autres questions.<\/p>\n<hr data-sourcepos=\"82:1-82:3\" \/>\n<h3 data-sourcepos=\"84:1-84:12\">Stockage<\/h3>\n<p data-sourcepos=\"86:1-86:259\">Id\u00e9alement, les t\u00eates de CBD de The Tree doivent \u00eatre conserv\u00e9es dans un endroit frais et sec, \u00e0 l&#8217;abri de la lumi\u00e8re et des odeurs fortes afin d<span class=\"citation-7\">&#8216;\u00e9viter tout type de contamination et\/ou de d\u00e9gradation. \u00c9vitez la lumi\u00e8re directe du soleil et la chaleur.<\/span><\/p>\n<p data-sourcepos=\"88:1-88:99\"><strong><span class=\"citation-7\">Attention :<\/span><\/strong><span class=\"citation-7 citation-end-7\"> La dur\u00e9e de conservation indiqu\u00e9e est<sup class=\"superscript\" data-turn-source-index=\"6\">6<\/sup><\/span> d&#8217;un mois si le stockage est correct.<\/p>\n<\/div>\n","protected":false},"excerpt":{"rendered":"<ul>\n<li><strong>Fleurs de chanvre<\/strong><\/li>\n<li><strong>Ar\u00f4mes doux et fruit\u00e9s<\/strong><\/li>\n<li><strong>Moins de 0,20 % de THC<\/strong><\/li>\n<li><strong>18 % de CBD<\/strong><\/li>\n<li><strong>G\u00e9n\u00e9tique : Gelato x Zkittlez<\/strong><\/li>\n<li><strong>Sans effets psychoactifs<\/strong><\/li>\n<li><strong>Cultiv\u00e9es de mani\u00e8re organique<\/strong><\/li>\n<li><strong>Sans OGM<\/strong><\/li>\n<li><strong>Sans pesticides<\/strong><\/li>\n<\/ul>\n","protected":false},"featured_media":158309,"template":"","meta":{"_acf_changed":false},"product_brand":[],"class_list":{"0":"post-168197","1":"product","2":"type-product","3":"status-publish","4":"has-post-thumbnail","6":"product_cat-fleurs-cbd","7":"product_cat-fleurs-petites","8":"product_cat-cbd-concentrees-20","10":"first","11":"instock","12":"taxable","13":"shipping-taxable","14":"purchasable","15":"product-type-variable"},"acf":[],"yoast_head":"<!-- This site is optimized with the Yoast SEO plugin v26.3 - https:\/\/yoast.com\/wordpress\/plugins\/seo\/ -->\n<title>Petite fleur The Runtz CBD 18% CBD cannabis legal - The Tree CBD<\/title>\n<meta name=\"description\" content=\"La fleur de CBD Runtz de The Tree CBD provient d&#039;une g\u00e9n\u00e9tique exceptionnelle, \u00e9tant un croisement entre les vari\u00e9t\u00e9s Gelato et Zkittlez.\" \/>\n<meta name=\"robots\" content=\"index, follow, max-snippet:-1, max-image-preview:large, max-video-preview:-1\" \/>\n<link rel=\"canonical\" href=\"https:\/\/thetreecbd.com\/fr\/cbd\/petite-fleur-the-runtz-cbd\" \/>\n<meta property=\"og:locale\" content=\"fr_FR\" \/>\n<meta property=\"og:type\" content=\"article\" \/>\n<meta property=\"og:title\" content=\"Petite fleur The Runtz CBD 18% CBD cannabis legal - The Tree CBD\" \/>\n<meta property=\"og:description\" content=\"La fleur de CBD Runtz de The Tree CBD provient d&#039;une g\u00e9n\u00e9tique exceptionnelle, \u00e9tant un croisement entre les vari\u00e9t\u00e9s Gelato et Zkittlez.\" \/>\n<meta property=\"og:url\" content=\"https:\/\/thetreecbd.com\/fr\/cbd\/petite-fleur-the-runtz-cbd\" \/>\n<meta property=\"og:site_name\" content=\"The Tree CBD\" \/>\n<meta property=\"article:publisher\" content=\"https:\/\/www.facebook.com\/thetreeCBD\/\" \/>\n<meta property=\"article:modified_time\" content=\"2025-10-26T13:31:59+00:00\" \/>\n<meta property=\"og:image\" content=\"https:\/\/thetreecbd.com\/wp-content\/uploads\/2025\/01\/Malibu_Exotic_Heap_1.48.1-scaled-e1740645317417.jpeg\" \/>\n\t<meta property=\"og:image:width\" content=\"1152\" \/>\n\t<meta property=\"og:image:height\" content=\"1198\" \/>\n\t<meta property=\"og:image:type\" content=\"image\/jpeg\" \/>\n<meta name=\"twitter:card\" content=\"summary_large_image\" \/>\n<meta name=\"twitter:site\" content=\"@TheTreeCBD_EU\" \/>\n<meta name=\"twitter:label1\" content=\"Dur\u00e9e de lecture estim\u00e9e\" \/>\n\t<meta name=\"twitter:data1\" content=\"7 minutes\" \/>\n<script type=\"application\/ld+json\" class=\"yoast-schema-graph\">{\"@context\":\"https:\/\/schema.org\",\"@graph\":[{\"@type\":[\"WebPage\",\"ItemPage\"],\"@id\":\"https:\/\/thetreecbd.com\/fr\/cbd\/petite-fleur-the-runtz-cbd\",\"url\":\"https:\/\/thetreecbd.com\/fr\/cbd\/petite-fleur-the-runtz-cbd\",\"name\":\"Petite fleur The Runtz CBD 18% CBD cannabis legal - The Tree CBD\",\"isPartOf\":{\"@id\":\"https:\/\/thetreecbd.com\/fr#website\"},\"primaryImageOfPage\":{\"@id\":\"https:\/\/thetreecbd.com\/fr\/cbd\/petite-fleur-the-runtz-cbd#primaryimage\"},\"image\":{\"@id\":\"https:\/\/thetreecbd.com\/fr\/cbd\/petite-fleur-the-runtz-cbd#primaryimage\"},\"thumbnailUrl\":\"https:\/\/thetreecbd.com\/wp-content\/uploads\/2025\/01\/Malibu_Exotic_Heap_1.48.1-scaled-e1740645317417.jpeg\",\"datePublished\":\"2025-06-12T14:39:51+00:00\",\"dateModified\":\"2025-10-26T13:31:59+00:00\",\"description\":\"La fleur de CBD Runtz de The Tree CBD provient d'une g\u00e9n\u00e9tique exceptionnelle, \u00e9tant un croisement entre les vari\u00e9t\u00e9s Gelato et Zkittlez.\",\"breadcrumb\":{\"@id\":\"https:\/\/thetreecbd.com\/fr\/cbd\/petite-fleur-the-runtz-cbd#breadcrumb\"},\"inLanguage\":\"fr-FR\",\"potentialAction\":[{\"@type\":\"ReadAction\",\"target\":[\"https:\/\/thetreecbd.com\/fr\/cbd\/petite-fleur-the-runtz-cbd\"]}]},{\"@type\":\"ImageObject\",\"inLanguage\":\"fr-FR\",\"@id\":\"https:\/\/thetreecbd.com\/fr\/cbd\/petite-fleur-the-runtz-cbd#primaryimage\",\"url\":\"https:\/\/thetreecbd.com\/wp-content\/uploads\/2025\/01\/Malibu_Exotic_Heap_1.48.1-scaled-e1740645317417.jpeg\",\"contentUrl\":\"https:\/\/thetreecbd.com\/wp-content\/uploads\/2025\/01\/Malibu_Exotic_Heap_1.48.1-scaled-e1740645317417.jpeg\",\"width\":1152,\"height\":1198},{\"@type\":\"BreadcrumbList\",\"@id\":\"https:\/\/thetreecbd.com\/fr\/cbd\/petite-fleur-the-runtz-cbd#breadcrumb\",\"itemListElement\":[{\"@type\":\"ListItem\",\"position\":1,\"name\":\"The Tree\",\"item\":\"https:\/\/thetreecbd.com\/fr\"},{\"@type\":\"ListItem\",\"position\":2,\"name\":\"CBD\",\"item\":\"https:\/\/thetreecbd.com\/es\/cbd\"},{\"@type\":\"ListItem\",\"position\":3,\"name\":\"Fleurs de chanvre. Fleurs de CBD\",\"item\":\"https:\/\/thetreecbd.com\/fr\/fleurs-cbd\"},{\"@type\":\"ListItem\",\"position\":4,\"name\":\"Fleurs et petits bourgeons CBD\",\"item\":\"https:\/\/thetreecbd.com\/fr\/fleurs-cbd\/fleurs-petites\"},{\"@type\":\"ListItem\",\"position\":5,\"name\":\"Petite fleur The Runtz CBD\"}]},{\"@type\":\"WebSite\",\"@id\":\"https:\/\/thetreecbd.com\/fr#website\",\"url\":\"https:\/\/thetreecbd.com\/fr\",\"name\":\"The Tree CBD\",\"description\":\"Comprar CBD en Espa\u00f1a Online\",\"publisher\":{\"@id\":\"https:\/\/thetreecbd.com\/fr#organization\"},\"potentialAction\":[{\"@type\":\"SearchAction\",\"target\":{\"@type\":\"EntryPoint\",\"urlTemplate\":\"https:\/\/thetreecbd.com\/fr?s={search_term_string}\"},\"query-input\":{\"@type\":\"PropertyValueSpecification\",\"valueRequired\":true,\"valueName\":\"search_term_string\"}}],\"inLanguage\":\"fr-FR\"},{\"@type\":\"Organization\",\"@id\":\"https:\/\/thetreecbd.com\/fr#organization\",\"name\":\"The Tree CBD\",\"url\":\"https:\/\/thetreecbd.com\/fr\",\"logo\":{\"@type\":\"ImageObject\",\"inLanguage\":\"fr-FR\",\"@id\":\"https:\/\/thetreecbd.com\/fr#\/schema\/logo\/image\/\",\"url\":\"https:\/\/thetreecbd.com\/wp-content\/uploads\/2022\/04\/logo-thetree.png\",\"contentUrl\":\"https:\/\/thetreecbd.com\/wp-content\/uploads\/2022\/04\/logo-thetree.png\",\"width\":172,\"height\":55,\"caption\":\"The Tree CBD\"},\"image\":{\"@id\":\"https:\/\/thetreecbd.com\/fr#\/schema\/logo\/image\/\"},\"sameAs\":[\"https:\/\/www.facebook.com\/thetreeCBD\/\",\"https:\/\/x.com\/TheTreeCBD_EU\",\"https:\/\/www.instagram.com\/thetree.cbd\/\",\"https:\/\/es.trustpilot.com\/review\/thetreecbd.com\"]}]}<\/script>\n<!-- \/ Yoast SEO plugin. -->","yoast_head_json":{"title":"Petite fleur The Runtz CBD 18% CBD cannabis legal - The Tree CBD","description":"La fleur de CBD Runtz de The Tree CBD provient d'une g\u00e9n\u00e9tique exceptionnelle, \u00e9tant un croisement entre les vari\u00e9t\u00e9s Gelato et Zkittlez.","robots":{"index":"index","follow":"follow","max-snippet":"max-snippet:-1","max-image-preview":"max-image-preview:large","max-video-preview":"max-video-preview:-1"},"canonical":"https:\/\/thetreecbd.com\/fr\/cbd\/petite-fleur-the-runtz-cbd","og_locale":"fr_FR","og_type":"article","og_title":"Petite fleur The Runtz CBD 18% CBD cannabis legal - The Tree CBD","og_description":"La fleur de CBD Runtz de The Tree CBD provient d'une g\u00e9n\u00e9tique exceptionnelle, \u00e9tant un croisement entre les vari\u00e9t\u00e9s Gelato et Zkittlez.","og_url":"https:\/\/thetreecbd.com\/fr\/cbd\/petite-fleur-the-runtz-cbd","og_site_name":"The Tree CBD","article_publisher":"https:\/\/www.facebook.com\/thetreeCBD\/","article_modified_time":"2025-10-26T13:31:59+00:00","og_image":[{"width":1152,"height":1198,"url":"https:\/\/thetreecbd.com\/wp-content\/uploads\/2025\/01\/Malibu_Exotic_Heap_1.48.1-scaled-e1740645317417.jpeg","type":"image\/jpeg"}],"twitter_card":"summary_large_image","twitter_site":"@TheTreeCBD_EU","twitter_misc":{"Dur\u00e9e de lecture estim\u00e9e":"7 minutes"},"schema":{"@context":"https:\/\/schema.org","@graph":[{"@type":["WebPage","ItemPage"],"@id":"https:\/\/thetreecbd.com\/fr\/cbd\/petite-fleur-the-runtz-cbd","url":"https:\/\/thetreecbd.com\/fr\/cbd\/petite-fleur-the-runtz-cbd","name":"Petite fleur The Runtz CBD 18% CBD cannabis legal - The Tree CBD","isPartOf":{"@id":"https:\/\/thetreecbd.com\/fr#website"},"primaryImageOfPage":{"@id":"https:\/\/thetreecbd.com\/fr\/cbd\/petite-fleur-the-runtz-cbd#primaryimage"},"image":{"@id":"https:\/\/thetreecbd.com\/fr\/cbd\/petite-fleur-the-runtz-cbd#primaryimage"},"thumbnailUrl":"https:\/\/thetreecbd.com\/wp-content\/uploads\/2025\/01\/Malibu_Exotic_Heap_1.48.1-scaled-e1740645317417.jpeg","datePublished":"2025-06-12T14:39:51+00:00","dateModified":"2025-10-26T13:31:59+00:00","description":"La fleur de CBD Runtz de The Tree CBD provient d'une g\u00e9n\u00e9tique exceptionnelle, \u00e9tant un croisement entre les vari\u00e9t\u00e9s Gelato et Zkittlez.","breadcrumb":{"@id":"https:\/\/thetreecbd.com\/fr\/cbd\/petite-fleur-the-runtz-cbd#breadcrumb"},"inLanguage":"fr-FR","potentialAction":[{"@type":"ReadAction","target":["https:\/\/thetreecbd.com\/fr\/cbd\/petite-fleur-the-runtz-cbd"]}]},{"@type":"ImageObject","inLanguage":"fr-FR","@id":"https:\/\/thetreecbd.com\/fr\/cbd\/petite-fleur-the-runtz-cbd#primaryimage","url":"https:\/\/thetreecbd.com\/wp-content\/uploads\/2025\/01\/Malibu_Exotic_Heap_1.48.1-scaled-e1740645317417.jpeg","contentUrl":"https:\/\/thetreecbd.com\/wp-content\/uploads\/2025\/01\/Malibu_Exotic_Heap_1.48.1-scaled-e1740645317417.jpeg","width":1152,"height":1198},{"@type":"BreadcrumbList","@id":"https:\/\/thetreecbd.com\/fr\/cbd\/petite-fleur-the-runtz-cbd#breadcrumb","itemListElement":[{"@type":"ListItem","position":1,"name":"The Tree","item":"https:\/\/thetreecbd.com\/fr"},{"@type":"ListItem","position":2,"name":"CBD","item":"https:\/\/thetreecbd.com\/es\/cbd"},{"@type":"ListItem","position":3,"name":"Fleurs de chanvre. Fleurs de CBD","item":"https:\/\/thetreecbd.com\/fr\/fleurs-cbd"},{"@type":"ListItem","position":4,"name":"Fleurs et petits bourgeons CBD","item":"https:\/\/thetreecbd.com\/fr\/fleurs-cbd\/fleurs-petites"},{"@type":"ListItem","position":5,"name":"Petite fleur The Runtz CBD"}]},{"@type":"WebSite","@id":"https:\/\/thetreecbd.com\/fr#website","url":"https:\/\/thetreecbd.com\/fr","name":"The Tree CBD","description":"Comprar CBD en Espa\u00f1a Online","publisher":{"@id":"https:\/\/thetreecbd.com\/fr#organization"},"potentialAction":[{"@type":"SearchAction","target":{"@type":"EntryPoint","urlTemplate":"https:\/\/thetreecbd.com\/fr?s={search_term_string}"},"query-input":{"@type":"PropertyValueSpecification","valueRequired":true,"valueName":"search_term_string"}}],"inLanguage":"fr-FR"},{"@type":"Organization","@id":"https:\/\/thetreecbd.com\/fr#organization","name":"The Tree CBD","url":"https:\/\/thetreecbd.com\/fr","logo":{"@type":"ImageObject","inLanguage":"fr-FR","@id":"https:\/\/thetreecbd.com\/fr#\/schema\/logo\/image\/","url":"https:\/\/thetreecbd.com\/wp-content\/uploads\/2022\/04\/logo-thetree.png","contentUrl":"https:\/\/thetreecbd.com\/wp-content\/uploads\/2022\/04\/logo-thetree.png","width":172,"height":55,"caption":"The Tree CBD"},"image":{"@id":"https:\/\/thetreecbd.com\/fr#\/schema\/logo\/image\/"},"sameAs":["https:\/\/www.facebook.com\/thetreeCBD\/","https:\/\/x.com\/TheTreeCBD_EU","https:\/\/www.instagram.com\/thetree.cbd\/","https:\/\/es.trustpilot.com\/review\/thetreecbd.com"]}]}},"_links":{"self":[{"href":"https:\/\/thetreecbd.com\/fr\/wp-json\/wp\/v2\/product\/168197","targetHints":{"allow":["GET"]}}],"collection":[{"href":"https:\/\/thetreecbd.com\/fr\/wp-json\/wp\/v2\/product"}],"about":[{"href":"https:\/\/thetreecbd.com\/fr\/wp-json\/wp\/v2\/types\/product"}],"version-history":[{"count":0,"href":"https:\/\/thetreecbd.com\/fr\/wp-json\/wp\/v2\/product\/168197\/revisions"}],"wp:featuredmedia":[{"embeddable":true,"href":"https:\/\/thetreecbd.com\/fr\/wp-json\/wp\/v2\/media\/158309"}],"wp:attachment":[{"href":"https:\/\/thetreecbd.com\/fr\/wp-json\/wp\/v2\/media?parent=168197"}],"wp:term":[{"taxonomy":"product_brand","embeddable":true,"href":"https:\/\/thetreecbd.com\/fr\/wp-json\/wp\/v2\/product_brand?post=168197"}],"curies":[{"name":"wp","href":"https:\/\/api.w.org\/{rel}","templated":true}]}}