{"id":168499,"date":"2025-06-17T17:37:49","date_gmt":"2025-06-17T15:37:49","guid":{"rendered":"https:\/\/thetreecbd.com\/cbd\/petit-bourgeon-mac-cbd"},"modified":"2025-06-27T13:32:27","modified_gmt":"2025-06-27T11:32:27","slug":"petit-bourgeon-mac-cbd","status":"publish","type":"product","link":"https:\/\/thetreecbd.com\/fr\/cbd\/petit-bourgeon-mac-cbd","title":{"rendered":"Petit bourgeon MAC CBD"},"content":{"rendered":"<p>The Tree CBD vous apporte les petits bourgeons de CBD l\u00e9gal de la vari\u00e9t\u00e9 MAC CBD, une g\u00e9n\u00e9tique unique qui offre une grande quantit\u00e9 de CBD dans chaque fleur. Son nom MAC correspond aux c\u00e9l\u00e8bres sigles Miracle Alien Cookies, et son go\u00fbt nous rappelle vraiment celui d\u2019un biscuit. Si vous \u00eates fan des Cookies, vous devriez donner une chance \u00e0 cette beaut\u00e9.<\/p>\n<p>Ces bourgeons de CBD proviennent d\u2019une lign\u00e9e g\u00e9n\u00e9tique l\u00e9gendaire, la vari\u00e9t\u00e9 \u00e9tant le r\u00e9sultat du croisement entre Fragolina x Finolla x Lavande.<\/p>\n<p>Les fleurs de MAC CBD, une g\u00e9n\u00e9tique exclusive de The Tree, sont uniques et incomparables. Elles pr\u00e9sentent une couleur verte plus claire que d\u2019autres bourgeons de CBD, avec des pistils presque blancs, ce qui les rend facilement reconnaissables aux yeux des plus exp\u00e9riment\u00e9s et appr\u00e9ci\u00e9es des d\u00e9butants dans le monde du cannabis l\u00e9gal. La combinaison d&#8217;un bourgeon dense couvert de r\u00e9sine et son parfum puissant en font l&#8217;une des vari\u00e9t\u00e9s les plus recherch\u00e9es aujourd&#8217;hui.<\/p>\n<p>C&#8217;est une herbe assez hybride, parfaite pour socialiser tout en offrant une relaxation totale. Son ar\u00f4me est fort et intense, avec des notes sucr\u00e9es et florales, peut-\u00eatre m\u00eame l\u00e9g\u00e8rement \u00e9pic\u00e9es, mais son parfum le plus caract\u00e9ristique et p\u00e9n\u00e9trant est celui de la terre et du gaz, ce qui la rend impossible \u00e0 ignorer pour les amateurs de terp\u00e8nes.<\/p>\n<p>Nos bourgeons MAC CBD proviennent de graines s\u00e9lectionn\u00e9es par l&#8217;UE et sont cultiv\u00e9s en int\u00e9rieur de mani\u00e8re 100% naturelle, sans additifs ni pesticides de quelque sorte que ce soit, respectant notre objectif principal d&#8217;offrir des produits de haute qualit\u00e9 \u00e0 tout moment.<\/p>\n<p>Ces fleurs de CBD ont un effet relaxant encore plus important gr\u00e2ce \u00e0 leurs niveaux \u00e9lev\u00e9s de CBD, entre 14% et 16%.<\/p>\n<p>De plus, comme elles contiennent moins de 0,20% de THC, elles sont totalement l\u00e9gales dans toute l&#8217;Europe et n&#8217;ont aucun effet psychoactif.<\/p>\n","protected":false},"excerpt":{"rendered":"<p>Les fleurs de CBD en Espagne, selon le cadre juridique actuel, sont destin\u00e9es uniquement \u00e0 un usage d\u00e9coratif, aromatique et\/ou de collection.<\/p>\n<p>Dans d&#8217;autres pays comme les \u00c9tats-Unis et le Canada, la Suisse, le Luxembourg ou la R\u00e9publique tch\u00e8que, la vente de marijuana CBD pour fumer ou vaporiser est autoris\u00e9e. C&#8217;est pourquoi, aujourd&#8217;hui, de nombreux utilisateurs optent pour cette forme de consommation du cannabidiol afin de profiter des bienfaits qui lui sont attribu\u00e9s sans ressentir les effets psychotropes du THC pr\u00e9sents dans la marijuana traditionnelle \u00e0 usage r\u00e9cr\u00e9atif.<\/p>\n<p>Dans les pays o\u00f9 fumer du CBD est l\u00e9gal, les utilisateurs affirment que cette m\u00e9thode de consommation pr\u00e9sente l&#8217;avantage principal d&#8217;une sensation rapide. Cependant, en contrepartie, il est difficile de mesurer avec pr\u00e9cision les quantit\u00e9s de cannabidiol absorb\u00e9es, et son effet est g\u00e9n\u00e9ralement moins durable.<\/p>\n<p>Il est important de pr\u00e9ciser que fumer du CBD, selon l\u2019usage l\u00e9gal accept\u00e9 dans certains pays (pas en Espagne), ne provoque pas d\u2019effets psychotropes, c\u2019est-\u00e0-dire la sensation de planer caus\u00e9e par la marijuana contenant du THC.<\/p>\n","protected":false},"featured_media":176530,"template":"","meta":{"_acf_changed":false},"product_brand":[],"class_list":{"0":"post-168499","1":"product","2":"type-product","3":"status-publish","4":"has-post-thumbnail","6":"product_cat-fleurs-cbd","7":"product_cat-fleurs-petites","9":"first","10":"instock","11":"taxable","12":"shipping-taxable","13":"purchasable","14":"product-type-variable"},"acf":[],"yoast_head":"<!-- This site is optimized with the Yoast SEO plugin v26.3 - https:\/\/yoast.com\/wordpress\/plugins\/seo\/ -->\n<title>Petit bourgeon MAC CBD16% CBD. Cannabis Legal - The Tree CBD<\/title>\n<meta name=\"description\" content=\"Fleur exclusive MAC CBD, avec un bourgeon dense et fort, offre un ar\u00f4me puissant et intense avec des notes sucr\u00e9es et florales, terre et gaz. MAC CBD entre 14-16% de CBD.\" \/>\n<meta name=\"robots\" content=\"index, follow, max-snippet:-1, max-image-preview:large, max-video-preview:-1\" \/>\n<link rel=\"canonical\" href=\"https:\/\/thetreecbd.com\/fr\/cbd\/petit-bourgeon-mac-cbd\" \/>\n<meta property=\"og:locale\" content=\"fr_FR\" \/>\n<meta property=\"og:type\" content=\"article\" \/>\n<meta property=\"og:title\" content=\"Petit bourgeon MAC CBD16% CBD. Cannabis Legal - The Tree CBD\" \/>\n<meta property=\"og:description\" content=\"Fleur exclusive MAC CBD, avec un bourgeon dense et fort, offre un ar\u00f4me puissant et intense avec des notes sucr\u00e9es et florales, terre et gaz. MAC CBD entre 14-16% de CBD.\" \/>\n<meta property=\"og:url\" content=\"https:\/\/thetreecbd.com\/fr\/cbd\/petit-bourgeon-mac-cbd\" \/>\n<meta property=\"og:site_name\" content=\"The Tree CBD\" \/>\n<meta property=\"article:publisher\" content=\"https:\/\/www.facebook.com\/thetreeCBD\/\" \/>\n<meta property=\"article:modified_time\" content=\"2025-06-27T11:32:27+00:00\" \/>\n<meta property=\"og:image\" content=\"https:\/\/thetreecbd.com\/wp-content\/uploads\/2025\/06\/MAC-thetreecbd.jpg\" \/>\n\t<meta property=\"og:image:width\" content=\"1080\" \/>\n\t<meta property=\"og:image:height\" content=\"1350\" \/>\n\t<meta property=\"og:image:type\" content=\"image\/jpeg\" \/>\n<meta name=\"twitter:card\" content=\"summary_large_image\" \/>\n<meta name=\"twitter:site\" content=\"@TheTreeCBD_EU\" \/>\n<meta name=\"twitter:label1\" content=\"Dur\u00e9e de lecture estim\u00e9e\" \/>\n\t<meta name=\"twitter:data1\" content=\"2 minutes\" \/>\n<script type=\"application\/ld+json\" class=\"yoast-schema-graph\">{\"@context\":\"https:\/\/schema.org\",\"@graph\":[{\"@type\":[\"WebPage\",\"ItemPage\"],\"@id\":\"https:\/\/thetreecbd.com\/fr\/cbd\/petit-bourgeon-mac-cbd\",\"url\":\"https:\/\/thetreecbd.com\/fr\/cbd\/petit-bourgeon-mac-cbd\",\"name\":\"Petit bourgeon MAC CBD16% CBD. Cannabis Legal - The Tree CBD\",\"isPartOf\":{\"@id\":\"https:\/\/thetreecbd.com\/fr#website\"},\"primaryImageOfPage\":{\"@id\":\"https:\/\/thetreecbd.com\/fr\/cbd\/petit-bourgeon-mac-cbd#primaryimage\"},\"image\":{\"@id\":\"https:\/\/thetreecbd.com\/fr\/cbd\/petit-bourgeon-mac-cbd#primaryimage\"},\"thumbnailUrl\":\"https:\/\/thetreecbd.com\/wp-content\/uploads\/2025\/06\/MAC-thetreecbd.jpg\",\"datePublished\":\"2025-06-17T15:37:49+00:00\",\"dateModified\":\"2025-06-27T11:32:27+00:00\",\"description\":\"Fleur exclusive MAC CBD, avec un bourgeon dense et fort, offre un ar\u00f4me puissant et intense avec des notes sucr\u00e9es et florales, terre et gaz. MAC CBD entre 14-16% de CBD.\",\"breadcrumb\":{\"@id\":\"https:\/\/thetreecbd.com\/fr\/cbd\/petit-bourgeon-mac-cbd#breadcrumb\"},\"inLanguage\":\"fr-FR\",\"potentialAction\":[{\"@type\":\"ReadAction\",\"target\":[\"https:\/\/thetreecbd.com\/fr\/cbd\/petit-bourgeon-mac-cbd\"]}]},{\"@type\":\"ImageObject\",\"inLanguage\":\"fr-FR\",\"@id\":\"https:\/\/thetreecbd.com\/fr\/cbd\/petit-bourgeon-mac-cbd#primaryimage\",\"url\":\"https:\/\/thetreecbd.com\/wp-content\/uploads\/2025\/06\/MAC-thetreecbd.jpg\",\"contentUrl\":\"https:\/\/thetreecbd.com\/wp-content\/uploads\/2025\/06\/MAC-thetreecbd.jpg\",\"width\":1080,\"height\":1350},{\"@type\":\"BreadcrumbList\",\"@id\":\"https:\/\/thetreecbd.com\/fr\/cbd\/petit-bourgeon-mac-cbd#breadcrumb\",\"itemListElement\":[{\"@type\":\"ListItem\",\"position\":1,\"name\":\"The Tree\",\"item\":\"https:\/\/thetreecbd.com\/fr\"},{\"@type\":\"ListItem\",\"position\":2,\"name\":\"CBD\",\"item\":\"https:\/\/thetreecbd.com\/es\/cbd\"},{\"@type\":\"ListItem\",\"position\":3,\"name\":\"Fleurs de chanvre. Fleurs de CBD\",\"item\":\"https:\/\/thetreecbd.com\/fr\/fleurs-cbd\"},{\"@type\":\"ListItem\",\"position\":4,\"name\":\"Fleurs et petits bourgeons CBD\",\"item\":\"https:\/\/thetreecbd.com\/fr\/fleurs-cbd\/fleurs-petites\"},{\"@type\":\"ListItem\",\"position\":5,\"name\":\"Petit bourgeon MAC CBD\"}]},{\"@type\":\"WebSite\",\"@id\":\"https:\/\/thetreecbd.com\/fr#website\",\"url\":\"https:\/\/thetreecbd.com\/fr\",\"name\":\"The Tree CBD\",\"description\":\"Comprar CBD en Espa\u00f1a Online\",\"publisher\":{\"@id\":\"https:\/\/thetreecbd.com\/fr#organization\"},\"potentialAction\":[{\"@type\":\"SearchAction\",\"target\":{\"@type\":\"EntryPoint\",\"urlTemplate\":\"https:\/\/thetreecbd.com\/fr?s={search_term_string}\"},\"query-input\":{\"@type\":\"PropertyValueSpecification\",\"valueRequired\":true,\"valueName\":\"search_term_string\"}}],\"inLanguage\":\"fr-FR\"},{\"@type\":\"Organization\",\"@id\":\"https:\/\/thetreecbd.com\/fr#organization\",\"name\":\"The Tree CBD\",\"url\":\"https:\/\/thetreecbd.com\/fr\",\"logo\":{\"@type\":\"ImageObject\",\"inLanguage\":\"fr-FR\",\"@id\":\"https:\/\/thetreecbd.com\/fr#\/schema\/logo\/image\/\",\"url\":\"https:\/\/thetreecbd.com\/wp-content\/uploads\/2022\/04\/logo-thetree.png\",\"contentUrl\":\"https:\/\/thetreecbd.com\/wp-content\/uploads\/2022\/04\/logo-thetree.png\",\"width\":172,\"height\":55,\"caption\":\"The Tree CBD\"},\"image\":{\"@id\":\"https:\/\/thetreecbd.com\/fr#\/schema\/logo\/image\/\"},\"sameAs\":[\"https:\/\/www.facebook.com\/thetreeCBD\/\",\"https:\/\/x.com\/TheTreeCBD_EU\",\"https:\/\/www.instagram.com\/thetree.cbd\/\",\"https:\/\/es.trustpilot.com\/review\/thetreecbd.com\"]}]}<\/script>\n<!-- \/ Yoast SEO plugin. -->","yoast_head_json":{"title":"Petit bourgeon MAC CBD16% CBD. Cannabis Legal - The Tree CBD","description":"Fleur exclusive MAC CBD, avec un bourgeon dense et fort, offre un ar\u00f4me puissant et intense avec des notes sucr\u00e9es et florales, terre et gaz. MAC CBD entre 14-16% de CBD.","robots":{"index":"index","follow":"follow","max-snippet":"max-snippet:-1","max-image-preview":"max-image-preview:large","max-video-preview":"max-video-preview:-1"},"canonical":"https:\/\/thetreecbd.com\/fr\/cbd\/petit-bourgeon-mac-cbd","og_locale":"fr_FR","og_type":"article","og_title":"Petit bourgeon MAC CBD16% CBD. Cannabis Legal - The Tree CBD","og_description":"Fleur exclusive MAC CBD, avec un bourgeon dense et fort, offre un ar\u00f4me puissant et intense avec des notes sucr\u00e9es et florales, terre et gaz. MAC CBD entre 14-16% de CBD.","og_url":"https:\/\/thetreecbd.com\/fr\/cbd\/petit-bourgeon-mac-cbd","og_site_name":"The Tree CBD","article_publisher":"https:\/\/www.facebook.com\/thetreeCBD\/","article_modified_time":"2025-06-27T11:32:27+00:00","og_image":[{"width":1080,"height":1350,"url":"https:\/\/thetreecbd.com\/wp-content\/uploads\/2025\/06\/MAC-thetreecbd.jpg","type":"image\/jpeg"}],"twitter_card":"summary_large_image","twitter_site":"@TheTreeCBD_EU","twitter_misc":{"Dur\u00e9e de lecture estim\u00e9e":"2 minutes"},"schema":{"@context":"https:\/\/schema.org","@graph":[{"@type":["WebPage","ItemPage"],"@id":"https:\/\/thetreecbd.com\/fr\/cbd\/petit-bourgeon-mac-cbd","url":"https:\/\/thetreecbd.com\/fr\/cbd\/petit-bourgeon-mac-cbd","name":"Petit bourgeon MAC CBD16% CBD. Cannabis Legal - The Tree CBD","isPartOf":{"@id":"https:\/\/thetreecbd.com\/fr#website"},"primaryImageOfPage":{"@id":"https:\/\/thetreecbd.com\/fr\/cbd\/petit-bourgeon-mac-cbd#primaryimage"},"image":{"@id":"https:\/\/thetreecbd.com\/fr\/cbd\/petit-bourgeon-mac-cbd#primaryimage"},"thumbnailUrl":"https:\/\/thetreecbd.com\/wp-content\/uploads\/2025\/06\/MAC-thetreecbd.jpg","datePublished":"2025-06-17T15:37:49+00:00","dateModified":"2025-06-27T11:32:27+00:00","description":"Fleur exclusive MAC CBD, avec un bourgeon dense et fort, offre un ar\u00f4me puissant et intense avec des notes sucr\u00e9es et florales, terre et gaz. MAC CBD entre 14-16% de CBD.","breadcrumb":{"@id":"https:\/\/thetreecbd.com\/fr\/cbd\/petit-bourgeon-mac-cbd#breadcrumb"},"inLanguage":"fr-FR","potentialAction":[{"@type":"ReadAction","target":["https:\/\/thetreecbd.com\/fr\/cbd\/petit-bourgeon-mac-cbd"]}]},{"@type":"ImageObject","inLanguage":"fr-FR","@id":"https:\/\/thetreecbd.com\/fr\/cbd\/petit-bourgeon-mac-cbd#primaryimage","url":"https:\/\/thetreecbd.com\/wp-content\/uploads\/2025\/06\/MAC-thetreecbd.jpg","contentUrl":"https:\/\/thetreecbd.com\/wp-content\/uploads\/2025\/06\/MAC-thetreecbd.jpg","width":1080,"height":1350},{"@type":"BreadcrumbList","@id":"https:\/\/thetreecbd.com\/fr\/cbd\/petit-bourgeon-mac-cbd#breadcrumb","itemListElement":[{"@type":"ListItem","position":1,"name":"The Tree","item":"https:\/\/thetreecbd.com\/fr"},{"@type":"ListItem","position":2,"name":"CBD","item":"https:\/\/thetreecbd.com\/es\/cbd"},{"@type":"ListItem","position":3,"name":"Fleurs de chanvre. Fleurs de CBD","item":"https:\/\/thetreecbd.com\/fr\/fleurs-cbd"},{"@type":"ListItem","position":4,"name":"Fleurs et petits bourgeons CBD","item":"https:\/\/thetreecbd.com\/fr\/fleurs-cbd\/fleurs-petites"},{"@type":"ListItem","position":5,"name":"Petit bourgeon MAC CBD"}]},{"@type":"WebSite","@id":"https:\/\/thetreecbd.com\/fr#website","url":"https:\/\/thetreecbd.com\/fr","name":"The Tree CBD","description":"Comprar CBD en Espa\u00f1a Online","publisher":{"@id":"https:\/\/thetreecbd.com\/fr#organization"},"potentialAction":[{"@type":"SearchAction","target":{"@type":"EntryPoint","urlTemplate":"https:\/\/thetreecbd.com\/fr?s={search_term_string}"},"query-input":{"@type":"PropertyValueSpecification","valueRequired":true,"valueName":"search_term_string"}}],"inLanguage":"fr-FR"},{"@type":"Organization","@id":"https:\/\/thetreecbd.com\/fr#organization","name":"The Tree CBD","url":"https:\/\/thetreecbd.com\/fr","logo":{"@type":"ImageObject","inLanguage":"fr-FR","@id":"https:\/\/thetreecbd.com\/fr#\/schema\/logo\/image\/","url":"https:\/\/thetreecbd.com\/wp-content\/uploads\/2022\/04\/logo-thetree.png","contentUrl":"https:\/\/thetreecbd.com\/wp-content\/uploads\/2022\/04\/logo-thetree.png","width":172,"height":55,"caption":"The Tree CBD"},"image":{"@id":"https:\/\/thetreecbd.com\/fr#\/schema\/logo\/image\/"},"sameAs":["https:\/\/www.facebook.com\/thetreeCBD\/","https:\/\/x.com\/TheTreeCBD_EU","https:\/\/www.instagram.com\/thetree.cbd\/","https:\/\/es.trustpilot.com\/review\/thetreecbd.com"]}]}},"_links":{"self":[{"href":"https:\/\/thetreecbd.com\/fr\/wp-json\/wp\/v2\/product\/168499","targetHints":{"allow":["GET"]}}],"collection":[{"href":"https:\/\/thetreecbd.com\/fr\/wp-json\/wp\/v2\/product"}],"about":[{"href":"https:\/\/thetreecbd.com\/fr\/wp-json\/wp\/v2\/types\/product"}],"version-history":[{"count":0,"href":"https:\/\/thetreecbd.com\/fr\/wp-json\/wp\/v2\/product\/168499\/revisions"}],"wp:featuredmedia":[{"embeddable":true,"href":"https:\/\/thetreecbd.com\/fr\/wp-json\/wp\/v2\/media\/176530"}],"wp:attachment":[{"href":"https:\/\/thetreecbd.com\/fr\/wp-json\/wp\/v2\/media?parent=168499"}],"wp:term":[{"taxonomy":"product_brand","embeddable":true,"href":"https:\/\/thetreecbd.com\/fr\/wp-json\/wp\/v2\/product_brand?post=168499"}],"curies":[{"name":"wp","href":"https:\/\/api.w.org\/{rel}","templated":true}]}}