{"id":168656,"date":"2025-06-18T15:21:10","date_gmt":"2025-06-18T13:21:10","guid":{"rendered":"https:\/\/thetreecbd.com\/cbd\/petit-bourgeon-orange-cookies-cbd"},"modified":"2025-09-02T00:00:36","modified_gmt":"2025-09-01T22:00:36","slug":"petit-bourgeon-orange-cookies-cbd","status":"publish","type":"product","link":"https:\/\/thetreecbd.com\/fr\/cbd\/petit-bourgeon-orange-cookies-cbd","title":{"rendered":"Petit bourgeon Orange Cookies CBD"},"content":{"rendered":"<p data-sourcepos=\"103:1-103:343\"><strong>The Tree CBD vous propose les petites fleurs de cannabis l\u00e9gal de la vari\u00e9t\u00e9 Orange Cookies CBD, une vari\u00e9t\u00e9 juteuse, douce et \u00e0 haute teneur en CBD.<\/strong> Les fleurs proviennent d&#8217;un croisement g\u00e9n\u00e9tique entre <strong>Orange Cookies x CBD Pure<\/strong>, cultiv\u00e9es en <strong>int\u00e9rieur de mani\u00e8re 100% naturelle<\/strong>, sans utiliser aucun <strong>additif<\/strong> ni <strong>pesticide<\/strong>.<\/p>\n<h3 data-sourcepos=\"105:1-105:64\">Un aspect et un ar\u00f4me qui vous rappelleront l&#8217;Orange Cookies<\/h3>\n<p data-sourcepos=\"107:1-110:149\">L&#8217;<strong>Orange Cookies CBD<\/strong> est une fleur <strong>douce, citronn\u00e9e<\/strong>, avec des t\u00eates grandes et compactes. La fleur pr\u00e9sente des teintes <strong>violettes<\/strong> ainsi que des couleurs <strong>vertes<\/strong>, propres au bourgeon, et <strong>orang\u00e9es<\/strong>, rappelant les nuances des &#8220;orange cookies&#8221;. La forte concentration de trichomes rend les fleurs plus attrayantes et photog\u00e9niques. De plus, cette fleur offre une odeur <strong>franche et enveloppante<\/strong>. Son ar\u00f4me rappelle l&#8217;orange pure fra\u00eechement coup\u00e9e, <strong>doux et citronn\u00e9<\/strong>. <span class=\"citation-5 citation-end-5\">En g\u00e9n\u00e9ral, cette fleur de CBD a un ar\u00f4me aigre-doux qui m\u00e9lange l&#8217;acidit\u00e9 de l&#8217;orange, avec des notes de kush, et la douceur provenant<\/span> de l\u00e9g\u00e8res touches terreuses et florales. D&#8217;o\u00f9 son nom, la douceur des &#8220;cookies&#8221; et l&#8217;acidit\u00e9 de l&#8217;agrume. Lorsque vous la go\u00fbterez, l&#8217;odeur atteindra vos papilles gustatives et vous pourrez constater sa ressemblance avec la marijuana &#8220;cookies&#8221;. Avec cette fleur de CBD, vous pourrez ressentir l&#8217;effet relaxant gr\u00e2ce \u00e0 ses <strong>taux \u00e9lev\u00e9s de CBD<\/strong>, entre <strong>10% et 12%<\/strong>. De plus, comme elles contiennent moins de <strong>0.20% de THC<\/strong>, elles sont enti\u00e8rement <strong>l\u00e9gales dans toute l&#8217;Europe<\/strong>, et n&#8217;ont aucun effet psychoactif.<\/p>\n<div class=\"source-inline-chip-container ng-star-inserted\"><\/div>\n<h3 data-sourcepos=\"112:1-112:53\">Caract\u00e9ristiques du Cannabis l\u00e9gal Orange Cookies<\/h3>\n<ul data-sourcepos=\"114:1-123:0\">\n<li data-sourcepos=\"114:1-114:22\">Bourgeons de chanvre<\/li>\n<li data-sourcepos=\"115:1-115:27\">Moins de 0.20% de <strong>THC<\/strong><\/li>\n<li data-sourcepos=\"116:1-116:25\">De 10% \u00e0 12% de <strong>CBD<\/strong><\/li>\n<li data-sourcepos=\"117:1-117:48\">G\u00e9n\u00e9tique : Original Orange Cookies x CBD Pure<\/li>\n<li data-sourcepos=\"118:1-118:23\">Sativa 40% Indica 60%<\/li>\n<li data-sourcepos=\"119:1-119:26\">Sans effets psychoactifs<\/li>\n<li data-sourcepos=\"120:1-120:33\">Cultiv\u00e9es de mani\u00e8re biologique<\/li>\n<li data-sourcepos=\"121:1-121:10\">Sans OGM<\/li>\n<li data-sourcepos=\"122:1-123:0\">Sans pesticides<\/li>\n<\/ul>\n<h3 data-sourcepos=\"124:1-124:28\">Ar\u00f4me Orange Cookies CBD<\/h3>\n<p data-sourcepos=\"126:1-127:251\">Les <strong>terp\u00e8nes<\/strong> se retrouvent <span class=\"citation-4 citation-end-4\">dans la plupart des huiles essentielles de nombreuses plantes, fleurs et fruits ; ils sont responsables de l&#8217;odeur et de la saveur. Dans le cannabis,<\/span> on peut trouver un large profil de terp\u00e8nes. L&#8217;Orange Cookies CBD de The Tree est un classique pour ceux qui aiment les souches \u00e0 l&#8217;ar\u00f4me d&#8217;agrumes. Elle pr\u00e9sente des notes sucr\u00e9es qui nous rappellent l&#8217;odeur des biscuits en train de cuire, mais avec un ar\u00f4me d&#8217;orange ou de mandarine inimitable.<\/p>\n<div class=\"source-inline-chip-container ng-star-inserted\"><\/div>\n<h3 data-sourcepos=\"129:1-129:21\">Utilisateur Cible<\/h3>\n<p data-sourcepos=\"131:1-133:207\">Les fleurs de <span class=\"citation-3 citation-end-3\">CBD de serre sont parfaites pour ceux qui recherchent le meilleur rapport qualit\u00e9-prix, car elles offrent une couleur tr\u00e8s verte,<\/span> une bonne qualit\u00e9, \u00e0 un prix inf\u00e9rieur \u00e0 celui des fleurs d&#8217;int\u00e9rieur. Actuellement, il existe des serres tr\u00e8s bien \u00e9quip\u00e9es qui peuvent \u00eatre aussi efficaces qu&#8217;une culture en int\u00e9rieur, sans perdre la capacit\u00e9 de filtrer la lumi\u00e8re du soleil, et m\u00eame avec un soutien lumineux, pour pouvoir maintenir la culture toute l&#8217;ann\u00e9e sous forme de jusqu&#8217;\u00e0 quatre cycles. De cette mani\u00e8re, les cultivateurs <span class=\"citation-2 citation-end-2\">de CBD optent de plus en plus pour cette solution interm\u00e9diaire, car ils peuvent contr\u00f4ler le climat, les rayons du soleil ne sont pas<\/span> aussi <span class=\"citation-1 citation-end-1\">agressifs pour la plante et ils peuvent augmenter le rendement de production de la culture tout au long de l&#8217;ann\u00e9e. Du point de vue des acheteurs, les fleurs de<\/span> <strong>serre ou &#8220;greenhouse&#8221;<\/strong> sont, comme nous l&#8217;avons mentionn\u00e9 pr\u00e9c\u00e9demment, la meilleure option pour ceux qui recherchent un excellent rapport qualit\u00e9\/prix.<\/p>\n<div class=\"source-inline-chip-container ng-star-inserted\"><\/div>\n<div class=\"source-inline-chip-container ng-star-inserted\"><\/div>\n<div class=\"source-inline-chip-container ng-star-inserted\"><\/div>\n<h3 data-sourcepos=\"135:1-135:28\">Informations de s\u00e9curit\u00e9<\/h3>\n<p data-sourcepos=\"137:1-140:70\">Veuillez noter que les fleurs de CBD de The Tree sont un produit d\u00e9coratif, de collection et aromatique. Elles ne doivent pas \u00eatre utilis\u00e9es pendant la grossesse ou l&#8217;allaitement. Tenir hors de port\u00e9e des enfants. Nos fleurs de CBD peuvent contenir une certaine quantit\u00e9 de THC. Bien s\u00fbr, cela est inf\u00e9rieur \u00e0 la limite de l&#8217;UE de 0,2% de THC. Le contenu fourni est \u00e0 des fins d&#8217;information et de formation uniquement et ne remplace en aucun cas <span class=\"citation-0 citation-end-0\">l&#8217;avis m\u00e9dical d&#8217;un m\u00e9decin ou d&#8217;un pharmacien. Nos textes ne sont pas destin\u00e9s au diagnostic et au traitement ind\u00e9pendants des maladies. N&#8217;h\u00e9sitez pas \u00e0 nous contacter si vous avez d&#8217;autres questions.<\/span><\/p>\n<div class=\"source-inline-chip-container ng-star-inserted\"><\/div>\n<h3 data-sourcepos=\"142:1-142:12\">Stockage<\/h3>\n<p data-sourcepos=\"144:1-145:100\">Id\u00e9alement, les fleurs de CBD de The Tree doivent \u00eatre stock\u00e9es dans un endroit frais et sec, \u00e0 l&#8217;abri de la lumi\u00e8re et des odeurs fortes afin d&#8217;\u00e9viter tout type de contamination et\/ou de d\u00e9gradation. \u00c9viter la lumi\u00e8re directe du soleil et la chaleur.<\/p>\n<p data-sourcepos=\"144:1-145:100\"><strong>Attention :<\/strong> La dur\u00e9e de conservation indiqu\u00e9e est d&#8217;un mois si elles sont correctement stock\u00e9es.<\/p>\n","protected":false},"excerpt":{"rendered":"<ul data-sourcepos=\"114:1-123:0\">\n<li data-sourcepos=\"114:1-114:22\">Bourgeons de chanvre<\/li>\n<li data-sourcepos=\"115:1-115:27\">Moins de 0.20% de <strong>THC<\/strong><\/li>\n<li data-sourcepos=\"116:1-116:25\">De 10% \u00e0 12% de <strong>CBD<\/strong><\/li>\n<li data-sourcepos=\"117:1-117:48\">G\u00e9n\u00e9tique : Original Orange Cookies x CBD Pure<\/li>\n<li data-sourcepos=\"118:1-118:23\">Sativa 40% Indica 60%<\/li>\n<li data-sourcepos=\"119:1-119:26\">Sans effets psychoactifs<\/li>\n<li data-sourcepos=\"120:1-120:33\">Cultiv\u00e9es de mani\u00e8re biologique<\/li>\n<li data-sourcepos=\"121:1-121:10\">Sans OGM<\/li>\n<li data-sourcepos=\"122:1-123:0\">Sans pesticides<\/li>\n<\/ul>\n","protected":false},"featured_media":183349,"template":"","meta":{"_acf_changed":false},"product_brand":[],"class_list":{"0":"post-168656","1":"product","2":"type-product","3":"status-publish","4":"has-post-thumbnail","6":"product_cat-fleurs-cbd","7":"product_cat-fleurs-petites","9":"first","10":"instock","11":"taxable","12":"shipping-taxable","13":"purchasable","14":"product-type-variable"},"acf":[],"yoast_head":"<!-- This site is optimized with the Yoast SEO plugin v26.3 - https:\/\/yoast.com\/wordpress\/plugins\/seo\/ -->\n<title>Petit bourgeon Orange Cookies CBD- 12% CBD. Cannabis Legal - The Tree CBD<\/title>\n<meta name=\"description\" content=\"Essayez les Orange Cookies CBD. Cette vari\u00e9t\u00e9 nous offre un ar\u00f4me doux et citronn\u00e9, et un taux de CBD allant jusqu&#039;\u00e0 12%. Du CBD de qualit\u00e9 l\u00e9gal en Espagne et en Europe.\" \/>\n<meta name=\"robots\" content=\"index, follow, max-snippet:-1, max-image-preview:large, max-video-preview:-1\" \/>\n<link rel=\"canonical\" href=\"https:\/\/thetreecbd.com\/fr\/cbd\/petit-bourgeon-orange-cookies-cbd\" \/>\n<meta property=\"og:locale\" content=\"fr_FR\" \/>\n<meta property=\"og:type\" content=\"article\" \/>\n<meta property=\"og:title\" content=\"Petit bourgeon Orange Cookies CBD- 12% CBD. Cannabis Legal - The Tree CBD\" \/>\n<meta property=\"og:description\" content=\"Essayez les Orange Cookies CBD. Cette vari\u00e9t\u00e9 nous offre un ar\u00f4me doux et citronn\u00e9, et un taux de CBD allant jusqu&#039;\u00e0 12%. Du CBD de qualit\u00e9 l\u00e9gal en Espagne et en Europe.\" \/>\n<meta property=\"og:url\" content=\"https:\/\/thetreecbd.com\/fr\/cbd\/petit-bourgeon-orange-cookies-cbd\" \/>\n<meta property=\"og:site_name\" content=\"The Tree CBD\" \/>\n<meta property=\"article:publisher\" content=\"https:\/\/www.facebook.com\/thetreeCBD\/\" \/>\n<meta property=\"article:modified_time\" content=\"2025-09-01T22:00:36+00:00\" \/>\n<meta property=\"og:image\" content=\"https:\/\/thetreecbd.com\/wp-content\/uploads\/2025\/06\/orange-cookies-thetreecbd-web.jpg\" \/>\n\t<meta property=\"og:image:width\" content=\"1080\" \/>\n\t<meta property=\"og:image:height\" content=\"1350\" \/>\n\t<meta property=\"og:image:type\" content=\"image\/jpeg\" \/>\n<meta name=\"twitter:card\" content=\"summary_large_image\" \/>\n<meta name=\"twitter:site\" content=\"@TheTreeCBD_EU\" \/>\n<meta name=\"twitter:label1\" content=\"Dur\u00e9e de lecture estim\u00e9e\" \/>\n\t<meta name=\"twitter:data1\" content=\"4 minutes\" \/>\n<script type=\"application\/ld+json\" class=\"yoast-schema-graph\">{\"@context\":\"https:\/\/schema.org\",\"@graph\":[{\"@type\":[\"WebPage\",\"ItemPage\"],\"@id\":\"https:\/\/thetreecbd.com\/fr\/cbd\/petit-bourgeon-orange-cookies-cbd\",\"url\":\"https:\/\/thetreecbd.com\/fr\/cbd\/petit-bourgeon-orange-cookies-cbd\",\"name\":\"Petit bourgeon Orange Cookies CBD- 12% CBD. Cannabis Legal - The Tree CBD\",\"isPartOf\":{\"@id\":\"https:\/\/thetreecbd.com\/fr#website\"},\"primaryImageOfPage\":{\"@id\":\"https:\/\/thetreecbd.com\/fr\/cbd\/petit-bourgeon-orange-cookies-cbd#primaryimage\"},\"image\":{\"@id\":\"https:\/\/thetreecbd.com\/fr\/cbd\/petit-bourgeon-orange-cookies-cbd#primaryimage\"},\"thumbnailUrl\":\"https:\/\/thetreecbd.com\/wp-content\/uploads\/2025\/06\/orange-cookies-thetreecbd-web.jpg\",\"datePublished\":\"2025-06-18T13:21:10+00:00\",\"dateModified\":\"2025-09-01T22:00:36+00:00\",\"description\":\"Essayez les Orange Cookies CBD. Cette vari\u00e9t\u00e9 nous offre un ar\u00f4me doux et citronn\u00e9, et un taux de CBD allant jusqu'\u00e0 12%. Du CBD de qualit\u00e9 l\u00e9gal en Espagne et en Europe.\",\"breadcrumb\":{\"@id\":\"https:\/\/thetreecbd.com\/fr\/cbd\/petit-bourgeon-orange-cookies-cbd#breadcrumb\"},\"inLanguage\":\"fr-FR\",\"potentialAction\":[{\"@type\":\"ReadAction\",\"target\":[\"https:\/\/thetreecbd.com\/fr\/cbd\/petit-bourgeon-orange-cookies-cbd\"]}]},{\"@type\":\"ImageObject\",\"inLanguage\":\"fr-FR\",\"@id\":\"https:\/\/thetreecbd.com\/fr\/cbd\/petit-bourgeon-orange-cookies-cbd#primaryimage\",\"url\":\"https:\/\/thetreecbd.com\/wp-content\/uploads\/2025\/06\/orange-cookies-thetreecbd-web.jpg\",\"contentUrl\":\"https:\/\/thetreecbd.com\/wp-content\/uploads\/2025\/06\/orange-cookies-thetreecbd-web.jpg\",\"width\":1080,\"height\":1350},{\"@type\":\"BreadcrumbList\",\"@id\":\"https:\/\/thetreecbd.com\/fr\/cbd\/petit-bourgeon-orange-cookies-cbd#breadcrumb\",\"itemListElement\":[{\"@type\":\"ListItem\",\"position\":1,\"name\":\"The Tree\",\"item\":\"https:\/\/thetreecbd.com\/fr\"},{\"@type\":\"ListItem\",\"position\":2,\"name\":\"CBD\",\"item\":\"https:\/\/thetreecbd.com\/es\/cbd\"},{\"@type\":\"ListItem\",\"position\":3,\"name\":\"Fleurs de chanvre. Fleurs de CBD\",\"item\":\"https:\/\/thetreecbd.com\/fr\/fleurs-cbd\"},{\"@type\":\"ListItem\",\"position\":4,\"name\":\"Fleurs et petits bourgeons CBD\",\"item\":\"https:\/\/thetreecbd.com\/fr\/fleurs-cbd\/fleurs-petites\"},{\"@type\":\"ListItem\",\"position\":5,\"name\":\"Petit bourgeon Orange Cookies CBD\"}]},{\"@type\":\"WebSite\",\"@id\":\"https:\/\/thetreecbd.com\/fr#website\",\"url\":\"https:\/\/thetreecbd.com\/fr\",\"name\":\"The Tree CBD\",\"description\":\"Comprar CBD en Espa\u00f1a Online\",\"publisher\":{\"@id\":\"https:\/\/thetreecbd.com\/fr#organization\"},\"potentialAction\":[{\"@type\":\"SearchAction\",\"target\":{\"@type\":\"EntryPoint\",\"urlTemplate\":\"https:\/\/thetreecbd.com\/fr?s={search_term_string}\"},\"query-input\":{\"@type\":\"PropertyValueSpecification\",\"valueRequired\":true,\"valueName\":\"search_term_string\"}}],\"inLanguage\":\"fr-FR\"},{\"@type\":\"Organization\",\"@id\":\"https:\/\/thetreecbd.com\/fr#organization\",\"name\":\"The Tree CBD\",\"url\":\"https:\/\/thetreecbd.com\/fr\",\"logo\":{\"@type\":\"ImageObject\",\"inLanguage\":\"fr-FR\",\"@id\":\"https:\/\/thetreecbd.com\/fr#\/schema\/logo\/image\/\",\"url\":\"https:\/\/thetreecbd.com\/wp-content\/uploads\/2022\/04\/logo-thetree.png\",\"contentUrl\":\"https:\/\/thetreecbd.com\/wp-content\/uploads\/2022\/04\/logo-thetree.png\",\"width\":172,\"height\":55,\"caption\":\"The Tree CBD\"},\"image\":{\"@id\":\"https:\/\/thetreecbd.com\/fr#\/schema\/logo\/image\/\"},\"sameAs\":[\"https:\/\/www.facebook.com\/thetreeCBD\/\",\"https:\/\/x.com\/TheTreeCBD_EU\",\"https:\/\/www.instagram.com\/thetree.cbd\/\",\"https:\/\/es.trustpilot.com\/review\/thetreecbd.com\"]}]}<\/script>\n<!-- \/ Yoast SEO plugin. -->","yoast_head_json":{"title":"Petit bourgeon Orange Cookies CBD- 12% CBD. Cannabis Legal - The Tree CBD","description":"Essayez les Orange Cookies CBD. Cette vari\u00e9t\u00e9 nous offre un ar\u00f4me doux et citronn\u00e9, et un taux de CBD allant jusqu'\u00e0 12%. Du CBD de qualit\u00e9 l\u00e9gal en Espagne et en Europe.","robots":{"index":"index","follow":"follow","max-snippet":"max-snippet:-1","max-image-preview":"max-image-preview:large","max-video-preview":"max-video-preview:-1"},"canonical":"https:\/\/thetreecbd.com\/fr\/cbd\/petit-bourgeon-orange-cookies-cbd","og_locale":"fr_FR","og_type":"article","og_title":"Petit bourgeon Orange Cookies CBD- 12% CBD. Cannabis Legal - The Tree CBD","og_description":"Essayez les Orange Cookies CBD. Cette vari\u00e9t\u00e9 nous offre un ar\u00f4me doux et citronn\u00e9, et un taux de CBD allant jusqu'\u00e0 12%. Du CBD de qualit\u00e9 l\u00e9gal en Espagne et en Europe.","og_url":"https:\/\/thetreecbd.com\/fr\/cbd\/petit-bourgeon-orange-cookies-cbd","og_site_name":"The Tree CBD","article_publisher":"https:\/\/www.facebook.com\/thetreeCBD\/","article_modified_time":"2025-09-01T22:00:36+00:00","og_image":[{"width":1080,"height":1350,"url":"https:\/\/thetreecbd.com\/wp-content\/uploads\/2025\/06\/orange-cookies-thetreecbd-web.jpg","type":"image\/jpeg"}],"twitter_card":"summary_large_image","twitter_site":"@TheTreeCBD_EU","twitter_misc":{"Dur\u00e9e de lecture estim\u00e9e":"4 minutes"},"schema":{"@context":"https:\/\/schema.org","@graph":[{"@type":["WebPage","ItemPage"],"@id":"https:\/\/thetreecbd.com\/fr\/cbd\/petit-bourgeon-orange-cookies-cbd","url":"https:\/\/thetreecbd.com\/fr\/cbd\/petit-bourgeon-orange-cookies-cbd","name":"Petit bourgeon Orange Cookies CBD- 12% CBD. Cannabis Legal - The Tree CBD","isPartOf":{"@id":"https:\/\/thetreecbd.com\/fr#website"},"primaryImageOfPage":{"@id":"https:\/\/thetreecbd.com\/fr\/cbd\/petit-bourgeon-orange-cookies-cbd#primaryimage"},"image":{"@id":"https:\/\/thetreecbd.com\/fr\/cbd\/petit-bourgeon-orange-cookies-cbd#primaryimage"},"thumbnailUrl":"https:\/\/thetreecbd.com\/wp-content\/uploads\/2025\/06\/orange-cookies-thetreecbd-web.jpg","datePublished":"2025-06-18T13:21:10+00:00","dateModified":"2025-09-01T22:00:36+00:00","description":"Essayez les Orange Cookies CBD. Cette vari\u00e9t\u00e9 nous offre un ar\u00f4me doux et citronn\u00e9, et un taux de CBD allant jusqu'\u00e0 12%. Du CBD de qualit\u00e9 l\u00e9gal en Espagne et en Europe.","breadcrumb":{"@id":"https:\/\/thetreecbd.com\/fr\/cbd\/petit-bourgeon-orange-cookies-cbd#breadcrumb"},"inLanguage":"fr-FR","potentialAction":[{"@type":"ReadAction","target":["https:\/\/thetreecbd.com\/fr\/cbd\/petit-bourgeon-orange-cookies-cbd"]}]},{"@type":"ImageObject","inLanguage":"fr-FR","@id":"https:\/\/thetreecbd.com\/fr\/cbd\/petit-bourgeon-orange-cookies-cbd#primaryimage","url":"https:\/\/thetreecbd.com\/wp-content\/uploads\/2025\/06\/orange-cookies-thetreecbd-web.jpg","contentUrl":"https:\/\/thetreecbd.com\/wp-content\/uploads\/2025\/06\/orange-cookies-thetreecbd-web.jpg","width":1080,"height":1350},{"@type":"BreadcrumbList","@id":"https:\/\/thetreecbd.com\/fr\/cbd\/petit-bourgeon-orange-cookies-cbd#breadcrumb","itemListElement":[{"@type":"ListItem","position":1,"name":"The Tree","item":"https:\/\/thetreecbd.com\/fr"},{"@type":"ListItem","position":2,"name":"CBD","item":"https:\/\/thetreecbd.com\/es\/cbd"},{"@type":"ListItem","position":3,"name":"Fleurs de chanvre. Fleurs de CBD","item":"https:\/\/thetreecbd.com\/fr\/fleurs-cbd"},{"@type":"ListItem","position":4,"name":"Fleurs et petits bourgeons CBD","item":"https:\/\/thetreecbd.com\/fr\/fleurs-cbd\/fleurs-petites"},{"@type":"ListItem","position":5,"name":"Petit bourgeon Orange Cookies CBD"}]},{"@type":"WebSite","@id":"https:\/\/thetreecbd.com\/fr#website","url":"https:\/\/thetreecbd.com\/fr","name":"The Tree CBD","description":"Comprar CBD en Espa\u00f1a Online","publisher":{"@id":"https:\/\/thetreecbd.com\/fr#organization"},"potentialAction":[{"@type":"SearchAction","target":{"@type":"EntryPoint","urlTemplate":"https:\/\/thetreecbd.com\/fr?s={search_term_string}"},"query-input":{"@type":"PropertyValueSpecification","valueRequired":true,"valueName":"search_term_string"}}],"inLanguage":"fr-FR"},{"@type":"Organization","@id":"https:\/\/thetreecbd.com\/fr#organization","name":"The Tree CBD","url":"https:\/\/thetreecbd.com\/fr","logo":{"@type":"ImageObject","inLanguage":"fr-FR","@id":"https:\/\/thetreecbd.com\/fr#\/schema\/logo\/image\/","url":"https:\/\/thetreecbd.com\/wp-content\/uploads\/2022\/04\/logo-thetree.png","contentUrl":"https:\/\/thetreecbd.com\/wp-content\/uploads\/2022\/04\/logo-thetree.png","width":172,"height":55,"caption":"The Tree CBD"},"image":{"@id":"https:\/\/thetreecbd.com\/fr#\/schema\/logo\/image\/"},"sameAs":["https:\/\/www.facebook.com\/thetreeCBD\/","https:\/\/x.com\/TheTreeCBD_EU","https:\/\/www.instagram.com\/thetree.cbd\/","https:\/\/es.trustpilot.com\/review\/thetreecbd.com"]}]}},"_links":{"self":[{"href":"https:\/\/thetreecbd.com\/fr\/wp-json\/wp\/v2\/product\/168656","targetHints":{"allow":["GET"]}}],"collection":[{"href":"https:\/\/thetreecbd.com\/fr\/wp-json\/wp\/v2\/product"}],"about":[{"href":"https:\/\/thetreecbd.com\/fr\/wp-json\/wp\/v2\/types\/product"}],"version-history":[{"count":0,"href":"https:\/\/thetreecbd.com\/fr\/wp-json\/wp\/v2\/product\/168656\/revisions"}],"wp:featuredmedia":[{"embeddable":true,"href":"https:\/\/thetreecbd.com\/fr\/wp-json\/wp\/v2\/media\/183349"}],"wp:attachment":[{"href":"https:\/\/thetreecbd.com\/fr\/wp-json\/wp\/v2\/media?parent=168656"}],"wp:term":[{"taxonomy":"product_brand","embeddable":true,"href":"https:\/\/thetreecbd.com\/fr\/wp-json\/wp\/v2\/product_brand?post=168656"}],"curies":[{"name":"wp","href":"https:\/\/api.w.org\/{rel}","templated":true}]}}