{"id":168744,"date":"2025-06-19T11:44:24","date_gmt":"2025-06-19T09:44:24","guid":{"rendered":"https:\/\/thetreecbd.com\/cbd\/petites-tetes-royal-cheese-cbd"},"modified":"2026-02-14T12:37:27","modified_gmt":"2026-02-14T11:37:27","slug":"petites-tetes-royal-cheese-cbd","status":"publish","type":"product","link":"https:\/\/thetreecbd.com\/fr\/cbd\/petites-tetes-royal-cheese-cbd","title":{"rendered":"Petites t\u00eates Royal Cheese CBD"},"content":{"rendered":"<p data-sourcepos=\"159:1-159:198\">The Tree CBD vous propose les petites t\u00eates de cannabis l\u00e9gal de la vari\u00e9t\u00e9 <strong>Royal Cheese CBD<\/strong>, dot\u00e9e d&#8217;une g\u00e9n\u00e9tique unique qui offre une quantit\u00e9 et une qualit\u00e9 \u00e9lev\u00e9es de CBD dans chaque fleur.<\/p>\n<p data-sourcepos=\"161:1-161:111\">Ces t\u00eates de CBD proviennent d&#8217;un croisement g\u00e9n\u00e9tique entre Lambada x Kompolty x Kompolty 1 x Carmagnola Sell.<\/p>\n<p data-sourcepos=\"163:1-163:310\">Dans les t\u00eates de <strong>Royal Cheese CBD<\/strong> de The Tree, on peut observer une couleur vert clair avec des nuances violettes. Elles se pr\u00e9sentent denses et compactes, ce qui d\u00e9montre leur qualit\u00e9 et un bon s\u00e9chage. Associ\u00e9 \u00e0 leur ar\u00f4me puissant, cela en fait l&#8217;une des souches les plus recherch\u00e9es de tous les temps.<\/p>\n<p data-sourcepos=\"165:1-165:536\">L&#8217;origine de cette g\u00e9n\u00e9tique provient de la classique Cheese, mais am\u00e9lior\u00e9e. Il est impossible de ne pas reconna\u00eetre son ar\u00f4me familier de &#8220;skunk&#8221;, qui signifie &#8220;puant&#8221; en anglais. Elle d\u00e9gage une odeur particuli\u00e8re qui rappelle certains fromages cheddar ou bleus, ce qui la rend plus attrayante que l&#8217;originale. L&#8217;ar\u00f4me est beaucoup plus piquant que celui de ses parents, avec des tonalit\u00e9s \u00e9pic\u00e9es et aigres-douces. C&#8217;est sa principale caract\u00e9ristique qui lui a valu sa renomm\u00e9e mondiale parmi les amateurs de terp\u00e8nes et de fromage.<\/p>\n<p data-sourcepos=\"167:1-167:186\">La <strong>Royal Cheese CBD<\/strong> est une variante hybride plut\u00f4t Sativa, qui procure une sensation de bonheur et devient parfaite pour les moments o\u00f9 nous avons besoin d&#8217;activer notre cr\u00e9ativit\u00e9.<\/p>\n<p data-sourcepos=\"169:1-169:178\">Les t\u00eates de CBD proviennent de graines s\u00e9lectionn\u00e9es par l&#8217;UE et sont cultiv\u00e9es en int\u00e9rieur de mani\u00e8re 100% naturelle, sans utiliser d&#8217;additifs ni de pesticides d&#8217;aucune sorte.<\/p>\n<p data-sourcepos=\"171:1-171:123\">Ces fleurs de <strong>Royal Cheese CBD<\/strong> ont un ar\u00f4me encore plus prononc\u00e9 gr\u00e2ce \u00e0 leurs niveaux \u00e9lev\u00e9s de CBD, entre 12% et 14%.<\/p>\n<p data-sourcepos=\"173:1-173:140\">De plus, comme elles contiennent moins de 0.20% de THC, elles sont enti\u00e8rement l\u00e9gales dans toute l&#8217;Europe et n&#8217;ont aucun effet psychoactif.<\/p>\n<hr data-sourcepos=\"175:1-175:3\" \/>\n<h3 data-sourcepos=\"177:1-177:43\">Caract\u00e9ristiques de la Royal Cheese CBD<\/h3>\n<ul data-sourcepos=\"179:1-188:0\">\n<li data-sourcepos=\"179:1-179:18\">T\u00eates de chanvre<\/li>\n<li data-sourcepos=\"180:1-180:27\">Moins de 0.20% de <strong>THC<\/strong><\/li>\n<li data-sourcepos=\"181:1-181:25\">De 14% \u00e0 16% de <strong>CBD<\/strong><\/li>\n<li data-sourcepos=\"182:1-182:63\">G\u00e9n\u00e9tique : Lambada x Kompolty x Kompolty 1 x Carmagnola Sell<\/li>\n<li data-sourcepos=\"183:1-183:23\">Sativa 70% Indica 30%<\/li>\n<li data-sourcepos=\"184:1-184:26\">Sans effets psychoactifs<\/li>\n<li data-sourcepos=\"185:1-185:33\">Cultiv\u00e9es de mani\u00e8re biologique<\/li>\n<li data-sourcepos=\"186:1-186:10\">Sans OGM<\/li>\n<li data-sourcepos=\"187:1-188:0\">Sans pesticides<\/li>\n<\/ul>\n<hr data-sourcepos=\"189:1-189:3\" \/>\n<h3 data-sourcepos=\"191:1-191:26\">Ar\u00f4me Royal Cheese CBD<\/h3>\n<p data-sourcepos=\"193:1-193:240\">Les <strong>terp\u00e8nes<\/strong> se retrouvent <span class=\"citation-13 citation-end-13\">dans la plupart des huiles essentielles de nombreuses plantes, fleurs et fruits ; ils sont responsables de l&#8217;odeur et de la saveur. Dans le cannabis,<\/span> on peut trouver un large profil de terp\u00e8nes.<\/p>\n<div class=\"source-inline-chip-container ng-star-inserted\"><\/div>\n<p data-sourcepos=\"195:1-195:235\">La Royal Cheese CBD de The Tree a dans sa lign\u00e9e ni plus ni moins que la Skunk #1, d&#8217;o\u00f9 son ar\u00f4me si intense qui se m\u00eale \u00e0 celui d&#8217;un fromage aigre, nous rappelant le laitier mais avec des notes douces l\u00e9g\u00e8rement fruit\u00e9es ou herbac\u00e9es.<\/p>\n<hr data-sourcepos=\"197:1-197:3\" \/>\n<h3 data-sourcepos=\"199:1-199:21\">Utilisateur cible<\/h3>\n<p data-sourcepos=\"201:1-201:214\">Les fleurs cultiv\u00e9es en int\u00e9rieur sont destin\u00e9es \u00e0 ceux qui recherchent une garantie de qualit\u00e9, car la culture en int\u00e9rieur permet de cr\u00e9er des fleurs homog\u00e8nes d&#8217;une couleur verte et \u00e0 forte concentration de CBD.<\/p>\n<p data-sourcepos=\"203:1-203:219\">La culture en int\u00e9rieur est, sans aucun doute, une m\u00e9thode de culture beaucoup plus technique, o\u00f9 l&#8217;on peut contr\u00f4ler l&#8217;environnement dans lequel une plante pousse pour obtenir les r\u00e9sultats pr\u00e9f\u00e9r\u00e9s par le cultivateur.<\/p>\n<p data-sourcepos=\"205:1-205:342\">C&#8217;est la m\u00e9thode pr\u00e9f\u00e9r\u00e9e pour des fins m\u00e9dicinales, car de cette mani\u00e8re, le contr\u00f4le du climat et de la lumi\u00e8re peut \u00eatre atteint, standardisant le produit au maximum possible ; il ne faut pas oublier que la variabilit\u00e9 en termes de pourcentage de CBD et d&#8217;autres cannabino\u00efdes d\u00e9pend beaucoup de l&#8217;environnement dans lequel il est cultiv\u00e9.<\/p>\n<p data-sourcepos=\"207:1-207:264\">Avec un contr\u00f4le climatique et nutritif, tant au niveau du support racinaire fourni que des <span class=\"citation-12 citation-end-12\">heures de lumi\u00e8re, nous nous assurerons que le produit sera homog\u00e8ne et nous obtiendrons toujours une garantie de qualit\u00e9 avec<\/span> les fleurs de CBD d&#8217;int\u00e9rieur.<\/p>\n<div class=\"source-inline-chip-container ng-star-inserted\"><\/div>\n<p data-sourcepos=\"209:1-209:284\">Du point de vue des consommateurs, l&#8217;indoor peut \u00eatre pr\u00e9f\u00e9rable pour les raisons mentionn\u00e9es pr\u00e9c\u00e9demment \u2013 garantie de qualit\u00e9 \u2013 <span class=\"citation-11 citation-end-11\">et les fleurs de CBD d&#8217;int\u00e9rieur sont \u00e9galement connues pour leur apparence, g\u00e9n\u00e9ralement plus r\u00e9sineuse et d&#8217;une couleur verte plus<\/span> vive.<\/p>\n<div class=\"source-inline-chip-container ng-star-inserted\"><\/div>\n<hr data-sourcepos=\"211:1-211:3\" \/>\n<h3 data-sourcepos=\"213:1-213:28\">Informations de s\u00e9curit\u00e9<\/h3>\n<p data-sourcepos=\"215:1-215:212\">Veuillez noter que les t\u00eates de CBD de The Tree sont un produit d\u00e9coratif, de collection et aromatique. Elles ne doivent pas \u00eatre utilis\u00e9es pendant la grossesse ou l&#8217;allaitement. Tenir hors de port\u00e9e des enfants.<\/p>\n<p data-sourcepos=\"217:1-217:128\">Nos t\u00eates de CBD peuvent contenir une certaine quantit\u00e9 de THC. Bien s\u00fbr, cela est inf\u00e9rieur \u00e0 la limite de l&#8217;UE de 0,2% de THC.<\/p>\n<p data-sourcepos=\"219:1-219:253\">Le contenu fourni est \u00e0 des fins d&#8217;information et de formation uniquement et ne remplace <span class=\"citation-10 citation-end-10\">en aucun cas l&#8217;avis m\u00e9dical d&#8217;un m\u00e9decin ou d&#8217;un pharmacien. Nos textes ne sont pas destin\u00e9s au diagnostic et au traitement<\/span> ind\u00e9pendants de maladies.<\/p>\n<div class=\"source-inline-chip-container ng-star-inserted\"><\/div>\n<p data-sourcepos=\"221:1-221:63\">N&#8217;h\u00e9sitez pas \u00e0 nous contacter si vous avez d&#8217;autres questions.<\/p>\n<hr data-sourcepos=\"223:1-223:3\" \/>\n<h3 data-sourcepos=\"225:1-225:12\">Stockage<\/h3>\n<p data-sourcepos=\"227:1-227:250\">Id\u00e9alement, les t\u00eates de CBD de The Tree doivent \u00eatre stock\u00e9es dans un endroit frais et sec, \u00e0 l&#8217;abri de la lumi\u00e8re et des odeurs fortes afin d&#8217;\u00e9viter tout type de contamination et\/ou de d\u00e9gradation. \u00c9viter la lumi\u00e8re directe du soleil et la chaleur.<\/p>\n<p data-sourcepos=\"229:1-229:100\"><strong>Attention :<\/strong> La dur\u00e9e de conservation indiqu\u00e9e est d&#8217;un mois si elles sont correctement stock\u00e9es.<\/p>\n","protected":false},"excerpt":{"rendered":"<ul data-sourcepos=\"179:1-188:0\">\n<li data-sourcepos=\"179:1-179:18\">T\u00eates de chanvre<\/li>\n<li data-sourcepos=\"180:1-180:27\">Moins de 0.20% de <strong>THC<\/strong><\/li>\n<li data-sourcepos=\"181:1-181:25\">De 14% \u00e0 16% de <strong>CBD<\/strong><\/li>\n<li data-sourcepos=\"182:1-182:63\">G\u00e9n\u00e9tique : Lambada x Kompolty x Kompolty 1 x Carmagnola Sell<\/li>\n<li data-sourcepos=\"183:1-183:23\">Sativa 70% Indica 30%<\/li>\n<li data-sourcepos=\"184:1-184:26\">Sans effets psychoactifs<\/li>\n<li data-sourcepos=\"185:1-185:33\">Cultiv\u00e9es de mani\u00e8re biologique<\/li>\n<li data-sourcepos=\"186:1-186:10\">Sans OGM<\/li>\n<li data-sourcepos=\"187:1-188:0\">Sans pesticides<\/li>\n<\/ul>\n","protected":false},"featured_media":158309,"template":"","meta":{"_acf_changed":false},"product_brand":[],"class_list":{"0":"post-168744","1":"product","2":"type-product","3":"status-publish","4":"has-post-thumbnail","6":"product_cat-fleurs-cbd","7":"product_cat-fleurs-petites","9":"first","10":"instock","11":"taxable","12":"shipping-taxable","13":"purchasable","14":"product-type-variable"},"acf":[],"yoast_head":"<!-- This site is optimized with the Yoast SEO plugin v26.3 - https:\/\/yoast.com\/wordpress\/plugins\/seo\/ -->\n<title>Petites t\u00eates Royal Cheese CBD16% CBD. Cannabis Legal - The Tree CBD<\/title>\n<meta name=\"description\" content=\"La Royal Cheese CBD est une fleur indica qui d\u00e9gage un ar\u00f4me particulier rappelant le fromage cheddar ou le bleu, avec des tonalit\u00e9s \u00e9pic\u00e9es. Essayez-la !\" \/>\n<meta name=\"robots\" content=\"index, follow, max-snippet:-1, max-image-preview:large, max-video-preview:-1\" \/>\n<link rel=\"canonical\" href=\"https:\/\/thetreecbd.com\/fr\/cbd\/petites-tetes-royal-cheese-cbd\" \/>\n<meta property=\"og:locale\" content=\"fr_FR\" \/>\n<meta property=\"og:type\" content=\"article\" \/>\n<meta property=\"og:title\" content=\"Petites t\u00eates Royal Cheese CBD16% CBD. Cannabis Legal - The Tree CBD\" \/>\n<meta property=\"og:description\" content=\"La Royal Cheese CBD est une fleur indica qui d\u00e9gage un ar\u00f4me particulier rappelant le fromage cheddar ou le bleu, avec des tonalit\u00e9s \u00e9pic\u00e9es. Essayez-la !\" \/>\n<meta property=\"og:url\" content=\"https:\/\/thetreecbd.com\/fr\/cbd\/petites-tetes-royal-cheese-cbd\" \/>\n<meta property=\"og:site_name\" content=\"The Tree CBD\" \/>\n<meta property=\"article:publisher\" content=\"https:\/\/www.facebook.com\/thetreeCBD\/\" \/>\n<meta property=\"article:modified_time\" content=\"2026-02-14T11:37:27+00:00\" \/>\n<meta property=\"og:image\" content=\"https:\/\/thetreecbd.com\/wp-content\/uploads\/2025\/01\/Malibu_Exotic_Heap_1.48.1-scaled-e1740645317417.jpeg\" \/>\n\t<meta property=\"og:image:width\" content=\"1152\" \/>\n\t<meta property=\"og:image:height\" content=\"1198\" \/>\n\t<meta property=\"og:image:type\" content=\"image\/jpeg\" \/>\n<meta name=\"twitter:card\" content=\"summary_large_image\" \/>\n<meta name=\"twitter:site\" content=\"@TheTreeCBD_EU\" \/>\n<meta name=\"twitter:label1\" content=\"Dur\u00e9e de lecture estim\u00e9e\" \/>\n\t<meta name=\"twitter:data1\" content=\"4 minutes\" \/>\n<script type=\"application\/ld+json\" class=\"yoast-schema-graph\">{\"@context\":\"https:\/\/schema.org\",\"@graph\":[{\"@type\":[\"WebPage\",\"ItemPage\"],\"@id\":\"https:\/\/thetreecbd.com\/fr\/cbd\/petites-tetes-royal-cheese-cbd\",\"url\":\"https:\/\/thetreecbd.com\/fr\/cbd\/petites-tetes-royal-cheese-cbd\",\"name\":\"Petites t\u00eates Royal Cheese CBD16% CBD. Cannabis Legal - The Tree CBD\",\"isPartOf\":{\"@id\":\"https:\/\/thetreecbd.com\/fr#website\"},\"primaryImageOfPage\":{\"@id\":\"https:\/\/thetreecbd.com\/fr\/cbd\/petites-tetes-royal-cheese-cbd#primaryimage\"},\"image\":{\"@id\":\"https:\/\/thetreecbd.com\/fr\/cbd\/petites-tetes-royal-cheese-cbd#primaryimage\"},\"thumbnailUrl\":\"https:\/\/thetreecbd.com\/wp-content\/uploads\/2025\/01\/Malibu_Exotic_Heap_1.48.1-scaled-e1740645317417.jpeg\",\"datePublished\":\"2025-06-19T09:44:24+00:00\",\"dateModified\":\"2026-02-14T11:37:27+00:00\",\"description\":\"La Royal Cheese CBD est une fleur indica qui d\u00e9gage un ar\u00f4me particulier rappelant le fromage cheddar ou le bleu, avec des tonalit\u00e9s \u00e9pic\u00e9es. Essayez-la !\",\"breadcrumb\":{\"@id\":\"https:\/\/thetreecbd.com\/fr\/cbd\/petites-tetes-royal-cheese-cbd#breadcrumb\"},\"inLanguage\":\"fr-FR\",\"potentialAction\":[{\"@type\":\"ReadAction\",\"target\":[\"https:\/\/thetreecbd.com\/fr\/cbd\/petites-tetes-royal-cheese-cbd\"]}]},{\"@type\":\"ImageObject\",\"inLanguage\":\"fr-FR\",\"@id\":\"https:\/\/thetreecbd.com\/fr\/cbd\/petites-tetes-royal-cheese-cbd#primaryimage\",\"url\":\"https:\/\/thetreecbd.com\/wp-content\/uploads\/2025\/01\/Malibu_Exotic_Heap_1.48.1-scaled-e1740645317417.jpeg\",\"contentUrl\":\"https:\/\/thetreecbd.com\/wp-content\/uploads\/2025\/01\/Malibu_Exotic_Heap_1.48.1-scaled-e1740645317417.jpeg\",\"width\":1152,\"height\":1198},{\"@type\":\"BreadcrumbList\",\"@id\":\"https:\/\/thetreecbd.com\/fr\/cbd\/petites-tetes-royal-cheese-cbd#breadcrumb\",\"itemListElement\":[{\"@type\":\"ListItem\",\"position\":1,\"name\":\"The Tree\",\"item\":\"https:\/\/thetreecbd.com\/fr\"},{\"@type\":\"ListItem\",\"position\":2,\"name\":\"CBD\",\"item\":\"https:\/\/thetreecbd.com\/es\/cbd\"},{\"@type\":\"ListItem\",\"position\":3,\"name\":\"Fleurs de chanvre. Fleurs de CBD\",\"item\":\"https:\/\/thetreecbd.com\/fr\/fleurs-cbd\"},{\"@type\":\"ListItem\",\"position\":4,\"name\":\"Fleurs et petits bourgeons CBD\",\"item\":\"https:\/\/thetreecbd.com\/fr\/fleurs-cbd\/fleurs-petites\"},{\"@type\":\"ListItem\",\"position\":5,\"name\":\"Petites t\u00eates Royal Cheese CBD\"}]},{\"@type\":\"WebSite\",\"@id\":\"https:\/\/thetreecbd.com\/fr#website\",\"url\":\"https:\/\/thetreecbd.com\/fr\",\"name\":\"The Tree CBD\",\"description\":\"Comprar CBD en Espa\u00f1a Online\",\"publisher\":{\"@id\":\"https:\/\/thetreecbd.com\/fr#organization\"},\"potentialAction\":[{\"@type\":\"SearchAction\",\"target\":{\"@type\":\"EntryPoint\",\"urlTemplate\":\"https:\/\/thetreecbd.com\/fr?s={search_term_string}\"},\"query-input\":{\"@type\":\"PropertyValueSpecification\",\"valueRequired\":true,\"valueName\":\"search_term_string\"}}],\"inLanguage\":\"fr-FR\"},{\"@type\":\"Organization\",\"@id\":\"https:\/\/thetreecbd.com\/fr#organization\",\"name\":\"The Tree CBD\",\"url\":\"https:\/\/thetreecbd.com\/fr\",\"logo\":{\"@type\":\"ImageObject\",\"inLanguage\":\"fr-FR\",\"@id\":\"https:\/\/thetreecbd.com\/fr#\/schema\/logo\/image\/\",\"url\":\"https:\/\/thetreecbd.com\/wp-content\/uploads\/2022\/04\/logo-thetree.png\",\"contentUrl\":\"https:\/\/thetreecbd.com\/wp-content\/uploads\/2022\/04\/logo-thetree.png\",\"width\":172,\"height\":55,\"caption\":\"The Tree CBD\"},\"image\":{\"@id\":\"https:\/\/thetreecbd.com\/fr#\/schema\/logo\/image\/\"},\"sameAs\":[\"https:\/\/www.facebook.com\/thetreeCBD\/\",\"https:\/\/x.com\/TheTreeCBD_EU\",\"https:\/\/www.instagram.com\/thetree.cbd\/\",\"https:\/\/es.trustpilot.com\/review\/thetreecbd.com\"]}]}<\/script>\n<!-- \/ Yoast SEO plugin. -->","yoast_head_json":{"title":"Petites t\u00eates Royal Cheese CBD16% CBD. Cannabis Legal - The Tree CBD","description":"La Royal Cheese CBD est une fleur indica qui d\u00e9gage un ar\u00f4me particulier rappelant le fromage cheddar ou le bleu, avec des tonalit\u00e9s \u00e9pic\u00e9es. Essayez-la !","robots":{"index":"index","follow":"follow","max-snippet":"max-snippet:-1","max-image-preview":"max-image-preview:large","max-video-preview":"max-video-preview:-1"},"canonical":"https:\/\/thetreecbd.com\/fr\/cbd\/petites-tetes-royal-cheese-cbd","og_locale":"fr_FR","og_type":"article","og_title":"Petites t\u00eates Royal Cheese CBD16% CBD. Cannabis Legal - The Tree CBD","og_description":"La Royal Cheese CBD est une fleur indica qui d\u00e9gage un ar\u00f4me particulier rappelant le fromage cheddar ou le bleu, avec des tonalit\u00e9s \u00e9pic\u00e9es. Essayez-la !","og_url":"https:\/\/thetreecbd.com\/fr\/cbd\/petites-tetes-royal-cheese-cbd","og_site_name":"The Tree CBD","article_publisher":"https:\/\/www.facebook.com\/thetreeCBD\/","article_modified_time":"2026-02-14T11:37:27+00:00","og_image":[{"width":1152,"height":1198,"url":"https:\/\/thetreecbd.com\/wp-content\/uploads\/2025\/01\/Malibu_Exotic_Heap_1.48.1-scaled-e1740645317417.jpeg","type":"image\/jpeg"}],"twitter_card":"summary_large_image","twitter_site":"@TheTreeCBD_EU","twitter_misc":{"Dur\u00e9e de lecture estim\u00e9e":"4 minutes"},"schema":{"@context":"https:\/\/schema.org","@graph":[{"@type":["WebPage","ItemPage"],"@id":"https:\/\/thetreecbd.com\/fr\/cbd\/petites-tetes-royal-cheese-cbd","url":"https:\/\/thetreecbd.com\/fr\/cbd\/petites-tetes-royal-cheese-cbd","name":"Petites t\u00eates Royal Cheese CBD16% CBD. Cannabis Legal - The Tree CBD","isPartOf":{"@id":"https:\/\/thetreecbd.com\/fr#website"},"primaryImageOfPage":{"@id":"https:\/\/thetreecbd.com\/fr\/cbd\/petites-tetes-royal-cheese-cbd#primaryimage"},"image":{"@id":"https:\/\/thetreecbd.com\/fr\/cbd\/petites-tetes-royal-cheese-cbd#primaryimage"},"thumbnailUrl":"https:\/\/thetreecbd.com\/wp-content\/uploads\/2025\/01\/Malibu_Exotic_Heap_1.48.1-scaled-e1740645317417.jpeg","datePublished":"2025-06-19T09:44:24+00:00","dateModified":"2026-02-14T11:37:27+00:00","description":"La Royal Cheese CBD est une fleur indica qui d\u00e9gage un ar\u00f4me particulier rappelant le fromage cheddar ou le bleu, avec des tonalit\u00e9s \u00e9pic\u00e9es. Essayez-la !","breadcrumb":{"@id":"https:\/\/thetreecbd.com\/fr\/cbd\/petites-tetes-royal-cheese-cbd#breadcrumb"},"inLanguage":"fr-FR","potentialAction":[{"@type":"ReadAction","target":["https:\/\/thetreecbd.com\/fr\/cbd\/petites-tetes-royal-cheese-cbd"]}]},{"@type":"ImageObject","inLanguage":"fr-FR","@id":"https:\/\/thetreecbd.com\/fr\/cbd\/petites-tetes-royal-cheese-cbd#primaryimage","url":"https:\/\/thetreecbd.com\/wp-content\/uploads\/2025\/01\/Malibu_Exotic_Heap_1.48.1-scaled-e1740645317417.jpeg","contentUrl":"https:\/\/thetreecbd.com\/wp-content\/uploads\/2025\/01\/Malibu_Exotic_Heap_1.48.1-scaled-e1740645317417.jpeg","width":1152,"height":1198},{"@type":"BreadcrumbList","@id":"https:\/\/thetreecbd.com\/fr\/cbd\/petites-tetes-royal-cheese-cbd#breadcrumb","itemListElement":[{"@type":"ListItem","position":1,"name":"The Tree","item":"https:\/\/thetreecbd.com\/fr"},{"@type":"ListItem","position":2,"name":"CBD","item":"https:\/\/thetreecbd.com\/es\/cbd"},{"@type":"ListItem","position":3,"name":"Fleurs de chanvre. Fleurs de CBD","item":"https:\/\/thetreecbd.com\/fr\/fleurs-cbd"},{"@type":"ListItem","position":4,"name":"Fleurs et petits bourgeons CBD","item":"https:\/\/thetreecbd.com\/fr\/fleurs-cbd\/fleurs-petites"},{"@type":"ListItem","position":5,"name":"Petites t\u00eates Royal Cheese CBD"}]},{"@type":"WebSite","@id":"https:\/\/thetreecbd.com\/fr#website","url":"https:\/\/thetreecbd.com\/fr","name":"The Tree CBD","description":"Comprar CBD en Espa\u00f1a Online","publisher":{"@id":"https:\/\/thetreecbd.com\/fr#organization"},"potentialAction":[{"@type":"SearchAction","target":{"@type":"EntryPoint","urlTemplate":"https:\/\/thetreecbd.com\/fr?s={search_term_string}"},"query-input":{"@type":"PropertyValueSpecification","valueRequired":true,"valueName":"search_term_string"}}],"inLanguage":"fr-FR"},{"@type":"Organization","@id":"https:\/\/thetreecbd.com\/fr#organization","name":"The Tree CBD","url":"https:\/\/thetreecbd.com\/fr","logo":{"@type":"ImageObject","inLanguage":"fr-FR","@id":"https:\/\/thetreecbd.com\/fr#\/schema\/logo\/image\/","url":"https:\/\/thetreecbd.com\/wp-content\/uploads\/2022\/04\/logo-thetree.png","contentUrl":"https:\/\/thetreecbd.com\/wp-content\/uploads\/2022\/04\/logo-thetree.png","width":172,"height":55,"caption":"The Tree CBD"},"image":{"@id":"https:\/\/thetreecbd.com\/fr#\/schema\/logo\/image\/"},"sameAs":["https:\/\/www.facebook.com\/thetreeCBD\/","https:\/\/x.com\/TheTreeCBD_EU","https:\/\/www.instagram.com\/thetree.cbd\/","https:\/\/es.trustpilot.com\/review\/thetreecbd.com"]}]}},"_links":{"self":[{"href":"https:\/\/thetreecbd.com\/fr\/wp-json\/wp\/v2\/product\/168744","targetHints":{"allow":["GET"]}}],"collection":[{"href":"https:\/\/thetreecbd.com\/fr\/wp-json\/wp\/v2\/product"}],"about":[{"href":"https:\/\/thetreecbd.com\/fr\/wp-json\/wp\/v2\/types\/product"}],"version-history":[{"count":0,"href":"https:\/\/thetreecbd.com\/fr\/wp-json\/wp\/v2\/product\/168744\/revisions"}],"wp:featuredmedia":[{"embeddable":true,"href":"https:\/\/thetreecbd.com\/fr\/wp-json\/wp\/v2\/media\/158309"}],"wp:attachment":[{"href":"https:\/\/thetreecbd.com\/fr\/wp-json\/wp\/v2\/media?parent=168744"}],"wp:term":[{"taxonomy":"product_brand","embeddable":true,"href":"https:\/\/thetreecbd.com\/fr\/wp-json\/wp\/v2\/product_brand?post=168744"}],"curies":[{"name":"wp","href":"https:\/\/api.w.org\/{rel}","templated":true}]}}