{"id":168904,"date":"2025-06-20T12:17:00","date_gmt":"2025-06-20T10:17:00","guid":{"rendered":"https:\/\/thetreecbd.com\/cbd\/petite-fleur-sundae-driver-cbd"},"modified":"2025-10-26T14:31:59","modified_gmt":"2025-10-26T13:31:59","slug":"petite-fleur-sundae-driver-cbd","status":"publish","type":"product","link":"https:\/\/thetreecbd.com\/fr\/cbd\/petite-fleur-sundae-driver-cbd","title":{"rendered":"Petite fleur Sundae Driver CBD"},"content":{"rendered":"<p data-sourcepos=\"153:1-153:200\">The Tree CBD vous propose les petites <strong>fleurs de cannabis l\u00e9gal<\/strong> de la vari\u00e9t\u00e9 <strong>Sundae Driver CBD<\/strong>, actuellement l&#8217;une des g\u00e9n\u00e9tiques avec la <strong>plus forte teneur en CBD<\/strong> disponible sur le march\u00e9.<\/p>\n<p data-sourcepos=\"155:1-156:312\"><strong>Un Aspect et un Ar\u00f4me Doux et Sucr\u00e9<\/strong> Dans ce format, The Tree CBD vous offre une vari\u00e9t\u00e9 de premier choix, pour ceux d&#8217;entre vous qui ne veulent que le meilleur du meilleur. La fleur offre une <strong>saveur douce, cr\u00e9meuse, chocolat\u00e9e<\/strong>, avec une expiration l\u00e9g\u00e8rement sucr\u00e9e et fruit\u00e9e. Un ar\u00f4me rappelant un dessert sucr\u00e9 avec des morceaux de chocolat.<\/p>\n<p data-sourcepos=\"158:1-158:301\">La Sundae Driver poss\u00e8de une dense couverture de trichomes lorsqu&#8217;elle est correctement cultiv\u00e9e, s\u00e9ch\u00e9e et affin\u00e9e. C&#8217;est une fleur aux couleurs luxuriantes et attrayantes. Gr\u00e2ce \u00e0 son h\u00e9ritage g\u00e9n\u00e9tique, elle contient des nuances de diverses couleurs telles que le rouge\u00e2tre, le violet et le bleut\u00e9.<\/p>\n<p data-sourcepos=\"160:1-160:207\">Ces fleurs proviennent d&#8217;un croisement entre des g\u00e9n\u00e9tiques certifi\u00e9es par l&#8217;Union Europ\u00e9enne, cultiv\u00e9es en int\u00e9rieur de mani\u00e8re <strong>100% biologique<\/strong>, sans utiliser d&#8217;additifs ni de pesticides d&#8217;aucune sorte.<\/p>\n<p data-sourcepos=\"162:1-162:125\">De plus, vous pourrez profiter de son <strong>effet corporel et relaxant<\/strong> gr\u00e2ce \u00e0 ses niveaux \u00e9lev\u00e9s de <strong>CBD, entre 20% et 23%<\/strong>.<\/p>\n<p data-sourcepos=\"164:1-164:153\">Par ailleurs, comme elles contiennent <strong>moins de 0.19% de THC<\/strong>, elles sont enti\u00e8rement <strong>l\u00e9gales dans toute l&#8217;Europe<\/strong> et n&#8217;ont aucun effet psychoactif.<\/p>\n<hr data-sourcepos=\"166:1-166:3\" \/>\n<h3 data-sourcepos=\"168:1-168:56\">Caract\u00e9ristiques du Cannabis l\u00e9gal Sundae Driver CBD<\/h3>\n<ul data-sourcepos=\"170:1-179:0\">\n<li data-sourcepos=\"170:1-170:42\">Fleurs d&#8217;int\u00e9rieur de qualit\u00e9 sup\u00e9rieure<\/li>\n<li data-sourcepos=\"171:1-171:19\">Fleurs de chanvre<\/li>\n<li data-sourcepos=\"172:1-172:27\">Moins de 0.19% de <strong>THC<\/strong><\/li>\n<li data-sourcepos=\"173:1-173:25\">De 20% \u00e0 23% de <strong>CBD<\/strong><\/li>\n<li data-sourcepos=\"174:1-174:47\">G\u00e9n\u00e9tique : Graine Certifi\u00e9e Union Europ\u00e9enne<\/li>\n<li data-sourcepos=\"175:1-175:26\">Sans effets psychoactifs<\/li>\n<li data-sourcepos=\"176:1-176:33\">Cultiv\u00e9es de mani\u00e8re biologique<\/li>\n<li data-sourcepos=\"177:1-177:10\">Sans OGM<\/li>\n<li data-sourcepos=\"178:1-179:0\">Sans pesticides<\/li>\n<\/ul>\n<hr data-sourcepos=\"180:1-180:3\" \/>\n<h3 data-sourcepos=\"182:1-182:27\">Ar\u00f4me Sundae Driver CBD<\/h3>\n<p data-sourcepos=\"184:1-184:224\">Les terp\u00e8nes, que l&#8217;on trouve dans la plupart des huiles essentielles de nombreuses plantes, fleurs et fruits, sont responsables de leur odeur et de leur saveur. Dans le cannabis, on peut trouver un large profil de terp\u00e8nes.<\/p>\n<p data-sourcepos=\"186:1-186:307\">La Sundae Driver CBD de The Tree est unique, d\u00e9di\u00e9e \u00e0 ceux qui aiment d\u00e9couvrir de nouveaux ar\u00f4mes dans leurs fleurs : un peu de glace au chocolat et \u00e0 la vanille m\u00e9lang\u00e9e \u00e0 des fruits, douce et l\u00e9g\u00e8rement herbac\u00e9e, une combinaison de terp\u00e8nes que l&#8217;on ne trouve pas facilement dans n&#8217;importe quelle souche.<\/p>\n<hr data-sourcepos=\"188:1-188:3\" \/>\n<h3 data-sourcepos=\"190:1-190:21\">Utilisateur Cible<\/h3>\n<p data-sourcepos=\"192:1-192:230\">Les fleurs issues de la culture en int\u00e9rieur sont destin\u00e9es \u00e0 ceux qui recherchent une garantie de qualit\u00e9, car la culture en int\u00e9rieur permet de cr\u00e9er des fleurs homog\u00e8nes avec une couleur verte et une forte concentration de CBD.<\/p>\n<p data-sourcepos=\"194:1-194:219\">La culture en int\u00e9rieur est, sans aucun doute, une m\u00e9thode de culture beaucoup plus technique, o\u00f9 l&#8217;on peut contr\u00f4ler l&#8217;environnement dans lequel une plante pousse pour obtenir les r\u00e9sultats pr\u00e9f\u00e9r\u00e9s par le cultivateur.<\/p>\n<p data-sourcepos=\"196:1-196:330\">C&#8217;est la m\u00e9thode pr\u00e9f\u00e9r\u00e9e \u00e0 des fins m\u00e9dicinales, car de cette mani\u00e8re, le contr\u00f4le du climat et de la lumi\u00e8re peut \u00eatre r\u00e9alis\u00e9, standardisant le produit au maximum possible ; il ne faut pas oublier que la variabilit\u00e9 en termes de pourcentage de CBD et d&#8217;autres cannabino\u00efdes d\u00e9pend beaucoup du milieu dans lequel il est cultiv\u00e9.<\/p>\n<p data-sourcepos=\"198:1-198:242\">Avec un contr\u00f4le climatique et nutritif, tant au niveau du support racinaire que des heures de lumi\u00e8re, nous nous assurerons que le produit sera homog\u00e8ne et nous obtiendrons toujours une garantie de qualit\u00e9 avec les fleurs de CBD d&#8217;int\u00e9rieur.<\/p>\n<p data-sourcepos=\"200:1-200:270\">Du point de vue des consommateurs, l&#8217;int\u00e9rieur peut \u00eatre meilleur pour les raisons mentionn\u00e9es pr\u00e9c\u00e9demment, la garantie de qualit\u00e9, et les fleurs de CBD d&#8217;int\u00e9rieur sont \u00e9galement connues pour leur apparence, normalement plus r\u00e9sineuse et d&#8217;une couleur verte plus vive.<\/p>\n<hr data-sourcepos=\"202:1-202:3\" \/>\n<h3 data-sourcepos=\"204:1-204:28\">Informations de S\u00e9curit\u00e9<\/h3>\n<p data-sourcepos=\"206:1-206:213\">Veuillez noter que les fleurs de CBD de The Tree sont un produit d\u00e9coratif, de collection et aromatique. Elles ne doivent pas \u00eatre utilis\u00e9es pendant la grossesse ou l&#8217;allaitement. Tenir hors de port\u00e9e des enfants.<\/p>\n<p data-sourcepos=\"208:1-208:136\">Nos fleurs de CBD peuvent contenir une certaine quantit\u00e9 de THC. Bien entendu, cela est inf\u00e9rieur \u00e0 la limite europ\u00e9enne de 0,2% de THC.<\/p>\n<p data-sourcepos=\"210:1-210:239\">Le contenu fourni est \u00e0 des fins d&#8217;information et de formation uniquement et ne remplace en aucun cas un avis m\u00e9dical d&#8217;un m\u00e9decin ou d&#8217;un pharmacien. Nos textes ne sont pas destin\u00e9s au diagnostic et au traitement ind\u00e9pendants de maladies.<\/p>\n<p data-sourcepos=\"212:1-212:63\">N&#8217;h\u00e9sitez pas \u00e0 nous contacter si vous avez d&#8217;autres questions.<\/p>\n<hr data-sourcepos=\"214:1-214:3\" \/>\n<h3 data-sourcepos=\"216:1-216:12\">Stockage<\/h3>\n<p data-sourcepos=\"218:1-218:255\">Id\u00e9alement, les fleurs de CBD de The Tree doivent \u00eatre stock\u00e9es dans un endroit <strong>frais et sec<\/strong>, \u00e0 l&#8217;abri de la lumi\u00e8re et des odeurs fortes afin d&#8217;\u00e9viter tout type de contamination et\/ou de d\u00e9gradation. \u00c9viter la lumi\u00e8re directe du soleil et la chaleur.<\/p>\n<p data-sourcepos=\"220:1-220:102\"><strong>Attention :<\/strong> La dur\u00e9e de conservation indiqu\u00e9e est d&#8217;un mois si le produit est correctement stock\u00e9.<\/p>\n","protected":false},"excerpt":{"rendered":"<ul>\n<li data-sourcepos=\"170:1-170:42\">Fleurs d&#8217;int\u00e9rieur de qualit\u00e9 sup\u00e9rieure<\/li>\n<li data-sourcepos=\"171:1-171:19\">Fleurs de chanvre<\/li>\n<li data-sourcepos=\"172:1-172:27\">Moins de 0.19% de <strong>THC<\/strong><\/li>\n<li data-sourcepos=\"173:1-173:25\">De 20% \u00e0 23% de <strong>CBD<\/strong><\/li>\n<li data-sourcepos=\"174:1-174:47\">G\u00e9n\u00e9tique : Graine Certifi\u00e9e Union Europ\u00e9enne<\/li>\n<li data-sourcepos=\"175:1-175:26\">Sans effets psychoactifs<\/li>\n<li data-sourcepos=\"176:1-176:33\">Cultiv\u00e9es de mani\u00e8re biologique<\/li>\n<li data-sourcepos=\"177:1-177:10\">Sans OGM<\/li>\n<li data-sourcepos=\"178:1-179:0\">Sans pesticides<\/li>\n<\/ul>\n","protected":false},"featured_media":183394,"template":"","meta":{"_acf_changed":false},"product_brand":[],"class_list":{"0":"post-168904","1":"product","2":"type-product","3":"status-publish","4":"has-post-thumbnail","6":"product_cat-fleurs-cbd","7":"product_cat-fleurs-petites","9":"first","10":"instock","11":"taxable","12":"shipping-taxable","13":"purchasable","14":"product-type-variable"},"acf":[],"yoast_head":"<!-- This site is optimized with the Yoast SEO plugin v26.3 - https:\/\/yoast.com\/wordpress\/plugins\/seo\/ -->\n<title>Petite fleur Sundae Driver CBD - 23% CBD. Cannabis Legal - The Tree CBD<\/title>\n<meta name=\"description\" content=\"Sundae Driver CBD offre une saveur douce, cr\u00e9meuse et chocolat\u00e9e. Avec un effet relaxant gr\u00e2ce \u00e0 ses niveaux \u00e9lev\u00e9s de CBD, jusqu&#039;\u00e0 23%. Essayez-le !\" \/>\n<meta name=\"robots\" content=\"index, follow, max-snippet:-1, max-image-preview:large, max-video-preview:-1\" \/>\n<link rel=\"canonical\" href=\"https:\/\/thetreecbd.com\/fr\/cbd\/petite-fleur-sundae-driver-cbd\" \/>\n<meta property=\"og:locale\" content=\"fr_FR\" \/>\n<meta property=\"og:type\" content=\"article\" \/>\n<meta property=\"og:title\" content=\"Petite fleur Sundae Driver CBD - 23% CBD. Cannabis Legal - The Tree CBD\" \/>\n<meta property=\"og:description\" content=\"Sundae Driver CBD offre une saveur douce, cr\u00e9meuse et chocolat\u00e9e. Avec un effet relaxant gr\u00e2ce \u00e0 ses niveaux \u00e9lev\u00e9s de CBD, jusqu&#039;\u00e0 23%. Essayez-le !\" \/>\n<meta property=\"og:url\" content=\"https:\/\/thetreecbd.com\/fr\/cbd\/petite-fleur-sundae-driver-cbd\" \/>\n<meta property=\"og:site_name\" content=\"The Tree CBD\" \/>\n<meta property=\"article:publisher\" content=\"https:\/\/www.facebook.com\/thetreeCBD\/\" \/>\n<meta property=\"article:modified_time\" content=\"2025-10-26T13:31:59+00:00\" \/>\n<meta property=\"og:image\" content=\"https:\/\/thetreecbd.com\/wp-content\/uploads\/2025\/06\/1sundae-drive-thetreecbd-web.jpg\" \/>\n\t<meta property=\"og:image:width\" content=\"1080\" \/>\n\t<meta property=\"og:image:height\" content=\"1350\" \/>\n\t<meta property=\"og:image:type\" content=\"image\/jpeg\" \/>\n<meta name=\"twitter:card\" content=\"summary_large_image\" \/>\n<meta name=\"twitter:site\" content=\"@TheTreeCBD_EU\" \/>\n<meta name=\"twitter:label1\" content=\"Dur\u00e9e de lecture estim\u00e9e\" \/>\n\t<meta name=\"twitter:data1\" content=\"4 minutes\" \/>\n<script type=\"application\/ld+json\" class=\"yoast-schema-graph\">{\"@context\":\"https:\/\/schema.org\",\"@graph\":[{\"@type\":[\"WebPage\",\"ItemPage\"],\"@id\":\"https:\/\/thetreecbd.com\/fr\/cbd\/petite-fleur-sundae-driver-cbd\",\"url\":\"https:\/\/thetreecbd.com\/fr\/cbd\/petite-fleur-sundae-driver-cbd\",\"name\":\"Petite fleur Sundae Driver CBD - 23% CBD. Cannabis Legal - The Tree CBD\",\"isPartOf\":{\"@id\":\"https:\/\/thetreecbd.com\/fr#website\"},\"primaryImageOfPage\":{\"@id\":\"https:\/\/thetreecbd.com\/fr\/cbd\/petite-fleur-sundae-driver-cbd#primaryimage\"},\"image\":{\"@id\":\"https:\/\/thetreecbd.com\/fr\/cbd\/petite-fleur-sundae-driver-cbd#primaryimage\"},\"thumbnailUrl\":\"https:\/\/thetreecbd.com\/wp-content\/uploads\/2025\/06\/1sundae-drive-thetreecbd-web.jpg\",\"datePublished\":\"2025-06-20T10:17:00+00:00\",\"dateModified\":\"2025-10-26T13:31:59+00:00\",\"description\":\"Sundae Driver CBD offre une saveur douce, cr\u00e9meuse et chocolat\u00e9e. Avec un effet relaxant gr\u00e2ce \u00e0 ses niveaux \u00e9lev\u00e9s de CBD, jusqu'\u00e0 23%. Essayez-le !\",\"breadcrumb\":{\"@id\":\"https:\/\/thetreecbd.com\/fr\/cbd\/petite-fleur-sundae-driver-cbd#breadcrumb\"},\"inLanguage\":\"fr-FR\",\"potentialAction\":[{\"@type\":\"ReadAction\",\"target\":[\"https:\/\/thetreecbd.com\/fr\/cbd\/petite-fleur-sundae-driver-cbd\"]}]},{\"@type\":\"ImageObject\",\"inLanguage\":\"fr-FR\",\"@id\":\"https:\/\/thetreecbd.com\/fr\/cbd\/petite-fleur-sundae-driver-cbd#primaryimage\",\"url\":\"https:\/\/thetreecbd.com\/wp-content\/uploads\/2025\/06\/1sundae-drive-thetreecbd-web.jpg\",\"contentUrl\":\"https:\/\/thetreecbd.com\/wp-content\/uploads\/2025\/06\/1sundae-drive-thetreecbd-web.jpg\",\"width\":1080,\"height\":1350},{\"@type\":\"BreadcrumbList\",\"@id\":\"https:\/\/thetreecbd.com\/fr\/cbd\/petite-fleur-sundae-driver-cbd#breadcrumb\",\"itemListElement\":[{\"@type\":\"ListItem\",\"position\":1,\"name\":\"The Tree\",\"item\":\"https:\/\/thetreecbd.com\/fr\"},{\"@type\":\"ListItem\",\"position\":2,\"name\":\"CBD\",\"item\":\"https:\/\/thetreecbd.com\/es\/cbd\"},{\"@type\":\"ListItem\",\"position\":3,\"name\":\"Fleurs de chanvre. Fleurs de CBD\",\"item\":\"https:\/\/thetreecbd.com\/fr\/fleurs-cbd\"},{\"@type\":\"ListItem\",\"position\":4,\"name\":\"Fleurs et petits bourgeons CBD\",\"item\":\"https:\/\/thetreecbd.com\/fr\/fleurs-cbd\/fleurs-petites\"},{\"@type\":\"ListItem\",\"position\":5,\"name\":\"Petite fleur Sundae Driver CBD\"}]},{\"@type\":\"WebSite\",\"@id\":\"https:\/\/thetreecbd.com\/fr#website\",\"url\":\"https:\/\/thetreecbd.com\/fr\",\"name\":\"The Tree CBD\",\"description\":\"Comprar CBD en Espa\u00f1a Online\",\"publisher\":{\"@id\":\"https:\/\/thetreecbd.com\/fr#organization\"},\"potentialAction\":[{\"@type\":\"SearchAction\",\"target\":{\"@type\":\"EntryPoint\",\"urlTemplate\":\"https:\/\/thetreecbd.com\/fr?s={search_term_string}\"},\"query-input\":{\"@type\":\"PropertyValueSpecification\",\"valueRequired\":true,\"valueName\":\"search_term_string\"}}],\"inLanguage\":\"fr-FR\"},{\"@type\":\"Organization\",\"@id\":\"https:\/\/thetreecbd.com\/fr#organization\",\"name\":\"The Tree CBD\",\"url\":\"https:\/\/thetreecbd.com\/fr\",\"logo\":{\"@type\":\"ImageObject\",\"inLanguage\":\"fr-FR\",\"@id\":\"https:\/\/thetreecbd.com\/fr#\/schema\/logo\/image\/\",\"url\":\"https:\/\/thetreecbd.com\/wp-content\/uploads\/2022\/04\/logo-thetree.png\",\"contentUrl\":\"https:\/\/thetreecbd.com\/wp-content\/uploads\/2022\/04\/logo-thetree.png\",\"width\":172,\"height\":55,\"caption\":\"The Tree CBD\"},\"image\":{\"@id\":\"https:\/\/thetreecbd.com\/fr#\/schema\/logo\/image\/\"},\"sameAs\":[\"https:\/\/www.facebook.com\/thetreeCBD\/\",\"https:\/\/x.com\/TheTreeCBD_EU\",\"https:\/\/www.instagram.com\/thetree.cbd\/\",\"https:\/\/es.trustpilot.com\/review\/thetreecbd.com\"]}]}<\/script>\n<!-- \/ Yoast SEO plugin. -->","yoast_head_json":{"title":"Petite fleur Sundae Driver CBD - 23% CBD. Cannabis Legal - The Tree CBD","description":"Sundae Driver CBD offre une saveur douce, cr\u00e9meuse et chocolat\u00e9e. Avec un effet relaxant gr\u00e2ce \u00e0 ses niveaux \u00e9lev\u00e9s de CBD, jusqu'\u00e0 23%. Essayez-le !","robots":{"index":"index","follow":"follow","max-snippet":"max-snippet:-1","max-image-preview":"max-image-preview:large","max-video-preview":"max-video-preview:-1"},"canonical":"https:\/\/thetreecbd.com\/fr\/cbd\/petite-fleur-sundae-driver-cbd","og_locale":"fr_FR","og_type":"article","og_title":"Petite fleur Sundae Driver CBD - 23% CBD. Cannabis Legal - The Tree CBD","og_description":"Sundae Driver CBD offre une saveur douce, cr\u00e9meuse et chocolat\u00e9e. Avec un effet relaxant gr\u00e2ce \u00e0 ses niveaux \u00e9lev\u00e9s de CBD, jusqu'\u00e0 23%. Essayez-le !","og_url":"https:\/\/thetreecbd.com\/fr\/cbd\/petite-fleur-sundae-driver-cbd","og_site_name":"The Tree CBD","article_publisher":"https:\/\/www.facebook.com\/thetreeCBD\/","article_modified_time":"2025-10-26T13:31:59+00:00","og_image":[{"width":1080,"height":1350,"url":"https:\/\/thetreecbd.com\/wp-content\/uploads\/2025\/06\/1sundae-drive-thetreecbd-web.jpg","type":"image\/jpeg"}],"twitter_card":"summary_large_image","twitter_site":"@TheTreeCBD_EU","twitter_misc":{"Dur\u00e9e de lecture estim\u00e9e":"4 minutes"},"schema":{"@context":"https:\/\/schema.org","@graph":[{"@type":["WebPage","ItemPage"],"@id":"https:\/\/thetreecbd.com\/fr\/cbd\/petite-fleur-sundae-driver-cbd","url":"https:\/\/thetreecbd.com\/fr\/cbd\/petite-fleur-sundae-driver-cbd","name":"Petite fleur Sundae Driver CBD - 23% CBD. Cannabis Legal - The Tree CBD","isPartOf":{"@id":"https:\/\/thetreecbd.com\/fr#website"},"primaryImageOfPage":{"@id":"https:\/\/thetreecbd.com\/fr\/cbd\/petite-fleur-sundae-driver-cbd#primaryimage"},"image":{"@id":"https:\/\/thetreecbd.com\/fr\/cbd\/petite-fleur-sundae-driver-cbd#primaryimage"},"thumbnailUrl":"https:\/\/thetreecbd.com\/wp-content\/uploads\/2025\/06\/1sundae-drive-thetreecbd-web.jpg","datePublished":"2025-06-20T10:17:00+00:00","dateModified":"2025-10-26T13:31:59+00:00","description":"Sundae Driver CBD offre une saveur douce, cr\u00e9meuse et chocolat\u00e9e. Avec un effet relaxant gr\u00e2ce \u00e0 ses niveaux \u00e9lev\u00e9s de CBD, jusqu'\u00e0 23%. Essayez-le !","breadcrumb":{"@id":"https:\/\/thetreecbd.com\/fr\/cbd\/petite-fleur-sundae-driver-cbd#breadcrumb"},"inLanguage":"fr-FR","potentialAction":[{"@type":"ReadAction","target":["https:\/\/thetreecbd.com\/fr\/cbd\/petite-fleur-sundae-driver-cbd"]}]},{"@type":"ImageObject","inLanguage":"fr-FR","@id":"https:\/\/thetreecbd.com\/fr\/cbd\/petite-fleur-sundae-driver-cbd#primaryimage","url":"https:\/\/thetreecbd.com\/wp-content\/uploads\/2025\/06\/1sundae-drive-thetreecbd-web.jpg","contentUrl":"https:\/\/thetreecbd.com\/wp-content\/uploads\/2025\/06\/1sundae-drive-thetreecbd-web.jpg","width":1080,"height":1350},{"@type":"BreadcrumbList","@id":"https:\/\/thetreecbd.com\/fr\/cbd\/petite-fleur-sundae-driver-cbd#breadcrumb","itemListElement":[{"@type":"ListItem","position":1,"name":"The Tree","item":"https:\/\/thetreecbd.com\/fr"},{"@type":"ListItem","position":2,"name":"CBD","item":"https:\/\/thetreecbd.com\/es\/cbd"},{"@type":"ListItem","position":3,"name":"Fleurs de chanvre. Fleurs de CBD","item":"https:\/\/thetreecbd.com\/fr\/fleurs-cbd"},{"@type":"ListItem","position":4,"name":"Fleurs et petits bourgeons CBD","item":"https:\/\/thetreecbd.com\/fr\/fleurs-cbd\/fleurs-petites"},{"@type":"ListItem","position":5,"name":"Petite fleur Sundae Driver CBD"}]},{"@type":"WebSite","@id":"https:\/\/thetreecbd.com\/fr#website","url":"https:\/\/thetreecbd.com\/fr","name":"The Tree CBD","description":"Comprar CBD en Espa\u00f1a Online","publisher":{"@id":"https:\/\/thetreecbd.com\/fr#organization"},"potentialAction":[{"@type":"SearchAction","target":{"@type":"EntryPoint","urlTemplate":"https:\/\/thetreecbd.com\/fr?s={search_term_string}"},"query-input":{"@type":"PropertyValueSpecification","valueRequired":true,"valueName":"search_term_string"}}],"inLanguage":"fr-FR"},{"@type":"Organization","@id":"https:\/\/thetreecbd.com\/fr#organization","name":"The Tree CBD","url":"https:\/\/thetreecbd.com\/fr","logo":{"@type":"ImageObject","inLanguage":"fr-FR","@id":"https:\/\/thetreecbd.com\/fr#\/schema\/logo\/image\/","url":"https:\/\/thetreecbd.com\/wp-content\/uploads\/2022\/04\/logo-thetree.png","contentUrl":"https:\/\/thetreecbd.com\/wp-content\/uploads\/2022\/04\/logo-thetree.png","width":172,"height":55,"caption":"The Tree CBD"},"image":{"@id":"https:\/\/thetreecbd.com\/fr#\/schema\/logo\/image\/"},"sameAs":["https:\/\/www.facebook.com\/thetreeCBD\/","https:\/\/x.com\/TheTreeCBD_EU","https:\/\/www.instagram.com\/thetree.cbd\/","https:\/\/es.trustpilot.com\/review\/thetreecbd.com"]}]}},"_links":{"self":[{"href":"https:\/\/thetreecbd.com\/fr\/wp-json\/wp\/v2\/product\/168904","targetHints":{"allow":["GET"]}}],"collection":[{"href":"https:\/\/thetreecbd.com\/fr\/wp-json\/wp\/v2\/product"}],"about":[{"href":"https:\/\/thetreecbd.com\/fr\/wp-json\/wp\/v2\/types\/product"}],"version-history":[{"count":0,"href":"https:\/\/thetreecbd.com\/fr\/wp-json\/wp\/v2\/product\/168904\/revisions"}],"wp:featuredmedia":[{"embeddable":true,"href":"https:\/\/thetreecbd.com\/fr\/wp-json\/wp\/v2\/media\/183394"}],"wp:attachment":[{"href":"https:\/\/thetreecbd.com\/fr\/wp-json\/wp\/v2\/media?parent=168904"}],"wp:term":[{"taxonomy":"product_brand","embeddable":true,"href":"https:\/\/thetreecbd.com\/fr\/wp-json\/wp\/v2\/product_brand?post=168904"}],"curies":[{"name":"wp","href":"https:\/\/api.w.org\/{rel}","templated":true}]}}