{"id":170051,"date":"2025-07-02T11:41:30","date_gmt":"2025-07-02T09:41:30","guid":{"rendered":"https:\/\/thetreecbd.com\/?post_type=product&#038;p=170051"},"modified":"2025-10-12T11:20:36","modified_gmt":"2025-10-12T09:20:36","slug":"petit-bud-malibu-exotic","status":"publish","type":"product","link":"https:\/\/thetreecbd.com\/fr\/cbd\/petit-bud-malibu-exotic","title":{"rendered":"Petit bud Malibu Exotic"},"content":{"rendered":"<p><strong>The Tree CBD vous propose les petites t\u00eates de cannabis l\u00e9gal de la vari\u00e9t\u00e9 MALIBU EXOTIC CBD<\/strong>, une g\u00e9n\u00e9tique unique qui offre une forte concentration de CBD dans chaque fleur.<\/p>\n<p>Les fleurs de <strong>MALIBU EXOTIC CBD<\/strong> de The Tree sont inimitables : leur couleur vert clair avec des reflets orang\u00e9s les rend facilement reconnaissables par les connaisseurs. Elles pr\u00e9sentent de longs pistils, ce qui donne aux t\u00eates un aspect particuli\u00e8rement attrayant. Leur ar\u00f4me puissant en fait l\u2019une des vari\u00e9t\u00e9s les plus exotiques et remarquables du moment.<\/p>\n<p>La <strong>MALIBU EXOTIC CBD<\/strong> de The Tree est une herbe hybride, id\u00e9ale pour stimuler la cr\u00e9ativit\u00e9 et la sociabilit\u00e9 tout en procurant une sensation de d\u00e9tente sans effet s\u00e9datif. Elle offre un ar\u00f4me intense avec des notes sucr\u00e9es et florales. Son parfum le plus caract\u00e9ristique est fruit\u00e9, rappelant l\u2019ouverture d\u2019une papaye ou d\u2019une mangue, ce qui la rend irr\u00e9sistible pour les amateurs de terp\u00e8nes exotiques.<\/p>\n<p>Les t\u00eates de notre <strong>MALIBU EXOTIC CBD<\/strong> proviennent de graines certifi\u00e9es par l\u2019Union europ\u00e9enne et sont cultiv\u00e9es en int\u00e9rieur de mani\u00e8re 100 % naturelle, sans additifs ni pesticides. Chez The Tree, notre objectif principal est de proposer des produits de haute qualit\u00e9.<\/p>\n<p>Ces fleurs de CBD ont un effet relaxant renforc\u00e9 gr\u00e2ce \u00e0 leur teneur \u00e9lev\u00e9e en CBD, comprise entre 14 % et 16 %.<\/p>\n<p>De plus, comme elles contiennent moins de 0,20 % de THC, elles sont totalement l\u00e9gales dans toute l\u2019Europe et ne produisent aucun effet psychoactif.<\/p>\n<div><\/div>\n<p><strong>Caract\u00e9ristiques du cannabis l\u00e9gal MALIBU EXOTIC CBD<\/strong><\/p>\n<ul>\n<li>T\u00eates de chanvre<\/li>\n<li>Moins de 0,20 % de THC<\/li>\n<li>Entre 14 % et 16 % de CBD<\/li>\n<li>50 % Sativa \/ 50 % Indica<\/li>\n<li>Sans effets psychoactifs<\/li>\n<li>Cultiv\u00e9es de mani\u00e8re biologique<\/li>\n<li>Sans OGM<\/li>\n<li>Sans pesticides<\/li>\n<li>Ar\u00f4me CBD<\/li>\n<\/ul>\n<p>Les terp\u00e8nes sont pr\u00e9sents dans la plupart des huiles essentielles de nombreuses plantes, fleurs et fruits. Ce sont eux qui donnent l\u2019ar\u00f4me et la saveur. Le cannabis poss\u00e8de un large profil terp\u00e9nique.<\/p>\n<p><strong>Terp\u00e8ne dominant dans la vari\u00e9t\u00e9 MALIBU EXOTIC CBD :<\/strong> Limon\u00e8ne<\/p>\n<div><\/div>\n<p><strong>Emballage<\/strong><\/p>\n<p>Les vari\u00e9t\u00e9s de cannabis l\u00e9gal de The Tree sont conditionn\u00e9es dans des sachets plastiques biod\u00e9gradables sp\u00e9cialement con\u00e7us pour prot\u00e9ger et conserver les fleurs de CBD. Ces sachets sont refermables afin de pr\u00e9server la fra\u00eecheur et l\u2019ar\u00f4me d\u2019origine des t\u00eates.<\/p>\n<div><\/div>\n<p><strong>Formats disponibles<\/strong><\/p>\n<p>La vari\u00e9t\u00e9 <strong>MALIBU EXOTIC CBD<\/strong> est disponible aux formats suivants : 2 g, 5 g, 15 g et 25 g<\/p>\n<div><\/div>\n<p><strong>Conservation<\/strong><\/p>\n<p>Les t\u00eates de CBD de The Tree doivent id\u00e9alement \u00eatre conserv\u00e9es dans un endroit frais et sec, \u00e0 l\u2019abri de la lumi\u00e8re et des odeurs fortes, afin d\u2019\u00e9viter toute contamination ou d\u00e9gradation. \u00c9viter l\u2019exposition directe au soleil et \u00e0 la chaleur. Tenir hors de port\u00e9e des enfants.<\/p>\n<p><strong>Remarque :<\/strong> La dur\u00e9e de conservation est d\u2019environ un mois si le produit est stock\u00e9 correctement.<\/p>\n<div><\/div>\n<p><strong>\u00c0 qui s\u2019adresse ce produit ?<\/strong><\/p>\n<p>Nos fleurs de chanvre peuvent \u00eatre utilis\u00e9es par toute personne majeure (18 ans et plus). Leur ar\u00f4me unique attire m\u00eame les plus sceptiques vers l\u2019univers du CBD.<\/p>\n<div><\/div>\n<p><strong>Informations de s\u00e9curit\u00e9<\/strong><\/p>\n<p>Veuillez noter que les t\u00eates de CBD de The Tree sont un produit d\u00e9coratif, de collection et aromatique. Elles ne doivent pas \u00eatre utilis\u00e9es pendant la grossesse ou l\u2019allaitement. Tenir hors de port\u00e9e des enfants.<\/p>\n<p>Nos t\u00eates de CBD peuvent contenir une faible quantit\u00e9 de THC, toujours inf\u00e9rieure \u00e0 la limite l\u00e9gale de 0,2 % fix\u00e9e par l\u2019Union europ\u00e9enne.<\/p>\n<p>Les informations fournies sont \u00e0 titre informatif et \u00e9ducatif uniquement et ne remplacent en aucun cas les conseils m\u00e9dicaux d\u2019un professionnel de sant\u00e9. Nos textes ne sont pas destin\u00e9s \u00e0 diagnostiquer ou traiter des maladies.<\/p>\n","protected":false},"excerpt":{"rendered":"<p><strong>Caract\u00e9ristiques du cannabis l\u00e9gal MALIBU EXOTIC CBD<\/strong><\/p>\n<ul>\n<li>T\u00eates de chanvre<\/li>\n<li>Moins de 0,20 % de THC<\/li>\n<li>Entre 14 % et 16 % de CBD<\/li>\n<li>50 % Sativa \/ 50 % Indica<\/li>\n<li>Sans effets psychoactifs<\/li>\n<li>Cultiv\u00e9es de mani\u00e8re biologique<\/li>\n<li>Sans OGM<\/li>\n<li>Sans pesticides<\/li>\n<li>Ar\u00f4me CBD<\/li>\n<\/ul>\n","protected":false},"featured_media":176524,"template":"","meta":{"_acf_changed":false},"product_brand":[],"class_list":{"0":"post-170051","1":"product","2":"type-product","3":"status-publish","4":"has-post-thumbnail","6":"product_cat-fleurs-cbd","7":"product_cat-fleurs-petites","9":"first","10":"instock","11":"taxable","12":"shipping-taxable","13":"purchasable","14":"product-type-variable"},"acf":[],"yoast_head":"<!-- This site is optimized with the Yoast SEO plugin v26.3 - https:\/\/yoast.com\/wordpress\/plugins\/seo\/ -->\n<title>Petit bud Malibu Exotic | Malibu Exotic | The Tree CBD - The Tree CBD<\/title>\n<meta name=\"description\" content=\"La petite t\u00eate de Malibu Exotic CBD, avec un ar\u00f4me inimitable et un taux \u00e9lev\u00e9 de CBD, jusqu\u2019\u00e0 16 %. Impossible d\u2019y r\u00e9sister ! CBD l\u00e9gal.\" \/>\n<meta name=\"robots\" content=\"index, follow, max-snippet:-1, max-image-preview:large, max-video-preview:-1\" \/>\n<link rel=\"canonical\" href=\"https:\/\/thetreecbd.com\/fr\/cbd\/petit-bud-malibu-exotic\" \/>\n<meta property=\"og:locale\" content=\"fr_FR\" \/>\n<meta property=\"og:type\" content=\"article\" \/>\n<meta property=\"og:title\" content=\"Petit bud Malibu Exotic | Malibu Exotic | The Tree CBD - The Tree CBD\" \/>\n<meta property=\"og:description\" content=\"La petite t\u00eate de Malibu Exotic CBD, avec un ar\u00f4me inimitable et un taux \u00e9lev\u00e9 de CBD, jusqu\u2019\u00e0 16 %. Impossible d\u2019y r\u00e9sister ! CBD l\u00e9gal.\" \/>\n<meta property=\"og:url\" content=\"https:\/\/thetreecbd.com\/fr\/cbd\/petit-bud-malibu-exotic\" \/>\n<meta property=\"og:site_name\" content=\"The Tree CBD\" \/>\n<meta property=\"article:publisher\" content=\"https:\/\/www.facebook.com\/thetreeCBD\/\" \/>\n<meta property=\"article:modified_time\" content=\"2025-10-12T09:20:36+00:00\" \/>\n<meta property=\"og:image\" content=\"https:\/\/thetreecbd.com\/wp-content\/uploads\/2025\/07\/Malibu-Exotic-thetreecbd.jpg\" \/>\n\t<meta property=\"og:image:width\" content=\"1080\" \/>\n\t<meta property=\"og:image:height\" content=\"1350\" \/>\n\t<meta property=\"og:image:type\" content=\"image\/jpeg\" \/>\n<meta name=\"twitter:card\" content=\"summary_large_image\" \/>\n<meta name=\"twitter:site\" content=\"@TheTreeCBD_EU\" \/>\n<meta name=\"twitter:label1\" content=\"Dur\u00e9e de lecture estim\u00e9e\" \/>\n\t<meta name=\"twitter:data1\" content=\"3 minutes\" \/>\n<script type=\"application\/ld+json\" class=\"yoast-schema-graph\">{\"@context\":\"https:\/\/schema.org\",\"@graph\":[{\"@type\":[\"WebPage\",\"ItemPage\"],\"@id\":\"https:\/\/thetreecbd.com\/fr\/cbd\/petit-bud-malibu-exotic\",\"url\":\"https:\/\/thetreecbd.com\/fr\/cbd\/petit-bud-malibu-exotic\",\"name\":\"Petit bud Malibu Exotic | Malibu Exotic | The Tree CBD - The Tree CBD\",\"isPartOf\":{\"@id\":\"https:\/\/thetreecbd.com\/fr#website\"},\"primaryImageOfPage\":{\"@id\":\"https:\/\/thetreecbd.com\/fr\/cbd\/petit-bud-malibu-exotic#primaryimage\"},\"image\":{\"@id\":\"https:\/\/thetreecbd.com\/fr\/cbd\/petit-bud-malibu-exotic#primaryimage\"},\"thumbnailUrl\":\"https:\/\/thetreecbd.com\/wp-content\/uploads\/2025\/07\/Malibu-Exotic-thetreecbd.jpg\",\"datePublished\":\"2025-07-02T09:41:30+00:00\",\"dateModified\":\"2025-10-12T09:20:36+00:00\",\"description\":\"La petite t\u00eate de Malibu Exotic CBD, avec un ar\u00f4me inimitable et un taux \u00e9lev\u00e9 de CBD, jusqu\u2019\u00e0 16 %. Impossible d\u2019y r\u00e9sister ! CBD l\u00e9gal.\",\"breadcrumb\":{\"@id\":\"https:\/\/thetreecbd.com\/fr\/cbd\/petit-bud-malibu-exotic#breadcrumb\"},\"inLanguage\":\"fr-FR\",\"potentialAction\":[{\"@type\":\"ReadAction\",\"target\":[\"https:\/\/thetreecbd.com\/fr\/cbd\/petit-bud-malibu-exotic\"]}]},{\"@type\":\"ImageObject\",\"inLanguage\":\"fr-FR\",\"@id\":\"https:\/\/thetreecbd.com\/fr\/cbd\/petit-bud-malibu-exotic#primaryimage\",\"url\":\"https:\/\/thetreecbd.com\/wp-content\/uploads\/2025\/07\/Malibu-Exotic-thetreecbd.jpg\",\"contentUrl\":\"https:\/\/thetreecbd.com\/wp-content\/uploads\/2025\/07\/Malibu-Exotic-thetreecbd.jpg\",\"width\":1080,\"height\":1350},{\"@type\":\"BreadcrumbList\",\"@id\":\"https:\/\/thetreecbd.com\/fr\/cbd\/petit-bud-malibu-exotic#breadcrumb\",\"itemListElement\":[{\"@type\":\"ListItem\",\"position\":1,\"name\":\"The Tree\",\"item\":\"https:\/\/thetreecbd.com\/fr\"},{\"@type\":\"ListItem\",\"position\":2,\"name\":\"CBD\",\"item\":\"https:\/\/thetreecbd.com\/es\/cbd\"},{\"@type\":\"ListItem\",\"position\":3,\"name\":\"Fleurs de chanvre. Fleurs de CBD\",\"item\":\"https:\/\/thetreecbd.com\/fr\/fleurs-cbd\"},{\"@type\":\"ListItem\",\"position\":4,\"name\":\"Fleurs et petits bourgeons CBD\",\"item\":\"https:\/\/thetreecbd.com\/fr\/fleurs-cbd\/fleurs-petites\"},{\"@type\":\"ListItem\",\"position\":5,\"name\":\"Petit bud Malibu Exotic\"}]},{\"@type\":\"WebSite\",\"@id\":\"https:\/\/thetreecbd.com\/fr#website\",\"url\":\"https:\/\/thetreecbd.com\/fr\",\"name\":\"The Tree CBD\",\"description\":\"Comprar CBD en Espa\u00f1a Online\",\"publisher\":{\"@id\":\"https:\/\/thetreecbd.com\/fr#organization\"},\"potentialAction\":[{\"@type\":\"SearchAction\",\"target\":{\"@type\":\"EntryPoint\",\"urlTemplate\":\"https:\/\/thetreecbd.com\/fr?s={search_term_string}\"},\"query-input\":{\"@type\":\"PropertyValueSpecification\",\"valueRequired\":true,\"valueName\":\"search_term_string\"}}],\"inLanguage\":\"fr-FR\"},{\"@type\":\"Organization\",\"@id\":\"https:\/\/thetreecbd.com\/fr#organization\",\"name\":\"The Tree CBD\",\"url\":\"https:\/\/thetreecbd.com\/fr\",\"logo\":{\"@type\":\"ImageObject\",\"inLanguage\":\"fr-FR\",\"@id\":\"https:\/\/thetreecbd.com\/fr#\/schema\/logo\/image\/\",\"url\":\"https:\/\/thetreecbd.com\/wp-content\/uploads\/2022\/04\/logo-thetree.png\",\"contentUrl\":\"https:\/\/thetreecbd.com\/wp-content\/uploads\/2022\/04\/logo-thetree.png\",\"width\":172,\"height\":55,\"caption\":\"The Tree CBD\"},\"image\":{\"@id\":\"https:\/\/thetreecbd.com\/fr#\/schema\/logo\/image\/\"},\"sameAs\":[\"https:\/\/www.facebook.com\/thetreeCBD\/\",\"https:\/\/x.com\/TheTreeCBD_EU\",\"https:\/\/www.instagram.com\/thetree.cbd\/\",\"https:\/\/es.trustpilot.com\/review\/thetreecbd.com\"]}]}<\/script>\n<!-- \/ Yoast SEO plugin. -->","yoast_head_json":{"title":"Petit bud Malibu Exotic | Malibu Exotic | The Tree CBD - The Tree CBD","description":"La petite t\u00eate de Malibu Exotic CBD, avec un ar\u00f4me inimitable et un taux \u00e9lev\u00e9 de CBD, jusqu\u2019\u00e0 16 %. Impossible d\u2019y r\u00e9sister ! CBD l\u00e9gal.","robots":{"index":"index","follow":"follow","max-snippet":"max-snippet:-1","max-image-preview":"max-image-preview:large","max-video-preview":"max-video-preview:-1"},"canonical":"https:\/\/thetreecbd.com\/fr\/cbd\/petit-bud-malibu-exotic","og_locale":"fr_FR","og_type":"article","og_title":"Petit bud Malibu Exotic | Malibu Exotic | The Tree CBD - The Tree CBD","og_description":"La petite t\u00eate de Malibu Exotic CBD, avec un ar\u00f4me inimitable et un taux \u00e9lev\u00e9 de CBD, jusqu\u2019\u00e0 16 %. Impossible d\u2019y r\u00e9sister ! CBD l\u00e9gal.","og_url":"https:\/\/thetreecbd.com\/fr\/cbd\/petit-bud-malibu-exotic","og_site_name":"The Tree CBD","article_publisher":"https:\/\/www.facebook.com\/thetreeCBD\/","article_modified_time":"2025-10-12T09:20:36+00:00","og_image":[{"width":1080,"height":1350,"url":"https:\/\/thetreecbd.com\/wp-content\/uploads\/2025\/07\/Malibu-Exotic-thetreecbd.jpg","type":"image\/jpeg"}],"twitter_card":"summary_large_image","twitter_site":"@TheTreeCBD_EU","twitter_misc":{"Dur\u00e9e de lecture estim\u00e9e":"3 minutes"},"schema":{"@context":"https:\/\/schema.org","@graph":[{"@type":["WebPage","ItemPage"],"@id":"https:\/\/thetreecbd.com\/fr\/cbd\/petit-bud-malibu-exotic","url":"https:\/\/thetreecbd.com\/fr\/cbd\/petit-bud-malibu-exotic","name":"Petit bud Malibu Exotic | Malibu Exotic | The Tree CBD - The Tree CBD","isPartOf":{"@id":"https:\/\/thetreecbd.com\/fr#website"},"primaryImageOfPage":{"@id":"https:\/\/thetreecbd.com\/fr\/cbd\/petit-bud-malibu-exotic#primaryimage"},"image":{"@id":"https:\/\/thetreecbd.com\/fr\/cbd\/petit-bud-malibu-exotic#primaryimage"},"thumbnailUrl":"https:\/\/thetreecbd.com\/wp-content\/uploads\/2025\/07\/Malibu-Exotic-thetreecbd.jpg","datePublished":"2025-07-02T09:41:30+00:00","dateModified":"2025-10-12T09:20:36+00:00","description":"La petite t\u00eate de Malibu Exotic CBD, avec un ar\u00f4me inimitable et un taux \u00e9lev\u00e9 de CBD, jusqu\u2019\u00e0 16 %. Impossible d\u2019y r\u00e9sister ! CBD l\u00e9gal.","breadcrumb":{"@id":"https:\/\/thetreecbd.com\/fr\/cbd\/petit-bud-malibu-exotic#breadcrumb"},"inLanguage":"fr-FR","potentialAction":[{"@type":"ReadAction","target":["https:\/\/thetreecbd.com\/fr\/cbd\/petit-bud-malibu-exotic"]}]},{"@type":"ImageObject","inLanguage":"fr-FR","@id":"https:\/\/thetreecbd.com\/fr\/cbd\/petit-bud-malibu-exotic#primaryimage","url":"https:\/\/thetreecbd.com\/wp-content\/uploads\/2025\/07\/Malibu-Exotic-thetreecbd.jpg","contentUrl":"https:\/\/thetreecbd.com\/wp-content\/uploads\/2025\/07\/Malibu-Exotic-thetreecbd.jpg","width":1080,"height":1350},{"@type":"BreadcrumbList","@id":"https:\/\/thetreecbd.com\/fr\/cbd\/petit-bud-malibu-exotic#breadcrumb","itemListElement":[{"@type":"ListItem","position":1,"name":"The Tree","item":"https:\/\/thetreecbd.com\/fr"},{"@type":"ListItem","position":2,"name":"CBD","item":"https:\/\/thetreecbd.com\/es\/cbd"},{"@type":"ListItem","position":3,"name":"Fleurs de chanvre. Fleurs de CBD","item":"https:\/\/thetreecbd.com\/fr\/fleurs-cbd"},{"@type":"ListItem","position":4,"name":"Fleurs et petits bourgeons CBD","item":"https:\/\/thetreecbd.com\/fr\/fleurs-cbd\/fleurs-petites"},{"@type":"ListItem","position":5,"name":"Petit bud Malibu Exotic"}]},{"@type":"WebSite","@id":"https:\/\/thetreecbd.com\/fr#website","url":"https:\/\/thetreecbd.com\/fr","name":"The Tree CBD","description":"Comprar CBD en Espa\u00f1a Online","publisher":{"@id":"https:\/\/thetreecbd.com\/fr#organization"},"potentialAction":[{"@type":"SearchAction","target":{"@type":"EntryPoint","urlTemplate":"https:\/\/thetreecbd.com\/fr?s={search_term_string}"},"query-input":{"@type":"PropertyValueSpecification","valueRequired":true,"valueName":"search_term_string"}}],"inLanguage":"fr-FR"},{"@type":"Organization","@id":"https:\/\/thetreecbd.com\/fr#organization","name":"The Tree CBD","url":"https:\/\/thetreecbd.com\/fr","logo":{"@type":"ImageObject","inLanguage":"fr-FR","@id":"https:\/\/thetreecbd.com\/fr#\/schema\/logo\/image\/","url":"https:\/\/thetreecbd.com\/wp-content\/uploads\/2022\/04\/logo-thetree.png","contentUrl":"https:\/\/thetreecbd.com\/wp-content\/uploads\/2022\/04\/logo-thetree.png","width":172,"height":55,"caption":"The Tree CBD"},"image":{"@id":"https:\/\/thetreecbd.com\/fr#\/schema\/logo\/image\/"},"sameAs":["https:\/\/www.facebook.com\/thetreeCBD\/","https:\/\/x.com\/TheTreeCBD_EU","https:\/\/www.instagram.com\/thetree.cbd\/","https:\/\/es.trustpilot.com\/review\/thetreecbd.com"]}]}},"_links":{"self":[{"href":"https:\/\/thetreecbd.com\/fr\/wp-json\/wp\/v2\/product\/170051","targetHints":{"allow":["GET"]}}],"collection":[{"href":"https:\/\/thetreecbd.com\/fr\/wp-json\/wp\/v2\/product"}],"about":[{"href":"https:\/\/thetreecbd.com\/fr\/wp-json\/wp\/v2\/types\/product"}],"version-history":[{"count":0,"href":"https:\/\/thetreecbd.com\/fr\/wp-json\/wp\/v2\/product\/170051\/revisions"}],"wp:featuredmedia":[{"embeddable":true,"href":"https:\/\/thetreecbd.com\/fr\/wp-json\/wp\/v2\/media\/176524"}],"wp:attachment":[{"href":"https:\/\/thetreecbd.com\/fr\/wp-json\/wp\/v2\/media?parent=170051"}],"wp:term":[{"taxonomy":"product_brand","embeddable":true,"href":"https:\/\/thetreecbd.com\/fr\/wp-json\/wp\/v2\/product_brand?post=170051"}],"curies":[{"name":"wp","href":"https:\/\/api.w.org\/{rel}","templated":true}]}}