{"id":171473,"date":"2025-07-09T15:10:34","date_gmt":"2025-07-09T13:10:34","guid":{"rendered":"https:\/\/thetreecbd.com\/?post_type=product&#038;p=171473"},"modified":"2025-10-12T11:20:37","modified_gmt":"2025-10-12T09:20:37","slug":"petite-tete-sweet-kase","status":"publish","type":"product","link":"https:\/\/thetreecbd.com\/fr\/cbd\/petite-tete-sweet-kase","title":{"rendered":"Petite t\u00eate Sweet Kase"},"content":{"rendered":"<p>Le petit bourgeon de Sweet Kase CBD par Kase.O est le r\u00e9sultat d&#8217;une collaboration exceptionnelle avec The Tree CBD. Ce partenariat entre deux leaders dans leurs domaines respectifs a abouti \u00e0 une combinaison parfaite d&#8217;art et de bien-\u00eatre. Chaque fleur est soigneusement cultiv\u00e9e et s\u00e9lectionn\u00e9e pour garantir la qualit\u00e9 et la pr\u00e9sence des fleurs de CBD de Kase.O. Ces fleurs, riches en cannabidiol de premi\u00e8re qualit\u00e9 et avec une finition californienne, vous offrent un ar\u00f4me exceptionnel et incomparable. Pour cette collaboration, tout comme pour ses paroles et sa musique, les fleurs de CBD de Kase.O sont une expression de sa passion et de sa cr\u00e9ativit\u00e9. Chaque fleur est comme une \u0153uvre d&#8217;art en soi, avec des couleurs vibrantes et des formes coniques \u00e9l\u00e9gantes qui capturent l&#8217;essence de sa vision artistique. D&#8217;autre part, chez The Tree CBD, une marque leader de produits CBD de haute qualit\u00e9, nous avons apport\u00e9 notre expertise dans la production de fleurs et de produits CBD de premi\u00e8re qualit\u00e9. Notre engagement envers la qualit\u00e9 et la puret\u00e9 se refl\u00e8te dans chaque fleur de CBD cr\u00e9\u00e9e en collaboration avec Kase.O.<\/p>\n<p><b>L&#8217;union fait la force<\/b><\/p>\n<p>Ensemble, Kase.O et The Tree CBD ont r\u00e9ussi \u00e0 \u00e9lever les fleurs de CBD \u00e0 un nouveau niveau. Notre vision partag\u00e9e et notre recherche de l&#8217;excellence ont abouti \u00e0 un r\u00e9sultat unique : l&#8217;une des meilleures fleurs du march\u00e9. Cette nouvelle vari\u00e9t\u00e9 de fleurs de CBD Sweet Kase est un croisement entre Lemon Tree et V1. La plante a h\u00e9rit\u00e9 de la structure et du terp\u00e8ne d&#8217;une Lemon Tree, mais la fleur diff\u00e8re des deux g\u00e9n\u00e9tiques. En essayant de donner un peu de douceur \u00e0 notre Lemon Tree, nous avons plut\u00f4t obtenu la fleur la plus compacte du monde. Le terp\u00e8ne est tr\u00e8s intense et frais, avec une tr\u00e8s l\u00e9g\u00e8re touche citronn\u00e9e, une couleur vert \u00e9meraude et une r\u00e9sine blanche qui lui donne un effet &#8220;Frosty&#8221; difficile \u00e0 trouver dans le monde du CBD. La collaboration entre Kase.O et The Tree CBD a \u00e9t\u00e9 une synergie parfaite, unissant le monde de l&#8217;art et l&#8217;innovation dans les produits CBD. Le r\u00e9sultat final est des fleurs de CBD qui sont non seulement visuellement captivantes, mais qui procurent \u00e9galement une exp\u00e9rience aromatique in\u00e9gal\u00e9e. Que vous cherchiez un cadeau pour vous-m\u00eame ou pour quelqu&#8217;un de sp\u00e9cial, les fleurs de CBD de Kase.O sont le choix parfait. En acqu\u00e9rant les fleurs de CBD de Kase.O, vous n&#8217;acqui\u00e8rez pas seulement un produit de haute qualit\u00e9, mais aussi une exp\u00e9rience unique. Plongez dans le monde de l&#8217;art et de la relaxation avec ces fleurs exceptionnelles, cr\u00e9\u00e9es par le g\u00e9nie cr\u00e9atif de Kase.O.<\/p>\n<p><b>Caract\u00e9ristiques du petit bourgeon Sweet Kase par Kase.O<\/b><\/p>\n<ul>\n<li>Bourgeons de chanvre<\/li>\n<li>18% de CBD<\/li>\n<li>Moins de 0.20% de THC<\/li>\n<li>G\u00e9n\u00e9tique : Kompolti x V1<\/li>\n<li>\u00c0 dominante Indica<\/li>\n<li>Sans effets psychoactifs<\/li>\n<li>Cultiv\u00e9es de mani\u00e8re biologique<\/li>\n<li>Sans OGM<\/li>\n<li>Sans pesticides<\/li>\n<\/ul>\n<p><b>Ar\u00f4me du petit bourgeon CBD Sweet Kase par Kase.O<\/b><\/p>\n<p>Les terp\u00e8nes se trouvent dans la plupart des huiles essentielles de nombreuses plantes, fleurs et fruits ; ils sont responsables de l&#8217;odeur et de la saveur. Dans le cannabis, on peut trouver un large profil de terp\u00e8nes. Sweet Kase de Kase.O et The Tree a un ar\u00f4me fruit\u00e9 et l\u00e9g\u00e8rement citronn\u00e9, avec un parfum intense et frais.<\/p>\n<p><b>Utilisateur cibl\u00e9<\/b><\/p>\n<p>Les fleurs cultiv\u00e9es en int\u00e9rieur sont destin\u00e9es \u00e0 ceux qui recherchent une garantie de qualit\u00e9, car la culture en int\u00e9rieur permet de cr\u00e9er des fleurs homog\u00e8nes avec une couleur verte et une forte concentration de CBD. De plus, leur finition californienne nous offre des fleurs sur mesure pour ceux qui recherchent le meilleur du march\u00e9. La culture en int\u00e9rieur est, sans aucun doute, une m\u00e9thode de culture beaucoup plus technique, o\u00f9 l&#8217;environnement dans lequel une plante pousse peut \u00eatre contr\u00f4l\u00e9 pour obtenir les r\u00e9sultats pr\u00e9f\u00e9r\u00e9s par le cultivateur. C&#8217;est la m\u00e9thode pr\u00e9f\u00e9r\u00e9e \u00e0 des fins m\u00e9dicinales, car de cette mani\u00e8re, le contr\u00f4le du climat et de la lumi\u00e8re peut \u00eatre r\u00e9alis\u00e9, standardisant le produit autant que possible. Il ne faut pas oublier que la variabilit\u00e9 en termes de pourcentage de CBD et d&#8217;autres cannabino\u00efdes d\u00e9pend beaucoup du milieu dans lequel il est cultiv\u00e9. Avec un contr\u00f4le climatique et nutritif, tant au niveau du support racinaire que des heures de lumi\u00e8re, nous nous assurerons que le produit sera homog\u00e8ne et nous obtiendrons toujours une garantie de qualit\u00e9 avec les fleurs de CBD en int\u00e9rieur. Du point de vue des consommateurs, l&#8217;int\u00e9rieur peut \u00eatre meilleur pour les raisons mentionn\u00e9es ci-dessus \u2013 garantie de qualit\u00e9 \u2013 et les fleurs de CBD d&#8217;int\u00e9rieur sont \u00e9galement connues pour leur apparence, g\u00e9n\u00e9ralement plus r\u00e9sineuse et d&#8217;une couleur verte plus vive.<\/p>\n<p><b>Informations de s\u00e9curit\u00e9<\/b><\/p>\n<p>Veuillez noter que les bourgeons de CBD de The Tree sont un produit d\u00e9coratif, de collection et aromatique. Ils ne doivent pas \u00eatre utilis\u00e9s pendant la grossesse ou l&#8217;allaitement. Tenir hors de port\u00e9e des enfants. Nos bourgeons de <span class=\"citation-161 citation-end-161\">CBD sont des fleurs de chanvre sans r\u00e9sine et non psychoactives, cultiv\u00e9es \u00e0 partir de graines certifi\u00e9es, sans additifs, avec un maximum de 0,3% de THC ou un indice de psychoactivit\u00e9 inf\u00e9rieur \u00e0<\/span> 1. Cannabis de type fibre selon le Manuel ST\/NAR 40 des Nations Unies. Produit d\u00e9coratif, aromatique et de collection. L&#8217;ingestion, l&#8217;inhalation ou l&#8217;utilisation th\u00e9rapeutique sont interdites. L&#8217;entreprise n&#8217;est pas responsable de toute utilisation contraire \u00e0 la loi ou \u00e0 ces indications. Vente interdite aux mineurs. Tenir hors de port\u00e9e des enfants. Le contenu fourni est \u00e0 des fins d&#8217;information et de formation uniquement et ne remplace en aucun cas un avis m\u00e9dical d&#8217;un m\u00e9decin ou d&#8217;un pharmacien. Nos textes ne sont pas destin\u00e9s au diagnostic et au traitement ind\u00e9pendants de maladies. N&#8217;h\u00e9sitez pas \u00e0 nous contacter si vous avez d&#8217;autres questions.<\/p>\n<p><b>Stockage<\/b><\/p>\n<p>Id\u00e9alement, les bourgeons de CBD de The Tree doivent \u00eatre stock\u00e9s dans un endroit frais et sec, \u00e0 l&#8217;abri de la lumi\u00e8re et des odeurs fortes pour \u00e9viter tout type de contamination et\/ou d\u00e9gradation. \u00c9viter la lumi\u00e8re directe du soleil et la chaleur. Attention : La dur\u00e9e de conservation indiqu\u00e9e est d&#8217;un mois si le stockage est correct.<\/p>\n","protected":false},"excerpt":{"rendered":"<ul>\n<li>Bourgeons de chanvre<\/li>\n<li>18% de CBD<\/li>\n<li>Moins de 0.20% de THC<\/li>\n<li>G\u00e9n\u00e9tique : Kompolti x V1<\/li>\n<li>\u00c0 dominante Indica<\/li>\n<li>Sans effets psychoactifs<\/li>\n<li>Cultiv\u00e9es de mani\u00e8re biologique<\/li>\n<li>Sans OGM<\/li>\n<li>Sans pesticides<\/li>\n<\/ul>\n","protected":false},"featured_media":158309,"template":"","meta":{"_acf_changed":false},"product_brand":[],"class_list":{"0":"post-171473","1":"product","2":"type-product","3":"status-publish","4":"has-post-thumbnail","6":"product_cat-fleurs-cbd","7":"product_cat-fleurs-petites","9":"first","10":"instock","11":"taxable","12":"shipping-taxable","13":"purchasable","14":"product-type-variable"},"acf":[],"yoast_head":"<!-- This site is optimized with the Yoast SEO plugin v26.3 - https:\/\/yoast.com\/wordpress\/plugins\/seo\/ -->\n<title>Petite t\u00eate Sweet Kase - The Tree CBD<\/title>\n<meta name=\"description\" content=\"D\u00e9couvrez la vari\u00e9t\u00e9 de fleur californienne pr\u00e9f\u00e9r\u00e9e de Kase.O --&gt; Indoor Cali Sweet Kase est une t\u00eate de la plus haute qualit\u00e9 disponible uniquement chez The Tree CBD.\" \/>\n<meta name=\"robots\" content=\"index, follow, max-snippet:-1, max-image-preview:large, max-video-preview:-1\" \/>\n<link rel=\"canonical\" href=\"https:\/\/thetreecbd.com\/fr\/cbd\/petite-tete-sweet-kase\" \/>\n<meta property=\"og:locale\" content=\"fr_FR\" \/>\n<meta property=\"og:type\" content=\"article\" \/>\n<meta property=\"og:title\" content=\"Petite t\u00eate Sweet Kase - The Tree CBD\" \/>\n<meta property=\"og:description\" content=\"D\u00e9couvrez la vari\u00e9t\u00e9 de fleur californienne pr\u00e9f\u00e9r\u00e9e de Kase.O --&gt; Indoor Cali Sweet Kase est une t\u00eate de la plus haute qualit\u00e9 disponible uniquement chez The Tree CBD.\" \/>\n<meta property=\"og:url\" content=\"https:\/\/thetreecbd.com\/fr\/cbd\/petite-tete-sweet-kase\" \/>\n<meta property=\"og:site_name\" content=\"The Tree CBD\" \/>\n<meta property=\"article:publisher\" content=\"https:\/\/www.facebook.com\/thetreeCBD\/\" \/>\n<meta property=\"article:modified_time\" content=\"2025-10-12T09:20:37+00:00\" \/>\n<meta property=\"og:image\" content=\"https:\/\/thetreecbd.com\/wp-content\/uploads\/2025\/01\/Malibu_Exotic_Heap_1.48.1-scaled-e1740645317417.jpeg\" \/>\n\t<meta property=\"og:image:width\" content=\"1152\" \/>\n\t<meta property=\"og:image:height\" content=\"1198\" \/>\n\t<meta property=\"og:image:type\" content=\"image\/jpeg\" \/>\n<meta name=\"twitter:card\" content=\"summary_large_image\" \/>\n<meta name=\"twitter:site\" content=\"@TheTreeCBD_EU\" \/>\n<meta name=\"twitter:label1\" content=\"Dur\u00e9e de lecture estim\u00e9e\" \/>\n\t<meta name=\"twitter:data1\" content=\"5 minutes\" \/>\n<script type=\"application\/ld+json\" class=\"yoast-schema-graph\">{\"@context\":\"https:\/\/schema.org\",\"@graph\":[{\"@type\":[\"WebPage\",\"ItemPage\"],\"@id\":\"https:\/\/thetreecbd.com\/fr\/cbd\/petite-tete-sweet-kase\",\"url\":\"https:\/\/thetreecbd.com\/fr\/cbd\/petite-tete-sweet-kase\",\"name\":\"Petite t\u00eate Sweet Kase - The Tree CBD\",\"isPartOf\":{\"@id\":\"https:\/\/thetreecbd.com\/fr#website\"},\"primaryImageOfPage\":{\"@id\":\"https:\/\/thetreecbd.com\/fr\/cbd\/petite-tete-sweet-kase#primaryimage\"},\"image\":{\"@id\":\"https:\/\/thetreecbd.com\/fr\/cbd\/petite-tete-sweet-kase#primaryimage\"},\"thumbnailUrl\":\"https:\/\/thetreecbd.com\/wp-content\/uploads\/2025\/01\/Malibu_Exotic_Heap_1.48.1-scaled-e1740645317417.jpeg\",\"datePublished\":\"2025-07-09T13:10:34+00:00\",\"dateModified\":\"2025-10-12T09:20:37+00:00\",\"description\":\"D\u00e9couvrez la vari\u00e9t\u00e9 de fleur californienne pr\u00e9f\u00e9r\u00e9e de Kase.O --> Indoor Cali Sweet Kase est une t\u00eate de la plus haute qualit\u00e9 disponible uniquement chez The Tree CBD.\",\"breadcrumb\":{\"@id\":\"https:\/\/thetreecbd.com\/fr\/cbd\/petite-tete-sweet-kase#breadcrumb\"},\"inLanguage\":\"fr-FR\",\"potentialAction\":[{\"@type\":\"ReadAction\",\"target\":[\"https:\/\/thetreecbd.com\/fr\/cbd\/petite-tete-sweet-kase\"]}]},{\"@type\":\"ImageObject\",\"inLanguage\":\"fr-FR\",\"@id\":\"https:\/\/thetreecbd.com\/fr\/cbd\/petite-tete-sweet-kase#primaryimage\",\"url\":\"https:\/\/thetreecbd.com\/wp-content\/uploads\/2025\/01\/Malibu_Exotic_Heap_1.48.1-scaled-e1740645317417.jpeg\",\"contentUrl\":\"https:\/\/thetreecbd.com\/wp-content\/uploads\/2025\/01\/Malibu_Exotic_Heap_1.48.1-scaled-e1740645317417.jpeg\",\"width\":1152,\"height\":1198},{\"@type\":\"BreadcrumbList\",\"@id\":\"https:\/\/thetreecbd.com\/fr\/cbd\/petite-tete-sweet-kase#breadcrumb\",\"itemListElement\":[{\"@type\":\"ListItem\",\"position\":1,\"name\":\"The Tree\",\"item\":\"https:\/\/thetreecbd.com\/fr\"},{\"@type\":\"ListItem\",\"position\":2,\"name\":\"CBD\",\"item\":\"https:\/\/thetreecbd.com\/es\/cbd\"},{\"@type\":\"ListItem\",\"position\":3,\"name\":\"Fleurs de chanvre. Fleurs de CBD\",\"item\":\"https:\/\/thetreecbd.com\/fr\/fleurs-cbd\"},{\"@type\":\"ListItem\",\"position\":4,\"name\":\"Fleurs et petits bourgeons CBD\",\"item\":\"https:\/\/thetreecbd.com\/fr\/fleurs-cbd\/fleurs-petites\"},{\"@type\":\"ListItem\",\"position\":5,\"name\":\"Petite t\u00eate Sweet Kase\"}]},{\"@type\":\"WebSite\",\"@id\":\"https:\/\/thetreecbd.com\/fr#website\",\"url\":\"https:\/\/thetreecbd.com\/fr\",\"name\":\"The Tree CBD\",\"description\":\"Comprar CBD en Espa\u00f1a Online\",\"publisher\":{\"@id\":\"https:\/\/thetreecbd.com\/fr#organization\"},\"potentialAction\":[{\"@type\":\"SearchAction\",\"target\":{\"@type\":\"EntryPoint\",\"urlTemplate\":\"https:\/\/thetreecbd.com\/fr?s={search_term_string}\"},\"query-input\":{\"@type\":\"PropertyValueSpecification\",\"valueRequired\":true,\"valueName\":\"search_term_string\"}}],\"inLanguage\":\"fr-FR\"},{\"@type\":\"Organization\",\"@id\":\"https:\/\/thetreecbd.com\/fr#organization\",\"name\":\"The Tree CBD\",\"url\":\"https:\/\/thetreecbd.com\/fr\",\"logo\":{\"@type\":\"ImageObject\",\"inLanguage\":\"fr-FR\",\"@id\":\"https:\/\/thetreecbd.com\/fr#\/schema\/logo\/image\/\",\"url\":\"https:\/\/thetreecbd.com\/wp-content\/uploads\/2022\/04\/logo-thetree.png\",\"contentUrl\":\"https:\/\/thetreecbd.com\/wp-content\/uploads\/2022\/04\/logo-thetree.png\",\"width\":172,\"height\":55,\"caption\":\"The Tree CBD\"},\"image\":{\"@id\":\"https:\/\/thetreecbd.com\/fr#\/schema\/logo\/image\/\"},\"sameAs\":[\"https:\/\/www.facebook.com\/thetreeCBD\/\",\"https:\/\/x.com\/TheTreeCBD_EU\",\"https:\/\/www.instagram.com\/thetree.cbd\/\",\"https:\/\/es.trustpilot.com\/review\/thetreecbd.com\"]}]}<\/script>\n<!-- \/ Yoast SEO plugin. -->","yoast_head_json":{"title":"Petite t\u00eate Sweet Kase - The Tree CBD","description":"D\u00e9couvrez la vari\u00e9t\u00e9 de fleur californienne pr\u00e9f\u00e9r\u00e9e de Kase.O --> Indoor Cali Sweet Kase est une t\u00eate de la plus haute qualit\u00e9 disponible uniquement chez The Tree CBD.","robots":{"index":"index","follow":"follow","max-snippet":"max-snippet:-1","max-image-preview":"max-image-preview:large","max-video-preview":"max-video-preview:-1"},"canonical":"https:\/\/thetreecbd.com\/fr\/cbd\/petite-tete-sweet-kase","og_locale":"fr_FR","og_type":"article","og_title":"Petite t\u00eate Sweet Kase - The Tree CBD","og_description":"D\u00e9couvrez la vari\u00e9t\u00e9 de fleur californienne pr\u00e9f\u00e9r\u00e9e de Kase.O --> Indoor Cali Sweet Kase est une t\u00eate de la plus haute qualit\u00e9 disponible uniquement chez The Tree CBD.","og_url":"https:\/\/thetreecbd.com\/fr\/cbd\/petite-tete-sweet-kase","og_site_name":"The Tree CBD","article_publisher":"https:\/\/www.facebook.com\/thetreeCBD\/","article_modified_time":"2025-10-12T09:20:37+00:00","og_image":[{"width":1152,"height":1198,"url":"https:\/\/thetreecbd.com\/wp-content\/uploads\/2025\/01\/Malibu_Exotic_Heap_1.48.1-scaled-e1740645317417.jpeg","type":"image\/jpeg"}],"twitter_card":"summary_large_image","twitter_site":"@TheTreeCBD_EU","twitter_misc":{"Dur\u00e9e de lecture estim\u00e9e":"5 minutes"},"schema":{"@context":"https:\/\/schema.org","@graph":[{"@type":["WebPage","ItemPage"],"@id":"https:\/\/thetreecbd.com\/fr\/cbd\/petite-tete-sweet-kase","url":"https:\/\/thetreecbd.com\/fr\/cbd\/petite-tete-sweet-kase","name":"Petite t\u00eate Sweet Kase - The Tree CBD","isPartOf":{"@id":"https:\/\/thetreecbd.com\/fr#website"},"primaryImageOfPage":{"@id":"https:\/\/thetreecbd.com\/fr\/cbd\/petite-tete-sweet-kase#primaryimage"},"image":{"@id":"https:\/\/thetreecbd.com\/fr\/cbd\/petite-tete-sweet-kase#primaryimage"},"thumbnailUrl":"https:\/\/thetreecbd.com\/wp-content\/uploads\/2025\/01\/Malibu_Exotic_Heap_1.48.1-scaled-e1740645317417.jpeg","datePublished":"2025-07-09T13:10:34+00:00","dateModified":"2025-10-12T09:20:37+00:00","description":"D\u00e9couvrez la vari\u00e9t\u00e9 de fleur californienne pr\u00e9f\u00e9r\u00e9e de Kase.O --> Indoor Cali Sweet Kase est une t\u00eate de la plus haute qualit\u00e9 disponible uniquement chez The Tree CBD.","breadcrumb":{"@id":"https:\/\/thetreecbd.com\/fr\/cbd\/petite-tete-sweet-kase#breadcrumb"},"inLanguage":"fr-FR","potentialAction":[{"@type":"ReadAction","target":["https:\/\/thetreecbd.com\/fr\/cbd\/petite-tete-sweet-kase"]}]},{"@type":"ImageObject","inLanguage":"fr-FR","@id":"https:\/\/thetreecbd.com\/fr\/cbd\/petite-tete-sweet-kase#primaryimage","url":"https:\/\/thetreecbd.com\/wp-content\/uploads\/2025\/01\/Malibu_Exotic_Heap_1.48.1-scaled-e1740645317417.jpeg","contentUrl":"https:\/\/thetreecbd.com\/wp-content\/uploads\/2025\/01\/Malibu_Exotic_Heap_1.48.1-scaled-e1740645317417.jpeg","width":1152,"height":1198},{"@type":"BreadcrumbList","@id":"https:\/\/thetreecbd.com\/fr\/cbd\/petite-tete-sweet-kase#breadcrumb","itemListElement":[{"@type":"ListItem","position":1,"name":"The Tree","item":"https:\/\/thetreecbd.com\/fr"},{"@type":"ListItem","position":2,"name":"CBD","item":"https:\/\/thetreecbd.com\/es\/cbd"},{"@type":"ListItem","position":3,"name":"Fleurs de chanvre. Fleurs de CBD","item":"https:\/\/thetreecbd.com\/fr\/fleurs-cbd"},{"@type":"ListItem","position":4,"name":"Fleurs et petits bourgeons CBD","item":"https:\/\/thetreecbd.com\/fr\/fleurs-cbd\/fleurs-petites"},{"@type":"ListItem","position":5,"name":"Petite t\u00eate Sweet Kase"}]},{"@type":"WebSite","@id":"https:\/\/thetreecbd.com\/fr#website","url":"https:\/\/thetreecbd.com\/fr","name":"The Tree CBD","description":"Comprar CBD en Espa\u00f1a Online","publisher":{"@id":"https:\/\/thetreecbd.com\/fr#organization"},"potentialAction":[{"@type":"SearchAction","target":{"@type":"EntryPoint","urlTemplate":"https:\/\/thetreecbd.com\/fr?s={search_term_string}"},"query-input":{"@type":"PropertyValueSpecification","valueRequired":true,"valueName":"search_term_string"}}],"inLanguage":"fr-FR"},{"@type":"Organization","@id":"https:\/\/thetreecbd.com\/fr#organization","name":"The Tree CBD","url":"https:\/\/thetreecbd.com\/fr","logo":{"@type":"ImageObject","inLanguage":"fr-FR","@id":"https:\/\/thetreecbd.com\/fr#\/schema\/logo\/image\/","url":"https:\/\/thetreecbd.com\/wp-content\/uploads\/2022\/04\/logo-thetree.png","contentUrl":"https:\/\/thetreecbd.com\/wp-content\/uploads\/2022\/04\/logo-thetree.png","width":172,"height":55,"caption":"The Tree CBD"},"image":{"@id":"https:\/\/thetreecbd.com\/fr#\/schema\/logo\/image\/"},"sameAs":["https:\/\/www.facebook.com\/thetreeCBD\/","https:\/\/x.com\/TheTreeCBD_EU","https:\/\/www.instagram.com\/thetree.cbd\/","https:\/\/es.trustpilot.com\/review\/thetreecbd.com"]}]}},"_links":{"self":[{"href":"https:\/\/thetreecbd.com\/fr\/wp-json\/wp\/v2\/product\/171473","targetHints":{"allow":["GET"]}}],"collection":[{"href":"https:\/\/thetreecbd.com\/fr\/wp-json\/wp\/v2\/product"}],"about":[{"href":"https:\/\/thetreecbd.com\/fr\/wp-json\/wp\/v2\/types\/product"}],"version-history":[{"count":0,"href":"https:\/\/thetreecbd.com\/fr\/wp-json\/wp\/v2\/product\/171473\/revisions"}],"wp:featuredmedia":[{"embeddable":true,"href":"https:\/\/thetreecbd.com\/fr\/wp-json\/wp\/v2\/media\/158309"}],"wp:attachment":[{"href":"https:\/\/thetreecbd.com\/fr\/wp-json\/wp\/v2\/media?parent=171473"}],"wp:term":[{"taxonomy":"product_brand","embeddable":true,"href":"https:\/\/thetreecbd.com\/fr\/wp-json\/wp\/v2\/product_brand?post=171473"}],"curies":[{"name":"wp","href":"https:\/\/api.w.org\/{rel}","templated":true}]}}