{"id":173513,"date":"2025-07-01T11:26:33","date_gmt":"2025-07-01T09:26:33","guid":{"rendered":"https:\/\/thetreecbd.com\/?post_type=product&#038;p=173513"},"modified":"2025-12-26T23:29:28","modified_gmt":"2025-12-26T22:29:28","slug":"candy-fumez-cbd","status":"publish","type":"product","link":"https:\/\/thetreecbd.com\/fr\/cbd\/candy-fumez-cbd","title":{"rendered":"Candy Fumez CBD"},"content":{"rendered":"<p>Nous vous pr\u00e9sentons <b>Candy Fumez<\/b>, la nouvelle vari\u00e9t\u00e9 de <b>fleurs de cannabis l\u00e9gal<\/b> de The Tree CBD, une explosion de saveur fruit\u00e9e et intense cultiv\u00e9e en <b>serre<\/b> de mani\u00e8re <b>100% naturelle<\/b>.<\/p>\n<h3>Vous aimez les fruits ?<\/h3>\n<p>La <b>Candy Fumez<\/b> est une fleur <b>douce et fruit\u00e9e<\/b>, aux t\u00eates grandes et compactes, avec des couleurs <b>vertes<\/b>, de la t\u00eate elle-m\u00eame, et <b>oranges<\/b>, qui rappellent les teintes des <i>orange cookies<\/i>. En plus de la forte concentration de trichomes, cela rend les fleurs plus voyantes et photog\u00e9niques. De plus, cette fleur offre une odeur <b>forte et enveloppante<\/b>. Son ar\u00f4me rappelle l&#8217;orange pure fra\u00eechement coup\u00e9e, les d\u00e9s de past\u00e8que, le melon&#8230; des fruits frais. En g\u00e9n\u00e9ral, cette fleur de CBD a un ar\u00f4me doux et floral qui m\u00e9lange en bouche toute la fra\u00eecheur et la douceur d&#8217;une bonne salade de fruits. Avec cette fleur de CBD, vous pourrez voir l&#8217;effet relaxant gr\u00e2ce \u00e0 ses <b>hauts niveaux de CBD<\/b>, entre <b>10% et 15%<\/b>. De plus, comme elles contiennent moins de <b>0.20% de THC<\/b>, elles sont enti\u00e8rement <b>l\u00e9gales dans toute l&#8217;Europe<\/b>, et n&#8217;ont aucun effet psychoactif d&#8217;aucune sorte.<\/p>\n<p>&nbsp;<\/p>\n<h4>Caract\u00e9ristiques du Cannabis l\u00e9gal Candy Fumez<\/h4>\n<p>&nbsp;<\/p>\n<ul>\n<li>T\u00eates de chanvre<\/li>\n<li>Moins de 0.20% de THC<\/li>\n<li>De 10% \u00e0 15% de CBD<\/li>\n<li>G\u00e9n\u00e9tique : Carmagnola<\/li>\n<li>Sativa 50% Indica 50%<\/li>\n<li>Sans effets psychoactifs<\/li>\n<li>Cultiv\u00e9e de mani\u00e8re organique<\/li>\n<li>Sans OGM<\/li>\n<li>Sans pesticides<\/li>\n<\/ul>\n<p>&nbsp;<\/p>\n<h4>Ar\u00f4me de la Candy Fumez<\/h4>\n<p>&nbsp;<\/p>\n<p>Les terp\u00e8nes se trouvent dans la plupart des huiles essentielles de nombreuses plantes, fleurs et fruits ; ils sont responsables de l&#8217;odeur et du go\u00fbt. Dans le cannabis, nous pouvons trouver un large profil de terp\u00e8nes. La Candy Fumez CBD de The Tree est con\u00e7ue pour les amateurs de fruits, elle a des notes douces qui nous invitent \u00e0 table pour d\u00e9guster une grande salade de fruits.<\/p>\n<p>&nbsp;<\/p>\n<h4>Utilisateur cibl\u00e9<\/h4>\n<p>&nbsp;<\/p>\n<p>Les fleurs de CBD de serre sont parfaites pour ceux qui recherchent le meilleur rapport qualit\u00e9-prix, car elles offrent une couleur tr\u00e8s verte et une bonne qualit\u00e9, tout en proposant un prix plus bas que les fleurs d&#8217;int\u00e9rieur. Actuellement, il existe des serres tr\u00e8s bien pr\u00e9par\u00e9es qui peuvent \u00eatre aussi efficaces qu&#8217;une culture en int\u00e9rieur, sans perdre la capacit\u00e9 de filtrer la lumi\u00e8re du soleil, et m\u00eame avec un soutien lumineux, pour pouvoir maintenir la culture tout au long de l&#8217;ann\u00e9e sous forme de jusqu&#8217;\u00e0 quatre cycles. De cette mani\u00e8re, les cultivateurs de CBD optent de plus en plus pour cette solution interm\u00e9diaire, car ils peuvent contr\u00f4ler le climat, les rayons du soleil ne sont pas aussi agressifs pour la plante et ils peuvent augmenter le rendement de production de la culture toute l&#8217;ann\u00e9e. Du point de vue des acheteurs, les fleurs de <b>serre ou greenhouse<\/b> sont, comme nous l&#8217;avons dit pr\u00e9c\u00e9demment, la meilleure option pour ceux qui recherchent un excellent rapport qualit\u00e9\/prix.<\/p>\n<p>&nbsp;<\/p>\n<h4>Informations de s\u00e9curit\u00e9<\/h4>\n<p>&nbsp;<\/p>\n<p>Veuillez noter que les fleurs de CBD de The Tree sont un produit d\u00e9coratif, de collection et aromatique. Elles ne doivent pas \u00eatre utilis\u00e9es pendant la grossesse ou l&#8217;allaitement. Tenir hors de port\u00e9e des enfants. Nos fleurs de CBD peuvent contenir une certaine quantit\u00e9 de THC. Bien s\u00fbr, cela est en dessous de la limite de l&#8217;UE de 0,2% de THC. Le contenu fourni est uniquement \u00e0 des fins d&#8217;information et de formation et ne remplace en aucun cas les conseils m\u00e9dicaux d&#8217;un m\u00e9decin ou d&#8217;un pharmacien. Nos textes ne sont pas destin\u00e9s au diagnostic et au traitement ind\u00e9pendants de maladies. N&#8217;h\u00e9sitez pas \u00e0 nous contacter si vous avez d&#8217;autres questions.<\/p>\n<p>&nbsp;<\/p>\n<h4>Stockage<\/h4>\n<p>&nbsp;<\/p>\n<p>Id\u00e9alement, les fleurs de CBD de The Tree doivent \u00eatre stock\u00e9es dans un endroit frais et sec, \u00e0 l&#8217;abri de la lumi\u00e8re et des odeurs fortes pour \u00e9viter tout type de contamination et\/ou de d\u00e9gradation. \u00c9viter la lumi\u00e8re directe du soleil et la chaleur.<\/p>\n<p><b>Attention :<\/b> La dur\u00e9e de conservation indiqu\u00e9e est d&#8217;un mois si elle est correctement stock\u00e9e.<\/p>\n","protected":false},"excerpt":{"rendered":"<ul>\n<li>T\u00eates de chanvre<\/li>\n<li>Moins de 0.20% de THC<\/li>\n<li>De 10% \u00e0 15% de CBD<\/li>\n<li>G\u00e9n\u00e9tique : Carmagnola<\/li>\n<li>Sativa 50% Indica 50%<\/li>\n<li>Sans effets psychoactifs<\/li>\n<li>Cultiv\u00e9e de mani\u00e8re organique<\/li>\n<li>Sans OGM<\/li>\n<li>Sans pesticides<\/li>\n<\/ul>\n<p>&nbsp;<\/p>\n","protected":false},"featured_media":181388,"template":"","meta":{"_acf_changed":false},"product_brand":[],"class_list":{"0":"post-173513","1":"product","2":"type-product","3":"status-publish","4":"has-post-thumbnail","6":"product_cat-green-house","7":"product_cat-fleurs-cbd","8":"product_cat-cbd-concentrees-20","10":"first","11":"instock","12":"taxable","13":"shipping-taxable","14":"purchasable","15":"product-type-variable"},"acf":[],"yoast_head":"<!-- This site is optimized with the Yoast SEO plugin v26.3 - https:\/\/yoast.com\/wordpress\/plugins\/seo\/ -->\n<title>Candy Fumez CBD - The Tree CBD<\/title>\n<meta name=\"description\" content=\"Essayez la nouvelle Candy Fumez CBD, une explosion de saveur fruit\u00e9e et intense cultiv\u00e9e en serre (greenhouse) de mani\u00e8re 100% naturelle.\" \/>\n<meta name=\"robots\" content=\"index, follow, max-snippet:-1, max-image-preview:large, max-video-preview:-1\" \/>\n<link rel=\"canonical\" href=\"https:\/\/thetreecbd.com\/fr\/cbd\/candy-fumez-cbd\" \/>\n<meta property=\"og:locale\" content=\"fr_FR\" \/>\n<meta property=\"og:type\" content=\"article\" \/>\n<meta property=\"og:title\" content=\"Candy Fumez CBD - The Tree CBD\" \/>\n<meta property=\"og:description\" content=\"Essayez la nouvelle Candy Fumez CBD, une explosion de saveur fruit\u00e9e et intense cultiv\u00e9e en serre (greenhouse) de mani\u00e8re 100% naturelle.\" \/>\n<meta property=\"og:url\" content=\"https:\/\/thetreecbd.com\/fr\/cbd\/candy-fumez-cbd\" \/>\n<meta property=\"og:site_name\" content=\"The Tree CBD\" \/>\n<meta property=\"article:publisher\" content=\"https:\/\/www.facebook.com\/thetreeCBD\/\" \/>\n<meta property=\"article:modified_time\" content=\"2025-12-26T22:29:28+00:00\" \/>\n<meta property=\"og:image\" content=\"https:\/\/thetreecbd.com\/wp-content\/uploads\/2025\/07\/Candy-Fumez-thetree-web.jpg\" \/>\n\t<meta property=\"og:image:width\" content=\"1080\" \/>\n\t<meta property=\"og:image:height\" content=\"1350\" \/>\n\t<meta property=\"og:image:type\" content=\"image\/jpeg\" \/>\n<meta name=\"twitter:card\" content=\"summary_large_image\" \/>\n<meta name=\"twitter:site\" content=\"@TheTreeCBD_EU\" \/>\n<meta name=\"twitter:label1\" content=\"Dur\u00e9e de lecture estim\u00e9e\" \/>\n\t<meta name=\"twitter:data1\" content=\"3 minutes\" \/>\n<script type=\"application\/ld+json\" class=\"yoast-schema-graph\">{\"@context\":\"https:\/\/schema.org\",\"@graph\":[{\"@type\":[\"WebPage\",\"ItemPage\"],\"@id\":\"https:\/\/thetreecbd.com\/fr\/cbd\/candy-fumez-cbd\",\"url\":\"https:\/\/thetreecbd.com\/fr\/cbd\/candy-fumez-cbd\",\"name\":\"Candy Fumez CBD - The Tree CBD\",\"isPartOf\":{\"@id\":\"https:\/\/thetreecbd.com\/fr#website\"},\"primaryImageOfPage\":{\"@id\":\"https:\/\/thetreecbd.com\/fr\/cbd\/candy-fumez-cbd#primaryimage\"},\"image\":{\"@id\":\"https:\/\/thetreecbd.com\/fr\/cbd\/candy-fumez-cbd#primaryimage\"},\"thumbnailUrl\":\"https:\/\/thetreecbd.com\/wp-content\/uploads\/2025\/07\/Candy-Fumez-thetree-web.jpg\",\"datePublished\":\"2025-07-01T09:26:33+00:00\",\"dateModified\":\"2025-12-26T22:29:28+00:00\",\"description\":\"Essayez la nouvelle Candy Fumez CBD, une explosion de saveur fruit\u00e9e et intense cultiv\u00e9e en serre (greenhouse) de mani\u00e8re 100% naturelle.\",\"breadcrumb\":{\"@id\":\"https:\/\/thetreecbd.com\/fr\/cbd\/candy-fumez-cbd#breadcrumb\"},\"inLanguage\":\"fr-FR\",\"potentialAction\":[{\"@type\":\"ReadAction\",\"target\":[\"https:\/\/thetreecbd.com\/fr\/cbd\/candy-fumez-cbd\"]}]},{\"@type\":\"ImageObject\",\"inLanguage\":\"fr-FR\",\"@id\":\"https:\/\/thetreecbd.com\/fr\/cbd\/candy-fumez-cbd#primaryimage\",\"url\":\"https:\/\/thetreecbd.com\/wp-content\/uploads\/2025\/07\/Candy-Fumez-thetree-web.jpg\",\"contentUrl\":\"https:\/\/thetreecbd.com\/wp-content\/uploads\/2025\/07\/Candy-Fumez-thetree-web.jpg\",\"width\":1080,\"height\":1350},{\"@type\":\"BreadcrumbList\",\"@id\":\"https:\/\/thetreecbd.com\/fr\/cbd\/candy-fumez-cbd#breadcrumb\",\"itemListElement\":[{\"@type\":\"ListItem\",\"position\":1,\"name\":\"The Tree\",\"item\":\"https:\/\/thetreecbd.com\/fr\"},{\"@type\":\"ListItem\",\"position\":2,\"name\":\"CBD\",\"item\":\"https:\/\/thetreecbd.com\/es\/cbd\"},{\"@type\":\"ListItem\",\"position\":3,\"name\":\"Fleurs de chanvre. Fleurs de CBD\",\"item\":\"https:\/\/thetreecbd.com\/fr\/fleurs-cbd\"},{\"@type\":\"ListItem\",\"position\":4,\"name\":\"Fleurs de CBD Green House\",\"item\":\"https:\/\/thetreecbd.com\/fr\/fleurs-cbd\/green-house\"},{\"@type\":\"ListItem\",\"position\":5,\"name\":\"Candy Fumez CBD\"}]},{\"@type\":\"WebSite\",\"@id\":\"https:\/\/thetreecbd.com\/fr#website\",\"url\":\"https:\/\/thetreecbd.com\/fr\",\"name\":\"The Tree CBD\",\"description\":\"Comprar CBD en Espa\u00f1a Online\",\"publisher\":{\"@id\":\"https:\/\/thetreecbd.com\/fr#organization\"},\"potentialAction\":[{\"@type\":\"SearchAction\",\"target\":{\"@type\":\"EntryPoint\",\"urlTemplate\":\"https:\/\/thetreecbd.com\/fr?s={search_term_string}\"},\"query-input\":{\"@type\":\"PropertyValueSpecification\",\"valueRequired\":true,\"valueName\":\"search_term_string\"}}],\"inLanguage\":\"fr-FR\"},{\"@type\":\"Organization\",\"@id\":\"https:\/\/thetreecbd.com\/fr#organization\",\"name\":\"The Tree CBD\",\"url\":\"https:\/\/thetreecbd.com\/fr\",\"logo\":{\"@type\":\"ImageObject\",\"inLanguage\":\"fr-FR\",\"@id\":\"https:\/\/thetreecbd.com\/fr#\/schema\/logo\/image\/\",\"url\":\"https:\/\/thetreecbd.com\/wp-content\/uploads\/2022\/04\/logo-thetree.png\",\"contentUrl\":\"https:\/\/thetreecbd.com\/wp-content\/uploads\/2022\/04\/logo-thetree.png\",\"width\":172,\"height\":55,\"caption\":\"The Tree CBD\"},\"image\":{\"@id\":\"https:\/\/thetreecbd.com\/fr#\/schema\/logo\/image\/\"},\"sameAs\":[\"https:\/\/www.facebook.com\/thetreeCBD\/\",\"https:\/\/x.com\/TheTreeCBD_EU\",\"https:\/\/www.instagram.com\/thetree.cbd\/\",\"https:\/\/es.trustpilot.com\/review\/thetreecbd.com\"]}]}<\/script>\n<!-- \/ Yoast SEO plugin. -->","yoast_head_json":{"title":"Candy Fumez CBD - The Tree CBD","description":"Essayez la nouvelle Candy Fumez CBD, une explosion de saveur fruit\u00e9e et intense cultiv\u00e9e en serre (greenhouse) de mani\u00e8re 100% naturelle.","robots":{"index":"index","follow":"follow","max-snippet":"max-snippet:-1","max-image-preview":"max-image-preview:large","max-video-preview":"max-video-preview:-1"},"canonical":"https:\/\/thetreecbd.com\/fr\/cbd\/candy-fumez-cbd","og_locale":"fr_FR","og_type":"article","og_title":"Candy Fumez CBD - The Tree CBD","og_description":"Essayez la nouvelle Candy Fumez CBD, une explosion de saveur fruit\u00e9e et intense cultiv\u00e9e en serre (greenhouse) de mani\u00e8re 100% naturelle.","og_url":"https:\/\/thetreecbd.com\/fr\/cbd\/candy-fumez-cbd","og_site_name":"The Tree CBD","article_publisher":"https:\/\/www.facebook.com\/thetreeCBD\/","article_modified_time":"2025-12-26T22:29:28+00:00","og_image":[{"width":1080,"height":1350,"url":"https:\/\/thetreecbd.com\/wp-content\/uploads\/2025\/07\/Candy-Fumez-thetree-web.jpg","type":"image\/jpeg"}],"twitter_card":"summary_large_image","twitter_site":"@TheTreeCBD_EU","twitter_misc":{"Dur\u00e9e de lecture estim\u00e9e":"3 minutes"},"schema":{"@context":"https:\/\/schema.org","@graph":[{"@type":["WebPage","ItemPage"],"@id":"https:\/\/thetreecbd.com\/fr\/cbd\/candy-fumez-cbd","url":"https:\/\/thetreecbd.com\/fr\/cbd\/candy-fumez-cbd","name":"Candy Fumez CBD - The Tree CBD","isPartOf":{"@id":"https:\/\/thetreecbd.com\/fr#website"},"primaryImageOfPage":{"@id":"https:\/\/thetreecbd.com\/fr\/cbd\/candy-fumez-cbd#primaryimage"},"image":{"@id":"https:\/\/thetreecbd.com\/fr\/cbd\/candy-fumez-cbd#primaryimage"},"thumbnailUrl":"https:\/\/thetreecbd.com\/wp-content\/uploads\/2025\/07\/Candy-Fumez-thetree-web.jpg","datePublished":"2025-07-01T09:26:33+00:00","dateModified":"2025-12-26T22:29:28+00:00","description":"Essayez la nouvelle Candy Fumez CBD, une explosion de saveur fruit\u00e9e et intense cultiv\u00e9e en serre (greenhouse) de mani\u00e8re 100% naturelle.","breadcrumb":{"@id":"https:\/\/thetreecbd.com\/fr\/cbd\/candy-fumez-cbd#breadcrumb"},"inLanguage":"fr-FR","potentialAction":[{"@type":"ReadAction","target":["https:\/\/thetreecbd.com\/fr\/cbd\/candy-fumez-cbd"]}]},{"@type":"ImageObject","inLanguage":"fr-FR","@id":"https:\/\/thetreecbd.com\/fr\/cbd\/candy-fumez-cbd#primaryimage","url":"https:\/\/thetreecbd.com\/wp-content\/uploads\/2025\/07\/Candy-Fumez-thetree-web.jpg","contentUrl":"https:\/\/thetreecbd.com\/wp-content\/uploads\/2025\/07\/Candy-Fumez-thetree-web.jpg","width":1080,"height":1350},{"@type":"BreadcrumbList","@id":"https:\/\/thetreecbd.com\/fr\/cbd\/candy-fumez-cbd#breadcrumb","itemListElement":[{"@type":"ListItem","position":1,"name":"The Tree","item":"https:\/\/thetreecbd.com\/fr"},{"@type":"ListItem","position":2,"name":"CBD","item":"https:\/\/thetreecbd.com\/es\/cbd"},{"@type":"ListItem","position":3,"name":"Fleurs de chanvre. Fleurs de CBD","item":"https:\/\/thetreecbd.com\/fr\/fleurs-cbd"},{"@type":"ListItem","position":4,"name":"Fleurs de CBD Green House","item":"https:\/\/thetreecbd.com\/fr\/fleurs-cbd\/green-house"},{"@type":"ListItem","position":5,"name":"Candy Fumez CBD"}]},{"@type":"WebSite","@id":"https:\/\/thetreecbd.com\/fr#website","url":"https:\/\/thetreecbd.com\/fr","name":"The Tree CBD","description":"Comprar CBD en Espa\u00f1a Online","publisher":{"@id":"https:\/\/thetreecbd.com\/fr#organization"},"potentialAction":[{"@type":"SearchAction","target":{"@type":"EntryPoint","urlTemplate":"https:\/\/thetreecbd.com\/fr?s={search_term_string}"},"query-input":{"@type":"PropertyValueSpecification","valueRequired":true,"valueName":"search_term_string"}}],"inLanguage":"fr-FR"},{"@type":"Organization","@id":"https:\/\/thetreecbd.com\/fr#organization","name":"The Tree CBD","url":"https:\/\/thetreecbd.com\/fr","logo":{"@type":"ImageObject","inLanguage":"fr-FR","@id":"https:\/\/thetreecbd.com\/fr#\/schema\/logo\/image\/","url":"https:\/\/thetreecbd.com\/wp-content\/uploads\/2022\/04\/logo-thetree.png","contentUrl":"https:\/\/thetreecbd.com\/wp-content\/uploads\/2022\/04\/logo-thetree.png","width":172,"height":55,"caption":"The Tree CBD"},"image":{"@id":"https:\/\/thetreecbd.com\/fr#\/schema\/logo\/image\/"},"sameAs":["https:\/\/www.facebook.com\/thetreeCBD\/","https:\/\/x.com\/TheTreeCBD_EU","https:\/\/www.instagram.com\/thetree.cbd\/","https:\/\/es.trustpilot.com\/review\/thetreecbd.com"]}]}},"_links":{"self":[{"href":"https:\/\/thetreecbd.com\/fr\/wp-json\/wp\/v2\/product\/173513","targetHints":{"allow":["GET"]}}],"collection":[{"href":"https:\/\/thetreecbd.com\/fr\/wp-json\/wp\/v2\/product"}],"about":[{"href":"https:\/\/thetreecbd.com\/fr\/wp-json\/wp\/v2\/types\/product"}],"version-history":[{"count":0,"href":"https:\/\/thetreecbd.com\/fr\/wp-json\/wp\/v2\/product\/173513\/revisions"}],"wp:featuredmedia":[{"embeddable":true,"href":"https:\/\/thetreecbd.com\/fr\/wp-json\/wp\/v2\/media\/181388"}],"wp:attachment":[{"href":"https:\/\/thetreecbd.com\/fr\/wp-json\/wp\/v2\/media?parent=173513"}],"wp:term":[{"taxonomy":"product_brand","embeddable":true,"href":"https:\/\/thetreecbd.com\/fr\/wp-json\/wp\/v2\/product_brand?post=173513"}],"curies":[{"name":"wp","href":"https:\/\/api.w.org\/{rel}","templated":true}]}}