{"id":174564,"date":"2025-08-07T11:35:25","date_gmt":"2025-08-07T09:35:25","guid":{"rendered":"https:\/\/thetreecbd.com\/?post_type=product&#038;p=174564"},"modified":"2025-08-07T16:28:28","modified_gmt":"2025-08-07T14:28:28","slug":"t-shirt-jar-the-tree-cbd-edition-limitee-x-venyason","status":"publish","type":"product","link":"https:\/\/thetreecbd.com\/fr\/cbd\/t-shirt-jar-the-tree-cbd-edition-limitee-x-venyason","title":{"rendered":"T-shirt JAR The Tree CBD \u2013 \u00c9dition Limit\u00e9e x Venyason"},"content":{"rendered":"<p>D\u00e9couvrez le T-shirt JAR The Tree CBD, une \u00e9dition exclusive con\u00e7ue par Venyason, imprim\u00e9e sur une base Earth Positive EP19 de couleur Faded Black. Avec une coupe oversized et des mat\u00e9riaux durables de haute qualit\u00e9, ce t-shirt est une d\u00e9claration de style et d&#8217;engagement.<\/p>\n<p>Un v\u00eatement unique qui allie art, conscience et style oversized.<\/p>\n<p><b>Caract\u00e9ristiques du T-shirt JAR The Tree CBD:<\/b><\/p>\n<ul>\n<li><b>Design exclusif:<\/b> La poitrine porte le logo The Tree CBD en impression discr\u00e8te, tandis que le dos surprend avec une illustration originale de Venyason, r\u00e9alis\u00e9e en s\u00e9rigraphie \u00e0 <b>5 couleurs<\/b>, avec un design qui m\u00e9lange culture urbaine, art et symbolisme cannabique.<\/li>\n<li><b>Coupe oversized:<\/b> Ce t-shirt a une coupe ample et large, <b>plus grande que d&#8217;habitude<\/b>. Si vous pr\u00e9f\u00e9rez une coupe plus standard, nous vous recommandons de choisir une taille en dessous.<\/li>\n<li><b>Mat\u00e9riau premium:<\/b> Fabriqu\u00e9 avec <b>100 % de coton biologique GOTS<\/b>, de type Compact Spun. Poids 185 g\/m\u00b2 (jersey 5.5 oz). Doux au toucher, r\u00e9sistant et produit selon des normes \u00e9thiques et durables.<\/li>\n<li><b>Style unisexe:<\/b> Parfait pour toute personne qui valorise l&#8217;authenticit\u00e9, le confort et le design avec un but.<\/li>\n<li><b>Tailles disponibles:<\/b> S, M, L, XL<\/li>\n<\/ul>\n<p>Faites partie de cette \u00e9dition limit\u00e9e avec un t-shirt qui repr\u00e9sente votre connexion avec l&#8217;art, le CBD et le streetwear conscient.<\/p>\n","protected":false},"excerpt":{"rendered":"<ul>\n<li><b>Design exclusif:<\/b> La poitrine porte le logo The Tree CBD en impression discr\u00e8te, tandis que le dos surprend avec une illustration originale de Venyason, r\u00e9alis\u00e9e en s\u00e9rigraphie \u00e0 <b>5 couleurs<\/b>, avec un design qui m\u00e9lange culture urbaine, art et symbolisme cannabique.<\/li>\n<li><b>Coupe oversized:<\/b> Ce t-shirt a une coupe ample et large, <b>plus grande que d&#8217;habitude<\/b>. Si vous pr\u00e9f\u00e9rez une coupe plus standard, nous vous recommandons de choisir une taille en dessous.<\/li>\n<li><b>Mat\u00e9riau premium:<\/b> Fabriqu\u00e9 avec <b>100 % de coton biologique GOTS<\/b>, de type Compact Spun. Poids 185 g\/m\u00b2 (jersey 5.5 oz). Doux au toucher, r\u00e9sistant et produit selon des normes \u00e9thiques et durables.<\/li>\n<li><b>Style unisexe:<\/b> Parfait pour toute personne qui valorise l&#8217;authenticit\u00e9, le confort et le design avec un but.<\/li>\n<li><b>Tailles disponibles:<\/b> S, M, L, XL<\/li>\n<\/ul>\n","protected":false},"featured_media":174851,"template":"","meta":{"_acf_changed":false},"product_brand":[],"class_list":{"0":"post-174564","1":"product","2":"type-product","3":"status-publish","4":"has-post-thumbnail","6":"product_cat-accessoires-cbd","8":"first","9":"instock","10":"taxable","11":"shipping-taxable","12":"purchasable","13":"product-type-variable"},"acf":[],"yoast_head":"<!-- This site is optimized with the Yoast SEO plugin v26.3 - https:\/\/yoast.com\/wordpress\/plugins\/seo\/ -->\n<title>T-shirt JAR The Tree CBD \u2013 \u00c9dition Limit\u00e9e x Venyason - The Tree CBD<\/title>\n<meta name=\"description\" content=\"T-shirt Jar The Tree CBD, Faites partie de cette \u00e9dition limit\u00e9e avec un t-shirt qui repr\u00e9sente votre connexion \u00e0 l&#039;art, au CBD et au streetwear conscient.\" \/>\n<meta name=\"robots\" content=\"index, follow, max-snippet:-1, max-image-preview:large, max-video-preview:-1\" \/>\n<link rel=\"canonical\" href=\"https:\/\/thetreecbd.com\/fr\/cbd\/t-shirt-jar-the-tree-cbd-edition-limitee-x-venyason\" \/>\n<meta property=\"og:locale\" content=\"fr_FR\" \/>\n<meta property=\"og:type\" content=\"article\" \/>\n<meta property=\"og:title\" content=\"T-shirt JAR The Tree CBD \u2013 \u00c9dition Limit\u00e9e x Venyason - The Tree CBD\" \/>\n<meta property=\"og:description\" content=\"T-shirt Jar The Tree CBD, Faites partie de cette \u00e9dition limit\u00e9e avec un t-shirt qui repr\u00e9sente votre connexion \u00e0 l&#039;art, au CBD et au streetwear conscient.\" \/>\n<meta property=\"og:url\" content=\"https:\/\/thetreecbd.com\/fr\/cbd\/t-shirt-jar-the-tree-cbd-edition-limitee-x-venyason\" \/>\n<meta property=\"og:site_name\" content=\"The Tree CBD\" \/>\n<meta property=\"article:publisher\" content=\"https:\/\/www.facebook.com\/thetreeCBD\/\" \/>\n<meta property=\"article:modified_time\" content=\"2025-08-07T14:28:28+00:00\" \/>\n<meta property=\"og:image\" content=\"https:\/\/thetreecbd.com\/wp-content\/uploads\/2025\/08\/thetree-verano2025_0016_IMG_5282.jpg\" \/>\n\t<meta property=\"og:image:width\" content=\"1080\" \/>\n\t<meta property=\"og:image:height\" content=\"1350\" \/>\n\t<meta property=\"og:image:type\" content=\"image\/jpeg\" \/>\n<meta name=\"twitter:card\" content=\"summary_large_image\" \/>\n<meta name=\"twitter:site\" content=\"@TheTreeCBD_EU\" \/>\n<meta name=\"twitter:label1\" content=\"Dur\u00e9e de lecture estim\u00e9e\" \/>\n\t<meta name=\"twitter:data1\" content=\"1 minute\" \/>\n<script type=\"application\/ld+json\" class=\"yoast-schema-graph\">{\"@context\":\"https:\/\/schema.org\",\"@graph\":[{\"@type\":[\"WebPage\",\"ItemPage\"],\"@id\":\"https:\/\/thetreecbd.com\/fr\/cbd\/t-shirt-jar-the-tree-cbd-edition-limitee-x-venyason\",\"url\":\"https:\/\/thetreecbd.com\/fr\/cbd\/t-shirt-jar-the-tree-cbd-edition-limitee-x-venyason\",\"name\":\"T-shirt JAR The Tree CBD \u2013 \u00c9dition Limit\u00e9e x Venyason - The Tree CBD\",\"isPartOf\":{\"@id\":\"https:\/\/thetreecbd.com\/fr#website\"},\"primaryImageOfPage\":{\"@id\":\"https:\/\/thetreecbd.com\/fr\/cbd\/t-shirt-jar-the-tree-cbd-edition-limitee-x-venyason#primaryimage\"},\"image\":{\"@id\":\"https:\/\/thetreecbd.com\/fr\/cbd\/t-shirt-jar-the-tree-cbd-edition-limitee-x-venyason#primaryimage\"},\"thumbnailUrl\":\"https:\/\/thetreecbd.com\/wp-content\/uploads\/2025\/08\/thetree-verano2025_0016_IMG_5282.jpg\",\"datePublished\":\"2025-08-07T09:35:25+00:00\",\"dateModified\":\"2025-08-07T14:28:28+00:00\",\"description\":\"T-shirt Jar The Tree CBD, Faites partie de cette \u00e9dition limit\u00e9e avec un t-shirt qui repr\u00e9sente votre connexion \u00e0 l'art, au CBD et au streetwear conscient.\",\"breadcrumb\":{\"@id\":\"https:\/\/thetreecbd.com\/fr\/cbd\/t-shirt-jar-the-tree-cbd-edition-limitee-x-venyason#breadcrumb\"},\"inLanguage\":\"fr-FR\",\"potentialAction\":[{\"@type\":\"ReadAction\",\"target\":[\"https:\/\/thetreecbd.com\/fr\/cbd\/t-shirt-jar-the-tree-cbd-edition-limitee-x-venyason\"]}]},{\"@type\":\"ImageObject\",\"inLanguage\":\"fr-FR\",\"@id\":\"https:\/\/thetreecbd.com\/fr\/cbd\/t-shirt-jar-the-tree-cbd-edition-limitee-x-venyason#primaryimage\",\"url\":\"https:\/\/thetreecbd.com\/wp-content\/uploads\/2025\/08\/thetree-verano2025_0016_IMG_5282.jpg\",\"contentUrl\":\"https:\/\/thetreecbd.com\/wp-content\/uploads\/2025\/08\/thetree-verano2025_0016_IMG_5282.jpg\",\"width\":1080,\"height\":1350},{\"@type\":\"BreadcrumbList\",\"@id\":\"https:\/\/thetreecbd.com\/fr\/cbd\/t-shirt-jar-the-tree-cbd-edition-limitee-x-venyason#breadcrumb\",\"itemListElement\":[{\"@type\":\"ListItem\",\"position\":1,\"name\":\"The Tree\",\"item\":\"https:\/\/thetreecbd.com\/fr\"},{\"@type\":\"ListItem\",\"position\":2,\"name\":\"CBD\",\"item\":\"https:\/\/thetreecbd.com\/es\/cbd\"},{\"@type\":\"ListItem\",\"position\":3,\"name\":\"Accessoires CBD\",\"item\":\"https:\/\/thetreecbd.com\/fr\/accessoires-cbd\"},{\"@type\":\"ListItem\",\"position\":4,\"name\":\"T-shirt JAR The Tree CBD \u2013 \u00c9dition Limit\u00e9e x Venyason\"}]},{\"@type\":\"WebSite\",\"@id\":\"https:\/\/thetreecbd.com\/fr#website\",\"url\":\"https:\/\/thetreecbd.com\/fr\",\"name\":\"The Tree CBD\",\"description\":\"Comprar CBD en Espa\u00f1a Online\",\"publisher\":{\"@id\":\"https:\/\/thetreecbd.com\/fr#organization\"},\"potentialAction\":[{\"@type\":\"SearchAction\",\"target\":{\"@type\":\"EntryPoint\",\"urlTemplate\":\"https:\/\/thetreecbd.com\/fr?s={search_term_string}\"},\"query-input\":{\"@type\":\"PropertyValueSpecification\",\"valueRequired\":true,\"valueName\":\"search_term_string\"}}],\"inLanguage\":\"fr-FR\"},{\"@type\":\"Organization\",\"@id\":\"https:\/\/thetreecbd.com\/fr#organization\",\"name\":\"The Tree CBD\",\"url\":\"https:\/\/thetreecbd.com\/fr\",\"logo\":{\"@type\":\"ImageObject\",\"inLanguage\":\"fr-FR\",\"@id\":\"https:\/\/thetreecbd.com\/fr#\/schema\/logo\/image\/\",\"url\":\"https:\/\/thetreecbd.com\/wp-content\/uploads\/2022\/04\/logo-thetree.png\",\"contentUrl\":\"https:\/\/thetreecbd.com\/wp-content\/uploads\/2022\/04\/logo-thetree.png\",\"width\":172,\"height\":55,\"caption\":\"The Tree CBD\"},\"image\":{\"@id\":\"https:\/\/thetreecbd.com\/fr#\/schema\/logo\/image\/\"},\"sameAs\":[\"https:\/\/www.facebook.com\/thetreeCBD\/\",\"https:\/\/x.com\/TheTreeCBD_EU\",\"https:\/\/www.instagram.com\/thetree.cbd\/\",\"https:\/\/es.trustpilot.com\/review\/thetreecbd.com\"]}]}<\/script>\n<!-- \/ Yoast SEO plugin. -->","yoast_head_json":{"title":"T-shirt JAR The Tree CBD \u2013 \u00c9dition Limit\u00e9e x Venyason - The Tree CBD","description":"T-shirt Jar The Tree CBD, Faites partie de cette \u00e9dition limit\u00e9e avec un t-shirt qui repr\u00e9sente votre connexion \u00e0 l'art, au CBD et au streetwear conscient.","robots":{"index":"index","follow":"follow","max-snippet":"max-snippet:-1","max-image-preview":"max-image-preview:large","max-video-preview":"max-video-preview:-1"},"canonical":"https:\/\/thetreecbd.com\/fr\/cbd\/t-shirt-jar-the-tree-cbd-edition-limitee-x-venyason","og_locale":"fr_FR","og_type":"article","og_title":"T-shirt JAR The Tree CBD \u2013 \u00c9dition Limit\u00e9e x Venyason - The Tree CBD","og_description":"T-shirt Jar The Tree CBD, Faites partie de cette \u00e9dition limit\u00e9e avec un t-shirt qui repr\u00e9sente votre connexion \u00e0 l'art, au CBD et au streetwear conscient.","og_url":"https:\/\/thetreecbd.com\/fr\/cbd\/t-shirt-jar-the-tree-cbd-edition-limitee-x-venyason","og_site_name":"The Tree CBD","article_publisher":"https:\/\/www.facebook.com\/thetreeCBD\/","article_modified_time":"2025-08-07T14:28:28+00:00","og_image":[{"width":1080,"height":1350,"url":"https:\/\/thetreecbd.com\/wp-content\/uploads\/2025\/08\/thetree-verano2025_0016_IMG_5282.jpg","type":"image\/jpeg"}],"twitter_card":"summary_large_image","twitter_site":"@TheTreeCBD_EU","twitter_misc":{"Dur\u00e9e de lecture estim\u00e9e":"1 minute"},"schema":{"@context":"https:\/\/schema.org","@graph":[{"@type":["WebPage","ItemPage"],"@id":"https:\/\/thetreecbd.com\/fr\/cbd\/t-shirt-jar-the-tree-cbd-edition-limitee-x-venyason","url":"https:\/\/thetreecbd.com\/fr\/cbd\/t-shirt-jar-the-tree-cbd-edition-limitee-x-venyason","name":"T-shirt JAR The Tree CBD \u2013 \u00c9dition Limit\u00e9e x Venyason - The Tree CBD","isPartOf":{"@id":"https:\/\/thetreecbd.com\/fr#website"},"primaryImageOfPage":{"@id":"https:\/\/thetreecbd.com\/fr\/cbd\/t-shirt-jar-the-tree-cbd-edition-limitee-x-venyason#primaryimage"},"image":{"@id":"https:\/\/thetreecbd.com\/fr\/cbd\/t-shirt-jar-the-tree-cbd-edition-limitee-x-venyason#primaryimage"},"thumbnailUrl":"https:\/\/thetreecbd.com\/wp-content\/uploads\/2025\/08\/thetree-verano2025_0016_IMG_5282.jpg","datePublished":"2025-08-07T09:35:25+00:00","dateModified":"2025-08-07T14:28:28+00:00","description":"T-shirt Jar The Tree CBD, Faites partie de cette \u00e9dition limit\u00e9e avec un t-shirt qui repr\u00e9sente votre connexion \u00e0 l'art, au CBD et au streetwear conscient.","breadcrumb":{"@id":"https:\/\/thetreecbd.com\/fr\/cbd\/t-shirt-jar-the-tree-cbd-edition-limitee-x-venyason#breadcrumb"},"inLanguage":"fr-FR","potentialAction":[{"@type":"ReadAction","target":["https:\/\/thetreecbd.com\/fr\/cbd\/t-shirt-jar-the-tree-cbd-edition-limitee-x-venyason"]}]},{"@type":"ImageObject","inLanguage":"fr-FR","@id":"https:\/\/thetreecbd.com\/fr\/cbd\/t-shirt-jar-the-tree-cbd-edition-limitee-x-venyason#primaryimage","url":"https:\/\/thetreecbd.com\/wp-content\/uploads\/2025\/08\/thetree-verano2025_0016_IMG_5282.jpg","contentUrl":"https:\/\/thetreecbd.com\/wp-content\/uploads\/2025\/08\/thetree-verano2025_0016_IMG_5282.jpg","width":1080,"height":1350},{"@type":"BreadcrumbList","@id":"https:\/\/thetreecbd.com\/fr\/cbd\/t-shirt-jar-the-tree-cbd-edition-limitee-x-venyason#breadcrumb","itemListElement":[{"@type":"ListItem","position":1,"name":"The Tree","item":"https:\/\/thetreecbd.com\/fr"},{"@type":"ListItem","position":2,"name":"CBD","item":"https:\/\/thetreecbd.com\/es\/cbd"},{"@type":"ListItem","position":3,"name":"Accessoires CBD","item":"https:\/\/thetreecbd.com\/fr\/accessoires-cbd"},{"@type":"ListItem","position":4,"name":"T-shirt JAR The Tree CBD \u2013 \u00c9dition Limit\u00e9e x Venyason"}]},{"@type":"WebSite","@id":"https:\/\/thetreecbd.com\/fr#website","url":"https:\/\/thetreecbd.com\/fr","name":"The Tree CBD","description":"Comprar CBD en Espa\u00f1a Online","publisher":{"@id":"https:\/\/thetreecbd.com\/fr#organization"},"potentialAction":[{"@type":"SearchAction","target":{"@type":"EntryPoint","urlTemplate":"https:\/\/thetreecbd.com\/fr?s={search_term_string}"},"query-input":{"@type":"PropertyValueSpecification","valueRequired":true,"valueName":"search_term_string"}}],"inLanguage":"fr-FR"},{"@type":"Organization","@id":"https:\/\/thetreecbd.com\/fr#organization","name":"The Tree CBD","url":"https:\/\/thetreecbd.com\/fr","logo":{"@type":"ImageObject","inLanguage":"fr-FR","@id":"https:\/\/thetreecbd.com\/fr#\/schema\/logo\/image\/","url":"https:\/\/thetreecbd.com\/wp-content\/uploads\/2022\/04\/logo-thetree.png","contentUrl":"https:\/\/thetreecbd.com\/wp-content\/uploads\/2022\/04\/logo-thetree.png","width":172,"height":55,"caption":"The Tree CBD"},"image":{"@id":"https:\/\/thetreecbd.com\/fr#\/schema\/logo\/image\/"},"sameAs":["https:\/\/www.facebook.com\/thetreeCBD\/","https:\/\/x.com\/TheTreeCBD_EU","https:\/\/www.instagram.com\/thetree.cbd\/","https:\/\/es.trustpilot.com\/review\/thetreecbd.com"]}]}},"_links":{"self":[{"href":"https:\/\/thetreecbd.com\/fr\/wp-json\/wp\/v2\/product\/174564","targetHints":{"allow":["GET"]}}],"collection":[{"href":"https:\/\/thetreecbd.com\/fr\/wp-json\/wp\/v2\/product"}],"about":[{"href":"https:\/\/thetreecbd.com\/fr\/wp-json\/wp\/v2\/types\/product"}],"version-history":[{"count":0,"href":"https:\/\/thetreecbd.com\/fr\/wp-json\/wp\/v2\/product\/174564\/revisions"}],"wp:featuredmedia":[{"embeddable":true,"href":"https:\/\/thetreecbd.com\/fr\/wp-json\/wp\/v2\/media\/174851"}],"wp:attachment":[{"href":"https:\/\/thetreecbd.com\/fr\/wp-json\/wp\/v2\/media?parent=174564"}],"wp:term":[{"taxonomy":"product_brand","embeddable":true,"href":"https:\/\/thetreecbd.com\/fr\/wp-json\/wp\/v2\/product_brand?post=174564"}],"curies":[{"name":"wp","href":"https:\/\/api.w.org\/{rel}","templated":true}]}}