{"id":174635,"date":"2025-08-07T11:29:42","date_gmt":"2025-08-07T09:29:42","guid":{"rendered":"https:\/\/thetreecbd.com\/?post_type=product&#038;p=174635"},"modified":"2025-08-07T16:31:03","modified_gmt":"2025-08-07T14:31:03","slug":"t-shirt-oil-the-tree-cbd-edition-limitee-x-venyason","status":"publish","type":"product","link":"https:\/\/thetreecbd.com\/fr\/cbd\/t-shirt-oil-the-tree-cbd-edition-limitee-x-venyason","title":{"rendered":"T-shirt Oil The Tree CBD \u2013 \u00c9dition Limit\u00e9e x Venyason"},"content":{"rendered":"<h3>Un hommage illustr\u00e9 \u00e0 l&#8217;huile de CBD classique de The Tree.<\/h3>\n<p>Le <b>T-shirt Oil The Tree CBD<\/b> est un v\u00eatement exclusif qui c\u00e9l\u00e8bre l&#8217;un de nos produits les plus embl\u00e9matiques : l&#8217;huile de CBD. Con\u00e7u par <b>Venyason<\/b>, ce t-shirt allie art, confort et durabilit\u00e9 sur une base <b>Creator 2.0<\/b> de couleur <b>Off White<\/b>, avec une coupe <b>unisexe \u00e0 ajustement moyen<\/b> (<i>medium fit<\/i>).<\/p>\n<p><b>Caract\u00e9ristiques du T-shirt Oil The Tree CBD:<\/b><\/p>\n<ul>\n<li><b>Design exclusif:<\/b> Logo de The Tree CBD imprim\u00e9 sur la poitrine, et au dos, une illustration originale de <b>Venyason<\/b> en s\u00e9rigraphie \u00e0 <b>3 couleurs<\/b>, un hommage visuel \u00e0 l&#8217;huile la plus classique et reconnue de la marque.<\/li>\n<li><b>Coupe moyenne (<i>Medium fit<\/i>):<\/b> Coupe r\u00e9guli\u00e8re, ni trop large ni trop ajust\u00e9e. Parfaite pour ceux qui recherchent un \u00e9quilibre entre confort et style.<\/li>\n<li><b>Mat\u00e9riau durable:<\/b> 100 % coton biologique peign\u00e9 fil\u00e9 \u00e0 l&#8217;anneau (180 g\/m\u00b2, <i>single jersey<\/i>), pr\u00e9lav\u00e9 pour une plus grande durabilit\u00e9. Doux au toucher et respectueux de l&#8217;environnement.<\/li>\n<li><b>Style unisexe:<\/b> Con\u00e7u pour tous les publics, avec un design polyvalent et \u00e9pur\u00e9.<\/li>\n<li><b>Tailles disponibles:<\/b> S, M, L, XL<\/li>\n<\/ul>\n<p>Portez l&#8217;art qui repr\u00e9sente votre affinit\u00e9 pour le CBD et le style conscient.<\/p>\n<p><strong>\u00c9dition limit\u00e9e<\/strong> \u2013 disponible uniquement jusqu&#8217;\u00e0 \u00e9puisement des stocks.<\/p>\n","protected":false},"excerpt":{"rendered":"<ul>\n<li><b>Design exclusif:<\/b> Logo de The Tree CBD imprim\u00e9 sur la poitrine, et au dos, une illustration originale de <b>Venyason<\/b> en s\u00e9rigraphie \u00e0 <b>3 couleurs<\/b>, un hommage visuel \u00e0 l&#8217;huile la plus classique et reconnue de la marque.<\/li>\n<li><b>Coupe moyenne (<i>Medium fit<\/i>):<\/b> Coupe r\u00e9guli\u00e8re, ni trop large ni trop ajust\u00e9e. Parfaite pour ceux qui recherchent un \u00e9quilibre entre confort et style.<\/li>\n<li><b>Mat\u00e9riau durable:<\/b> 100 % coton biologique peign\u00e9 fil\u00e9 \u00e0 l&#8217;anneau (180 g\/m\u00b2, <i>single jersey<\/i>), pr\u00e9lav\u00e9 pour une plus grande durabilit\u00e9. Doux au toucher et respectueux de l&#8217;environnement.<\/li>\n<li><b>Style unisexe:<\/b> Con\u00e7u pour tous les publics, avec un design polyvalent et \u00e9pur\u00e9.<\/li>\n<li><b>Tailles disponibles:<\/b> S, M, L, XL<\/li>\n<\/ul>\n","protected":false},"featured_media":174591,"template":"","meta":{"_acf_changed":false},"product_brand":[],"class_list":{"0":"post-174635","1":"product","2":"type-product","3":"status-publish","4":"has-post-thumbnail","6":"product_cat-accessoires-cbd","7":"product_cat-huiles-cbd","9":"first","10":"instock","11":"taxable","12":"shipping-taxable","13":"purchasable","14":"product-type-variable"},"acf":[],"yoast_head":"<!-- This site is optimized with the Yoast SEO plugin v26.3 - https:\/\/yoast.com\/wordpress\/plugins\/seo\/ -->\n<title>T-shirt Oil The Tree CBD \u2013 \u00c9dition Limit\u00e9e x Venyason - The Tree CBD<\/title>\n<meta name=\"description\" content=\"Portez l&#039;art qui repr\u00e9sente votre affinit\u00e9 pour le CBD et le style conscient avec le t-shirt Oil de The Tree CBD by Venyason.\" \/>\n<meta name=\"robots\" content=\"index, follow, max-snippet:-1, max-image-preview:large, max-video-preview:-1\" \/>\n<link rel=\"canonical\" href=\"https:\/\/thetreecbd.com\/fr\/cbd\/t-shirt-oil-the-tree-cbd-edition-limitee-x-venyason\" \/>\n<meta property=\"og:locale\" content=\"fr_FR\" \/>\n<meta property=\"og:type\" content=\"article\" \/>\n<meta property=\"og:title\" content=\"T-shirt Oil The Tree CBD \u2013 \u00c9dition Limit\u00e9e x Venyason - The Tree CBD\" \/>\n<meta property=\"og:description\" content=\"Portez l&#039;art qui repr\u00e9sente votre affinit\u00e9 pour le CBD et le style conscient avec le t-shirt Oil de The Tree CBD by Venyason.\" \/>\n<meta property=\"og:url\" content=\"https:\/\/thetreecbd.com\/fr\/cbd\/t-shirt-oil-the-tree-cbd-edition-limitee-x-venyason\" \/>\n<meta property=\"og:site_name\" content=\"The Tree CBD\" \/>\n<meta property=\"article:publisher\" content=\"https:\/\/www.facebook.com\/thetreeCBD\/\" \/>\n<meta property=\"article:modified_time\" content=\"2025-08-07T14:31:03+00:00\" \/>\n<meta property=\"og:image\" content=\"https:\/\/thetreecbd.com\/wp-content\/uploads\/2025\/08\/oil1.jpg\" \/>\n\t<meta property=\"og:image:width\" content=\"1080\" \/>\n\t<meta property=\"og:image:height\" content=\"1350\" \/>\n\t<meta property=\"og:image:type\" content=\"image\/jpeg\" \/>\n<meta name=\"twitter:card\" content=\"summary_large_image\" \/>\n<meta name=\"twitter:site\" content=\"@TheTreeCBD_EU\" \/>\n<meta name=\"twitter:label1\" content=\"Dur\u00e9e de lecture estim\u00e9e\" \/>\n\t<meta name=\"twitter:data1\" content=\"1 minute\" \/>\n<script type=\"application\/ld+json\" class=\"yoast-schema-graph\">{\"@context\":\"https:\/\/schema.org\",\"@graph\":[{\"@type\":[\"WebPage\",\"ItemPage\"],\"@id\":\"https:\/\/thetreecbd.com\/fr\/cbd\/t-shirt-oil-the-tree-cbd-edition-limitee-x-venyason\",\"url\":\"https:\/\/thetreecbd.com\/fr\/cbd\/t-shirt-oil-the-tree-cbd-edition-limitee-x-venyason\",\"name\":\"T-shirt Oil The Tree CBD \u2013 \u00c9dition Limit\u00e9e x Venyason - The Tree CBD\",\"isPartOf\":{\"@id\":\"https:\/\/thetreecbd.com\/fr#website\"},\"primaryImageOfPage\":{\"@id\":\"https:\/\/thetreecbd.com\/fr\/cbd\/t-shirt-oil-the-tree-cbd-edition-limitee-x-venyason#primaryimage\"},\"image\":{\"@id\":\"https:\/\/thetreecbd.com\/fr\/cbd\/t-shirt-oil-the-tree-cbd-edition-limitee-x-venyason#primaryimage\"},\"thumbnailUrl\":\"https:\/\/thetreecbd.com\/wp-content\/uploads\/2025\/08\/oil1.jpg\",\"datePublished\":\"2025-08-07T09:29:42+00:00\",\"dateModified\":\"2025-08-07T14:31:03+00:00\",\"description\":\"Portez l'art qui repr\u00e9sente votre affinit\u00e9 pour le CBD et le style conscient avec le t-shirt Oil de The Tree CBD by Venyason.\",\"breadcrumb\":{\"@id\":\"https:\/\/thetreecbd.com\/fr\/cbd\/t-shirt-oil-the-tree-cbd-edition-limitee-x-venyason#breadcrumb\"},\"inLanguage\":\"fr-FR\",\"potentialAction\":[{\"@type\":\"ReadAction\",\"target\":[\"https:\/\/thetreecbd.com\/fr\/cbd\/t-shirt-oil-the-tree-cbd-edition-limitee-x-venyason\"]}]},{\"@type\":\"ImageObject\",\"inLanguage\":\"fr-FR\",\"@id\":\"https:\/\/thetreecbd.com\/fr\/cbd\/t-shirt-oil-the-tree-cbd-edition-limitee-x-venyason#primaryimage\",\"url\":\"https:\/\/thetreecbd.com\/wp-content\/uploads\/2025\/08\/oil1.jpg\",\"contentUrl\":\"https:\/\/thetreecbd.com\/wp-content\/uploads\/2025\/08\/oil1.jpg\",\"width\":1080,\"height\":1350},{\"@type\":\"BreadcrumbList\",\"@id\":\"https:\/\/thetreecbd.com\/fr\/cbd\/t-shirt-oil-the-tree-cbd-edition-limitee-x-venyason#breadcrumb\",\"itemListElement\":[{\"@type\":\"ListItem\",\"position\":1,\"name\":\"The Tree\",\"item\":\"https:\/\/thetreecbd.com\/fr\"},{\"@type\":\"ListItem\",\"position\":2,\"name\":\"CBD\",\"item\":\"https:\/\/thetreecbd.com\/es\/cbd\"},{\"@type\":\"ListItem\",\"position\":3,\"name\":\"Accessoires CBD\",\"item\":\"https:\/\/thetreecbd.com\/fr\/accessoires-cbd\"},{\"@type\":\"ListItem\",\"position\":4,\"name\":\"T-shirt Oil The Tree CBD \u2013 \u00c9dition Limit\u00e9e x Venyason\"}]},{\"@type\":\"WebSite\",\"@id\":\"https:\/\/thetreecbd.com\/fr#website\",\"url\":\"https:\/\/thetreecbd.com\/fr\",\"name\":\"The Tree CBD\",\"description\":\"Comprar CBD en Espa\u00f1a Online\",\"publisher\":{\"@id\":\"https:\/\/thetreecbd.com\/fr#organization\"},\"potentialAction\":[{\"@type\":\"SearchAction\",\"target\":{\"@type\":\"EntryPoint\",\"urlTemplate\":\"https:\/\/thetreecbd.com\/fr?s={search_term_string}\"},\"query-input\":{\"@type\":\"PropertyValueSpecification\",\"valueRequired\":true,\"valueName\":\"search_term_string\"}}],\"inLanguage\":\"fr-FR\"},{\"@type\":\"Organization\",\"@id\":\"https:\/\/thetreecbd.com\/fr#organization\",\"name\":\"The Tree CBD\",\"url\":\"https:\/\/thetreecbd.com\/fr\",\"logo\":{\"@type\":\"ImageObject\",\"inLanguage\":\"fr-FR\",\"@id\":\"https:\/\/thetreecbd.com\/fr#\/schema\/logo\/image\/\",\"url\":\"https:\/\/thetreecbd.com\/wp-content\/uploads\/2022\/04\/logo-thetree.png\",\"contentUrl\":\"https:\/\/thetreecbd.com\/wp-content\/uploads\/2022\/04\/logo-thetree.png\",\"width\":172,\"height\":55,\"caption\":\"The Tree CBD\"},\"image\":{\"@id\":\"https:\/\/thetreecbd.com\/fr#\/schema\/logo\/image\/\"},\"sameAs\":[\"https:\/\/www.facebook.com\/thetreeCBD\/\",\"https:\/\/x.com\/TheTreeCBD_EU\",\"https:\/\/www.instagram.com\/thetree.cbd\/\",\"https:\/\/es.trustpilot.com\/review\/thetreecbd.com\"]}]}<\/script>\n<!-- \/ Yoast SEO plugin. -->","yoast_head_json":{"title":"T-shirt Oil The Tree CBD \u2013 \u00c9dition Limit\u00e9e x Venyason - The Tree CBD","description":"Portez l'art qui repr\u00e9sente votre affinit\u00e9 pour le CBD et le style conscient avec le t-shirt Oil de The Tree CBD by Venyason.","robots":{"index":"index","follow":"follow","max-snippet":"max-snippet:-1","max-image-preview":"max-image-preview:large","max-video-preview":"max-video-preview:-1"},"canonical":"https:\/\/thetreecbd.com\/fr\/cbd\/t-shirt-oil-the-tree-cbd-edition-limitee-x-venyason","og_locale":"fr_FR","og_type":"article","og_title":"T-shirt Oil The Tree CBD \u2013 \u00c9dition Limit\u00e9e x Venyason - The Tree CBD","og_description":"Portez l'art qui repr\u00e9sente votre affinit\u00e9 pour le CBD et le style conscient avec le t-shirt Oil de The Tree CBD by Venyason.","og_url":"https:\/\/thetreecbd.com\/fr\/cbd\/t-shirt-oil-the-tree-cbd-edition-limitee-x-venyason","og_site_name":"The Tree CBD","article_publisher":"https:\/\/www.facebook.com\/thetreeCBD\/","article_modified_time":"2025-08-07T14:31:03+00:00","og_image":[{"width":1080,"height":1350,"url":"https:\/\/thetreecbd.com\/wp-content\/uploads\/2025\/08\/oil1.jpg","type":"image\/jpeg"}],"twitter_card":"summary_large_image","twitter_site":"@TheTreeCBD_EU","twitter_misc":{"Dur\u00e9e de lecture estim\u00e9e":"1 minute"},"schema":{"@context":"https:\/\/schema.org","@graph":[{"@type":["WebPage","ItemPage"],"@id":"https:\/\/thetreecbd.com\/fr\/cbd\/t-shirt-oil-the-tree-cbd-edition-limitee-x-venyason","url":"https:\/\/thetreecbd.com\/fr\/cbd\/t-shirt-oil-the-tree-cbd-edition-limitee-x-venyason","name":"T-shirt Oil The Tree CBD \u2013 \u00c9dition Limit\u00e9e x Venyason - The Tree CBD","isPartOf":{"@id":"https:\/\/thetreecbd.com\/fr#website"},"primaryImageOfPage":{"@id":"https:\/\/thetreecbd.com\/fr\/cbd\/t-shirt-oil-the-tree-cbd-edition-limitee-x-venyason#primaryimage"},"image":{"@id":"https:\/\/thetreecbd.com\/fr\/cbd\/t-shirt-oil-the-tree-cbd-edition-limitee-x-venyason#primaryimage"},"thumbnailUrl":"https:\/\/thetreecbd.com\/wp-content\/uploads\/2025\/08\/oil1.jpg","datePublished":"2025-08-07T09:29:42+00:00","dateModified":"2025-08-07T14:31:03+00:00","description":"Portez l'art qui repr\u00e9sente votre affinit\u00e9 pour le CBD et le style conscient avec le t-shirt Oil de The Tree CBD by Venyason.","breadcrumb":{"@id":"https:\/\/thetreecbd.com\/fr\/cbd\/t-shirt-oil-the-tree-cbd-edition-limitee-x-venyason#breadcrumb"},"inLanguage":"fr-FR","potentialAction":[{"@type":"ReadAction","target":["https:\/\/thetreecbd.com\/fr\/cbd\/t-shirt-oil-the-tree-cbd-edition-limitee-x-venyason"]}]},{"@type":"ImageObject","inLanguage":"fr-FR","@id":"https:\/\/thetreecbd.com\/fr\/cbd\/t-shirt-oil-the-tree-cbd-edition-limitee-x-venyason#primaryimage","url":"https:\/\/thetreecbd.com\/wp-content\/uploads\/2025\/08\/oil1.jpg","contentUrl":"https:\/\/thetreecbd.com\/wp-content\/uploads\/2025\/08\/oil1.jpg","width":1080,"height":1350},{"@type":"BreadcrumbList","@id":"https:\/\/thetreecbd.com\/fr\/cbd\/t-shirt-oil-the-tree-cbd-edition-limitee-x-venyason#breadcrumb","itemListElement":[{"@type":"ListItem","position":1,"name":"The Tree","item":"https:\/\/thetreecbd.com\/fr"},{"@type":"ListItem","position":2,"name":"CBD","item":"https:\/\/thetreecbd.com\/es\/cbd"},{"@type":"ListItem","position":3,"name":"Accessoires CBD","item":"https:\/\/thetreecbd.com\/fr\/accessoires-cbd"},{"@type":"ListItem","position":4,"name":"T-shirt Oil The Tree CBD \u2013 \u00c9dition Limit\u00e9e x Venyason"}]},{"@type":"WebSite","@id":"https:\/\/thetreecbd.com\/fr#website","url":"https:\/\/thetreecbd.com\/fr","name":"The Tree CBD","description":"Comprar CBD en Espa\u00f1a Online","publisher":{"@id":"https:\/\/thetreecbd.com\/fr#organization"},"potentialAction":[{"@type":"SearchAction","target":{"@type":"EntryPoint","urlTemplate":"https:\/\/thetreecbd.com\/fr?s={search_term_string}"},"query-input":{"@type":"PropertyValueSpecification","valueRequired":true,"valueName":"search_term_string"}}],"inLanguage":"fr-FR"},{"@type":"Organization","@id":"https:\/\/thetreecbd.com\/fr#organization","name":"The Tree CBD","url":"https:\/\/thetreecbd.com\/fr","logo":{"@type":"ImageObject","inLanguage":"fr-FR","@id":"https:\/\/thetreecbd.com\/fr#\/schema\/logo\/image\/","url":"https:\/\/thetreecbd.com\/wp-content\/uploads\/2022\/04\/logo-thetree.png","contentUrl":"https:\/\/thetreecbd.com\/wp-content\/uploads\/2022\/04\/logo-thetree.png","width":172,"height":55,"caption":"The Tree CBD"},"image":{"@id":"https:\/\/thetreecbd.com\/fr#\/schema\/logo\/image\/"},"sameAs":["https:\/\/www.facebook.com\/thetreeCBD\/","https:\/\/x.com\/TheTreeCBD_EU","https:\/\/www.instagram.com\/thetree.cbd\/","https:\/\/es.trustpilot.com\/review\/thetreecbd.com"]}]}},"_links":{"self":[{"href":"https:\/\/thetreecbd.com\/fr\/wp-json\/wp\/v2\/product\/174635","targetHints":{"allow":["GET"]}}],"collection":[{"href":"https:\/\/thetreecbd.com\/fr\/wp-json\/wp\/v2\/product"}],"about":[{"href":"https:\/\/thetreecbd.com\/fr\/wp-json\/wp\/v2\/types\/product"}],"version-history":[{"count":0,"href":"https:\/\/thetreecbd.com\/fr\/wp-json\/wp\/v2\/product\/174635\/revisions"}],"wp:featuredmedia":[{"embeddable":true,"href":"https:\/\/thetreecbd.com\/fr\/wp-json\/wp\/v2\/media\/174591"}],"wp:attachment":[{"href":"https:\/\/thetreecbd.com\/fr\/wp-json\/wp\/v2\/media?parent=174635"}],"wp:term":[{"taxonomy":"product_brand","embeddable":true,"href":"https:\/\/thetreecbd.com\/fr\/wp-json\/wp\/v2\/product_brand?post=174635"}],"curies":[{"name":"wp","href":"https:\/\/api.w.org\/{rel}","templated":true}]}}