{"id":174708,"date":"2025-08-07T11:37:44","date_gmt":"2025-08-07T09:37:44","guid":{"rendered":"https:\/\/thetreecbd.com\/?post_type=product&#038;p=174708"},"modified":"2025-08-07T16:24:36","modified_gmt":"2025-08-07T14:24:36","slug":"t-shirt-the-tree-cbd-edition-limitee-by-venyason","status":"publish","type":"product","link":"https:\/\/thetreecbd.com\/fr\/cbd\/t-shirt-the-tree-cbd-edition-limitee-by-venyason","title":{"rendered":"T-shirt The Tree CBD \u00e9dition limit\u00e9e by Venyason"},"content":{"rendered":"<h2>Le symbole de notre essence, traduit en art textile.<\/h2>\n<p>Le <b>T-shirt The Tree CBD<\/b> est une pi\u00e8ce exclusive qui capture l&#8217;identit\u00e9 de notre marque dans sa forme la plus pure. Con\u00e7u par <b>Venyason<\/b> sur une base <b>Creator 2.0<\/b> de couleur <b>Off White<\/b>, ce t-shirt allie minimalisme, nature et style conscient. Son design au dos repr\u00e9sente un arbre stylis\u00e9, ic\u00f4ne visuelle de The Tree CBD, imprim\u00e9 en <b>s\u00e9rigraphie 2 couleurs<\/b> embl\u00e9matiques : vert fonc\u00e9 et vert clair.<\/p>\n<p><b>Caract\u00e9ristiques du T-shirt The Tree CBD:<\/b><\/p>\n<ul>\n<li><b>Design exclusif:<\/b> Logo The Tree CBD sur la poitrine, et au dos, une repr\u00e9sentation artistique de notre arbre, cr\u00e9\u00e9e par Venyason en s\u00e9rigraphie bicolore.<\/li>\n<li><b>Coupe moyenne (<i>Medium fit<\/i>):<\/b> Coupe r\u00e9guli\u00e8re unisexe, id\u00e9ale pour ceux qui recherchent un t-shirt confortable, \u00e9quilibr\u00e9 et polyvalent.<\/li>\n<li><b>Mat\u00e9riau durable:<\/b> Confectionn\u00e9 en <b>100 % coton biologique peign\u00e9 fil\u00e9 \u00e0 l&#8217;anneau<\/b>, 180 g\/m\u00b2 (<i>single jersey<\/i>), pr\u00e9lav\u00e9. Doux, durable et respectueux de l&#8217;environnement.<\/li>\n<li><b>Style unisexe:<\/b> Con\u00e7u pour tous les publics et tous les styles, avec une esth\u00e9tique \u00e9pur\u00e9e et repr\u00e9sentative.<\/li>\n<li><b>Tailles disponibles:<\/b> S, M, L, XL<\/li>\n<\/ul>\n<p>Portez fi\u00e8rement l&#8217;embl\u00e8me de The Tree CBD dans une \u00e9dition limit\u00e9e qui parle de racines, de croissance et de communaut\u00e9.<\/p>\n<p>Disponible uniquement jusqu&#8217;\u00e0 \u00e9puisement des stocks.<\/p>\n","protected":false},"excerpt":{"rendered":"<ul>\n<li><b>Design exclusif:<\/b> Logo The Tree CBD sur la poitrine, et au dos, une repr\u00e9sentation artistique de notre arbre, cr\u00e9\u00e9e par Venyason en s\u00e9rigraphie bicolore.<\/li>\n<li><b>Coupe moyenne (<i>Medium fit<\/i>):<\/b> Coupe r\u00e9guli\u00e8re unisexe, id\u00e9ale pour ceux qui recherchent un t-shirt confortable, \u00e9quilibr\u00e9 et polyvalent.<\/li>\n<li><b>Mat\u00e9riau durable:<\/b> Confectionn\u00e9 en <b>100 % coton biologique peign\u00e9 fil\u00e9 \u00e0 l&#8217;anneau<\/b>, 180 g\/m\u00b2 (<i>single jersey<\/i>), pr\u00e9lav\u00e9. Doux, durable et respectueux de l&#8217;environnement.<\/li>\n<li><b>Style unisexe:<\/b> Con\u00e7u pour tous les publics et tous les styles, avec une esth\u00e9tique \u00e9pur\u00e9e et repr\u00e9sentative.<\/li>\n<li><b>Tailles disponibles:<\/b> S, M, L, XL<\/li>\n<\/ul>\n","protected":false},"featured_media":174656,"template":"","meta":{"_acf_changed":false},"product_brand":[],"class_list":{"0":"post-174708","1":"product","2":"type-product","3":"status-publish","4":"has-post-thumbnail","6":"product_cat-accessoires-cbd","8":"first","9":"instock","10":"taxable","11":"shipping-taxable","12":"purchasable","13":"product-type-variable"},"acf":[],"yoast_head":"<!-- This site is optimized with the Yoast SEO plugin v26.3 - https:\/\/yoast.com\/wordpress\/plugins\/seo\/ -->\n<title>T-shirt The Tree CBD \u00e9dition limit\u00e9e by Venyason - The Tree CBD<\/title>\n<meta name=\"description\" content=\"T-shirt The Tree CBD: Portez fi\u00e8rement l&#039;embl\u00e8me de The Tree CBD dans une \u00e9dition limit\u00e9e qui parle de racines, de croissance et de communaut\u00e9.\" \/>\n<meta name=\"robots\" content=\"index, follow, max-snippet:-1, max-image-preview:large, max-video-preview:-1\" \/>\n<link rel=\"canonical\" href=\"https:\/\/thetreecbd.com\/fr\/cbd\/t-shirt-the-tree-cbd-edition-limitee-by-venyason\" \/>\n<meta property=\"og:locale\" content=\"fr_FR\" \/>\n<meta property=\"og:type\" content=\"article\" \/>\n<meta property=\"og:title\" content=\"T-shirt The Tree CBD \u00e9dition limit\u00e9e by Venyason - The Tree CBD\" \/>\n<meta property=\"og:description\" content=\"T-shirt The Tree CBD: Portez fi\u00e8rement l&#039;embl\u00e8me de The Tree CBD dans une \u00e9dition limit\u00e9e qui parle de racines, de croissance et de communaut\u00e9.\" \/>\n<meta property=\"og:url\" content=\"https:\/\/thetreecbd.com\/fr\/cbd\/t-shirt-the-tree-cbd-edition-limitee-by-venyason\" \/>\n<meta property=\"og:site_name\" content=\"The Tree CBD\" \/>\n<meta property=\"article:publisher\" content=\"https:\/\/www.facebook.com\/thetreeCBD\/\" \/>\n<meta property=\"article:modified_time\" content=\"2025-08-07T14:24:36+00:00\" \/>\n<meta property=\"og:image\" content=\"https:\/\/thetreecbd.com\/wp-content\/uploads\/2025\/08\/tree1.jpg\" \/>\n\t<meta property=\"og:image:width\" content=\"1080\" \/>\n\t<meta property=\"og:image:height\" content=\"1350\" \/>\n\t<meta property=\"og:image:type\" content=\"image\/jpeg\" \/>\n<meta name=\"twitter:card\" content=\"summary_large_image\" \/>\n<meta name=\"twitter:site\" content=\"@TheTreeCBD_EU\" \/>\n<meta name=\"twitter:label1\" content=\"Dur\u00e9e de lecture estim\u00e9e\" \/>\n\t<meta name=\"twitter:data1\" content=\"1 minute\" \/>\n<script type=\"application\/ld+json\" class=\"yoast-schema-graph\">{\"@context\":\"https:\/\/schema.org\",\"@graph\":[{\"@type\":[\"WebPage\",\"ItemPage\"],\"@id\":\"https:\/\/thetreecbd.com\/fr\/cbd\/t-shirt-the-tree-cbd-edition-limitee-by-venyason\",\"url\":\"https:\/\/thetreecbd.com\/fr\/cbd\/t-shirt-the-tree-cbd-edition-limitee-by-venyason\",\"name\":\"T-shirt The Tree CBD \u00e9dition limit\u00e9e by Venyason - The Tree CBD\",\"isPartOf\":{\"@id\":\"https:\/\/thetreecbd.com\/fr#website\"},\"primaryImageOfPage\":{\"@id\":\"https:\/\/thetreecbd.com\/fr\/cbd\/t-shirt-the-tree-cbd-edition-limitee-by-venyason#primaryimage\"},\"image\":{\"@id\":\"https:\/\/thetreecbd.com\/fr\/cbd\/t-shirt-the-tree-cbd-edition-limitee-by-venyason#primaryimage\"},\"thumbnailUrl\":\"https:\/\/thetreecbd.com\/wp-content\/uploads\/2025\/08\/tree1.jpg\",\"datePublished\":\"2025-08-07T09:37:44+00:00\",\"dateModified\":\"2025-08-07T14:24:36+00:00\",\"description\":\"T-shirt The Tree CBD: Portez fi\u00e8rement l'embl\u00e8me de The Tree CBD dans une \u00e9dition limit\u00e9e qui parle de racines, de croissance et de communaut\u00e9.\",\"breadcrumb\":{\"@id\":\"https:\/\/thetreecbd.com\/fr\/cbd\/t-shirt-the-tree-cbd-edition-limitee-by-venyason#breadcrumb\"},\"inLanguage\":\"fr-FR\",\"potentialAction\":[{\"@type\":\"ReadAction\",\"target\":[\"https:\/\/thetreecbd.com\/fr\/cbd\/t-shirt-the-tree-cbd-edition-limitee-by-venyason\"]}]},{\"@type\":\"ImageObject\",\"inLanguage\":\"fr-FR\",\"@id\":\"https:\/\/thetreecbd.com\/fr\/cbd\/t-shirt-the-tree-cbd-edition-limitee-by-venyason#primaryimage\",\"url\":\"https:\/\/thetreecbd.com\/wp-content\/uploads\/2025\/08\/tree1.jpg\",\"contentUrl\":\"https:\/\/thetreecbd.com\/wp-content\/uploads\/2025\/08\/tree1.jpg\",\"width\":1080,\"height\":1350},{\"@type\":\"BreadcrumbList\",\"@id\":\"https:\/\/thetreecbd.com\/fr\/cbd\/t-shirt-the-tree-cbd-edition-limitee-by-venyason#breadcrumb\",\"itemListElement\":[{\"@type\":\"ListItem\",\"position\":1,\"name\":\"The Tree\",\"item\":\"https:\/\/thetreecbd.com\/fr\"},{\"@type\":\"ListItem\",\"position\":2,\"name\":\"CBD\",\"item\":\"https:\/\/thetreecbd.com\/es\/cbd\"},{\"@type\":\"ListItem\",\"position\":3,\"name\":\"Huile de CBD\",\"item\":\"https:\/\/thetreecbd.com\/fr\/huiles-cbd\"},{\"@type\":\"ListItem\",\"position\":4,\"name\":\"Huile CBD \u00e0 spectre complet\",\"item\":\"https:\/\/thetreecbd.com\/fr\/huiles-cbd\/spectre-complet\"},{\"@type\":\"ListItem\",\"position\":5,\"name\":\"T-shirt The Tree CBD \u00e9dition limit\u00e9e by Venyason\"}]},{\"@type\":\"WebSite\",\"@id\":\"https:\/\/thetreecbd.com\/fr#website\",\"url\":\"https:\/\/thetreecbd.com\/fr\",\"name\":\"The Tree CBD\",\"description\":\"Comprar CBD en Espa\u00f1a Online\",\"publisher\":{\"@id\":\"https:\/\/thetreecbd.com\/fr#organization\"},\"potentialAction\":[{\"@type\":\"SearchAction\",\"target\":{\"@type\":\"EntryPoint\",\"urlTemplate\":\"https:\/\/thetreecbd.com\/fr?s={search_term_string}\"},\"query-input\":{\"@type\":\"PropertyValueSpecification\",\"valueRequired\":true,\"valueName\":\"search_term_string\"}}],\"inLanguage\":\"fr-FR\"},{\"@type\":\"Organization\",\"@id\":\"https:\/\/thetreecbd.com\/fr#organization\",\"name\":\"The Tree CBD\",\"url\":\"https:\/\/thetreecbd.com\/fr\",\"logo\":{\"@type\":\"ImageObject\",\"inLanguage\":\"fr-FR\",\"@id\":\"https:\/\/thetreecbd.com\/fr#\/schema\/logo\/image\/\",\"url\":\"https:\/\/thetreecbd.com\/wp-content\/uploads\/2022\/04\/logo-thetree.png\",\"contentUrl\":\"https:\/\/thetreecbd.com\/wp-content\/uploads\/2022\/04\/logo-thetree.png\",\"width\":172,\"height\":55,\"caption\":\"The Tree CBD\"},\"image\":{\"@id\":\"https:\/\/thetreecbd.com\/fr#\/schema\/logo\/image\/\"},\"sameAs\":[\"https:\/\/www.facebook.com\/thetreeCBD\/\",\"https:\/\/x.com\/TheTreeCBD_EU\",\"https:\/\/www.instagram.com\/thetree.cbd\/\",\"https:\/\/es.trustpilot.com\/review\/thetreecbd.com\"]}]}<\/script>\n<!-- \/ Yoast SEO plugin. -->","yoast_head_json":{"title":"T-shirt The Tree CBD \u00e9dition limit\u00e9e by Venyason - The Tree CBD","description":"T-shirt The Tree CBD: Portez fi\u00e8rement l'embl\u00e8me de The Tree CBD dans une \u00e9dition limit\u00e9e qui parle de racines, de croissance et de communaut\u00e9.","robots":{"index":"index","follow":"follow","max-snippet":"max-snippet:-1","max-image-preview":"max-image-preview:large","max-video-preview":"max-video-preview:-1"},"canonical":"https:\/\/thetreecbd.com\/fr\/cbd\/t-shirt-the-tree-cbd-edition-limitee-by-venyason","og_locale":"fr_FR","og_type":"article","og_title":"T-shirt The Tree CBD \u00e9dition limit\u00e9e by Venyason - The Tree CBD","og_description":"T-shirt The Tree CBD: Portez fi\u00e8rement l'embl\u00e8me de The Tree CBD dans une \u00e9dition limit\u00e9e qui parle de racines, de croissance et de communaut\u00e9.","og_url":"https:\/\/thetreecbd.com\/fr\/cbd\/t-shirt-the-tree-cbd-edition-limitee-by-venyason","og_site_name":"The Tree CBD","article_publisher":"https:\/\/www.facebook.com\/thetreeCBD\/","article_modified_time":"2025-08-07T14:24:36+00:00","og_image":[{"width":1080,"height":1350,"url":"https:\/\/thetreecbd.com\/wp-content\/uploads\/2025\/08\/tree1.jpg","type":"image\/jpeg"}],"twitter_card":"summary_large_image","twitter_site":"@TheTreeCBD_EU","twitter_misc":{"Dur\u00e9e de lecture estim\u00e9e":"1 minute"},"schema":{"@context":"https:\/\/schema.org","@graph":[{"@type":["WebPage","ItemPage"],"@id":"https:\/\/thetreecbd.com\/fr\/cbd\/t-shirt-the-tree-cbd-edition-limitee-by-venyason","url":"https:\/\/thetreecbd.com\/fr\/cbd\/t-shirt-the-tree-cbd-edition-limitee-by-venyason","name":"T-shirt The Tree CBD \u00e9dition limit\u00e9e by Venyason - The Tree CBD","isPartOf":{"@id":"https:\/\/thetreecbd.com\/fr#website"},"primaryImageOfPage":{"@id":"https:\/\/thetreecbd.com\/fr\/cbd\/t-shirt-the-tree-cbd-edition-limitee-by-venyason#primaryimage"},"image":{"@id":"https:\/\/thetreecbd.com\/fr\/cbd\/t-shirt-the-tree-cbd-edition-limitee-by-venyason#primaryimage"},"thumbnailUrl":"https:\/\/thetreecbd.com\/wp-content\/uploads\/2025\/08\/tree1.jpg","datePublished":"2025-08-07T09:37:44+00:00","dateModified":"2025-08-07T14:24:36+00:00","description":"T-shirt The Tree CBD: Portez fi\u00e8rement l'embl\u00e8me de The Tree CBD dans une \u00e9dition limit\u00e9e qui parle de racines, de croissance et de communaut\u00e9.","breadcrumb":{"@id":"https:\/\/thetreecbd.com\/fr\/cbd\/t-shirt-the-tree-cbd-edition-limitee-by-venyason#breadcrumb"},"inLanguage":"fr-FR","potentialAction":[{"@type":"ReadAction","target":["https:\/\/thetreecbd.com\/fr\/cbd\/t-shirt-the-tree-cbd-edition-limitee-by-venyason"]}]},{"@type":"ImageObject","inLanguage":"fr-FR","@id":"https:\/\/thetreecbd.com\/fr\/cbd\/t-shirt-the-tree-cbd-edition-limitee-by-venyason#primaryimage","url":"https:\/\/thetreecbd.com\/wp-content\/uploads\/2025\/08\/tree1.jpg","contentUrl":"https:\/\/thetreecbd.com\/wp-content\/uploads\/2025\/08\/tree1.jpg","width":1080,"height":1350},{"@type":"BreadcrumbList","@id":"https:\/\/thetreecbd.com\/fr\/cbd\/t-shirt-the-tree-cbd-edition-limitee-by-venyason#breadcrumb","itemListElement":[{"@type":"ListItem","position":1,"name":"The Tree","item":"https:\/\/thetreecbd.com\/fr"},{"@type":"ListItem","position":2,"name":"CBD","item":"https:\/\/thetreecbd.com\/es\/cbd"},{"@type":"ListItem","position":3,"name":"Huile de CBD","item":"https:\/\/thetreecbd.com\/fr\/huiles-cbd"},{"@type":"ListItem","position":4,"name":"Huile CBD \u00e0 spectre complet","item":"https:\/\/thetreecbd.com\/fr\/huiles-cbd\/spectre-complet"},{"@type":"ListItem","position":5,"name":"T-shirt The Tree CBD \u00e9dition limit\u00e9e by Venyason"}]},{"@type":"WebSite","@id":"https:\/\/thetreecbd.com\/fr#website","url":"https:\/\/thetreecbd.com\/fr","name":"The Tree CBD","description":"Comprar CBD en Espa\u00f1a Online","publisher":{"@id":"https:\/\/thetreecbd.com\/fr#organization"},"potentialAction":[{"@type":"SearchAction","target":{"@type":"EntryPoint","urlTemplate":"https:\/\/thetreecbd.com\/fr?s={search_term_string}"},"query-input":{"@type":"PropertyValueSpecification","valueRequired":true,"valueName":"search_term_string"}}],"inLanguage":"fr-FR"},{"@type":"Organization","@id":"https:\/\/thetreecbd.com\/fr#organization","name":"The Tree CBD","url":"https:\/\/thetreecbd.com\/fr","logo":{"@type":"ImageObject","inLanguage":"fr-FR","@id":"https:\/\/thetreecbd.com\/fr#\/schema\/logo\/image\/","url":"https:\/\/thetreecbd.com\/wp-content\/uploads\/2022\/04\/logo-thetree.png","contentUrl":"https:\/\/thetreecbd.com\/wp-content\/uploads\/2022\/04\/logo-thetree.png","width":172,"height":55,"caption":"The Tree CBD"},"image":{"@id":"https:\/\/thetreecbd.com\/fr#\/schema\/logo\/image\/"},"sameAs":["https:\/\/www.facebook.com\/thetreeCBD\/","https:\/\/x.com\/TheTreeCBD_EU","https:\/\/www.instagram.com\/thetree.cbd\/","https:\/\/es.trustpilot.com\/review\/thetreecbd.com"]}]}},"_links":{"self":[{"href":"https:\/\/thetreecbd.com\/fr\/wp-json\/wp\/v2\/product\/174708","targetHints":{"allow":["GET"]}}],"collection":[{"href":"https:\/\/thetreecbd.com\/fr\/wp-json\/wp\/v2\/product"}],"about":[{"href":"https:\/\/thetreecbd.com\/fr\/wp-json\/wp\/v2\/types\/product"}],"version-history":[{"count":0,"href":"https:\/\/thetreecbd.com\/fr\/wp-json\/wp\/v2\/product\/174708\/revisions"}],"wp:featuredmedia":[{"embeddable":true,"href":"https:\/\/thetreecbd.com\/fr\/wp-json\/wp\/v2\/media\/174656"}],"wp:attachment":[{"href":"https:\/\/thetreecbd.com\/fr\/wp-json\/wp\/v2\/media?parent=174708"}],"wp:term":[{"taxonomy":"product_brand","embeddable":true,"href":"https:\/\/thetreecbd.com\/fr\/wp-json\/wp\/v2\/product_brand?post=174708"}],"curies":[{"name":"wp","href":"https:\/\/api.w.org\/{rel}","templated":true}]}}