{"id":177206,"date":"2025-09-04T12:30:17","date_gmt":"2025-09-04T10:30:17","guid":{"rendered":"https:\/\/thetreecbd.com\/?post_type=product&#038;p=177206"},"modified":"2025-12-02T01:37:49","modified_gmt":"2025-12-02T00:37:49","slug":"special-sauce-cbd","status":"publish","type":"product","link":"https:\/\/thetreecbd.com\/fr\/cbd\/special-sauce-cbd","title":{"rendered":"Special Sauce CBD"},"content":{"rendered":"<p>The Tree CBD vous apporte les bourgeons de cannabis l\u00e9gal de la vari\u00e9t\u00e9 <b>Special Sauce CBD<\/b>, appartenant \u00e0 la gamme exclusive <b>Cali Weed<\/b>. Une g\u00e9n\u00e9tique s\u00e9lectionn\u00e9e qui se distingue par l&#8217;offre de fleurs de grande qualit\u00e9 avec un profil aromatique inimitable.<\/p>\n<p>Les bourgeons de <b>Special Sauce CBD<\/b> pr\u00e9sentent un ton vert intense avec des nuances qui mettent en valeur leur bonne maturation. Leur structure est dense et compacte, le reflet d&#8217;une culture soign\u00e9e et d&#8217;un s\u00e9chage optimal, qui renforce tout leur caract\u00e8re aromatique.<\/p>\n<p>Son principal attrait r\u00e9side dans sa saveur <b>terp\u00e9nique et fruit\u00e9e<\/b>, une combinaison qui en fait l&#8217;une des vari\u00e9t\u00e9s les plus recherch\u00e9es par les amateurs de profils doux et frais. Un ar\u00f4me intense et naturel, avec des notes rappelant les fruits m\u00fbrs, offrant une exp\u00e9rience unique.<\/p>\n<p>La <b>Special Sauce CBD<\/b> est un hybride \u00e9quilibr\u00e9, id\u00e9al pour ceux qui recherchent un effet relaxant sans renoncer \u00e0 l&#8217;\u00e9nergie positive. Parfaite pour les moments de calme ou pour profiter d&#8217;une pause.<\/p>\n<p>Ces bourgeons de CBD proviennent de graines s\u00e9lectionn\u00e9es par l&#8217;UE et sont cultiv\u00e9s en int\u00e9rieur de mani\u00e8re <b>100% naturelle<\/b>, sans pesticides ni additifs, pr\u00e9servant toute la puret\u00e9 de la plante. Avec un niveau de CBD entre <b>12% et 14%<\/b> et moins de <b>0,20% de THC<\/b>, c&#8217;est un produit enti\u00e8rement l\u00e9gal dans toute l&#8217;Europe et sans effets psychoactifs.<\/p>\n<p>&nbsp;<\/p>\n<h2>Caract\u00e9ristiques de la Special Sauce CBD<\/h2>\n<p>&nbsp;<\/p>\n<ul>\n<li>Bourgeons de chanvre de premi\u00e8re qualit\u00e9<\/li>\n<li>Moins de 0,20% de THC<\/li>\n<li>Entre 12% et 14% de CBD<\/li>\n<li>Hybride<\/li>\n<li>Sans effets psychoactifs<\/li>\n<li>Cultiv\u00e9s de mani\u00e8re biologique<\/li>\n<li>Sans OGM<\/li>\n<li>Sans pesticides<\/li>\n<\/ul>\n<p>&nbsp;<\/p>\n<h2>Ar\u00f4me de la Special Sauce CBD<\/h2>\n<p>&nbsp;<\/p>\n<p>Les terp\u00e8nes, pr\u00e9sents dans la plupart des plantes et des fleurs, sont responsables de l&#8217;odeur et de la saveur. Dans le cas de la <b>Special Sauce CBD<\/b>, son profil se distingue par un ar\u00f4me <b>fruit\u00e9 et frais<\/b>, avec des notes douces qui invitent \u00e0 la relaxation. Un v\u00e9ritable d\u00e9lice au sein de la gamme Cali Weed.<\/p>\n<p>&nbsp;<\/p>\n<h2>Utilisateur cibl\u00e9<\/h2>\n<p>&nbsp;<\/p>\n<p>Les fleurs cultiv\u00e9es en int\u00e9rieur sont destin\u00e9es \u00e0 ceux qui recherchent une garantie de qualit\u00e9, car la culture en int\u00e9rieur permet de cr\u00e9er des fleurs homog\u00e8nes d&#8217;une couleur verte et \u00e0 forte concentration de CBD.<\/p>\n<p>La culture en int\u00e9rieur est, sans aucun doute, une mani\u00e8re beaucoup plus technique de cultiver, o\u00f9 l&#8217;on peut contr\u00f4ler l&#8217;environnement dans lequel une plante pousse pour obtenir les r\u00e9sultats pr\u00e9f\u00e9r\u00e9s par le cultivateur. C&#8217;est la m\u00e9thode favorite \u00e0 des fins m\u00e9dicinales, car de cette mani\u00e8re le contr\u00f4le du climat et de la lumi\u00e8re peut \u00eatre atteint, standardisant le produit autant que possible; il ne faut pas oublier que la variabilit\u00e9 en termes de pourcentage de CBD et d&#8217;autres cannabino\u00efdes d\u00e9pend beaucoup de l&#8217;environnement dans lequel il est cultiv\u00e9.<\/p>\n<p>Avec un contr\u00f4le climatique et nutritif, tant dans le support racinaire fourni que dans les heures de lumi\u00e8re, nous nous assurerons que le produit sera homog\u00e8ne et nous obtiendrons toujours une garantie de qualit\u00e9 avec les fleurs de CBD d&#8217;int\u00e9rieur. Du point de vue des consommateurs, l&#8217;int\u00e9rieur peut \u00eatre meilleur pour ce qui a \u00e9t\u00e9 mentionn\u00e9 pr\u00e9c\u00e9demment, une garantie de qualit\u00e9, et les fleurs de CBD d&#8217;int\u00e9rieur sont \u00e9galement connues pour leur apparence, normalement plus r\u00e9sineuse et d&#8217;une couleur verte plus vive.<\/p>\n<p>&nbsp;<\/p>\n<h2>Informations de s\u00e9curit\u00e9<\/h2>\n<p>&nbsp;<\/p>\n<p>Veuillez noter que les bourgeons de CBD de The Tree sont un produit d\u00e9coratif, de collection et aromatique. Ils ne doivent pas \u00eatre utilis\u00e9s pendant la grossesse ou l&#8217;allaitement. Tenir hors de port\u00e9e des enfants.<\/p>\n<p>Nos bourgeons de CBD peuvent contenir une certaine quantit\u00e9 de THC. Bien s\u00fbr, cela est en dessous de la limite de l&#8217;UE de 0,2% de THC.<\/p>\n<p>Le contenu fourni est \u00e0 des fins d&#8217;information et de formation uniquement et ne remplace en aucun cas un avis m\u00e9dical d&#8217;un m\u00e9decin ou d&#8217;un pharmacien. Nos textes ne sont pas destin\u00e9s au diagnostic et au traitement autonomes de maladies.<\/p>\n<p>N&#8217;h\u00e9sitez pas \u00e0 nous contacter si vous avez d&#8217;autres questions.<\/p>\n<p>&nbsp;<\/p>\n<h2>Stockage<\/h2>\n<p>&nbsp;<\/p>\n<p>Id\u00e9alement, les bourgeons de CBD de The Tree doivent \u00eatre stock\u00e9s dans un endroit frais et sec, \u00e0 l&#8217;abri de la lumi\u00e8re et des odeurs fortes pour \u00e9viter tout type de contamination et\/ou de d\u00e9gradation. \u00c9viter la lumi\u00e8re directe du soleil et la chaleur.<\/p>\n<p><b>Attention :<\/b> La dur\u00e9e de conservation indiqu\u00e9e est d&#8217;un mois si le produit est correctement stock\u00e9.<\/p>\n","protected":false},"excerpt":{"rendered":"<ul>\n<li>Bourgeons de chanvre de premi\u00e8re qualit\u00e9<\/li>\n<li>Moins de 0,20% de THC<\/li>\n<li>Entre 12% et 14% de CBD<\/li>\n<li>Hybride<\/li>\n<li>Sans effets psychoactifs<\/li>\n<li>Cultiv\u00e9s de mani\u00e8re biologique<\/li>\n<li>Sans OGM<\/li>\n<li>Sans pesticides<\/li>\n<\/ul>\n","protected":false},"featured_media":181382,"template":"","meta":{"_acf_changed":false},"product_brand":[],"class_list":{"0":"post-177206","1":"product","2":"type-product","3":"status-publish","4":"has-post-thumbnail","6":"product_cat-black-friday-cbd","7":"product_cat-indoor","8":"product_cat-fleurs-cbd","9":"product_cat-cbd-concentrees-10","11":"first","12":"instock","13":"taxable","14":"shipping-taxable","15":"purchasable","16":"product-type-variable"},"acf":[],"yoast_head":"<!-- This site is optimized with the Yoast SEO plugin v26.3 - https:\/\/yoast.com\/wordpress\/plugins\/seo\/ -->\n<title>Special Sauce CBD - The Tree CBD<\/title>\n<meta name=\"description\" content=\"Special Sauce, pure essence Cali de la part de The Tree CBD. Un v\u00e9ritable d\u00e9lice avec un pourcentage \u00e9lev\u00e9 de CBD. Essayez-la !\" \/>\n<meta name=\"robots\" content=\"index, follow, max-snippet:-1, max-image-preview:large, max-video-preview:-1\" \/>\n<link rel=\"canonical\" href=\"https:\/\/thetreecbd.com\/fr\/cbd\/special-sauce-cbd\" \/>\n<meta property=\"og:locale\" content=\"fr_FR\" \/>\n<meta property=\"og:type\" content=\"article\" \/>\n<meta property=\"og:title\" content=\"Special Sauce CBD - The Tree CBD\" \/>\n<meta property=\"og:description\" content=\"Special Sauce, pure essence Cali de la part de The Tree CBD. Un v\u00e9ritable d\u00e9lice avec un pourcentage \u00e9lev\u00e9 de CBD. Essayez-la !\" \/>\n<meta property=\"og:url\" content=\"https:\/\/thetreecbd.com\/fr\/cbd\/special-sauce-cbd\" \/>\n<meta property=\"og:site_name\" content=\"The Tree CBD\" \/>\n<meta property=\"article:publisher\" content=\"https:\/\/www.facebook.com\/thetreeCBD\/\" \/>\n<meta property=\"article:modified_time\" content=\"2025-12-02T00:37:49+00:00\" \/>\n<meta property=\"og:image\" content=\"https:\/\/thetreecbd.com\/wp-content\/uploads\/2025\/09\/Special-sauce-thetree-web.jpg\" \/>\n\t<meta property=\"og:image:width\" content=\"1080\" \/>\n\t<meta property=\"og:image:height\" content=\"1350\" \/>\n\t<meta property=\"og:image:type\" content=\"image\/jpeg\" \/>\n<meta name=\"twitter:card\" content=\"summary_large_image\" \/>\n<meta name=\"twitter:site\" content=\"@TheTreeCBD_EU\" \/>\n<meta name=\"twitter:label1\" content=\"Dur\u00e9e de lecture estim\u00e9e\" \/>\n\t<meta name=\"twitter:data1\" content=\"4 minutes\" \/>\n<script type=\"application\/ld+json\" class=\"yoast-schema-graph\">{\"@context\":\"https:\/\/schema.org\",\"@graph\":[{\"@type\":[\"WebPage\",\"ItemPage\"],\"@id\":\"https:\/\/thetreecbd.com\/fr\/cbd\/special-sauce-cbd\",\"url\":\"https:\/\/thetreecbd.com\/fr\/cbd\/special-sauce-cbd\",\"name\":\"Special Sauce CBD - The Tree CBD\",\"isPartOf\":{\"@id\":\"https:\/\/thetreecbd.com\/fr#website\"},\"primaryImageOfPage\":{\"@id\":\"https:\/\/thetreecbd.com\/fr\/cbd\/special-sauce-cbd#primaryimage\"},\"image\":{\"@id\":\"https:\/\/thetreecbd.com\/fr\/cbd\/special-sauce-cbd#primaryimage\"},\"thumbnailUrl\":\"https:\/\/thetreecbd.com\/wp-content\/uploads\/2025\/09\/Special-sauce-thetree-web.jpg\",\"datePublished\":\"2025-09-04T10:30:17+00:00\",\"dateModified\":\"2025-12-02T00:37:49+00:00\",\"description\":\"Special Sauce, pure essence Cali de la part de The Tree CBD. Un v\u00e9ritable d\u00e9lice avec un pourcentage \u00e9lev\u00e9 de CBD. Essayez-la !\",\"breadcrumb\":{\"@id\":\"https:\/\/thetreecbd.com\/fr\/cbd\/special-sauce-cbd#breadcrumb\"},\"inLanguage\":\"fr-FR\",\"potentialAction\":[{\"@type\":\"ReadAction\",\"target\":[\"https:\/\/thetreecbd.com\/fr\/cbd\/special-sauce-cbd\"]}]},{\"@type\":\"ImageObject\",\"inLanguage\":\"fr-FR\",\"@id\":\"https:\/\/thetreecbd.com\/fr\/cbd\/special-sauce-cbd#primaryimage\",\"url\":\"https:\/\/thetreecbd.com\/wp-content\/uploads\/2025\/09\/Special-sauce-thetree-web.jpg\",\"contentUrl\":\"https:\/\/thetreecbd.com\/wp-content\/uploads\/2025\/09\/Special-sauce-thetree-web.jpg\",\"width\":1080,\"height\":1350},{\"@type\":\"BreadcrumbList\",\"@id\":\"https:\/\/thetreecbd.com\/fr\/cbd\/special-sauce-cbd#breadcrumb\",\"itemListElement\":[{\"@type\":\"ListItem\",\"position\":1,\"name\":\"The Tree\",\"item\":\"https:\/\/thetreecbd.com\/fr\"},{\"@type\":\"ListItem\",\"position\":2,\"name\":\"CBD\",\"item\":\"https:\/\/thetreecbd.com\/es\/cbd\"},{\"@type\":\"ListItem\",\"position\":3,\"name\":\"Fleurs de chanvre. Fleurs de CBD\",\"item\":\"https:\/\/thetreecbd.com\/fr\/fleurs-cbd\"},{\"@type\":\"ListItem\",\"position\":4,\"name\":\"Fleurs de CBD d'int\u00e9rieur\",\"item\":\"https:\/\/thetreecbd.com\/fr\/fleurs-cbd\/indoor\"},{\"@type\":\"ListItem\",\"position\":5,\"name\":\"Special Sauce CBD\"}]},{\"@type\":\"WebSite\",\"@id\":\"https:\/\/thetreecbd.com\/fr#website\",\"url\":\"https:\/\/thetreecbd.com\/fr\",\"name\":\"The Tree CBD\",\"description\":\"Comprar CBD en Espa\u00f1a Online\",\"publisher\":{\"@id\":\"https:\/\/thetreecbd.com\/fr#organization\"},\"potentialAction\":[{\"@type\":\"SearchAction\",\"target\":{\"@type\":\"EntryPoint\",\"urlTemplate\":\"https:\/\/thetreecbd.com\/fr?s={search_term_string}\"},\"query-input\":{\"@type\":\"PropertyValueSpecification\",\"valueRequired\":true,\"valueName\":\"search_term_string\"}}],\"inLanguage\":\"fr-FR\"},{\"@type\":\"Organization\",\"@id\":\"https:\/\/thetreecbd.com\/fr#organization\",\"name\":\"The Tree CBD\",\"url\":\"https:\/\/thetreecbd.com\/fr\",\"logo\":{\"@type\":\"ImageObject\",\"inLanguage\":\"fr-FR\",\"@id\":\"https:\/\/thetreecbd.com\/fr#\/schema\/logo\/image\/\",\"url\":\"https:\/\/thetreecbd.com\/wp-content\/uploads\/2022\/04\/logo-thetree.png\",\"contentUrl\":\"https:\/\/thetreecbd.com\/wp-content\/uploads\/2022\/04\/logo-thetree.png\",\"width\":172,\"height\":55,\"caption\":\"The Tree CBD\"},\"image\":{\"@id\":\"https:\/\/thetreecbd.com\/fr#\/schema\/logo\/image\/\"},\"sameAs\":[\"https:\/\/www.facebook.com\/thetreeCBD\/\",\"https:\/\/x.com\/TheTreeCBD_EU\",\"https:\/\/www.instagram.com\/thetree.cbd\/\",\"https:\/\/es.trustpilot.com\/review\/thetreecbd.com\"]}]}<\/script>\n<!-- \/ Yoast SEO plugin. -->","yoast_head_json":{"title":"Special Sauce CBD - The Tree CBD","description":"Special Sauce, pure essence Cali de la part de The Tree CBD. Un v\u00e9ritable d\u00e9lice avec un pourcentage \u00e9lev\u00e9 de CBD. Essayez-la !","robots":{"index":"index","follow":"follow","max-snippet":"max-snippet:-1","max-image-preview":"max-image-preview:large","max-video-preview":"max-video-preview:-1"},"canonical":"https:\/\/thetreecbd.com\/fr\/cbd\/special-sauce-cbd","og_locale":"fr_FR","og_type":"article","og_title":"Special Sauce CBD - The Tree CBD","og_description":"Special Sauce, pure essence Cali de la part de The Tree CBD. Un v\u00e9ritable d\u00e9lice avec un pourcentage \u00e9lev\u00e9 de CBD. Essayez-la !","og_url":"https:\/\/thetreecbd.com\/fr\/cbd\/special-sauce-cbd","og_site_name":"The Tree CBD","article_publisher":"https:\/\/www.facebook.com\/thetreeCBD\/","article_modified_time":"2025-12-02T00:37:49+00:00","og_image":[{"width":1080,"height":1350,"url":"https:\/\/thetreecbd.com\/wp-content\/uploads\/2025\/09\/Special-sauce-thetree-web.jpg","type":"image\/jpeg"}],"twitter_card":"summary_large_image","twitter_site":"@TheTreeCBD_EU","twitter_misc":{"Dur\u00e9e de lecture estim\u00e9e":"4 minutes"},"schema":{"@context":"https:\/\/schema.org","@graph":[{"@type":["WebPage","ItemPage"],"@id":"https:\/\/thetreecbd.com\/fr\/cbd\/special-sauce-cbd","url":"https:\/\/thetreecbd.com\/fr\/cbd\/special-sauce-cbd","name":"Special Sauce CBD - The Tree CBD","isPartOf":{"@id":"https:\/\/thetreecbd.com\/fr#website"},"primaryImageOfPage":{"@id":"https:\/\/thetreecbd.com\/fr\/cbd\/special-sauce-cbd#primaryimage"},"image":{"@id":"https:\/\/thetreecbd.com\/fr\/cbd\/special-sauce-cbd#primaryimage"},"thumbnailUrl":"https:\/\/thetreecbd.com\/wp-content\/uploads\/2025\/09\/Special-sauce-thetree-web.jpg","datePublished":"2025-09-04T10:30:17+00:00","dateModified":"2025-12-02T00:37:49+00:00","description":"Special Sauce, pure essence Cali de la part de The Tree CBD. Un v\u00e9ritable d\u00e9lice avec un pourcentage \u00e9lev\u00e9 de CBD. Essayez-la !","breadcrumb":{"@id":"https:\/\/thetreecbd.com\/fr\/cbd\/special-sauce-cbd#breadcrumb"},"inLanguage":"fr-FR","potentialAction":[{"@type":"ReadAction","target":["https:\/\/thetreecbd.com\/fr\/cbd\/special-sauce-cbd"]}]},{"@type":"ImageObject","inLanguage":"fr-FR","@id":"https:\/\/thetreecbd.com\/fr\/cbd\/special-sauce-cbd#primaryimage","url":"https:\/\/thetreecbd.com\/wp-content\/uploads\/2025\/09\/Special-sauce-thetree-web.jpg","contentUrl":"https:\/\/thetreecbd.com\/wp-content\/uploads\/2025\/09\/Special-sauce-thetree-web.jpg","width":1080,"height":1350},{"@type":"BreadcrumbList","@id":"https:\/\/thetreecbd.com\/fr\/cbd\/special-sauce-cbd#breadcrumb","itemListElement":[{"@type":"ListItem","position":1,"name":"The Tree","item":"https:\/\/thetreecbd.com\/fr"},{"@type":"ListItem","position":2,"name":"CBD","item":"https:\/\/thetreecbd.com\/es\/cbd"},{"@type":"ListItem","position":3,"name":"Fleurs de chanvre. Fleurs de CBD","item":"https:\/\/thetreecbd.com\/fr\/fleurs-cbd"},{"@type":"ListItem","position":4,"name":"Fleurs de CBD d'int\u00e9rieur","item":"https:\/\/thetreecbd.com\/fr\/fleurs-cbd\/indoor"},{"@type":"ListItem","position":5,"name":"Special Sauce CBD"}]},{"@type":"WebSite","@id":"https:\/\/thetreecbd.com\/fr#website","url":"https:\/\/thetreecbd.com\/fr","name":"The Tree CBD","description":"Comprar CBD en Espa\u00f1a Online","publisher":{"@id":"https:\/\/thetreecbd.com\/fr#organization"},"potentialAction":[{"@type":"SearchAction","target":{"@type":"EntryPoint","urlTemplate":"https:\/\/thetreecbd.com\/fr?s={search_term_string}"},"query-input":{"@type":"PropertyValueSpecification","valueRequired":true,"valueName":"search_term_string"}}],"inLanguage":"fr-FR"},{"@type":"Organization","@id":"https:\/\/thetreecbd.com\/fr#organization","name":"The Tree CBD","url":"https:\/\/thetreecbd.com\/fr","logo":{"@type":"ImageObject","inLanguage":"fr-FR","@id":"https:\/\/thetreecbd.com\/fr#\/schema\/logo\/image\/","url":"https:\/\/thetreecbd.com\/wp-content\/uploads\/2022\/04\/logo-thetree.png","contentUrl":"https:\/\/thetreecbd.com\/wp-content\/uploads\/2022\/04\/logo-thetree.png","width":172,"height":55,"caption":"The Tree CBD"},"image":{"@id":"https:\/\/thetreecbd.com\/fr#\/schema\/logo\/image\/"},"sameAs":["https:\/\/www.facebook.com\/thetreeCBD\/","https:\/\/x.com\/TheTreeCBD_EU","https:\/\/www.instagram.com\/thetree.cbd\/","https:\/\/es.trustpilot.com\/review\/thetreecbd.com"]}]}},"_links":{"self":[{"href":"https:\/\/thetreecbd.com\/fr\/wp-json\/wp\/v2\/product\/177206","targetHints":{"allow":["GET"]}}],"collection":[{"href":"https:\/\/thetreecbd.com\/fr\/wp-json\/wp\/v2\/product"}],"about":[{"href":"https:\/\/thetreecbd.com\/fr\/wp-json\/wp\/v2\/types\/product"}],"version-history":[{"count":0,"href":"https:\/\/thetreecbd.com\/fr\/wp-json\/wp\/v2\/product\/177206\/revisions"}],"wp:featuredmedia":[{"embeddable":true,"href":"https:\/\/thetreecbd.com\/fr\/wp-json\/wp\/v2\/media\/181382"}],"wp:attachment":[{"href":"https:\/\/thetreecbd.com\/fr\/wp-json\/wp\/v2\/media?parent=177206"}],"wp:term":[{"taxonomy":"product_brand","embeddable":true,"href":"https:\/\/thetreecbd.com\/fr\/wp-json\/wp\/v2\/product_brand?post=177206"}],"curies":[{"name":"wp","href":"https:\/\/api.w.org\/{rel}","templated":true}]}}