{"id":179468,"date":"2025-10-01T13:54:17","date_gmt":"2025-10-01T11:54:17","guid":{"rendered":"https:\/\/thetreecbd.com\/?post_type=product&#038;p=179468"},"modified":"2025-10-01T13:57:09","modified_gmt":"2025-10-01T11:57:09","slug":"pack-bien-etre-integral-miel-fresh-kase-infusions-bio-complements-fonctionnels-aux-champignons","status":"publish","type":"product","link":"https:\/\/thetreecbd.com\/fr\/cbd\/pack-bien-etre-integral-miel-fresh-kase-infusions-bio-complements-fonctionnels-aux-champignons","title":{"rendered":"Pack Bien-\u00eatre Int\u00e9gral : Miel Fresh Kase + Infusions Bio + Compl\u00e9ments Fonctionnels aux Champignons"},"content":{"rendered":"<p>Le <strong>Pack Bien-\u00eatre Int\u00e9gral<\/strong> de The Tree CBD r\u00e9unit le meilleur de la nature dans un seul coffret : la douceur nourrissante du <strong>Miel Fresh Kase<\/strong>, la richesse aromatique de nos <strong>infusions de chanvre bio<\/strong>, et la puissance adaptog\u00e8ne de nos <strong>compl\u00e9ments fonctionnels \u00e0 base de champignons<\/strong> (Crini\u00e8re de Lion, Reishi et Cordyceps). Une s\u00e9lection unique pour ceux qui recherchent \u00e9quilibre, \u00e9nergie et bien-\u00eatre naturel au quotidien.<\/p>\n<p>&nbsp;<\/p>\n<ul>\n<li><strong>Miel Fresh Kase<\/strong> : \u00e9labor\u00e9 \u00e0 partir de miel de fleurs sauvages biologiques infus\u00e9 \u00e0 l\u2019huile de graines de chanvre. Une \u00e9dition sp\u00e9ciale en collaboration avec Kase.O qui allie saveur, art et bien-\u00eatre.<\/li>\n<li><strong>Infusions Bio<\/strong> : Sweet Kase, CannaCalm, HempLicious et ChillOut. Toutes certifi\u00e9es ECO, pr\u00e9par\u00e9es avec des herbes et du chanvre issus de cultures durables, con\u00e7ues pour d\u00e9tendre, \u00e9quilibrer et enrichir vos rituels bien-\u00eatre.<\/li>\n<li><strong>Compl\u00e9ments Fonctionnels aux Champignons<\/strong> : Crini\u00e8re de Lion, Reishi et Cordyceps. Trois adaptog\u00e8nes biologiques, v\u00e9ganes et sans OGM, destin\u00e9s \u00e0 soutenir la m\u00e9moire et la concentration, renforcer le syst\u00e8me immunitaire et augmenter naturellement \u00e9nergie et vitalit\u00e9.<\/li>\n<\/ul>\n<p>Avec ce pack, profitez d\u2019une exp\u00e9rience de bien-\u00eatre int\u00e9grale qui allie nutrition, s\u00e9r\u00e9nit\u00e9 et \u00e9nergie, toujours selon les standards de qualit\u00e9 et de durabilit\u00e9 les plus exigeants de The Tree.<\/p>\n","protected":false},"excerpt":{"rendered":"<ul>\n<li><strong>Miel Fresh Kase<\/strong> : \u00e9labor\u00e9 \u00e0 partir de miel de fleurs sauvages biologiques infus\u00e9 \u00e0 l\u2019huile de graines de chanvre. Une \u00e9dition sp\u00e9ciale en collaboration avec Kase.O qui allie saveur, art et bien-\u00eatre.<\/li>\n<li><strong>Infusions Bio<\/strong> : Sweet Kase, CannaCalm, HempLicious et ChillOut. Toutes certifi\u00e9es ECO, pr\u00e9par\u00e9es avec des herbes et du chanvre issus de cultures durables, con\u00e7ues pour d\u00e9tendre, \u00e9quilibrer et enrichir vos rituels bien-\u00eatre.<\/li>\n<li><strong>Compl\u00e9ments Fonctionnels aux Champignons<\/strong> : Crini\u00e8re de Lion, Reishi et Cordyceps. Trois adaptog\u00e8nes biologiques, v\u00e9ganes et sans OGM, destin\u00e9s \u00e0 soutenir la m\u00e9moire et la concentration, renforcer le syst\u00e8me immunitaire et augmenter naturellement \u00e9nergie et vitalit\u00e9.<\/li>\n<\/ul>\n","protected":false},"featured_media":179444,"template":"","meta":{"_acf_changed":false},"product_brand":[],"class_list":{"0":"post-179468","1":"product","2":"type-product","3":"status-publish","4":"has-post-thumbnail","6":"product_cat-infusions-chanvre","7":"product_cat-miel-fr","8":"product_cat-nourriture-et-boissons","9":"product_cat-packs-cbd","10":"product_cat-shrooms-fr","11":"product_cat-spray-cbd","13":"first","14":"instock","15":"taxable","16":"shipping-taxable","17":"purchasable","18":"product-type-variable"},"acf":[],"yoast_head":"<!-- This site is optimized with the Yoast SEO plugin v26.3 - https:\/\/yoast.com\/wordpress\/plugins\/seo\/ -->\n<title>Pack bienestar integral: Miel+Infusi\u00f3n+Shrooms - The Tree CBD<\/title>\n<meta name=\"description\" content=\"Le Pack Bien-\u00eatre Int\u00e9gral de The Tree CBD r\u00e9unit le meilleur de la nature en un seul ensemble. \u00c9quilibre, \u00e9nergie et soin naturel pour votre quotidien.\" \/>\n<meta name=\"robots\" content=\"index, follow, max-snippet:-1, max-image-preview:large, max-video-preview:-1\" \/>\n<link rel=\"canonical\" href=\"https:\/\/thetreecbd.com\/fr\/cbd\/pack-bien-etre-integral-miel-fresh-kase-infusions-bio-complements-fonctionnels-aux-champignons\" \/>\n<meta property=\"og:locale\" content=\"fr_FR\" \/>\n<meta property=\"og:type\" content=\"article\" \/>\n<meta property=\"og:title\" content=\"Pack bienestar integral: Miel+Infusi\u00f3n+Shrooms - The Tree CBD\" \/>\n<meta property=\"og:description\" content=\"Le Pack Bien-\u00eatre Int\u00e9gral de The Tree CBD r\u00e9unit le meilleur de la nature en un seul ensemble. \u00c9quilibre, \u00e9nergie et soin naturel pour votre quotidien.\" \/>\n<meta property=\"og:url\" content=\"https:\/\/thetreecbd.com\/fr\/cbd\/pack-bien-etre-integral-miel-fresh-kase-infusions-bio-complements-fonctionnels-aux-champignons\" \/>\n<meta property=\"og:site_name\" content=\"The Tree CBD\" \/>\n<meta property=\"article:publisher\" content=\"https:\/\/www.facebook.com\/thetreeCBD\/\" \/>\n<meta property=\"article:modified_time\" content=\"2025-10-01T11:57:09+00:00\" \/>\n<meta property=\"og:image\" content=\"https:\/\/thetreecbd.com\/wp-content\/uploads\/2025\/09\/mielinfusetas.jpg\" \/>\n\t<meta property=\"og:image:width\" content=\"1080\" \/>\n\t<meta property=\"og:image:height\" content=\"1350\" \/>\n\t<meta property=\"og:image:type\" content=\"image\/jpeg\" \/>\n<meta name=\"twitter:card\" content=\"summary_large_image\" \/>\n<meta name=\"twitter:site\" content=\"@TheTreeCBD_EU\" \/>\n<meta name=\"twitter:label1\" content=\"Dur\u00e9e de lecture estim\u00e9e\" \/>\n\t<meta name=\"twitter:data1\" content=\"1 minute\" \/>\n<script type=\"application\/ld+json\" class=\"yoast-schema-graph\">{\"@context\":\"https:\/\/schema.org\",\"@graph\":[{\"@type\":[\"WebPage\",\"ItemPage\"],\"@id\":\"https:\/\/thetreecbd.com\/fr\/cbd\/pack-bien-etre-integral-miel-fresh-kase-infusions-bio-complements-fonctionnels-aux-champignons\",\"url\":\"https:\/\/thetreecbd.com\/fr\/cbd\/pack-bien-etre-integral-miel-fresh-kase-infusions-bio-complements-fonctionnels-aux-champignons\",\"name\":\"Pack bienestar integral: Miel+Infusi\u00f3n+Shrooms - The Tree CBD\",\"isPartOf\":{\"@id\":\"https:\/\/thetreecbd.com\/fr#website\"},\"primaryImageOfPage\":{\"@id\":\"https:\/\/thetreecbd.com\/fr\/cbd\/pack-bien-etre-integral-miel-fresh-kase-infusions-bio-complements-fonctionnels-aux-champignons#primaryimage\"},\"image\":{\"@id\":\"https:\/\/thetreecbd.com\/fr\/cbd\/pack-bien-etre-integral-miel-fresh-kase-infusions-bio-complements-fonctionnels-aux-champignons#primaryimage\"},\"thumbnailUrl\":\"https:\/\/thetreecbd.com\/wp-content\/uploads\/2025\/09\/mielinfusetas.jpg\",\"datePublished\":\"2025-10-01T11:54:17+00:00\",\"dateModified\":\"2025-10-01T11:57:09+00:00\",\"description\":\"Le Pack Bien-\u00eatre Int\u00e9gral de The Tree CBD r\u00e9unit le meilleur de la nature en un seul ensemble. \u00c9quilibre, \u00e9nergie et soin naturel pour votre quotidien.\",\"breadcrumb\":{\"@id\":\"https:\/\/thetreecbd.com\/fr\/cbd\/pack-bien-etre-integral-miel-fresh-kase-infusions-bio-complements-fonctionnels-aux-champignons#breadcrumb\"},\"inLanguage\":\"fr-FR\",\"potentialAction\":[{\"@type\":\"ReadAction\",\"target\":[\"https:\/\/thetreecbd.com\/fr\/cbd\/pack-bien-etre-integral-miel-fresh-kase-infusions-bio-complements-fonctionnels-aux-champignons\"]}]},{\"@type\":\"ImageObject\",\"inLanguage\":\"fr-FR\",\"@id\":\"https:\/\/thetreecbd.com\/fr\/cbd\/pack-bien-etre-integral-miel-fresh-kase-infusions-bio-complements-fonctionnels-aux-champignons#primaryimage\",\"url\":\"https:\/\/thetreecbd.com\/wp-content\/uploads\/2025\/09\/mielinfusetas.jpg\",\"contentUrl\":\"https:\/\/thetreecbd.com\/wp-content\/uploads\/2025\/09\/mielinfusetas.jpg\",\"width\":1080,\"height\":1350},{\"@type\":\"BreadcrumbList\",\"@id\":\"https:\/\/thetreecbd.com\/fr\/cbd\/pack-bien-etre-integral-miel-fresh-kase-infusions-bio-complements-fonctionnels-aux-champignons#breadcrumb\",\"itemListElement\":[{\"@type\":\"ListItem\",\"position\":1,\"name\":\"The Tree\",\"item\":\"https:\/\/thetreecbd.com\/fr\"},{\"@type\":\"ListItem\",\"position\":2,\"name\":\"CBD\",\"item\":\"https:\/\/thetreecbd.com\/es\/cbd\"},{\"@type\":\"ListItem\",\"position\":3,\"name\":\"Infusions de chanvre\",\"item\":\"https:\/\/thetreecbd.com\/fr\/infusions-chanvre\"},{\"@type\":\"ListItem\",\"position\":4,\"name\":\"Pack Bien-\u00eatre Int\u00e9gral : Miel Fresh Kase + Infusions Bio + Compl\u00e9ments Fonctionnels aux Champignons\"}]},{\"@type\":\"WebSite\",\"@id\":\"https:\/\/thetreecbd.com\/fr#website\",\"url\":\"https:\/\/thetreecbd.com\/fr\",\"name\":\"The Tree CBD\",\"description\":\"Comprar CBD en Espa\u00f1a Online\",\"publisher\":{\"@id\":\"https:\/\/thetreecbd.com\/fr#organization\"},\"potentialAction\":[{\"@type\":\"SearchAction\",\"target\":{\"@type\":\"EntryPoint\",\"urlTemplate\":\"https:\/\/thetreecbd.com\/fr?s={search_term_string}\"},\"query-input\":{\"@type\":\"PropertyValueSpecification\",\"valueRequired\":true,\"valueName\":\"search_term_string\"}}],\"inLanguage\":\"fr-FR\"},{\"@type\":\"Organization\",\"@id\":\"https:\/\/thetreecbd.com\/fr#organization\",\"name\":\"The Tree CBD\",\"url\":\"https:\/\/thetreecbd.com\/fr\",\"logo\":{\"@type\":\"ImageObject\",\"inLanguage\":\"fr-FR\",\"@id\":\"https:\/\/thetreecbd.com\/fr#\/schema\/logo\/image\/\",\"url\":\"https:\/\/thetreecbd.com\/wp-content\/uploads\/2022\/04\/logo-thetree.png\",\"contentUrl\":\"https:\/\/thetreecbd.com\/wp-content\/uploads\/2022\/04\/logo-thetree.png\",\"width\":172,\"height\":55,\"caption\":\"The Tree CBD\"},\"image\":{\"@id\":\"https:\/\/thetreecbd.com\/fr#\/schema\/logo\/image\/\"},\"sameAs\":[\"https:\/\/www.facebook.com\/thetreeCBD\/\",\"https:\/\/x.com\/TheTreeCBD_EU\",\"https:\/\/www.instagram.com\/thetree.cbd\/\",\"https:\/\/es.trustpilot.com\/review\/thetreecbd.com\"]}]}<\/script>\n<!-- \/ Yoast SEO plugin. -->","yoast_head_json":{"title":"Pack bienestar integral: Miel+Infusi\u00f3n+Shrooms - The Tree CBD","description":"Le Pack Bien-\u00eatre Int\u00e9gral de The Tree CBD r\u00e9unit le meilleur de la nature en un seul ensemble. \u00c9quilibre, \u00e9nergie et soin naturel pour votre quotidien.","robots":{"index":"index","follow":"follow","max-snippet":"max-snippet:-1","max-image-preview":"max-image-preview:large","max-video-preview":"max-video-preview:-1"},"canonical":"https:\/\/thetreecbd.com\/fr\/cbd\/pack-bien-etre-integral-miel-fresh-kase-infusions-bio-complements-fonctionnels-aux-champignons","og_locale":"fr_FR","og_type":"article","og_title":"Pack bienestar integral: Miel+Infusi\u00f3n+Shrooms - The Tree CBD","og_description":"Le Pack Bien-\u00eatre Int\u00e9gral de The Tree CBD r\u00e9unit le meilleur de la nature en un seul ensemble. \u00c9quilibre, \u00e9nergie et soin naturel pour votre quotidien.","og_url":"https:\/\/thetreecbd.com\/fr\/cbd\/pack-bien-etre-integral-miel-fresh-kase-infusions-bio-complements-fonctionnels-aux-champignons","og_site_name":"The Tree CBD","article_publisher":"https:\/\/www.facebook.com\/thetreeCBD\/","article_modified_time":"2025-10-01T11:57:09+00:00","og_image":[{"width":1080,"height":1350,"url":"https:\/\/thetreecbd.com\/wp-content\/uploads\/2025\/09\/mielinfusetas.jpg","type":"image\/jpeg"}],"twitter_card":"summary_large_image","twitter_site":"@TheTreeCBD_EU","twitter_misc":{"Dur\u00e9e de lecture estim\u00e9e":"1 minute"},"schema":{"@context":"https:\/\/schema.org","@graph":[{"@type":["WebPage","ItemPage"],"@id":"https:\/\/thetreecbd.com\/fr\/cbd\/pack-bien-etre-integral-miel-fresh-kase-infusions-bio-complements-fonctionnels-aux-champignons","url":"https:\/\/thetreecbd.com\/fr\/cbd\/pack-bien-etre-integral-miel-fresh-kase-infusions-bio-complements-fonctionnels-aux-champignons","name":"Pack bienestar integral: Miel+Infusi\u00f3n+Shrooms - The Tree CBD","isPartOf":{"@id":"https:\/\/thetreecbd.com\/fr#website"},"primaryImageOfPage":{"@id":"https:\/\/thetreecbd.com\/fr\/cbd\/pack-bien-etre-integral-miel-fresh-kase-infusions-bio-complements-fonctionnels-aux-champignons#primaryimage"},"image":{"@id":"https:\/\/thetreecbd.com\/fr\/cbd\/pack-bien-etre-integral-miel-fresh-kase-infusions-bio-complements-fonctionnels-aux-champignons#primaryimage"},"thumbnailUrl":"https:\/\/thetreecbd.com\/wp-content\/uploads\/2025\/09\/mielinfusetas.jpg","datePublished":"2025-10-01T11:54:17+00:00","dateModified":"2025-10-01T11:57:09+00:00","description":"Le Pack Bien-\u00eatre Int\u00e9gral de The Tree CBD r\u00e9unit le meilleur de la nature en un seul ensemble. \u00c9quilibre, \u00e9nergie et soin naturel pour votre quotidien.","breadcrumb":{"@id":"https:\/\/thetreecbd.com\/fr\/cbd\/pack-bien-etre-integral-miel-fresh-kase-infusions-bio-complements-fonctionnels-aux-champignons#breadcrumb"},"inLanguage":"fr-FR","potentialAction":[{"@type":"ReadAction","target":["https:\/\/thetreecbd.com\/fr\/cbd\/pack-bien-etre-integral-miel-fresh-kase-infusions-bio-complements-fonctionnels-aux-champignons"]}]},{"@type":"ImageObject","inLanguage":"fr-FR","@id":"https:\/\/thetreecbd.com\/fr\/cbd\/pack-bien-etre-integral-miel-fresh-kase-infusions-bio-complements-fonctionnels-aux-champignons#primaryimage","url":"https:\/\/thetreecbd.com\/wp-content\/uploads\/2025\/09\/mielinfusetas.jpg","contentUrl":"https:\/\/thetreecbd.com\/wp-content\/uploads\/2025\/09\/mielinfusetas.jpg","width":1080,"height":1350},{"@type":"BreadcrumbList","@id":"https:\/\/thetreecbd.com\/fr\/cbd\/pack-bien-etre-integral-miel-fresh-kase-infusions-bio-complements-fonctionnels-aux-champignons#breadcrumb","itemListElement":[{"@type":"ListItem","position":1,"name":"The Tree","item":"https:\/\/thetreecbd.com\/fr"},{"@type":"ListItem","position":2,"name":"CBD","item":"https:\/\/thetreecbd.com\/es\/cbd"},{"@type":"ListItem","position":3,"name":"Infusions de chanvre","item":"https:\/\/thetreecbd.com\/fr\/infusions-chanvre"},{"@type":"ListItem","position":4,"name":"Pack Bien-\u00eatre Int\u00e9gral : Miel Fresh Kase + Infusions Bio + Compl\u00e9ments Fonctionnels aux Champignons"}]},{"@type":"WebSite","@id":"https:\/\/thetreecbd.com\/fr#website","url":"https:\/\/thetreecbd.com\/fr","name":"The Tree CBD","description":"Comprar CBD en Espa\u00f1a Online","publisher":{"@id":"https:\/\/thetreecbd.com\/fr#organization"},"potentialAction":[{"@type":"SearchAction","target":{"@type":"EntryPoint","urlTemplate":"https:\/\/thetreecbd.com\/fr?s={search_term_string}"},"query-input":{"@type":"PropertyValueSpecification","valueRequired":true,"valueName":"search_term_string"}}],"inLanguage":"fr-FR"},{"@type":"Organization","@id":"https:\/\/thetreecbd.com\/fr#organization","name":"The Tree CBD","url":"https:\/\/thetreecbd.com\/fr","logo":{"@type":"ImageObject","inLanguage":"fr-FR","@id":"https:\/\/thetreecbd.com\/fr#\/schema\/logo\/image\/","url":"https:\/\/thetreecbd.com\/wp-content\/uploads\/2022\/04\/logo-thetree.png","contentUrl":"https:\/\/thetreecbd.com\/wp-content\/uploads\/2022\/04\/logo-thetree.png","width":172,"height":55,"caption":"The Tree CBD"},"image":{"@id":"https:\/\/thetreecbd.com\/fr#\/schema\/logo\/image\/"},"sameAs":["https:\/\/www.facebook.com\/thetreeCBD\/","https:\/\/x.com\/TheTreeCBD_EU","https:\/\/www.instagram.com\/thetree.cbd\/","https:\/\/es.trustpilot.com\/review\/thetreecbd.com"]}]}},"_links":{"self":[{"href":"https:\/\/thetreecbd.com\/fr\/wp-json\/wp\/v2\/product\/179468","targetHints":{"allow":["GET"]}}],"collection":[{"href":"https:\/\/thetreecbd.com\/fr\/wp-json\/wp\/v2\/product"}],"about":[{"href":"https:\/\/thetreecbd.com\/fr\/wp-json\/wp\/v2\/types\/product"}],"version-history":[{"count":0,"href":"https:\/\/thetreecbd.com\/fr\/wp-json\/wp\/v2\/product\/179468\/revisions"}],"wp:featuredmedia":[{"embeddable":true,"href":"https:\/\/thetreecbd.com\/fr\/wp-json\/wp\/v2\/media\/179444"}],"wp:attachment":[{"href":"https:\/\/thetreecbd.com\/fr\/wp-json\/wp\/v2\/media?parent=179468"}],"wp:term":[{"taxonomy":"product_brand","embeddable":true,"href":"https:\/\/thetreecbd.com\/fr\/wp-json\/wp\/v2\/product_brand?post=179468"}],"curies":[{"name":"wp","href":"https:\/\/api.w.org\/{rel}","templated":true}]}}