{"id":181735,"date":"2025-10-29T11:25:42","date_gmt":"2025-10-29T10:25:42","guid":{"rendered":"https:\/\/thetreecbd.com\/?post_type=product&#038;p=181735"},"modified":"2025-12-09T17:06:30","modified_gmt":"2025-12-09T16:06:30","slug":"tangie-banangi-cbd","status":"publish","type":"product","link":"https:\/\/thetreecbd.com\/fr\/cbd\/tangie-banangi-cbd","title":{"rendered":"Tangie Banangi CBD"},"content":{"rendered":"<p>The Tree CBD vous pr\u00e9sente <b>Tangie Banangi CBD<\/b>, une fleur l\u00e9gale premium qui combine le meilleur des g\u00e9n\u00e9tiques <b>Tangie x Sour Diesel<\/b>, donnant naissance \u00e0 une vari\u00e9t\u00e9 <b>80 % sativa \/ 20 % indica<\/b> avec un profil aromatique vibrant et stimulant.<\/p>\n<p>Cultiv\u00e9e <b>100 % naturellement (outdoor)<\/b>, sans additifs ni pesticides, cette fleur offre une exp\u00e9rience authentique et fra\u00eeche, con\u00e7ue pour ceux qui recherchent <b>clart\u00e9 mentale, \u00e9nergie et bien-\u00eatre<\/b>, sans effets psychoactifs.<\/p>\n<p>&nbsp;<\/p>\n<h3><b>Ar\u00f4me et Saveur<\/b><\/h3>\n<p>Elle se distingue par son <b>ar\u00f4me intense d&#8217;agrumes<\/b>, avec des notes de <b>mandarine et d&#8217;orange<\/b> qui se m\u00e9langent \u00e0 de l\u00e9g\u00e8res nuances <b>terreuses et douces<\/b>, cr\u00e9ant un profil aromatique complexe mais \u00e9quilibr\u00e9.<\/p>\n<p>Son terp\u00e8ne dominant, le <b>myrc\u00e8ne<\/b>, apporte profondeur et douceur, tandis que le <b>limon\u00e8ne<\/b> renforce sa fra\u00eecheur et son caract\u00e8re stimulant.<\/p>\n<p>Le r\u00e9sultat est une fleur pleine de personnalit\u00e9 : <b>fruit\u00e9e, brillante et avec une touche gazeuse subtile<\/b>, parfaite pour accompagner des moments de <b>cr\u00e9ativit\u00e9 ou de concentration<\/b>.<\/p>\n<p>&nbsp;<\/p>\n<h3><b>Effets et Sensations<\/b><\/h3>\n<p>Gr\u00e2ce \u00e0 sa g\u00e9n\u00e9tique sativa dominante, <b>Tangie Banangi CBD<\/b> procure un effet <b>l\u00e9g\u00e8rement \u00e9nergisant et positif<\/b>, id\u00e9al pour une utilisation pendant la journ\u00e9e.<\/p>\n<p>Elle aide \u00e0 <b>am\u00e9liorer la concentration et l&#8217;humeur<\/b>, sans perturber le calme int\u00e9rieur, offrant une sensation naturelle d&#8217;<b>\u00e9quilibre et de bien-\u00eatre<\/b>.<\/p>\n<p>&nbsp;<\/p>\n<h3><b>Caract\u00e9ristiques du Cannabis L\u00e9gal Tangie Banangi CBD<\/b><\/h3>\n<ul>\n<li>Fleurs de chanvre<\/li>\n<li>Entre <b>11 % et 13 % de CBD<\/b><\/li>\n<li>Moins de <b>0,20 % de THC<\/b><\/li>\n<li>G\u00e9n\u00e9tique : <b>Tangie x Sour Diesel<\/b><\/li>\n<li><b>80 % Sativa \/ 20 % Indica<\/b><\/li>\n<li>Cultiv\u00e9e de mani\u00e8re biologique (<b>outdoor<\/b>)<\/li>\n<li><b>Sans effets psychoactifs<\/b><\/li>\n<li><b>Sans OGM ni pesticides<\/b><\/li>\n<\/ul>\n<p>&nbsp;<\/p>\n<h3><b>Apparence<\/b><\/h3>\n<p>Les bourgeons de <b>Tangie Banangi CBD<\/b> pr\u00e9sentent une couleur <b>vert olive clair<\/b> avec des pistils <b>orang\u00e9s et brillants<\/b>, recouverts d&#8217;une fine couche de <b>trichomes<\/b> qui leur conf\u00e8rent une texture l\u00e9g\u00e8rement collante et un aspect cristallin.<\/p>\n<p>Comme toutes les fleurs de The Tree CBD, <b>Tangie Banangi CBD<\/b> contient <b>moins de 0,20 % de THC<\/b>, conform\u00e9ment \u00e0 la r\u00e9glementation europ\u00e9enne en vigueur. Elle est <b>100 % l\u00e9gale dans toute l&#8217;Europe<\/b> et totalement <b>exempte de m\u00e9taux lourds, d&#8217;additifs et de pesticides<\/b>.<\/p>\n","protected":false},"excerpt":{"rendered":"<h3><b>Caract\u00e9ristiques du Cannabis L\u00e9gal Tangie Banangi CBD<\/b><\/h3>\n<ul>\n<li>Emballage officiel en f\u00e9vrier ; envoi temporaire avec un emballage g\u00e9n\u00e9rique.Fleurs de chanvre<\/li>\n<li>Entre <b>11 % et 13 % de CBD<\/b><\/li>\n<li>Moins de <b>0,20 % de THC<\/b><\/li>\n<li>G\u00e9n\u00e9tique : <b>Tangie x Sour Diesel<\/b><\/li>\n<li><b>80 % Sativa \/ 20 % Indica<\/b><\/li>\n<li>Cultiv\u00e9e de mani\u00e8re biologique (<b>outdoor<\/b>)<\/li>\n<li><b>Sans effets psychoactifs<\/b><\/li>\n<li><b>Sans OGM ni pesticides<\/b><\/li>\n<\/ul>\n","protected":false},"featured_media":181701,"template":"","meta":{"_acf_changed":false},"product_brand":[],"class_list":{"0":"post-181735","1":"product","2":"type-product","3":"status-publish","4":"has-post-thumbnail","6":"product_cat-outdoor","7":"product_cat-fleurs-cbd","9":"first","10":"instock","11":"taxable","12":"shipping-taxable","13":"purchasable","14":"product-type-variable"},"acf":[],"yoast_head":"<!-- This site is optimized with the Yoast SEO plugin v26.3 - https:\/\/yoast.com\/wordpress\/plugins\/seo\/ -->\n<title>Tangie Banangi CBD - The Tree CBD<\/title>\n<meta name=\"description\" content=\"The Tree CBD vous pr\u00e9sente Tangie Banangi CBD, le meilleur des g\u00e9n\u00e9tiques Tangie x Sour Diesel, 80 % sativa \/ 20 % indica, un ar\u00f4me vibrant et stimulant.\" \/>\n<meta name=\"robots\" content=\"index, follow, max-snippet:-1, max-image-preview:large, max-video-preview:-1\" \/>\n<link rel=\"canonical\" href=\"https:\/\/thetreecbd.com\/fr\/cbd\/tangie-banangi-cbd\" \/>\n<meta property=\"og:locale\" content=\"fr_FR\" \/>\n<meta property=\"og:type\" content=\"article\" \/>\n<meta property=\"og:title\" content=\"Tangie Banangi CBD - The Tree CBD\" \/>\n<meta property=\"og:description\" content=\"The Tree CBD vous pr\u00e9sente Tangie Banangi CBD, le meilleur des g\u00e9n\u00e9tiques Tangie x Sour Diesel, 80 % sativa \/ 20 % indica, un ar\u00f4me vibrant et stimulant.\" \/>\n<meta property=\"og:url\" content=\"https:\/\/thetreecbd.com\/fr\/cbd\/tangie-banangi-cbd\" \/>\n<meta property=\"og:site_name\" content=\"The Tree CBD\" \/>\n<meta property=\"article:publisher\" content=\"https:\/\/www.facebook.com\/thetreeCBD\/\" \/>\n<meta property=\"article:modified_time\" content=\"2025-12-09T16:06:30+00:00\" \/>\n<meta property=\"og:image\" content=\"https:\/\/thetreecbd.com\/wp-content\/uploads\/2025\/10\/1-1.jpg\" \/>\n\t<meta property=\"og:image:width\" content=\"1080\" \/>\n\t<meta property=\"og:image:height\" content=\"1350\" \/>\n\t<meta property=\"og:image:type\" content=\"image\/jpeg\" \/>\n<meta name=\"twitter:card\" content=\"summary_large_image\" \/>\n<meta name=\"twitter:site\" content=\"@TheTreeCBD_EU\" \/>\n<meta name=\"twitter:label1\" content=\"Dur\u00e9e de lecture estim\u00e9e\" \/>\n\t<meta name=\"twitter:data1\" content=\"2 minutes\" \/>\n<script type=\"application\/ld+json\" class=\"yoast-schema-graph\">{\"@context\":\"https:\/\/schema.org\",\"@graph\":[{\"@type\":[\"WebPage\",\"ItemPage\"],\"@id\":\"https:\/\/thetreecbd.com\/fr\/cbd\/tangie-banangi-cbd\",\"url\":\"https:\/\/thetreecbd.com\/fr\/cbd\/tangie-banangi-cbd\",\"name\":\"Tangie Banangi CBD - The Tree CBD\",\"isPartOf\":{\"@id\":\"https:\/\/thetreecbd.com\/fr#website\"},\"primaryImageOfPage\":{\"@id\":\"https:\/\/thetreecbd.com\/fr\/cbd\/tangie-banangi-cbd#primaryimage\"},\"image\":{\"@id\":\"https:\/\/thetreecbd.com\/fr\/cbd\/tangie-banangi-cbd#primaryimage\"},\"thumbnailUrl\":\"https:\/\/thetreecbd.com\/wp-content\/uploads\/2025\/10\/1-1.jpg\",\"datePublished\":\"2025-10-29T10:25:42+00:00\",\"dateModified\":\"2025-12-09T16:06:30+00:00\",\"description\":\"The Tree CBD vous pr\u00e9sente Tangie Banangi CBD, le meilleur des g\u00e9n\u00e9tiques Tangie x Sour Diesel, 80 % sativa \/ 20 % indica, un ar\u00f4me vibrant et stimulant.\",\"breadcrumb\":{\"@id\":\"https:\/\/thetreecbd.com\/fr\/cbd\/tangie-banangi-cbd#breadcrumb\"},\"inLanguage\":\"fr-FR\",\"potentialAction\":[{\"@type\":\"ReadAction\",\"target\":[\"https:\/\/thetreecbd.com\/fr\/cbd\/tangie-banangi-cbd\"]}]},{\"@type\":\"ImageObject\",\"inLanguage\":\"fr-FR\",\"@id\":\"https:\/\/thetreecbd.com\/fr\/cbd\/tangie-banangi-cbd#primaryimage\",\"url\":\"https:\/\/thetreecbd.com\/wp-content\/uploads\/2025\/10\/1-1.jpg\",\"contentUrl\":\"https:\/\/thetreecbd.com\/wp-content\/uploads\/2025\/10\/1-1.jpg\",\"width\":1080,\"height\":1350},{\"@type\":\"BreadcrumbList\",\"@id\":\"https:\/\/thetreecbd.com\/fr\/cbd\/tangie-banangi-cbd#breadcrumb\",\"itemListElement\":[{\"@type\":\"ListItem\",\"position\":1,\"name\":\"The Tree\",\"item\":\"https:\/\/thetreecbd.com\/fr\"},{\"@type\":\"ListItem\",\"position\":2,\"name\":\"CBD\",\"item\":\"https:\/\/thetreecbd.com\/es\/cbd\"},{\"@type\":\"ListItem\",\"position\":3,\"name\":\"Fleurs de chanvre. Fleurs de CBD\",\"item\":\"https:\/\/thetreecbd.com\/fr\/fleurs-cbd\"},{\"@type\":\"ListItem\",\"position\":4,\"name\":\"Fleurs de CBD d'ext\u00e9rieur\",\"item\":\"https:\/\/thetreecbd.com\/fr\/fleurs-cbd\/outdoor\"},{\"@type\":\"ListItem\",\"position\":5,\"name\":\"Tangie Banangi CBD\"}]},{\"@type\":\"WebSite\",\"@id\":\"https:\/\/thetreecbd.com\/fr#website\",\"url\":\"https:\/\/thetreecbd.com\/fr\",\"name\":\"The Tree CBD\",\"description\":\"Comprar CBD en Espa\u00f1a Online\",\"publisher\":{\"@id\":\"https:\/\/thetreecbd.com\/fr#organization\"},\"potentialAction\":[{\"@type\":\"SearchAction\",\"target\":{\"@type\":\"EntryPoint\",\"urlTemplate\":\"https:\/\/thetreecbd.com\/fr?s={search_term_string}\"},\"query-input\":{\"@type\":\"PropertyValueSpecification\",\"valueRequired\":true,\"valueName\":\"search_term_string\"}}],\"inLanguage\":\"fr-FR\"},{\"@type\":\"Organization\",\"@id\":\"https:\/\/thetreecbd.com\/fr#organization\",\"name\":\"The Tree CBD\",\"url\":\"https:\/\/thetreecbd.com\/fr\",\"logo\":{\"@type\":\"ImageObject\",\"inLanguage\":\"fr-FR\",\"@id\":\"https:\/\/thetreecbd.com\/fr#\/schema\/logo\/image\/\",\"url\":\"https:\/\/thetreecbd.com\/wp-content\/uploads\/2022\/04\/logo-thetree.png\",\"contentUrl\":\"https:\/\/thetreecbd.com\/wp-content\/uploads\/2022\/04\/logo-thetree.png\",\"width\":172,\"height\":55,\"caption\":\"The Tree CBD\"},\"image\":{\"@id\":\"https:\/\/thetreecbd.com\/fr#\/schema\/logo\/image\/\"},\"sameAs\":[\"https:\/\/www.facebook.com\/thetreeCBD\/\",\"https:\/\/x.com\/TheTreeCBD_EU\",\"https:\/\/www.instagram.com\/thetree.cbd\/\",\"https:\/\/es.trustpilot.com\/review\/thetreecbd.com\"]}]}<\/script>\n<!-- \/ Yoast SEO plugin. -->","yoast_head_json":{"title":"Tangie Banangi CBD - The Tree CBD","description":"The Tree CBD vous pr\u00e9sente Tangie Banangi CBD, le meilleur des g\u00e9n\u00e9tiques Tangie x Sour Diesel, 80 % sativa \/ 20 % indica, un ar\u00f4me vibrant et stimulant.","robots":{"index":"index","follow":"follow","max-snippet":"max-snippet:-1","max-image-preview":"max-image-preview:large","max-video-preview":"max-video-preview:-1"},"canonical":"https:\/\/thetreecbd.com\/fr\/cbd\/tangie-banangi-cbd","og_locale":"fr_FR","og_type":"article","og_title":"Tangie Banangi CBD - The Tree CBD","og_description":"The Tree CBD vous pr\u00e9sente Tangie Banangi CBD, le meilleur des g\u00e9n\u00e9tiques Tangie x Sour Diesel, 80 % sativa \/ 20 % indica, un ar\u00f4me vibrant et stimulant.","og_url":"https:\/\/thetreecbd.com\/fr\/cbd\/tangie-banangi-cbd","og_site_name":"The Tree CBD","article_publisher":"https:\/\/www.facebook.com\/thetreeCBD\/","article_modified_time":"2025-12-09T16:06:30+00:00","og_image":[{"width":1080,"height":1350,"url":"https:\/\/thetreecbd.com\/wp-content\/uploads\/2025\/10\/1-1.jpg","type":"image\/jpeg"}],"twitter_card":"summary_large_image","twitter_site":"@TheTreeCBD_EU","twitter_misc":{"Dur\u00e9e de lecture estim\u00e9e":"2 minutes"},"schema":{"@context":"https:\/\/schema.org","@graph":[{"@type":["WebPage","ItemPage"],"@id":"https:\/\/thetreecbd.com\/fr\/cbd\/tangie-banangi-cbd","url":"https:\/\/thetreecbd.com\/fr\/cbd\/tangie-banangi-cbd","name":"Tangie Banangi CBD - The Tree CBD","isPartOf":{"@id":"https:\/\/thetreecbd.com\/fr#website"},"primaryImageOfPage":{"@id":"https:\/\/thetreecbd.com\/fr\/cbd\/tangie-banangi-cbd#primaryimage"},"image":{"@id":"https:\/\/thetreecbd.com\/fr\/cbd\/tangie-banangi-cbd#primaryimage"},"thumbnailUrl":"https:\/\/thetreecbd.com\/wp-content\/uploads\/2025\/10\/1-1.jpg","datePublished":"2025-10-29T10:25:42+00:00","dateModified":"2025-12-09T16:06:30+00:00","description":"The Tree CBD vous pr\u00e9sente Tangie Banangi CBD, le meilleur des g\u00e9n\u00e9tiques Tangie x Sour Diesel, 80 % sativa \/ 20 % indica, un ar\u00f4me vibrant et stimulant.","breadcrumb":{"@id":"https:\/\/thetreecbd.com\/fr\/cbd\/tangie-banangi-cbd#breadcrumb"},"inLanguage":"fr-FR","potentialAction":[{"@type":"ReadAction","target":["https:\/\/thetreecbd.com\/fr\/cbd\/tangie-banangi-cbd"]}]},{"@type":"ImageObject","inLanguage":"fr-FR","@id":"https:\/\/thetreecbd.com\/fr\/cbd\/tangie-banangi-cbd#primaryimage","url":"https:\/\/thetreecbd.com\/wp-content\/uploads\/2025\/10\/1-1.jpg","contentUrl":"https:\/\/thetreecbd.com\/wp-content\/uploads\/2025\/10\/1-1.jpg","width":1080,"height":1350},{"@type":"BreadcrumbList","@id":"https:\/\/thetreecbd.com\/fr\/cbd\/tangie-banangi-cbd#breadcrumb","itemListElement":[{"@type":"ListItem","position":1,"name":"The Tree","item":"https:\/\/thetreecbd.com\/fr"},{"@type":"ListItem","position":2,"name":"CBD","item":"https:\/\/thetreecbd.com\/es\/cbd"},{"@type":"ListItem","position":3,"name":"Fleurs de chanvre. Fleurs de CBD","item":"https:\/\/thetreecbd.com\/fr\/fleurs-cbd"},{"@type":"ListItem","position":4,"name":"Fleurs de CBD d'ext\u00e9rieur","item":"https:\/\/thetreecbd.com\/fr\/fleurs-cbd\/outdoor"},{"@type":"ListItem","position":5,"name":"Tangie Banangi CBD"}]},{"@type":"WebSite","@id":"https:\/\/thetreecbd.com\/fr#website","url":"https:\/\/thetreecbd.com\/fr","name":"The Tree CBD","description":"Comprar CBD en Espa\u00f1a Online","publisher":{"@id":"https:\/\/thetreecbd.com\/fr#organization"},"potentialAction":[{"@type":"SearchAction","target":{"@type":"EntryPoint","urlTemplate":"https:\/\/thetreecbd.com\/fr?s={search_term_string}"},"query-input":{"@type":"PropertyValueSpecification","valueRequired":true,"valueName":"search_term_string"}}],"inLanguage":"fr-FR"},{"@type":"Organization","@id":"https:\/\/thetreecbd.com\/fr#organization","name":"The Tree CBD","url":"https:\/\/thetreecbd.com\/fr","logo":{"@type":"ImageObject","inLanguage":"fr-FR","@id":"https:\/\/thetreecbd.com\/fr#\/schema\/logo\/image\/","url":"https:\/\/thetreecbd.com\/wp-content\/uploads\/2022\/04\/logo-thetree.png","contentUrl":"https:\/\/thetreecbd.com\/wp-content\/uploads\/2022\/04\/logo-thetree.png","width":172,"height":55,"caption":"The Tree CBD"},"image":{"@id":"https:\/\/thetreecbd.com\/fr#\/schema\/logo\/image\/"},"sameAs":["https:\/\/www.facebook.com\/thetreeCBD\/","https:\/\/x.com\/TheTreeCBD_EU","https:\/\/www.instagram.com\/thetree.cbd\/","https:\/\/es.trustpilot.com\/review\/thetreecbd.com"]}]}},"_links":{"self":[{"href":"https:\/\/thetreecbd.com\/fr\/wp-json\/wp\/v2\/product\/181735","targetHints":{"allow":["GET"]}}],"collection":[{"href":"https:\/\/thetreecbd.com\/fr\/wp-json\/wp\/v2\/product"}],"about":[{"href":"https:\/\/thetreecbd.com\/fr\/wp-json\/wp\/v2\/types\/product"}],"version-history":[{"count":0,"href":"https:\/\/thetreecbd.com\/fr\/wp-json\/wp\/v2\/product\/181735\/revisions"}],"wp:featuredmedia":[{"embeddable":true,"href":"https:\/\/thetreecbd.com\/fr\/wp-json\/wp\/v2\/media\/181701"}],"wp:attachment":[{"href":"https:\/\/thetreecbd.com\/fr\/wp-json\/wp\/v2\/media?parent=181735"}],"wp:term":[{"taxonomy":"product_brand","embeddable":true,"href":"https:\/\/thetreecbd.com\/fr\/wp-json\/wp\/v2\/product_brand?post=181735"}],"curies":[{"name":"wp","href":"https:\/\/api.w.org\/{rel}","templated":true}]}}