{"id":184999,"date":"2025-12-03T12:27:34","date_gmt":"2025-12-03T11:27:34","guid":{"rendered":"https:\/\/thetreecbd.com\/?post_type=product&#038;p=184999"},"modified":"2025-12-09T14:36:00","modified_gmt":"2025-12-09T13:36:00","slug":"gaz-octane-cbd","status":"publish","type":"product","link":"https:\/\/thetreecbd.com\/fr\/cbd\/gaz-octane-cbd","title":{"rendered":"Gaz Octane CBD"},"content":{"rendered":"<p data-path-to-node=\"12\">The Tree CBD vous pr\u00e9sente les bourgeons de cannabis l\u00e9gal de la vari\u00e9t\u00e9 <b>Gaz Octane CBD<\/b>, une fleur avec une g\u00e9n\u00e9tique unique en Europe. Ces bourgeons proviennent d&#8217;une g\u00e9n\u00e9tique hybride \u00e0 dominante indica, d\u00e9velopp\u00e9e \u00e0 partir de graines certifi\u00e9es par l&#8217;Union Europ\u00e9enne et s\u00e9lectionn\u00e9es pour leur stabilit\u00e9 et leur qualit\u00e9.<\/p>\n<p data-path-to-node=\"13\">Les bourgeons, bien form\u00e9s et compacts, affichent des tons vert clair et une apparence robuste. Son profil aromatique est ce qui d\u00e9finit vraiment cette vari\u00e9t\u00e9 : un <b>m\u00e9lange intense et \u00e9quilibr\u00e9 de notes &#8220;gassy&#8221;<\/b>, qui rappellent l&#8217;odeur de carburant propre et des nuances terreuses profondes, cr\u00e9ant une exp\u00e9rience particuli\u00e8re, moderne et tr\u00e8s caract\u00e9ristique dans le domaine du CBD.<\/p>\n<p data-path-to-node=\"14\">Le <b>Gaz Octane CBD<\/b> offre des effets relaxants et \u00e9quilibr\u00e9s, en gardant toujours l&#8217;esprit clair et sans produire aucune alt\u00e9ration psychoactive. C&#8217;est une option id\u00e9ale pour accompagner la fin de la journ\u00e9e avec calme et naturel.<\/p>\n<p data-path-to-node=\"15\">Cette g\u00e9n\u00e9tique se distingue par son ar\u00f4me intense, o\u00f9 pr\u00e9dominent les nuances <b>&#8220;fuel&#8221;<\/b>, les notes herbac\u00e9es et l\u00e9g\u00e8rement \u00e9pic\u00e9es. Sa saveur est douce et ronde, m\u00e9nageant la gorge et laissant une sensation aromatique durable. Cette vari\u00e9t\u00e9 contient un puissant <b>20 % de CBD<\/b>, apportant un effet relaxant notable et stable.<\/p>\n<p data-path-to-node=\"16\">Visuellement, ses bourgeons pr\u00e9sentent la structure typique des indicas : compacts, arrondis et recouverts d&#8217;une fine couche de trichomes qui conf\u00e8re ce toucher l\u00e9g\u00e8rement collant. De plus, elle est cultiv\u00e9e de mani\u00e8re <b>100 % naturelle<\/b>, sans additifs, sans pesticides et en suivant les standards de qualit\u00e9 de The Tree CBD.<\/p>\n<p data-path-to-node=\"17\">Comme elle contient moins de <b>0,20 % de THC<\/b>, elle est enti\u00e8rement l\u00e9gale dans toute l&#8217;Europe et ne g\u00e9n\u00e8re pas d&#8217;effets psychoactifs.<\/p>\n<h2 data-path-to-node=\"18\"><b>Caract\u00e9ristiques du Cannabis L\u00e9gal Gaz Octane CBD<\/b><\/h2>\n<ul data-path-to-node=\"19\">\n<li>\n<p data-path-to-node=\"19,0,0\">Fleurs de chanvre<\/p>\n<\/li>\n<li>\n<p data-path-to-node=\"19,1,0\"><b>20 % de CBD<\/b><\/p>\n<\/li>\n<li>\n<p data-path-to-node=\"19,2,0\">Moins de <b>0,20 % de THC<\/b><\/p>\n<\/li>\n<li>\n<p data-path-to-node=\"19,3,0\">G\u00e9n\u00e9tique : Semence certifi\u00e9e UE<\/p>\n<\/li>\n<li>\n<p data-path-to-node=\"19,4,0\"><b>Dominante Indica<\/b><\/p>\n<\/li>\n<li>\n<p data-path-to-node=\"19,5,0\">Sans effets psychoactifs<\/p>\n<\/li>\n<li>\n<p data-path-to-node=\"19,6,0\">Cultiv\u00e9e de mani\u00e8re biologique<\/p>\n<\/li>\n<li>\n<p data-path-to-node=\"19,7,0\">Sans OGM<\/p>\n<\/li>\n<li>\n<p data-path-to-node=\"19,8,0\">Sans pesticides<\/p>\n<\/li>\n<\/ul>\n<h2 data-path-to-node=\"20\"><b>Ar\u00f4me du Gaz Octane CBD<\/b><\/h2>\n<p data-path-to-node=\"21\">Les terp\u00e8nes sont responsables de l&#8217;ar\u00f4me et de la saveur des plantes et des fleurs. Dans le <b>Gaz Octane CBD<\/b>, nous trouvons un profil aromatique tr\u00e8s distinctif, domin\u00e9 par des notes <b>&#8220;gassy&#8221;<\/b>, des touches de carburant propre, de bois et d&#8217;herbes s\u00e9ch\u00e9es. Cette combinaison donne lieu \u00e0 un ar\u00f4me intense, moderne et reconnaissable qui fait de cette fleur une option unique dans le catalogue de The Tree CBD.<\/p>\n","protected":false},"excerpt":{"rendered":"<ul data-path-to-node=\"19\">\n<li>Emballage officiel en f\u00e9vrier ; envoi temporaire avec un emballage g\u00e9n\u00e9rique.<\/li>\n<li>\n<p data-path-to-node=\"19,0,0\">Fleurs de chanvre<\/p>\n<\/li>\n<li>\n<p data-path-to-node=\"19,1,0\"><b>20 % de CBD<\/b><\/p>\n<\/li>\n<li>\n<p data-path-to-node=\"19,2,0\">Moins de <b>0,20 % de THC<\/b><\/p>\n<\/li>\n<li>\n<p data-path-to-node=\"19,3,0\">G\u00e9n\u00e9tique : Semence certifi\u00e9e UE<\/p>\n<\/li>\n<li>\n<p data-path-to-node=\"19,4,0\"><b>Dominante Indica<\/b><\/p>\n<\/li>\n<li>\n<p data-path-to-node=\"19,5,0\">Sans effets psychoactifs<\/p>\n<\/li>\n<li>\n<p data-path-to-node=\"19,6,0\">Cultiv\u00e9e de mani\u00e8re biologique<\/p>\n<\/li>\n<li>\n<p data-path-to-node=\"19,7,0\">Sans OGM<\/p>\n<\/li>\n<li>\n<p data-path-to-node=\"19,8,0\">Sans pesticides<\/p>\n<\/li>\n<\/ul>\n","protected":false},"featured_media":185232,"template":"","meta":{"_acf_changed":false},"product_brand":[],"class_list":{"0":"post-184999","1":"product","2":"type-product","3":"status-publish","4":"has-post-thumbnail","6":"product_cat-outdoor","7":"product_cat-fleurs-cbd","9":"first","10":"instock","11":"taxable","12":"shipping-taxable","13":"purchasable","14":"product-type-variable"},"acf":[],"yoast_head":"<!-- This site is optimized with the Yoast SEO plugin v26.3 - https:\/\/yoast.com\/wordpress\/plugins\/seo\/ -->\n<title>Gaz Octane CBD - The Tree CBD<\/title>\n<meta name=\"description\" content=\"Gaz Octane CBD, un m\u00e9lange intense et \u00e9quilibr\u00e9 de notes &quot;gassy&quot; et de nuances terreuses profondes, une exp\u00e9rience particuli\u00e8re, moderne et tr\u00e8s caract\u00e9ristique.\" \/>\n<meta name=\"robots\" content=\"index, follow, max-snippet:-1, max-image-preview:large, max-video-preview:-1\" \/>\n<link rel=\"canonical\" href=\"https:\/\/thetreecbd.com\/fr\/cbd\/gaz-octane-cbd\" \/>\n<meta property=\"og:locale\" content=\"fr_FR\" \/>\n<meta property=\"og:type\" content=\"article\" \/>\n<meta property=\"og:title\" content=\"Gaz Octane CBD - The Tree CBD\" \/>\n<meta property=\"og:description\" content=\"Gaz Octane CBD, un m\u00e9lange intense et \u00e9quilibr\u00e9 de notes &quot;gassy&quot; et de nuances terreuses profondes, une exp\u00e9rience particuli\u00e8re, moderne et tr\u00e8s caract\u00e9ristique.\" \/>\n<meta property=\"og:url\" content=\"https:\/\/thetreecbd.com\/fr\/cbd\/gaz-octane-cbd\" \/>\n<meta property=\"og:site_name\" content=\"The Tree CBD\" \/>\n<meta property=\"article:publisher\" content=\"https:\/\/www.facebook.com\/thetreeCBD\/\" \/>\n<meta property=\"article:modified_time\" content=\"2025-12-09T13:36:00+00:00\" \/>\n<meta property=\"og:image\" content=\"https:\/\/thetreecbd.com\/wp-content\/uploads\/2025\/12\/thetreecbd-web-gaz-octane.jpg\" \/>\n\t<meta property=\"og:image:width\" content=\"1080\" \/>\n\t<meta property=\"og:image:height\" content=\"1350\" \/>\n\t<meta property=\"og:image:type\" content=\"image\/jpeg\" \/>\n<meta name=\"twitter:card\" content=\"summary_large_image\" \/>\n<meta name=\"twitter:site\" content=\"@TheTreeCBD_EU\" \/>\n<meta name=\"twitter:label1\" content=\"Dur\u00e9e de lecture estim\u00e9e\" \/>\n\t<meta name=\"twitter:data1\" content=\"2 minutes\" \/>\n<script type=\"application\/ld+json\" class=\"yoast-schema-graph\">{\"@context\":\"https:\/\/schema.org\",\"@graph\":[{\"@type\":[\"WebPage\",\"ItemPage\"],\"@id\":\"https:\/\/thetreecbd.com\/fr\/cbd\/gaz-octane-cbd\",\"url\":\"https:\/\/thetreecbd.com\/fr\/cbd\/gaz-octane-cbd\",\"name\":\"Gaz Octane CBD - The Tree CBD\",\"isPartOf\":{\"@id\":\"https:\/\/thetreecbd.com\/fr#website\"},\"primaryImageOfPage\":{\"@id\":\"https:\/\/thetreecbd.com\/fr\/cbd\/gaz-octane-cbd#primaryimage\"},\"image\":{\"@id\":\"https:\/\/thetreecbd.com\/fr\/cbd\/gaz-octane-cbd#primaryimage\"},\"thumbnailUrl\":\"https:\/\/thetreecbd.com\/wp-content\/uploads\/2025\/12\/thetreecbd-web-gaz-octane.jpg\",\"datePublished\":\"2025-12-03T11:27:34+00:00\",\"dateModified\":\"2025-12-09T13:36:00+00:00\",\"description\":\"Gaz Octane CBD, un m\u00e9lange intense et \u00e9quilibr\u00e9 de notes \\\"gassy\\\" et de nuances terreuses profondes, une exp\u00e9rience particuli\u00e8re, moderne et tr\u00e8s caract\u00e9ristique.\",\"breadcrumb\":{\"@id\":\"https:\/\/thetreecbd.com\/fr\/cbd\/gaz-octane-cbd#breadcrumb\"},\"inLanguage\":\"fr-FR\",\"potentialAction\":[{\"@type\":\"ReadAction\",\"target\":[\"https:\/\/thetreecbd.com\/fr\/cbd\/gaz-octane-cbd\"]}]},{\"@type\":\"ImageObject\",\"inLanguage\":\"fr-FR\",\"@id\":\"https:\/\/thetreecbd.com\/fr\/cbd\/gaz-octane-cbd#primaryimage\",\"url\":\"https:\/\/thetreecbd.com\/wp-content\/uploads\/2025\/12\/thetreecbd-web-gaz-octane.jpg\",\"contentUrl\":\"https:\/\/thetreecbd.com\/wp-content\/uploads\/2025\/12\/thetreecbd-web-gaz-octane.jpg\",\"width\":1080,\"height\":1350},{\"@type\":\"BreadcrumbList\",\"@id\":\"https:\/\/thetreecbd.com\/fr\/cbd\/gaz-octane-cbd#breadcrumb\",\"itemListElement\":[{\"@type\":\"ListItem\",\"position\":1,\"name\":\"The Tree\",\"item\":\"https:\/\/thetreecbd.com\/fr\"},{\"@type\":\"ListItem\",\"position\":2,\"name\":\"CBD\",\"item\":\"https:\/\/thetreecbd.com\/es\/cbd\"},{\"@type\":\"ListItem\",\"position\":3,\"name\":\"Fleurs de chanvre. Fleurs de CBD\",\"item\":\"https:\/\/thetreecbd.com\/fr\/fleurs-cbd\"},{\"@type\":\"ListItem\",\"position\":4,\"name\":\"Fleurs de CBD d'ext\u00e9rieur\",\"item\":\"https:\/\/thetreecbd.com\/fr\/fleurs-cbd\/outdoor\"},{\"@type\":\"ListItem\",\"position\":5,\"name\":\"Gaz Octane CBD\"}]},{\"@type\":\"WebSite\",\"@id\":\"https:\/\/thetreecbd.com\/fr#website\",\"url\":\"https:\/\/thetreecbd.com\/fr\",\"name\":\"The Tree CBD\",\"description\":\"Comprar CBD en Espa\u00f1a Online\",\"publisher\":{\"@id\":\"https:\/\/thetreecbd.com\/fr#organization\"},\"potentialAction\":[{\"@type\":\"SearchAction\",\"target\":{\"@type\":\"EntryPoint\",\"urlTemplate\":\"https:\/\/thetreecbd.com\/fr?s={search_term_string}\"},\"query-input\":{\"@type\":\"PropertyValueSpecification\",\"valueRequired\":true,\"valueName\":\"search_term_string\"}}],\"inLanguage\":\"fr-FR\"},{\"@type\":\"Organization\",\"@id\":\"https:\/\/thetreecbd.com\/fr#organization\",\"name\":\"The Tree CBD\",\"url\":\"https:\/\/thetreecbd.com\/fr\",\"logo\":{\"@type\":\"ImageObject\",\"inLanguage\":\"fr-FR\",\"@id\":\"https:\/\/thetreecbd.com\/fr#\/schema\/logo\/image\/\",\"url\":\"https:\/\/thetreecbd.com\/wp-content\/uploads\/2022\/04\/logo-thetree.png\",\"contentUrl\":\"https:\/\/thetreecbd.com\/wp-content\/uploads\/2022\/04\/logo-thetree.png\",\"width\":172,\"height\":55,\"caption\":\"The Tree CBD\"},\"image\":{\"@id\":\"https:\/\/thetreecbd.com\/fr#\/schema\/logo\/image\/\"},\"sameAs\":[\"https:\/\/www.facebook.com\/thetreeCBD\/\",\"https:\/\/x.com\/TheTreeCBD_EU\",\"https:\/\/www.instagram.com\/thetree.cbd\/\",\"https:\/\/es.trustpilot.com\/review\/thetreecbd.com\"]}]}<\/script>\n<!-- \/ Yoast SEO plugin. -->","yoast_head_json":{"title":"Gaz Octane CBD - The Tree CBD","description":"Gaz Octane CBD, un m\u00e9lange intense et \u00e9quilibr\u00e9 de notes \"gassy\" et de nuances terreuses profondes, une exp\u00e9rience particuli\u00e8re, moderne et tr\u00e8s caract\u00e9ristique.","robots":{"index":"index","follow":"follow","max-snippet":"max-snippet:-1","max-image-preview":"max-image-preview:large","max-video-preview":"max-video-preview:-1"},"canonical":"https:\/\/thetreecbd.com\/fr\/cbd\/gaz-octane-cbd","og_locale":"fr_FR","og_type":"article","og_title":"Gaz Octane CBD - The Tree CBD","og_description":"Gaz Octane CBD, un m\u00e9lange intense et \u00e9quilibr\u00e9 de notes \"gassy\" et de nuances terreuses profondes, une exp\u00e9rience particuli\u00e8re, moderne et tr\u00e8s caract\u00e9ristique.","og_url":"https:\/\/thetreecbd.com\/fr\/cbd\/gaz-octane-cbd","og_site_name":"The Tree CBD","article_publisher":"https:\/\/www.facebook.com\/thetreeCBD\/","article_modified_time":"2025-12-09T13:36:00+00:00","og_image":[{"width":1080,"height":1350,"url":"https:\/\/thetreecbd.com\/wp-content\/uploads\/2025\/12\/thetreecbd-web-gaz-octane.jpg","type":"image\/jpeg"}],"twitter_card":"summary_large_image","twitter_site":"@TheTreeCBD_EU","twitter_misc":{"Dur\u00e9e de lecture estim\u00e9e":"2 minutes"},"schema":{"@context":"https:\/\/schema.org","@graph":[{"@type":["WebPage","ItemPage"],"@id":"https:\/\/thetreecbd.com\/fr\/cbd\/gaz-octane-cbd","url":"https:\/\/thetreecbd.com\/fr\/cbd\/gaz-octane-cbd","name":"Gaz Octane CBD - The Tree CBD","isPartOf":{"@id":"https:\/\/thetreecbd.com\/fr#website"},"primaryImageOfPage":{"@id":"https:\/\/thetreecbd.com\/fr\/cbd\/gaz-octane-cbd#primaryimage"},"image":{"@id":"https:\/\/thetreecbd.com\/fr\/cbd\/gaz-octane-cbd#primaryimage"},"thumbnailUrl":"https:\/\/thetreecbd.com\/wp-content\/uploads\/2025\/12\/thetreecbd-web-gaz-octane.jpg","datePublished":"2025-12-03T11:27:34+00:00","dateModified":"2025-12-09T13:36:00+00:00","description":"Gaz Octane CBD, un m\u00e9lange intense et \u00e9quilibr\u00e9 de notes \"gassy\" et de nuances terreuses profondes, une exp\u00e9rience particuli\u00e8re, moderne et tr\u00e8s caract\u00e9ristique.","breadcrumb":{"@id":"https:\/\/thetreecbd.com\/fr\/cbd\/gaz-octane-cbd#breadcrumb"},"inLanguage":"fr-FR","potentialAction":[{"@type":"ReadAction","target":["https:\/\/thetreecbd.com\/fr\/cbd\/gaz-octane-cbd"]}]},{"@type":"ImageObject","inLanguage":"fr-FR","@id":"https:\/\/thetreecbd.com\/fr\/cbd\/gaz-octane-cbd#primaryimage","url":"https:\/\/thetreecbd.com\/wp-content\/uploads\/2025\/12\/thetreecbd-web-gaz-octane.jpg","contentUrl":"https:\/\/thetreecbd.com\/wp-content\/uploads\/2025\/12\/thetreecbd-web-gaz-octane.jpg","width":1080,"height":1350},{"@type":"BreadcrumbList","@id":"https:\/\/thetreecbd.com\/fr\/cbd\/gaz-octane-cbd#breadcrumb","itemListElement":[{"@type":"ListItem","position":1,"name":"The Tree","item":"https:\/\/thetreecbd.com\/fr"},{"@type":"ListItem","position":2,"name":"CBD","item":"https:\/\/thetreecbd.com\/es\/cbd"},{"@type":"ListItem","position":3,"name":"Fleurs de chanvre. Fleurs de CBD","item":"https:\/\/thetreecbd.com\/fr\/fleurs-cbd"},{"@type":"ListItem","position":4,"name":"Fleurs de CBD d'ext\u00e9rieur","item":"https:\/\/thetreecbd.com\/fr\/fleurs-cbd\/outdoor"},{"@type":"ListItem","position":5,"name":"Gaz Octane CBD"}]},{"@type":"WebSite","@id":"https:\/\/thetreecbd.com\/fr#website","url":"https:\/\/thetreecbd.com\/fr","name":"The Tree CBD","description":"Comprar CBD en Espa\u00f1a Online","publisher":{"@id":"https:\/\/thetreecbd.com\/fr#organization"},"potentialAction":[{"@type":"SearchAction","target":{"@type":"EntryPoint","urlTemplate":"https:\/\/thetreecbd.com\/fr?s={search_term_string}"},"query-input":{"@type":"PropertyValueSpecification","valueRequired":true,"valueName":"search_term_string"}}],"inLanguage":"fr-FR"},{"@type":"Organization","@id":"https:\/\/thetreecbd.com\/fr#organization","name":"The Tree CBD","url":"https:\/\/thetreecbd.com\/fr","logo":{"@type":"ImageObject","inLanguage":"fr-FR","@id":"https:\/\/thetreecbd.com\/fr#\/schema\/logo\/image\/","url":"https:\/\/thetreecbd.com\/wp-content\/uploads\/2022\/04\/logo-thetree.png","contentUrl":"https:\/\/thetreecbd.com\/wp-content\/uploads\/2022\/04\/logo-thetree.png","width":172,"height":55,"caption":"The Tree CBD"},"image":{"@id":"https:\/\/thetreecbd.com\/fr#\/schema\/logo\/image\/"},"sameAs":["https:\/\/www.facebook.com\/thetreeCBD\/","https:\/\/x.com\/TheTreeCBD_EU","https:\/\/www.instagram.com\/thetree.cbd\/","https:\/\/es.trustpilot.com\/review\/thetreecbd.com"]}]}},"_links":{"self":[{"href":"https:\/\/thetreecbd.com\/fr\/wp-json\/wp\/v2\/product\/184999","targetHints":{"allow":["GET"]}}],"collection":[{"href":"https:\/\/thetreecbd.com\/fr\/wp-json\/wp\/v2\/product"}],"about":[{"href":"https:\/\/thetreecbd.com\/fr\/wp-json\/wp\/v2\/types\/product"}],"version-history":[{"count":0,"href":"https:\/\/thetreecbd.com\/fr\/wp-json\/wp\/v2\/product\/184999\/revisions"}],"wp:featuredmedia":[{"embeddable":true,"href":"https:\/\/thetreecbd.com\/fr\/wp-json\/wp\/v2\/media\/185232"}],"wp:attachment":[{"href":"https:\/\/thetreecbd.com\/fr\/wp-json\/wp\/v2\/media?parent=184999"}],"wp:term":[{"taxonomy":"product_brand","embeddable":true,"href":"https:\/\/thetreecbd.com\/fr\/wp-json\/wp\/v2\/product_brand?post=184999"}],"curies":[{"name":"wp","href":"https:\/\/api.w.org\/{rel}","templated":true}]}}