{"id":191066,"date":"2026-03-10T15:21:53","date_gmt":"2026-03-10T14:21:53","guid":{"rendered":"https:\/\/thetreecbd.com\/?post_type=product&#038;p=191066"},"modified":"2026-03-12T19:19:41","modified_gmt":"2026-03-12T18:19:41","slug":"jelly-hash-cbd","status":"publish","type":"product","link":"https:\/\/thetreecbd.com\/fr\/cbd\/jelly-hash-cbd","title":{"rendered":"Jelly Hash CBD"},"content":{"rendered":"<p data-path-to-node=\"21\"><span class=\"citation-123 citation-end-123\">Jelly Hash CBD, la nouveaut\u00e9 que vous propose l&#8217;\u00e9quipe de The Tree CBD.<\/span> Un produit avec tous ses terp\u00e8nes naturels et un ar\u00f4me puissant sans additifs artificiels, seulement des terp\u00e8nes de chanvre v\u00e9ritable.<\/p>\n<div class=\"source-inline-chip-container ng-star-inserted\"><\/div>\n<p data-path-to-node=\"22\">Cette r\u00e9sine de cannabis de The Tree CBD est un produit de haute qualit\u00e9, de style artisanal, diff\u00e9rent des autres types de hachisch CBD commercial. \u00c0 l&#8217;\u0153il nu, on ne peut voir que des cristaux de r\u00e9sine et il s&#8217;en d\u00e9gage un agr\u00e9able m\u00e9lange d&#8217;ar\u00f4mes. La haute qualit\u00e9 de ce produit devient \u00e9vidente par l&#8217;odeur et les premi\u00e8res sensations.<\/p>\n<p data-path-to-node=\"23\">Les r\u00e9sines sont particuli\u00e8rement appr\u00e9ci\u00e9es des utilisateurs de longue date. En effet, gr\u00e2ce au processus d&#8217;extraction, nous pouvons \u00e9liminer la majeure partie de la mati\u00e8re v\u00e9g\u00e9tale, parvenant \u00e0 ne concentrer que les cannabino\u00efdes. De plus, il ne faut pas n\u00e9gliger qu&#8217;en \u00e9liminant la chlorophylle, on obtient une saveur moins intense.<\/p>\n<p data-path-to-node=\"24\">Ce Jelly Hash CBD provient de cultures de chanvre biologique en Europe et contient moins de 0,2 % de THC, ce qui le rend l\u00e9gal dans toute l&#8217;Europe.<\/p>\n<h2 data-path-to-node=\"25\">Caract\u00e9ristiques du Jelly Hash CBD<\/h2>\n<ul data-path-to-node=\"26\">\n<li>\n<p data-path-to-node=\"26,0,0\">Hash CBD. Extrait de la plante de chanvre.<\/p>\n<\/li>\n<li>\n<p data-path-to-node=\"26,1,0\">Format : Sacs de 3g, 5g, 15g et 25g.<\/p>\n<\/li>\n<li>\n<p data-path-to-node=\"26,2,0\">20,5 % de CBD<\/p>\n<\/li>\n<li>\n<p data-path-to-node=\"26,3,0\">Moins de 0,19 % de THC<\/p>\n<\/li>\n<li>\n<p data-path-to-node=\"26,4,0\">Sans effets psychoactifs<\/p>\n<\/li>\n<li>\n<p data-path-to-node=\"26,5,0\">Chanvre cultiv\u00e9 de mani\u00e8re biologique<\/p>\n<\/li>\n<li>\n<p data-path-to-node=\"26,6,0\">Sans OGM<\/p>\n<\/li>\n<li>\n<p data-path-to-node=\"26,7,0\">Sans pesticides<\/p>\n<\/li>\n<\/ul>\n<h2 data-path-to-node=\"27\">Ar\u00f4me Jelly Hash CBD<\/h2>\n<p data-path-to-node=\"28\">Les terp\u00e8nes se trouvent dans la plupart des huiles essentielles de nombreuses plantes, fleurs et fruits ; ils sont responsables de l&#8217;apport de l&#8217;odeur et du go\u00fbt. Dans le cannabis, nous pouvons trouver un large profil de terp\u00e8nes. Le Jelly Hash CBD de The Tree pr\u00e9sente un ar\u00f4me doux et citronn\u00e9.<\/p>\n<h2 data-path-to-node=\"29\">Public Cible<\/h2>\n<p data-path-to-node=\"30\">Le Jelly Hash CBD est tr\u00e8s attrayant par son ton brun clair mielleux. Lorsqu&#8217;il est plac\u00e9 \u00e0 des temp\u00e9ratures mod\u00e9r\u00e9es \u00e0 chaudes, la couleur de votre hachisch devrait passer d&#8217;une teinte plus fonc\u00e9e \u00e0 une teinte jaune un peu plus dor\u00e9e avec une l\u00e9g\u00e8re transparence, au lieu de rester de la m\u00eame couleur.<\/p>\n<p data-path-to-node=\"31\">Du point de vue des acheteurs, le Jelly Hash CBD s&#8217;adresse \u00e0 ceux qui recherchent un produit artisanal de haute qualit\u00e9 avec un ar\u00f4me sucr\u00e9 puissant.<\/p>\n<h2 data-path-to-node=\"32\">Informations de S\u00e9curit\u00e9<\/h2>\n<p data-path-to-node=\"33\">Veuillez noter que les r\u00e9sines de CBD de The Tree sont un produit d\u00e9coratif, de collection et aromatique. Elles ne doivent pas \u00eatre utilis\u00e9es pendant la grossesse ou l&#8217;allaitement. Tenir hors de port\u00e9e des enfants.<\/p>\n<p data-path-to-node=\"34\">Nos r\u00e9sines de CBD peuvent contenir une certaine quantit\u00e9 de THC. Bien entendu, celle-ci est inf\u00e9rieure \u00e0 la limite de l&#8217;UE de 0,2 % de THC.<\/p>\n<p data-path-to-node=\"35\">Le contenu fourni est uniquement \u00e0 des fins d&#8217;information et de formation et ne remplace en aucun cas l&#8217;avis m\u00e9dical d&#8217;un m\u00e9decin ou d&#8217;un pharmacien. Nos textes ne sont pas destin\u00e9s au diagnostic et au traitement ind\u00e9pendants des maladies.<\/p>\n<p data-path-to-node=\"36\">N&#8217;h\u00e9sitez pas \u00e0 nous contacter si vous avez d&#8217;autres questions.<\/p>\n<h2 data-path-to-node=\"37\">Stockage<\/h2>\n<p data-path-to-node=\"38\">Id\u00e9alement, les r\u00e9sines de CBD de The Tree doivent \u00eatre conserv\u00e9es dans un endroit frais et sec, si possible au r\u00e9frig\u00e9rateur, \u00e0 l&#8217;abri de la lumi\u00e8re et des odeurs fortes pour \u00e9viter tout type de contamination et\/ou de d\u00e9gradation.<\/p>\n<p data-path-to-node=\"39\">\u00c9viter la lumi\u00e8re directe du soleil et la chaleur.<\/p>\n<p data-path-to-node=\"39\"><strong>Attention<\/strong> : La dur\u00e9e de conservation indiqu\u00e9e est d&#8217;un mois si le produit est stock\u00e9 correctement.<\/p>\n","protected":false},"excerpt":{"rendered":"<ul>\n<li>\n<p data-path-to-node=\"26,0,0\">Hash CBD. Extrait de la plante de chanvre.<\/p>\n<\/li>\n<li>\n<p data-path-to-node=\"26,1,0\">Format : Sacs de 3g, 5g, 15g et 25g.<\/p>\n<\/li>\n<li>\n<p data-path-to-node=\"26,2,0\">20,5 % de CBD<\/p>\n<\/li>\n<li>\n<p data-path-to-node=\"26,3,0\">Moins de 0,19 % de THC<\/p>\n<\/li>\n<li>\n<p data-path-to-node=\"26,4,0\">Sans effets psychoactifs<\/p>\n<\/li>\n<li>\n<p data-path-to-node=\"26,5,0\">Chanvre cultiv\u00e9 de mani\u00e8re biologique<\/p>\n<\/li>\n<li>\n<p data-path-to-node=\"26,6,0\">Sans OGM<\/p>\n<\/li>\n<li>\n<p data-path-to-node=\"26,7,0\">Sans pesticides<\/p>\n<\/li>\n<li><\/li>\n<\/ul>\n","protected":false},"featured_media":191439,"template":"","meta":{"_acf_changed":false},"product_brand":[],"class_list":{"0":"post-191066","1":"product","2":"type-product","3":"status-publish","4":"has-post-thumbnail","6":"product_cat-cbd-concentrees-10","7":"product_cat-resines-cbd","9":"first","10":"instock","11":"featured","12":"taxable","13":"shipping-taxable","14":"purchasable","15":"product-type-variable"},"acf":[],"yoast_head":"<!-- This site is optimized with the Yoast SEO plugin v26.3 - https:\/\/yoast.com\/wordpress\/plugins\/seo\/ -->\n<title>Jelly Hash CBD - R\u00e9sine CBD | The Tree CBD<\/title>\n<meta name=\"description\" content=\"Jelly Hash CBD, la r\u00e9sine de CBD avec tous ses terp\u00e8nes naturels, dot\u00e9e d\u2019un ar\u00f4me puissant sans additifs artificiels et contenant uniquement des terp\u00e8nes de chanvre v\u00e9ritable.\" \/>\n<meta name=\"robots\" content=\"index, follow, max-snippet:-1, max-image-preview:large, max-video-preview:-1\" \/>\n<link rel=\"canonical\" href=\"https:\/\/thetreecbd.com\/fr\/cbd\/jelly-hash-cbd\" \/>\n<meta property=\"og:locale\" content=\"fr_FR\" \/>\n<meta property=\"og:type\" content=\"article\" \/>\n<meta property=\"og:title\" content=\"Jelly Hash CBD - R\u00e9sine CBD | The Tree CBD\" \/>\n<meta property=\"og:description\" content=\"Jelly Hash CBD, la r\u00e9sine de CBD avec tous ses terp\u00e8nes naturels, dot\u00e9e d\u2019un ar\u00f4me puissant sans additifs artificiels et contenant uniquement des terp\u00e8nes de chanvre v\u00e9ritable.\" \/>\n<meta property=\"og:url\" content=\"https:\/\/thetreecbd.com\/fr\/cbd\/jelly-hash-cbd\" \/>\n<meta property=\"og:site_name\" content=\"The Tree CBD\" \/>\n<meta property=\"article:publisher\" content=\"https:\/\/www.facebook.com\/thetreeCBD\/\" \/>\n<meta property=\"article:modified_time\" content=\"2026-03-12T18:19:41+00:00\" \/>\n<meta property=\"og:image\" content=\"https:\/\/thetreecbd.com\/wp-content\/uploads\/2026\/03\/WhatsApp-Image-2026-03-12-at-18.39.43.jpeg\" \/>\n\t<meta property=\"og:image:width\" content=\"1534\" \/>\n\t<meta property=\"og:image:height\" content=\"1439\" \/>\n\t<meta property=\"og:image:type\" content=\"image\/jpeg\" \/>\n<meta name=\"twitter:card\" content=\"summary_large_image\" \/>\n<meta name=\"twitter:site\" content=\"@TheTreeCBD_EU\" \/>\n<meta name=\"twitter:label1\" content=\"Dur\u00e9e de lecture estim\u00e9e\" \/>\n\t<meta name=\"twitter:data1\" content=\"4 minutes\" \/>\n<script type=\"application\/ld+json\" class=\"yoast-schema-graph\">{\"@context\":\"https:\/\/schema.org\",\"@graph\":[{\"@type\":[\"WebPage\",\"ItemPage\"],\"@id\":\"https:\/\/thetreecbd.com\/fr\/cbd\/jelly-hash-cbd\",\"url\":\"https:\/\/thetreecbd.com\/fr\/cbd\/jelly-hash-cbd\",\"name\":\"Jelly Hash CBD - R\u00e9sine CBD | The Tree CBD\",\"isPartOf\":{\"@id\":\"https:\/\/thetreecbd.com\/fr#website\"},\"primaryImageOfPage\":{\"@id\":\"https:\/\/thetreecbd.com\/fr\/cbd\/jelly-hash-cbd#primaryimage\"},\"image\":{\"@id\":\"https:\/\/thetreecbd.com\/fr\/cbd\/jelly-hash-cbd#primaryimage\"},\"thumbnailUrl\":\"https:\/\/thetreecbd.com\/wp-content\/uploads\/2026\/03\/jelly-hash-cbd-3.jpeg\",\"datePublished\":\"2026-03-10T14:21:53+00:00\",\"dateModified\":\"2026-03-12T18:19:41+00:00\",\"description\":\"Jelly Hash CBD, la r\u00e9sine de CBD avec tous ses terp\u00e8nes naturels, dot\u00e9e d\u2019un ar\u00f4me puissant sans additifs artificiels et contenant uniquement des terp\u00e8nes de chanvre v\u00e9ritable.\",\"breadcrumb\":{\"@id\":\"https:\/\/thetreecbd.com\/fr\/cbd\/jelly-hash-cbd#breadcrumb\"},\"inLanguage\":\"fr-FR\",\"potentialAction\":[{\"@type\":\"ReadAction\",\"target\":[\"https:\/\/thetreecbd.com\/fr\/cbd\/jelly-hash-cbd\"]}]},{\"@type\":\"ImageObject\",\"inLanguage\":\"fr-FR\",\"@id\":\"https:\/\/thetreecbd.com\/fr\/cbd\/jelly-hash-cbd#primaryimage\",\"url\":\"https:\/\/thetreecbd.com\/wp-content\/uploads\/2026\/03\/jelly-hash-cbd-3.jpeg\",\"contentUrl\":\"https:\/\/thetreecbd.com\/wp-content\/uploads\/2026\/03\/jelly-hash-cbd-3.jpeg\",\"width\":1088,\"height\":1350},{\"@type\":\"BreadcrumbList\",\"@id\":\"https:\/\/thetreecbd.com\/fr\/cbd\/jelly-hash-cbd#breadcrumb\",\"itemListElement\":[{\"@type\":\"ListItem\",\"position\":1,\"name\":\"The Tree\",\"item\":\"https:\/\/thetreecbd.com\/fr\"},{\"@type\":\"ListItem\",\"position\":2,\"name\":\"CBD\",\"item\":\"https:\/\/thetreecbd.com\/es\/cbd\"},{\"@type\":\"ListItem\",\"position\":3,\"name\":\"R\u00e9sines de CBD\",\"item\":\"https:\/\/thetreecbd.com\/fr\/resines-cbd\"},{\"@type\":\"ListItem\",\"position\":4,\"name\":\"Jelly Hash CBD\"}]},{\"@type\":\"WebSite\",\"@id\":\"https:\/\/thetreecbd.com\/fr#website\",\"url\":\"https:\/\/thetreecbd.com\/fr\",\"name\":\"The Tree CBD\",\"description\":\"Comprar CBD en Espa\u00f1a Online\",\"publisher\":{\"@id\":\"https:\/\/thetreecbd.com\/fr#organization\"},\"potentialAction\":[{\"@type\":\"SearchAction\",\"target\":{\"@type\":\"EntryPoint\",\"urlTemplate\":\"https:\/\/thetreecbd.com\/fr?s={search_term_string}\"},\"query-input\":{\"@type\":\"PropertyValueSpecification\",\"valueRequired\":true,\"valueName\":\"search_term_string\"}}],\"inLanguage\":\"fr-FR\"},{\"@type\":\"Organization\",\"@id\":\"https:\/\/thetreecbd.com\/fr#organization\",\"name\":\"The Tree CBD\",\"url\":\"https:\/\/thetreecbd.com\/fr\",\"logo\":{\"@type\":\"ImageObject\",\"inLanguage\":\"fr-FR\",\"@id\":\"https:\/\/thetreecbd.com\/fr#\/schema\/logo\/image\/\",\"url\":\"https:\/\/thetreecbd.com\/wp-content\/uploads\/2022\/04\/logo-thetree.png\",\"contentUrl\":\"https:\/\/thetreecbd.com\/wp-content\/uploads\/2022\/04\/logo-thetree.png\",\"width\":172,\"height\":55,\"caption\":\"The Tree CBD\"},\"image\":{\"@id\":\"https:\/\/thetreecbd.com\/fr#\/schema\/logo\/image\/\"},\"sameAs\":[\"https:\/\/www.facebook.com\/thetreeCBD\/\",\"https:\/\/x.com\/TheTreeCBD_EU\",\"https:\/\/www.instagram.com\/thetree.cbd\/\",\"https:\/\/es.trustpilot.com\/review\/thetreecbd.com\"]}]}<\/script>\n<!-- \/ Yoast SEO plugin. -->","yoast_head_json":{"title":"Jelly Hash CBD - R\u00e9sine CBD | The Tree CBD","description":"Jelly Hash CBD, la r\u00e9sine de CBD avec tous ses terp\u00e8nes naturels, dot\u00e9e d\u2019un ar\u00f4me puissant sans additifs artificiels et contenant uniquement des terp\u00e8nes de chanvre v\u00e9ritable.","robots":{"index":"index","follow":"follow","max-snippet":"max-snippet:-1","max-image-preview":"max-image-preview:large","max-video-preview":"max-video-preview:-1"},"canonical":"https:\/\/thetreecbd.com\/fr\/cbd\/jelly-hash-cbd","og_locale":"fr_FR","og_type":"article","og_title":"Jelly Hash CBD - R\u00e9sine CBD | The Tree CBD","og_description":"Jelly Hash CBD, la r\u00e9sine de CBD avec tous ses terp\u00e8nes naturels, dot\u00e9e d\u2019un ar\u00f4me puissant sans additifs artificiels et contenant uniquement des terp\u00e8nes de chanvre v\u00e9ritable.","og_url":"https:\/\/thetreecbd.com\/fr\/cbd\/jelly-hash-cbd","og_site_name":"The Tree CBD","article_publisher":"https:\/\/www.facebook.com\/thetreeCBD\/","article_modified_time":"2026-03-12T18:19:41+00:00","og_image":[{"width":1534,"height":1439,"url":"https:\/\/thetreecbd.com\/wp-content\/uploads\/2026\/03\/WhatsApp-Image-2026-03-12-at-18.39.43.jpeg","type":"image\/jpeg"}],"twitter_card":"summary_large_image","twitter_site":"@TheTreeCBD_EU","twitter_misc":{"Dur\u00e9e de lecture estim\u00e9e":"4 minutes"},"schema":{"@context":"https:\/\/schema.org","@graph":[{"@type":["WebPage","ItemPage"],"@id":"https:\/\/thetreecbd.com\/fr\/cbd\/jelly-hash-cbd","url":"https:\/\/thetreecbd.com\/fr\/cbd\/jelly-hash-cbd","name":"Jelly Hash CBD - R\u00e9sine CBD | The Tree CBD","isPartOf":{"@id":"https:\/\/thetreecbd.com\/fr#website"},"primaryImageOfPage":{"@id":"https:\/\/thetreecbd.com\/fr\/cbd\/jelly-hash-cbd#primaryimage"},"image":{"@id":"https:\/\/thetreecbd.com\/fr\/cbd\/jelly-hash-cbd#primaryimage"},"thumbnailUrl":"https:\/\/thetreecbd.com\/wp-content\/uploads\/2026\/03\/jelly-hash-cbd-3.jpeg","datePublished":"2026-03-10T14:21:53+00:00","dateModified":"2026-03-12T18:19:41+00:00","description":"Jelly Hash CBD, la r\u00e9sine de CBD avec tous ses terp\u00e8nes naturels, dot\u00e9e d\u2019un ar\u00f4me puissant sans additifs artificiels et contenant uniquement des terp\u00e8nes de chanvre v\u00e9ritable.","breadcrumb":{"@id":"https:\/\/thetreecbd.com\/fr\/cbd\/jelly-hash-cbd#breadcrumb"},"inLanguage":"fr-FR","potentialAction":[{"@type":"ReadAction","target":["https:\/\/thetreecbd.com\/fr\/cbd\/jelly-hash-cbd"]}]},{"@type":"ImageObject","inLanguage":"fr-FR","@id":"https:\/\/thetreecbd.com\/fr\/cbd\/jelly-hash-cbd#primaryimage","url":"https:\/\/thetreecbd.com\/wp-content\/uploads\/2026\/03\/jelly-hash-cbd-3.jpeg","contentUrl":"https:\/\/thetreecbd.com\/wp-content\/uploads\/2026\/03\/jelly-hash-cbd-3.jpeg","width":1088,"height":1350},{"@type":"BreadcrumbList","@id":"https:\/\/thetreecbd.com\/fr\/cbd\/jelly-hash-cbd#breadcrumb","itemListElement":[{"@type":"ListItem","position":1,"name":"The Tree","item":"https:\/\/thetreecbd.com\/fr"},{"@type":"ListItem","position":2,"name":"CBD","item":"https:\/\/thetreecbd.com\/es\/cbd"},{"@type":"ListItem","position":3,"name":"R\u00e9sines de CBD","item":"https:\/\/thetreecbd.com\/fr\/resines-cbd"},{"@type":"ListItem","position":4,"name":"Jelly Hash CBD"}]},{"@type":"WebSite","@id":"https:\/\/thetreecbd.com\/fr#website","url":"https:\/\/thetreecbd.com\/fr","name":"The Tree CBD","description":"Comprar CBD en Espa\u00f1a Online","publisher":{"@id":"https:\/\/thetreecbd.com\/fr#organization"},"potentialAction":[{"@type":"SearchAction","target":{"@type":"EntryPoint","urlTemplate":"https:\/\/thetreecbd.com\/fr?s={search_term_string}"},"query-input":{"@type":"PropertyValueSpecification","valueRequired":true,"valueName":"search_term_string"}}],"inLanguage":"fr-FR"},{"@type":"Organization","@id":"https:\/\/thetreecbd.com\/fr#organization","name":"The Tree CBD","url":"https:\/\/thetreecbd.com\/fr","logo":{"@type":"ImageObject","inLanguage":"fr-FR","@id":"https:\/\/thetreecbd.com\/fr#\/schema\/logo\/image\/","url":"https:\/\/thetreecbd.com\/wp-content\/uploads\/2022\/04\/logo-thetree.png","contentUrl":"https:\/\/thetreecbd.com\/wp-content\/uploads\/2022\/04\/logo-thetree.png","width":172,"height":55,"caption":"The Tree CBD"},"image":{"@id":"https:\/\/thetreecbd.com\/fr#\/schema\/logo\/image\/"},"sameAs":["https:\/\/www.facebook.com\/thetreeCBD\/","https:\/\/x.com\/TheTreeCBD_EU","https:\/\/www.instagram.com\/thetree.cbd\/","https:\/\/es.trustpilot.com\/review\/thetreecbd.com"]}]}},"_links":{"self":[{"href":"https:\/\/thetreecbd.com\/fr\/wp-json\/wp\/v2\/product\/191066","targetHints":{"allow":["GET"]}}],"collection":[{"href":"https:\/\/thetreecbd.com\/fr\/wp-json\/wp\/v2\/product"}],"about":[{"href":"https:\/\/thetreecbd.com\/fr\/wp-json\/wp\/v2\/types\/product"}],"version-history":[{"count":1,"href":"https:\/\/thetreecbd.com\/fr\/wp-json\/wp\/v2\/product\/191066\/revisions"}],"predecessor-version":[{"id":191191,"href":"https:\/\/thetreecbd.com\/fr\/wp-json\/wp\/v2\/product\/191066\/revisions\/191191"}],"wp:featuredmedia":[{"embeddable":true,"href":"https:\/\/thetreecbd.com\/fr\/wp-json\/wp\/v2\/media\/191439"}],"wp:attachment":[{"href":"https:\/\/thetreecbd.com\/fr\/wp-json\/wp\/v2\/media?parent=191066"}],"wp:term":[{"taxonomy":"product_brand","embeddable":true,"href":"https:\/\/thetreecbd.com\/fr\/wp-json\/wp\/v2\/product_brand?post=191066"}],"curies":[{"name":"wp","href":"https:\/\/api.w.org\/{rel}","templated":true}]}}