{"id":193590,"date":"2026-04-15T11:46:10","date_gmt":"2026-04-15T09:46:10","guid":{"rendered":"https:\/\/thetreecbd.com\/?post_type=product&#038;p=193590"},"modified":"2026-04-21T16:20:01","modified_gmt":"2026-04-21T14:20:01","slug":"cbd-diamonds","status":"publish","type":"product","link":"https:\/\/thetreecbd.com\/fr\/cbd\/cbd-diamonds","title":{"rendered":"CBD Diamonds"},"content":{"rendered":"<p data-path-to-node=\"21\">The Tree CBD vous pr\u00e9sente les nouveaux <b data-path-to-node=\"21\" data-index-in-node=\"40\">CBD Diamonds<\/b>, l&#8217;une des formes les plus pures sous lesquelles le cannabidiol peut \u00eatre obtenu.<\/p>\n<p data-path-to-node=\"22\">Les <b data-path-to-node=\"22\" data-index-in-node=\"4\">CBD Diamonds<\/b> de The Tree CBD tirent leur nom de leur aspect cristallin et translucide, qui rappelle ces petites merveilles de la nature, des \u00ab diamants bruts \u00bb.<\/p>\n<p data-path-to-node=\"23\">Ils pr\u00e9sentent g\u00e9n\u00e9ralement une concentration de CBD comprise entre <b data-path-to-node=\"23\" data-index-in-node=\"68\">97 % et 99 %<\/b> et sont cr\u00e9\u00e9s via un processus appel\u00e9 \u00ab diamond mining \u00bb (extraction de diamants), o\u00f9 un extrait \u00e0 spectre complet est sursatur\u00e9 et laiss\u00e9 au repos sous pression et temp\u00e9rature contr\u00f4l\u00e9es jusqu&#8217;\u00e0 ce que les cannabino\u00efdes cristallisent.<\/p>\n<p data-path-to-node=\"24\">Si vous recherchez une puissance maximale pour une relaxation profonde ou des douleurs intenses, le \u00ab Diamond CBD \u00bb sous forme de cristaux est l&#8217;une des options les plus recommand\u00e9es disponibles sur le march\u00e9.<\/p>\n<h3 data-path-to-node=\"25\">Caract\u00e9ristiques des CBD Diamonds<\/h3>\n<ul data-path-to-node=\"26\">\n<li>\n<p data-path-to-node=\"26,0,0\">Diamants d&#8217;isolat de CBD<\/p>\n<\/li>\n<li>\n<p data-path-to-node=\"26,1,0\">Sachets de 3g, 5g, 15g et 25g<\/p>\n<\/li>\n<li>\n<p data-path-to-node=\"26,2,0\">97 \u2013 99 % de CBD<\/p>\n<\/li>\n<li>\n<p data-path-to-node=\"26,3,0\">Sans teneur en THC<\/p>\n<\/li>\n<li>\n<p data-path-to-node=\"26,4,0\">Sans effets psychoactifs<\/p>\n<\/li>\n<li>\n<p data-path-to-node=\"26,5,0\">Sans OGM<\/p>\n<\/li>\n<li>\n<p data-path-to-node=\"26,6,0\">Sans pesticides<\/p>\n<\/li>\n<\/ul>\n<h3 data-path-to-node=\"27\">Public Cible<\/h3>\n<p data-path-to-node=\"28\">Les <b data-path-to-node=\"28\" data-index-in-node=\"4\">CBD Diamonds<\/b> de The Tree CBD s&#8217;adressent aux personnes recherchant la concentration maximale de CBD dans un seul produit. \u00c0 cette fin, c&#8217;est l&#8217;une des options les plus recommand\u00e9es sur le march\u00e9.<\/p>\n<h3 data-path-to-node=\"29\">Informations de S\u00e9curit\u00e9<\/h3>\n<p data-path-to-node=\"30\">Veuillez noter que les CBD Diamonds de The Tree sont un produit d\u00e9coratif, de collection et aromatique. Ils ne doivent pas \u00eatre utilis\u00e9s pendant la grossesse ou l&#8217;allaitement. Tenir hors de port\u00e9e des enfants.<\/p>\n<p data-path-to-node=\"31\">Nos CBD Diamonds peuvent contenir une certaine quantit\u00e9 de THC. Bien entendu, celle-ci est inf\u00e9rieure \u00e0 la limite de l&#8217;UE de 0,2 % de THC.<\/p>\n<p data-path-to-node=\"32\">Le contenu fourni est uniquement \u00e0 des fins d&#8217;information et de formation et ne remplace en aucun cas <span class=\"citation-165 citation-end-165\">l&#8217;avis m\u00e9dical d&#8217;un m\u00e9decin ou d&#8217;un pharmacien. Nos textes ne sont pas destin\u00e9s au diagnostic et au traitement ind\u00e9pendants des maladies.<\/span><\/p>\n<div class=\"source-inline-chip-container ng-star-inserted\"><\/div>\n<p data-path-to-node=\"33\"><span class=\"citation-164 citation-end-164\">N&#8217;h\u00e9sitez pas \u00e0 nous contacter si vous avez d&#8217;autres questions.<\/span><\/p>\n<div class=\"source-inline-chip-container ng-star-inserted\"><\/div>\n<h3 data-path-to-node=\"34\">Stockage<\/h3>\n<p data-path-to-node=\"35\">Id\u00e9alement, les CBD Diamonds de The Tree doivent \u00eatre conserv\u00e9s dans un endroit frais et sec, \u00e0 l&#8217;abri de la lumi\u00e8re et des odeurs fortes pour \u00e9viter tout type de contamination et\/ou de d\u00e9gradation. \u00c9viter la lumi\u00e8re directe du soleil et la chaleur.<\/p>\n<p data-path-to-node=\"36\"><b data-path-to-node=\"36\" data-index-in-node=\"0\">Attention :<\/b> La dur\u00e9e de conservation indiqu\u00e9e est d&#8217;un mois si le produit est stock\u00e9 correctement.<\/p>\n","protected":false},"excerpt":{"rendered":"<ul data-path-to-node=\"26\">\n<li>\n<p data-path-to-node=\"26,0,0\">Diamants d&#8217;isolat de CBD<\/p>\n<\/li>\n<li>\n<p data-path-to-node=\"26,1,0\">Sachets de 3g, 5g, 15g et 25g<\/p>\n<\/li>\n<li>\n<p data-path-to-node=\"26,2,0\">97 \u2013 99 % de CBD<\/p>\n<\/li>\n<li>\n<p data-path-to-node=\"26,3,0\">Sans teneur en THC<\/p>\n<\/li>\n<li>\n<p data-path-to-node=\"26,4,0\">Sans effets psychoactifs<\/p>\n<\/li>\n<li>\n<p data-path-to-node=\"26,5,0\">Sans OGM<\/p>\n<\/li>\n<li>\n<p data-path-to-node=\"26,6,0\">Sans pesticides<\/p>\n<\/li>\n<\/ul>\n","protected":false},"featured_media":193683,"template":"","meta":{"_acf_changed":false},"product_brand":[],"class_list":{"0":"post-193590","1":"product","2":"type-product","3":"status-publish","4":"has-post-thumbnail","6":"product_cat-fleurs-cbd","7":"product_cat-resines-cbd","9":"first","10":"instock","11":"taxable","12":"shipping-taxable","13":"purchasable","14":"product-type-variable","15":"has-default-attributes"},"acf":[],"yoast_head":"<!-- This site is optimized with the Yoast SEO plugin v26.3 - https:\/\/yoast.com\/wordpress\/plugins\/seo\/ -->\n<title>CBD DIamonds | The Tree CBD<\/title>\n<meta name=\"description\" content=\"Nouveaux CBD Diamonds de The Tree CBD. Trouvez la concentration maximale de CBD dans un seul\" \/>\n<meta name=\"robots\" content=\"index, follow, max-snippet:-1, max-image-preview:large, max-video-preview:-1\" \/>\n<link rel=\"canonical\" href=\"https:\/\/thetreecbd.com\/fr\/cbd\/cbd-diamonds\" \/>\n<meta property=\"og:locale\" content=\"fr_FR\" \/>\n<meta property=\"og:type\" content=\"article\" \/>\n<meta property=\"og:title\" content=\"CBD DIamonds | The Tree CBD\" \/>\n<meta property=\"og:description\" content=\"Nouveaux CBD Diamonds de The Tree CBD. Trouvez la concentration maximale de CBD dans un seul\" \/>\n<meta property=\"og:url\" content=\"https:\/\/thetreecbd.com\/fr\/cbd\/cbd-diamonds\" \/>\n<meta property=\"og:site_name\" content=\"The Tree CBD\" \/>\n<meta property=\"article:publisher\" content=\"https:\/\/www.facebook.com\/thetreeCBD\/\" \/>\n<meta property=\"article:modified_time\" content=\"2026-04-21T14:20:01+00:00\" \/>\n<meta property=\"og:image\" content=\"https:\/\/thetreecbd.com\/wp-content\/uploads\/2024\/08\/cbd-diamonds1.jpeg\" \/>\n\t<meta property=\"og:image:width\" content=\"1088\" \/>\n\t<meta property=\"og:image:height\" content=\"1350\" \/>\n\t<meta property=\"og:image:type\" content=\"image\/jpeg\" \/>\n<meta name=\"twitter:card\" content=\"summary_large_image\" \/>\n<meta name=\"twitter:site\" content=\"@TheTreeCBD_EU\" \/>\n<meta name=\"twitter:label1\" content=\"Dur\u00e9e de lecture estim\u00e9e\" \/>\n\t<meta name=\"twitter:data1\" content=\"2 minutes\" \/>\n<script type=\"application\/ld+json\" class=\"yoast-schema-graph\">{\"@context\":\"https:\/\/schema.org\",\"@graph\":[{\"@type\":[\"WebPage\",\"ItemPage\"],\"@id\":\"https:\/\/thetreecbd.com\/fr\/cbd\/cbd-diamonds\",\"url\":\"https:\/\/thetreecbd.com\/fr\/cbd\/cbd-diamonds\",\"name\":\"CBD DIamonds | The Tree CBD\",\"isPartOf\":{\"@id\":\"https:\/\/thetreecbd.com\/fr#website\"},\"primaryImageOfPage\":{\"@id\":\"https:\/\/thetreecbd.com\/fr\/cbd\/cbd-diamonds#primaryimage\"},\"image\":{\"@id\":\"https:\/\/thetreecbd.com\/fr\/cbd\/cbd-diamonds#primaryimage\"},\"thumbnailUrl\":\"https:\/\/thetreecbd.com\/wp-content\/uploads\/2024\/08\/cbd-diamonds1.jpeg\",\"datePublished\":\"2026-04-15T09:46:10+00:00\",\"dateModified\":\"2026-04-21T14:20:01+00:00\",\"description\":\"Nouveaux CBD Diamonds de The Tree CBD. Trouvez la concentration maximale de CBD dans un seul\",\"breadcrumb\":{\"@id\":\"https:\/\/thetreecbd.com\/fr\/cbd\/cbd-diamonds#breadcrumb\"},\"inLanguage\":\"fr-FR\",\"potentialAction\":[{\"@type\":\"ReadAction\",\"target\":[\"https:\/\/thetreecbd.com\/fr\/cbd\/cbd-diamonds\"]}]},{\"@type\":\"ImageObject\",\"inLanguage\":\"fr-FR\",\"@id\":\"https:\/\/thetreecbd.com\/fr\/cbd\/cbd-diamonds#primaryimage\",\"url\":\"https:\/\/thetreecbd.com\/wp-content\/uploads\/2024\/08\/cbd-diamonds1.jpeg\",\"contentUrl\":\"https:\/\/thetreecbd.com\/wp-content\/uploads\/2024\/08\/cbd-diamonds1.jpeg\",\"width\":1088,\"height\":1350},{\"@type\":\"BreadcrumbList\",\"@id\":\"https:\/\/thetreecbd.com\/fr\/cbd\/cbd-diamonds#breadcrumb\",\"itemListElement\":[{\"@type\":\"ListItem\",\"position\":1,\"name\":\"The Tree\",\"item\":\"https:\/\/thetreecbd.com\/fr\"},{\"@type\":\"ListItem\",\"position\":2,\"name\":\"CBD\",\"item\":\"https:\/\/thetreecbd.com\/es\/cbd\"},{\"@type\":\"ListItem\",\"position\":3,\"name\":\"R\u00e9sines de CBD\",\"item\":\"https:\/\/thetreecbd.com\/fr\/resines-cbd\"},{\"@type\":\"ListItem\",\"position\":4,\"name\":\"CBD Diamonds\"}]},{\"@type\":\"WebSite\",\"@id\":\"https:\/\/thetreecbd.com\/fr#website\",\"url\":\"https:\/\/thetreecbd.com\/fr\",\"name\":\"The Tree CBD\",\"description\":\"Comprar CBD en Espa\u00f1a Online\",\"publisher\":{\"@id\":\"https:\/\/thetreecbd.com\/fr#organization\"},\"potentialAction\":[{\"@type\":\"SearchAction\",\"target\":{\"@type\":\"EntryPoint\",\"urlTemplate\":\"https:\/\/thetreecbd.com\/fr?s={search_term_string}\"},\"query-input\":{\"@type\":\"PropertyValueSpecification\",\"valueRequired\":true,\"valueName\":\"search_term_string\"}}],\"inLanguage\":\"fr-FR\"},{\"@type\":\"Organization\",\"@id\":\"https:\/\/thetreecbd.com\/fr#organization\",\"name\":\"The Tree CBD\",\"url\":\"https:\/\/thetreecbd.com\/fr\",\"logo\":{\"@type\":\"ImageObject\",\"inLanguage\":\"fr-FR\",\"@id\":\"https:\/\/thetreecbd.com\/fr#\/schema\/logo\/image\/\",\"url\":\"https:\/\/thetreecbd.com\/wp-content\/uploads\/2022\/04\/logo-thetree.png\",\"contentUrl\":\"https:\/\/thetreecbd.com\/wp-content\/uploads\/2022\/04\/logo-thetree.png\",\"width\":172,\"height\":55,\"caption\":\"The Tree CBD\"},\"image\":{\"@id\":\"https:\/\/thetreecbd.com\/fr#\/schema\/logo\/image\/\"},\"sameAs\":[\"https:\/\/www.facebook.com\/thetreeCBD\/\",\"https:\/\/x.com\/TheTreeCBD_EU\",\"https:\/\/www.instagram.com\/thetree.cbd\/\",\"https:\/\/es.trustpilot.com\/review\/thetreecbd.com\"]}]}<\/script>\n<!-- \/ Yoast SEO plugin. -->","yoast_head_json":{"title":"CBD DIamonds | The Tree CBD","description":"Nouveaux CBD Diamonds de The Tree CBD. Trouvez la concentration maximale de CBD dans un seul","robots":{"index":"index","follow":"follow","max-snippet":"max-snippet:-1","max-image-preview":"max-image-preview:large","max-video-preview":"max-video-preview:-1"},"canonical":"https:\/\/thetreecbd.com\/fr\/cbd\/cbd-diamonds","og_locale":"fr_FR","og_type":"article","og_title":"CBD DIamonds | The Tree CBD","og_description":"Nouveaux CBD Diamonds de The Tree CBD. Trouvez la concentration maximale de CBD dans un seul","og_url":"https:\/\/thetreecbd.com\/fr\/cbd\/cbd-diamonds","og_site_name":"The Tree CBD","article_publisher":"https:\/\/www.facebook.com\/thetreeCBD\/","article_modified_time":"2026-04-21T14:20:01+00:00","og_image":[{"width":1088,"height":1350,"url":"https:\/\/thetreecbd.com\/wp-content\/uploads\/2024\/08\/cbd-diamonds1.jpeg","type":"image\/jpeg"}],"twitter_card":"summary_large_image","twitter_site":"@TheTreeCBD_EU","twitter_misc":{"Dur\u00e9e de lecture estim\u00e9e":"2 minutes"},"schema":{"@context":"https:\/\/schema.org","@graph":[{"@type":["WebPage","ItemPage"],"@id":"https:\/\/thetreecbd.com\/fr\/cbd\/cbd-diamonds","url":"https:\/\/thetreecbd.com\/fr\/cbd\/cbd-diamonds","name":"CBD DIamonds | The Tree CBD","isPartOf":{"@id":"https:\/\/thetreecbd.com\/fr#website"},"primaryImageOfPage":{"@id":"https:\/\/thetreecbd.com\/fr\/cbd\/cbd-diamonds#primaryimage"},"image":{"@id":"https:\/\/thetreecbd.com\/fr\/cbd\/cbd-diamonds#primaryimage"},"thumbnailUrl":"https:\/\/thetreecbd.com\/wp-content\/uploads\/2024\/08\/cbd-diamonds1.jpeg","datePublished":"2026-04-15T09:46:10+00:00","dateModified":"2026-04-21T14:20:01+00:00","description":"Nouveaux CBD Diamonds de The Tree CBD. Trouvez la concentration maximale de CBD dans un seul","breadcrumb":{"@id":"https:\/\/thetreecbd.com\/fr\/cbd\/cbd-diamonds#breadcrumb"},"inLanguage":"fr-FR","potentialAction":[{"@type":"ReadAction","target":["https:\/\/thetreecbd.com\/fr\/cbd\/cbd-diamonds"]}]},{"@type":"ImageObject","inLanguage":"fr-FR","@id":"https:\/\/thetreecbd.com\/fr\/cbd\/cbd-diamonds#primaryimage","url":"https:\/\/thetreecbd.com\/wp-content\/uploads\/2024\/08\/cbd-diamonds1.jpeg","contentUrl":"https:\/\/thetreecbd.com\/wp-content\/uploads\/2024\/08\/cbd-diamonds1.jpeg","width":1088,"height":1350},{"@type":"BreadcrumbList","@id":"https:\/\/thetreecbd.com\/fr\/cbd\/cbd-diamonds#breadcrumb","itemListElement":[{"@type":"ListItem","position":1,"name":"The Tree","item":"https:\/\/thetreecbd.com\/fr"},{"@type":"ListItem","position":2,"name":"CBD","item":"https:\/\/thetreecbd.com\/es\/cbd"},{"@type":"ListItem","position":3,"name":"R\u00e9sines de CBD","item":"https:\/\/thetreecbd.com\/fr\/resines-cbd"},{"@type":"ListItem","position":4,"name":"CBD Diamonds"}]},{"@type":"WebSite","@id":"https:\/\/thetreecbd.com\/fr#website","url":"https:\/\/thetreecbd.com\/fr","name":"The Tree CBD","description":"Comprar CBD en Espa\u00f1a Online","publisher":{"@id":"https:\/\/thetreecbd.com\/fr#organization"},"potentialAction":[{"@type":"SearchAction","target":{"@type":"EntryPoint","urlTemplate":"https:\/\/thetreecbd.com\/fr?s={search_term_string}"},"query-input":{"@type":"PropertyValueSpecification","valueRequired":true,"valueName":"search_term_string"}}],"inLanguage":"fr-FR"},{"@type":"Organization","@id":"https:\/\/thetreecbd.com\/fr#organization","name":"The Tree CBD","url":"https:\/\/thetreecbd.com\/fr","logo":{"@type":"ImageObject","inLanguage":"fr-FR","@id":"https:\/\/thetreecbd.com\/fr#\/schema\/logo\/image\/","url":"https:\/\/thetreecbd.com\/wp-content\/uploads\/2022\/04\/logo-thetree.png","contentUrl":"https:\/\/thetreecbd.com\/wp-content\/uploads\/2022\/04\/logo-thetree.png","width":172,"height":55,"caption":"The Tree CBD"},"image":{"@id":"https:\/\/thetreecbd.com\/fr#\/schema\/logo\/image\/"},"sameAs":["https:\/\/www.facebook.com\/thetreeCBD\/","https:\/\/x.com\/TheTreeCBD_EU","https:\/\/www.instagram.com\/thetree.cbd\/","https:\/\/es.trustpilot.com\/review\/thetreecbd.com"]}]}},"_links":{"self":[{"href":"https:\/\/thetreecbd.com\/fr\/wp-json\/wp\/v2\/product\/193590","targetHints":{"allow":["GET"]}}],"collection":[{"href":"https:\/\/thetreecbd.com\/fr\/wp-json\/wp\/v2\/product"}],"about":[{"href":"https:\/\/thetreecbd.com\/fr\/wp-json\/wp\/v2\/types\/product"}],"version-history":[{"count":1,"href":"https:\/\/thetreecbd.com\/fr\/wp-json\/wp\/v2\/product\/193590\/revisions"}],"predecessor-version":[{"id":194061,"href":"https:\/\/thetreecbd.com\/fr\/wp-json\/wp\/v2\/product\/193590\/revisions\/194061"}],"wp:featuredmedia":[{"embeddable":true,"href":"https:\/\/thetreecbd.com\/fr\/wp-json\/wp\/v2\/media\/193683"}],"wp:attachment":[{"href":"https:\/\/thetreecbd.com\/fr\/wp-json\/wp\/v2\/media?parent=193590"}],"wp:term":[{"taxonomy":"product_brand","embeddable":true,"href":"https:\/\/thetreecbd.com\/fr\/wp-json\/wp\/v2\/product_brand?post=193590"}],"curies":[{"name":"wp","href":"https:\/\/api.w.org\/{rel}","templated":true}]}}