{"id":193616,"date":"2026-04-15T14:17:37","date_gmt":"2026-04-15T12:17:37","guid":{"rendered":"https:\/\/thetreecbd.com\/?post_type=product&#038;p=193616"},"modified":"2026-05-07T15:29:56","modified_gmt":"2026-05-07T13:29:56","slug":"cbd-moonrocks","status":"publish","type":"product","link":"https:\/\/thetreecbd.com\/fr\/cbd\/cbd-moonrocks","title":{"rendered":"CBD Moonrocks"},"content":{"rendered":"<p data-path-to-node=\"20\">The Tree CBD vous pr\u00e9sente ses nouvelles <b data-path-to-node=\"20\" data-index-in-node=\"41\">CBD MoonRocks<\/b>, les favorites du moment, con\u00e7ues pour booster l&#8217;exp\u00e9rience du chanvre sans compromis.<\/p>\n<p data-path-to-node=\"21\">Ces Moon Rocks sont un produit premium compos\u00e9 de fleurs de chanvre denses \u00e0 dominante CBD, d&#8217;un enrobage m\u00e9ticuleux de <b data-path-to-node=\"21\" data-index-in-node=\"120\">live resin de CBD<\/b> et d&#8217;une couche g\u00e9n\u00e9reuse de <b data-path-to-node=\"21\" data-index-in-node=\"167\">kief de CBD<\/b> \u00e0 haute teneur en r\u00e9sine. Ce proc\u00e9d\u00e9 permet de sceller toute sa saveur, son ar\u00f4me et sa force.<\/p>\n<p data-path-to-node=\"22\">Le r\u00e9sultat est une fleur extr\u00eamement collante, dot\u00e9e de r\u00e9sine, avec un ext\u00e9rieur brillant qui impressionne le consommateur et offre des effets profond\u00e9ment apaisants. Que vous recherchiez une relaxation corporelle totale, la tranquillit\u00e9 nocturne ou simplement une exp\u00e9rience CBD am\u00e9lior\u00e9e, ces Moon Rocks offrent une session intense, savoureuse et diff\u00e9rente \u00e0 chaque moment de la journ\u00e9e.<\/p>\n<h3 data-path-to-node=\"23\">Caract\u00e9ristiques des CBD MoonRocks<\/h3>\n<ul data-path-to-node=\"24\">\n<li>\n<p data-path-to-node=\"24,0,0\">Fleurs de chanvre enrob\u00e9es d&#8217;isolat de CBD fondu + Kief de CBD<\/p>\n<\/li>\n<li>\n<p data-path-to-node=\"24,1,0\">Sachets de 3g, 5g, 15g et 25g<\/p>\n<\/li>\n<li>\n<p data-path-to-node=\"24,2,0\">48-50 % de CBD<\/p>\n<\/li>\n<li>\n<p data-path-to-node=\"24,3,0\">Moins de 0,20 % de THC<\/p>\n<\/li>\n<li>\n<p data-path-to-node=\"24,4,0\">Sans effets psychoactifs<\/p>\n<\/li>\n<li>\n<p data-path-to-node=\"24,5,0\">Culture biologique<\/p>\n<\/li>\n<li>\n<p data-path-to-node=\"24,6,0\">Sans OGM<\/p>\n<\/li>\n<li>\n<p data-path-to-node=\"24,7,0\">Sans pesticides<\/p>\n<\/li>\n<\/ul>\n<h3 data-path-to-node=\"25\">Public Cible<\/h3>\n<p data-path-to-node=\"26\">Les <b data-path-to-node=\"26\" data-index-in-node=\"4\">CBD MoonRocks<\/b> s&#8217;adressent principalement \u00e0 ceux qui recherchent des exp\u00e9riences intenses avec le cannabidiol. Elles sont id\u00e9ales pour les utilisateurs exp\u00e9riment\u00e9s de CBD qui connaissent d\u00e9j\u00e0 ses effets et recherchent une plus grande intensit\u00e9, ainsi que pour les amateurs d&#8217;ar\u00f4mes et de saveurs intenses issus de la combinaison de fleur, d&#8217;huile et de kief.<\/p>\n<h3 data-path-to-node=\"27\">Informations de S\u00e9curit\u00e9<\/h3>\n<p data-path-to-node=\"28\">Veuillez noter que les fleurs de CBD de The Tree sont un produit d\u00e9coratif, de collection et aromatique. Elles ne doivent pas \u00eatre utilis\u00e9es pendant la grossesse ou l&#8217;allaitement. Tenir hors de port\u00e9e des enfants.<\/p>\n<p data-path-to-node=\"29\">Nos fleurs de CBD peuvent contenir une certaine quantit\u00e9 de THC. Bien entendu, celle-ci est inf\u00e9rieure \u00e0 la limite de l&#8217;UE de 0,2 % de THC.<\/p>\n<p data-path-to-node=\"30\">Le contenu fourni est uniquement \u00e0 des fins d&#8217;information et de formation et ne remplace en aucun cas <span class=\"citation-403 citation-end-403\">l&#8217;avis m\u00e9dical d&#8217;un m\u00e9decin ou d&#8217;un pharmacien. Nos textes ne sont pas destin\u00e9s au diagnostic et au traitement ind\u00e9pendants des maladies.<\/span><\/p>\n<div class=\"source-inline-chip-container ng-star-inserted\"><\/div>\n<p data-path-to-node=\"31\"><span class=\"citation-402 citation-end-402\">N&#8217;h\u00e9sitez pas \u00e0 nous contacter si vous avez d&#8217;autres questions.<\/span><\/p>\n<div class=\"source-inline-chip-container ng-star-inserted\"><\/div>\n<h3 data-path-to-node=\"32\">Stockage<\/h3>\n<p data-path-to-node=\"33\">Id\u00e9alement, les fleurs de CBD de The Tree doivent \u00eatre conserv\u00e9es dans un endroit frais et sec, \u00e0 l&#8217;abri de la lumi\u00e8re et des odeurs fortes pour \u00e9viter tout type de contamination et\/ou de d\u00e9gradation. \u00c9viter la lumi\u00e8re directe du soleil et la chaleur.<\/p>\n<p data-path-to-node=\"34\"><b data-path-to-node=\"34\" data-index-in-node=\"0\">Attention :<\/b> La dur\u00e9e de conservation indiqu\u00e9e est d&#8217;un mois si le produit est stock\u00e9 correctement.<\/p>\n","protected":false},"excerpt":{"rendered":"<ul data-path-to-node=\"26\">\n<li>\n<ul data-path-to-node=\"24\">\n<li>\n<p data-path-to-node=\"24,0,0\">Fleurs de chanvre enrob\u00e9es d&#8217;isolat de CBD fondu + Kief de CBD<\/p>\n<\/li>\n<li>\n<p data-path-to-node=\"24,1,0\">Sachets de 3g, 5g, 15g et 25g<\/p>\n<\/li>\n<li>\n<p data-path-to-node=\"24,2,0\">48-50 % de CBD<\/p>\n<\/li>\n<li>\n<p data-path-to-node=\"24,3,0\">Moins de 0,20 % de THC<\/p>\n<\/li>\n<li>\n<p data-path-to-node=\"24,4,0\">Sans effets psychoactifs<\/p>\n<\/li>\n<li>\n<p data-path-to-node=\"24,5,0\">Culture biologique<\/p>\n<\/li>\n<li>\n<p data-path-to-node=\"24,6,0\">Sans OGM<\/p>\n<\/li>\n<li>\n<p data-path-to-node=\"24,7,0\">Sans pesticides<\/p>\n<\/li>\n<\/ul>\n<\/li>\n<\/ul>\n","protected":false},"featured_media":193689,"template":"","meta":{"_acf_changed":false},"product_brand":[],"class_list":{"0":"post-193616","1":"product","2":"type-product","3":"status-publish","4":"has-post-thumbnail","6":"product_cat-fleurs-cbd","7":"product_cat-resines-cbd","9":"first","10":"instock","11":"taxable","12":"shipping-taxable","13":"purchasable","14":"product-type-variable","15":"has-default-attributes"},"acf":[],"yoast_head":"<!-- This site is optimized with the Yoast SEO plugin v26.3 - https:\/\/yoast.com\/wordpress\/plugins\/seo\/ -->\n<title>CBD Moonrocks | The Tree CBD<\/title>\n<meta name=\"description\" content=\"Nouvelles CBD Moonrocks de The Tree CBD. Un produit premium con\u00e7u pour booster l&#039;exp\u00e9rience du chanvre sans compromis.\" \/>\n<meta name=\"robots\" content=\"index, follow, max-snippet:-1, max-image-preview:large, max-video-preview:-1\" \/>\n<link rel=\"canonical\" href=\"https:\/\/thetreecbd.com\/fr\/cbd\/cbd-moonrocks\" \/>\n<meta property=\"og:locale\" content=\"fr_FR\" \/>\n<meta property=\"og:type\" content=\"article\" \/>\n<meta property=\"og:title\" content=\"CBD Moonrocks | The Tree CBD\" \/>\n<meta property=\"og:description\" content=\"Nouvelles CBD Moonrocks de The Tree CBD. Un produit premium con\u00e7u pour booster l&#039;exp\u00e9rience du chanvre sans compromis.\" \/>\n<meta property=\"og:url\" content=\"https:\/\/thetreecbd.com\/fr\/cbd\/cbd-moonrocks\" \/>\n<meta property=\"og:site_name\" content=\"The Tree CBD\" \/>\n<meta property=\"article:publisher\" content=\"https:\/\/www.facebook.com\/thetreeCBD\/\" \/>\n<meta property=\"article:modified_time\" content=\"2026-05-07T13:29:56+00:00\" \/>\n<meta property=\"og:image\" content=\"https:\/\/thetreecbd.com\/wp-content\/uploads\/2024\/08\/cbd-moonrocks-1.jpeg\" \/>\n\t<meta property=\"og:image:width\" content=\"1088\" \/>\n\t<meta property=\"og:image:height\" content=\"1350\" \/>\n\t<meta property=\"og:image:type\" content=\"image\/jpeg\" \/>\n<meta name=\"twitter:card\" content=\"summary_large_image\" \/>\n<meta name=\"twitter:site\" content=\"@TheTreeCBD_EU\" \/>\n<meta name=\"twitter:label1\" content=\"Dur\u00e9e de lecture estim\u00e9e\" \/>\n\t<meta name=\"twitter:data1\" content=\"2 minutes\" \/>\n<script type=\"application\/ld+json\" class=\"yoast-schema-graph\">{\"@context\":\"https:\/\/schema.org\",\"@graph\":[{\"@type\":[\"WebPage\",\"ItemPage\"],\"@id\":\"https:\/\/thetreecbd.com\/fr\/cbd\/cbd-moonrocks\",\"url\":\"https:\/\/thetreecbd.com\/fr\/cbd\/cbd-moonrocks\",\"name\":\"CBD Moonrocks | The Tree CBD\",\"isPartOf\":{\"@id\":\"https:\/\/thetreecbd.com\/fr#website\"},\"primaryImageOfPage\":{\"@id\":\"https:\/\/thetreecbd.com\/fr\/cbd\/cbd-moonrocks#primaryimage\"},\"image\":{\"@id\":\"https:\/\/thetreecbd.com\/fr\/cbd\/cbd-moonrocks#primaryimage\"},\"thumbnailUrl\":\"https:\/\/thetreecbd.com\/wp-content\/uploads\/2024\/08\/cbd-moonrocks-1.jpeg\",\"datePublished\":\"2026-04-15T12:17:37+00:00\",\"dateModified\":\"2026-05-07T13:29:56+00:00\",\"description\":\"Nouvelles CBD Moonrocks de The Tree CBD. Un produit premium con\u00e7u pour booster l'exp\u00e9rience du chanvre sans compromis.\",\"breadcrumb\":{\"@id\":\"https:\/\/thetreecbd.com\/fr\/cbd\/cbd-moonrocks#breadcrumb\"},\"inLanguage\":\"fr-FR\",\"potentialAction\":[{\"@type\":\"ReadAction\",\"target\":[\"https:\/\/thetreecbd.com\/fr\/cbd\/cbd-moonrocks\"]}]},{\"@type\":\"ImageObject\",\"inLanguage\":\"fr-FR\",\"@id\":\"https:\/\/thetreecbd.com\/fr\/cbd\/cbd-moonrocks#primaryimage\",\"url\":\"https:\/\/thetreecbd.com\/wp-content\/uploads\/2024\/08\/cbd-moonrocks-1.jpeg\",\"contentUrl\":\"https:\/\/thetreecbd.com\/wp-content\/uploads\/2024\/08\/cbd-moonrocks-1.jpeg\",\"width\":1088,\"height\":1350},{\"@type\":\"BreadcrumbList\",\"@id\":\"https:\/\/thetreecbd.com\/fr\/cbd\/cbd-moonrocks#breadcrumb\",\"itemListElement\":[{\"@type\":\"ListItem\",\"position\":1,\"name\":\"The Tree\",\"item\":\"https:\/\/thetreecbd.com\/fr\"},{\"@type\":\"ListItem\",\"position\":2,\"name\":\"CBD\",\"item\":\"https:\/\/thetreecbd.com\/es\/cbd\"},{\"@type\":\"ListItem\",\"position\":3,\"name\":\"R\u00e9sines de CBD\",\"item\":\"https:\/\/thetreecbd.com\/fr\/resines-cbd\"},{\"@type\":\"ListItem\",\"position\":4,\"name\":\"CBD Moonrocks\"}]},{\"@type\":\"WebSite\",\"@id\":\"https:\/\/thetreecbd.com\/fr#website\",\"url\":\"https:\/\/thetreecbd.com\/fr\",\"name\":\"The Tree CBD\",\"description\":\"Comprar CBD en Espa\u00f1a Online\",\"publisher\":{\"@id\":\"https:\/\/thetreecbd.com\/fr#organization\"},\"potentialAction\":[{\"@type\":\"SearchAction\",\"target\":{\"@type\":\"EntryPoint\",\"urlTemplate\":\"https:\/\/thetreecbd.com\/fr?s={search_term_string}\"},\"query-input\":{\"@type\":\"PropertyValueSpecification\",\"valueRequired\":true,\"valueName\":\"search_term_string\"}}],\"inLanguage\":\"fr-FR\"},{\"@type\":\"Organization\",\"@id\":\"https:\/\/thetreecbd.com\/fr#organization\",\"name\":\"The Tree CBD\",\"url\":\"https:\/\/thetreecbd.com\/fr\",\"logo\":{\"@type\":\"ImageObject\",\"inLanguage\":\"fr-FR\",\"@id\":\"https:\/\/thetreecbd.com\/fr#\/schema\/logo\/image\/\",\"url\":\"https:\/\/thetreecbd.com\/wp-content\/uploads\/2022\/04\/logo-thetree.png\",\"contentUrl\":\"https:\/\/thetreecbd.com\/wp-content\/uploads\/2022\/04\/logo-thetree.png\",\"width\":172,\"height\":55,\"caption\":\"The Tree CBD\"},\"image\":{\"@id\":\"https:\/\/thetreecbd.com\/fr#\/schema\/logo\/image\/\"},\"sameAs\":[\"https:\/\/www.facebook.com\/thetreeCBD\/\",\"https:\/\/x.com\/TheTreeCBD_EU\",\"https:\/\/www.instagram.com\/thetree.cbd\/\",\"https:\/\/es.trustpilot.com\/review\/thetreecbd.com\"]}]}<\/script>\n<!-- \/ Yoast SEO plugin. -->","yoast_head_json":{"title":"CBD Moonrocks | The Tree CBD","description":"Nouvelles CBD Moonrocks de The Tree CBD. Un produit premium con\u00e7u pour booster l'exp\u00e9rience du chanvre sans compromis.","robots":{"index":"index","follow":"follow","max-snippet":"max-snippet:-1","max-image-preview":"max-image-preview:large","max-video-preview":"max-video-preview:-1"},"canonical":"https:\/\/thetreecbd.com\/fr\/cbd\/cbd-moonrocks","og_locale":"fr_FR","og_type":"article","og_title":"CBD Moonrocks | The Tree CBD","og_description":"Nouvelles CBD Moonrocks de The Tree CBD. Un produit premium con\u00e7u pour booster l'exp\u00e9rience du chanvre sans compromis.","og_url":"https:\/\/thetreecbd.com\/fr\/cbd\/cbd-moonrocks","og_site_name":"The Tree CBD","article_publisher":"https:\/\/www.facebook.com\/thetreeCBD\/","article_modified_time":"2026-05-07T13:29:56+00:00","og_image":[{"width":1088,"height":1350,"url":"https:\/\/thetreecbd.com\/wp-content\/uploads\/2024\/08\/cbd-moonrocks-1.jpeg","type":"image\/jpeg"}],"twitter_card":"summary_large_image","twitter_site":"@TheTreeCBD_EU","twitter_misc":{"Dur\u00e9e de lecture estim\u00e9e":"2 minutes"},"schema":{"@context":"https:\/\/schema.org","@graph":[{"@type":["WebPage","ItemPage"],"@id":"https:\/\/thetreecbd.com\/fr\/cbd\/cbd-moonrocks","url":"https:\/\/thetreecbd.com\/fr\/cbd\/cbd-moonrocks","name":"CBD Moonrocks | The Tree CBD","isPartOf":{"@id":"https:\/\/thetreecbd.com\/fr#website"},"primaryImageOfPage":{"@id":"https:\/\/thetreecbd.com\/fr\/cbd\/cbd-moonrocks#primaryimage"},"image":{"@id":"https:\/\/thetreecbd.com\/fr\/cbd\/cbd-moonrocks#primaryimage"},"thumbnailUrl":"https:\/\/thetreecbd.com\/wp-content\/uploads\/2024\/08\/cbd-moonrocks-1.jpeg","datePublished":"2026-04-15T12:17:37+00:00","dateModified":"2026-05-07T13:29:56+00:00","description":"Nouvelles CBD Moonrocks de The Tree CBD. Un produit premium con\u00e7u pour booster l'exp\u00e9rience du chanvre sans compromis.","breadcrumb":{"@id":"https:\/\/thetreecbd.com\/fr\/cbd\/cbd-moonrocks#breadcrumb"},"inLanguage":"fr-FR","potentialAction":[{"@type":"ReadAction","target":["https:\/\/thetreecbd.com\/fr\/cbd\/cbd-moonrocks"]}]},{"@type":"ImageObject","inLanguage":"fr-FR","@id":"https:\/\/thetreecbd.com\/fr\/cbd\/cbd-moonrocks#primaryimage","url":"https:\/\/thetreecbd.com\/wp-content\/uploads\/2024\/08\/cbd-moonrocks-1.jpeg","contentUrl":"https:\/\/thetreecbd.com\/wp-content\/uploads\/2024\/08\/cbd-moonrocks-1.jpeg","width":1088,"height":1350},{"@type":"BreadcrumbList","@id":"https:\/\/thetreecbd.com\/fr\/cbd\/cbd-moonrocks#breadcrumb","itemListElement":[{"@type":"ListItem","position":1,"name":"The Tree","item":"https:\/\/thetreecbd.com\/fr"},{"@type":"ListItem","position":2,"name":"CBD","item":"https:\/\/thetreecbd.com\/es\/cbd"},{"@type":"ListItem","position":3,"name":"R\u00e9sines de CBD","item":"https:\/\/thetreecbd.com\/fr\/resines-cbd"},{"@type":"ListItem","position":4,"name":"CBD Moonrocks"}]},{"@type":"WebSite","@id":"https:\/\/thetreecbd.com\/fr#website","url":"https:\/\/thetreecbd.com\/fr","name":"The Tree CBD","description":"Comprar CBD en Espa\u00f1a Online","publisher":{"@id":"https:\/\/thetreecbd.com\/fr#organization"},"potentialAction":[{"@type":"SearchAction","target":{"@type":"EntryPoint","urlTemplate":"https:\/\/thetreecbd.com\/fr?s={search_term_string}"},"query-input":{"@type":"PropertyValueSpecification","valueRequired":true,"valueName":"search_term_string"}}],"inLanguage":"fr-FR"},{"@type":"Organization","@id":"https:\/\/thetreecbd.com\/fr#organization","name":"The Tree CBD","url":"https:\/\/thetreecbd.com\/fr","logo":{"@type":"ImageObject","inLanguage":"fr-FR","@id":"https:\/\/thetreecbd.com\/fr#\/schema\/logo\/image\/","url":"https:\/\/thetreecbd.com\/wp-content\/uploads\/2022\/04\/logo-thetree.png","contentUrl":"https:\/\/thetreecbd.com\/wp-content\/uploads\/2022\/04\/logo-thetree.png","width":172,"height":55,"caption":"The Tree CBD"},"image":{"@id":"https:\/\/thetreecbd.com\/fr#\/schema\/logo\/image\/"},"sameAs":["https:\/\/www.facebook.com\/thetreeCBD\/","https:\/\/x.com\/TheTreeCBD_EU","https:\/\/www.instagram.com\/thetree.cbd\/","https:\/\/es.trustpilot.com\/review\/thetreecbd.com"]}]}},"_links":{"self":[{"href":"https:\/\/thetreecbd.com\/fr\/wp-json\/wp\/v2\/product\/193616","targetHints":{"allow":["GET"]}}],"collection":[{"href":"https:\/\/thetreecbd.com\/fr\/wp-json\/wp\/v2\/product"}],"about":[{"href":"https:\/\/thetreecbd.com\/fr\/wp-json\/wp\/v2\/types\/product"}],"version-history":[{"count":1,"href":"https:\/\/thetreecbd.com\/fr\/wp-json\/wp\/v2\/product\/193616\/revisions"}],"predecessor-version":[{"id":193653,"href":"https:\/\/thetreecbd.com\/fr\/wp-json\/wp\/v2\/product\/193616\/revisions\/193653"}],"wp:featuredmedia":[{"embeddable":true,"href":"https:\/\/thetreecbd.com\/fr\/wp-json\/wp\/v2\/media\/193689"}],"wp:attachment":[{"href":"https:\/\/thetreecbd.com\/fr\/wp-json\/wp\/v2\/media?parent=193616"}],"wp:term":[{"taxonomy":"product_brand","embeddable":true,"href":"https:\/\/thetreecbd.com\/fr\/wp-json\/wp\/v2\/product_brand?post=193616"}],"curies":[{"name":"wp","href":"https:\/\/api.w.org\/{rel}","templated":true}]}}