{"id":20913,"date":"2020-04-22T10:08:25","date_gmt":"2020-04-22T08:08:25","guid":{"rendered":"https:\/\/thetreecbd.com\/?post_type=product&#038;p=20913"},"modified":"2026-05-08T16:27:31","modified_gmt":"2026-05-08T14:27:31","slug":"fleurs-cbd-pre-rolls","status":"publish","type":"product","link":"https:\/\/thetreecbd.com\/fr\/cbd\/fleurs-cbd-pre-rolls","title":{"rendered":"CBD Pre-Rolls &#8211; T\u00eates de CBD \u00e9miett\u00e9es"},"content":{"rendered":"<p><span style=\"font-weight: 400;\">Pour ceux qui ne veulent rien attendre, The Tree CBD offre le moyen le plus rapide de profiter des <a href=\"https:\/\/thetreecbd.com\/fr\/fleurs-cbd\">fleurs CBD<\/a>: <\/span><b>CBD<\/b> <b>Pre-rolls<\/b><span style=\"font-weight: 400;\">. Ceux que nous vous proposons sont \u00e0 spectre complet. Ils sont remplis de notre chanvre dans sa forme la plus naturelle et avec une combinaison parfaite de garniture sup\u00e9rieure et de t\u00eates de CBD broy\u00e9es.<\/span><\/p>\n<p><span style=\"font-weight: 400;\">Cr\u00e9\u00e9 \u00e0 partir de chanvre enti\u00e8rement naturel, chaque <\/span><b>pr\u00e9-roll contient environ 150 mg de CBD<\/b><span style=\"font-weight: 400;\">. De plus, il est fabriqu\u00e9 avec du CBD de la plus <\/span><b>haute qualit\u00e9 que la nature a \u00e0 offrir<\/b><span style=\"font-weight: 400;\">. Test\u00e9 en laboratoire tiers, certifi\u00e9 GMP, sans additif et emball\u00e9 \u00e0 la main.<\/span><\/p>\n<p><span style=\"font-weight: 400;\">Fabriqu\u00e9 avec nos <\/span><a href=\"https:\/\/thetreecbd.com\/fr\/fleurs-cbd\"><span style=\"font-weight: 400;\">fleurs CBD<\/span><\/a><span style=\"font-weight: 400;\"> de <\/span><b>qualit\u00e9 sup\u00e9rieure \u00e0 100%.<\/b><span style=\"font-weight: 400;\"> Ces pr\u00e9-rouleaux de fleurs de chanvre CBD sont le moyen id\u00e9al de savourer un m\u00e9lange exquis de nos vari\u00e9t\u00e9s de chanvre les plus vendues, notamment: <\/span><b>Amnesia, Strawberry, Lemon, Pistachio, Haze, Orange Cookies, OG Kush, Sundae Driver et Gelato.<\/b><\/p>\n<p><span style=\"font-weight: 400;\">De plus, chacun de ces produits est fabriqu\u00e9 avec du papier de chanvre biologique et dispose \u00e9galement d\u2019une b\u00e9quille \/ embout buccal de qualit\u00e9, pour une exp\u00e9rience la plus douce possible.<\/span><\/p>\n<p><span style=\"font-weight: 400;\">D\u2019un autre c\u00f4t\u00e9, que vous aimiez fumer en soci\u00e9t\u00e9 ou seul, le produit que nous vous proposons est l\u2019un des moyens les plus pr\u00e9f\u00e9r\u00e9s de consommer du cannabis. La plupart des consommateurs connaissent les pr\u00e9-rolls THC dominants, mais ceux contenant du CBD commencent \u00e0 prendre d\u2019assaut l\u2019industrie du cannabis.<\/span><\/p>\n<p><span style=\"font-weight: 400;\">The Tree CBD vous offre la m\u00e9thode de livraison de CBD la plus rapide pour une alternative naturelle, sans nicotine et sans tabac, parfaite pour profiter lorsque vous avez besoin d\u2019une pause ou d\u2019un calme instantan\u00e9.<\/span><\/p>\n<h2><b>Caract\u00e9ristiques des CBD Pre-rolls<\/b><\/h2>\n<ul>\n<li style=\"font-weight: 400;\" aria-level=\"1\"><span style=\"font-weight: 400;\">Pr\u00e9-rolls de <a href=\"https:\/\/thetreecbd.com\/fr\/fleurs-cbd\">fleurs CBD<\/a><\/span><span style=\"font-weight: 400;\"><br \/>\n<\/span><\/li>\n<li style=\"font-weight: 400;\" aria-level=\"1\"><b>Ne contient ni tabac ni nicotine<\/b><\/li>\n<li style=\"font-weight: 400;\" aria-level=\"1\"><span style=\"font-weight: 400;\">Moins de <\/span><b>0,19% de THC<\/b><b><br \/>\n<\/b><\/li>\n<li style=\"font-weight: 400;\" aria-level=\"1\"><b>20% \u00e0 23% de CBD<\/b><b><br \/>\n<\/b><\/li>\n<li style=\"font-weight: 400;\" aria-level=\"1\"><b>Aucun effet psychoactif<\/b><\/li>\n<li style=\"font-weight: 400;\" aria-level=\"1\"><span style=\"font-weight: 400;\">Culture biologique<\/span><\/li>\n<li style=\"font-weight: 400;\" aria-level=\"1\"><span style=\"font-weight: 400;\">Sans OGM<\/span><\/li>\n<li style=\"font-weight: 400;\" aria-level=\"1\"><span style=\"font-weight: 400;\">Sans pesticides<\/span><\/li>\n<\/ul>\n<h2><b>Ar\u00f4me Pre-rolls CBD<\/b><\/h2>\n<p><span style=\"font-weight: 400;\">Les terp\u00e8nes peuvent \u00eatre trouv\u00e9s dans la plupart des huiles essentielles de nombreuses plantes, fleurs et fruits, ils sont charg\u00e9s de fournir l&#8217;odeur et la saveur. Dans le cannabis, nous<\/span> <span style=\"font-weight: 400;\">pouvons trouver un large profil de terp\u00e8nes.<\/span><\/p>\n<p><span style=\"font-weight: 400;\">Les terp\u00e8nes que vous pouvez trouver dans les c\u00f4nes aromatiques sont un m\u00e9lange de terp\u00e8nes, s\u00e9lectionn\u00e9s par notre \u00e9quipe, lors de la r\u00e9alisation du trim mix pour remplir les c\u00f4nes.<\/span><\/p>\n<h2><b>Utilisateur auquel il est destin\u00e9<\/b><\/h2>\n<p><span style=\"font-weight: 400;\">Les pr\u00e9-rolls CBD sont id\u00e9aux pour les acheteurs qui recherchent la qualit\u00e9 habituelle \u00e0 un prix inf\u00e9rieur.<\/span><\/p>\n<p><span style=\"font-weight: 400;\">\u00c9tant un sous-produit ou un d\u00e9chet, ces c\u00f4nes aromatiques vous permettent d&#8217;avoir acc\u00e8s \u00e0 un m\u00e9lange de vari\u00e9t\u00e9s haut de gamme, pour un prix tr\u00e8s bas, mais en conservant toujours la m\u00eame qualit\u00e9 de The Tree CBD.<\/span><\/p>\n<h2><b>Information sur la s\u00e9curit\u00e9<\/b><\/h2>\n<p><span style=\"font-weight: 400;\">Gardez \u00e0 l&#8217;esprit que les bourgeons CBD de The Tree sont un produit d\u00e9coratif, de collection et aromatique. Ils ne doivent pas \u00eatre utilis\u00e9s pendant la grossesse ou l&#8217;allaitement. Garder hors de la port\u00e9e des enfants.<\/span><\/p>\n<p><span style=\"font-weight: 400;\">Nos bourgeons CBD peuvent contenir une certaine quantit\u00e9 de THC. Bien s\u00fbr, cela est inf\u00e9rieur \u00e0 la limite europ\u00e9enne de 0,2 % de THC.<\/span><\/p>\n<p><span style=\"font-weight: 400;\">Le contenu fourni est uniquement \u00e0 des fins d&#8217;information et de formation et ne se substitue en aucun cas \u00e0 l&#8217;avis m\u00e9dical d&#8217;un m\u00e9decin ou d&#8217;un pharmacien. Nos textes ne sont pas destin\u00e9s au diagnostic et au traitement ind\u00e9pendants des maladies.<\/span><\/p>\n<p><span style=\"font-weight: 400;\">N&#8217;h\u00e9sitez pas \u00e0 nous contacter si vous avez d&#8217;autres questions.<\/span><\/p>\n<h2><b>Stockage<\/b><\/h2>\n<p><span style=\"font-weight: 400;\">Id\u00e9alement, les bourgeons CBD de The Tree doivent \u00eatre stock\u00e9s dans un endroit frais et sec, \u00e0 l&#8217;abri des odeurs l\u00e9g\u00e8res et fortes pour \u00e9viter tout type de contamination et\/ou de d\u00e9gradation. \u00c9vitez la lumi\u00e8re directe du soleil et la chaleur.<\/span><\/p>\n<p><span style=\"font-weight: 400;\">Attention : La dur\u00e9e de conservation indiqu\u00e9e est d&#8217;un mois si stock\u00e9e correctement.<\/span><\/p>\n","protected":false},"excerpt":{"rendered":"<ul>\n<li style=\"font-weight: 400;\" aria-level=\"1\"><span style=\"font-weight: 400;\">Pr\u00e9-rolls de <a href=\"https:\/\/thetreecbd.com\/fr\/fleurs-cbd\">fleurs CBD<\/a><\/span><span style=\"font-weight: 400;\"><br \/>\n<\/span><\/li>\n<li style=\"font-weight: 400;\" aria-level=\"1\"><b>Ne contient ni tabac ni nicotine<\/b><\/li>\n<li style=\"font-weight: 400;\" aria-level=\"1\"><span style=\"font-weight: 400;\">Moins de <\/span><b>0,19% de THC<\/b><b><br \/>\n<\/b><\/li>\n<li style=\"font-weight: 400;\" aria-level=\"1\"><b>20% \u00e0 23% de CBD<\/b><b><br \/>\n<\/b><\/li>\n<li style=\"font-weight: 400;\" aria-level=\"1\"><b>Aucun effet psychoactif<\/b><\/li>\n<li style=\"font-weight: 400;\" aria-level=\"1\"><span style=\"font-weight: 400;\">Culture biologique<\/span><\/li>\n<li style=\"font-weight: 400;\" aria-level=\"1\"><span style=\"font-weight: 400;\">Sans OGM<\/span><\/li>\n<li style=\"font-weight: 400;\" aria-level=\"1\"><span style=\"font-weight: 400;\">Sans pesticides<\/span><\/li>\n<\/ul>\n","protected":false},"featured_media":183373,"template":"","meta":{"_acf_changed":false},"product_brand":[],"class_list":{"0":"post-20913","1":"product","2":"type-product","3":"status-publish","4":"has-post-thumbnail","6":"product_cat-fleurs-cbd","7":"product_cat-pre-roules","8":"product_cat-cbd-concentrees-20","10":"first","11":"outofstock","12":"taxable","13":"shipping-taxable","14":"purchasable","15":"product-type-variable","16":"has-default-attributes"},"acf":[],"yoast_head":"<!-- This site is optimized with the Yoast SEO plugin v26.3 - https:\/\/yoast.com\/wordpress\/plugins\/seo\/ -->\n<title>CBD Pre-Rolls - T\u00eates de CBD \u00e9miett\u00e9es | The Tree CBD<\/title>\n<meta name=\"description\" content=\"Les CBD Pre-Rolls sont les produits de CBD livr\u00e9s le plus rapidement. Des t\u00eates de CBD \u00e9miett\u00e9es \u00e0 spectre complet provenant d&#039;un chanvre totalement naturel\" \/>\n<meta name=\"robots\" content=\"index, follow, max-snippet:-1, max-image-preview:large, max-video-preview:-1\" \/>\n<link rel=\"canonical\" href=\"https:\/\/thetreecbd.com\/fr\/boutique\/cbd-pre-rolls\" \/>\n<meta property=\"og:locale\" content=\"fr_FR\" \/>\n<meta property=\"og:type\" content=\"article\" \/>\n<meta property=\"og:title\" content=\"CBD Pre-Rolls - T\u00eates de CBD \u00e9miett\u00e9es | The Tree CBD\" \/>\n<meta property=\"og:description\" content=\"Les CBD Pre-Rolls sont les produits de CBD livr\u00e9s le plus rapidement. Des t\u00eates de CBD \u00e9miett\u00e9es \u00e0 spectre complet provenant d&#039;un chanvre totalement naturel\" \/>\n<meta property=\"og:url\" content=\"https:\/\/thetreecbd.com\/fr\/boutique\/cbd-pre-rolls\/\" \/>\n<meta property=\"og:site_name\" content=\"The Tree CBD\" \/>\n<meta property=\"article:publisher\" content=\"https:\/\/www.facebook.com\/thetreeCBD\/\" \/>\n<meta property=\"article:modified_time\" content=\"2026-05-08T14:27:31+00:00\" \/>\n<meta property=\"og:image\" content=\"https:\/\/thetreecbd.com\/wp-content\/uploads\/2020\/04\/2preroll-thetreecbd-web.jpg\" \/>\n\t<meta property=\"og:image:width\" content=\"1080\" \/>\n\t<meta property=\"og:image:height\" content=\"1350\" \/>\n\t<meta property=\"og:image:type\" content=\"image\/jpeg\" \/>\n<meta name=\"twitter:card\" content=\"summary_large_image\" \/>\n<meta name=\"twitter:site\" content=\"@TheTreeCBD_EU\" \/>\n<meta name=\"twitter:label1\" content=\"Dur\u00e9e de lecture estim\u00e9e\" \/>\n\t<meta name=\"twitter:data1\" content=\"3 minutes\" \/>\n<script type=\"application\/ld+json\" class=\"yoast-schema-graph\">{\"@context\":\"https:\/\/schema.org\",\"@graph\":[{\"@type\":[\"WebPage\",\"ItemPage\"],\"@id\":\"https:\/\/thetreecbd.com\/fr\/cbd\/fleurs-cbd-pre-rolls\",\"url\":\"https:\/\/thetreecbd.com\/fr\/boutique\/cbd-pre-rolls\/\",\"name\":\"CBD Pre-Rolls - T\u00eates de CBD \u00e9miett\u00e9es | The Tree CBD\",\"isPartOf\":{\"@id\":\"https:\/\/thetreecbd.com\/fr#website\"},\"primaryImageOfPage\":{\"@id\":\"https:\/\/thetreecbd.com\/fr\/boutique\/cbd-pre-rolls\/#primaryimage\"},\"image\":{\"@id\":\"https:\/\/thetreecbd.com\/fr\/boutique\/cbd-pre-rolls\/#primaryimage\"},\"thumbnailUrl\":\"https:\/\/thetreecbd.com\/wp-content\/uploads\/2020\/04\/2preroll-thetreecbd-web.jpg\",\"datePublished\":\"2020-04-22T08:08:25+00:00\",\"dateModified\":\"2026-05-08T14:27:31+00:00\",\"description\":\"Les CBD Pre-Rolls sont les produits de CBD livr\u00e9s le plus rapidement. Des t\u00eates de CBD \u00e9miett\u00e9es \u00e0 spectre complet provenant d'un chanvre totalement naturel\",\"breadcrumb\":{\"@id\":\"https:\/\/thetreecbd.com\/fr\/boutique\/cbd-pre-rolls\/#breadcrumb\"},\"inLanguage\":\"fr-FR\",\"potentialAction\":[{\"@type\":\"ReadAction\",\"target\":[\"https:\/\/thetreecbd.com\/fr\/boutique\/cbd-pre-rolls\/\"]}]},{\"@type\":\"ImageObject\",\"inLanguage\":\"fr-FR\",\"@id\":\"https:\/\/thetreecbd.com\/fr\/boutique\/cbd-pre-rolls\/#primaryimage\",\"url\":\"https:\/\/thetreecbd.com\/wp-content\/uploads\/2020\/04\/2preroll-thetreecbd-web.jpg\",\"contentUrl\":\"https:\/\/thetreecbd.com\/wp-content\/uploads\/2020\/04\/2preroll-thetreecbd-web.jpg\",\"width\":1080,\"height\":1350},{\"@type\":\"BreadcrumbList\",\"@id\":\"https:\/\/thetreecbd.com\/fr\/boutique\/cbd-pre-rolls\/#breadcrumb\",\"itemListElement\":[{\"@type\":\"ListItem\",\"position\":1,\"name\":\"The Tree\",\"item\":\"https:\/\/thetreecbd.com\/fr\"},{\"@type\":\"ListItem\",\"position\":2,\"name\":\"CBD\",\"item\":\"https:\/\/thetreecbd.com\/es\/cbd\"},{\"@type\":\"ListItem\",\"position\":3,\"name\":\"Fleurs de chanvre. Fleurs de CBD\",\"item\":\"https:\/\/thetreecbd.com\/fr\/fleurs-cbd\"},{\"@type\":\"ListItem\",\"position\":4,\"name\":\"CBD Pre-Rolls &#8211; T\u00eates de CBD \u00e9miett\u00e9es\"}]},{\"@type\":\"WebSite\",\"@id\":\"https:\/\/thetreecbd.com\/fr#website\",\"url\":\"https:\/\/thetreecbd.com\/fr\",\"name\":\"The Tree CBD\",\"description\":\"Comprar CBD en Espa\u00f1a Online\",\"publisher\":{\"@id\":\"https:\/\/thetreecbd.com\/fr#organization\"},\"potentialAction\":[{\"@type\":\"SearchAction\",\"target\":{\"@type\":\"EntryPoint\",\"urlTemplate\":\"https:\/\/thetreecbd.com\/fr?s={search_term_string}\"},\"query-input\":{\"@type\":\"PropertyValueSpecification\",\"valueRequired\":true,\"valueName\":\"search_term_string\"}}],\"inLanguage\":\"fr-FR\"},{\"@type\":\"Organization\",\"@id\":\"https:\/\/thetreecbd.com\/fr#organization\",\"name\":\"The Tree CBD\",\"url\":\"https:\/\/thetreecbd.com\/fr\",\"logo\":{\"@type\":\"ImageObject\",\"inLanguage\":\"fr-FR\",\"@id\":\"https:\/\/thetreecbd.com\/fr#\/schema\/logo\/image\/\",\"url\":\"https:\/\/thetreecbd.com\/wp-content\/uploads\/2022\/04\/logo-thetree.png\",\"contentUrl\":\"https:\/\/thetreecbd.com\/wp-content\/uploads\/2022\/04\/logo-thetree.png\",\"width\":172,\"height\":55,\"caption\":\"The Tree CBD\"},\"image\":{\"@id\":\"https:\/\/thetreecbd.com\/fr#\/schema\/logo\/image\/\"},\"sameAs\":[\"https:\/\/www.facebook.com\/thetreeCBD\/\",\"https:\/\/x.com\/TheTreeCBD_EU\",\"https:\/\/www.instagram.com\/thetree.cbd\/\",\"https:\/\/es.trustpilot.com\/review\/thetreecbd.com\"]}]}<\/script>\n<!-- \/ Yoast SEO plugin. -->","yoast_head_json":{"title":"CBD Pre-Rolls - T\u00eates de CBD \u00e9miett\u00e9es | The Tree CBD","description":"Les CBD Pre-Rolls sont les produits de CBD livr\u00e9s le plus rapidement. Des t\u00eates de CBD \u00e9miett\u00e9es \u00e0 spectre complet provenant d'un chanvre totalement naturel","robots":{"index":"index","follow":"follow","max-snippet":"max-snippet:-1","max-image-preview":"max-image-preview:large","max-video-preview":"max-video-preview:-1"},"canonical":"https:\/\/thetreecbd.com\/fr\/boutique\/cbd-pre-rolls","og_locale":"fr_FR","og_type":"article","og_title":"CBD Pre-Rolls - T\u00eates de CBD \u00e9miett\u00e9es | The Tree CBD","og_description":"Les CBD Pre-Rolls sont les produits de CBD livr\u00e9s le plus rapidement. Des t\u00eates de CBD \u00e9miett\u00e9es \u00e0 spectre complet provenant d'un chanvre totalement naturel","og_url":"https:\/\/thetreecbd.com\/fr\/boutique\/cbd-pre-rolls\/","og_site_name":"The Tree CBD","article_publisher":"https:\/\/www.facebook.com\/thetreeCBD\/","article_modified_time":"2026-05-08T14:27:31+00:00","og_image":[{"width":1080,"height":1350,"url":"https:\/\/thetreecbd.com\/wp-content\/uploads\/2020\/04\/2preroll-thetreecbd-web.jpg","type":"image\/jpeg"}],"twitter_card":"summary_large_image","twitter_site":"@TheTreeCBD_EU","twitter_misc":{"Dur\u00e9e de lecture estim\u00e9e":"3 minutes"},"schema":{"@context":"https:\/\/schema.org","@graph":[{"@type":["WebPage","ItemPage"],"@id":"https:\/\/thetreecbd.com\/fr\/cbd\/fleurs-cbd-pre-rolls","url":"https:\/\/thetreecbd.com\/fr\/boutique\/cbd-pre-rolls\/","name":"CBD Pre-Rolls - T\u00eates de CBD \u00e9miett\u00e9es | The Tree CBD","isPartOf":{"@id":"https:\/\/thetreecbd.com\/fr#website"},"primaryImageOfPage":{"@id":"https:\/\/thetreecbd.com\/fr\/boutique\/cbd-pre-rolls\/#primaryimage"},"image":{"@id":"https:\/\/thetreecbd.com\/fr\/boutique\/cbd-pre-rolls\/#primaryimage"},"thumbnailUrl":"https:\/\/thetreecbd.com\/wp-content\/uploads\/2020\/04\/2preroll-thetreecbd-web.jpg","datePublished":"2020-04-22T08:08:25+00:00","dateModified":"2026-05-08T14:27:31+00:00","description":"Les CBD Pre-Rolls sont les produits de CBD livr\u00e9s le plus rapidement. Des t\u00eates de CBD \u00e9miett\u00e9es \u00e0 spectre complet provenant d'un chanvre totalement naturel","breadcrumb":{"@id":"https:\/\/thetreecbd.com\/fr\/boutique\/cbd-pre-rolls\/#breadcrumb"},"inLanguage":"fr-FR","potentialAction":[{"@type":"ReadAction","target":["https:\/\/thetreecbd.com\/fr\/boutique\/cbd-pre-rolls\/"]}]},{"@type":"ImageObject","inLanguage":"fr-FR","@id":"https:\/\/thetreecbd.com\/fr\/boutique\/cbd-pre-rolls\/#primaryimage","url":"https:\/\/thetreecbd.com\/wp-content\/uploads\/2020\/04\/2preroll-thetreecbd-web.jpg","contentUrl":"https:\/\/thetreecbd.com\/wp-content\/uploads\/2020\/04\/2preroll-thetreecbd-web.jpg","width":1080,"height":1350},{"@type":"BreadcrumbList","@id":"https:\/\/thetreecbd.com\/fr\/boutique\/cbd-pre-rolls\/#breadcrumb","itemListElement":[{"@type":"ListItem","position":1,"name":"The Tree","item":"https:\/\/thetreecbd.com\/fr"},{"@type":"ListItem","position":2,"name":"CBD","item":"https:\/\/thetreecbd.com\/es\/cbd"},{"@type":"ListItem","position":3,"name":"Fleurs de chanvre. Fleurs de CBD","item":"https:\/\/thetreecbd.com\/fr\/fleurs-cbd"},{"@type":"ListItem","position":4,"name":"CBD Pre-Rolls &#8211; T\u00eates de CBD \u00e9miett\u00e9es"}]},{"@type":"WebSite","@id":"https:\/\/thetreecbd.com\/fr#website","url":"https:\/\/thetreecbd.com\/fr","name":"The Tree CBD","description":"Comprar CBD en Espa\u00f1a Online","publisher":{"@id":"https:\/\/thetreecbd.com\/fr#organization"},"potentialAction":[{"@type":"SearchAction","target":{"@type":"EntryPoint","urlTemplate":"https:\/\/thetreecbd.com\/fr?s={search_term_string}"},"query-input":{"@type":"PropertyValueSpecification","valueRequired":true,"valueName":"search_term_string"}}],"inLanguage":"fr-FR"},{"@type":"Organization","@id":"https:\/\/thetreecbd.com\/fr#organization","name":"The Tree CBD","url":"https:\/\/thetreecbd.com\/fr","logo":{"@type":"ImageObject","inLanguage":"fr-FR","@id":"https:\/\/thetreecbd.com\/fr#\/schema\/logo\/image\/","url":"https:\/\/thetreecbd.com\/wp-content\/uploads\/2022\/04\/logo-thetree.png","contentUrl":"https:\/\/thetreecbd.com\/wp-content\/uploads\/2022\/04\/logo-thetree.png","width":172,"height":55,"caption":"The Tree CBD"},"image":{"@id":"https:\/\/thetreecbd.com\/fr#\/schema\/logo\/image\/"},"sameAs":["https:\/\/www.facebook.com\/thetreeCBD\/","https:\/\/x.com\/TheTreeCBD_EU","https:\/\/www.instagram.com\/thetree.cbd\/","https:\/\/es.trustpilot.com\/review\/thetreecbd.com"]}]}},"_links":{"self":[{"href":"https:\/\/thetreecbd.com\/fr\/wp-json\/wp\/v2\/product\/20913","targetHints":{"allow":["GET"]}}],"collection":[{"href":"https:\/\/thetreecbd.com\/fr\/wp-json\/wp\/v2\/product"}],"about":[{"href":"https:\/\/thetreecbd.com\/fr\/wp-json\/wp\/v2\/types\/product"}],"version-history":[{"count":0,"href":"https:\/\/thetreecbd.com\/fr\/wp-json\/wp\/v2\/product\/20913\/revisions"}],"wp:featuredmedia":[{"embeddable":true,"href":"https:\/\/thetreecbd.com\/fr\/wp-json\/wp\/v2\/media\/183373"}],"wp:attachment":[{"href":"https:\/\/thetreecbd.com\/fr\/wp-json\/wp\/v2\/media?parent=20913"}],"wp:term":[{"taxonomy":"product_brand","embeddable":true,"href":"https:\/\/thetreecbd.com\/fr\/wp-json\/wp\/v2\/product_brand?post=20913"}],"curies":[{"name":"wp","href":"https:\/\/api.w.org\/{rel}","templated":true}]}}