{"id":21156,"date":"2020-04-22T18:06:01","date_gmt":"2020-04-22T16:06:01","guid":{"rendered":"https:\/\/thetreecbd.com\/?post_type=product&#038;p=21156"},"modified":"2025-12-01T00:31:57","modified_gmt":"2025-11-30T23:31:57","slug":"pollen-cbd-lemon-hash","status":"publish","type":"product","link":"https:\/\/thetreecbd.com\/fr\/cbd\/pollen-cbd-lemon-hash","title":{"rendered":"Lemon CBD Hash"},"content":{"rendered":"<p><span style=\"font-weight: 400;\">The Tree CBD vous propose ce <\/span><b>Lemon CBD Hash<\/b><span style=\"font-weight: 400;\">, un d\u00e9licieux d\u00e9riv\u00e9 des fleurs de chanvre biologique, un Hash hautement r\u00e9sistant et hautement terp\u00e9nique qui offre une saveur citrique instantan\u00e9ment reconnaissable et d\u00e9licieuse.<\/span><\/p>\n<h2><b>Un hasch sucr\u00e9 avec des p\u00e9pites d\u2019agrumes<\/b><\/h2>\n<p><span style=\"font-weight: 400;\">Ce d\u00e9lice de haschich tamis\u00e9<\/span><b> apporte le go\u00fbt sucr\u00e9 et aromatique du pollen<\/b><span style=\"font-weight: 400;\"> avec une <\/span><b>concentration de CBD plus \u00e9lev\u00e9e<\/b><span style=\"font-weight: 400;\">, obtenue \u00e0 partir de trichomes de cannabis r\u00e9sineux qui s\u2019accumulent dans des tamis de <a href=\"https:\/\/thetreecbd.com\/fr\/fleurs-cbd\">fleurs de cannabis<\/a> s\u00e9ch\u00e9es et en vrac sur une maille ou un tamis. Ce haschich, comme son nom l\u2019indique d\u00e9j\u00e0, a une teinte plus jaun\u00e2tre. De plus, ce compos\u00e9 naturel et organique, gr\u00e2ce \u00e0 sa consistance poudr\u00e9e, est parfaitement mall\u00e9able.<\/span><\/p>\n<p><span style=\"font-weight: 400;\">Les glandes r\u00e9sineuses qui contiennent des terp\u00e8nes et des cannabino\u00efdes font de ce concentr\u00e9 une tr\u00e8s bonne vari\u00e9t\u00e9 de Hash, avec une qualit\u00e9 difficile \u00e0 \u00e9galer, et avec une concentration beaucoup plus \u00e9lev\u00e9e de cannabino\u00efdes non psychoactifs, comme le CBD, que celle des <\/span><a href=\"https:\/\/thetreecbd.com\/fr\/fleurs-cbd\"><span style=\"font-weight: 400;\">fleurs de cannabis<\/span><\/a><span style=\"font-weight: 400;\"> \u00e0 partir desquelles il est d\u00e9riv\u00e9.<\/span><\/p>\n<p><span style=\"font-weight: 400;\">Chaque contenant peut contenir<\/span><b> 3 gr., 5gr., 15gr. ou 25gr.<\/b><span style=\"font-weight: 400;\"> de cette vari\u00e9t\u00e9 de <\/span><b>Hash CBD<\/b><span style=\"font-weight: 400;\">, vous pouvez d\u00e9cider lequel vous convient le mieux. Le Hash est soigneusement emball\u00e9 afin qu\u2019un produit frais et de haute qualit\u00e9 arrive \u00e0 votre porte pour satisfaire les plus exigeants.<\/span><\/p>\n<p><span style=\"font-weight: 400;\">Ce hasch de premi\u00e8re qualit\u00e9, comme tous nos produits, provient de <\/span><b>cultures de chanvre biologique en Europe<\/b><span style=\"font-weight: 400;\">, <\/span><b>sans<\/b> <b>pesticides<\/b> <b>ni OGM<\/b><span style=\"font-weight: 400;\">. Il contient \u00e9galement <\/span><b>moins de 0,2% de THC<\/b><span style=\"font-weight: 400;\">, ce qui le rend<\/span><b> l\u00e9gal dans toute l\u2019Europe<\/b><span style=\"font-weight: 400;\">.<\/span><\/p>\n<h2><b>Caract\u00e9ristiques de Lemon CBD Hash<\/b><\/h2>\n<ul>\n<li><span style=\"font-weight: 400;\">CBD Hash: <\/span><b>extrait de fleur de CBD.<\/b><\/li>\n<li><b>7,29% CBD<\/b><\/li>\n<li><span style=\"font-weight: 400;\">Moins de <\/span><b>0,19% de THC<\/b><\/li>\n<li><b>Aucun effet psychoactif<\/b><\/li>\n<li><span style=\"font-weight: 400;\">Chanvre issu de l\u2019agriculture biologique<\/span><\/li>\n<li><span style=\"font-weight: 400;\">Sans OGM<\/span><\/li>\n<li><span style=\"font-weight: 400;\">Sans pesticides<\/span><\/li>\n<\/ul>\n<h2><b>Saveur de hachis de citron<\/b><\/h2>\n<p><span style=\"font-weight: 400;\">Les terp\u00e8nes peuvent \u00eatre trouv\u00e9s dans la plupart des huiles essentielles de nombreuses plantes, fleurs et fruits, ils sont charg\u00e9s de fournir l&#8217;odeur et la saveur. Dans le cannabis, nous pouvons trouver un large profil de terp\u00e8nes.<\/span><\/p>\n<p><span style=\"font-weight: 400;\">L&#8217;une des principales caract\u00e9ristiques de ce haschisch est son a<\/span><b>r\u00f4me d&#8217;agrumes avec des notes intenses de citron et de fleur d&#8217;oranger.<\/b><\/p>\n<h2><b>Utilisateur auquel il est destin\u00e9<\/b><\/h2>\n<p><span style=\"font-weight: 400;\">Le Lemon CBD Hash est tr\u00e8s attrayant, en raison de la couleur douce qui ressemble \u00e0 celle du caramel. La principale caract\u00e9ristique de cet extrait est la coloration claire qui d\u00e9rive directement de la couleur de la r\u00e9sine des plantes utilis\u00e9es pour la production. Au toucher, ce type de haschisch l\u00e9gal a un aspect dur et compact.<\/span><\/p>\n<p><span style=\"font-weight: 400;\">Du point de vue des acheteurs, Lemon CBD Hash offre un produit aromatique pour ceux qui aiment le haschisch blond, tout comme le pollen <\/span><b>typique ou le haschich marocain<\/b><span style=\"font-weight: 400;\">.<\/span><\/p>\n<h2><b>Information sur la s\u00e9curit\u00e9<\/b><\/h2>\n<p><span style=\"font-weight: 400;\">Gardez \u00e0 l&#8217;esprit que les r\u00e9sines CBD de The Tree sont un produit d\u00e9coratif, de collection et aromatique. Ils ne doivent pas \u00eatre utilis\u00e9s pendant la grossesse ou l&#8217;allaitement. Garder hors de la port\u00e9e des enfants.<\/span><\/p>\n<p><span style=\"font-weight: 400;\">Nos r\u00e9sines CBD <\/span><b>peuvent contenir une certaine quantit\u00e9 de THC. Bien s\u00fbr, cela est inf\u00e9rieur \u00e0 la limite europ\u00e9enne de 0,2 % de THC.<\/b><\/p>\n<p><span style=\"font-weight: 400;\">Le contenu fourni est uniquement \u00e0 des fins d&#8217;information et de formation et ne se substitue en aucun cas \u00e0 l&#8217;avis m\u00e9dical d&#8217;un m\u00e9decin ou d&#8217;un pharmacien. Nos textes ne sont pas destin\u00e9s au diagnostic et au traitement ind\u00e9pendants des maladies.<\/span><\/p>\n<p><span style=\"font-weight: 400;\">N&#8217;h\u00e9sitez pas \u00e0 nous contacter si vous avez d&#8217;autres questions.<\/span><\/p>\n<h2><b>Stockage<\/b><\/h2>\n<p><span style=\"font-weight: 400;\">Id\u00e9alement, les r\u00e9sines CBD de The Tree doivent \u00eatre conserv\u00e9es dans un endroit frais et sec, de pr\u00e9f\u00e9rence au r\u00e9frig\u00e9rateur, \u00e0 l&#8217;abri des odeurs l\u00e9g\u00e8res et fortes pour \u00e9viter tout type de contamination et\/ou de d\u00e9gradation.<\/span><\/p>\n<p><b>\u00c9vitez la lumi\u00e8re directe du soleil et la chaleur.<\/b><\/p>\n<p><span style=\"font-weight: 400;\">Attention : La dur\u00e9e de conservation indiqu\u00e9e est d&#8217;un mois si stock\u00e9e correctement.<\/span><\/p>\n","protected":false},"excerpt":{"rendered":"<ul>\n<li><span style=\"font-weight: 400;\">CBD Hash: <\/span><b>extrait de fleur de CBD.<\/b><\/li>\n<li><b>7,29% CBD<\/b><\/li>\n<li><span style=\"font-weight: 400;\">Moins de <\/span><b>0,19% de THC<\/b><\/li>\n<li><b>Aucun effet psychoactif<\/b><\/li>\n<li><span style=\"font-weight: 400;\">Chanvre issu de l\u2019agriculture biologique<\/span><\/li>\n<li><span style=\"font-weight: 400;\">Sans OGM<\/span><\/li>\n<li><span style=\"font-weight: 400;\">Sans pesticides<\/span><\/li>\n<\/ul>\n","protected":false},"featured_media":80794,"template":"","meta":{"_acf_changed":false},"product_brand":[],"class_list":{"0":"post-21156","1":"product","2":"type-product","3":"status-publish","4":"has-post-thumbnail","6":"product_cat-promotions-cbd","7":"product_cat-cbd-concentrees-20","8":"product_cat-cbd-sportifs","9":"product_cat-resines-cbd","11":"first","12":"instock","13":"sale","14":"taxable","15":"shipping-taxable","16":"purchasable","17":"product-type-variable"},"acf":[],"yoast_head":"<!-- This site is optimized with the Yoast SEO plugin v26.3 - https:\/\/yoast.com\/wordpress\/plugins\/seo\/ -->\n<title>Lemon CBD Hash - R\u00e9sine CBD | The Tree CBD<\/title>\n<meta name=\"description\" content=\"Lemon CBD Hash c&#039;est un produit de tr\u00e8s bonne qualit\u00e9, au go\u00fbt et aux aromes intenses, qui plaira \u00e0 tous les fumeurs de haschich les plus exigeants. R\u00e9sine CBD\" \/>\n<meta name=\"robots\" content=\"index, follow, max-snippet:-1, max-image-preview:large, max-video-preview:-1\" \/>\n<link rel=\"canonical\" href=\"https:\/\/thetreecbd.com\/fr\/cbd\/pollen-cbd-lemon-hash\" \/>\n<meta property=\"og:locale\" content=\"fr_FR\" \/>\n<meta property=\"og:type\" content=\"article\" \/>\n<meta property=\"og:title\" content=\"Lemon CBD Hash - R\u00e9sine CBD | The Tree CBD\" \/>\n<meta property=\"og:description\" content=\"Lemon CBD Hash c&#039;est un produit de tr\u00e8s bonne qualit\u00e9, au go\u00fbt et aux aromes intenses, qui plaira \u00e0 tous les fumeurs de haschich les plus exigeants. R\u00e9sine CBD\" \/>\n<meta property=\"og:url\" content=\"https:\/\/thetreecbd.com\/fr\/cbd\/pollen-cbd-lemon-hash\" \/>\n<meta property=\"og:site_name\" content=\"The Tree CBD\" \/>\n<meta property=\"article:publisher\" content=\"https:\/\/www.facebook.com\/thetreeCBD\/\" \/>\n<meta property=\"article:modified_time\" content=\"2025-11-30T23:31:57+00:00\" \/>\n<meta property=\"og:image\" content=\"https:\/\/thetreecbd.com\/wp-content\/uploads\/2020\/04\/resinas-cbd-lemon-hash-1.jpg\" \/>\n\t<meta property=\"og:image:width\" content=\"600\" \/>\n\t<meta property=\"og:image:height\" content=\"720\" \/>\n\t<meta property=\"og:image:type\" content=\"image\/jpeg\" \/>\n<meta name=\"twitter:card\" content=\"summary_large_image\" \/>\n<meta name=\"twitter:site\" content=\"@TheTreeCBD_EU\" \/>\n<meta name=\"twitter:label1\" content=\"Dur\u00e9e de lecture estim\u00e9e\" \/>\n\t<meta name=\"twitter:data1\" content=\"3 minutes\" \/>\n<script type=\"application\/ld+json\" class=\"yoast-schema-graph\">{\"@context\":\"https:\/\/schema.org\",\"@graph\":[{\"@type\":[\"WebPage\",\"ItemPage\"],\"@id\":\"https:\/\/thetreecbd.com\/fr\/cbd\/pollen-cbd-lemon-hash\",\"url\":\"https:\/\/thetreecbd.com\/fr\/cbd\/pollen-cbd-lemon-hash\",\"name\":\"Lemon CBD Hash - R\u00e9sine CBD | The Tree CBD\",\"isPartOf\":{\"@id\":\"https:\/\/thetreecbd.com\/fr#website\"},\"primaryImageOfPage\":{\"@id\":\"https:\/\/thetreecbd.com\/fr\/cbd\/pollen-cbd-lemon-hash#primaryimage\"},\"image\":{\"@id\":\"https:\/\/thetreecbd.com\/fr\/cbd\/pollen-cbd-lemon-hash#primaryimage\"},\"thumbnailUrl\":\"https:\/\/thetreecbd.com\/wp-content\/uploads\/2020\/04\/resinas-cbd-lemon-hash-1.jpg\",\"datePublished\":\"2020-04-22T16:06:01+00:00\",\"dateModified\":\"2025-11-30T23:31:57+00:00\",\"description\":\"Lemon CBD Hash c'est un produit de tr\u00e8s bonne qualit\u00e9, au go\u00fbt et aux aromes intenses, qui plaira \u00e0 tous les fumeurs de haschich les plus exigeants. R\u00e9sine CBD\",\"breadcrumb\":{\"@id\":\"https:\/\/thetreecbd.com\/fr\/cbd\/pollen-cbd-lemon-hash#breadcrumb\"},\"inLanguage\":\"fr-FR\",\"potentialAction\":[{\"@type\":\"ReadAction\",\"target\":[\"https:\/\/thetreecbd.com\/fr\/cbd\/pollen-cbd-lemon-hash\"]}]},{\"@type\":\"ImageObject\",\"inLanguage\":\"fr-FR\",\"@id\":\"https:\/\/thetreecbd.com\/fr\/cbd\/pollen-cbd-lemon-hash#primaryimage\",\"url\":\"https:\/\/thetreecbd.com\/wp-content\/uploads\/2020\/04\/resinas-cbd-lemon-hash-1.jpg\",\"contentUrl\":\"https:\/\/thetreecbd.com\/wp-content\/uploads\/2020\/04\/resinas-cbd-lemon-hash-1.jpg\",\"width\":600,\"height\":720},{\"@type\":\"BreadcrumbList\",\"@id\":\"https:\/\/thetreecbd.com\/fr\/cbd\/pollen-cbd-lemon-hash#breadcrumb\",\"itemListElement\":[{\"@type\":\"ListItem\",\"position\":1,\"name\":\"The Tree\",\"item\":\"https:\/\/thetreecbd.com\/fr\"},{\"@type\":\"ListItem\",\"position\":2,\"name\":\"CBD\",\"item\":\"https:\/\/thetreecbd.com\/es\/cbd\"},{\"@type\":\"ListItem\",\"position\":3,\"name\":\"Produits \u00e0 20% de CBD\",\"item\":\"https:\/\/thetreecbd.com\/fr\/cbd-concentrees-20\"},{\"@type\":\"ListItem\",\"position\":4,\"name\":\"Lemon CBD Hash\"}]},{\"@type\":\"WebSite\",\"@id\":\"https:\/\/thetreecbd.com\/fr#website\",\"url\":\"https:\/\/thetreecbd.com\/fr\",\"name\":\"The Tree CBD\",\"description\":\"Comprar CBD en Espa\u00f1a Online\",\"publisher\":{\"@id\":\"https:\/\/thetreecbd.com\/fr#organization\"},\"potentialAction\":[{\"@type\":\"SearchAction\",\"target\":{\"@type\":\"EntryPoint\",\"urlTemplate\":\"https:\/\/thetreecbd.com\/fr?s={search_term_string}\"},\"query-input\":{\"@type\":\"PropertyValueSpecification\",\"valueRequired\":true,\"valueName\":\"search_term_string\"}}],\"inLanguage\":\"fr-FR\"},{\"@type\":\"Organization\",\"@id\":\"https:\/\/thetreecbd.com\/fr#organization\",\"name\":\"The Tree CBD\",\"url\":\"https:\/\/thetreecbd.com\/fr\",\"logo\":{\"@type\":\"ImageObject\",\"inLanguage\":\"fr-FR\",\"@id\":\"https:\/\/thetreecbd.com\/fr#\/schema\/logo\/image\/\",\"url\":\"https:\/\/thetreecbd.com\/wp-content\/uploads\/2022\/04\/logo-thetree.png\",\"contentUrl\":\"https:\/\/thetreecbd.com\/wp-content\/uploads\/2022\/04\/logo-thetree.png\",\"width\":172,\"height\":55,\"caption\":\"The Tree CBD\"},\"image\":{\"@id\":\"https:\/\/thetreecbd.com\/fr#\/schema\/logo\/image\/\"},\"sameAs\":[\"https:\/\/www.facebook.com\/thetreeCBD\/\",\"https:\/\/x.com\/TheTreeCBD_EU\",\"https:\/\/www.instagram.com\/thetree.cbd\/\",\"https:\/\/es.trustpilot.com\/review\/thetreecbd.com\"]}]}<\/script>\n<!-- \/ Yoast SEO plugin. -->","yoast_head_json":{"title":"Lemon CBD Hash - R\u00e9sine CBD | The Tree CBD","description":"Lemon CBD Hash c'est un produit de tr\u00e8s bonne qualit\u00e9, au go\u00fbt et aux aromes intenses, qui plaira \u00e0 tous les fumeurs de haschich les plus exigeants. R\u00e9sine CBD","robots":{"index":"index","follow":"follow","max-snippet":"max-snippet:-1","max-image-preview":"max-image-preview:large","max-video-preview":"max-video-preview:-1"},"canonical":"https:\/\/thetreecbd.com\/fr\/cbd\/pollen-cbd-lemon-hash","og_locale":"fr_FR","og_type":"article","og_title":"Lemon CBD Hash - R\u00e9sine CBD | The Tree CBD","og_description":"Lemon CBD Hash c'est un produit de tr\u00e8s bonne qualit\u00e9, au go\u00fbt et aux aromes intenses, qui plaira \u00e0 tous les fumeurs de haschich les plus exigeants. R\u00e9sine CBD","og_url":"https:\/\/thetreecbd.com\/fr\/cbd\/pollen-cbd-lemon-hash","og_site_name":"The Tree CBD","article_publisher":"https:\/\/www.facebook.com\/thetreeCBD\/","article_modified_time":"2025-11-30T23:31:57+00:00","og_image":[{"width":600,"height":720,"url":"https:\/\/thetreecbd.com\/wp-content\/uploads\/2020\/04\/resinas-cbd-lemon-hash-1.jpg","type":"image\/jpeg"}],"twitter_card":"summary_large_image","twitter_site":"@TheTreeCBD_EU","twitter_misc":{"Dur\u00e9e de lecture estim\u00e9e":"3 minutes"},"schema":{"@context":"https:\/\/schema.org","@graph":[{"@type":["WebPage","ItemPage"],"@id":"https:\/\/thetreecbd.com\/fr\/cbd\/pollen-cbd-lemon-hash","url":"https:\/\/thetreecbd.com\/fr\/cbd\/pollen-cbd-lemon-hash","name":"Lemon CBD Hash - R\u00e9sine CBD | The Tree CBD","isPartOf":{"@id":"https:\/\/thetreecbd.com\/fr#website"},"primaryImageOfPage":{"@id":"https:\/\/thetreecbd.com\/fr\/cbd\/pollen-cbd-lemon-hash#primaryimage"},"image":{"@id":"https:\/\/thetreecbd.com\/fr\/cbd\/pollen-cbd-lemon-hash#primaryimage"},"thumbnailUrl":"https:\/\/thetreecbd.com\/wp-content\/uploads\/2020\/04\/resinas-cbd-lemon-hash-1.jpg","datePublished":"2020-04-22T16:06:01+00:00","dateModified":"2025-11-30T23:31:57+00:00","description":"Lemon CBD Hash c'est un produit de tr\u00e8s bonne qualit\u00e9, au go\u00fbt et aux aromes intenses, qui plaira \u00e0 tous les fumeurs de haschich les plus exigeants. R\u00e9sine CBD","breadcrumb":{"@id":"https:\/\/thetreecbd.com\/fr\/cbd\/pollen-cbd-lemon-hash#breadcrumb"},"inLanguage":"fr-FR","potentialAction":[{"@type":"ReadAction","target":["https:\/\/thetreecbd.com\/fr\/cbd\/pollen-cbd-lemon-hash"]}]},{"@type":"ImageObject","inLanguage":"fr-FR","@id":"https:\/\/thetreecbd.com\/fr\/cbd\/pollen-cbd-lemon-hash#primaryimage","url":"https:\/\/thetreecbd.com\/wp-content\/uploads\/2020\/04\/resinas-cbd-lemon-hash-1.jpg","contentUrl":"https:\/\/thetreecbd.com\/wp-content\/uploads\/2020\/04\/resinas-cbd-lemon-hash-1.jpg","width":600,"height":720},{"@type":"BreadcrumbList","@id":"https:\/\/thetreecbd.com\/fr\/cbd\/pollen-cbd-lemon-hash#breadcrumb","itemListElement":[{"@type":"ListItem","position":1,"name":"The Tree","item":"https:\/\/thetreecbd.com\/fr"},{"@type":"ListItem","position":2,"name":"CBD","item":"https:\/\/thetreecbd.com\/es\/cbd"},{"@type":"ListItem","position":3,"name":"Produits \u00e0 20% de CBD","item":"https:\/\/thetreecbd.com\/fr\/cbd-concentrees-20"},{"@type":"ListItem","position":4,"name":"Lemon CBD Hash"}]},{"@type":"WebSite","@id":"https:\/\/thetreecbd.com\/fr#website","url":"https:\/\/thetreecbd.com\/fr","name":"The Tree CBD","description":"Comprar CBD en Espa\u00f1a Online","publisher":{"@id":"https:\/\/thetreecbd.com\/fr#organization"},"potentialAction":[{"@type":"SearchAction","target":{"@type":"EntryPoint","urlTemplate":"https:\/\/thetreecbd.com\/fr?s={search_term_string}"},"query-input":{"@type":"PropertyValueSpecification","valueRequired":true,"valueName":"search_term_string"}}],"inLanguage":"fr-FR"},{"@type":"Organization","@id":"https:\/\/thetreecbd.com\/fr#organization","name":"The Tree CBD","url":"https:\/\/thetreecbd.com\/fr","logo":{"@type":"ImageObject","inLanguage":"fr-FR","@id":"https:\/\/thetreecbd.com\/fr#\/schema\/logo\/image\/","url":"https:\/\/thetreecbd.com\/wp-content\/uploads\/2022\/04\/logo-thetree.png","contentUrl":"https:\/\/thetreecbd.com\/wp-content\/uploads\/2022\/04\/logo-thetree.png","width":172,"height":55,"caption":"The Tree CBD"},"image":{"@id":"https:\/\/thetreecbd.com\/fr#\/schema\/logo\/image\/"},"sameAs":["https:\/\/www.facebook.com\/thetreeCBD\/","https:\/\/x.com\/TheTreeCBD_EU","https:\/\/www.instagram.com\/thetree.cbd\/","https:\/\/es.trustpilot.com\/review\/thetreecbd.com"]}]}},"_links":{"self":[{"href":"https:\/\/thetreecbd.com\/fr\/wp-json\/wp\/v2\/product\/21156","targetHints":{"allow":["GET"]}}],"collection":[{"href":"https:\/\/thetreecbd.com\/fr\/wp-json\/wp\/v2\/product"}],"about":[{"href":"https:\/\/thetreecbd.com\/fr\/wp-json\/wp\/v2\/types\/product"}],"version-history":[{"count":0,"href":"https:\/\/thetreecbd.com\/fr\/wp-json\/wp\/v2\/product\/21156\/revisions"}],"wp:featuredmedia":[{"embeddable":true,"href":"https:\/\/thetreecbd.com\/fr\/wp-json\/wp\/v2\/media\/80794"}],"wp:attachment":[{"href":"https:\/\/thetreecbd.com\/fr\/wp-json\/wp\/v2\/media?parent=21156"}],"wp:term":[{"taxonomy":"product_brand","embeddable":true,"href":"https:\/\/thetreecbd.com\/fr\/wp-json\/wp\/v2\/product_brand?post=21156"}],"curies":[{"name":"wp","href":"https:\/\/api.w.org\/{rel}","templated":true}]}}