{"id":26899,"date":"2020-05-15T16:54:43","date_gmt":"2020-05-15T14:54:43","guid":{"rendered":"https:\/\/thetreecbd.com\/?post_type=product&#038;p=26899"},"modified":"2025-11-30T19:00:34","modified_gmt":"2025-11-30T18:00:34","slug":"fleurs-cbd-green-house-skywalker-og","status":"publish","type":"product","link":"https:\/\/thetreecbd.com\/fr\/cbd\/fleurs-cbd-green-house-skywalker-og","title":{"rendered":"Skywalker OG CBD"},"content":{"rendered":"<p><span style=\"font-weight: 400;\">The Tree CBD vous apporte les t\u00eates de marijuana l\u00e9gales de la vari\u00e9t\u00e9 <\/span><b>Skywalker OG CBD<\/b><span style=\"font-weight: 400;\">, une fleur avec une g\u00e9n\u00e9tique unique en Europe. Ces <\/span><a href=\"https:\/\/thetreecbd.com\/fr\/fleurs-cbd\"><span style=\"font-weight: 400;\">t\u00eates CBD<\/span><\/a><span style=\"font-weight: 400;\"> proviennent d\u2019une g\u00e9n\u00e9tique hybride indica, <\/span><b>un croisement entre les souches<\/b> <b>Blueberry et Mazar I Sharif.<\/b><\/p>\n<h2><b>Un ar\u00f4me et une apparence terreux pour un CBD stellaire<\/b><\/h2>\n<p><b>L\u2019ar\u00f4me doux et terreux<\/b><span style=\"font-weight: 400;\"> de cette vari\u00e9t\u00e9 laissera tout le monde satisfait lorsque vous les emm\u00e8nerez dans un autre univers, comme son nom le promet. Les effets et qualit\u00e9s hautement s\u00e9datifs, gr\u00e2ce \u00e0 ses <\/span><b>9,5% de CBD<\/b><span style=\"font-weight: 400;\">, font de cette fleur un excellent choix pour tout moment de d\u00e9tente.<\/span><\/p>\n<p><span style=\"font-weight: 400;\">Visuellement, cette fleur repr\u00e9sente g\u00e9n\u00e9ralement l\u2019<\/span><b>arch\u00e9type du cannabis indica. Bourgeons verts vifs, denses, ronds ou coniques<\/b><span style=\"font-weight: 400;\"> avec des poils orange br\u00fbl\u00e9s en cro\u00fbte dans une \u00e9paisse couche de trichomes, avec des fleurs qui ont tendance \u00e0 \u00eatre plus collantes et tr\u00e8s aromatiques. De plus, cette vari\u00e9t\u00e9 est <\/span><b>cultiv\u00e9e de mani\u00e8re 100% naturelle, sans utiliser d\u2019additifs ou de pesticides d\u2019aucune sorte.<\/b><\/p>\n<p><span style=\"font-weight: 400;\">Ressentez la puissance de cette vari\u00e9t\u00e9 de CBD qui sent bon, a un ar\u00f4me fort et fruit\u00e9, mais aussi une forte note terreuse comme certaines souches de CBD. De plus, comme ils contiennent <\/span><b>moins de 0,20% de THC, ils sont parfaitement l\u00e9gaux dans toute l\u2019Europe et n\u2019ont aucun effet psychoactif<\/b><span style=\"font-weight: 400;\"> d\u2019aucune sorte.<\/span><\/p>\n<h2><b>Caract\u00e9ristiques du cannabis l\u00e9gal Skywalker OG CBD<\/b><\/h2>\n<ul>\n<li style=\"font-weight: 400;\" aria-level=\"1\"><b>Bourgeons de chanvre<\/b><b><br \/>\n<\/b><\/li>\n<li style=\"font-weight: 400;\" aria-level=\"1\"><b>9,5% CBD<\/b><b><br \/>\n<\/b><\/li>\n<li style=\"font-weight: 400;\" aria-level=\"1\"><b>Moins de 0,20% de THC<\/b><b><br \/>\n<\/b><\/li>\n<li style=\"font-weight: 400;\" aria-level=\"1\"><b>G\u00e9n\u00e9tique: semences certifi\u00e9es UE<\/b><b><br \/>\n<\/b><\/li>\n<li style=\"font-weight: 400;\" aria-level=\"1\"><b>Indica 80% Sativa 20%<\/b><b><br \/>\n<\/b><\/li>\n<li style=\"font-weight: 400;\" aria-level=\"1\"><b>Aucun effet psychoactif<\/b><\/li>\n<li style=\"font-weight: 400;\" aria-level=\"1\"><span style=\"font-weight: 400;\">Culture biologique<\/span><\/li>\n<li style=\"font-weight: 400;\" aria-level=\"1\"><span style=\"font-weight: 400;\">Sans OGM<\/span><\/li>\n<li style=\"font-weight: 400;\" aria-level=\"1\"><span style=\"font-weight: 400;\">Sans pesticides<\/span><\/li>\n<\/ul>\n<h2><b>Ar\u00f4me Skywalker OG CBD<\/b><\/h2>\n<p><span style=\"font-weight: 400;\">Les terp\u00e8nes peuvent \u00eatre trouv\u00e9s dans la plupart des huiles essentielles de nombreuses plantes, fleurs et fruits, ils sont charg\u00e9s de fournir l&#8217;odeur et la saveur. Dans le cannabis, nous pouvons trouver un large profil de terp\u00e8nes.<\/span><\/p>\n<p><span style=\"font-weight: 400;\">La Skywalker OG CBD par The Tree est une vari\u00e9t\u00e9 id\u00e9ale pour ceux qui recherchent cet ar\u00f4me herbac\u00e9, \u00e9pic\u00e9 et l\u00e9g\u00e8rement terreux.La combinaison de terp\u00e8nes fruit\u00e9s et bois\u00e9s donne \u00e0 ces fleurs un parfum unique qui semble provenir d&#8217;une autre plan\u00e8te.<\/span><\/p>\n<h2><b>Utilisateur auquel il est destin\u00e9<\/b><\/h2>\n<p><span style=\"font-weight: 400;\">Les fleurs CBD de serre sont parfaites pour ceux qui recherchent le meilleur rapport qualit\u00e9-prix, car elles offrent une couleur tr\u00e8s verte, de bonne qualit\u00e9, offrant un prix inf\u00e9rieur aux fleurs d&#8217;int\u00e9rieur.<\/span><\/p>\n<p><span style=\"font-weight: 400;\">Actuellement, il existe des serres tr\u00e8s bien pr\u00e9par\u00e9es qui peuvent devenir aussi efficaces qu&#8217;une culture d&#8217;int\u00e9rieur, sans perdre la capacit\u00e9 de filtrer la lumi\u00e8re du soleil, et m\u00eame avec un support l\u00e9ger, pour pouvoir maintenir la culture tout au long de l&#8217;ann\u00e9e sous la forme de jusqu&#8217;\u00e0 quatre cycles. De cette fa\u00e7on, les producteurs de CBD optent de plus en plus pour cette solution interm\u00e9diaire, car ils peuvent contr\u00f4ler le climat, les rayons du soleil ne sont pas si agressifs pour la plante et ils peuvent augmenter le rendement de production de la culture tout au long de l&#8217;ann\u00e9e.<\/span><\/p>\n<p><span style=\"font-weight: 400;\">Du point de vue des acheteurs, les fleurs de serre sont, comme nous l&#8217;avons d\u00e9j\u00e0 dit, la meilleure option pour ceux qui recherchent un excellent rapport qualit\u00e9\/prix.<\/span><\/p>\n<h2><b>Information sur la s\u00e9curit\u00e9<\/b><\/h2>\n<p><span style=\"font-weight: 400;\">Gardez \u00e0 l&#8217;esprit que les bourgeons CBD de The Tree sont un produit d\u00e9coratif, de collection et aromatique. Ils ne doivent pas \u00eatre utilis\u00e9s pendant la grossesse ou l&#8217;allaitement. Garder hors de la port\u00e9e des enfants.<\/span><\/p>\n<p><span style=\"font-weight: 400;\">Nos bourgeons CBD peuvent contenir une certaine quantit\u00e9 de THC. Bien s\u00fbr, cela est inf\u00e9rieur \u00e0 la limite europ\u00e9enne de 0,2 % de THC.<\/span><\/p>\n<p><span style=\"font-weight: 400;\">Le contenu fourni est uniquement \u00e0 des fins d&#8217;information et de formation et ne se substitue en aucun cas \u00e0 l&#8217;avis m\u00e9dical d&#8217;un m\u00e9decin ou d&#8217;un pharmacien. Nos textes ne sont pas destin\u00e9s au diagnostic et au traitement ind\u00e9pendants des maladies.<\/span><\/p>\n<p><span style=\"font-weight: 400;\">N&#8217;h\u00e9sitez pas \u00e0 nous contacter si vous avez d&#8217;autres questions.<\/span><\/p>\n<h2><b>Stockage<\/b><\/h2>\n<p><span style=\"font-weight: 400;\">Id\u00e9alement, les bourgeons CBD de The Tree doivent \u00eatre stock\u00e9s dans un endroit frais et sec, \u00e0 l&#8217;abri des odeurs l\u00e9g\u00e8res et fortes pour \u00e9viter tout type de contamination et\/ou de d\u00e9gradation. \u00c9vitez la lumi\u00e8re directe du soleil et la chaleur.<\/span><\/p>\n<p><span style=\"font-weight: 400;\">Attention : La dur\u00e9e de conservation indiqu\u00e9e est d&#8217;un mois si stock\u00e9e correctement.<\/span><\/p>\n","protected":false},"excerpt":{"rendered":"<ul>\n<li style=\"font-weight: 400;\" aria-level=\"1\"><b>Bourgeons de chanvre<\/b><b><br \/>\n<\/b><\/li>\n<li style=\"font-weight: 400;\" aria-level=\"1\"><b>9,5% CBD<\/b><b><br \/>\n<\/b><\/li>\n<li style=\"font-weight: 400;\" aria-level=\"1\"><b>Moins de 0,20% de THC<\/b><b><br \/>\n<\/b><\/li>\n<li style=\"font-weight: 400;\" aria-level=\"1\"><b>G\u00e9n\u00e9tique: semences certifi\u00e9es UE<\/b><b><br \/>\n<\/b><\/li>\n<li style=\"font-weight: 400;\" aria-level=\"1\"><b>Indica 80% Sativa 20%<\/b><b><br \/>\n<\/b><\/li>\n<li style=\"font-weight: 400;\" aria-level=\"1\"><b>Aucun effet psychoactif<\/b><\/li>\n<li style=\"font-weight: 400;\" aria-level=\"1\"><span style=\"font-weight: 400;\">Culture biologique<\/span><\/li>\n<li style=\"font-weight: 400;\" aria-level=\"1\"><span style=\"font-weight: 400;\">Sans OGM<\/span><\/li>\n<li style=\"font-weight: 400;\" aria-level=\"1\"><span style=\"font-weight: 400;\">Sans pesticides<\/span><\/li>\n<\/ul>\n","protected":false},"featured_media":181876,"template":"","meta":{"_acf_changed":false},"product_brand":[],"class_list":{"0":"post-26899","1":"product","2":"type-product","3":"status-publish","4":"has-post-thumbnail","6":"product_cat-green-house","7":"product_cat-fleurs-cbd","8":"product_cat-cbd-concentrees-20","10":"first","11":"instock","12":"taxable","13":"shipping-taxable","14":"purchasable","15":"product-type-variable"},"acf":[],"yoast_head":"<!-- This site is optimized with the Yoast SEO plugin v26.3 - https:\/\/yoast.com\/wordpress\/plugins\/seo\/ -->\n<title>Skywalker OG CBD - 9.5% de CBD. Cannabis l\u00e9galis\u00e9 | The Tree CBD<\/title>\n<meta name=\"description\" content=\"Ressentez la puissance de Skywalker OG CBD : un ar\u00f4me doux et terreux qui vous emm\u00e8nera dans un autre univers, comme son nom le promet. L\u00e9gale dans toute l&#039;Europe.\" \/>\n<meta name=\"robots\" content=\"index, follow, max-snippet:-1, max-image-preview:large, max-video-preview:-1\" \/>\n<link rel=\"canonical\" href=\"https:\/\/thetreecbd.com\/fr\/boutique\/skywalker-og-cbd\" \/>\n<meta property=\"og:locale\" content=\"fr_FR\" \/>\n<meta property=\"og:type\" content=\"article\" \/>\n<meta property=\"og:title\" content=\"Skywalker OG CBD - 9.5% de CBD. Cannabis l\u00e9galis\u00e9 | The Tree CBD\" \/>\n<meta property=\"og:description\" content=\"Ressentez la puissance de Skywalker OG CBD : un ar\u00f4me doux et terreux qui vous emm\u00e8nera dans un autre univers, comme son nom le promet. L\u00e9gale dans toute l&#039;Europe.\" \/>\n<meta property=\"og:url\" content=\"https:\/\/thetreecbd.com\/fr\/boutique\/skywalker-og-cbd\/\" \/>\n<meta property=\"og:site_name\" content=\"The Tree CBD\" \/>\n<meta property=\"article:publisher\" content=\"https:\/\/www.facebook.com\/thetreeCBD\/\" \/>\n<meta property=\"article:modified_time\" content=\"2025-11-30T18:00:34+00:00\" \/>\n<meta property=\"og:image\" content=\"https:\/\/thetreecbd.com\/wp-content\/uploads\/2020\/05\/ogskywalker-thetree-web.jpg\" \/>\n\t<meta property=\"og:image:width\" content=\"1080\" \/>\n\t<meta property=\"og:image:height\" content=\"1350\" \/>\n\t<meta property=\"og:image:type\" content=\"image\/jpeg\" \/>\n<meta name=\"twitter:card\" content=\"summary_large_image\" \/>\n<meta name=\"twitter:site\" content=\"@TheTreeCBD_EU\" \/>\n<meta name=\"twitter:label1\" content=\"Dur\u00e9e de lecture estim\u00e9e\" \/>\n\t<meta name=\"twitter:data1\" content=\"4 minutes\" \/>\n<script type=\"application\/ld+json\" class=\"yoast-schema-graph\">{\"@context\":\"https:\/\/schema.org\",\"@graph\":[{\"@type\":[\"WebPage\",\"ItemPage\"],\"@id\":\"https:\/\/thetreecbd.com\/fr\/cbd\/fleurs-cbd-green-house-skywalker-og\",\"url\":\"https:\/\/thetreecbd.com\/fr\/boutique\/skywalker-og-cbd\/\",\"name\":\"Skywalker OG CBD - 9.5% de CBD. Cannabis l\u00e9galis\u00e9 | The Tree CBD\",\"isPartOf\":{\"@id\":\"https:\/\/thetreecbd.com\/fr#website\"},\"primaryImageOfPage\":{\"@id\":\"https:\/\/thetreecbd.com\/fr\/boutique\/skywalker-og-cbd\/#primaryimage\"},\"image\":{\"@id\":\"https:\/\/thetreecbd.com\/fr\/boutique\/skywalker-og-cbd\/#primaryimage\"},\"thumbnailUrl\":\"https:\/\/thetreecbd.com\/wp-content\/uploads\/2020\/05\/ogskywalker-thetree-web.jpg\",\"datePublished\":\"2020-05-15T14:54:43+00:00\",\"dateModified\":\"2025-11-30T18:00:34+00:00\",\"description\":\"Ressentez la puissance de Skywalker OG CBD : un ar\u00f4me doux et terreux qui vous emm\u00e8nera dans un autre univers, comme son nom le promet. L\u00e9gale dans toute l'Europe.\",\"breadcrumb\":{\"@id\":\"https:\/\/thetreecbd.com\/fr\/boutique\/skywalker-og-cbd\/#breadcrumb\"},\"inLanguage\":\"fr-FR\",\"potentialAction\":[{\"@type\":\"ReadAction\",\"target\":[\"https:\/\/thetreecbd.com\/fr\/boutique\/skywalker-og-cbd\/\"]}]},{\"@type\":\"ImageObject\",\"inLanguage\":\"fr-FR\",\"@id\":\"https:\/\/thetreecbd.com\/fr\/boutique\/skywalker-og-cbd\/#primaryimage\",\"url\":\"https:\/\/thetreecbd.com\/wp-content\/uploads\/2020\/05\/ogskywalker-thetree-web.jpg\",\"contentUrl\":\"https:\/\/thetreecbd.com\/wp-content\/uploads\/2020\/05\/ogskywalker-thetree-web.jpg\",\"width\":1080,\"height\":1350},{\"@type\":\"BreadcrumbList\",\"@id\":\"https:\/\/thetreecbd.com\/fr\/boutique\/skywalker-og-cbd\/#breadcrumb\",\"itemListElement\":[{\"@type\":\"ListItem\",\"position\":1,\"name\":\"The Tree\",\"item\":\"https:\/\/thetreecbd.com\/fr\"},{\"@type\":\"ListItem\",\"position\":2,\"name\":\"CBD\",\"item\":\"https:\/\/thetreecbd.com\/es\/cbd\"},{\"@type\":\"ListItem\",\"position\":3,\"name\":\"Fleurs de chanvre. Fleurs de CBD\",\"item\":\"https:\/\/thetreecbd.com\/fr\/fleurs-cbd\"},{\"@type\":\"ListItem\",\"position\":4,\"name\":\"Fleurs de CBD Green House\",\"item\":\"https:\/\/thetreecbd.com\/fr\/fleurs-cbd\/green-house\"},{\"@type\":\"ListItem\",\"position\":5,\"name\":\"Skywalker OG CBD\"}]},{\"@type\":\"WebSite\",\"@id\":\"https:\/\/thetreecbd.com\/fr#website\",\"url\":\"https:\/\/thetreecbd.com\/fr\",\"name\":\"The Tree CBD\",\"description\":\"Comprar CBD en Espa\u00f1a Online\",\"publisher\":{\"@id\":\"https:\/\/thetreecbd.com\/fr#organization\"},\"potentialAction\":[{\"@type\":\"SearchAction\",\"target\":{\"@type\":\"EntryPoint\",\"urlTemplate\":\"https:\/\/thetreecbd.com\/fr?s={search_term_string}\"},\"query-input\":{\"@type\":\"PropertyValueSpecification\",\"valueRequired\":true,\"valueName\":\"search_term_string\"}}],\"inLanguage\":\"fr-FR\"},{\"@type\":\"Organization\",\"@id\":\"https:\/\/thetreecbd.com\/fr#organization\",\"name\":\"The Tree CBD\",\"url\":\"https:\/\/thetreecbd.com\/fr\",\"logo\":{\"@type\":\"ImageObject\",\"inLanguage\":\"fr-FR\",\"@id\":\"https:\/\/thetreecbd.com\/fr#\/schema\/logo\/image\/\",\"url\":\"https:\/\/thetreecbd.com\/wp-content\/uploads\/2022\/04\/logo-thetree.png\",\"contentUrl\":\"https:\/\/thetreecbd.com\/wp-content\/uploads\/2022\/04\/logo-thetree.png\",\"width\":172,\"height\":55,\"caption\":\"The Tree CBD\"},\"image\":{\"@id\":\"https:\/\/thetreecbd.com\/fr#\/schema\/logo\/image\/\"},\"sameAs\":[\"https:\/\/www.facebook.com\/thetreeCBD\/\",\"https:\/\/x.com\/TheTreeCBD_EU\",\"https:\/\/www.instagram.com\/thetree.cbd\/\",\"https:\/\/es.trustpilot.com\/review\/thetreecbd.com\"]}]}<\/script>\n<!-- \/ Yoast SEO plugin. -->","yoast_head_json":{"title":"Skywalker OG CBD - 9.5% de CBD. Cannabis l\u00e9galis\u00e9 | The Tree CBD","description":"Ressentez la puissance de Skywalker OG CBD : un ar\u00f4me doux et terreux qui vous emm\u00e8nera dans un autre univers, comme son nom le promet. L\u00e9gale dans toute l'Europe.","robots":{"index":"index","follow":"follow","max-snippet":"max-snippet:-1","max-image-preview":"max-image-preview:large","max-video-preview":"max-video-preview:-1"},"canonical":"https:\/\/thetreecbd.com\/fr\/boutique\/skywalker-og-cbd","og_locale":"fr_FR","og_type":"article","og_title":"Skywalker OG CBD - 9.5% de CBD. Cannabis l\u00e9galis\u00e9 | The Tree CBD","og_description":"Ressentez la puissance de Skywalker OG CBD : un ar\u00f4me doux et terreux qui vous emm\u00e8nera dans un autre univers, comme son nom le promet. L\u00e9gale dans toute l'Europe.","og_url":"https:\/\/thetreecbd.com\/fr\/boutique\/skywalker-og-cbd\/","og_site_name":"The Tree CBD","article_publisher":"https:\/\/www.facebook.com\/thetreeCBD\/","article_modified_time":"2025-11-30T18:00:34+00:00","og_image":[{"width":1080,"height":1350,"url":"https:\/\/thetreecbd.com\/wp-content\/uploads\/2020\/05\/ogskywalker-thetree-web.jpg","type":"image\/jpeg"}],"twitter_card":"summary_large_image","twitter_site":"@TheTreeCBD_EU","twitter_misc":{"Dur\u00e9e de lecture estim\u00e9e":"4 minutes"},"schema":{"@context":"https:\/\/schema.org","@graph":[{"@type":["WebPage","ItemPage"],"@id":"https:\/\/thetreecbd.com\/fr\/cbd\/fleurs-cbd-green-house-skywalker-og","url":"https:\/\/thetreecbd.com\/fr\/boutique\/skywalker-og-cbd\/","name":"Skywalker OG CBD - 9.5% de CBD. Cannabis l\u00e9galis\u00e9 | The Tree CBD","isPartOf":{"@id":"https:\/\/thetreecbd.com\/fr#website"},"primaryImageOfPage":{"@id":"https:\/\/thetreecbd.com\/fr\/boutique\/skywalker-og-cbd\/#primaryimage"},"image":{"@id":"https:\/\/thetreecbd.com\/fr\/boutique\/skywalker-og-cbd\/#primaryimage"},"thumbnailUrl":"https:\/\/thetreecbd.com\/wp-content\/uploads\/2020\/05\/ogskywalker-thetree-web.jpg","datePublished":"2020-05-15T14:54:43+00:00","dateModified":"2025-11-30T18:00:34+00:00","description":"Ressentez la puissance de Skywalker OG CBD : un ar\u00f4me doux et terreux qui vous emm\u00e8nera dans un autre univers, comme son nom le promet. L\u00e9gale dans toute l'Europe.","breadcrumb":{"@id":"https:\/\/thetreecbd.com\/fr\/boutique\/skywalker-og-cbd\/#breadcrumb"},"inLanguage":"fr-FR","potentialAction":[{"@type":"ReadAction","target":["https:\/\/thetreecbd.com\/fr\/boutique\/skywalker-og-cbd\/"]}]},{"@type":"ImageObject","inLanguage":"fr-FR","@id":"https:\/\/thetreecbd.com\/fr\/boutique\/skywalker-og-cbd\/#primaryimage","url":"https:\/\/thetreecbd.com\/wp-content\/uploads\/2020\/05\/ogskywalker-thetree-web.jpg","contentUrl":"https:\/\/thetreecbd.com\/wp-content\/uploads\/2020\/05\/ogskywalker-thetree-web.jpg","width":1080,"height":1350},{"@type":"BreadcrumbList","@id":"https:\/\/thetreecbd.com\/fr\/boutique\/skywalker-og-cbd\/#breadcrumb","itemListElement":[{"@type":"ListItem","position":1,"name":"The Tree","item":"https:\/\/thetreecbd.com\/fr"},{"@type":"ListItem","position":2,"name":"CBD","item":"https:\/\/thetreecbd.com\/es\/cbd"},{"@type":"ListItem","position":3,"name":"Fleurs de chanvre. Fleurs de CBD","item":"https:\/\/thetreecbd.com\/fr\/fleurs-cbd"},{"@type":"ListItem","position":4,"name":"Fleurs de CBD Green House","item":"https:\/\/thetreecbd.com\/fr\/fleurs-cbd\/green-house"},{"@type":"ListItem","position":5,"name":"Skywalker OG CBD"}]},{"@type":"WebSite","@id":"https:\/\/thetreecbd.com\/fr#website","url":"https:\/\/thetreecbd.com\/fr","name":"The Tree CBD","description":"Comprar CBD en Espa\u00f1a Online","publisher":{"@id":"https:\/\/thetreecbd.com\/fr#organization"},"potentialAction":[{"@type":"SearchAction","target":{"@type":"EntryPoint","urlTemplate":"https:\/\/thetreecbd.com\/fr?s={search_term_string}"},"query-input":{"@type":"PropertyValueSpecification","valueRequired":true,"valueName":"search_term_string"}}],"inLanguage":"fr-FR"},{"@type":"Organization","@id":"https:\/\/thetreecbd.com\/fr#organization","name":"The Tree CBD","url":"https:\/\/thetreecbd.com\/fr","logo":{"@type":"ImageObject","inLanguage":"fr-FR","@id":"https:\/\/thetreecbd.com\/fr#\/schema\/logo\/image\/","url":"https:\/\/thetreecbd.com\/wp-content\/uploads\/2022\/04\/logo-thetree.png","contentUrl":"https:\/\/thetreecbd.com\/wp-content\/uploads\/2022\/04\/logo-thetree.png","width":172,"height":55,"caption":"The Tree CBD"},"image":{"@id":"https:\/\/thetreecbd.com\/fr#\/schema\/logo\/image\/"},"sameAs":["https:\/\/www.facebook.com\/thetreeCBD\/","https:\/\/x.com\/TheTreeCBD_EU","https:\/\/www.instagram.com\/thetree.cbd\/","https:\/\/es.trustpilot.com\/review\/thetreecbd.com"]}]}},"_links":{"self":[{"href":"https:\/\/thetreecbd.com\/fr\/wp-json\/wp\/v2\/product\/26899","targetHints":{"allow":["GET"]}}],"collection":[{"href":"https:\/\/thetreecbd.com\/fr\/wp-json\/wp\/v2\/product"}],"about":[{"href":"https:\/\/thetreecbd.com\/fr\/wp-json\/wp\/v2\/types\/product"}],"version-history":[{"count":0,"href":"https:\/\/thetreecbd.com\/fr\/wp-json\/wp\/v2\/product\/26899\/revisions"}],"wp:featuredmedia":[{"embeddable":true,"href":"https:\/\/thetreecbd.com\/fr\/wp-json\/wp\/v2\/media\/181876"}],"wp:attachment":[{"href":"https:\/\/thetreecbd.com\/fr\/wp-json\/wp\/v2\/media?parent=26899"}],"wp:term":[{"taxonomy":"product_brand","embeddable":true,"href":"https:\/\/thetreecbd.com\/fr\/wp-json\/wp\/v2\/product_brand?post=26899"}],"curies":[{"name":"wp","href":"https:\/\/api.w.org\/{rel}","templated":true}]}}