{"id":3375,"date":"2019-01-04T08:13:53","date_gmt":"2019-01-04T07:13:53","guid":{"rendered":"http:\/\/thetreecbd.com\/?post_type=product&#038;p=3375"},"modified":"2026-04-29T12:52:49","modified_gmt":"2026-04-29T10:52:49","slug":"huiles-cbd-spectre-large-10","status":"publish","type":"product","link":"https:\/\/thetreecbd.com\/fr\/cbd\/huiles-cbd-spectre-large-10","title":{"rendered":"Huile CBD 10% sans THC"},"content":{"rendered":"<p><b>Huiles de CBD \u00e0 10 % est fabriqu\u00e9e \u00e0 partir d\u2019huile de graines de chanvre.<\/b><span style=\"font-weight: 400;\"> Elle est faite avec un extrait de fleur de chanvre \u00e0 large spectre, ce qui la rend contient la plupart des composants actifs du chanvre, <\/span><b>mais contient 0% de THC.<\/b><\/p>\n<p><span style=\"font-weight: 400;\">Fabriqu\u00e9 \u00e0 partir d&#8217;extraits de fleurs de chanvre \u00e0 spectre complet contenant la plupart des composants actifs du chanvre.<\/span><\/p>\n<p><span style=\"font-weight: 400;\">Cette <\/span><a href=\"https:\/\/thetreecbd.com\/fr\/huiles-cbd\"><span style=\"font-weight: 400;\">huile<\/span><\/a><span style=\"font-weight: 400;\"> CBD a \u00e9t\u00e9 faite sans solvant: sans alcool, gaz ou autre solvant plus agressif utilis\u00e9 pour l\u2019extraction.<\/span><\/p>\n<p><span style=\"font-weight: 400;\">Ainsi, nous pr\u00e9serve le maximum de composants de la fleur de chanvre et de ses propri\u00e9t\u00e9s, fournissant principalement 10% de cannabidiol (CBD), et des parties mineures de CBG, CBN, CBC et plus de 40 terp\u00e8nes pr\u00e9sentes naturellement dans le chanvre. Cette solution contient tout le spectre de la plante.<\/span><\/p>\n<p><span style=\"font-weight: 400;\">Si vous avez besoin d\u2019une dose hautement concentr\u00e9e de CBD, notre formule \u00e0 10% est parfaite. Nous l\u2019avons fait sp\u00e9cialement pour ceux qui ont d\u00e9j\u00e0 essay\u00e9 le CBD. Chaque bouteille de CBD est soumise \u00e0 un contr\u00f4le de qualit\u00e9 rigoureux et est extraite de chanvre biologique. Gr\u00e2ce \u00e0 des processus sophistiqu\u00e9s d\u2019extraction et de purification du CO\u2082 et \u00e0 des tests ind\u00e9pendants, chaque bouteille contient du CBD de haute qualit\u00e9 sans effets secondaires ind\u00e9sirables, additifs et produits chimiques artificiels.<\/span><\/p>\n<p><span style=\"font-weight: 400;\">Notre huile est cultiv\u00e9e de mani\u00e8re \u00e9cologique, sans pesticides, sans produits chimiques nocifs et conform\u00e9ment aux contr\u00f4les de qualit\u00e9 les plus rigoureux, et avec des ingr\u00e9dients 100% d\u2019origine v\u00e9g\u00e9tale.<\/span><\/p>\n<p><span style=\"font-weight: 400;\">L\u2019huile de CBD contient moins de 0,2% de THC. C\u2019est compl\u00e8tement l\u00e9gal en Europe et n\u2019a aucun effet psychoactif.<\/span><\/p>\n<p><span style=\"font-weight: 400;\">\u00a0<\/span><\/p>\n<h2><b>Caract\u00e9ristiques de les huiles CBD 10 %<\/b><\/h2>\n<ul>\n<li><span style=\"font-weight: 400;\">Huile \u00e0 base <\/span><b>d\u2019huile de graines de chanvre<\/b><\/li>\n<li><b>10% de CBD par goutte (5 mg par goutte).<\/b><\/li>\n<li><span style=\"font-weight: 400;\">Flacon doseur de 10 ml.<\/span><\/li>\n<li><span style=\"font-weight: 400;\">Agriculture biologique, sans pesticides ni produits chimiques nocifs.<\/span><\/li>\n<li><span style=\"font-weight: 400;\">Ne contient pas de THC<\/span><\/li>\n<li><span style=\"font-weight: 400;\"><span style=\"font-weight: 400;\"><span style=\"font-weight: 400;\">Usage topique<\/span><\/span><\/span><\/li>\n<\/ul>\n<h2><b>Ingr\u00e9dients<\/b><\/h2>\n<p><span style=\"font-weight: 400;\">Huile \u00e0 base d&#8217;huile<\/span> <span style=\"font-weight: 400;\">de graines de chanvre et extraction de chanvre au CO2.<\/span><\/p>\n<p>&nbsp;<\/p>\n<h2><b>Parfum CBD<\/b><\/h2>\n<p><span style=\"font-weight: 400;\">Les terp\u00e8nes peuvent \u00eatre trouv\u00e9s dans la plupart des huiles essentielles de nombreuses plantes, fleurs et fruits, ils sont charg\u00e9s de fournir l&#8217;odeur et la saveur. Dans le cannabis, nous pouvons trouver un large profil de terp\u00e8nes.<\/span><\/p>\n<p><span style=\"font-weight: 400;\">Les huiles de CBD fabriqu\u00e9es \u00e0 partir d&#8217;extraits \u00e0 spectre complet de haute qualit\u00e9 sentiront la marijuana. En effet, la majeure partie de l&#8217;odeur du cannabis est le r\u00e9sultat de terp\u00e8nes.<\/span><\/p>\n<p>&nbsp;<\/p>\n<h2><b>Utilisateur auquel il est destin\u00e9<\/b><\/h2>\n<p><span style=\"font-weight: 400;\">Les huiles \u00e0 10 % de CBD, comme leur nom l&#8217;indique, ont une quantit\u00e9 de CBD de 10 % du produit total. Cette concentration de CBD est la plus courante chez les personnes qui ont d\u00e9j\u00e0 une certaine exp\u00e9rience avec ce cannabino\u00efde, et son effet est d&#8217;intensit\u00e9 moyenne.<\/span><\/p>\n<p><span style=\"font-weight: 400;\">En particulier, cette huile est faite pour ceux qui veulent profiter des bienfaits du CBD mais veulent le produit sans la pr\u00e9sence de THC.<\/span><\/p>\n<p>&nbsp;<\/p>\n<h2><b>Information sur la s\u00e9curit\u00e9<\/b><\/h2>\n<p><span style=\"font-weight: 400;\">Veuillez noter que l&#8217;huile de CBD \u00e0 spectre complet 5 % de The Tree est un produit topique. Il ne doit pas \u00eatre utilis\u00e9 pendant la grossesse ou l&#8217;allaitement. Garder hors de la port\u00e9e des enfants.<\/span><\/p>\n<p><span style=\"font-weight: 400;\">L&#8217;huile ne contient pas de THC.<\/span><\/p>\n<p><span style=\"font-weight: 400;\">Le contenu fourni est uniquement \u00e0 des fins d&#8217;information et de formation et ne se substitue en aucun cas \u00e0 l&#8217;avis m\u00e9dical d&#8217;un m\u00e9decin ou d&#8217;un pharmacien. Nos textes ne sont pas destin\u00e9s au diagnostic et au traitement ind\u00e9pendants des maladies.<\/span><\/p>\n<p><span style=\"font-weight: 400;\">N&#8217;h\u00e9sitez pas \u00e0 nous contacter si vous avez d&#8217;autres questions.<\/span><\/p>\n<p>&nbsp;<\/p>\n<h2><b>Stockage<\/b><\/h2>\n<p><span style=\"font-weight: 400;\">Id\u00e9alement, l&#8217;huile de CBD de The Tree doit \u00eatre stock\u00e9e dans un endroit frais et sec, \u00e0 l&#8217;abri des odeurs l\u00e9g\u00e8res et fortes pour \u00e9viter tout type de contamination. \u00c9vitez la lumi\u00e8re directe du soleil et la chaleur.<\/span><\/p>\n<p><span style=\"font-weight: 400;\">Conserver dans un endroit frais et sec. Tenir hors de port\u00e9e des enfants.<\/span><\/p>\n<p><span style=\"font-weight: 400;\">Attention : La dur\u00e9e de conservation indiqu\u00e9e est de deux ans si elle est conserv\u00e9e correctement.<\/span><\/p>\n","protected":false},"excerpt":{"rendered":"<ul>\n<li><span style=\"font-weight: 400;\">Huile \u00e0 base <\/span><b>d\u2019huile de graines de chanvre<\/b><\/li>\n<li><b>10% de CBD par goutte (5 mg par goutte).<\/b><\/li>\n<li><span style=\"font-weight: 400;\">Flacon doseur de 10 ml.<\/span><\/li>\n<li><span style=\"font-weight: 400;\">Agriculture biologique, sans pesticides ni produits chimiques nocifs.<\/span><\/li>\n<li><span style=\"font-weight: 400;\">Ne contient pas de THC<\/span><\/li>\n<li><span style=\"font-weight: 400;\">Usage topique<\/span><\/li>\n<\/ul>\n","protected":false},"featured_media":80210,"template":"","meta":{"_acf_changed":false},"product_brand":[],"class_list":{"0":"post-3375","1":"product","2":"type-product","3":"status-publish","4":"has-post-thumbnail","6":"product_cat-spectre-large","7":"product_cat-huiles-cbd","8":"product_cat-huiles-cbd-concentrees-10","9":"product_cat-cbd-sommeil","10":"product_cat-cbd-sportifs","12":"first","13":"instock","14":"taxable","15":"shipping-taxable","16":"purchasable","17":"product-type-simple"},"acf":[],"yoast_head":"<!-- This site is optimized with the Yoast SEO plugin v26.3 - https:\/\/yoast.com\/wordpress\/plugins\/seo\/ -->\n<title>Huile CBD 10% sans THC | The Tree CBD<\/title>\n<meta name=\"description\" content=\"Une huile CBD avec 10% de CBD par goutte, fabriqu\u00e9e \u00e0 partir d&#039;une huile MCT de noix de coco, sans d&#039;effets psychotropes et qui est id\u00e9ale pour dormir. Huile CBD sans THC\" \/>\n<meta name=\"robots\" content=\"index, follow, max-snippet:-1, max-image-preview:large, max-video-preview:-1\" \/>\n<link rel=\"canonical\" href=\"https:\/\/thetreecbd.com\/fr\/cbd\/huiles-cbd-spectre-large-10\" \/>\n<meta property=\"og:locale\" content=\"fr_FR\" \/>\n<meta property=\"og:type\" content=\"article\" \/>\n<meta property=\"og:title\" content=\"Huile CBD 10% sans THC | The Tree CBD\" \/>\n<meta property=\"og:description\" content=\"Une huile CBD avec 10% de CBD par goutte, fabriqu\u00e9e \u00e0 partir d&#039;une huile MCT de noix de coco, sans d&#039;effets psychotropes et qui est id\u00e9ale pour dormir. Huile CBD sans THC\" \/>\n<meta property=\"og:url\" content=\"https:\/\/thetreecbd.com\/fr\/cbd\/huiles-cbd-spectre-large-10\" \/>\n<meta property=\"og:site_name\" content=\"The Tree CBD\" \/>\n<meta property=\"article:publisher\" content=\"https:\/\/www.facebook.com\/thetreeCBD\/\" \/>\n<meta property=\"article:modified_time\" content=\"2026-04-29T10:52:49+00:00\" \/>\n<meta property=\"og:image\" content=\"https:\/\/thetreecbd.com\/wp-content\/uploads\/2019\/01\/aceite-broad-spectrum-10_1.jpg\" \/>\n\t<meta property=\"og:image:width\" content=\"600\" \/>\n\t<meta property=\"og:image:height\" content=\"720\" \/>\n\t<meta property=\"og:image:type\" content=\"image\/jpeg\" \/>\n<meta name=\"twitter:card\" content=\"summary_large_image\" \/>\n<meta name=\"twitter:site\" content=\"@TheTreeCBD_EU\" \/>\n<meta name=\"twitter:label1\" content=\"Dur\u00e9e de lecture estim\u00e9e\" \/>\n\t<meta name=\"twitter:data1\" content=\"3 minutes\" \/>\n<script type=\"application\/ld+json\" class=\"yoast-schema-graph\">{\"@context\":\"https:\/\/schema.org\",\"@graph\":[{\"@type\":[\"WebPage\",\"ItemPage\"],\"@id\":\"https:\/\/thetreecbd.com\/fr\/cbd\/huiles-cbd-spectre-large-10\",\"url\":\"https:\/\/thetreecbd.com\/fr\/cbd\/huiles-cbd-spectre-large-10\",\"name\":\"Huile CBD 10% sans THC | The Tree CBD\",\"isPartOf\":{\"@id\":\"https:\/\/thetreecbd.com\/fr#website\"},\"primaryImageOfPage\":{\"@id\":\"https:\/\/thetreecbd.com\/fr\/cbd\/huiles-cbd-spectre-large-10#primaryimage\"},\"image\":{\"@id\":\"https:\/\/thetreecbd.com\/fr\/cbd\/huiles-cbd-spectre-large-10#primaryimage\"},\"thumbnailUrl\":\"https:\/\/thetreecbd.com\/wp-content\/uploads\/2019\/01\/aceite-broad-spectrum-10_1.jpg\",\"datePublished\":\"2019-01-04T07:13:53+00:00\",\"dateModified\":\"2026-04-29T10:52:49+00:00\",\"description\":\"Une huile CBD avec 10% de CBD par goutte, fabriqu\u00e9e \u00e0 partir d'une huile MCT de noix de coco, sans d'effets psychotropes et qui est id\u00e9ale pour dormir. Huile CBD sans THC\",\"breadcrumb\":{\"@id\":\"https:\/\/thetreecbd.com\/fr\/cbd\/huiles-cbd-spectre-large-10#breadcrumb\"},\"inLanguage\":\"fr-FR\",\"potentialAction\":[{\"@type\":\"ReadAction\",\"target\":[\"https:\/\/thetreecbd.com\/fr\/cbd\/huiles-cbd-spectre-large-10\"]}]},{\"@type\":\"ImageObject\",\"inLanguage\":\"fr-FR\",\"@id\":\"https:\/\/thetreecbd.com\/fr\/cbd\/huiles-cbd-spectre-large-10#primaryimage\",\"url\":\"https:\/\/thetreecbd.com\/wp-content\/uploads\/2019\/01\/aceite-broad-spectrum-10_1.jpg\",\"contentUrl\":\"https:\/\/thetreecbd.com\/wp-content\/uploads\/2019\/01\/aceite-broad-spectrum-10_1.jpg\",\"width\":600,\"height\":720},{\"@type\":\"BreadcrumbList\",\"@id\":\"https:\/\/thetreecbd.com\/fr\/cbd\/huiles-cbd-spectre-large-10#breadcrumb\",\"itemListElement\":[{\"@type\":\"ListItem\",\"position\":1,\"name\":\"The Tree\",\"item\":\"https:\/\/thetreecbd.com\/fr\"},{\"@type\":\"ListItem\",\"position\":2,\"name\":\"CBD\",\"item\":\"https:\/\/thetreecbd.com\/es\/cbd\"},{\"@type\":\"ListItem\",\"position\":3,\"name\":\"Huile de CBD\",\"item\":\"https:\/\/thetreecbd.com\/fr\/huiles-cbd\"},{\"@type\":\"ListItem\",\"position\":4,\"name\":\"Huile CBD \u00e0 spectre large\",\"item\":\"https:\/\/thetreecbd.com\/fr\/huiles-cbd\/spectre-large\"},{\"@type\":\"ListItem\",\"position\":5,\"name\":\"Huile CBD 10% sans THC\"}]},{\"@type\":\"WebSite\",\"@id\":\"https:\/\/thetreecbd.com\/fr#website\",\"url\":\"https:\/\/thetreecbd.com\/fr\",\"name\":\"The Tree CBD\",\"description\":\"Comprar CBD en Espa\u00f1a Online\",\"publisher\":{\"@id\":\"https:\/\/thetreecbd.com\/fr#organization\"},\"potentialAction\":[{\"@type\":\"SearchAction\",\"target\":{\"@type\":\"EntryPoint\",\"urlTemplate\":\"https:\/\/thetreecbd.com\/fr?s={search_term_string}\"},\"query-input\":{\"@type\":\"PropertyValueSpecification\",\"valueRequired\":true,\"valueName\":\"search_term_string\"}}],\"inLanguage\":\"fr-FR\"},{\"@type\":\"Organization\",\"@id\":\"https:\/\/thetreecbd.com\/fr#organization\",\"name\":\"The Tree CBD\",\"url\":\"https:\/\/thetreecbd.com\/fr\",\"logo\":{\"@type\":\"ImageObject\",\"inLanguage\":\"fr-FR\",\"@id\":\"https:\/\/thetreecbd.com\/fr#\/schema\/logo\/image\/\",\"url\":\"https:\/\/thetreecbd.com\/wp-content\/uploads\/2022\/04\/logo-thetree.png\",\"contentUrl\":\"https:\/\/thetreecbd.com\/wp-content\/uploads\/2022\/04\/logo-thetree.png\",\"width\":172,\"height\":55,\"caption\":\"The Tree CBD\"},\"image\":{\"@id\":\"https:\/\/thetreecbd.com\/fr#\/schema\/logo\/image\/\"},\"sameAs\":[\"https:\/\/www.facebook.com\/thetreeCBD\/\",\"https:\/\/x.com\/TheTreeCBD_EU\",\"https:\/\/www.instagram.com\/thetree.cbd\/\",\"https:\/\/es.trustpilot.com\/review\/thetreecbd.com\"]}]}<\/script>\n<!-- \/ Yoast SEO plugin. -->","yoast_head_json":{"title":"Huile CBD 10% sans THC | The Tree CBD","description":"Une huile CBD avec 10% de CBD par goutte, fabriqu\u00e9e \u00e0 partir d'une huile MCT de noix de coco, sans d'effets psychotropes et qui est id\u00e9ale pour dormir. Huile CBD sans THC","robots":{"index":"index","follow":"follow","max-snippet":"max-snippet:-1","max-image-preview":"max-image-preview:large","max-video-preview":"max-video-preview:-1"},"canonical":"https:\/\/thetreecbd.com\/fr\/cbd\/huiles-cbd-spectre-large-10","og_locale":"fr_FR","og_type":"article","og_title":"Huile CBD 10% sans THC | The Tree CBD","og_description":"Une huile CBD avec 10% de CBD par goutte, fabriqu\u00e9e \u00e0 partir d'une huile MCT de noix de coco, sans d'effets psychotropes et qui est id\u00e9ale pour dormir. Huile CBD sans THC","og_url":"https:\/\/thetreecbd.com\/fr\/cbd\/huiles-cbd-spectre-large-10","og_site_name":"The Tree CBD","article_publisher":"https:\/\/www.facebook.com\/thetreeCBD\/","article_modified_time":"2026-04-29T10:52:49+00:00","og_image":[{"width":600,"height":720,"url":"https:\/\/thetreecbd.com\/wp-content\/uploads\/2019\/01\/aceite-broad-spectrum-10_1.jpg","type":"image\/jpeg"}],"twitter_card":"summary_large_image","twitter_site":"@TheTreeCBD_EU","twitter_misc":{"Dur\u00e9e de lecture estim\u00e9e":"3 minutes"},"schema":{"@context":"https:\/\/schema.org","@graph":[{"@type":["WebPage","ItemPage"],"@id":"https:\/\/thetreecbd.com\/fr\/cbd\/huiles-cbd-spectre-large-10","url":"https:\/\/thetreecbd.com\/fr\/cbd\/huiles-cbd-spectre-large-10","name":"Huile CBD 10% sans THC | The Tree CBD","isPartOf":{"@id":"https:\/\/thetreecbd.com\/fr#website"},"primaryImageOfPage":{"@id":"https:\/\/thetreecbd.com\/fr\/cbd\/huiles-cbd-spectre-large-10#primaryimage"},"image":{"@id":"https:\/\/thetreecbd.com\/fr\/cbd\/huiles-cbd-spectre-large-10#primaryimage"},"thumbnailUrl":"https:\/\/thetreecbd.com\/wp-content\/uploads\/2019\/01\/aceite-broad-spectrum-10_1.jpg","datePublished":"2019-01-04T07:13:53+00:00","dateModified":"2026-04-29T10:52:49+00:00","description":"Une huile CBD avec 10% de CBD par goutte, fabriqu\u00e9e \u00e0 partir d'une huile MCT de noix de coco, sans d'effets psychotropes et qui est id\u00e9ale pour dormir. Huile CBD sans THC","breadcrumb":{"@id":"https:\/\/thetreecbd.com\/fr\/cbd\/huiles-cbd-spectre-large-10#breadcrumb"},"inLanguage":"fr-FR","potentialAction":[{"@type":"ReadAction","target":["https:\/\/thetreecbd.com\/fr\/cbd\/huiles-cbd-spectre-large-10"]}]},{"@type":"ImageObject","inLanguage":"fr-FR","@id":"https:\/\/thetreecbd.com\/fr\/cbd\/huiles-cbd-spectre-large-10#primaryimage","url":"https:\/\/thetreecbd.com\/wp-content\/uploads\/2019\/01\/aceite-broad-spectrum-10_1.jpg","contentUrl":"https:\/\/thetreecbd.com\/wp-content\/uploads\/2019\/01\/aceite-broad-spectrum-10_1.jpg","width":600,"height":720},{"@type":"BreadcrumbList","@id":"https:\/\/thetreecbd.com\/fr\/cbd\/huiles-cbd-spectre-large-10#breadcrumb","itemListElement":[{"@type":"ListItem","position":1,"name":"The Tree","item":"https:\/\/thetreecbd.com\/fr"},{"@type":"ListItem","position":2,"name":"CBD","item":"https:\/\/thetreecbd.com\/es\/cbd"},{"@type":"ListItem","position":3,"name":"Huile de CBD","item":"https:\/\/thetreecbd.com\/fr\/huiles-cbd"},{"@type":"ListItem","position":4,"name":"Huile CBD \u00e0 spectre large","item":"https:\/\/thetreecbd.com\/fr\/huiles-cbd\/spectre-large"},{"@type":"ListItem","position":5,"name":"Huile CBD 10% sans THC"}]},{"@type":"WebSite","@id":"https:\/\/thetreecbd.com\/fr#website","url":"https:\/\/thetreecbd.com\/fr","name":"The Tree CBD","description":"Comprar CBD en Espa\u00f1a Online","publisher":{"@id":"https:\/\/thetreecbd.com\/fr#organization"},"potentialAction":[{"@type":"SearchAction","target":{"@type":"EntryPoint","urlTemplate":"https:\/\/thetreecbd.com\/fr?s={search_term_string}"},"query-input":{"@type":"PropertyValueSpecification","valueRequired":true,"valueName":"search_term_string"}}],"inLanguage":"fr-FR"},{"@type":"Organization","@id":"https:\/\/thetreecbd.com\/fr#organization","name":"The Tree CBD","url":"https:\/\/thetreecbd.com\/fr","logo":{"@type":"ImageObject","inLanguage":"fr-FR","@id":"https:\/\/thetreecbd.com\/fr#\/schema\/logo\/image\/","url":"https:\/\/thetreecbd.com\/wp-content\/uploads\/2022\/04\/logo-thetree.png","contentUrl":"https:\/\/thetreecbd.com\/wp-content\/uploads\/2022\/04\/logo-thetree.png","width":172,"height":55,"caption":"The Tree CBD"},"image":{"@id":"https:\/\/thetreecbd.com\/fr#\/schema\/logo\/image\/"},"sameAs":["https:\/\/www.facebook.com\/thetreeCBD\/","https:\/\/x.com\/TheTreeCBD_EU","https:\/\/www.instagram.com\/thetree.cbd\/","https:\/\/es.trustpilot.com\/review\/thetreecbd.com"]}]}},"_links":{"self":[{"href":"https:\/\/thetreecbd.com\/fr\/wp-json\/wp\/v2\/product\/3375","targetHints":{"allow":["GET"]}}],"collection":[{"href":"https:\/\/thetreecbd.com\/fr\/wp-json\/wp\/v2\/product"}],"about":[{"href":"https:\/\/thetreecbd.com\/fr\/wp-json\/wp\/v2\/types\/product"}],"version-history":[{"count":0,"href":"https:\/\/thetreecbd.com\/fr\/wp-json\/wp\/v2\/product\/3375\/revisions"}],"wp:featuredmedia":[{"embeddable":true,"href":"https:\/\/thetreecbd.com\/fr\/wp-json\/wp\/v2\/media\/80210"}],"wp:attachment":[{"href":"https:\/\/thetreecbd.com\/fr\/wp-json\/wp\/v2\/media?parent=3375"}],"wp:term":[{"taxonomy":"product_brand","embeddable":true,"href":"https:\/\/thetreecbd.com\/fr\/wp-json\/wp\/v2\/product_brand?post=3375"}],"curies":[{"name":"wp","href":"https:\/\/api.w.org\/{rel}","templated":true}]}}