{"id":3377,"date":"2019-01-04T08:11:33","date_gmt":"2019-01-04T07:11:33","guid":{"rendered":"http:\/\/thetreecbd.com\/?post_type=product&#038;p=3377"},"modified":"2025-12-19T15:53:56","modified_gmt":"2025-12-19T14:53:56","slug":"huiles-cbd-spectre-large-5","status":"publish","type":"product","link":"https:\/\/thetreecbd.com\/fr\/cbd\/huiles-cbd-spectre-large-5","title":{"rendered":"Huile CBD 5% sans THC"},"content":{"rendered":"<p><span style=\"font-weight: 400;\">Cette <\/span><b>huile de CBD \u00e0 5 %<\/b><span style=\"font-weight: 400;\"> est faite avec un extrait de fleur de chanvre \u00e0 large spectre, ce qui la rend contient la plupart des composants actifs du chanvre,<\/span><b> mais contient 0% de THC<\/b><span style=\"font-weight: 400;\">.<\/span><\/p>\n<p><span style=\"font-weight: 400;\">Fabriqu\u00e9 \u00e0 partir d&#8217;extraits de fleurs de chanvre \u00e0 spectre complet contenant le maximum de composants actifs du chanvre.<\/span><\/p>\n<p><span style=\"font-weight: 400;\">Cette <\/span><a href=\"https:\/\/thetreecbd.com\/fr\/huiles-cbd\"><span style=\"font-weight: 400;\">huile<\/span><\/a><span style=\"font-weight: 400;\"> CBD a \u00e9t\u00e9 faite sans solvant: sans alcool, gaz ou autre solvant plus agressif utilis\u00e9 pour l\u2019extraction.<\/span><\/p>\n<h2><b>Composants et aspect de l\u2019huile<\/b><\/h2>\n<p><span style=\"font-weight: 400;\">Ainsi, nous pr\u00e9serve le maximum de composants de la fleur de chanvre et de ses propri\u00e9t\u00e9s, fournissant principalement 5 % de cannabidiol (CBD), et des parties mineures de CBG, CBN, CBC et plus de 40 terp\u00e8nes pr\u00e9sentes naturellement dans le chanvre. Cette solution contient tout le spectre de la plante.<\/span><\/p>\n<p><span style=\"font-weight: 400;\">Si vous avez besoin d\u2019une dose concentr\u00e9e de CBD, notre formule \u00e0 5 % est parfaite. Nous l\u2019avons fait sp\u00e9cialement pour ceux qui ont d\u00e9j\u00e0 essay\u00e9 le CBD. Chaque bouteille de CBD est soumise \u00e0 un contr\u00f4le de qualit\u00e9 rigoureux et est extraite de chanvre biologique. Gr\u00e2ce \u00e0 des processus sophistiqu\u00e9s d\u2019extraction et de purification du CO\u2082 et \u00e0 des tests ind\u00e9pendants, chaque bouteille contient du CBD de haute qualit\u00e9 sans effets secondaires ind\u00e9sirables, additifs et produits chimiques artificiels.<\/span><\/p>\n<p><span style=\"font-weight: 400;\">Nous accordons la plus grande importance \u00e0 la puret\u00e9 et \u00e0 la s\u00e9curit\u00e9, et pour cette raison, nous n\u2019utilisons comme mati\u00e8re premi\u00e8re que le meilleur chanvre cultiv\u00e9 en Europe de mani\u00e8re \u00e9cologique, sans pesticides, produits chimiques nocifs, suivant les contr\u00f4les de qualit\u00e9 les plus rigoureux et avec 100 ingr\u00e9dients. % d\u2019origine v\u00e9g\u00e9tale.<\/span><\/p>\n<h2><b>Pourquoi choisir cette huile?<\/b><\/h2>\n<p><span style=\"font-weight: 400;\">Nos produits CBD ne contiennent que des compos\u00e9s pr\u00e9cieux, ne contiennent jamais d\u2019additifs, de produits chimiques synth\u00e9tiques ou d\u2019autres impuret\u00e9s. Nous le garantissons en utilisant des m\u00e9thodes s\u00fbres et responsables de la semence \u00e0 l\u2019emballage. Un m\u00e9lange raffin\u00e9 de processus d\u2019extraction et de filtration de CO\u2082 supercritique donne des huiles aussi bonnes \u00e0 l\u2019ext\u00e9rieur qu\u2019\u00e0 l\u2019int\u00e9rieur. Mais ne vous fiez pas seulement \u00e0 notre parole: les analyses ind\u00e9pendantes de chaque lot garantissent que nous suivons ce que nous disons.<\/span><\/p>\n<p><span style=\"font-weight: 400;\">Les huiles Tree CBD CBD sont disponibles en diff\u00e9rents dosages, permettant aux clients de doser le CBD en fonction de leurs besoins personnels. L\u2019huile de CBD \u00e0 5 % de Tree CBD offre une puissance de cannabidiol mod\u00e9r\u00e9e, \u00e9tant un bon compromis entre nos <\/span><a href=\"https:\/\/thetreecbd.com\/fr\/huiles-cbd\"><span style=\"font-weight: 400;\">huiles de CBD<\/span><\/a><span style=\"font-weight: 400;\"> \u00e0 2,5% et 10%.<\/span><\/p>\n<p><span style=\"font-weight: 400;\">Cette huile ne contient pas de THC, elle n\u2019a donc pas d\u2019effets psychoactifs.<\/span><\/p>\n<h2><b>Caract\u00e9ristiques de l\u2019huile de CBD 5 %<\/b><\/h2>\n<ul>\n<li><b>Huile de graines de chanvre<\/b><\/li>\n<li><b>5% de CBD<\/b><span style=\"font-weight: 400;\"> par goutte (2,5 mg par goutte).<\/span><\/li>\n<li><span style=\"font-weight: 400;\">Flacon doseur de 10 ml.<\/span><\/li>\n<li><b>Culture \u00e9cologique<\/b><span style=\"font-weight: 400;\">, sans pesticides et produits chimiques nocifs.<\/span><\/li>\n<li><b>Ne contient pas de THC<\/b><\/li>\n<li><span style=\"font-weight: 400;\">Usage topique<\/span><\/li>\n<\/ul>\n<h2><b>Ingr\u00e9dients<\/b><\/h2>\n<p><span style=\"font-weight: 400;\">Huile de graines de chanvre, extraction de CO2 au chanvre.<\/span><\/p>\n<h2><b>Parfum CBD<\/b><\/h2>\n<p><span style=\"font-weight: 400;\">Les terp\u00e8nes peuvent \u00eatre trouv\u00e9s dans la plupart des huiles essentielles de nombreuses plantes, fleurs et fruits, ils sont charg\u00e9s de fournir l&#8217;odeur et la saveur. Dans le cannabis, nous pouvons trouver un large profil de terp\u00e8nes.<\/span><\/p>\n<p><span style=\"font-weight: 400;\">Les huiles de CBD fabriqu\u00e9es \u00e0 partir d&#8217;extraits \u00e0 spectre complet de haute qualit\u00e9 sentiront la marijuana. En effet, la majeure partie de l&#8217;odeur du cannabis est le r\u00e9sultat de terp\u00e8nes.<\/span><\/p>\n<h2><b>Utilisateur auquel il est destin\u00e9<\/b><\/h2>\n<p><span style=\"font-weight: 400;\">Les huiles 5% CBD, comme leur nom l&#8217;indique, ont une concentration en CBD de 5% du produit total. Ce rapport est consid\u00e9r\u00e9 comme plut\u00f4t faible, ce qui le rend id\u00e9al pour les personnes qui souhaitent commencer \u00e0 ressentir les effets relaxants du CBD.<\/span><\/p>\n<p><span style=\"font-weight: 400;\">En particulier, cette huile est faite pour ceux qui veulent profiter des bienfaits du CBD mais veulent le produit sans la pr\u00e9sence de THC.<\/span><\/p>\n<h2><b>Information sur la s\u00e9curit\u00e9<\/b><\/h2>\n<p><span style=\"font-weight: 400;\">Veuillez noter que l&#8217;huile de CBD \u00e0 spectre complet 5 % de The Tree est un produit topique. Il ne doit pas \u00eatre utilis\u00e9 pendant la grossesse ou l&#8217;allaitement. Garder hors de la port\u00e9e des enfants.<\/span><\/p>\n<p><span style=\"font-weight: 400;\">L&#8217;huile ne contient pas de THC.<\/span><\/p>\n<p><span style=\"font-weight: 400;\">Le contenu fourni est uniquement \u00e0 des fins d&#8217;information et de formation et ne se substitue en aucun cas \u00e0 l&#8217;avis m\u00e9dical d&#8217;un m\u00e9decin ou d&#8217;un pharmacien. Nos textes ne sont pas destin\u00e9s au diagnostic et au traitement ind\u00e9pendants des maladies.<\/span><\/p>\n<p><span style=\"font-weight: 400;\">N&#8217;h\u00e9sitez pas \u00e0 nous contacter si vous avez d&#8217;autres questions.<\/span><\/p>\n<h2><b>Stockage<\/b><\/h2>\n<p><span style=\"font-weight: 400;\">Id\u00e9alement, l&#8217;huile de CBD de The Tree doit \u00eatre stock\u00e9e dans un endroit frais et sec, \u00e0 l&#8217;abri des odeurs l\u00e9g\u00e8res et fortes pour \u00e9viter tout type de contamination. \u00c9vitez la lumi\u00e8re directe du soleil et la chaleur.<\/span><\/p>\n<p><span style=\"font-weight: 400;\">Conserver dans un endroit frais et sec. Tenir hors de port\u00e9e des enfants.<\/span><\/p>\n<p><span style=\"font-weight: 400;\">Attention : La dur\u00e9e de conservation indiqu\u00e9e est de deux ans si elle est conserv\u00e9e correctement.<\/span><\/p>\n","protected":false},"excerpt":{"rendered":"<ul>\n<li><b>Huile de graines de chanvre<\/b><\/li>\n<li><b>5% de CBD<\/b><span style=\"font-weight: 400;\"> par goutte (2,5 mg par goutte).<\/span><\/li>\n<li><span style=\"font-weight: 400;\">Flacon doseur de 10 ml.<\/span><\/li>\n<li><b>Culture \u00e9cologique<\/b><span style=\"font-weight: 400;\">, sans pesticides et produits chimiques nocifs.<\/span><\/li>\n<li><b>Ne contient pas de THC<\/b><\/li>\n<li><span style=\"font-weight: 400;\">Usage topique<\/span><\/li>\n<\/ul>\n","protected":false},"featured_media":80262,"template":"","meta":{"_acf_changed":false},"product_brand":[],"class_list":{"0":"post-3377","1":"product","2":"type-product","3":"status-publish","4":"has-post-thumbnail","6":"product_cat-spectre-large","7":"product_cat-huiles-cbd","8":"product_cat-huiles-cbd-concentrees-5","9":"product_cat-cbd-concentrees-5","10":"product_cat-cbd-inflammations","11":"product_cat-cbd-soin-peau","12":"product_cat-cbd-sportifs","14":"first","15":"instock","16":"taxable","17":"shipping-taxable","18":"purchasable","19":"product-type-simple"},"acf":[],"yoast_head":"<!-- This site is optimized with the Yoast SEO plugin v26.3 - https:\/\/yoast.com\/wordpress\/plugins\/seo\/ -->\n<title>Huile CBD 5% sans THC | The Tree CBD<\/title>\n<meta name=\"description\" content=\"Huile avec 5% de CBD fabriqu\u00e9e avec des fleurs de chanvre. 5% de CBD par goutte. Sans THC. Fabriqu\u00e9e en bio, de mani\u00e8re naturelle et sans effets psychotropes.\" \/>\n<meta name=\"robots\" content=\"index, follow, max-snippet:-1, max-image-preview:large, max-video-preview:-1\" \/>\n<link rel=\"canonical\" href=\"https:\/\/thetreecbd.com\/fr\/cbd\/huiles-cbd-spectre-large-5\" \/>\n<meta property=\"og:locale\" content=\"fr_FR\" \/>\n<meta property=\"og:type\" content=\"article\" \/>\n<meta property=\"og:title\" content=\"Huile CBD 5% sans THC | The Tree CBD\" \/>\n<meta property=\"og:description\" content=\"Huile avec 5% de CBD fabriqu\u00e9e avec des fleurs de chanvre. 5% de CBD par goutte. Sans THC. Fabriqu\u00e9e en bio, de mani\u00e8re naturelle et sans effets psychotropes.\" \/>\n<meta property=\"og:url\" content=\"https:\/\/thetreecbd.com\/fr\/cbd\/huiles-cbd-spectre-large-5\" \/>\n<meta property=\"og:site_name\" content=\"The Tree CBD\" \/>\n<meta property=\"article:publisher\" content=\"https:\/\/www.facebook.com\/thetreeCBD\/\" \/>\n<meta property=\"article:modified_time\" content=\"2025-12-19T14:53:56+00:00\" \/>\n<meta property=\"og:image\" content=\"https:\/\/thetreecbd.com\/wp-content\/uploads\/2019\/01\/aceite-broad-spectrum-5_1.jpg\" \/>\n\t<meta property=\"og:image:width\" content=\"600\" \/>\n\t<meta property=\"og:image:height\" content=\"720\" \/>\n\t<meta property=\"og:image:type\" content=\"image\/jpeg\" \/>\n<meta name=\"twitter:card\" content=\"summary_large_image\" \/>\n<meta name=\"twitter:site\" content=\"@TheTreeCBD_EU\" \/>\n<meta name=\"twitter:label1\" content=\"Dur\u00e9e de lecture estim\u00e9e\" \/>\n\t<meta name=\"twitter:data1\" content=\"4 minutes\" \/>\n<script type=\"application\/ld+json\" class=\"yoast-schema-graph\">{\"@context\":\"https:\/\/schema.org\",\"@graph\":[{\"@type\":[\"WebPage\",\"ItemPage\"],\"@id\":\"https:\/\/thetreecbd.com\/fr\/cbd\/huiles-cbd-spectre-large-5\",\"url\":\"https:\/\/thetreecbd.com\/fr\/cbd\/huiles-cbd-spectre-large-5\",\"name\":\"Huile CBD 5% sans THC | The Tree CBD\",\"isPartOf\":{\"@id\":\"https:\/\/thetreecbd.com\/fr#website\"},\"primaryImageOfPage\":{\"@id\":\"https:\/\/thetreecbd.com\/fr\/cbd\/huiles-cbd-spectre-large-5#primaryimage\"},\"image\":{\"@id\":\"https:\/\/thetreecbd.com\/fr\/cbd\/huiles-cbd-spectre-large-5#primaryimage\"},\"thumbnailUrl\":\"https:\/\/thetreecbd.com\/wp-content\/uploads\/2019\/01\/aceite-broad-spectrum-5_1.jpg\",\"datePublished\":\"2019-01-04T07:11:33+00:00\",\"dateModified\":\"2025-12-19T14:53:56+00:00\",\"description\":\"Huile avec 5% de CBD fabriqu\u00e9e avec des fleurs de chanvre. 5% de CBD par goutte. Sans THC. Fabriqu\u00e9e en bio, de mani\u00e8re naturelle et sans effets psychotropes.\",\"breadcrumb\":{\"@id\":\"https:\/\/thetreecbd.com\/fr\/cbd\/huiles-cbd-spectre-large-5#breadcrumb\"},\"inLanguage\":\"fr-FR\",\"potentialAction\":[{\"@type\":\"ReadAction\",\"target\":[\"https:\/\/thetreecbd.com\/fr\/cbd\/huiles-cbd-spectre-large-5\"]}]},{\"@type\":\"ImageObject\",\"inLanguage\":\"fr-FR\",\"@id\":\"https:\/\/thetreecbd.com\/fr\/cbd\/huiles-cbd-spectre-large-5#primaryimage\",\"url\":\"https:\/\/thetreecbd.com\/wp-content\/uploads\/2019\/01\/aceite-broad-spectrum-5_1.jpg\",\"contentUrl\":\"https:\/\/thetreecbd.com\/wp-content\/uploads\/2019\/01\/aceite-broad-spectrum-5_1.jpg\",\"width\":600,\"height\":720},{\"@type\":\"BreadcrumbList\",\"@id\":\"https:\/\/thetreecbd.com\/fr\/cbd\/huiles-cbd-spectre-large-5#breadcrumb\",\"itemListElement\":[{\"@type\":\"ListItem\",\"position\":1,\"name\":\"The Tree\",\"item\":\"https:\/\/thetreecbd.com\/fr\"},{\"@type\":\"ListItem\",\"position\":2,\"name\":\"CBD\",\"item\":\"https:\/\/thetreecbd.com\/es\/cbd\"},{\"@type\":\"ListItem\",\"position\":3,\"name\":\"Huile de CBD\",\"item\":\"https:\/\/thetreecbd.com\/fr\/huiles-cbd\"},{\"@type\":\"ListItem\",\"position\":4,\"name\":\"Huile CBD \u00e0 spectre large\",\"item\":\"https:\/\/thetreecbd.com\/fr\/huiles-cbd\/spectre-large\"},{\"@type\":\"ListItem\",\"position\":5,\"name\":\"Huile CBD 5% sans THC\"}]},{\"@type\":\"WebSite\",\"@id\":\"https:\/\/thetreecbd.com\/fr#website\",\"url\":\"https:\/\/thetreecbd.com\/fr\",\"name\":\"The Tree CBD\",\"description\":\"Comprar CBD en Espa\u00f1a Online\",\"publisher\":{\"@id\":\"https:\/\/thetreecbd.com\/fr#organization\"},\"potentialAction\":[{\"@type\":\"SearchAction\",\"target\":{\"@type\":\"EntryPoint\",\"urlTemplate\":\"https:\/\/thetreecbd.com\/fr?s={search_term_string}\"},\"query-input\":{\"@type\":\"PropertyValueSpecification\",\"valueRequired\":true,\"valueName\":\"search_term_string\"}}],\"inLanguage\":\"fr-FR\"},{\"@type\":\"Organization\",\"@id\":\"https:\/\/thetreecbd.com\/fr#organization\",\"name\":\"The Tree CBD\",\"url\":\"https:\/\/thetreecbd.com\/fr\",\"logo\":{\"@type\":\"ImageObject\",\"inLanguage\":\"fr-FR\",\"@id\":\"https:\/\/thetreecbd.com\/fr#\/schema\/logo\/image\/\",\"url\":\"https:\/\/thetreecbd.com\/wp-content\/uploads\/2022\/04\/logo-thetree.png\",\"contentUrl\":\"https:\/\/thetreecbd.com\/wp-content\/uploads\/2022\/04\/logo-thetree.png\",\"width\":172,\"height\":55,\"caption\":\"The Tree CBD\"},\"image\":{\"@id\":\"https:\/\/thetreecbd.com\/fr#\/schema\/logo\/image\/\"},\"sameAs\":[\"https:\/\/www.facebook.com\/thetreeCBD\/\",\"https:\/\/x.com\/TheTreeCBD_EU\",\"https:\/\/www.instagram.com\/thetree.cbd\/\",\"https:\/\/es.trustpilot.com\/review\/thetreecbd.com\"]}]}<\/script>\n<!-- \/ Yoast SEO plugin. -->","yoast_head_json":{"title":"Huile CBD 5% sans THC | The Tree CBD","description":"Huile avec 5% de CBD fabriqu\u00e9e avec des fleurs de chanvre. 5% de CBD par goutte. Sans THC. Fabriqu\u00e9e en bio, de mani\u00e8re naturelle et sans effets psychotropes.","robots":{"index":"index","follow":"follow","max-snippet":"max-snippet:-1","max-image-preview":"max-image-preview:large","max-video-preview":"max-video-preview:-1"},"canonical":"https:\/\/thetreecbd.com\/fr\/cbd\/huiles-cbd-spectre-large-5","og_locale":"fr_FR","og_type":"article","og_title":"Huile CBD 5% sans THC | The Tree CBD","og_description":"Huile avec 5% de CBD fabriqu\u00e9e avec des fleurs de chanvre. 5% de CBD par goutte. Sans THC. Fabriqu\u00e9e en bio, de mani\u00e8re naturelle et sans effets psychotropes.","og_url":"https:\/\/thetreecbd.com\/fr\/cbd\/huiles-cbd-spectre-large-5","og_site_name":"The Tree CBD","article_publisher":"https:\/\/www.facebook.com\/thetreeCBD\/","article_modified_time":"2025-12-19T14:53:56+00:00","og_image":[{"width":600,"height":720,"url":"https:\/\/thetreecbd.com\/wp-content\/uploads\/2019\/01\/aceite-broad-spectrum-5_1.jpg","type":"image\/jpeg"}],"twitter_card":"summary_large_image","twitter_site":"@TheTreeCBD_EU","twitter_misc":{"Dur\u00e9e de lecture estim\u00e9e":"4 minutes"},"schema":{"@context":"https:\/\/schema.org","@graph":[{"@type":["WebPage","ItemPage"],"@id":"https:\/\/thetreecbd.com\/fr\/cbd\/huiles-cbd-spectre-large-5","url":"https:\/\/thetreecbd.com\/fr\/cbd\/huiles-cbd-spectre-large-5","name":"Huile CBD 5% sans THC | The Tree CBD","isPartOf":{"@id":"https:\/\/thetreecbd.com\/fr#website"},"primaryImageOfPage":{"@id":"https:\/\/thetreecbd.com\/fr\/cbd\/huiles-cbd-spectre-large-5#primaryimage"},"image":{"@id":"https:\/\/thetreecbd.com\/fr\/cbd\/huiles-cbd-spectre-large-5#primaryimage"},"thumbnailUrl":"https:\/\/thetreecbd.com\/wp-content\/uploads\/2019\/01\/aceite-broad-spectrum-5_1.jpg","datePublished":"2019-01-04T07:11:33+00:00","dateModified":"2025-12-19T14:53:56+00:00","description":"Huile avec 5% de CBD fabriqu\u00e9e avec des fleurs de chanvre. 5% de CBD par goutte. Sans THC. Fabriqu\u00e9e en bio, de mani\u00e8re naturelle et sans effets psychotropes.","breadcrumb":{"@id":"https:\/\/thetreecbd.com\/fr\/cbd\/huiles-cbd-spectre-large-5#breadcrumb"},"inLanguage":"fr-FR","potentialAction":[{"@type":"ReadAction","target":["https:\/\/thetreecbd.com\/fr\/cbd\/huiles-cbd-spectre-large-5"]}]},{"@type":"ImageObject","inLanguage":"fr-FR","@id":"https:\/\/thetreecbd.com\/fr\/cbd\/huiles-cbd-spectre-large-5#primaryimage","url":"https:\/\/thetreecbd.com\/wp-content\/uploads\/2019\/01\/aceite-broad-spectrum-5_1.jpg","contentUrl":"https:\/\/thetreecbd.com\/wp-content\/uploads\/2019\/01\/aceite-broad-spectrum-5_1.jpg","width":600,"height":720},{"@type":"BreadcrumbList","@id":"https:\/\/thetreecbd.com\/fr\/cbd\/huiles-cbd-spectre-large-5#breadcrumb","itemListElement":[{"@type":"ListItem","position":1,"name":"The Tree","item":"https:\/\/thetreecbd.com\/fr"},{"@type":"ListItem","position":2,"name":"CBD","item":"https:\/\/thetreecbd.com\/es\/cbd"},{"@type":"ListItem","position":3,"name":"Huile de CBD","item":"https:\/\/thetreecbd.com\/fr\/huiles-cbd"},{"@type":"ListItem","position":4,"name":"Huile CBD \u00e0 spectre large","item":"https:\/\/thetreecbd.com\/fr\/huiles-cbd\/spectre-large"},{"@type":"ListItem","position":5,"name":"Huile CBD 5% sans THC"}]},{"@type":"WebSite","@id":"https:\/\/thetreecbd.com\/fr#website","url":"https:\/\/thetreecbd.com\/fr","name":"The Tree CBD","description":"Comprar CBD en Espa\u00f1a Online","publisher":{"@id":"https:\/\/thetreecbd.com\/fr#organization"},"potentialAction":[{"@type":"SearchAction","target":{"@type":"EntryPoint","urlTemplate":"https:\/\/thetreecbd.com\/fr?s={search_term_string}"},"query-input":{"@type":"PropertyValueSpecification","valueRequired":true,"valueName":"search_term_string"}}],"inLanguage":"fr-FR"},{"@type":"Organization","@id":"https:\/\/thetreecbd.com\/fr#organization","name":"The Tree CBD","url":"https:\/\/thetreecbd.com\/fr","logo":{"@type":"ImageObject","inLanguage":"fr-FR","@id":"https:\/\/thetreecbd.com\/fr#\/schema\/logo\/image\/","url":"https:\/\/thetreecbd.com\/wp-content\/uploads\/2022\/04\/logo-thetree.png","contentUrl":"https:\/\/thetreecbd.com\/wp-content\/uploads\/2022\/04\/logo-thetree.png","width":172,"height":55,"caption":"The Tree CBD"},"image":{"@id":"https:\/\/thetreecbd.com\/fr#\/schema\/logo\/image\/"},"sameAs":["https:\/\/www.facebook.com\/thetreeCBD\/","https:\/\/x.com\/TheTreeCBD_EU","https:\/\/www.instagram.com\/thetree.cbd\/","https:\/\/es.trustpilot.com\/review\/thetreecbd.com"]}]}},"_links":{"self":[{"href":"https:\/\/thetreecbd.com\/fr\/wp-json\/wp\/v2\/product\/3377","targetHints":{"allow":["GET"]}}],"collection":[{"href":"https:\/\/thetreecbd.com\/fr\/wp-json\/wp\/v2\/product"}],"about":[{"href":"https:\/\/thetreecbd.com\/fr\/wp-json\/wp\/v2\/types\/product"}],"version-history":[{"count":0,"href":"https:\/\/thetreecbd.com\/fr\/wp-json\/wp\/v2\/product\/3377\/revisions"}],"wp:featuredmedia":[{"embeddable":true,"href":"https:\/\/thetreecbd.com\/fr\/wp-json\/wp\/v2\/media\/80262"}],"wp:attachment":[{"href":"https:\/\/thetreecbd.com\/fr\/wp-json\/wp\/v2\/media?parent=3377"}],"wp:term":[{"taxonomy":"product_brand","embeddable":true,"href":"https:\/\/thetreecbd.com\/fr\/wp-json\/wp\/v2\/product_brand?post=3377"}],"curies":[{"name":"wp","href":"https:\/\/api.w.org\/{rel}","templated":true}]}}