{"id":3379,"date":"2018-12-31T10:33:47","date_gmt":"2018-12-31T09:33:47","guid":{"rendered":"http:\/\/thetreecbd.com\/?post_type=product&#038;p=3379"},"modified":"2025-11-13T11:22:16","modified_gmt":"2025-11-13T10:22:16","slug":"packs-cbd-huile-balm","status":"publish","type":"product","link":"https:\/\/thetreecbd.com\/fr\/cbd\/packs-cbd-huile-balm","title":{"rendered":"Pack Huile CBD et baume Sport Balm"},"content":{"rendered":"<p><span style=\"font-weight: 400;\">Ce <\/span><b>pack d\u2019huile et de baume sportif au CBD<\/b><span style=\"font-weight: 400;\"> vous apporte nos deux produits phares pour la d\u00e9tente: <\/span><a href=\"https:\/\/thetreecbd.com\/fr\/huiles-cbd\/huiles-cbd-concentrees-5\"><span style=\"font-weight: 400;\">5% d\u2019huile<\/span><\/a><span style=\"font-weight: 400;\"> et de <\/span><a href=\"https:\/\/thetreecbd.com\/fr\/cbd\/produits-cosmetiques-usage-externe-sport-balm\"><span style=\"font-weight: 400;\">baume<\/span><\/a><span style=\"font-weight: 400;\">. Les deux sont 100% naturels et issus de l\u2019agriculture biologique<\/span><\/p>\n<h2><b>Que contient le pack?<\/b><\/h2>\n<p><span style=\"font-weight: 400;\">D\u2019une part, vous avez notre <\/span><b>baume sportif CBD<\/b><span style=\"font-weight: 400;\"> \u00e0 base d\u2019huile de chanvre riche en extrait de cannabis (CBD), qui procure un soulagement musculaire et une relaxation gr\u00e2ce \u00e0 ses actifs v\u00e9g\u00e9taux.Il est agr\u00e9able \u00e0 appliquer gr\u00e2ce \u00e0 sa texture cr\u00e9meuse et son ar\u00f4me de Gaultheria.<\/span><\/p>\n<p><span style=\"font-weight: 400;\">Ce <\/span><b>baume<\/b><span style=\"font-weight: 400;\"> peut \u00eatre appliqu\u00e9 sur n\u2019importe quelle partie du corps dont nous voulons nous d\u00e9tendre et prendre soin. Gr\u00e2ce \u00e0 sa formule Active Gel, il p\u00e9n\u00e8tre tr\u00e8s rapidement dans la peau, o\u00f9 l\u2019on ressent une sensation de soulagement lors de son application. Il est recommand\u00e9 de l\u2019appliquer en massage cutan\u00e9 pour procurer un effet apaisant.<\/span><\/p>\n<p><span style=\"font-weight: 400;\">D\u2019autre part, vous trouverez \u00e9galement notre <\/span><b>huile CBD 5%<\/b><span style=\"font-weight: 400;\">, \u00e0 base d\u2019extrait de fleur de chanvre \u00e0 large spectre, qui contient le maximum de composants actifs du chanvre. Cette huile de CBD est fabriqu\u00e9e sans solvants et avec des ingr\u00e9dients 100% v\u00e9g\u00e9taux. L\u2019<\/span><b>huile Tree CBD 5% CBD<\/b><span style=\"font-weight: 400;\"> offre une puissance mod\u00e9r\u00e9e de cannabidiol, \u00e9tant un bon compromis entre nos <\/span><a href=\"https:\/\/thetreecbd.com\/fr\/huiles-cbd\"><span style=\"font-weight: 400;\">huiles CBD<\/span><\/a><span style=\"font-weight: 400;\"> 2,5% et 10%. De plus, ce produit <\/span><b>ne contient pas de THC donc il n\u2019a aucun effet psychoactif<\/b><span style=\"font-weight: 400;\">.<\/span><\/p>\n<p><span style=\"font-weight: 400;\">\u00a0<\/span><\/p>\n<h2><b>Caract\u00e9ristiques du pack Huile de CBD et Baume Sport<\/b><\/h2>\n<ul>\n<li style=\"font-weight: 400;\" aria-level=\"1\"><b>1 Baume CBD Sport Chauffant 100ml<\/b>\n<ul>\n<li style=\"font-weight: 400;\" aria-level=\"2\"><span style=\"font-weight: 400;\">Ingr\u00e9dients: huile de chanvre, extraction de chanvre au CO2, acide hyaluronique et huile de calendula.<\/span><\/li>\n<\/ul>\n<\/li>\n<li style=\"font-weight: 400;\" aria-level=\"1\"><b>1 huile de CBD 5% 10ml<\/b>\n<ul>\n<li style=\"font-weight: 400;\" aria-level=\"2\"><span style=\"font-weight: 400;\">Huile de graines de chanvre 10 ml et extraction de chanvre au CO2.<\/span><\/li>\n<\/ul>\n<\/li>\n<\/ul>\n<p>&nbsp;<\/p>\n<h2><b>Utilisateur auquel il est destin\u00e9<\/b><\/h2>\n<p><span style=\"font-weight: 400;\">Ce pack s&#8217;adresse aux utilisateurs qui recherchent un pack de <\/span><b>produits leur permettant de traiter les douleurs musculaires, de r\u00e9cup\u00e9rer le corps apr\u00e8s des s\u00e9ances de sport<\/b><span style=\"font-weight: 400;\"> ou une grande fatigue musculaire.<\/span><\/p>\n<p><span style=\"font-weight: 400;\">De plus, ce pack vous permet d&#8217;acc\u00e9der aux deux produits avec une <\/span><b>remise de 10% sur le prix de vente des produits s\u00e9par\u00e9ment.<\/b><\/p>\n<p>&nbsp;<\/p>\n<h2><b>Information sur la s\u00e9curit\u00e9<\/b><\/h2>\n<p><span style=\"font-weight: 400;\">L&#8217;huile de CBD \u00e0 spectre complet \u00e0 5 % et le baume pour le sport de The Tree sont tous deux des produits topiques. Ils ne doivent pas \u00eatre utilis\u00e9s pendant la grossesse ou l&#8217;allaitement. Garder hors de la port\u00e9e des enfants.<\/span><\/p>\n<p><span style=\"font-weight: 400;\">Le contenu fourni est uniquement \u00e0 des fins d&#8217;information et de formation et ne se substitue en aucun cas \u00e0 l&#8217;avis m\u00e9dical d&#8217;un m\u00e9decin ou d&#8217;un pharmacien. Nos textes ne sont pas destin\u00e9s au diagnostic et au traitement ind\u00e9pendants des maladies.<\/span><\/p>\n<p><span style=\"font-weight: 400;\">N&#8217;h\u00e9sitez pas \u00e0 nous contacter si vous avez d&#8217;autres questions.<\/span><\/p>\n<p><span style=\"font-weight: 400;\">\u00a0<\/span><\/p>\n<h2><b>Stockage<\/b><\/h2>\n<p><span style=\"font-weight: 400;\">Id\u00e9alement, les produits The Tree doiven<\/span><b>t \u00eatre stock\u00e9s dans un endroit frais et sec, \u00e0 l&#8217;abri des odeurs l\u00e9g\u00e8res et fortes pour \u00e9viter tout type de contamination<\/b><span style=\"font-weight: 400;\">. \u00c9vitez la lumi\u00e8re directe du soleil et la chaleur.<\/span><\/p>\n<p><span style=\"font-weight: 400;\">Conserver dans un endroit frais et sec. Tenir hors de port\u00e9e des enfants.<\/span><\/p>\n<p><span style=\"font-weight: 400;\">Attention : La dur\u00e9e de conservation indiqu\u00e9e est de deux ans si elle est conserv\u00e9e correctement.<\/span><\/p>\n","protected":false},"excerpt":{"rendered":"<ul>\n<li style=\"font-weight: 400;\" aria-level=\"1\"><b>1 Baume CBD Sport Chauffant 100ml<\/b><b><br \/>\n<\/b><\/p>\n<ul>\n<li style=\"font-weight: 400;\" aria-level=\"2\"><span style=\"font-weight: 400;\">Ingr\u00e9dients: huile de chanvre, extraction de chanvre au CO2, acide hyaluronique et huile de calendula.<\/span><\/li>\n<\/ul>\n<\/li>\n<\/ul>\n<ul>\n<li style=\"font-weight: 400;\" aria-level=\"1\"><b>1 huile de CBD 5% 10ml<\/b>\n<ul>\n<li style=\"font-weight: 400;\" aria-level=\"2\"><span style=\"font-weight: 400;\">Huile de graines de chanvre 10 ml et extraction de chanvre au CO2.<\/span><\/li>\n<\/ul>\n<\/li>\n<\/ul>\n<p>&nbsp;<\/p>\n","protected":false},"featured_media":80375,"template":"","meta":{"_acf_changed":false},"product_brand":[],"class_list":{"0":"post-3379","1":"product","2":"type-product","3":"status-publish","4":"has-post-thumbnail","6":"product_cat-huiles-cbd","7":"product_cat-packs-cbd","8":"product_cat-cbd-inflammations","9":"product_cat-produits-cosmetiques-usage-externe","11":"first","12":"outofstock","13":"taxable","14":"shipping-taxable","15":"purchasable","16":"product-type-simple"},"acf":[],"yoast_head":"<!-- This site is optimized with the Yoast SEO plugin v26.3 - https:\/\/yoast.com\/wordpress\/plugins\/seo\/ -->\n<title>Pack Huile CBD et baume Sport Balm | The Tree CBD<\/title>\n<meta name=\"description\" content=\"Pack CBD avec huile et baume Sport Balm: Nos produits phares pour la relaxation. Id\u00e9al apr\u00e8s le sport ou une longue journ\u00e9e de travail\" \/>\n<meta name=\"robots\" content=\"index, follow, max-snippet:-1, max-image-preview:large, max-video-preview:-1\" \/>\n<link rel=\"canonical\" href=\"https:\/\/thetreecbd.com\/fr\/boutique\/pack-huile-de-cbd-et-baume\" \/>\n<meta property=\"og:locale\" content=\"fr_FR\" \/>\n<meta property=\"og:type\" content=\"article\" \/>\n<meta property=\"og:title\" content=\"Pack Huile CBD et baume Sport Balm | The Tree CBD\" \/>\n<meta property=\"og:description\" content=\"Pack CBD avec huile et baume Sport Balm: Nos produits phares pour la relaxation. Id\u00e9al apr\u00e8s le sport ou une longue journ\u00e9e de travail\" \/>\n<meta property=\"og:url\" content=\"https:\/\/thetreecbd.com\/fr\/boutique\/pack-huile-de-cbd-et-baume\/\" \/>\n<meta property=\"og:site_name\" content=\"The Tree CBD\" \/>\n<meta property=\"article:publisher\" content=\"https:\/\/www.facebook.com\/thetreeCBD\/\" \/>\n<meta property=\"article:modified_time\" content=\"2025-11-13T10:22:16+00:00\" \/>\n<meta property=\"og:image\" content=\"https:\/\/thetreecbd.com\/wp-content\/uploads\/2018\/12\/pack-aceite-balsamo-min.jpg\" \/>\n\t<meta property=\"og:image:width\" content=\"600\" \/>\n\t<meta property=\"og:image:height\" content=\"720\" \/>\n\t<meta property=\"og:image:type\" content=\"image\/jpeg\" \/>\n<meta name=\"twitter:card\" content=\"summary_large_image\" \/>\n<meta name=\"twitter:site\" content=\"@TheTreeCBD_EU\" \/>\n<meta name=\"twitter:label1\" content=\"Dur\u00e9e de lecture estim\u00e9e\" \/>\n\t<meta name=\"twitter:data1\" content=\"3 minutes\" \/>\n<script type=\"application\/ld+json\" class=\"yoast-schema-graph\">{\"@context\":\"https:\/\/schema.org\",\"@graph\":[{\"@type\":[\"WebPage\",\"ItemPage\"],\"@id\":\"https:\/\/thetreecbd.com\/fr\/cbd\/packs-cbd-huile-balm\",\"url\":\"https:\/\/thetreecbd.com\/fr\/boutique\/pack-huile-de-cbd-et-baume\/\",\"name\":\"Pack Huile CBD et baume Sport Balm | The Tree CBD\",\"isPartOf\":{\"@id\":\"https:\/\/thetreecbd.com\/fr#website\"},\"primaryImageOfPage\":{\"@id\":\"https:\/\/thetreecbd.com\/fr\/boutique\/pack-huile-de-cbd-et-baume\/#primaryimage\"},\"image\":{\"@id\":\"https:\/\/thetreecbd.com\/fr\/boutique\/pack-huile-de-cbd-et-baume\/#primaryimage\"},\"thumbnailUrl\":\"https:\/\/thetreecbd.com\/wp-content\/uploads\/2018\/12\/pack-aceite-balsamo-min.jpg\",\"datePublished\":\"2018-12-31T09:33:47+00:00\",\"dateModified\":\"2025-11-13T10:22:16+00:00\",\"description\":\"Pack CBD avec huile et baume Sport Balm: Nos produits phares pour la relaxation. Id\u00e9al apr\u00e8s le sport ou une longue journ\u00e9e de travail\",\"breadcrumb\":{\"@id\":\"https:\/\/thetreecbd.com\/fr\/boutique\/pack-huile-de-cbd-et-baume\/#breadcrumb\"},\"inLanguage\":\"fr-FR\",\"potentialAction\":[{\"@type\":\"ReadAction\",\"target\":[\"https:\/\/thetreecbd.com\/fr\/boutique\/pack-huile-de-cbd-et-baume\/\"]}]},{\"@type\":\"ImageObject\",\"inLanguage\":\"fr-FR\",\"@id\":\"https:\/\/thetreecbd.com\/fr\/boutique\/pack-huile-de-cbd-et-baume\/#primaryimage\",\"url\":\"https:\/\/thetreecbd.com\/wp-content\/uploads\/2018\/12\/pack-aceite-balsamo-min.jpg\",\"contentUrl\":\"https:\/\/thetreecbd.com\/wp-content\/uploads\/2018\/12\/pack-aceite-balsamo-min.jpg\",\"width\":600,\"height\":720},{\"@type\":\"BreadcrumbList\",\"@id\":\"https:\/\/thetreecbd.com\/fr\/boutique\/pack-huile-de-cbd-et-baume\/#breadcrumb\",\"itemListElement\":[{\"@type\":\"ListItem\",\"position\":1,\"name\":\"The Tree\",\"item\":\"https:\/\/thetreecbd.com\/fr\"},{\"@type\":\"ListItem\",\"position\":2,\"name\":\"CBD\",\"item\":\"https:\/\/thetreecbd.com\/es\/cbd\"},{\"@type\":\"ListItem\",\"position\":3,\"name\":\"Packs CBD\",\"item\":\"https:\/\/thetreecbd.com\/fr\/packs-cbd\"},{\"@type\":\"ListItem\",\"position\":4,\"name\":\"Pack Huile CBD et baume Sport Balm\"}]},{\"@type\":\"WebSite\",\"@id\":\"https:\/\/thetreecbd.com\/fr#website\",\"url\":\"https:\/\/thetreecbd.com\/fr\",\"name\":\"The Tree CBD\",\"description\":\"Comprar CBD en Espa\u00f1a Online\",\"publisher\":{\"@id\":\"https:\/\/thetreecbd.com\/fr#organization\"},\"potentialAction\":[{\"@type\":\"SearchAction\",\"target\":{\"@type\":\"EntryPoint\",\"urlTemplate\":\"https:\/\/thetreecbd.com\/fr?s={search_term_string}\"},\"query-input\":{\"@type\":\"PropertyValueSpecification\",\"valueRequired\":true,\"valueName\":\"search_term_string\"}}],\"inLanguage\":\"fr-FR\"},{\"@type\":\"Organization\",\"@id\":\"https:\/\/thetreecbd.com\/fr#organization\",\"name\":\"The Tree CBD\",\"url\":\"https:\/\/thetreecbd.com\/fr\",\"logo\":{\"@type\":\"ImageObject\",\"inLanguage\":\"fr-FR\",\"@id\":\"https:\/\/thetreecbd.com\/fr#\/schema\/logo\/image\/\",\"url\":\"https:\/\/thetreecbd.com\/wp-content\/uploads\/2022\/04\/logo-thetree.png\",\"contentUrl\":\"https:\/\/thetreecbd.com\/wp-content\/uploads\/2022\/04\/logo-thetree.png\",\"width\":172,\"height\":55,\"caption\":\"The Tree CBD\"},\"image\":{\"@id\":\"https:\/\/thetreecbd.com\/fr#\/schema\/logo\/image\/\"},\"sameAs\":[\"https:\/\/www.facebook.com\/thetreeCBD\/\",\"https:\/\/x.com\/TheTreeCBD_EU\",\"https:\/\/www.instagram.com\/thetree.cbd\/\",\"https:\/\/es.trustpilot.com\/review\/thetreecbd.com\"]}]}<\/script>\n<!-- \/ Yoast SEO plugin. -->","yoast_head_json":{"title":"Pack Huile CBD et baume Sport Balm | The Tree CBD","description":"Pack CBD avec huile et baume Sport Balm: Nos produits phares pour la relaxation. Id\u00e9al apr\u00e8s le sport ou une longue journ\u00e9e de travail","robots":{"index":"index","follow":"follow","max-snippet":"max-snippet:-1","max-image-preview":"max-image-preview:large","max-video-preview":"max-video-preview:-1"},"canonical":"https:\/\/thetreecbd.com\/fr\/boutique\/pack-huile-de-cbd-et-baume","og_locale":"fr_FR","og_type":"article","og_title":"Pack Huile CBD et baume Sport Balm | The Tree CBD","og_description":"Pack CBD avec huile et baume Sport Balm: Nos produits phares pour la relaxation. Id\u00e9al apr\u00e8s le sport ou une longue journ\u00e9e de travail","og_url":"https:\/\/thetreecbd.com\/fr\/boutique\/pack-huile-de-cbd-et-baume\/","og_site_name":"The Tree CBD","article_publisher":"https:\/\/www.facebook.com\/thetreeCBD\/","article_modified_time":"2025-11-13T10:22:16+00:00","og_image":[{"width":600,"height":720,"url":"https:\/\/thetreecbd.com\/wp-content\/uploads\/2018\/12\/pack-aceite-balsamo-min.jpg","type":"image\/jpeg"}],"twitter_card":"summary_large_image","twitter_site":"@TheTreeCBD_EU","twitter_misc":{"Dur\u00e9e de lecture estim\u00e9e":"3 minutes"},"schema":{"@context":"https:\/\/schema.org","@graph":[{"@type":["WebPage","ItemPage"],"@id":"https:\/\/thetreecbd.com\/fr\/cbd\/packs-cbd-huile-balm","url":"https:\/\/thetreecbd.com\/fr\/boutique\/pack-huile-de-cbd-et-baume\/","name":"Pack Huile CBD et baume Sport Balm | The Tree CBD","isPartOf":{"@id":"https:\/\/thetreecbd.com\/fr#website"},"primaryImageOfPage":{"@id":"https:\/\/thetreecbd.com\/fr\/boutique\/pack-huile-de-cbd-et-baume\/#primaryimage"},"image":{"@id":"https:\/\/thetreecbd.com\/fr\/boutique\/pack-huile-de-cbd-et-baume\/#primaryimage"},"thumbnailUrl":"https:\/\/thetreecbd.com\/wp-content\/uploads\/2018\/12\/pack-aceite-balsamo-min.jpg","datePublished":"2018-12-31T09:33:47+00:00","dateModified":"2025-11-13T10:22:16+00:00","description":"Pack CBD avec huile et baume Sport Balm: Nos produits phares pour la relaxation. Id\u00e9al apr\u00e8s le sport ou une longue journ\u00e9e de travail","breadcrumb":{"@id":"https:\/\/thetreecbd.com\/fr\/boutique\/pack-huile-de-cbd-et-baume\/#breadcrumb"},"inLanguage":"fr-FR","potentialAction":[{"@type":"ReadAction","target":["https:\/\/thetreecbd.com\/fr\/boutique\/pack-huile-de-cbd-et-baume\/"]}]},{"@type":"ImageObject","inLanguage":"fr-FR","@id":"https:\/\/thetreecbd.com\/fr\/boutique\/pack-huile-de-cbd-et-baume\/#primaryimage","url":"https:\/\/thetreecbd.com\/wp-content\/uploads\/2018\/12\/pack-aceite-balsamo-min.jpg","contentUrl":"https:\/\/thetreecbd.com\/wp-content\/uploads\/2018\/12\/pack-aceite-balsamo-min.jpg","width":600,"height":720},{"@type":"BreadcrumbList","@id":"https:\/\/thetreecbd.com\/fr\/boutique\/pack-huile-de-cbd-et-baume\/#breadcrumb","itemListElement":[{"@type":"ListItem","position":1,"name":"The Tree","item":"https:\/\/thetreecbd.com\/fr"},{"@type":"ListItem","position":2,"name":"CBD","item":"https:\/\/thetreecbd.com\/es\/cbd"},{"@type":"ListItem","position":3,"name":"Packs CBD","item":"https:\/\/thetreecbd.com\/fr\/packs-cbd"},{"@type":"ListItem","position":4,"name":"Pack Huile CBD et baume Sport Balm"}]},{"@type":"WebSite","@id":"https:\/\/thetreecbd.com\/fr#website","url":"https:\/\/thetreecbd.com\/fr","name":"The Tree CBD","description":"Comprar CBD en Espa\u00f1a Online","publisher":{"@id":"https:\/\/thetreecbd.com\/fr#organization"},"potentialAction":[{"@type":"SearchAction","target":{"@type":"EntryPoint","urlTemplate":"https:\/\/thetreecbd.com\/fr?s={search_term_string}"},"query-input":{"@type":"PropertyValueSpecification","valueRequired":true,"valueName":"search_term_string"}}],"inLanguage":"fr-FR"},{"@type":"Organization","@id":"https:\/\/thetreecbd.com\/fr#organization","name":"The Tree CBD","url":"https:\/\/thetreecbd.com\/fr","logo":{"@type":"ImageObject","inLanguage":"fr-FR","@id":"https:\/\/thetreecbd.com\/fr#\/schema\/logo\/image\/","url":"https:\/\/thetreecbd.com\/wp-content\/uploads\/2022\/04\/logo-thetree.png","contentUrl":"https:\/\/thetreecbd.com\/wp-content\/uploads\/2022\/04\/logo-thetree.png","width":172,"height":55,"caption":"The Tree CBD"},"image":{"@id":"https:\/\/thetreecbd.com\/fr#\/schema\/logo\/image\/"},"sameAs":["https:\/\/www.facebook.com\/thetreeCBD\/","https:\/\/x.com\/TheTreeCBD_EU","https:\/\/www.instagram.com\/thetree.cbd\/","https:\/\/es.trustpilot.com\/review\/thetreecbd.com"]}]}},"_links":{"self":[{"href":"https:\/\/thetreecbd.com\/fr\/wp-json\/wp\/v2\/product\/3379","targetHints":{"allow":["GET"]}}],"collection":[{"href":"https:\/\/thetreecbd.com\/fr\/wp-json\/wp\/v2\/product"}],"about":[{"href":"https:\/\/thetreecbd.com\/fr\/wp-json\/wp\/v2\/types\/product"}],"version-history":[{"count":0,"href":"https:\/\/thetreecbd.com\/fr\/wp-json\/wp\/v2\/product\/3379\/revisions"}],"wp:featuredmedia":[{"embeddable":true,"href":"https:\/\/thetreecbd.com\/fr\/wp-json\/wp\/v2\/media\/80375"}],"wp:attachment":[{"href":"https:\/\/thetreecbd.com\/fr\/wp-json\/wp\/v2\/media?parent=3379"}],"wp:term":[{"taxonomy":"product_brand","embeddable":true,"href":"https:\/\/thetreecbd.com\/fr\/wp-json\/wp\/v2\/product_brand?post=3379"}],"curies":[{"name":"wp","href":"https:\/\/api.w.org\/{rel}","templated":true}]}}