{"id":3385,"date":"2018-12-15T17:08:24","date_gmt":"2018-12-15T16:08:24","guid":{"rendered":"http:\/\/thetreecbd.com\/?post_type=product&#038;p=3385"},"modified":"2026-04-01T10:11:45","modified_gmt":"2026-04-01T08:11:45","slug":"packs-cbd-pack-3-saveurs","status":"publish","type":"product","link":"https:\/\/thetreecbd.com\/fr\/cbd\/packs-cbd-pack-3-saveurs","title":{"rendered":"Pack de CBD 3 saveurs: Zkittlez, Amnesia, Cali Orange"},"content":{"rendered":"<p><span style=\"font-weight: 400;\">Le pack<\/span><b> CBD 3 d\u00e9lices<\/b><span style=\"font-weight: 400;\"> sont trois de nos meilleures vari\u00e9t\u00e9s, <\/span><b>Amnesia, Zkittlez et Cali Orange<\/b><span style=\"font-weight: 400;\">, qui vous permettront d\u2019essayer ces trois vari\u00e9t\u00e9s \u00e0 un prix tr\u00e8s abordable.<\/span><\/p>\n<p><span style=\"font-weight: 400;\">D&#8217;un c\u00f4t\u00e9, nos bourgeons <\/span><a href=\"https:\/\/thetreecbd.com\/fr\/cbd\/fleurs-cbd-indoor-cali-orange\"><span style=\"font-weight: 400;\">Cali Orange CBD <\/span><\/a><span style=\"font-weight: 400;\">CBD nous offrent de forts <\/span><b>terp\u00e8nes fruit\u00e9s, agrumes et acides<\/b><span style=\"font-weight: 400;\">, qui caract\u00e9risent le plus cette vari\u00e9t\u00e9, ce qui en fait l&#8217;une des plus recherch\u00e9es, en raison de son ar\u00f4me tr\u00e8s diff\u00e9rent et de sa saveur intense aux nuances sucr\u00e9es. et des notes \u00e9pic\u00e9es et fortes similaires \u00e0 celles des agrumes qui lui donnent du corps et de l&#8217;intensit\u00e9.<\/span><\/p>\n<p><span style=\"font-weight: 400;\">De l\u2019autre c\u00f4t\u00e9, vous trouverez la vari\u00e9t\u00e9 <\/span><a href=\"https:\/\/thetreecbd.com\/fr\/cbd\/fleurs-cbd-indoor-amnesia\"><span style=\"font-weight: 400;\">Amnesia CBD<\/span><\/a><span style=\"font-weight: 400;\"> pour les amateurs de trichomes. La plante qui, pendant les derniers jours de floraison, est presque impossible \u00e0 toucher sans se salir les mains. Il apporte \u00e9galement des <\/span><b>ar\u00f4mes d&#8217;agrumes, fruit\u00e9es et aromatiques.<\/b><span style=\"font-weight: 400;\"> Sa sensation de d\u00e9tente est une cons\u00e9quence de ses niveaux \u00e9lev\u00e9s de CBD<\/span><b>, entre 21% et 23%<\/b><span style=\"font-weight: 400;\">.<\/span><\/p>\n<p><span style=\"font-weight: 400;\">Enfin, notre <\/span><a href=\"https:\/\/thetreecbd.com\/fr\/cbd\/fleurs-cbd-cali-zkittlez\"><span style=\"font-weight: 400;\">Zkittlez<\/span><\/a><span style=\"font-weight: 400;\"> CBD<\/span><span style=\"font-weight: 400;\"> avec des bourgeons denses, ronds et coniques, des <\/span><b>bourgeons vert vif avec des poils orange br\u00fbl\u00e9<\/b><span style=\"font-weight: 400;\"> incrust\u00e9s dans une \u00e9paisse couche de trichomes, avec des <\/span><b>fleurs<\/b><span style=\"font-weight: 400;\"> qui ont tendance \u00e0 \u00eatre plus<\/span><b> collantes et tr\u00e8s aromatiques.<\/b><\/p>\n<p><span style=\"font-weight: 400;\">Tous nos produits sont <\/span><b>cultiv\u00e9s en int\u00e9rieur de mani\u00e8re 100% naturelle,<\/b><span style=\"font-weight: 400;\"> sans utiliser d&#8217;additifs ni de pesticides d&#8217;aucune sorte.<\/span><\/p>\n<p><span style=\"font-weight: 400;\">De plus, comme ils contiennent <\/span><b>moins de 0,20 % de THC,<\/b><span style=\"font-weight: 400;\"> ils sont totalement <\/span><b>l\u00e9gaux dans toute l&#8217;Europe <\/b><span style=\"font-weight: 400;\">et n&#8217;ont aucun effet psychoactif d&#8217;aucune sorte.<\/span><\/p>\n<p><span style=\"font-weight: 400;\">\u00a0<\/span><\/p>\n<h2><b>Caract\u00e9ristiques du Pack CBD 3 D\u00e9lices<\/b><\/h2>\n<ul>\n<li style=\"font-weight: 400;\" aria-level=\"1\"><span style=\"font-weight: 400;\">1 Cali Orange (2gr \/ 5gr)<\/span><\/li>\n<li style=\"font-weight: 400;\" aria-level=\"1\"><span style=\"font-weight: 400;\">1 Amnesia (2gr \/ 5gr)<\/span><\/li>\n<li style=\"font-weight: 400;\" aria-level=\"1\"><span style=\"font-weight: 400;\">1 Zkittlez (2gr \/ 5gr)<\/span><\/li>\n<li style=\"font-weight: 400;\" aria-level=\"1\"><span style=\"font-weight: 400;\">Bourgeons de chanvre<\/span><\/li>\n<li style=\"font-weight: 400;\" aria-level=\"1\"><span style=\"font-weight: 400;\">Moins de 0,20% de THC<\/span><\/li>\n<li style=\"font-weight: 400;\" aria-level=\"1\"><span style=\"font-weight: 400;\">Aucun effet psychoactif<\/span><\/li>\n<li style=\"font-weight: 400;\" aria-level=\"1\"><span style=\"font-weight: 400;\">Cultiv\u00e9 biologiquement<\/span><\/li>\n<li style=\"font-weight: 400;\" aria-level=\"1\"><span style=\"font-weight: 400;\">Sans OGM<\/span><\/li>\n<li style=\"font-weight: 400;\" aria-level=\"1\"><span style=\"font-weight: 400;\">Sans pesticides<\/span><\/li>\n<\/ul>\n<p>&nbsp;<\/p>\n<h2><b>Composants<\/b><\/h2>\n<p><span style=\"font-weight: 400;\">Ce pack est compos\u00e9 de 3 \u00e9l\u00e9ments diff\u00e9rents : un sachet de Cali Orange CBD, un de Zkittlez CBD et un autre d&#8217;Amnesia CBD.<\/span><\/p>\n<p><span style=\"font-weight: 400;\">Vous pouvez le choisir dans un petit format avec des sachets de fleurs de 2 grammes, ou dans un format plus grand avec des sachets de 5 grammes de chacun des composants qui entrent dans le pack.<\/span><\/p>\n<p>&nbsp;<\/p>\n<h2><b>Utilisateur auquel il est destin\u00e9<\/b><\/h2>\n<p><span style=\"font-weight: 400;\">Le Pack 3 d\u00e9lices CBD est id\u00e9al pour les utilisateurs qui veulent et aiment la qualit\u00e9, car il est livr\u00e9 avec 3 vari\u00e9t\u00e9s parmi les plus recherch\u00e9es et les plus recherch\u00e9es sur le march\u00e9.<\/span><\/p>\n<p><span style=\"font-weight: 400;\">De plus, ce pack offre la possibilit\u00e9 d&#8217;obtenir cette vari\u00e9t\u00e9 \u00e0 un prix inf\u00e9rieur, puisqu&#8217;il repr\u00e9sente une remise de 10% par rapport \u00e0 l&#8217;achat des produits s\u00e9par\u00e9ment.<\/span><\/p>\n<p>&nbsp;<\/p>\n<h2><b>Information sur la s\u00e9curit\u00e9<\/b><\/h2>\n<p><span style=\"font-weight: 400;\">Gardez \u00e0 l&#8217;esprit que les t\u00eates et les r\u00e9sines CBD de The Tree sont un produit d\u00e9coratif, de collection et aromatique. Ils ne doivent pas \u00eatre utilis\u00e9s pendant la grossesse ou l&#8217;allaitement. Garder hors de la port\u00e9e des enfants.<\/span><\/p>\n<p><span style=\"font-weight: 400;\">Nos bourgeons CBD peuvent contenir une certaine quantit\u00e9 de THC. Bien s\u00fbr, cela est inf\u00e9rieur \u00e0 la limite europ\u00e9enne de 0,2 % de THC.<\/span><\/p>\n<p><span style=\"font-weight: 400;\">Le contenu fourni est uniquement \u00e0 des fins d&#8217;information et de formation et ne se substitue en aucun cas \u00e0 l&#8217;avis m\u00e9dical d&#8217;un m\u00e9decin ou d&#8217;un pharmacien. Nos textes ne sont pas destin\u00e9s au diagnostic et au traitement ind\u00e9pendants des maladies.<\/span><\/p>\n<p><span style=\"font-weight: 400;\">N&#8217;h\u00e9sitez pas \u00e0 nous contacter si vous avez d&#8217;autres questions.<\/span><\/p>\n<p><span style=\"font-weight: 400;\">\u00a0<\/span><\/p>\n<h2><b>Stockage<\/b><\/h2>\n<p><span style=\"font-weight: 400;\">Id\u00e9alement, les bourgeons et les r\u00e9sines CBD de The Tree doivent \u00eatre stock\u00e9s dans un endroit frais et sec, \u00e0 l&#8217;abri des odeurs l\u00e9g\u00e8res et fortes pour \u00e9viter tout type de contamination et\/ou de d\u00e9gradation. \u00c9vitez la lumi\u00e8re directe du soleil et la chaleur.<\/span><\/p>\n<p><span style=\"font-weight: 400;\">Attention : La dur\u00e9e de conservation indiqu\u00e9e est d&#8217;un mois si stock\u00e9e correctement.<\/span><\/p>\n","protected":false},"excerpt":{"rendered":"<ul>\n<li><span style=\"font-weight: 400;\">1 Cali Orange (2gr \/ 5gr)<\/span><\/li>\n<li><span style=\"font-weight: 400;\">1 Amn\u00e9sia (2gr \/ 5gr)<\/span><\/li>\n<li><span style=\"font-weight: 400;\">1 Zkittlez (2gr \/ 5gr)<\/span><\/li>\n<li><span style=\"font-weight: 400;\">Bourgeons de chanvre<\/span><\/li>\n<li><span style=\"font-weight: 400;\">Moins de 0,20 % de THC<\/span><\/li>\n<li><span style=\"font-weight: 400;\">Aucun effet psychoactif<\/span><\/li>\n<li><span style=\"font-weight: 400;\">de culture biologique<\/span><\/li>\n<li><span style=\"font-weight: 400;\">Sans OGM<\/span><\/li>\n<li><span style=\"font-weight: 400;\">Sans pesticides<\/span><\/li>\n<\/ul>\n","protected":false},"featured_media":186132,"template":"","meta":{"_acf_changed":false},"product_brand":[],"class_list":{"0":"post-3385","1":"product","2":"type-product","3":"status-publish","4":"has-post-thumbnail","6":"product_cat-fleurs-cbd","7":"product_cat-packs-cbd","9":"first","10":"outofstock","11":"sale","12":"taxable","13":"shipping-taxable","14":"purchasable","15":"product-type-variable","16":"has-default-attributes"},"acf":[],"yoast_head":"<!-- This site is optimized with the Yoast SEO plugin v26.3 - https:\/\/yoast.com\/wordpress\/plugins\/seo\/ -->\n<title>Pack de CBD 3 saveurs: Zkittlez, Amnesia, Cali Orange | The Tree CBD.<\/title>\n<meta name=\"description\" content=\"Le pack de CBD 3 saveurs est compos\u00e9 de nos meilleures vari\u00e9t\u00e9s, Amnesia, Gelato et Lemon Tree, pour vous permettre de les gouter \u00e0 un prix plus abordable\" \/>\n<meta name=\"robots\" content=\"index, follow, max-snippet:-1, max-image-preview:large, max-video-preview:-1\" \/>\n<link rel=\"canonical\" href=\"https:\/\/thetreecbd.com\/fr\/boutique\/pack-cbd-3-delices\" \/>\n<meta property=\"og:locale\" content=\"fr_FR\" \/>\n<meta property=\"og:type\" content=\"article\" \/>\n<meta property=\"og:title\" content=\"Pack de CBD 3 saveurs: Zkittlez, Amnesia, Cali Orange | The Tree CBD.\" \/>\n<meta property=\"og:description\" content=\"Le pack de CBD 3 saveurs est compos\u00e9 de nos meilleures vari\u00e9t\u00e9s, Amnesia, Gelato et Lemon Tree, pour vous permettre de les gouter \u00e0 un prix plus abordable\" \/>\n<meta property=\"og:url\" content=\"https:\/\/thetreecbd.com\/fr\/boutique\/pack-cbd-3-delices\/\" \/>\n<meta property=\"og:site_name\" content=\"The Tree CBD\" \/>\n<meta property=\"article:publisher\" content=\"https:\/\/www.facebook.com\/thetreeCBD\/\" \/>\n<meta property=\"article:modified_time\" content=\"2026-04-01T08:11:45+00:00\" \/>\n<meta property=\"og:image\" content=\"https:\/\/thetreecbd.com\/wp-content\/uploads\/2023\/06\/pack-3-delicias-cbd.png\" \/>\n\t<meta property=\"og:image:width\" content=\"600\" \/>\n\t<meta property=\"og:image:height\" content=\"720\" \/>\n\t<meta property=\"og:image:type\" content=\"image\/png\" \/>\n<meta name=\"twitter:card\" content=\"summary_large_image\" \/>\n<meta name=\"twitter:site\" content=\"@TheTreeCBD_EU\" \/>\n<meta name=\"twitter:label1\" content=\"Dur\u00e9e de lecture estim\u00e9e\" \/>\n\t<meta name=\"twitter:data1\" content=\"3 minutes\" \/>\n<script type=\"application\/ld+json\" class=\"yoast-schema-graph\">{\"@context\":\"https:\/\/schema.org\",\"@graph\":[{\"@type\":[\"WebPage\",\"ItemPage\"],\"@id\":\"https:\/\/thetreecbd.com\/fr\/cbd\/packs-cbd-pack-3-saveurs\",\"url\":\"https:\/\/thetreecbd.com\/fr\/boutique\/pack-cbd-3-delices\/\",\"name\":\"Pack de CBD 3 saveurs: Zkittlez, Amnesia, Cali Orange | The Tree CBD.\",\"isPartOf\":{\"@id\":\"https:\/\/thetreecbd.com\/fr#website\"},\"primaryImageOfPage\":{\"@id\":\"https:\/\/thetreecbd.com\/fr\/boutique\/pack-cbd-3-delices\/#primaryimage\"},\"image\":{\"@id\":\"https:\/\/thetreecbd.com\/fr\/boutique\/pack-cbd-3-delices\/#primaryimage\"},\"thumbnailUrl\":\"https:\/\/thetreecbd.com\/wp-content\/uploads\/2018\/12\/3delicias-pack-thetree-web.jpg\",\"datePublished\":\"2018-12-15T16:08:24+00:00\",\"dateModified\":\"2026-04-01T08:11:45+00:00\",\"description\":\"Le pack de CBD 3 saveurs est compos\u00e9 de nos meilleures vari\u00e9t\u00e9s, Amnesia, Gelato et Lemon Tree, pour vous permettre de les gouter \u00e0 un prix plus abordable\",\"breadcrumb\":{\"@id\":\"https:\/\/thetreecbd.com\/fr\/boutique\/pack-cbd-3-delices\/#breadcrumb\"},\"inLanguage\":\"fr-FR\",\"potentialAction\":[{\"@type\":\"ReadAction\",\"target\":[\"https:\/\/thetreecbd.com\/fr\/boutique\/pack-cbd-3-delices\/\"]}]},{\"@type\":\"ImageObject\",\"inLanguage\":\"fr-FR\",\"@id\":\"https:\/\/thetreecbd.com\/fr\/boutique\/pack-cbd-3-delices\/#primaryimage\",\"url\":\"https:\/\/thetreecbd.com\/wp-content\/uploads\/2018\/12\/3delicias-pack-thetree-web.jpg\",\"contentUrl\":\"https:\/\/thetreecbd.com\/wp-content\/uploads\/2018\/12\/3delicias-pack-thetree-web.jpg\",\"width\":1080,\"height\":1350},{\"@type\":\"BreadcrumbList\",\"@id\":\"https:\/\/thetreecbd.com\/fr\/boutique\/pack-cbd-3-delices\/#breadcrumb\",\"itemListElement\":[{\"@type\":\"ListItem\",\"position\":1,\"name\":\"The Tree\",\"item\":\"https:\/\/thetreecbd.com\/fr\"},{\"@type\":\"ListItem\",\"position\":2,\"name\":\"CBD\",\"item\":\"https:\/\/thetreecbd.com\/es\/cbd\"},{\"@type\":\"ListItem\",\"position\":3,\"name\":\"Fleurs de chanvre. Fleurs de CBD\",\"item\":\"https:\/\/thetreecbd.com\/fr\/fleurs-cbd\"},{\"@type\":\"ListItem\",\"position\":4,\"name\":\"Pack de CBD 3 saveurs: Zkittlez, Amnesia, Cali Orange\"}]},{\"@type\":\"WebSite\",\"@id\":\"https:\/\/thetreecbd.com\/fr#website\",\"url\":\"https:\/\/thetreecbd.com\/fr\",\"name\":\"The Tree CBD\",\"description\":\"Comprar CBD en Espa\u00f1a Online\",\"publisher\":{\"@id\":\"https:\/\/thetreecbd.com\/fr#organization\"},\"potentialAction\":[{\"@type\":\"SearchAction\",\"target\":{\"@type\":\"EntryPoint\",\"urlTemplate\":\"https:\/\/thetreecbd.com\/fr?s={search_term_string}\"},\"query-input\":{\"@type\":\"PropertyValueSpecification\",\"valueRequired\":true,\"valueName\":\"search_term_string\"}}],\"inLanguage\":\"fr-FR\"},{\"@type\":\"Organization\",\"@id\":\"https:\/\/thetreecbd.com\/fr#organization\",\"name\":\"The Tree CBD\",\"url\":\"https:\/\/thetreecbd.com\/fr\",\"logo\":{\"@type\":\"ImageObject\",\"inLanguage\":\"fr-FR\",\"@id\":\"https:\/\/thetreecbd.com\/fr#\/schema\/logo\/image\/\",\"url\":\"https:\/\/thetreecbd.com\/wp-content\/uploads\/2022\/04\/logo-thetree.png\",\"contentUrl\":\"https:\/\/thetreecbd.com\/wp-content\/uploads\/2022\/04\/logo-thetree.png\",\"width\":172,\"height\":55,\"caption\":\"The Tree CBD\"},\"image\":{\"@id\":\"https:\/\/thetreecbd.com\/fr#\/schema\/logo\/image\/\"},\"sameAs\":[\"https:\/\/www.facebook.com\/thetreeCBD\/\",\"https:\/\/x.com\/TheTreeCBD_EU\",\"https:\/\/www.instagram.com\/thetree.cbd\/\",\"https:\/\/es.trustpilot.com\/review\/thetreecbd.com\"]}]}<\/script>\n<!-- \/ Yoast SEO plugin. -->","yoast_head_json":{"title":"Pack de CBD 3 saveurs: Zkittlez, Amnesia, Cali Orange | The Tree CBD.","description":"Le pack de CBD 3 saveurs est compos\u00e9 de nos meilleures vari\u00e9t\u00e9s, Amnesia, Gelato et Lemon Tree, pour vous permettre de les gouter \u00e0 un prix plus abordable","robots":{"index":"index","follow":"follow","max-snippet":"max-snippet:-1","max-image-preview":"max-image-preview:large","max-video-preview":"max-video-preview:-1"},"canonical":"https:\/\/thetreecbd.com\/fr\/boutique\/pack-cbd-3-delices","og_locale":"fr_FR","og_type":"article","og_title":"Pack de CBD 3 saveurs: Zkittlez, Amnesia, Cali Orange | The Tree CBD.","og_description":"Le pack de CBD 3 saveurs est compos\u00e9 de nos meilleures vari\u00e9t\u00e9s, Amnesia, Gelato et Lemon Tree, pour vous permettre de les gouter \u00e0 un prix plus abordable","og_url":"https:\/\/thetreecbd.com\/fr\/boutique\/pack-cbd-3-delices\/","og_site_name":"The Tree CBD","article_publisher":"https:\/\/www.facebook.com\/thetreeCBD\/","article_modified_time":"2026-04-01T08:11:45+00:00","og_image":[{"width":600,"height":720,"url":"https:\/\/thetreecbd.com\/wp-content\/uploads\/2023\/06\/pack-3-delicias-cbd.png","type":"image\/png"}],"twitter_card":"summary_large_image","twitter_site":"@TheTreeCBD_EU","twitter_misc":{"Dur\u00e9e de lecture estim\u00e9e":"3 minutes"},"schema":{"@context":"https:\/\/schema.org","@graph":[{"@type":["WebPage","ItemPage"],"@id":"https:\/\/thetreecbd.com\/fr\/cbd\/packs-cbd-pack-3-saveurs","url":"https:\/\/thetreecbd.com\/fr\/boutique\/pack-cbd-3-delices\/","name":"Pack de CBD 3 saveurs: Zkittlez, Amnesia, Cali Orange | The Tree CBD.","isPartOf":{"@id":"https:\/\/thetreecbd.com\/fr#website"},"primaryImageOfPage":{"@id":"https:\/\/thetreecbd.com\/fr\/boutique\/pack-cbd-3-delices\/#primaryimage"},"image":{"@id":"https:\/\/thetreecbd.com\/fr\/boutique\/pack-cbd-3-delices\/#primaryimage"},"thumbnailUrl":"https:\/\/thetreecbd.com\/wp-content\/uploads\/2018\/12\/3delicias-pack-thetree-web.jpg","datePublished":"2018-12-15T16:08:24+00:00","dateModified":"2026-04-01T08:11:45+00:00","description":"Le pack de CBD 3 saveurs est compos\u00e9 de nos meilleures vari\u00e9t\u00e9s, Amnesia, Gelato et Lemon Tree, pour vous permettre de les gouter \u00e0 un prix plus abordable","breadcrumb":{"@id":"https:\/\/thetreecbd.com\/fr\/boutique\/pack-cbd-3-delices\/#breadcrumb"},"inLanguage":"fr-FR","potentialAction":[{"@type":"ReadAction","target":["https:\/\/thetreecbd.com\/fr\/boutique\/pack-cbd-3-delices\/"]}]},{"@type":"ImageObject","inLanguage":"fr-FR","@id":"https:\/\/thetreecbd.com\/fr\/boutique\/pack-cbd-3-delices\/#primaryimage","url":"https:\/\/thetreecbd.com\/wp-content\/uploads\/2018\/12\/3delicias-pack-thetree-web.jpg","contentUrl":"https:\/\/thetreecbd.com\/wp-content\/uploads\/2018\/12\/3delicias-pack-thetree-web.jpg","width":1080,"height":1350},{"@type":"BreadcrumbList","@id":"https:\/\/thetreecbd.com\/fr\/boutique\/pack-cbd-3-delices\/#breadcrumb","itemListElement":[{"@type":"ListItem","position":1,"name":"The Tree","item":"https:\/\/thetreecbd.com\/fr"},{"@type":"ListItem","position":2,"name":"CBD","item":"https:\/\/thetreecbd.com\/es\/cbd"},{"@type":"ListItem","position":3,"name":"Fleurs de chanvre. Fleurs de CBD","item":"https:\/\/thetreecbd.com\/fr\/fleurs-cbd"},{"@type":"ListItem","position":4,"name":"Pack de CBD 3 saveurs: Zkittlez, Amnesia, Cali Orange"}]},{"@type":"WebSite","@id":"https:\/\/thetreecbd.com\/fr#website","url":"https:\/\/thetreecbd.com\/fr","name":"The Tree CBD","description":"Comprar CBD en Espa\u00f1a Online","publisher":{"@id":"https:\/\/thetreecbd.com\/fr#organization"},"potentialAction":[{"@type":"SearchAction","target":{"@type":"EntryPoint","urlTemplate":"https:\/\/thetreecbd.com\/fr?s={search_term_string}"},"query-input":{"@type":"PropertyValueSpecification","valueRequired":true,"valueName":"search_term_string"}}],"inLanguage":"fr-FR"},{"@type":"Organization","@id":"https:\/\/thetreecbd.com\/fr#organization","name":"The Tree CBD","url":"https:\/\/thetreecbd.com\/fr","logo":{"@type":"ImageObject","inLanguage":"fr-FR","@id":"https:\/\/thetreecbd.com\/fr#\/schema\/logo\/image\/","url":"https:\/\/thetreecbd.com\/wp-content\/uploads\/2022\/04\/logo-thetree.png","contentUrl":"https:\/\/thetreecbd.com\/wp-content\/uploads\/2022\/04\/logo-thetree.png","width":172,"height":55,"caption":"The Tree CBD"},"image":{"@id":"https:\/\/thetreecbd.com\/fr#\/schema\/logo\/image\/"},"sameAs":["https:\/\/www.facebook.com\/thetreeCBD\/","https:\/\/x.com\/TheTreeCBD_EU","https:\/\/www.instagram.com\/thetree.cbd\/","https:\/\/es.trustpilot.com\/review\/thetreecbd.com"]}]}},"_links":{"self":[{"href":"https:\/\/thetreecbd.com\/fr\/wp-json\/wp\/v2\/product\/3385","targetHints":{"allow":["GET"]}}],"collection":[{"href":"https:\/\/thetreecbd.com\/fr\/wp-json\/wp\/v2\/product"}],"about":[{"href":"https:\/\/thetreecbd.com\/fr\/wp-json\/wp\/v2\/types\/product"}],"version-history":[{"count":0,"href":"https:\/\/thetreecbd.com\/fr\/wp-json\/wp\/v2\/product\/3385\/revisions"}],"wp:featuredmedia":[{"embeddable":true,"href":"https:\/\/thetreecbd.com\/fr\/wp-json\/wp\/v2\/media\/186132"}],"wp:attachment":[{"href":"https:\/\/thetreecbd.com\/fr\/wp-json\/wp\/v2\/media?parent=3385"}],"wp:term":[{"taxonomy":"product_brand","embeddable":true,"href":"https:\/\/thetreecbd.com\/fr\/wp-json\/wp\/v2\/product_brand?post=3385"}],"curies":[{"name":"wp","href":"https:\/\/api.w.org\/{rel}","templated":true}]}}